{"id":5523,"date":"2022-01-27T13:18:27","date_gmt":"2022-01-27T13:18:27","guid":{"rendered":"https:\/\/www.capgemini.com\/?page_id=646651"},"modified":"2026-01-06T09:11:45","modified_gmt":"2026-01-06T08:11:45","slug":"productos-inteligentes-e-ingenieria-de-sistemas-para-tecnologia-medica","status":"publish","type":"page","link":"https:\/\/www.capgemini.com\/es-es\/soluciones\/productos-inteligentes-e-ingenieria-de-sistemas-para-tecnologia-medica\/","title":{"rendered":"Productos inteligentes e ingenier\u00eda de sistemas para tecnolog\u00eda m\u00e9dica"},"content":{"rendered":"\n<header class=\"wp-block-cg-blocks-hero-reusable is-style-blue-line header heroReusable  \"><div class=\"header-bgs\"><picture><source srcset=\"https:\/\/www.capgemini.com\/wp-content\/uploads\/2022\/04\/Capgemini_Intelligent-Customer_Intelligent-customer-operations_Intelligent-Customer-Ops-for-Healthcare-Life-Sciences-and-Med-Tech.jpg?w=2880&amp;quality=70 1x, https:\/\/www.capgemini.com\/wp-content\/uploads\/2022\/04\/Capgemini_Intelligent-Customer_Intelligent-customer-operations_Intelligent-Customer-Ops-for-Healthcare-Life-Sciences-and-Med-Tech.jpg?w=2880&amp;quality=70 2x\" media=\"(min-width: 1500px)\"\/><source srcset=\"https:\/\/www.capgemini.com\/wp-content\/uploads\/2022\/04\/Capgemini_Intelligent-Customer_Intelligent-customer-operations_Intelligent-Customer-Ops-for-Healthcare-Life-Sciences-and-Med-Tech.jpg?w=1440&amp;quality=70 1x, https:\/\/www.capgemini.com\/wp-content\/uploads\/2022\/04\/Capgemini_Intelligent-Customer_Intelligent-customer-operations_Intelligent-Customer-Ops-for-Healthcare-Life-Sciences-and-Med-Tech.jpg?w=2880&amp;quality=70 2x\" media=\"(min-width: 992px)\"\/><source srcset=\"https:\/\/www.capgemini.com\/wp-content\/uploads\/2022\/04\/Capgemini_Intelligent-Customer_Intelligent-customer-operations_Intelligent-Customer-Ops-for-Healthcare-Life-Sciences-and-Med-Tech.jpg?w=1024&amp;quality=70 1x, https:\/\/www.capgemini.com\/wp-content\/uploads\/2022\/04\/Capgemini_Intelligent-Customer_Intelligent-customer-operations_Intelligent-Customer-Ops-for-Healthcare-Life-Sciences-and-Med-Tech.jpg?w=1024&amp;quality=70 2x\" media=\"(min-width: 768px)\"\/><source srcset=\"https:\/\/www.capgemini.com\/wp-content\/uploads\/2022\/04\/Capgemini_Intelligent-Customer_Intelligent-customer-operations_Intelligent-Customer-Ops-for-Healthcare-Life-Sciences-and-Med-Tech.jpg?w=768&amp;quality=70 1x, https:\/\/www.capgemini.com\/wp-content\/uploads\/2022\/04\/Capgemini_Intelligent-Customer_Intelligent-customer-operations_Intelligent-Customer-Ops-for-Healthcare-Life-Sciences-and-Med-Tech.jpg?w=768&amp;quality=70 2x\" media=\"(min-width: 0)\"\/><img decoding=\"async\" src=\"https:\/\/www.capgemini.com\/wp-content\/uploads\/2022\/04\/Capgemini_Intelligent-Customer_Intelligent-customer-operations_Intelligent-Customer-Ops-for-Healthcare-Life-Sciences-and-Med-Tech.jpg\" class=\"header-img header-img-d\" alt=\"\" style=\"object-fit:cover;object-position:53% 21%\" loading=\"eager\"\/><\/picture><\/div><div class=\"heroPictureCardHeaderShape\"><\/div><div class=\"container\"><div class=\"row\"><div class=\"col-md-12\"><div class=\"box\"><div class=\"boxTagWrapper\"><div class=\"tagInfo\"><div><span class=\"box-tag\">Solucion<\/span><\/div><\/div><\/div><div class=\"box-title\"><h1 data-maxlength=\"34\">Productos inteligentes e ingenier\u00eda de sistemas para tecnolog\u00eda m\u00e9dica<\/h1><\/div><div class=\"inner-row-insight download-btn\"><\/div><\/div><\/div><\/div><\/div><\/header>\n\n\n\n<section class=\"wp-block-cg-blocks-intro-para undefined section section--intro\"><div class=\"intro-para\"><div class=\"container\"><div class=\"row\"><div class=\"col-12 col-md-1\"><nav class=\"article-social\"><ul class=\"social-nav\"><li class=\"ip-order-fb\"><a href=\"https:\/\/www.facebook.com\/sharer\/sharer.php?u=https:\/\/www.capgemini.com\/es-es\/soluciones\/productos-inteligentes-e-ingenieria-de-sistemas-para-tecnologia-medica\/\" target=\"_blank\" rel=\"noopener noreferrer\" title=\"abrir en una nueva ventana\"><i aria-hidden=\"true\" class=\"icon-fb\"><\/i><span class=\"sr-only\">Facebook<\/span><\/a><\/li><li class=\"ip-order-li\"><a href=\"https:\/\/www.linkedin.com\/sharing\/share-offsite\/?url=https:\/\/www.capgemini.com\/es-es\/soluciones\/productos-inteligentes-e-ingenieria-de-sistemas-para-tecnologia-medica\/\" target=\"_blank\" rel=\"noopener noreferrer\" title=\"abrir en una nueva ventana\"><i aria-hidden=\"true\" class=\"icon-li\"><\/i><span class=\"sr-only\">Linkedin<\/span><\/a><\/li><\/ul><\/nav><\/div><div class=\"col-12 col-md-11 col-lg-10\"><h2 class=\"intro-para-title\">Da un paso m\u00e1s al siguiente nivel de rendimiento y eficienciace and efficiency.<\/h2><p class=\"intro-para-content\"><br>Mejora la estrategia e innovaci\u00f3n de productos con un conjunto \u00fanico y potente de soluciones de tecnolog\u00eda m\u00e9dica (MedTech).<br><br>La experiencia cuenta. M\u00e1s de 35 a\u00f1os de desarrollo e implantaci\u00f3n de dispositivos MedTech nos han dado la visi\u00f3n necesaria para centrarnos en necesidades espec\u00edficas, manteniendo al mismo tiempo la visi\u00f3n global que garantiza una compatibilidad perfecta entre las funciones. Centr\u00e1ndonos en la experiencia del cliente y en el tiempo de atenci\u00f3n, capacitamos a los innovadores sanitarios para crear, desarrollar y lanzar la pr\u00f3xima generaci\u00f3n de productos y servicios inteligentes.<\/p><\/div><\/div><\/div><\/div><\/section>\n\n\n\n<section class=\"wp-block-cg-blocks-intro-para-video section section--info-2cols section--insights section-video \"><div class=\"bg-color video-align-left\"><div class=\"container\"><div class=\"row video-align-right\"><div class=\"col-md-12\"><div class=\"video-align-right row box box--4 box--mini\"><div class=\"col-md-1\"><\/div><div class=\"col-md-8 box-img-wrapper\"><div class=\"video-box\"><div class=\"video-wrapper\"><iframe title=\"video-section\" src=\"https:\/\/www.youtube.com\/embed\/hSZ7gwxbsQ8?rel=0&amp;modestbranding=1&amp;playsinline=1&amp;enablejsapi=1\" frameborder=\"0\" allow=\"accelerometer; autoplay; clipboard-write; encrypted-media; gyroscope; picture-in-picture\" allowfullscreen loading=\"lazy\" referrerpolicy=\"strict-origin-when-cross-origin\"><\/iframe><\/div><\/div><\/div><div class=\"col-md-3\"><h3 class=\"Video-title\" data-maxlength=\"34\">Ver por ti mismo<\/h3><div class=\"video-info\"><p data-maxlength=\"68\">El eco-estetoscopio del siglo XXI.<\/p><\/div><\/div><div class=\"col-md-1\"><\/div><\/div><\/div><\/div><\/div><\/div><\/section>\n\n\n\n<section class=\"wp-block-cg-blocks-how-we-do-it section section--howwedoit block-howwedoit\"><div class=\"container\"><div class=\"section-content\">\n<div class=\"wp-block-cg-blocks-card-howwedoit expanders\"><div class=\"box card-regulated-agreements card-howwedoit\"><div class=\"expander-box filter-box tag-active \"><div class=\"expander-title\" tabindex=\"0\" role=\"button\" aria-pressed=\"false\" aria-expanded=\"false\"><h3 class=\"expander-heading-title\">Innovaci\u00f3n de producto y estrategia<\/h3><\/div><div class=\"expander-subtitle\"><p class=\"small-description\">Como bien saben los innovadores, el \u00e9xito de un nuevo producto depende de algo m\u00e1s que de su m\u00e9rito intr\u00ednseco: las fuerzas externas tienen profundos efectos en las tecnolog\u00edas prometedoras. Proporcionamos informaci\u00f3n sobre los competidores, los pacientes y las instituciones relevantes para ayudar a garantizar que, en un mercado que cambia r\u00e1pidamente, tu innovaci\u00f3n tenga todas las ventajas.\u00a0<\/p><\/div><div class=\"expander-content\"><p>Realizamos:\u00a0<br><br>&#8211; Estudios de mercado.\u00a0<br>&#8211; Estudios de usabilidad.\u00a0<br>&#8211; Benchmarking de la competencia.\u00a0<br>&#8211; Dise\u00f1o al detalle de productos y tecnolog\u00edas.\u00a0<br>&#8211; Estrategia de arquitectura de producto\/l\u00ednea de producto.\u00a0<br>&#8211; Estrategia de migraci\u00f3n de productos.\u00a0<br>&#8211; Desarrollo de pruebas de concepto.\u00a0<br><br>La innovaci\u00f3n y la estrategia de producto van m\u00e1s all\u00e1 de obtener respuestas: se trata de hacer las preguntas correctas. Nuestra experiencia en el campo de la tecnolog\u00eda m\u00e9dica nos permite centrarnos en la informaci\u00f3n que m\u00e1s importa.<br><br>Dise\u00f1a para el \u00e9xito y obt\u00e9n el m\u00e1ximo valor de tu innovaci\u00f3n.<\/p><div class=\"bg-color video-align-right\"><div class=\"container\"><div class=\"row video-align-left\"><div class=\"col-md-12\"><div class=\"video-align-left row box box--4 box--mini\"><div class=\"col-md-3\"><\/div><div class=\"col-md-8 box-img-wrapper\"><div class=\"video-box\"><\/div><\/div><\/div><\/div><\/div><\/div><\/div><div class=\"content-more\"><\/div><\/div><\/div><\/div><\/div>\n\n\n\n<div class=\"wp-block-cg-blocks-card-howwedoit expanders\"><div class=\"box card-regulated-agreements card-howwedoit\"><div class=\"expander-box filter-box tag-active \"><div class=\"expander-title\" tabindex=\"0\" role=\"button\" aria-pressed=\"false\" aria-expanded=\"false\"><h3 class=\"expander-heading-title\">Desarrollo de nuevos productos<\/h3><\/div><div class=\"expander-subtitle\"><p class=\"small-description\">Muchas nuevas tecnolog\u00edas se hunden o nadan en funci\u00f3n de factores ajenos a la funci\u00f3n principal: facilidad de uso, compatibilidad y adaptabilidad, entre otros. Nosotros te ayudamos a convertir sus ideas en productos con la m\u00e1xima utilidad.\u00a0<\/p><\/div><div class=\"expander-content\"><p>Con d\u00e9cadas de experiencia en este espacio, te ayudamos a anticiparte a los retos y a aprovechar las oportunidades mediante: <br><br>&#8211; Dise\u00f1o conceptual, estudios de viabilidad.\u00a0<br>&#8211; Dise\u00f1o industrial, dise\u00f1o UX.\u00a0<br>&#8211; Ingenier\u00eda de sistemas &#8211; implementaci\u00f3n de MBSE.\u00a0<br>&#8211; An\u00e1lisis de dise\u00f1o &#8211; integridad de la se\u00f1al, CAE, FEA.\u00a0<br>&#8211; Datos y anal\u00edtica.\u00a0<br><br>El resultado es un tiempo de puesta en el mercado m\u00e1s r\u00e1pido y una mayor probabilidad de que tu innovaci\u00f3n acabe cambiando vidas.<\/p><div class=\"bg-color video-align-right\"><div class=\"container\"><div class=\"row video-align-left\"><div class=\"col-md-12\"><div class=\"video-align-left row box box--4 box--mini\"><div class=\"col-md-3\"><\/div><div class=\"col-md-8 box-img-wrapper\"><div class=\"video-box\"><\/div><\/div><\/div><\/div><\/div><\/div><\/div><div class=\"content-more\"><\/div><\/div><\/div><\/div><\/div>\n\n\n\n<div class=\"wp-block-cg-blocks-card-howwedoit expanders\"><div class=\"box card-regulated-agreements card-howwedoit\"><div class=\"expander-box filter-box tag-active \"><div class=\"expander-title\" tabindex=\"0\" role=\"button\" aria-pressed=\"false\" aria-expanded=\"false\"><h3 class=\"expander-heading-title\">Ampliaci\u00f3n del ciclo de vida<\/h3><\/div><div class=\"expander-subtitle\"><p class=\"small-description\">La maximizaci\u00f3n de la vida \u00fatil de una innovaci\u00f3n comienza en la fase de dise\u00f1o, en la que la previsi\u00f3n y la planificaci\u00f3n cuidadosa pueden construir la adaptabilidad en el n\u00facleo de tu producto.<\/p><\/div><div class=\"expander-content\"><p>Una vez en el mercado, una intervenci\u00f3n consistente puede mantener la relevancia de tu tecnolog\u00eda, mucho m\u00e1s all\u00e1 del punto en el que un producto dise\u00f1ado apresuradamente habr\u00eda seguido su curso.\u00a0<br>Te ayudamos a ampliar el ciclo de vida del producto de m\u00faltiples maneras, entre ellas:\u00a0<br><br>&#8211; Ingenier\u00eda de valor.\u00a0<br>&#8211; Gesti\u00f3n de la obsolescencia.\u00a0<br>&#8211; Ingenier\u00eda de fiabilidad &#8211; mejoras de dise\u00f1o.\u00a0<br>&#8211; Mejora de las caracter\u00edsticas.<br>&#8211; Mejora del rendimiento.\u00a0<br><br>Los recursos necesarios para prolongar la vida de un producto palidecen en comparaci\u00f3n con los costes de desarrollo.<br><br>Tus innovaciones tienen el potencial de aportar un valor duradero. Contacto con nuestros expertos en MedTech y hagamos que eso ocurra.<\/p><div class=\"bg-color video-align-right\"><div class=\"container\"><div class=\"row video-align-left\"><div class=\"col-md-12\"><div class=\"video-align-left row box box--4 box--mini\"><div class=\"col-md-3\"><\/div><div class=\"col-md-8 box-img-wrapper\"><div class=\"video-box\"><\/div><\/div><\/div><\/div><\/div><\/div><\/div><div class=\"content-more\"><\/div><\/div><\/div><\/div><\/div>\n<\/div><\/div><\/section>\n","protected":false},"excerpt":{"rendered":"","protected":false},"author":35,"featured_media":0,"parent":537594,"menu_order":0,"comment_status":"closed","ping_status":"closed","template":"","meta":{"cg_dt_proposed_to":[0],"cg_seo_hreflang_relations":"[]","cg_seo_canonical_relation":"","cg_seo_hreflang_x_default_relation":"","cg_dt_approved_content":false,"cg_dt_mandatory_content":false,"cg_dt_notes":"","cg_dg_source_changed":false,"cg_dt_link_disabled":false,"_yoast_wpseo_primary_brand":"","footnotes":"","featured_focal_points":"","partner_card_description":"","gsap_animation":0},"brand":[],"partner_type":[],"service":[],"industry":[66,73],"partners":[],"page-type":[339],"content-group":[],"class_list":["post-5523","page","type-page","status-publish","hentry","industry-healthcare","industry-life-sciences","page-type-solutions"],"yoast_head":"<!-- This site is optimized with the Yoast SEO Premium plugin v22.8 (Yoast SEO v22.8) - https:\/\/yoast.com\/wordpress\/plugins\/seo\/ -->\n<title>Productos inteligentes e ingenier\u00eda de sistemas para tecnolog\u00eda m\u00e9dica - Capgemini Spain<\/title>\n<meta name=\"description\" content=\"Conjunto de soluciones MedTech, centradas en la experiencia del cliente, y basadas en la creaci\u00f3n y desarrollo de productos y servicios inteligentes.\" \/>\n<meta name=\"robots\" content=\"index, follow, max-snippet:-1, max-image-preview:large, max-video-preview:-1\" \/>\n<link rel=\"canonical\" href=\"https:\/\/www.capgemini.com\/es-es\/soluciones\/productos-inteligentes-e-ingenieria-de-sistemas-para-tecnologia-medica\/\" \/>\n<meta property=\"og:locale\" content=\"es_ES\" \/>\n<meta property=\"og:type\" content=\"article\" \/>\n<meta property=\"og:title\" content=\"Productos inteligentes e ingenier\u00eda de sistemas para tecnolog\u00eda m\u00e9dica\" \/>\n<meta property=\"og:description\" content=\"Conjunto de soluciones MedTech, centradas en la experiencia del cliente, y basadas en la creaci\u00f3n y desarrollo de productos y servicios inteligentes.\" \/>\n<meta property=\"og:url\" content=\"https:\/\/www.capgemini.com\/es-es\/soluciones\/productos-inteligentes-e-ingenieria-de-sistemas-para-tecnologia-medica\/\" \/>\n<meta property=\"og:site_name\" content=\"Capgemini Spain\" \/>\n<meta property=\"article:modified_time\" content=\"2026-01-06T08:11:45+00:00\" \/>\n<meta property=\"og:image\" content=\"https:\/\/www.capgemini.com\/wp-content\/uploads\/2022\/04\/Capgemini_Intelligent-Customer_Intelligent-customer-operations_Intelligent-Customer-Ops-for-Healthcare-Life-Sciences-and-Med-Tech.jpg\" \/>\n<meta name=\"twitter:card\" content=\"summary_large_image\" \/>\n<meta name=\"twitter:label1\" content=\"Est. reading time\" \/>\n\t<meta name=\"twitter:data1\" content=\"3 minutes\" \/>\n<script type=\"application\/ld+json\" class=\"yoast-schema-graph\">{\"@context\":\"https:\/\/schema.org\",\"@graph\":[{\"@type\":\"WebPage\",\"@id\":\"https:\/\/www.capgemini.com\/es-es\/soluciones\/productos-inteligentes-e-ingenieria-de-sistemas-para-tecnologia-medica\/\",\"url\":\"https:\/\/www.capgemini.com\/es-es\/soluciones\/productos-inteligentes-e-ingenieria-de-sistemas-para-tecnologia-medica\/\",\"name\":\"Productos inteligentes e ingenier\u00eda de sistemas para tecnolog\u00eda m\u00e9dica - Capgemini Spain\",\"isPartOf\":{\"@id\":\"https:\/\/www.capgemini.com\/es-es\/#website\"},\"primaryImageOfPage\":{\"@id\":\"https:\/\/www.capgemini.com\/es-es\/soluciones\/productos-inteligentes-e-ingenieria-de-sistemas-para-tecnologia-medica\/#primaryimage\"},\"image\":{\"@id\":\"https:\/\/www.capgemini.com\/es-es\/soluciones\/productos-inteligentes-e-ingenieria-de-sistemas-para-tecnologia-medica\/#primaryimage\"},\"thumbnailUrl\":\"https:\/\/www.capgemini.com\/wp-content\/uploads\/2022\/04\/Capgemini_Intelligent-Customer_Intelligent-customer-operations_Intelligent-Customer-Ops-for-Healthcare-Life-Sciences-and-Med-Tech.jpg\",\"datePublished\":\"2022-01-27T13:18:27+00:00\",\"dateModified\":\"2026-01-06T08:11:45+00:00\",\"description\":\"Conjunto de soluciones MedTech, centradas en la experiencia del cliente, y basadas en la creaci\u00f3n y desarrollo de productos y servicios inteligentes.\",\"breadcrumb\":{\"@id\":\"https:\/\/www.capgemini.com\/es-es\/soluciones\/productos-inteligentes-e-ingenieria-de-sistemas-para-tecnologia-medica\/#breadcrumb\"},\"inLanguage\":\"es-ES\",\"potentialAction\":[{\"@type\":\"ReadAction\",\"target\":[\"https:\/\/www.capgemini.com\/es-es\/soluciones\/productos-inteligentes-e-ingenieria-de-sistemas-para-tecnologia-medica\/\"]}]},{\"@type\":\"ImageObject\",\"inLanguage\":\"es-ES\",\"@id\":\"https:\/\/www.capgemini.com\/es-es\/soluciones\/productos-inteligentes-e-ingenieria-de-sistemas-para-tecnologia-medica\/#primaryimage\",\"url\":\"https:\/\/www.capgemini.com\/wp-content\/uploads\/2022\/04\/Capgemini_Intelligent-Customer_Intelligent-customer-operations_Intelligent-Customer-Ops-for-Healthcare-Life-Sciences-and-Med-Tech.jpg\",\"contentUrl\":\"https:\/\/www.capgemini.com\/wp-content\/uploads\/2022\/04\/Capgemini_Intelligent-Customer_Intelligent-customer-operations_Intelligent-Customer-Ops-for-Healthcare-Life-Sciences-and-Med-Tech.jpg\"},{\"@type\":\"BreadcrumbList\",\"@id\":\"https:\/\/www.capgemini.com\/es-es\/soluciones\/productos-inteligentes-e-ingenieria-de-sistemas-para-tecnologia-medica\/#breadcrumb\",\"itemListElement\":[{\"@type\":\"ListItem\",\"position\":1,\"name\":\"Home\",\"item\":\"https:\/\/www.capgemini.com\/es-es\/\"},{\"@type\":\"ListItem\",\"position\":2,\"name\":\"Soluciones\",\"item\":\"https:\/\/www.capgemini.com\/es-es\/soluciones\/\"},{\"@type\":\"ListItem\",\"position\":3,\"name\":\"Productos inteligentes e ingenier\u00eda de sistemas para tecnolog\u00eda m\u00e9dica\"}]},{\"@type\":\"WebSite\",\"@id\":\"https:\/\/www.capgemini.com\/es-es\/#website\",\"url\":\"https:\/\/www.capgemini.com\/es-es\/\",\"name\":\"Capgemini Espa\u00f1a\",\"description\":\"Capgemini\",\"potentialAction\":[{\"@type\":\"SearchAction\",\"target\":{\"@type\":\"EntryPoint\",\"urlTemplate\":\"https:\/\/www.capgemini.com\/es-es\/?s={search_term_string}\"},\"query-input\":\"required name=search_term_string\"}],\"inLanguage\":\"es-ES\"}]}<\/script>\n<!-- \/ Yoast SEO Premium plugin. -->","yoast_head_json":{"title":"Productos inteligentes e ingenier\u00eda de sistemas para tecnolog\u00eda m\u00e9dica - Capgemini Spain","description":"Conjunto de soluciones MedTech, centradas en la experiencia del cliente, y basadas en la creaci\u00f3n y desarrollo de productos y servicios inteligentes.","robots":{"index":"index","follow":"follow","max-snippet":"max-snippet:-1","max-image-preview":"max-image-preview:large","max-video-preview":"max-video-preview:-1"},"canonical":"https:\/\/www.capgemini.com\/es-es\/soluciones\/productos-inteligentes-e-ingenieria-de-sistemas-para-tecnologia-medica\/","og_locale":"es_ES","og_type":"article","og_title":"Productos inteligentes e ingenier\u00eda de sistemas para tecnolog\u00eda m\u00e9dica","og_description":"Conjunto de soluciones MedTech, centradas en la experiencia del cliente, y basadas en la creaci\u00f3n y desarrollo de productos y servicios inteligentes.","og_url":"https:\/\/www.capgemini.com\/es-es\/soluciones\/productos-inteligentes-e-ingenieria-de-sistemas-para-tecnologia-medica\/","og_site_name":"Capgemini Spain","article_modified_time":"2026-01-06T08:11:45+00:00","og_image":[{"url":"https:\/\/www.capgemini.com\/wp-content\/uploads\/2022\/04\/Capgemini_Intelligent-Customer_Intelligent-customer-operations_Intelligent-Customer-Ops-for-Healthcare-Life-Sciences-and-Med-Tech.jpg"}],"twitter_card":"summary_large_image","twitter_misc":{"Est. reading time":"3 minutes"},"schema":{"@context":"https:\/\/schema.org","@graph":[{"@type":"WebPage","@id":"https:\/\/www.capgemini.com\/es-es\/soluciones\/productos-inteligentes-e-ingenieria-de-sistemas-para-tecnologia-medica\/","url":"https:\/\/www.capgemini.com\/es-es\/soluciones\/productos-inteligentes-e-ingenieria-de-sistemas-para-tecnologia-medica\/","name":"Productos inteligentes e ingenier\u00eda de sistemas para tecnolog\u00eda m\u00e9dica - Capgemini Spain","isPartOf":{"@id":"https:\/\/www.capgemini.com\/es-es\/#website"},"primaryImageOfPage":{"@id":"https:\/\/www.capgemini.com\/es-es\/soluciones\/productos-inteligentes-e-ingenieria-de-sistemas-para-tecnologia-medica\/#primaryimage"},"image":{"@id":"https:\/\/www.capgemini.com\/es-es\/soluciones\/productos-inteligentes-e-ingenieria-de-sistemas-para-tecnologia-medica\/#primaryimage"},"thumbnailUrl":"https:\/\/www.capgemini.com\/wp-content\/uploads\/2022\/04\/Capgemini_Intelligent-Customer_Intelligent-customer-operations_Intelligent-Customer-Ops-for-Healthcare-Life-Sciences-and-Med-Tech.jpg","datePublished":"2022-01-27T13:18:27+00:00","dateModified":"2026-01-06T08:11:45+00:00","description":"Conjunto de soluciones MedTech, centradas en la experiencia del cliente, y basadas en la creaci\u00f3n y desarrollo de productos y servicios inteligentes.","breadcrumb":{"@id":"https:\/\/www.capgemini.com\/es-es\/soluciones\/productos-inteligentes-e-ingenieria-de-sistemas-para-tecnologia-medica\/#breadcrumb"},"inLanguage":"es-ES","potentialAction":[{"@type":"ReadAction","target":["https:\/\/www.capgemini.com\/es-es\/soluciones\/productos-inteligentes-e-ingenieria-de-sistemas-para-tecnologia-medica\/"]}]},{"@type":"ImageObject","inLanguage":"es-ES","@id":"https:\/\/www.capgemini.com\/es-es\/soluciones\/productos-inteligentes-e-ingenieria-de-sistemas-para-tecnologia-medica\/#primaryimage","url":"https:\/\/www.capgemini.com\/wp-content\/uploads\/2022\/04\/Capgemini_Intelligent-Customer_Intelligent-customer-operations_Intelligent-Customer-Ops-for-Healthcare-Life-Sciences-and-Med-Tech.jpg","contentUrl":"https:\/\/www.capgemini.com\/wp-content\/uploads\/2022\/04\/Capgemini_Intelligent-Customer_Intelligent-customer-operations_Intelligent-Customer-Ops-for-Healthcare-Life-Sciences-and-Med-Tech.jpg"},{"@type":"BreadcrumbList","@id":"https:\/\/www.capgemini.com\/es-es\/soluciones\/productos-inteligentes-e-ingenieria-de-sistemas-para-tecnologia-medica\/#breadcrumb","itemListElement":[{"@type":"ListItem","position":1,"name":"Home","item":"https:\/\/www.capgemini.com\/es-es\/"},{"@type":"ListItem","position":2,"name":"Soluciones","item":"https:\/\/www.capgemini.com\/es-es\/soluciones\/"},{"@type":"ListItem","position":3,"name":"Productos inteligentes e ingenier\u00eda de sistemas para tecnolog\u00eda m\u00e9dica"}]},{"@type":"WebSite","@id":"https:\/\/www.capgemini.com\/es-es\/#website","url":"https:\/\/www.capgemini.com\/es-es\/","name":"Capgemini Espa\u00f1a","description":"Capgemini","potentialAction":[{"@type":"SearchAction","target":{"@type":"EntryPoint","urlTemplate":"https:\/\/www.capgemini.com\/es-es\/?s={search_term_string}"},"query-input":"required name=search_term_string"}],"inLanguage":"es-ES"}]}},"brand_term":[],"parsely":{"version":"1.1.0","canonical_url":"https:\/\/capgemini.com\/es-es\/soluciones\/productos-inteligentes-e-ingenieria-de-sistemas-para-tecnologia-medica\/","smart_links":{"inbound":0,"outbound":0},"traffic_boost_suggestions_count":0,"meta":{"@context":"https:\/\/schema.org","@type":"WebPage","headline":"Productos inteligentes e ingenier\u00eda de sistemas para tecnolog\u00eda m\u00e9dica","url":"https:\/\/www.capgemini.com\/es-es\/soluciones\/productos-inteligentes-e-ingenieria-de-sistemas-para-tecnologia-medica\/","mainEntityOfPage":{"@type":"WebPage","@id":"https:\/\/www.capgemini.com\/es-es\/soluciones\/productos-inteligentes-e-ingenieria-de-sistemas-para-tecnologia-medica\/"},"thumbnailUrl":"","image":{"@type":"ImageObject","url":""},"articleSection":"Uncategorized","author":[],"creator":[],"publisher":{"@type":"Organization","name":"Capgemini Spain","logo":""},"keywords":[],"dateCreated":"2022-01-27T13:18:27Z","datePublished":"2022-01-27T13:18:27Z","dateModified":"2026-01-06T08:11:45Z"},"rendered":"<meta name=\"parsely-title\" content=\"Productos inteligentes e ingenier\u00eda de sistemas para tecnolog\u00eda m\u00e9dica\" \/>\n<meta name=\"parsely-link\" content=\"https:\/\/www.capgemini.com\/es-es\/soluciones\/productos-inteligentes-e-ingenieria-de-sistemas-para-tecnologia-medica\/\" \/>\n<meta name=\"parsely-type\" content=\"index\" \/>\n<meta name=\"parsely-pub-date\" content=\"2022-01-27T13:18:27Z\" \/>\n<meta name=\"parsely-section\" content=\"Uncategorized\" \/>","tracker_url":"https:\/\/cdn.parsely.com\/keys\/capgemini.com\/p.js"},"archive_status":false,"featured_image_src":"https:\/\/www.capgemini.com\/es-es\/wp-content\/themes\/capgemini2025\/assets\/images\/mockup.png","featured_image_alt":false,"jetpack_sharing_enabled":true,"distributor_meta":false,"distributor_terms":false,"distributor_media":false,"distributor_original_site_name":"Capgemini Spain","distributor_original_site_url":"https:\/\/www.capgemini.com\/es-es","push-errors":false,"_links":{"self":[{"href":"https:\/\/www.capgemini.com\/es-es\/wp-json\/wp\/v2\/pages\/5523","targetHints":{"allow":["GET"]}}],"collection":[{"href":"https:\/\/www.capgemini.com\/es-es\/wp-json\/wp\/v2\/pages"}],"about":[{"href":"https:\/\/www.capgemini.com\/es-es\/wp-json\/wp\/v2\/types\/page"}],"author":[{"embeddable":true,"href":"https:\/\/www.capgemini.com\/es-es\/wp-json\/wp\/v2\/users\/35"}],"replies":[{"embeddable":true,"href":"https:\/\/www.capgemini.com\/es-es\/wp-json\/wp\/v2\/comments?post=5523"}],"version-history":[{"count":4,"href":"https:\/\/www.capgemini.com\/es-es\/wp-json\/wp\/v2\/pages\/5523\/revisions"}],"predecessor-version":[{"id":577417,"href":"https:\/\/www.capgemini.com\/es-es\/wp-json\/wp\/v2\/pages\/5523\/revisions\/577417"}],"up":[{"embeddable":true,"href":"https:\/\/www.capgemini.com\/es-es\/wp-json\/wp\/v2\/pages\/537594"}],"wp:attachment":[{"href":"https:\/\/www.capgemini.com\/es-es\/wp-json\/wp\/v2\/media?parent=5523"}],"wp:term":[{"taxonomy":"brand","embeddable":true,"href":"https:\/\/www.capgemini.com\/es-es\/wp-json\/wp\/v2\/brand?post=5523"},{"taxonomy":"partner_type","embeddable":true,"href":"https:\/\/www.capgemini.com\/es-es\/wp-json\/wp\/v2\/partner_type?post=5523"},{"taxonomy":"service","embeddable":true,"href":"https:\/\/www.capgemini.com\/es-es\/wp-json\/wp\/v2\/service?post=5523"},{"taxonomy":"industry","embeddable":true,"href":"https:\/\/www.capgemini.com\/es-es\/wp-json\/wp\/v2\/industry?post=5523"},{"taxonomy":"partners","embeddable":true,"href":"https:\/\/www.capgemini.com\/es-es\/wp-json\/wp\/v2\/partners?post=5523"},{"taxonomy":"page-type","embeddable":true,"href":"https:\/\/www.capgemini.com\/es-es\/wp-json\/wp\/v2\/page-type?post=5523"},{"taxonomy":"content-group","embeddable":true,"href":"https:\/\/www.capgemini.com\/es-es\/wp-json\/wp\/v2\/content-group?post=5523"}],"curies":[{"name":"wp","href":"https:\/\/api.w.org\/{rel}","templated":true}]}}