{"id":5519,"date":"2022-12-16T07:41:33","date_gmt":"2022-12-16T07:41:33","guid":{"rendered":"https:\/\/www.capgemini.com\/?page_id=646948"},"modified":"2025-03-12T06:06:20","modified_gmt":"2025-03-12T05:06:20","slug":"digital-core-para-automocion","status":"publish","type":"page","link":"https:\/\/www.capgemini.com\/es-es\/soluciones\/digital-core-para-automocion\/","title":{"rendered":"Digital Core para automoci\u00f3n"},"content":{"rendered":"\n<p><a href=\"https:\/\/www.facebook.com\/sharer\/sharer.php?u=https%3A%2F%2Fwww.capgemini.com\/dk-en%2Fservice%2Fdigital-core-for-automotive%2F\" target=\"_blank\" rel=\"noreferrer noopener\"><\/a><a href=\"https:\/\/twitter.com\/intent\/tweet?url=https%3A%2F%2Fwww.capgemini.com\/dk-en%2Fservice%2Fdigital-core-for-automotive%2F&amp;text=\" target=\"_blank\" rel=\"noreferrer noopener\"><\/a><a href=\"https:\/\/www.linkedin.com\/shareArticle?mini=true&amp;url=https%3A%2F%2Fwww.capgemini.com\/dk-en%2Fservice%2Fdigital-core-for-automotive%2F\" target=\"_blank\" rel=\"noreferrer noopener\"><\/a><\/p>\n\n\n\n<header class=\"wp-block-cg-blocks-hero-reusable header heroReusable  \"><div class=\"header-bgs\"><picture><source srcset=\"https:\/\/www.capgemini.com\/dk-en\/wp-content\/uploads\/2022\/03\/Capgemini_SAP-S4HANA-Cloud-for-automotive-suppliers.jpg?w=2880&amp;quality=70 1x, https:\/\/www.capgemini.com\/dk-en\/wp-content\/uploads\/2022\/03\/Capgemini_SAP-S4HANA-Cloud-for-automotive-suppliers.jpg?w=2880&amp;quality=70 2x\" media=\"(min-width: 1500px)\"\/><source srcset=\"https:\/\/www.capgemini.com\/dk-en\/wp-content\/uploads\/2022\/03\/Capgemini_SAP-S4HANA-Cloud-for-automotive-suppliers.jpg?w=1440&amp;quality=70 1x, https:\/\/www.capgemini.com\/dk-en\/wp-content\/uploads\/2022\/03\/Capgemini_SAP-S4HANA-Cloud-for-automotive-suppliers.jpg?w=2880&amp;quality=70 2x\" media=\"(min-width: 992px)\"\/><source srcset=\"https:\/\/www.capgemini.com\/dk-en\/wp-content\/uploads\/2022\/03\/Capgemini_SAP-S4HANA-Cloud-for-automotive-suppliers.jpg?w=1024&amp;quality=70 1x, https:\/\/www.capgemini.com\/dk-en\/wp-content\/uploads\/2022\/03\/Capgemini_SAP-S4HANA-Cloud-for-automotive-suppliers.jpg?w=1024&amp;quality=70 2x\" media=\"(min-width: 768px)\"\/><source srcset=\"https:\/\/www.capgemini.com\/dk-en\/wp-content\/uploads\/2022\/03\/Capgemini_SAP-S4HANA-Cloud-for-automotive-suppliers.jpg?w=768&amp;quality=70 1x, https:\/\/www.capgemini.com\/dk-en\/wp-content\/uploads\/2022\/03\/Capgemini_SAP-S4HANA-Cloud-for-automotive-suppliers.jpg?w=768&amp;quality=70 2x\" media=\"(min-width: 0)\"\/><img decoding=\"async\" src=\"https:\/\/www.capgemini.com\/dk-en\/wp-content\/uploads\/2022\/03\/Capgemini_SAP-S4HANA-Cloud-for-automotive-suppliers.jpg\" class=\"header-img header-img-d\" alt=\"\" style=\"object-fit:cover;object-position:50% 50%\" loading=\"eager\"\/><\/picture><\/div><div class=\"heroPictureCardHeaderShape\"><\/div><div class=\"container\"><div class=\"row\"><div class=\"col-md-12\"><div class=\"box\"><div class=\"boxTagWrapper\"><div class=\"tagInfo\"><div><span class=\"box-tag\">Solution<\/span><\/div><\/div><\/div><div class=\"box-title\"><h1 data-maxlength=\"34\">Digital Core para automoci\u00f3n<\/h1><\/div><div class=\"inner-row-insight download-btn\"><div class=\"col-md-4 downloadFiles \"><a class=\"button-download--small\" type=\"download\" href=\"https:\/\/www.capgemini.com\/dk-en\/wp-content\/uploads\/2022\/01\/Capgemini-Digital-Core-for-Automotive_POV_20220124.pdf\" target=\"_blank\" rel=\"noopener noreferrer\" title=\"abrir en una nueva ventana\"><span>Download report<\/span><span class=\"type\">10 MB  pdf<\/span><\/a><\/div><div class=\"col-md-4 downloadFiles \"><a class=\"button-download--small\" type=\"download\" href=\"https:\/\/www.capgemini.com\/dk-en\/wp-content\/uploads\/2022\/01\/Capgemini-Digital-Core-for-Auto_Sales-brochure_202200124.pdf\" target=\"_blank\" rel=\"noopener noreferrer\" title=\"abrir en una nueva ventana\"><span>Download brochure<\/span><span class=\"type\">9 MB  pdf<\/span><\/a><\/div><\/div><\/div><\/div><\/div><\/div><\/header>\n\n\n\n<section class=\"wp-block-cg-blocks-intro-para undefined section section--intro\"><div class=\"intro-para\"><div class=\"container\"><div class=\"row\"><div class=\"col-12 col-md-1\"><nav class=\"article-social\"><ul class=\"social-nav\"><li class=\"ip-order-fb\"><a href=\"https:\/\/www.facebook.com\/sharer\/sharer.php?u=https:\/\/www.capgemini.com\/es-es\/soluciones\/digital-core-para-automocion\/\" target=\"_blank\" rel=\"noopener noreferrer\" title=\"abrir en una nueva ventana\"><i aria-hidden=\"true\" class=\"icon-fb\"><\/i><span class=\"sr-only\">Facebook<\/span><\/a><\/li><li class=\"ip-order-li\"><a href=\"https:\/\/www.linkedin.com\/sharing\/share-offsite\/?url=https:\/\/www.capgemini.com\/es-es\/soluciones\/digital-core-para-automocion\/\" target=\"_blank\" rel=\"noopener noreferrer\" title=\"abrir en una nueva ventana\"><i aria-hidden=\"true\" class=\"icon-li\"><\/i><span class=\"sr-only\">Linkedin<\/span><\/a><\/li><\/ul><\/nav><\/div><div class=\"col-12 col-md-11 col-lg-10\"><h2 class=\"intro-para-title\">Capgemini fortalece a las multinacionales de automoci\u00f3n, OEM y proveedores para crear modelos comerciales \u00e1giles y un ecosistema de movilidad conectado que puede adaptarse r\u00e1pidamente al cambio.<\/h2><p class=\"intro-para-content\">Puede hacer esto al tiempo que garantiza que los objetivos de sostenibilidad impulsen el crecimiento de las ganancias y la defensa del cliente. Existe una carrera para liderar el sector de automoci\u00f3n a medida que la industria adopta su futuro centrado en el cliente y basado en software, y las empresas renovables estar\u00e1n en la primera posici\u00f3n para avanzar hacia el futuro que desean.<\/p><\/div><\/div><\/div><\/div><\/section>\n\n\n\n<section class=\"wp-block-cg-blocks-group undefined section section--article-content\"><div class=\"article-main-content\"><div class=\"container\"><div class=\"row\"><div class=\"col-12 col-md-11 col-lg-10 offset-md-1 offset-lg-1\"><div class=\"article-text article-quote-text\">\n<blockquote class=\"wp-block-quote is-layout-flow wp-block-quote-is-layout-flow\">\n<p><strong>\u201cComprender el punto de vista del cliente y poner sus comentarios en el centro de cada decisi\u00f3n son requisitos previos clave para el \u00e9xito en la era digital. Estos conocimientos deben aplicarse no solo en el departamento de ventas, sino tambi\u00e9n para determinar qu\u00e9 productos se fabrican, c\u00f3mo se trata a los clientes y qu\u00e9 servicios u opciones de movilidad se ofrecen. Junto con Capgemini, estamos bien posicionados para ofrecer el enfoque m\u00e1s centrado en el cliente en la industria de automoci\u00f3n\u201d.<\/strong><\/p>\n<cite><strong><br>Hagen Heubach, vicepresidente global, Unidad de negocios del sector automoci\u00f3n, SAP SE, SA<\/strong><\/cite><\/blockquote>\n<\/div><\/div><\/div><\/div><\/div><\/section>\n\n\n\n<section class=\"wp-block-cg-blocks-group undefined section section--article-content\"><div class=\"article-main-content\"><div class=\"container\"><div class=\"row\"><div class=\"col-12 col-md-11 col-lg-10 offset-md-1 offset-lg-1\"><div class=\"article-text article-quote-text\">\n<p>Juntos, SAP y Capgemini est\u00e1n dando vida a &#8216;Digital Core for Automotive&#8217;, una arquitectura espec\u00edfica para autom\u00f3viles en torno a un nuevo n\u00facleo digital SAP S\/4HANA que incluye soluciones nativas de la nube y tecnolog\u00edas inteligentes de Capgemini, SAP y terceros.<\/p>\n\n\n\n<h2 class=\"wp-block-heading\" id=\"h-\"><\/h2>\n\n\n\n<h4 class=\"wp-block-heading\" id=\"h-esto-proporciona-a-nuestros-clientes-todos-los-ingredientes-clave-para-la-empresa-renovable\">Esto proporciona a nuestros clientes todos los ingredientes clave para la empresa renovable:<\/h4>\n\n\n\n<ul class=\"wp-block-list\">\n<li>Una implementaci\u00f3n altamente industrializada de SAP S\/4HANA y otras aplicaciones principales de SAP que ofrece un ERP sin contacto con procesos de mejores pr\u00e1cticas de la industria.<\/li>\n\n\n\n<li>Extensiones de nube espec\u00edficas para automoci\u00f3n que permiten una conexi\u00f3n inteligente con ecosistemas de partners en la industria para un rendimiento mayor en la cadena de valor central y la experiencia del cliente.\u200b<\/li>\n<\/ul>\n\n\n\n<p>Habilitado por la arquitectura adecuada que permite la agilidad en la innovaci\u00f3n.<\/p>\n\n\n\n<p>El a\u00f1o 2020 supuso ca\u00eddas de dos d\u00edgitos en las ventas de autom\u00f3viles en la mayor\u00eda de las geograf\u00edas. Sin embargo, en 2021, la demanda se recuper\u00f3 r\u00e1pidamente, aunque las ventas se vieron afectadas por la escasez y problemas en la cadena de suministro. Sin embargo, esta recuperaci\u00f3n en forma de V no es la historia m\u00e1s importante: est\u00e1 respaldada por grandes cambios que transformar\u00e1n la industria del autom\u00f3vil durante la pr\u00f3xima d\u00e9cada.<\/p>\n\n\n\n<p>Despu\u00e9s de eras de industrializaci\u00f3n (1920 a 1970), globalizaci\u00f3n (finales de 1970 a 2015) y digitalizaci\u00f3n, est\u00e1 surgiendo una nueva era de cambio, impulsada por tres grandes tendencias que las empresas reconocen como cr\u00edticas para su futuro.<\/p>\n\n\n\n<p><\/p>\n\n\n\n<h4 class=\"wp-block-heading\" id=\"h-estas-son\">Estas son:<\/h4>\n\n\n\n<ul class=\"wp-block-list\">\n<li>El cliente en el centro<\/li>\n\n\n\n<li>Industria inteligente<\/li>\n\n\n\n<li>Sostenibilidad<\/li>\n<\/ul>\n\n\n\n<h2 class=\"wp-block-heading\" id=\"h-\"><\/h2>\n\n\n\n<h4 class=\"wp-block-heading\" id=\"h-la-respuesta-de-la-industria-a-estas-tendencias-dependera-de-tres-factores-criticos-de-exito\">La respuesta de la industria a estas tendencias depender\u00e1 de tres factores cr\u00edticos de \u00e9xito:<\/h4>\n\n\n\n<p><strong>Competencia tecnol\u00f3gica y de software<\/strong><\/p>\n\n\n\n<p>Las empresas de automoci\u00f3n deben centrarse tanto en el software como en el hardware, y finalmente se asemejan a las empresas de tecnolog\u00eda, con intereses en la nube, los datos, la conectividad, la IA y la ciberseguridad.<\/p>\n\n\n\n<p><strong>Personas y organizaci\u00f3n<\/strong><\/p>\n\n\n\n<p>Se demandan nuevas habilidades; nuevos estilos de liderazgo y formas de trabajo del ecosistema colaborativo. Se deben adoptar m\u00e1s culturas basadas en datos y tecnolog\u00eda sin sacrificar la confianza del cliente.<\/p>\n\n\n\n<p><strong>Excelencia operativa<\/strong><\/p>\n\n\n\n<p>Un enfoque de la eficiencia ser\u00e1 vital: se lograr\u00e1 mediante el uso de an\u00e1lisis e inteligencia artificial para mejorar los procesos y desarrollar una cultura de cambio continuo para reaccionar con resiliencia ante las interrupciones, internas y externas.<\/p>\n\n\n\n<p>La perspectiva de Capgemini permite la transformaci\u00f3n de los n\u00facleos digitales de las empresas del sector, lo que impacta en los tres factores de \u00e9xito, utilizando marcos espec\u00edficos de la industria m\u00e1s conocimiento transferible de otros sectores.<\/p>\n\n\n\n<p>Nuestra experiencia en automoci\u00f3n abarca desde migraciones complejas para OEM globales hasta ayudar a lanzar r\u00e1pidamente nuevas empresas de veh\u00edculos el\u00e9ctricos. Tenemos un profundo conocimiento, basado en soluciones y aceleradores espec\u00edficos orientados a la automoci\u00f3n. No forzamos una elecci\u00f3n entre implementaciones totalmente nuevas o migraciones completas, pero ofrecemos un enfoque personalizado y flexible que permite una transici\u00f3n de datos selectiva, adecuada para las demandas de la industria del automovil actual.<\/p>\n<\/div><\/div><\/div><\/div><\/div><\/section>\n","protected":false},"excerpt":{"rendered":"","protected":false},"author":35,"featured_media":0,"parent":537594,"menu_order":0,"comment_status":"closed","ping_status":"closed","template":"","meta":{"cg_dt_proposed_to":[0],"cg_seo_hreflang_relations":"[]","cg_seo_canonical_relation":"","cg_seo_hreflang_x_default_relation":"{\"uuid\":\"11824e78-aacf-4795-aa8c-838c3ef274d3\",\"blogId\":\"\",\"domain\":\"\",\"sitePath\":\"\",\"postLink\":\"\",\"postId\":null,\"isSaved\":false,\"isCrossLink\":false,\"hasCrossLink\":false}","cg_dt_approved_content":false,"cg_dt_mandatory_content":false,"cg_dt_notes":"","cg_dg_source_changed":false,"cg_dt_link_disabled":false,"_yoast_wpseo_primary_brand":"","footnotes":"","featured_focal_points":"","partner_card_description":"","gsap_animation":0},"brand":[],"partner_type":[],"service":[500],"industry":[25],"partners":[106],"page-type":[339],"content-group":[],"class_list":["post-5519","page","type-page","status-publish","hentry","service-digital-core","industry-automotive","partners-sap","page-type-solutions"],"yoast_head":"<!-- This site is optimized with the Yoast SEO Premium plugin v22.8 (Yoast SEO v22.8) - https:\/\/yoast.com\/wordpress\/plugins\/seo\/ -->\n<title>Digital Core para Automoci\u00f3n | Capgemini<\/title>\n<meta name=\"description\" content=\"Tenemos un profundo conocimiento, basado en soluciones y aceleradores espec\u00edficos orientados a la automoci\u00f3n.\" \/>\n<meta name=\"robots\" content=\"index, follow, max-snippet:-1, max-image-preview:large, max-video-preview:-1\" \/>\n<link rel=\"canonical\" href=\"https:\/\/www.capgemini.com\/es-es\/soluciones\/digital-core-para-automocion\/\" \/>\n<meta property=\"og:locale\" content=\"es_ES\" \/>\n<meta property=\"og:type\" content=\"article\" \/>\n<meta property=\"og:title\" content=\"Digital Core para automoci\u00f3n\" \/>\n<meta property=\"og:description\" content=\"Tenemos un profundo conocimiento, basado en soluciones y aceleradores espec\u00edficos orientados a la automoci\u00f3n.\" \/>\n<meta property=\"og:url\" content=\"https:\/\/www.capgemini.com\/es-es\/soluciones\/digital-core-para-automocion\/\" \/>\n<meta property=\"og:site_name\" content=\"Capgemini Spain\" \/>\n<meta property=\"article:modified_time\" content=\"2025-03-12T05:06:20+00:00\" \/>\n<meta property=\"og:image\" content=\"https:\/\/www.capgemini.com\/dk-en\/wp-content\/uploads\/2022\/03\/Capgemini_SAP-S4HANA-Cloud-for-automotive-suppliers.jpg\" \/>\n<meta name=\"twitter:card\" content=\"summary_large_image\" \/>\n<script type=\"application\/ld+json\" class=\"yoast-schema-graph\">{\"@context\":\"https:\/\/schema.org\",\"@graph\":[{\"@type\":\"WebPage\",\"@id\":\"https:\/\/www.capgemini.com\/es-es\/soluciones\/digital-core-para-automocion\/\",\"url\":\"https:\/\/www.capgemini.com\/es-es\/soluciones\/digital-core-para-automocion\/\",\"name\":\"Digital Core para Automoci\u00f3n | Capgemini\",\"isPartOf\":{\"@id\":\"https:\/\/www.capgemini.com\/es-es\/#website\"},\"primaryImageOfPage\":{\"@id\":\"https:\/\/www.capgemini.com\/es-es\/soluciones\/digital-core-para-automocion\/#primaryimage\"},\"image\":{\"@id\":\"https:\/\/www.capgemini.com\/es-es\/soluciones\/digital-core-para-automocion\/#primaryimage\"},\"thumbnailUrl\":\"https:\/\/www.capgemini.com\/dk-en\/wp-content\/uploads\/2022\/03\/Capgemini_SAP-S4HANA-Cloud-for-automotive-suppliers.jpg\",\"datePublished\":\"2022-12-16T07:41:33+00:00\",\"dateModified\":\"2025-03-12T05:06:20+00:00\",\"description\":\"Tenemos un profundo conocimiento, basado en soluciones y aceleradores espec\u00edficos orientados a la automoci\u00f3n.\",\"breadcrumb\":{\"@id\":\"https:\/\/www.capgemini.com\/es-es\/soluciones\/digital-core-para-automocion\/#breadcrumb\"},\"inLanguage\":\"es-ES\",\"potentialAction\":[{\"@type\":\"ReadAction\",\"target\":[\"https:\/\/www.capgemini.com\/es-es\/soluciones\/digital-core-para-automocion\/\"]}]},{\"@type\":\"ImageObject\",\"inLanguage\":\"es-ES\",\"@id\":\"https:\/\/www.capgemini.com\/es-es\/soluciones\/digital-core-para-automocion\/#primaryimage\",\"url\":\"https:\/\/www.capgemini.com\/dk-en\/wp-content\/uploads\/2022\/03\/Capgemini_SAP-S4HANA-Cloud-for-automotive-suppliers.jpg\",\"contentUrl\":\"https:\/\/www.capgemini.com\/dk-en\/wp-content\/uploads\/2022\/03\/Capgemini_SAP-S4HANA-Cloud-for-automotive-suppliers.jpg\"},{\"@type\":\"BreadcrumbList\",\"@id\":\"https:\/\/www.capgemini.com\/es-es\/soluciones\/digital-core-para-automocion\/#breadcrumb\",\"itemListElement\":[{\"@type\":\"ListItem\",\"position\":1,\"name\":\"Home\",\"item\":\"https:\/\/www.capgemini.com\/es-es\/\"},{\"@type\":\"ListItem\",\"position\":2,\"name\":\"Soluciones\",\"item\":\"https:\/\/www.capgemini.com\/es-es\/soluciones\/\"},{\"@type\":\"ListItem\",\"position\":3,\"name\":\"Digital Core para automoci\u00f3n\"}]},{\"@type\":\"WebSite\",\"@id\":\"https:\/\/www.capgemini.com\/es-es\/#website\",\"url\":\"https:\/\/www.capgemini.com\/es-es\/\",\"name\":\"Capgemini Espa\u00f1a\",\"description\":\"Capgemini\",\"potentialAction\":[{\"@type\":\"SearchAction\",\"target\":{\"@type\":\"EntryPoint\",\"urlTemplate\":\"https:\/\/www.capgemini.com\/es-es\/?s={search_term_string}\"},\"query-input\":\"required name=search_term_string\"}],\"inLanguage\":\"es-ES\"}]}<\/script>\n<!-- \/ Yoast SEO Premium plugin. -->","yoast_head_json":{"title":"Digital Core para Automoci\u00f3n | Capgemini","description":"Tenemos un profundo conocimiento, basado en soluciones y aceleradores espec\u00edficos orientados a la automoci\u00f3n.","robots":{"index":"index","follow":"follow","max-snippet":"max-snippet:-1","max-image-preview":"max-image-preview:large","max-video-preview":"max-video-preview:-1"},"canonical":"https:\/\/www.capgemini.com\/es-es\/soluciones\/digital-core-para-automocion\/","og_locale":"es_ES","og_type":"article","og_title":"Digital Core para automoci\u00f3n","og_description":"Tenemos un profundo conocimiento, basado en soluciones y aceleradores espec\u00edficos orientados a la automoci\u00f3n.","og_url":"https:\/\/www.capgemini.com\/es-es\/soluciones\/digital-core-para-automocion\/","og_site_name":"Capgemini Spain","article_modified_time":"2025-03-12T05:06:20+00:00","og_image":[{"url":"https:\/\/www.capgemini.com\/dk-en\/wp-content\/uploads\/2022\/03\/Capgemini_SAP-S4HANA-Cloud-for-automotive-suppliers.jpg"}],"twitter_card":"summary_large_image","schema":{"@context":"https:\/\/schema.org","@graph":[{"@type":"WebPage","@id":"https:\/\/www.capgemini.com\/es-es\/soluciones\/digital-core-para-automocion\/","url":"https:\/\/www.capgemini.com\/es-es\/soluciones\/digital-core-para-automocion\/","name":"Digital Core para Automoci\u00f3n | Capgemini","isPartOf":{"@id":"https:\/\/www.capgemini.com\/es-es\/#website"},"primaryImageOfPage":{"@id":"https:\/\/www.capgemini.com\/es-es\/soluciones\/digital-core-para-automocion\/#primaryimage"},"image":{"@id":"https:\/\/www.capgemini.com\/es-es\/soluciones\/digital-core-para-automocion\/#primaryimage"},"thumbnailUrl":"https:\/\/www.capgemini.com\/dk-en\/wp-content\/uploads\/2022\/03\/Capgemini_SAP-S4HANA-Cloud-for-automotive-suppliers.jpg","datePublished":"2022-12-16T07:41:33+00:00","dateModified":"2025-03-12T05:06:20+00:00","description":"Tenemos un profundo conocimiento, basado en soluciones y aceleradores espec\u00edficos orientados a la automoci\u00f3n.","breadcrumb":{"@id":"https:\/\/www.capgemini.com\/es-es\/soluciones\/digital-core-para-automocion\/#breadcrumb"},"inLanguage":"es-ES","potentialAction":[{"@type":"ReadAction","target":["https:\/\/www.capgemini.com\/es-es\/soluciones\/digital-core-para-automocion\/"]}]},{"@type":"ImageObject","inLanguage":"es-ES","@id":"https:\/\/www.capgemini.com\/es-es\/soluciones\/digital-core-para-automocion\/#primaryimage","url":"https:\/\/www.capgemini.com\/dk-en\/wp-content\/uploads\/2022\/03\/Capgemini_SAP-S4HANA-Cloud-for-automotive-suppliers.jpg","contentUrl":"https:\/\/www.capgemini.com\/dk-en\/wp-content\/uploads\/2022\/03\/Capgemini_SAP-S4HANA-Cloud-for-automotive-suppliers.jpg"},{"@type":"BreadcrumbList","@id":"https:\/\/www.capgemini.com\/es-es\/soluciones\/digital-core-para-automocion\/#breadcrumb","itemListElement":[{"@type":"ListItem","position":1,"name":"Home","item":"https:\/\/www.capgemini.com\/es-es\/"},{"@type":"ListItem","position":2,"name":"Soluciones","item":"https:\/\/www.capgemini.com\/es-es\/soluciones\/"},{"@type":"ListItem","position":3,"name":"Digital Core para automoci\u00f3n"}]},{"@type":"WebSite","@id":"https:\/\/www.capgemini.com\/es-es\/#website","url":"https:\/\/www.capgemini.com\/es-es\/","name":"Capgemini Espa\u00f1a","description":"Capgemini","potentialAction":[{"@type":"SearchAction","target":{"@type":"EntryPoint","urlTemplate":"https:\/\/www.capgemini.com\/es-es\/?s={search_term_string}"},"query-input":"required name=search_term_string"}],"inLanguage":"es-ES"}]}},"brand_term":[],"parsely":{"version":"1.1.0","canonical_url":"https:\/\/capgemini.com\/es-es\/soluciones\/digital-core-para-automocion\/","smart_links":{"inbound":0,"outbound":0},"traffic_boost_suggestions_count":0,"meta":{"@context":"https:\/\/schema.org","@type":"WebPage","headline":"Digital Core para automoci\u00f3n","url":"https:\/\/www.capgemini.com\/es-es\/soluciones\/digital-core-para-automocion\/","mainEntityOfPage":{"@type":"WebPage","@id":"https:\/\/www.capgemini.com\/es-es\/soluciones\/digital-core-para-automocion\/"},"thumbnailUrl":"","image":{"@type":"ImageObject","url":""},"articleSection":"Uncategorized","author":[],"creator":[],"publisher":{"@type":"Organization","name":"Capgemini Spain","logo":""},"keywords":[],"dateCreated":"2022-12-16T07:41:33Z","datePublished":"2022-12-16T07:41:33Z","dateModified":"2025-03-12T05:06:20Z"},"rendered":"<meta name=\"parsely-title\" content=\"Digital Core para automoci\u00f3n\" \/>\n<meta name=\"parsely-link\" content=\"https:\/\/www.capgemini.com\/es-es\/soluciones\/digital-core-para-automocion\/\" \/>\n<meta name=\"parsely-type\" content=\"index\" \/>\n<meta name=\"parsely-pub-date\" content=\"2022-12-16T07:41:33Z\" \/>\n<meta name=\"parsely-section\" content=\"Uncategorized\" \/>","tracker_url":"https:\/\/cdn.parsely.com\/keys\/capgemini.com\/p.js"},"archive_status":false,"featured_image_src":"https:\/\/www.capgemini.com\/es-es\/wp-content\/themes\/capgemini2025\/assets\/images\/mockup.png","featured_image_alt":false,"jetpack_sharing_enabled":true,"distributor_meta":false,"distributor_terms":false,"distributor_media":false,"distributor_original_site_name":"Capgemini Spain","distributor_original_site_url":"https:\/\/www.capgemini.com\/es-es","push-errors":false,"_links":{"self":[{"href":"https:\/\/www.capgemini.com\/es-es\/wp-json\/wp\/v2\/pages\/5519","targetHints":{"allow":["GET"]}}],"collection":[{"href":"https:\/\/www.capgemini.com\/es-es\/wp-json\/wp\/v2\/pages"}],"about":[{"href":"https:\/\/www.capgemini.com\/es-es\/wp-json\/wp\/v2\/types\/page"}],"author":[{"embeddable":true,"href":"https:\/\/www.capgemini.com\/es-es\/wp-json\/wp\/v2\/users\/35"}],"replies":[{"embeddable":true,"href":"https:\/\/www.capgemini.com\/es-es\/wp-json\/wp\/v2\/comments?post=5519"}],"version-history":[{"count":6,"href":"https:\/\/www.capgemini.com\/es-es\/wp-json\/wp\/v2\/pages\/5519\/revisions"}],"predecessor-version":[{"id":567653,"href":"https:\/\/www.capgemini.com\/es-es\/wp-json\/wp\/v2\/pages\/5519\/revisions\/567653"}],"up":[{"embeddable":true,"href":"https:\/\/www.capgemini.com\/es-es\/wp-json\/wp\/v2\/pages\/537594"}],"wp:attachment":[{"href":"https:\/\/www.capgemini.com\/es-es\/wp-json\/wp\/v2\/media?parent=5519"}],"wp:term":[{"taxonomy":"brand","embeddable":true,"href":"https:\/\/www.capgemini.com\/es-es\/wp-json\/wp\/v2\/brand?post=5519"},{"taxonomy":"partner_type","embeddable":true,"href":"https:\/\/www.capgemini.com\/es-es\/wp-json\/wp\/v2\/partner_type?post=5519"},{"taxonomy":"service","embeddable":true,"href":"https:\/\/www.capgemini.com\/es-es\/wp-json\/wp\/v2\/service?post=5519"},{"taxonomy":"industry","embeddable":true,"href":"https:\/\/www.capgemini.com\/es-es\/wp-json\/wp\/v2\/industry?post=5519"},{"taxonomy":"partners","embeddable":true,"href":"https:\/\/www.capgemini.com\/es-es\/wp-json\/wp\/v2\/partners?post=5519"},{"taxonomy":"page-type","embeddable":true,"href":"https:\/\/www.capgemini.com\/es-es\/wp-json\/wp\/v2\/page-type?post=5519"},{"taxonomy":"content-group","embeddable":true,"href":"https:\/\/www.capgemini.com\/es-es\/wp-json\/wp\/v2\/content-group?post=5519"}],"curies":[{"name":"wp","href":"https:\/\/api.w.org\/{rel}","templated":true}]}}