{"id":5516,"date":"2022-12-16T06:39:50","date_gmt":"2022-12-16T06:39:50","guid":{"rendered":"https:\/\/www.capgemini.com\/?page_id=646985"},"modified":"2025-03-12T06:06:54","modified_gmt":"2025-03-12T05:06:54","slug":"asistente-inteligente-para-automocion","status":"publish","type":"page","link":"https:\/\/www.capgemini.com\/es-es\/soluciones\/asistente-inteligente-para-automocion\/","title":{"rendered":"Asistente Inteligente para Automoci\u00f3n"},"content":{"rendered":"\n<header class=\"wp-block-cg-blocks-hero-reusable header heroReusable  \"><div class=\"header-bgs\"><picture><source srcset=\"https:\/\/www.capgemini.com\/dk-en\/wp-content\/uploads\/2022\/04\/Capgemini_Solutions_Intelligent-Assistant-for-Automotive.jpg?w=2880&amp;quality=70 1x, https:\/\/www.capgemini.com\/dk-en\/wp-content\/uploads\/2022\/04\/Capgemini_Solutions_Intelligent-Assistant-for-Automotive.jpg?w=2880&amp;quality=70 2x\" media=\"(min-width: 1500px)\"\/><source srcset=\"https:\/\/www.capgemini.com\/dk-en\/wp-content\/uploads\/2022\/04\/Capgemini_Solutions_Intelligent-Assistant-for-Automotive.jpg?w=1440&amp;quality=70 1x, https:\/\/www.capgemini.com\/dk-en\/wp-content\/uploads\/2022\/04\/Capgemini_Solutions_Intelligent-Assistant-for-Automotive.jpg?w=2880&amp;quality=70 2x\" media=\"(min-width: 992px)\"\/><source srcset=\"https:\/\/www.capgemini.com\/dk-en\/wp-content\/uploads\/2022\/04\/Capgemini_Solutions_Intelligent-Assistant-for-Automotive.jpg?w=1024&amp;quality=70 1x, https:\/\/www.capgemini.com\/dk-en\/wp-content\/uploads\/2022\/04\/Capgemini_Solutions_Intelligent-Assistant-for-Automotive.jpg?w=1024&amp;quality=70 2x\" media=\"(min-width: 768px)\"\/><source srcset=\"https:\/\/www.capgemini.com\/dk-en\/wp-content\/uploads\/2022\/04\/Capgemini_Solutions_Intelligent-Assistant-for-Automotive.jpg?w=768&amp;quality=70 1x, https:\/\/www.capgemini.com\/dk-en\/wp-content\/uploads\/2022\/04\/Capgemini_Solutions_Intelligent-Assistant-for-Automotive.jpg?w=768&amp;quality=70 2x\" media=\"(min-width: 0)\"\/><img decoding=\"async\" src=\"https:\/\/www.capgemini.com\/dk-en\/wp-content\/uploads\/2022\/04\/Capgemini_Solutions_Intelligent-Assistant-for-Automotive.jpg\" class=\"header-img header-img-d\" alt=\"Capgemini_Solutions_Intelligent-Assistant-for-Automotive\" style=\"object-fit:cover;object-position:52% 37%\" loading=\"eager\"\/><\/picture><\/div><div class=\"heroPictureCardHeaderShape\"><\/div><div class=\"container\"><div class=\"row\"><div class=\"col-md-12\"><div class=\"box\"><div class=\"boxTagWrapper\"><div class=\"tagInfo\"><div><span class=\"box-tag\">Soluci\u00f3n<\/span><\/div><\/div><\/div><div class=\"box-title\"><h1 data-maxlength=\"34\">Asistente Inteligente para Automoci\u00f3n<\/h1><\/div><div class=\"inner-row-insight download-btn\"><\/div><\/div><\/div><\/div><\/div><\/header>\n\n\n\n<section class=\"wp-block-cg-blocks-intro-para undefined section section--intro\"><div class=\"intro-para\"><div class=\"container\"><div class=\"row\"><div class=\"col-12 col-md-1\"><nav class=\"article-social\"><ul class=\"social-nav\"><li class=\"ip-order-fb\"><a href=\"https:\/\/www.facebook.com\/sharer\/sharer.php?u=https:\/\/www.capgemini.com\/es-es\/soluciones\/asistente-inteligente-para-automocion\/\" target=\"_blank\" rel=\"noopener noreferrer\" title=\"abrir en una nueva ventana\"><i aria-hidden=\"true\" class=\"icon-fb\"><\/i><span class=\"sr-only\">Facebook<\/span><\/a><\/li><li class=\"ip-order-tw\"><a href=\"https:\/\/twitter.com\/intent\/tweet?url=https:\/\/www.capgemini.com\/es-es\/soluciones\/asistente-inteligente-para-automocion\/&amp;text=Asistente Inteligente para Automoci\u00f3n\" target=\"_blank\" rel=\"noopener noreferrer\" title=\"abrir en una nueva ventana\"><i aria-hidden=\"true\" class=\"icon-tw\"><\/i><span class=\"sr-only\">Twitter<\/span><\/a><\/li><li class=\"ip-order-li\"><a href=\"https:\/\/www.linkedin.com\/sharing\/share-offsite\/?url=https:\/\/www.capgemini.com\/es-es\/soluciones\/asistente-inteligente-para-automocion\/&amp;text=Asistente Inteligente para Automoci\u00f3n\" target=\"_blank\" rel=\"noopener noreferrer\" title=\"abrir en una nueva ventana\"><i aria-hidden=\"true\" class=\"icon-li\"><\/i><span class=\"sr-only\">Linkedin<\/span><\/a><\/li><\/ul><\/nav><\/div><div class=\"col-12 col-md-11 col-lg-10\"><h2 class=\"intro-para-title\">Activar los datos para acelerar la inteligencia de la cadena de suministro de la automoci\u00f3n.<\/h2><p class=\"intro-para-content\">Las empresas de automoci\u00f3n tienen datos. El reto es extraer datos en tiempo real y hacer que esos datos trabajen para ti.<br><br>SAP\u00ae es un motor de datos, y ha llegado el momento de explotarlo. Se acabaron los d\u00edas de revisar los datos a posteriori mediante informes personalizados. Los fabricantes y proveedores de automoci\u00f3n necesitan informaci\u00f3n para tomar decisiones empresariales inteligentes en tiempo real. Es hora de detectar los problemas antes de que se conviertan en problemas costosos.<br><br>La aplicaci\u00f3n Capgemini Intelligent Assistant for Automotive aprovecha la potencia de los datos SAP para centrarse en los datos correctos ahora. Analiza transacciones, contabilizaciones, eventos o falta de eventos para detectar anomal\u00edas e indicar cualquier problema potencial en la cadena de suministro. Las variaciones en las transacciones activan una alerta para los empleados adecuados.<br><br>Intelligent Assistant for Automotive de Capgemini forma parte de las soluciones SAP de Capgemini para el sector de automoci\u00f3n. El conjunto completo de ofertas incluye SAP S\/4HANA Cloud for Automotive Suppliers y el acelerador AutoPath.<\/p><\/div><\/div><\/div><\/div><\/section>\n\n\n\n<section class=\"wp-block-cg-blocks-group undefined section section--article-content\"><div class=\"article-main-content\"><div class=\"container\"><div class=\"row\"><div class=\"col-12 col-md-11 col-lg-10 offset-md-1 offset-lg-1\"><div class=\"article-text article-quote-text\">\n<section class=\"wp-block-cg-blocks-intro-para-video section section--info-2cols section--insights section-video\"><div class=\"bg-color video-align-right\"><div class=\"container\"><div class=\"row video-align-left\"><div class=\"col-md-12\"><div class=\"video-align-left row box box--4 box--mini\"><div class=\"col-md-3\"><h4 data-maxlength=\"34\">Capgemin Asistente Inteligente<\/h4><div class=\"video-info\"><p data-maxlength=\"68\"><\/p><\/div><\/div><div class=\"col-md-8 box-img-wrapper\"><div class=\"video-box\"><div class=\"video-wrapper\"><iframe title=\"video section\" src=\"https:\/\/www.youtube.com\/embed\/YpG_ZYtl0ZA\" frameborder=\"0\" rel=\"0\" allow=\"accelerometer; autoplay; encrypted-media; gyroscope; picture-in-picture\" allowfullscreen><\/iframe><\/div><\/div><\/div><div class=\"col-md-1\"><\/div><\/div><\/div><\/div><\/div><\/div><\/section>\n\n\n\n<p>El Asistente Inteligente para Automoci\u00f3n de Capgemini realiza un seguimiento de los pedidos de ventas, los precios, las entregas, los recibos, las entradas y salidas de IDOC\/EDI y las facturas para mejorar las operaciones. La aplicaci\u00f3n tambi\u00e9n rastrea y realiza ajustes de datos para garantizar que se est\u00e1n utilizando datos m\u00e1s limpios para procesar. Esto se traduce en una mejor experiencia del cliente y del empleado, ya que los problemas pueden detectarse mucho antes en el proceso. Adem\u00e1s, la aplicaci\u00f3n aprende en funci\u00f3n de c\u00f3mo interact\u00faa el usuario, por lo que se adapta para ofrecer la informaci\u00f3n que es importante para su empresa.<\/p>\n\n\n\n<p><strong>El Asistente Inteligente para Automoci\u00f3n de Capgemini lo consigue:<\/strong><\/p>\n\n\n\n<ul class=\"wp-block-list\">\n<li>An\u00e1lisis de datos en tiempo real de los principales problemas a los que se enfrenta la cadena de suministro de la automoci\u00f3n<\/li>\n\n\n\n<li>Notificaciones personalizables para ayudar a los empleados a ser m\u00e1s eficientes y minimizar las interrupciones<\/li>\n\n\n\n<li>Opciones de despliegue r\u00e1pido en la nube.<\/li>\n<\/ul>\n\n\n\n<div style=\"height:30px\" aria-hidden=\"true\" class=\"wp-block-spacer\"><\/div>\n\n\n\n<h4 class=\"wp-block-heading\" id=\"h-asistente-inteligente-para-automocion\"><strong>Asistente inteligente para automoci\u00f3n<\/strong><\/h4>\n\n\n\n<figure class=\"wp-block-image alignleft size-full\"><a href=\"https:\/\/store.sap.com\/dcp\/en\/product\/display-0000060140_live_v1\/CIA4Auto\" target=\"_blank\" rel=\"noopener\"><img decoding=\"async\" src=\"https:\/\/www.capgemini.com\/dk-en\/wp-content\/uploads\/2022\/01\/Endorsed-on-available-on-sap-store-wh-bg.png\" alt=\"\" class=\"wp-image-647017\"\/><\/a><\/figure>\n\n\n\n<p>iOS, Android y basado en web, el Asistente Inteligente para Automoci\u00f3n de Capgemini funciona en cualquier entorno SAP &#8211; ECC o SAP S\/4HANA &#8211; sin importar el nivel de personalizaci\u00f3n.<\/p>\n<\/div><\/div><\/div><\/div><\/div><\/section>\n","protected":false},"excerpt":{"rendered":"","protected":false},"author":35,"featured_media":0,"parent":537594,"menu_order":0,"comment_status":"closed","ping_status":"closed","template":"","meta":{"cg_dt_proposed_to":[0],"cg_seo_hreflang_relations":"[]","cg_seo_canonical_relation":"","cg_seo_hreflang_x_default_relation":"","cg_dt_approved_content":false,"cg_dt_mandatory_content":false,"cg_dt_notes":"","cg_dg_source_changed":false,"cg_dt_link_disabled":false,"_yoast_wpseo_primary_brand":"","footnotes":"","featured_focal_points":"","partner_card_description":"","gsap_animation":0},"brand":[],"partner_type":[],"service":[],"industry":[25],"partners":[106],"page-type":[339],"content-group":[],"class_list":["post-5516","page","type-page","status-publish","hentry","industry-automotive","partners-sap","page-type-solutions"],"yoast_head":"<!-- This site is optimized with the Yoast SEO Premium plugin v22.8 (Yoast SEO v22.8) - https:\/\/yoast.com\/wordpress\/plugins\/seo\/ -->\n<title>Asistente Inteligente para Automoci\u00f3n | Capgemini<\/title>\n<meta name=\"description\" content=\"Activar los datos para acelerar la inteligencia de la cadena de suministro de la automoci\u00f3n.\" \/>\n<meta name=\"robots\" content=\"index, follow, max-snippet:-1, max-image-preview:large, max-video-preview:-1\" \/>\n<link rel=\"canonical\" href=\"https:\/\/www.capgemini.com\/es-es\/soluciones\/asistente-inteligente-para-automocion\/\" \/>\n<meta property=\"og:locale\" content=\"es_ES\" \/>\n<meta property=\"og:type\" content=\"article\" \/>\n<meta property=\"og:title\" content=\"Asistente Inteligente para Automoci\u00f3n\" \/>\n<meta property=\"og:description\" content=\"Activar los datos para acelerar la inteligencia de la cadena de suministro de la automoci\u00f3n.\" \/>\n<meta property=\"og:url\" content=\"https:\/\/www.capgemini.com\/es-es\/soluciones\/asistente-inteligente-para-automocion\/\" \/>\n<meta property=\"og:site_name\" content=\"Capgemini Spain\" \/>\n<meta property=\"article:modified_time\" content=\"2025-03-12T05:06:54+00:00\" \/>\n<meta property=\"og:image\" content=\"https:\/\/www.capgemini.com\/dk-en\/wp-content\/uploads\/2022\/04\/Capgemini_Solutions_Intelligent-Assistant-for-Automotive.jpg\" \/>\n<meta name=\"twitter:card\" content=\"summary_large_image\" \/>\n<meta name=\"twitter:label1\" content=\"Est. reading time\" \/>\n\t<meta name=\"twitter:data1\" content=\"3 minutes\" \/>\n<script type=\"application\/ld+json\" class=\"yoast-schema-graph\">{\"@context\":\"https:\/\/schema.org\",\"@graph\":[{\"@type\":\"WebPage\",\"@id\":\"https:\/\/www.capgemini.com\/es-es\/soluciones\/asistente-inteligente-para-automocion\/\",\"url\":\"https:\/\/www.capgemini.com\/es-es\/soluciones\/asistente-inteligente-para-automocion\/\",\"name\":\"Asistente Inteligente para Automoci\u00f3n | Capgemini\",\"isPartOf\":{\"@id\":\"https:\/\/www.capgemini.com\/es-es\/#website\"},\"primaryImageOfPage\":{\"@id\":\"https:\/\/www.capgemini.com\/es-es\/soluciones\/asistente-inteligente-para-automocion\/#primaryimage\"},\"image\":{\"@id\":\"https:\/\/www.capgemini.com\/es-es\/soluciones\/asistente-inteligente-para-automocion\/#primaryimage\"},\"thumbnailUrl\":\"https:\/\/www.capgemini.com\/dk-en\/wp-content\/uploads\/2022\/04\/Capgemini_Solutions_Intelligent-Assistant-for-Automotive.jpg\",\"datePublished\":\"2022-12-16T06:39:50+00:00\",\"dateModified\":\"2025-03-12T05:06:54+00:00\",\"description\":\"Activar los datos para acelerar la inteligencia de la cadena de suministro de la automoci\u00f3n.\",\"breadcrumb\":{\"@id\":\"https:\/\/www.capgemini.com\/es-es\/soluciones\/asistente-inteligente-para-automocion\/#breadcrumb\"},\"inLanguage\":\"es-ES\",\"potentialAction\":[{\"@type\":\"ReadAction\",\"target\":[\"https:\/\/www.capgemini.com\/es-es\/soluciones\/asistente-inteligente-para-automocion\/\"]}]},{\"@type\":\"ImageObject\",\"inLanguage\":\"es-ES\",\"@id\":\"https:\/\/www.capgemini.com\/es-es\/soluciones\/asistente-inteligente-para-automocion\/#primaryimage\",\"url\":\"https:\/\/www.capgemini.com\/dk-en\/wp-content\/uploads\/2022\/04\/Capgemini_Solutions_Intelligent-Assistant-for-Automotive.jpg\",\"contentUrl\":\"https:\/\/www.capgemini.com\/dk-en\/wp-content\/uploads\/2022\/04\/Capgemini_Solutions_Intelligent-Assistant-for-Automotive.jpg\"},{\"@type\":\"BreadcrumbList\",\"@id\":\"https:\/\/www.capgemini.com\/es-es\/soluciones\/asistente-inteligente-para-automocion\/#breadcrumb\",\"itemListElement\":[{\"@type\":\"ListItem\",\"position\":1,\"name\":\"Home\",\"item\":\"https:\/\/www.capgemini.com\/es-es\/\"},{\"@type\":\"ListItem\",\"position\":2,\"name\":\"Soluciones\",\"item\":\"https:\/\/www.capgemini.com\/es-es\/soluciones\/\"},{\"@type\":\"ListItem\",\"position\":3,\"name\":\"Asistente Inteligente para Automoci\u00f3n\"}]},{\"@type\":\"WebSite\",\"@id\":\"https:\/\/www.capgemini.com\/es-es\/#website\",\"url\":\"https:\/\/www.capgemini.com\/es-es\/\",\"name\":\"Capgemini Espa\u00f1a\",\"description\":\"Capgemini\",\"potentialAction\":[{\"@type\":\"SearchAction\",\"target\":{\"@type\":\"EntryPoint\",\"urlTemplate\":\"https:\/\/www.capgemini.com\/es-es\/?s={search_term_string}\"},\"query-input\":\"required name=search_term_string\"}],\"inLanguage\":\"es-ES\"}]}<\/script>\n<!-- \/ Yoast SEO Premium plugin. -->","yoast_head_json":{"title":"Asistente Inteligente para Automoci\u00f3n | Capgemini","description":"Activar los datos para acelerar la inteligencia de la cadena de suministro de la automoci\u00f3n.","robots":{"index":"index","follow":"follow","max-snippet":"max-snippet:-1","max-image-preview":"max-image-preview:large","max-video-preview":"max-video-preview:-1"},"canonical":"https:\/\/www.capgemini.com\/es-es\/soluciones\/asistente-inteligente-para-automocion\/","og_locale":"es_ES","og_type":"article","og_title":"Asistente Inteligente para Automoci\u00f3n","og_description":"Activar los datos para acelerar la inteligencia de la cadena de suministro de la automoci\u00f3n.","og_url":"https:\/\/www.capgemini.com\/es-es\/soluciones\/asistente-inteligente-para-automocion\/","og_site_name":"Capgemini Spain","article_modified_time":"2025-03-12T05:06:54+00:00","og_image":[{"url":"https:\/\/www.capgemini.com\/dk-en\/wp-content\/uploads\/2022\/04\/Capgemini_Solutions_Intelligent-Assistant-for-Automotive.jpg"}],"twitter_card":"summary_large_image","twitter_misc":{"Est. reading time":"3 minutes"},"schema":{"@context":"https:\/\/schema.org","@graph":[{"@type":"WebPage","@id":"https:\/\/www.capgemini.com\/es-es\/soluciones\/asistente-inteligente-para-automocion\/","url":"https:\/\/www.capgemini.com\/es-es\/soluciones\/asistente-inteligente-para-automocion\/","name":"Asistente Inteligente para Automoci\u00f3n | Capgemini","isPartOf":{"@id":"https:\/\/www.capgemini.com\/es-es\/#website"},"primaryImageOfPage":{"@id":"https:\/\/www.capgemini.com\/es-es\/soluciones\/asistente-inteligente-para-automocion\/#primaryimage"},"image":{"@id":"https:\/\/www.capgemini.com\/es-es\/soluciones\/asistente-inteligente-para-automocion\/#primaryimage"},"thumbnailUrl":"https:\/\/www.capgemini.com\/dk-en\/wp-content\/uploads\/2022\/04\/Capgemini_Solutions_Intelligent-Assistant-for-Automotive.jpg","datePublished":"2022-12-16T06:39:50+00:00","dateModified":"2025-03-12T05:06:54+00:00","description":"Activar los datos para acelerar la inteligencia de la cadena de suministro de la automoci\u00f3n.","breadcrumb":{"@id":"https:\/\/www.capgemini.com\/es-es\/soluciones\/asistente-inteligente-para-automocion\/#breadcrumb"},"inLanguage":"es-ES","potentialAction":[{"@type":"ReadAction","target":["https:\/\/www.capgemini.com\/es-es\/soluciones\/asistente-inteligente-para-automocion\/"]}]},{"@type":"ImageObject","inLanguage":"es-ES","@id":"https:\/\/www.capgemini.com\/es-es\/soluciones\/asistente-inteligente-para-automocion\/#primaryimage","url":"https:\/\/www.capgemini.com\/dk-en\/wp-content\/uploads\/2022\/04\/Capgemini_Solutions_Intelligent-Assistant-for-Automotive.jpg","contentUrl":"https:\/\/www.capgemini.com\/dk-en\/wp-content\/uploads\/2022\/04\/Capgemini_Solutions_Intelligent-Assistant-for-Automotive.jpg"},{"@type":"BreadcrumbList","@id":"https:\/\/www.capgemini.com\/es-es\/soluciones\/asistente-inteligente-para-automocion\/#breadcrumb","itemListElement":[{"@type":"ListItem","position":1,"name":"Home","item":"https:\/\/www.capgemini.com\/es-es\/"},{"@type":"ListItem","position":2,"name":"Soluciones","item":"https:\/\/www.capgemini.com\/es-es\/soluciones\/"},{"@type":"ListItem","position":3,"name":"Asistente Inteligente para Automoci\u00f3n"}]},{"@type":"WebSite","@id":"https:\/\/www.capgemini.com\/es-es\/#website","url":"https:\/\/www.capgemini.com\/es-es\/","name":"Capgemini Espa\u00f1a","description":"Capgemini","potentialAction":[{"@type":"SearchAction","target":{"@type":"EntryPoint","urlTemplate":"https:\/\/www.capgemini.com\/es-es\/?s={search_term_string}"},"query-input":"required name=search_term_string"}],"inLanguage":"es-ES"}]}},"brand_term":[],"parsely":{"version":"1.1.0","canonical_url":"https:\/\/capgemini.com\/es-es\/soluciones\/asistente-inteligente-para-automocion\/","smart_links":{"inbound":0,"outbound":0},"traffic_boost_suggestions_count":0,"meta":{"@context":"https:\/\/schema.org","@type":"WebPage","headline":"Asistente Inteligente para Automoci\u00f3n","url":"https:\/\/www.capgemini.com\/es-es\/soluciones\/asistente-inteligente-para-automocion\/","mainEntityOfPage":{"@type":"WebPage","@id":"https:\/\/www.capgemini.com\/es-es\/soluciones\/asistente-inteligente-para-automocion\/"},"thumbnailUrl":"","image":{"@type":"ImageObject","url":""},"articleSection":"Uncategorized","author":[],"creator":[],"publisher":{"@type":"Organization","name":"Capgemini Spain","logo":""},"keywords":[],"dateCreated":"2022-12-16T06:39:50Z","datePublished":"2022-12-16T06:39:50Z","dateModified":"2025-03-12T05:06:54Z"},"rendered":"<meta name=\"parsely-title\" content=\"Asistente Inteligente para Automoci\u00f3n\" \/>\n<meta name=\"parsely-link\" content=\"https:\/\/www.capgemini.com\/es-es\/soluciones\/asistente-inteligente-para-automocion\/\" \/>\n<meta name=\"parsely-type\" content=\"index\" \/>\n<meta name=\"parsely-pub-date\" content=\"2022-12-16T06:39:50Z\" \/>\n<meta name=\"parsely-section\" content=\"Uncategorized\" \/>","tracker_url":"https:\/\/cdn.parsely.com\/keys\/capgemini.com\/p.js"},"archive_status":false,"featured_image_src":"https:\/\/www.capgemini.com\/es-es\/wp-content\/themes\/capgemini2025\/assets\/images\/mockup.png","featured_image_alt":false,"jetpack_sharing_enabled":true,"distributor_meta":false,"distributor_terms":false,"distributor_media":false,"distributor_original_site_name":"Capgemini Spain","distributor_original_site_url":"https:\/\/www.capgemini.com\/es-es","push-errors":false,"_links":{"self":[{"href":"https:\/\/www.capgemini.com\/es-es\/wp-json\/wp\/v2\/pages\/5516","targetHints":{"allow":["GET"]}}],"collection":[{"href":"https:\/\/www.capgemini.com\/es-es\/wp-json\/wp\/v2\/pages"}],"about":[{"href":"https:\/\/www.capgemini.com\/es-es\/wp-json\/wp\/v2\/types\/page"}],"author":[{"embeddable":true,"href":"https:\/\/www.capgemini.com\/es-es\/wp-json\/wp\/v2\/users\/35"}],"replies":[{"embeddable":true,"href":"https:\/\/www.capgemini.com\/es-es\/wp-json\/wp\/v2\/comments?post=5516"}],"version-history":[{"count":2,"href":"https:\/\/www.capgemini.com\/es-es\/wp-json\/wp\/v2\/pages\/5516\/revisions"}],"predecessor-version":[{"id":567655,"href":"https:\/\/www.capgemini.com\/es-es\/wp-json\/wp\/v2\/pages\/5516\/revisions\/567655"}],"up":[{"embeddable":true,"href":"https:\/\/www.capgemini.com\/es-es\/wp-json\/wp\/v2\/pages\/537594"}],"wp:attachment":[{"href":"https:\/\/www.capgemini.com\/es-es\/wp-json\/wp\/v2\/media?parent=5516"}],"wp:term":[{"taxonomy":"brand","embeddable":true,"href":"https:\/\/www.capgemini.com\/es-es\/wp-json\/wp\/v2\/brand?post=5516"},{"taxonomy":"partner_type","embeddable":true,"href":"https:\/\/www.capgemini.com\/es-es\/wp-json\/wp\/v2\/partner_type?post=5516"},{"taxonomy":"service","embeddable":true,"href":"https:\/\/www.capgemini.com\/es-es\/wp-json\/wp\/v2\/service?post=5516"},{"taxonomy":"industry","embeddable":true,"href":"https:\/\/www.capgemini.com\/es-es\/wp-json\/wp\/v2\/industry?post=5516"},{"taxonomy":"partners","embeddable":true,"href":"https:\/\/www.capgemini.com\/es-es\/wp-json\/wp\/v2\/partners?post=5516"},{"taxonomy":"page-type","embeddable":true,"href":"https:\/\/www.capgemini.com\/es-es\/wp-json\/wp\/v2\/page-type?post=5516"},{"taxonomy":"content-group","embeddable":true,"href":"https:\/\/www.capgemini.com\/es-es\/wp-json\/wp\/v2\/content-group?post=5516"}],"curies":[{"name":"wp","href":"https:\/\/api.w.org\/{rel}","templated":true}]}}