{"id":550171,"date":"2023-10-17T13:26:05","date_gmt":"2023-10-17T11:26:05","guid":{"rendered":"https:\/\/www.capgemini.com\/es-es\/?page_id=550171&#038;preview_id=550171"},"modified":"2025-11-06T17:47:04","modified_gmt":"2025-11-06T16:47:04","slug":"job-search","status":"publish","type":"page","link":"https:\/\/www.capgemini.com\/es-es\/talento\/trabaja-en-capgemini\/busqueda-de-empleo\/","title":{"rendered":"B\u00fasqueda de empleo"},"content":{"rendered":"<div id=\"cg-jobs-search-root\"><\/div>\n\n\n\n<section class=\"wp-block-cg-blocks-social-media undefined is-style-cg-purple social-media-block\"><div class=\"container\"><div class=\"social-media-block-content-wrapper\"><h3>Conecta con nosotros en redes sociales<\/h3><ul><li><a href=\"https:\/\/www.facebook.com\/CapgeminiSpain\/\" target=\"_blank\" rel=\"noopener\" title=\"abrir en una nueva ventana\"><i aria-hidden=\"true\" aria-label=\"Facebook\" class=\"icon-fb\"><\/i><span class=\"sr-only\">Facebook<\/span><\/a><\/li><li><a href=\"https:\/\/twitter.com\/Capgemini_es\" target=\"_blank\" rel=\"noopener\" title=\"abrir en una nueva ventana\"><i aria-hidden=\"true\" aria-label=\"Linkedin\" class=\"icon-tw\"><\/i><span class=\"sr-only\">Linkedin<\/span><\/a><\/li><li><a href=\"https:\/\/www.linkedin.com\/company\/capgemini\/\" target=\"_blank\" rel=\"noopener\" title=\"abrir en una nueva ventana\"><i aria-hidden=\"true\" aria-label=\"Linkedin\" class=\"icon-li\"><\/i><span class=\"sr-only\">Linkedin<\/span><\/a><\/li><li><a href=\"https:\/\/www.youtube.com\/user\/capgeminimedia\" target=\"_blank\" rel=\"noopener\" title=\"abrir en una nueva ventana\"><i aria-hidden=\"true\" aria-label=\"Youtube\" class=\"icon-yt\"><\/i><span class=\"sr-only\">Youtube<\/span><\/a><\/li><li><a href=\"https:\/\/www.instagram.com\/capgemini_es\/\" target=\"_blank\" rel=\"noopener\" title=\"abrir en una nueva ventana\"><i aria-hidden=\"true\" aria-label=\"Instagram\" class=\"icon-in\"><\/i><span class=\"sr-only\">Instagram<\/span><\/a><\/li><\/ul><\/div><\/div><\/section>\n","protected":false},"excerpt":{"rendered":"","protected":false},"author":120,"featured_media":550172,"parent":550111,"menu_order":3,"comment_status":"closed","ping_status":"closed","template":"","meta":{"cg_dt_proposed_to":[],"cg_seo_hreflang_relations":"[{\"uuid\":\"17901e39-a19a-4867-8289-ccac55cc0845\",\"blogId\":\"1\",\"domain\":\"www.capgemini.com\",\"sitePath\":\"\/\",\"postLink\":\"https:\/\/www.capgemini.com\/careers\/join-us\/\",\"postId\":513185,\"isSaved\":true,\"isCrossLink\":false,\"hasCrossLink\":false},{\"uuid\":\"22c31baa-c867-44a0-bd80-0db59fc5242c\",\"blogId\":\"5\",\"domain\":\"www.capgemini.com\",\"sitePath\":\"\/gb-en\/\",\"postLink\":\"https:\/\/www.capgemini.com\/gb-en\/careers\/join-us\/\",\"postId\":556430,\"isSaved\":true,\"isCrossLink\":false,\"hasCrossLink\":false},{\"uuid\":\"e6747836-17ca-40f6-9d78-62ea45df30ca\",\"blogId\":\"6\",\"domain\":\"www.capgemini.com\",\"sitePath\":\"\/fr-fr\/\",\"postLink\":\"https:\/\/www.capgemini.com\/fr-fr\/carrieres\/nous-rejoindre\/\",\"postId\":671580,\"isSaved\":true,\"isCrossLink\":false,\"hasCrossLink\":false},{\"uuid\":\"61095649-98a2-4b31-8d3f-e99aff515199\",\"blogId\":\"11\",\"domain\":\"www.capgemini.com\",\"sitePath\":\"\/at-de\/\",\"postLink\":\"https:\/\/www.capgemini.com\/at-de\/karriere\/jobs\/\",\"postId\":627824,\"isSaved\":true,\"isCrossLink\":false,\"hasCrossLink\":false},{\"uuid\":\"c00019b9-4896-4f60-8b2e-c5835e2707ee\",\"blogId\":\"8\",\"domain\":\"www.capgemini.com\",\"sitePath\":\"\/de-de\/\",\"postLink\":\"https:\/\/www.capgemini.com\/de-de\/karriere\/jobs\/\",\"postId\":533995,\"isSaved\":true,\"isCrossLink\":false,\"hasCrossLink\":false},{\"uuid\":\"df34ec61-bb5d-467e-bf44-f5cfeb4ecc77\",\"blogId\":\"7\",\"domain\":\"www.capgemini.com\",\"sitePath\":\"\/dk-en\/\",\"postLink\":\"https:\/\/www.capgemini.com\/dk-en\/careers\/join-us\/\",\"postId\":513185,\"isSaved\":true,\"isCrossLink\":false,\"hasCrossLink\":false},{\"uuid\":\"ff6570e6-13d5-4fce-93aa-154780a44bf7\",\"blogId\":\"9\",\"domain\":\"www.capgemini.com\",\"sitePath\":\"\/ar-es\/\",\"postLink\":\"https:\/\/www.capgemini.com\/ar-es\/careers\/join-us\/\",\"postId\":5839,\"isSaved\":true,\"isCrossLink\":false,\"hasCrossLink\":false},{\"uuid\":\"643e1b6a-4b27-4acd-955d-3ea044cabcc6\",\"blogId\":\"10\",\"domain\":\"www.capgemini.com\",\"sitePath\":\"\/au-en\/\",\"postLink\":\"https:\/\/www.capgemini.com\/au-en\/careers\/join-us\/\",\"postId\":133141,\"isSaved\":true,\"isCrossLink\":false,\"hasCrossLink\":false},{\"uuid\":\"d33a876d-c3a8-4d2c-bde3-a17d2792959c\",\"blogId\":\"14\",\"domain\":\"www.capgemini.com\",\"sitePath\":\"\/be-en\/\",\"postLink\":\"https:\/\/www.capgemini.com\/be-en\/careers\/join-us\/\",\"postId\":513185,\"isSaved\":true,\"isCrossLink\":false,\"hasCrossLink\":false},{\"uuid\":\"2147759d-9fc0-430a-b6ea-276390a6c612\",\"blogId\":\"15\",\"domain\":\"www.capgemini.com\",\"sitePath\":\"\/it-it\/\",\"postLink\":\"https:\/\/www.capgemini.com\/it-it\/carriere\/lavora-con-noi\/\",\"postId\":513185,\"isSaved\":true,\"isCrossLink\":false,\"hasCrossLink\":false},{\"uuid\":\"bef60b62-05e3-455e-b5e7-7e73660cc799\",\"blogId\":\"16\",\"domain\":\"www.capgemini.com\",\"sitePath\":\"\/es-es\/\",\"postLink\":\"https:\/\/www.capgemini.com\/es-es\/talento\/join-us\/\",\"postId\":5839,\"isSaved\":true,\"isCrossLink\":false,\"hasCrossLink\":false},{\"uuid\":\"f1b9886a-cabd-4b36-9593-b131fceedd7c\",\"blogId\":\"17\",\"domain\":\"www.capgemini.com\",\"sitePath\":\"\/ca-en\/\",\"postLink\":\"https:\/\/www.capgemini.com\/ca-en\/careers\/join-us\/\",\"postId\":584583,\"isSaved\":true,\"isCrossLink\":false,\"hasCrossLink\":false},{\"uuid\":\"7f4881cf-30b6-41ad-80bf-57d6c8675bbf\",\"blogId\":\"20\",\"domain\":\"www.capgemini.com\",\"sitePath\":\"\/se-en\/\",\"postLink\":\"https:\/\/www.capgemini.com\/se-en\/careers\/join-us\/\",\"postId\":133141,\"isSaved\":true,\"isCrossLink\":false,\"hasCrossLink\":false},{\"uuid\":\"7171ed3c-136b-411e-8702-dc7e18448321\",\"blogId\":\"21\",\"domain\":\"www.capgemini.com\",\"sitePath\":\"\/ca-fr\/\",\"postLink\":\"https:\/\/www.capgemini.com\/ca-fr\/carrieres\/nous-rejoindre\/\",\"postId\":671580,\"isSaved\":true,\"isCrossLink\":false,\"hasCrossLink\":false},{\"uuid\":\"b7af6074-cfd9-492b-b2b6-1dabf900e607\",\"blogId\":\"22\",\"domain\":\"www.capgemini.com\",\"sitePath\":\"\/jp-jp\/\",\"postLink\":\"https:\/\/www.capgemini.com\/jp-jp\/join-us\/\",\"postId\":11060,\"isSaved\":true,\"isCrossLink\":false,\"hasCrossLink\":false},{\"uuid\":\"f23c8ce1-bcdf-49a7-a83e-acb2abf3b74d\",\"blogId\":\"23\",\"domain\":\"www.capgemini.com\",\"sitePath\":\"\/no-no\/\",\"postLink\":\"https:\/\/www.capgemini.com\/no-no\/careers\/join-us\/\",\"postId\":513185,\"isSaved\":true,\"isCrossLink\":false,\"hasCrossLink\":false},{\"uuid\":\"efe04ae3-2951-4df9-9bdc-618147b290dc\",\"blogId\":\"24\",\"domain\":\"www.capgemini.com\",\"sitePath\":\"\/ch-en\/\",\"postLink\":\"https:\/\/www.capgemini.com\/ch-en\/careers\/join-us\/\",\"postId\":627824,\"isSaved\":true,\"isCrossLink\":false,\"hasCrossLink\":false},{\"uuid\":\"ee7a2a9c-8740-4485-b7e1-9a1fcbf408b1\",\"blogId\":\"25\",\"domain\":\"www.capgemini.com\",\"sitePath\":\"\/co-es\/\",\"postLink\":\"https:\/\/www.capgemini.com\/co-es\/careers\/join-us\/\",\"postId\":5839,\"isSaved\":true,\"isCrossLink\":false,\"hasCrossLink\":false},{\"uuid\":\"ecac4861-e040-4aed-961c-bbdd13458c1f\",\"blogId\":\"26\",\"domain\":\"www.capgemini.com\",\"sitePath\":\"\/fi-en\/\",\"postLink\":\"https:\/\/www.capgemini.com\/fi-en\/careers\/join-us\/\",\"postId\":503907,\"isSaved\":true,\"isCrossLink\":false,\"hasCrossLink\":false},{\"uuid\":\"687561e4-638c-4395-88df-31a02c9c63f9\",\"blogId\":\"27\",\"domain\":\"www.capgemini.com\",\"sitePath\":\"\/pl-pl\/\",\"postLink\":\"https:\/\/www.capgemini.com\/pl-pl\/careers\/join-us\/\",\"postId\":20872,\"isSaved\":true,\"isCrossLink\":false,\"hasCrossLink\":false},{\"uuid\":\"51320e7d-7a75-44aa-b4db-f54986a646d9\",\"blogId\":\"28\",\"domain\":\"www.capgemini.com\",\"sitePath\":\"\/mx-es\/\",\"postLink\":\"https:\/\/www.capgemini.com\/mx-es\/careers\/join-us\/\",\"postId\":5839,\"isSaved\":true,\"isCrossLink\":false,\"hasCrossLink\":false},{\"uuid\":\"e268f574-2278-4fb8-852b-8b01ad56a844\",\"blogId\":\"29\",\"domain\":\"www.capgemini.com\",\"sitePath\":\"\/pt-en\/\",\"postLink\":\"https:\/\/www.capgemini.com\/pt-en\/careers\/join-us\/\",\"postId\":627824,\"isSaved\":true,\"isCrossLink\":false,\"hasCrossLink\":false},{\"uuid\":\"6fb0271f-453c-4133-a998-ee3d93e0e239\",\"blogId\":\"30\",\"domain\":\"www.capgemini.com\",\"sitePath\":\"\/us-en\/\",\"postLink\":\"https:\/\/www.capgemini.com\/us-en\/join-us\/\",\"postId\":584583,\"isSaved\":true,\"isCrossLink\":false,\"hasCrossLink\":false},{\"uuid\":\"a25c873a-abf6-4fd0-a831-8088653e7221\",\"blogId\":\"31\",\"domain\":\"www.capgemini.com\",\"sitePath\":\"\/cz-en\/\",\"postLink\":\"https:\/\/www.capgemini.com\/cz-en\/join-us\/\",\"postId\":129,\"isSaved\":true,\"isCrossLink\":false,\"hasCrossLink\":false},{\"uuid\":\"afd9c050-018c-4d82-b555-ea499f02c435\",\"blogId\":\"32\",\"domain\":\"www.capgemini.com\",\"sitePath\":\"\/hu-en\/\",\"postLink\":\"https:\/\/www.capgemini.com\/hu-en\/join-us\/\",\"postId\":217,\"isSaved\":true,\"isCrossLink\":false,\"hasCrossLink\":false},{\"uuid\":\"7773cf89-869a-4bb2-8730-935d8ccd299b\",\"blogId\":\"35\",\"domain\":\"www.capgemini.com\",\"sitePath\":\"\/ro-en\/\",\"postLink\":\"https:\/\/www.capgemini.com\/ro-en\/join-us\/\",\"postId\":77,\"isSaved\":true,\"isCrossLink\":false,\"hasCrossLink\":false},{\"uuid\":\"d76ef7e0-c38e-4577-bb30-3575c589ec35\",\"blogId\":\"37\",\"domain\":\"www.capgemini.com\",\"sitePath\":\"\/nz-en\/\",\"postLink\":\"https:\/\/www.capgemini.com\/nz-en\/join-us\/\",\"postId\":628520,\"isSaved\":true,\"isCrossLink\":false,\"hasCrossLink\":false},{\"uuid\":\"6e101320-d899-43d0-861d-a348790115fb\",\"blogId\":\"40\",\"domain\":\"www.capgemini.com\",\"sitePath\":\"\/gu-en\/\",\"postLink\":\"https:\/\/www.capgemini.com\/gu-en\/join-us\/\",\"postId\":628883,\"isSaved\":true,\"isCrossLink\":false,\"hasCrossLink\":false},{\"uuid\":\"d2e05131-f0de-468e-93ae-a3ff5b723394\",\"blogId\":\"38\",\"domain\":\"www.capgemini.com\",\"sitePath\":\"\/eg-en\/\",\"postLink\":\"https:\/\/www.capgemini.com\/eg-en\/jobs\/\",\"postId\":347,\"isSaved\":true,\"isCrossLink\":true,\"hasCrossLink\":false},{\"uuid\":\"96e255ae-b4a7-4cfb-a594-ef6ef9b24b17\",\"blogId\":\"18\",\"domain\":\"www.capgemini.com\",\"sitePath\":\"\/in-en\/\",\"postLink\":\"https:\/\/www.capgemini.com\/in-en\/careers\/join-us\/\",\"postId\":973623,\"isSaved\":true,\"isCrossLink\":true,\"hasCrossLink\":false}]","cg_seo_canonical_relation":"{\"uuid\":\"e060c003-13e3-4f6f-aaeb-c890be31e9ee\",\"blogId\":\"1\",\"domain\":\"www.capgemini.com\",\"sitePath\":\"\/\",\"postLink\":\"https:\/\/www.capgemini.com\/es-es\/talento\/trabaja-en-capgemini\/busqueda-de-empleo\/\",\"postId\":513185,\"isSaved\":true,\"isCrossLink\":false,\"hasCrossLink\":false}","cg_seo_hreflang_x_default_relation":"{\"uuid\":\"9ffea4cf-64ba-40e4-b301-c78da88c23bd\",\"blogId\":\"1\",\"domain\":\"www.capgemini.com\",\"sitePath\":\"\/\",\"postLink\":\"https:\/\/www.capgemini.com\/careers\/join-capgemini\/job-search\/\",\"postId\":513185,\"isSaved\":false,\"isCrossLink\":false,\"hasCrossLink\":false,\"isEnabled\":true}","cg_dt_approved_content":true,"cg_dt_mandatory_content":false,"cg_dt_notes":"","cg_dg_source_changed":true,"cg_dt_link_disabled":false,"_yoast_wpseo_primary_brand":"","footnotes":"","featured_focal_points":"","partner_card_description":"","gsap_animation":0},"brand":[],"partner_type":[],"service":[],"industry":[],"partners":[],"page-type":[446],"content-group":[],"class_list":["post-550171","page","type-page","status-publish","has-post-thumbnail","hentry","page-type-careers"],"yoast_head":"<!-- This site is optimized with the Yoast SEO Premium plugin v22.8 (Yoast SEO v22.8) - https:\/\/yoast.com\/wordpress\/plugins\/seo\/ -->\n<title>\u00danete | Trabaja en Capgemini<\/title>\n<meta name=\"description\" content=\"\u00bfBuscas un nuevo trabajo en consultor\u00eda, servicios tecnol\u00f3gicos y transformaci\u00f3n digital? Encuentra puestos vacantes y ofertas de empleo en el Grupo Capgemini.\" \/>\n<meta name=\"robots\" content=\"index, follow, max-snippet:-1, max-image-preview:large, max-video-preview:-1\" \/>\n<link rel=\"canonical\" href=\"https:\/\/www.capgemini.com\/es-es\/talento\/trabaja-en-capgemini\/busqueda-de-empleo\/\" \/>\n<meta property=\"og:locale\" content=\"es_ES\" \/>\n<meta property=\"og:type\" content=\"article\" \/>\n<meta property=\"og:title\" content=\"B\u00fasqueda de empleo\" \/>\n<meta property=\"og:description\" content=\"\u00bfBuscas un nuevo trabajo en consultor\u00eda, servicios tecnol\u00f3gicos y transformaci\u00f3n digital? Encuentra puestos vacantes y ofertas de empleo en el Grupo Capgemini.\" \/>\n<meta property=\"og:url\" content=\"https:\/\/www.capgemini.com\/es-es\/talento\/trabaja-en-capgemini\/busqueda-de-empleo\/\" \/>\n<meta property=\"og:site_name\" content=\"Capgemini Spain\" \/>\n<meta property=\"article:modified_time\" content=\"2025-11-06T16:47:04+00:00\" \/>\n<meta property=\"og:image\" content=\"https:\/\/www.capgemini.com\/es-es\/wp-content\/uploads\/sites\/16\/2025\/10\/New-Web-preview-global.jpg\" \/>\n\t<meta property=\"og:image:width\" content=\"1200\" \/>\n\t<meta property=\"og:image:height\" content=\"627\" \/>\n\t<meta property=\"og:image:type\" content=\"image\/jpeg\" \/>\n<meta name=\"twitter:card\" content=\"summary_large_image\" \/>\n<meta name=\"twitter:label1\" content=\"Est. reading time\" \/>\n\t<meta name=\"twitter:data1\" content=\"1 minute\" \/>\n<script type=\"application\/ld+json\" class=\"yoast-schema-graph\">{\"@context\":\"https:\/\/schema.org\",\"@graph\":[{\"@type\":\"WebPage\",\"@id\":\"https:\/\/www.capgemini.com\/es-es\/talento\/trabaja-en-capgemini\/busqueda-de-empleo\/\",\"url\":\"https:\/\/www.capgemini.com\/es-es\/talento\/trabaja-en-capgemini\/busqueda-de-empleo\/\",\"name\":\"\u00danete | Trabaja en Capgemini\",\"isPartOf\":{\"@id\":\"https:\/\/www.capgemini.com\/es-es\/#website\"},\"primaryImageOfPage\":{\"@id\":\"https:\/\/www.capgemini.com\/es-es\/talento\/trabaja-en-capgemini\/busqueda-de-empleo\/#primaryimage\"},\"image\":{\"@id\":\"https:\/\/www.capgemini.com\/es-es\/talento\/trabaja-en-capgemini\/busqueda-de-empleo\/#primaryimage\"},\"thumbnailUrl\":\"https:\/\/www.capgemini.com\/es-es\/wp-content\/uploads\/sites\/16\/2023\/10\/GettyImages-522999872.jpg\",\"datePublished\":\"2023-10-17T11:26:05+00:00\",\"dateModified\":\"2025-11-06T16:47:04+00:00\",\"description\":\"\u00bfBuscas un nuevo trabajo en consultor\u00eda, servicios tecnol\u00f3gicos y transformaci\u00f3n digital? Encuentra puestos vacantes y ofertas de empleo en el Grupo Capgemini.\",\"breadcrumb\":{\"@id\":\"https:\/\/www.capgemini.com\/es-es\/talento\/trabaja-en-capgemini\/busqueda-de-empleo\/#breadcrumb\"},\"inLanguage\":\"es-ES\",\"potentialAction\":[{\"@type\":\"ReadAction\",\"target\":[\"https:\/\/www.capgemini.com\/es-es\/talento\/trabaja-en-capgemini\/busqueda-de-empleo\/\"]}]},{\"@type\":\"ImageObject\",\"inLanguage\":\"es-ES\",\"@id\":\"https:\/\/www.capgemini.com\/es-es\/talento\/trabaja-en-capgemini\/busqueda-de-empleo\/#primaryimage\",\"url\":\"https:\/\/www.capgemini.com\/es-es\/wp-content\/uploads\/sites\/16\/2023\/10\/GettyImages-522999872.jpg\",\"contentUrl\":\"https:\/\/www.capgemini.com\/es-es\/wp-content\/uploads\/sites\/16\/2023\/10\/GettyImages-522999872.jpg\",\"width\":5760,\"height\":3840},{\"@type\":\"BreadcrumbList\",\"@id\":\"https:\/\/www.capgemini.com\/es-es\/talento\/trabaja-en-capgemini\/busqueda-de-empleo\/#breadcrumb\",\"itemListElement\":[{\"@type\":\"ListItem\",\"position\":1,\"name\":\"Home\",\"item\":\"https:\/\/www.capgemini.com\/es-es\/\"},{\"@type\":\"ListItem\",\"position\":2,\"name\":\"Talento\",\"item\":\"https:\/\/www.capgemini.com\/es-es\/talento\/\"},{\"@type\":\"ListItem\",\"position\":3,\"name\":\"Trabaja en Capgemini\",\"item\":\"https:\/\/www.capgemini.com\/es-es\/talento\/trabaja-en-capgemini\/\"},{\"@type\":\"ListItem\",\"position\":4,\"name\":\"B\u00fasqueda de empleo\"}]},{\"@type\":\"WebSite\",\"@id\":\"https:\/\/www.capgemini.com\/es-es\/#website\",\"url\":\"https:\/\/www.capgemini.com\/es-es\/\",\"name\":\"Capgemini Espa\u00f1a\",\"description\":\"Capgemini\",\"potentialAction\":[{\"@type\":\"SearchAction\",\"target\":{\"@type\":\"EntryPoint\",\"urlTemplate\":\"https:\/\/www.capgemini.com\/es-es\/?s={search_term_string}\"},\"query-input\":\"required name=search_term_string\"}],\"inLanguage\":\"es-ES\"}]}<\/script>\n<!-- \/ Yoast SEO Premium plugin. -->","yoast_head_json":{"title":"\u00danete | Trabaja en Capgemini","description":"\u00bfBuscas un nuevo trabajo en consultor\u00eda, servicios tecnol\u00f3gicos y transformaci\u00f3n digital? Encuentra puestos vacantes y ofertas de empleo en el Grupo Capgemini.","robots":{"index":"index","follow":"follow","max-snippet":"max-snippet:-1","max-image-preview":"max-image-preview:large","max-video-preview":"max-video-preview:-1"},"canonical":"https:\/\/www.capgemini.com\/es-es\/talento\/trabaja-en-capgemini\/busqueda-de-empleo\/","og_locale":"es_ES","og_type":"article","og_title":"B\u00fasqueda de empleo","og_description":"\u00bfBuscas un nuevo trabajo en consultor\u00eda, servicios tecnol\u00f3gicos y transformaci\u00f3n digital? Encuentra puestos vacantes y ofertas de empleo en el Grupo Capgemini.","og_url":"https:\/\/www.capgemini.com\/es-es\/talento\/trabaja-en-capgemini\/busqueda-de-empleo\/","og_site_name":"Capgemini Spain","article_modified_time":"2025-11-06T16:47:04+00:00","og_image":[{"width":1200,"height":627,"url":"https:\/\/www.capgemini.com\/es-es\/wp-content\/uploads\/sites\/16\/2025\/10\/New-Web-preview-global.jpg","type":"image\/jpeg"}],"twitter_card":"summary_large_image","twitter_misc":{"Est. reading time":"1 minute"},"schema":{"@context":"https:\/\/schema.org","@graph":[{"@type":"WebPage","@id":"https:\/\/www.capgemini.com\/es-es\/talento\/trabaja-en-capgemini\/busqueda-de-empleo\/","url":"https:\/\/www.capgemini.com\/es-es\/talento\/trabaja-en-capgemini\/busqueda-de-empleo\/","name":"\u00danete | Trabaja en Capgemini","isPartOf":{"@id":"https:\/\/www.capgemini.com\/es-es\/#website"},"primaryImageOfPage":{"@id":"https:\/\/www.capgemini.com\/es-es\/talento\/trabaja-en-capgemini\/busqueda-de-empleo\/#primaryimage"},"image":{"@id":"https:\/\/www.capgemini.com\/es-es\/talento\/trabaja-en-capgemini\/busqueda-de-empleo\/#primaryimage"},"thumbnailUrl":"https:\/\/www.capgemini.com\/es-es\/wp-content\/uploads\/sites\/16\/2023\/10\/GettyImages-522999872.jpg","datePublished":"2023-10-17T11:26:05+00:00","dateModified":"2025-11-06T16:47:04+00:00","description":"\u00bfBuscas un nuevo trabajo en consultor\u00eda, servicios tecnol\u00f3gicos y transformaci\u00f3n digital? Encuentra puestos vacantes y ofertas de empleo en el Grupo Capgemini.","breadcrumb":{"@id":"https:\/\/www.capgemini.com\/es-es\/talento\/trabaja-en-capgemini\/busqueda-de-empleo\/#breadcrumb"},"inLanguage":"es-ES","potentialAction":[{"@type":"ReadAction","target":["https:\/\/www.capgemini.com\/es-es\/talento\/trabaja-en-capgemini\/busqueda-de-empleo\/"]}]},{"@type":"ImageObject","inLanguage":"es-ES","@id":"https:\/\/www.capgemini.com\/es-es\/talento\/trabaja-en-capgemini\/busqueda-de-empleo\/#primaryimage","url":"https:\/\/www.capgemini.com\/es-es\/wp-content\/uploads\/sites\/16\/2023\/10\/GettyImages-522999872.jpg","contentUrl":"https:\/\/www.capgemini.com\/es-es\/wp-content\/uploads\/sites\/16\/2023\/10\/GettyImages-522999872.jpg","width":5760,"height":3840},{"@type":"BreadcrumbList","@id":"https:\/\/www.capgemini.com\/es-es\/talento\/trabaja-en-capgemini\/busqueda-de-empleo\/#breadcrumb","itemListElement":[{"@type":"ListItem","position":1,"name":"Home","item":"https:\/\/www.capgemini.com\/es-es\/"},{"@type":"ListItem","position":2,"name":"Talento","item":"https:\/\/www.capgemini.com\/es-es\/talento\/"},{"@type":"ListItem","position":3,"name":"Trabaja en Capgemini","item":"https:\/\/www.capgemini.com\/es-es\/talento\/trabaja-en-capgemini\/"},{"@type":"ListItem","position":4,"name":"B\u00fasqueda de empleo"}]},{"@type":"WebSite","@id":"https:\/\/www.capgemini.com\/es-es\/#website","url":"https:\/\/www.capgemini.com\/es-es\/","name":"Capgemini Espa\u00f1a","description":"Capgemini","potentialAction":[{"@type":"SearchAction","target":{"@type":"EntryPoint","urlTemplate":"https:\/\/www.capgemini.com\/es-es\/?s={search_term_string}"},"query-input":"required name=search_term_string"}],"inLanguage":"es-ES"}]}},"brand_term":[],"parsely":{"version":"1.1.0","canonical_url":"https:\/\/capgemini.com\/es-es\/talento\/trabaja-en-capgemini\/busqueda-de-empleo\/","smart_links":{"inbound":0,"outbound":0},"traffic_boost_suggestions_count":0,"meta":{"@context":"https:\/\/schema.org","@type":"WebPage","headline":"B\u00fasqueda de empleo","url":"https:\/\/www.capgemini.com\/es-es\/talento\/trabaja-en-capgemini\/busqueda-de-empleo\/","mainEntityOfPage":{"@type":"WebPage","@id":"https:\/\/www.capgemini.com\/es-es\/talento\/trabaja-en-capgemini\/busqueda-de-empleo\/"},"thumbnailUrl":"https:\/\/www.capgemini.com\/es-es\/wp-content\/uploads\/sites\/16\/2023\/10\/GettyImages-522999872.jpg?w=150&h=150&crop=1","image":{"@type":"ImageObject","url":"https:\/\/www.capgemini.com\/es-es\/wp-content\/uploads\/sites\/16\/2023\/10\/GettyImages-522999872.jpg"},"articleSection":"Uncategorized","author":[],"creator":[],"publisher":{"@type":"Organization","name":"Capgemini Spain","logo":""},"keywords":[],"dateCreated":"2023-10-17T11:26:05Z","datePublished":"2023-10-17T11:26:05Z","dateModified":"2025-11-06T16:47:04Z"},"rendered":"<meta name=\"parsely-title\" content=\"B\u00fasqueda de empleo\" \/>\n<meta name=\"parsely-link\" content=\"https:\/\/www.capgemini.com\/es-es\/talento\/trabaja-en-capgemini\/busqueda-de-empleo\/\" \/>\n<meta name=\"parsely-type\" content=\"index\" \/>\n<meta name=\"parsely-image-url\" content=\"https:\/\/www.capgemini.com\/es-es\/wp-content\/uploads\/sites\/16\/2023\/10\/GettyImages-522999872.jpg?w=150&amp;h=150&amp;crop=1\" \/>\n<meta name=\"parsely-pub-date\" content=\"2023-10-17T11:26:05Z\" \/>\n<meta name=\"parsely-section\" content=\"Uncategorized\" \/>","tracker_url":"https:\/\/cdn.parsely.com\/keys\/capgemini.com\/p.js"},"archive_status":false,"featured_image_src":"https:\/\/www.capgemini.com\/es-es\/wp-content\/uploads\/sites\/16\/2023\/10\/GettyImages-522999872.jpg","featured_image_alt":"","jetpack_sharing_enabled":true,"distributor_meta":false,"distributor_terms":false,"distributor_media":false,"distributor_original_site_name":"Capgemini Spain","distributor_original_site_url":"https:\/\/www.capgemini.com\/es-es","push-errors":false,"_links":{"self":[{"href":"https:\/\/www.capgemini.com\/es-es\/wp-json\/wp\/v2\/pages\/550171","targetHints":{"allow":["GET"]}}],"collection":[{"href":"https:\/\/www.capgemini.com\/es-es\/wp-json\/wp\/v2\/pages"}],"about":[{"href":"https:\/\/www.capgemini.com\/es-es\/wp-json\/wp\/v2\/types\/page"}],"author":[{"embeddable":true,"href":"https:\/\/www.capgemini.com\/es-es\/wp-json\/wp\/v2\/users\/120"}],"replies":[{"embeddable":true,"href":"https:\/\/www.capgemini.com\/es-es\/wp-json\/wp\/v2\/comments?post=550171"}],"version-history":[{"count":4,"href":"https:\/\/www.capgemini.com\/es-es\/wp-json\/wp\/v2\/pages\/550171\/revisions"}],"predecessor-version":[{"id":576676,"href":"https:\/\/www.capgemini.com\/es-es\/wp-json\/wp\/v2\/pages\/550171\/revisions\/576676"}],"up":[{"embeddable":true,"href":"https:\/\/www.capgemini.com\/es-es\/wp-json\/wp\/v2\/pages\/550111"}],"wp:featuredmedia":[{"embeddable":true,"href":"https:\/\/www.capgemini.com\/es-es\/wp-json\/wp\/v2\/media\/550172"}],"wp:attachment":[{"href":"https:\/\/www.capgemini.com\/es-es\/wp-json\/wp\/v2\/media?parent=550171"}],"wp:term":[{"taxonomy":"brand","embeddable":true,"href":"https:\/\/www.capgemini.com\/es-es\/wp-json\/wp\/v2\/brand?post=550171"},{"taxonomy":"partner_type","embeddable":true,"href":"https:\/\/www.capgemini.com\/es-es\/wp-json\/wp\/v2\/partner_type?post=550171"},{"taxonomy":"service","embeddable":true,"href":"https:\/\/www.capgemini.com\/es-es\/wp-json\/wp\/v2\/service?post=550171"},{"taxonomy":"industry","embeddable":true,"href":"https:\/\/www.capgemini.com\/es-es\/wp-json\/wp\/v2\/industry?post=550171"},{"taxonomy":"partners","embeddable":true,"href":"https:\/\/www.capgemini.com\/es-es\/wp-json\/wp\/v2\/partners?post=550171"},{"taxonomy":"page-type","embeddable":true,"href":"https:\/\/www.capgemini.com\/es-es\/wp-json\/wp\/v2\/page-type?post=550171"},{"taxonomy":"content-group","embeddable":true,"href":"https:\/\/www.capgemini.com\/es-es\/wp-json\/wp\/v2\/content-group?post=550171"}],"curies":[{"name":"wp","href":"https:\/\/api.w.org\/{rel}","templated":true}]}}