{"id":550111,"date":"2023-10-17T12:59:57","date_gmt":"2023-10-17T10:59:57","guid":{"rendered":"https:\/\/www.capgemini.com\/es-es\/?page_id=550111&#038;preview_id=550111"},"modified":"2025-10-30T12:59:34","modified_gmt":"2025-10-30T11:59:34","slug":"trabaja-en-capgemini","status":"publish","type":"page","link":"https:\/\/www.capgemini.com\/es-es\/talento\/trabaja-en-capgemini\/","title":{"rendered":"Trabaja en Capgemini"},"content":{"rendered":"\n<div class=\"wp-block-cg-blocks-hero-picture-card undefined  heroPictureCard\"><div class=\"heroPictureCardBgs\"><picture><source srcset=\"https:\/\/www.capgemini.com\/wp-content\/uploads\/2023\/08\/Demo-5-CU-DU.jpg?w=2880&amp;quality=70 1x, https:\/\/www.capgemini.com\/wp-content\/uploads\/2023\/08\/Demo-5-CU-DU.jpg?w=2880&amp;quality=70 2x\" media=\"(min-width: 1500px)\"\/><source srcset=\"https:\/\/www.capgemini.com\/wp-content\/uploads\/2023\/08\/Demo-5-CU-DU.jpg?w=1440&amp;quality=70 1x, https:\/\/www.capgemini.com\/wp-content\/uploads\/2023\/08\/Demo-5-CU-DU.jpg?w=2880&amp;quality=70 2x\" media=\"(min-width: 992px)\"\/><source srcset=\"https:\/\/www.capgemini.com\/wp-content\/uploads\/2023\/08\/Demo-5-CU-DU.jpg?w=1024&amp;quality=70 1x, https:\/\/www.capgemini.com\/wp-content\/uploads\/2023\/08\/Demo-5-CU-DU.jpg?w=1024&amp;quality=70 2x\" media=\"(min-width: 768px)\"\/><source srcset=\"https:\/\/www.capgemini.com\/wp-content\/uploads\/2023\/08\/Demo-5-CU-DU.jpg?w=768&amp;quality=70 1x, https:\/\/www.capgemini.com\/wp-content\/uploads\/2023\/08\/Demo-5-CU-DU.jpg?w=768&amp;quality=70 2x\" media=\"(min-width: 0)\"\/><img decoding=\"async\" src=\"https:\/\/www.capgemini.com\/wp-content\/uploads\/2023\/08\/Demo-5-CU-DU.jpg\" class=\"desktopImage\" alt=\"\" style=\"object-fit:cover;object-position:54% 54%\" loading=\"eager\"\/><\/picture><picture><source srcset=\"https:\/\/www.capgemini.com\/wp-content\/uploads\/2023\/08\/Demo-5-CU-DU.jpg?w=2880&amp;quality=70 1x, https:\/\/www.capgemini.com\/wp-content\/uploads\/2023\/08\/Demo-5-CU-DU.jpg?w=2880&amp;quality=70 2x\" media=\"(min-width: 1500px)\"\/><source srcset=\"https:\/\/www.capgemini.com\/wp-content\/uploads\/2023\/08\/Demo-5-CU-DU.jpg?w=1440&amp;quality=70 1x, https:\/\/www.capgemini.com\/wp-content\/uploads\/2023\/08\/Demo-5-CU-DU.jpg?w=2880&amp;quality=70 2x\" media=\"(min-width: 992px)\"\/><source srcset=\"https:\/\/www.capgemini.com\/wp-content\/uploads\/2023\/08\/Demo-5-CU-DU.jpg?w=1024&amp;quality=70 1x, https:\/\/www.capgemini.com\/wp-content\/uploads\/2023\/08\/Demo-5-CU-DU.jpg?w=1024&amp;quality=70 2x\" media=\"(min-width: 768px)\"\/><source srcset=\"https:\/\/www.capgemini.com\/wp-content\/uploads\/2023\/08\/Demo-5-CU-DU.jpg?w=768&amp;quality=70 1x, https:\/\/www.capgemini.com\/wp-content\/uploads\/2023\/08\/Demo-5-CU-DU.jpg?w=768&amp;quality=70 2x\" media=\"(min-width: 0)\"\/><img decoding=\"async\" src=\"https:\/\/www.capgemini.com\/wp-content\/uploads\/2023\/08\/Demo-5-CU-DU.jpg\" class=\"mobileImage\" alt=\"\" style=\"object-fit:cover;object-position:54% 54%\" loading=\"eager\"\/><\/picture><\/div><div class=\"heroPictureCardHeaderShape\"><\/div><div class=\"container\"><div class=\"row\"><div class=\"col-md-8 col-lg-6\"><div class=\"heroPictureCardBox\"><div class=\"heroPictureCardBoxTitle\"><h1 data-maxlength=\"144\">Trabaja con nosotros<\/h1><\/div><\/div><\/div><\/div><\/div><div class=\"small-device\"><div class=\"brandLogoWrapper\"> <\/div><\/div><\/div>\n\n\n\n<section class=\"wp-block-cg-blocks-group undefined section section--article-content\"><div class=\"article-main-content\"><div class=\"container\"><div class=\"row\"><div class=\"col-12 col-md-1\"><nav class=\"article-social\"><ul class=\"social-nav\"><li class=\"ip-order-fb\"><a href=\"https:\/\/www.facebook.com\/sharer\/sharer.php?u=https:\/\/www.capgemini.com\/?page_id=959810\" target=\"_blank\" rel=\"noopener noreferrer\" title=\"abrir en una nueva ventana\"><i aria-hidden=\"true\" class=\"icon-fb\"><\/i><span class=\"sr-only\">Facebook<\/span><\/a><\/li><li class=\"ip-order-tw\"><a href=\"https:\/\/twitter.com\/intent\/tweet?url=https:\/\/www.capgemini.com\/?page_id=959810&amp;text=\" target=\"_blank\" rel=\"noopener noreferrer\" title=\"abrir en una nueva ventana\"><i aria-hidden=\"true\" class=\"icon-tw\"><\/i><span class=\"sr-only\">Twitter<\/span><\/a><\/li><li class=\"ip-order-li\"><a href=\"https:\/\/www.linkedin.com\/shareArticle?url=https:\/\/www.capgemini.com\/?page_id=959810&amp;text=\" target=\"_blank\" rel=\"noopener noreferrer\" title=\"abrir en una nueva ventana\"><i aria-hidden=\"true\" class=\"icon-li\"><\/i><span class=\"sr-only\">Linkedin<\/span><\/a><\/li><\/ul><\/nav><\/div><div class=\"col-12 col-md-11 col-lg-10\"><div class=\"article-text article-quote-text\">\n<h2 class=\"wp-block-heading\" id=\"h-buscas-un-trabajo-apasionante-estas-en-el-lugar-correcto\">\u00bfBuscas un trabajo apasionante? Est\u00e1s en el lugar correcto<\/h2>\n\n\n\n<p>Buscamos talento. El talento de j\u00f3venes brillantes, y tambi\u00e9n profesionales con experiencia, con ganas de  asumir desaf\u00edos, ser parte de un equipo global y diverso y trabajar junto a los mejores para aprender algo nuevo cada d\u00eda. Capgemini puede ofrecerte la oportunidad de llevar tu carrera al siguiente nivel y conseguir el futuro que deseas.<\/p>\n<\/div><\/div><\/div><\/div><\/div><\/section>\n\n\n\n<section class=\"wp-block-cg-blocks-call-to-action undefined is-style-cg-purple call-to-action-block\"><div class=\"container\"><div class=\"call-to-action-block-content-wrapper has-description\"><div class=\"text-wrapper has-description\"><h3 class=\"title\" data-maxlength=\"144\">\u00bfQuieres asumir un nuevo desaf\u00edo?<\/h3><p class=\"description\" data-maxlength=\"210\"><br>Encuentra la oportunidad que se adapta a ti.<\/p><\/div><div class=\"button-wrapper has-description\"><a class=\"cta-btn action-valid\" href=\"https:\/\/www.capgemini.com\/es-es\/talento\/trabaja-en-capgemini\/busqueda-de-empleo\/#country_code=es-es&amp;size=15\" target=\"\" rel=\"noopener noreferrer\" aria-label=\"Conoce nuestras vacantes sobre \u00bfQuieres asumir un nuevo desaf\u00edo?\" title=\"Abrir en una nueva ventana\" data-maxlength=\"24\" tabindex=\"0\"> Conoce nuestras vacantes <\/a><\/div><\/div><\/div><\/section>\n\n\n\n<div style=\"height:100px\" aria-hidden=\"true\" class=\"wp-block-spacer\"><\/div>\n\n\n\n<div class=\"wp-block-cg-blocks-hero-bleed-banner\"><div class=\"hero-bleed-mp-banner wp-block-cg-blocks-hero-bleed-banner no-overlay  is-image has-card \" data-nav-menu-position=\"no-overlay\" data-nav-menu-text-color=\"black\" data-fp-desktop-x=\"0.48\" data-fp-desktop-y=\"0.29\" data-fp-tablet-x=\"0.48\" data-fp-tablet-y=\"0.29\" data-fp-mobile-x=\"0.48\" data-fp-mobile-y=\"0.29\" data-hero-bleed-attributes=\"\"><div class=\"hero-image d-block \"><picture><source srcset=\"https:\/\/www.capgemini.com\/es-es\/wp-content\/uploads\/sites\/16\/2023\/11\/GettyImages-1455580647.webp?w=2880&amp;quality=70 1x, https:\/\/www.capgemini.com\/es-es\/wp-content\/uploads\/sites\/16\/2023\/11\/GettyImages-1455580647.webp?w=2880&amp;quality=70 2x\" media=\"(min-width: 1500px)\"\/><source srcset=\"https:\/\/www.capgemini.com\/es-es\/wp-content\/uploads\/sites\/16\/2023\/11\/GettyImages-1455580647.webp?w=1440&amp;quality=70 1x, https:\/\/www.capgemini.com\/es-es\/wp-content\/uploads\/sites\/16\/2023\/11\/GettyImages-1455580647.webp?w=2880&amp;quality=70 2x\" media=\"(min-width: 992px)\"\/><img decoding=\"async\" width=\"100%\" height=\"100%\" src=\"https:\/\/www.capgemini.com\/es-es\/wp-content\/uploads\/sites\/16\/2023\/11\/GettyImages-1455580647.webp\" alt=\"\"\/><\/picture><\/div><div class=\"header-line hero-bg-shape\"><\/div><div class=\"container\"><div class=\"row\"><div class=\"col-12 col-md-6 col-lg-6\"><div class=\"content-box-wrapper\"><div class=\"content-box is-short centralized\"><h1 class=\"title\">Encuentra tu futuro en Capgemini<\/h1><div class=\"career-search career-fields\"><form class=\"form--oneliner career-search-form js-search-form search search-icon\" method=\"get\" action=\"\/es-es\/talento\/join-us\/\" target=\"\" rel=\"noopener noreferrer\" title=\"abrir en una nueva ventana\"><div class=\"form-block\"><input type=\"text\" name=\"keyword\" aria-label=\"Buscar por empleo\" placeholder=\"Buscar por empleo futuro...\" class=\"form-input archive_phrase_search archive-search-input noeffect-input\"\/><div class=\"search-icon\"><\/div><button class=\"form-search-button search-button archive-search-button\">Buscar<\/button><button class=\"hero-search-button search-mobile\">Buscar<\/button><\/div><\/form><\/div><\/div><\/div><\/div><\/div><\/div><\/div><\/div>\n\n\n\n<section class=\"wp-block-cg-blocks-learn-more updated-new-sample-amal learnMoreBlock\"><div class=\"container\"><div class=\"content-title\"><h2 class=\"learnmore-heading\">Prepara tu proceso de selecci\u00f3n<\/h2><\/div><div class=\"row\"><div class=\"col-md-4\"><div class=\"box\"><div class=\"box-wrapper\"><a class=\"box-title\" href=\"https:\/\/www.capgemini.com\/es-es\/talento\/trabaja-en-capgemini\/proceso-seleccion\/\" target=\"\" aria-label=\"<a href=&quot;https:\/\/www.capgemini.com\/careers\/join-capgemini\/recruitment-process\/&quot;&gt;Comprende el proceso de selecci\u00f3n<\/a&gt;\" rel=\"noopener noreferrer\"><div class=\"box-img-wrapper\"><img decoding=\"async\" src=\"https:\/\/www.capgemini.com\/wp-content\/uploads\/2023\/09\/GettyImages-1357976493.jpg?w=500&amp;quality=70\" srcset=\"https:\/\/www.capgemini.com\/wp-content\/uploads\/2023\/09\/GettyImages-1357976493.jpg?w=500&amp;quality=70 1x, https:\/\/www.capgemini.com\/wp-content\/uploads\/2023\/09\/GettyImages-1357976493.jpg?w=1000&amp;quality=70 2x\" class=\"box-img\" alt=\"\" style=\"object-fit:cover;object-position:50% 50%\" loading=\"lazy\"\/><\/div><h3 class=\"titleWithoutLink_learnMore\"><a href=\"https:\/\/www.capgemini.com\/careers\/join-capgemini\/recruitment-process\/\">Comprende el proceso de selecci\u00f3n<\/a><\/h3><\/a><\/div><\/div><div class=\"box-inner\"><p class=\"box-desc\">Conoce c\u00f3mo funciona nuestro proceso de contrataci\u00f3n.<\/p><\/div><\/div><div class=\"col-md-4\"><div class=\"box\"><div class=\"box-wrapper\"><a class=\"box-title\" href=\"https:\/\/www.capgemini.com\/es-es\/talento\/trabaja-en-capgemini\/consejos-entrevista\/\" target=\"\" aria-label=\"Prepara tu entrevista con estos consejos\" rel=\"noopener noreferrer\"><div class=\"box-img-wrapper\"><img decoding=\"async\" src=\"https:\/\/www.capgemini.com\/wp-content\/uploads\/2023\/09\/GettyImages-1178672464.jpg?w=500&amp;quality=70\" srcset=\"https:\/\/www.capgemini.com\/wp-content\/uploads\/2023\/09\/GettyImages-1178672464.jpg?w=500&amp;quality=70 1x, https:\/\/www.capgemini.com\/wp-content\/uploads\/2023\/09\/GettyImages-1178672464.jpg?w=1000&amp;quality=70 2x\" class=\"box-img\" alt=\"\" style=\"object-fit:cover;object-position:50% 50%\" loading=\"lazy\"\/><\/div><h3 class=\"titleWithoutLink_learnMore\">Prepara tu entrevista con estos consejos<\/h3><\/a><\/div><\/div><div class=\"box-inner\"><p class=\"box-desc\">Te ayudamos a mostrar lo mejor de ti mismo durante el proceso de la entrevista laboral, te ofrecemos algunos consejos que puedes consultar antes del gran d\u00eda.<\/p><\/div><\/div><div class=\"col-md-4\"><div class=\"box\"><div class=\"box-wrapper\"><a class=\"box-title\" href=\"https:\/\/www.capgemini.com\/es-es\/talento\/carreras-profesionales\/profesiones\/\" target=\"\" aria-label=\"Conoce los perfiles profesionales que tenemos\" rel=\"noopener noreferrer\"><div class=\"box-img-wrapper\"><img decoding=\"async\" src=\"https:\/\/www.capgemini.com\/wp-content\/uploads\/2021\/12\/Capgemini_About-Us_Innovation-Ecosystem.jpg?w=500&amp;quality=70\" srcset=\"https:\/\/www.capgemini.com\/wp-content\/uploads\/2021\/12\/Capgemini_About-Us_Innovation-Ecosystem.jpg?w=500&amp;quality=70 1x, https:\/\/www.capgemini.com\/wp-content\/uploads\/2021\/12\/Capgemini_About-Us_Innovation-Ecosystem.jpg?w=1000&amp;quality=70 2x\" class=\"box-img\" alt=\"\" style=\"object-fit:cover;object-position:50% 50%\" loading=\"lazy\"\/><\/div><h3 class=\"titleWithoutLink_learnMore\">Conoce los perfiles profesionales que tenemos<\/h3><\/a><\/div><\/div><div class=\"box-inner\"><p class=\"box-desc\">Cuando te unes a Capgemini, tambi\u00e9n te unes a una de nuestras profesiones: te ofrecemos buen ambiente, formaci\u00f3n y oportunidades constantes de mejora que har\u00e1n crecer tu carrera.<\/p><\/div><\/div><\/div><\/div><\/section>\n","protected":false},"excerpt":{"rendered":"<p>\u00bfPreparado para unirte a Capgemini?<\/p>\n","protected":false},"author":81,"featured_media":550113,"parent":536698,"menu_order":5,"comment_status":"closed","ping_status":"closed","template":"","meta":{"cg_dt_proposed_to":[],"cg_seo_hreflang_relations":"[]","cg_seo_canonical_relation":"","cg_seo_hreflang_x_default_relation":"{\"uuid\":\"cb195ddc-09c7-4fde-b06d-c215924a9efa\",\"blogId\":\"\",\"domain\":\"\",\"sitePath\":\"\",\"postLink\":\"\",\"postId\":null,\"isSaved\":true,\"isCrossLink\":false,\"hasCrossLink\":false}","cg_dt_approved_content":true,"cg_dt_mandatory_content":false,"cg_dt_notes":"","cg_dg_source_changed":true,"cg_dt_link_disabled":false,"_yoast_wpseo_primary_brand":"","footnotes":"","featured_focal_points":"","partner_card_description":"","gsap_animation":0},"brand":[],"partner_type":[],"service":[],"industry":[],"partners":[],"page-type":[446],"content-group":[],"class_list":["post-550111","page","type-page","status-publish","has-post-thumbnail","hentry","page-type-careers"],"yoast_head":"<!-- This site is optimized with the Yoast SEO Premium plugin v22.8 (Yoast SEO v22.8) - https:\/\/yoast.com\/wordpress\/plugins\/seo\/ -->\n<title>Trabaja en Capgemini - Capgemini Spain<\/title>\n<meta name=\"description\" content=\"Buscamos talento. El talento de j\u00f3venes brillantes y profesionales con experiencia con ganas de asumir desaf\u00edos, ser parte de un equipo global y diverso y trabajar junto a los mejores para aprender algo nuevo cada d\u00eda.\" \/>\n<meta name=\"robots\" content=\"index, follow, max-snippet:-1, max-image-preview:large, max-video-preview:-1\" \/>\n<link rel=\"canonical\" href=\"https:\/\/www.capgemini.com\/es-es\/talento\/trabaja-en-capgemini\/\" \/>\n<meta property=\"og:locale\" content=\"es_ES\" \/>\n<meta property=\"og:type\" content=\"article\" \/>\n<meta property=\"og:title\" content=\"Trabaja en Capgemini\" \/>\n<meta property=\"og:description\" content=\"Buscamos talento. El talento de j\u00f3venes brillantes y profesionales con experiencia con ganas de asumir desaf\u00edos, ser parte de un equipo global y diverso y trabajar junto a los mejores para aprender algo nuevo cada d\u00eda.\" \/>\n<meta property=\"og:url\" content=\"https:\/\/www.capgemini.com\/es-es\/talento\/trabaja-en-capgemini\/\" \/>\n<meta property=\"og:site_name\" content=\"Capgemini Spain\" \/>\n<meta property=\"article:modified_time\" content=\"2025-10-30T11:59:34+00:00\" \/>\n<meta property=\"og:image\" content=\"https:\/\/www.capgemini.com\/es-es\/wp-content\/uploads\/sites\/16\/2023\/10\/Demo-5-CU-DU.jpg\" \/>\n\t<meta property=\"og:image:width\" content=\"2800\" \/>\n\t<meta property=\"og:image:height\" content=\"1867\" \/>\n\t<meta property=\"og:image:type\" content=\"image\/jpeg\" \/>\n<meta name=\"twitter:card\" content=\"summary_large_image\" \/>\n<meta name=\"twitter:label1\" content=\"Est. reading time\" \/>\n\t<meta name=\"twitter:data1\" content=\"1 minute\" \/>\n<script type=\"application\/ld+json\" class=\"yoast-schema-graph\">{\"@context\":\"https:\/\/schema.org\",\"@graph\":[{\"@type\":\"WebPage\",\"@id\":\"https:\/\/www.capgemini.com\/es-es\/talento\/trabaja-en-capgemini\/\",\"url\":\"https:\/\/www.capgemini.com\/es-es\/talento\/trabaja-en-capgemini\/\",\"name\":\"Trabaja en Capgemini - Capgemini Spain\",\"isPartOf\":{\"@id\":\"https:\/\/www.capgemini.com\/es-es\/#website\"},\"primaryImageOfPage\":{\"@id\":\"https:\/\/www.capgemini.com\/es-es\/talento\/trabaja-en-capgemini\/#primaryimage\"},\"image\":{\"@id\":\"https:\/\/www.capgemini.com\/es-es\/talento\/trabaja-en-capgemini\/#primaryimage\"},\"thumbnailUrl\":\"https:\/\/www.capgemini.com\/es-es\/wp-content\/uploads\/sites\/16\/2023\/10\/Demo-5-CU-DU.jpg\",\"datePublished\":\"2023-10-17T10:59:57+00:00\",\"dateModified\":\"2025-10-30T11:59:34+00:00\",\"description\":\"Buscamos talento. El talento de j\u00f3venes brillantes y profesionales con experiencia con ganas de asumir desaf\u00edos, ser parte de un equipo global y diverso y trabajar junto a los mejores para aprender algo nuevo cada d\u00eda.\",\"breadcrumb\":{\"@id\":\"https:\/\/www.capgemini.com\/es-es\/talento\/trabaja-en-capgemini\/#breadcrumb\"},\"inLanguage\":\"es-ES\",\"potentialAction\":[{\"@type\":\"ReadAction\",\"target\":[\"https:\/\/www.capgemini.com\/es-es\/talento\/trabaja-en-capgemini\/\"]}]},{\"@type\":\"ImageObject\",\"inLanguage\":\"es-ES\",\"@id\":\"https:\/\/www.capgemini.com\/es-es\/talento\/trabaja-en-capgemini\/#primaryimage\",\"url\":\"https:\/\/www.capgemini.com\/es-es\/wp-content\/uploads\/sites\/16\/2023\/10\/Demo-5-CU-DU.jpg\",\"contentUrl\":\"https:\/\/www.capgemini.com\/es-es\/wp-content\/uploads\/sites\/16\/2023\/10\/Demo-5-CU-DU.jpg\",\"width\":2800,\"height\":1867},{\"@type\":\"BreadcrumbList\",\"@id\":\"https:\/\/www.capgemini.com\/es-es\/talento\/trabaja-en-capgemini\/#breadcrumb\",\"itemListElement\":[{\"@type\":\"ListItem\",\"position\":1,\"name\":\"Home\",\"item\":\"https:\/\/www.capgemini.com\/es-es\/\"},{\"@type\":\"ListItem\",\"position\":2,\"name\":\"Talento\",\"item\":\"https:\/\/www.capgemini.com\/es-es\/talento\/\"},{\"@type\":\"ListItem\",\"position\":3,\"name\":\"Trabaja en Capgemini\"}]},{\"@type\":\"WebSite\",\"@id\":\"https:\/\/www.capgemini.com\/es-es\/#website\",\"url\":\"https:\/\/www.capgemini.com\/es-es\/\",\"name\":\"Capgemini Espa\u00f1a\",\"description\":\"Capgemini\",\"potentialAction\":[{\"@type\":\"SearchAction\",\"target\":{\"@type\":\"EntryPoint\",\"urlTemplate\":\"https:\/\/www.capgemini.com\/es-es\/?s={search_term_string}\"},\"query-input\":\"required name=search_term_string\"}],\"inLanguage\":\"es-ES\"}]}<\/script>\n<!-- \/ Yoast SEO Premium plugin. -->","yoast_head_json":{"title":"Trabaja en Capgemini - Capgemini Spain","description":"Buscamos talento. El talento de j\u00f3venes brillantes y profesionales con experiencia con ganas de asumir desaf\u00edos, ser parte de un equipo global y diverso y trabajar junto a los mejores para aprender algo nuevo cada d\u00eda.","robots":{"index":"index","follow":"follow","max-snippet":"max-snippet:-1","max-image-preview":"max-image-preview:large","max-video-preview":"max-video-preview:-1"},"canonical":"https:\/\/www.capgemini.com\/es-es\/talento\/trabaja-en-capgemini\/","og_locale":"es_ES","og_type":"article","og_title":"Trabaja en Capgemini","og_description":"Buscamos talento. El talento de j\u00f3venes brillantes y profesionales con experiencia con ganas de asumir desaf\u00edos, ser parte de un equipo global y diverso y trabajar junto a los mejores para aprender algo nuevo cada d\u00eda.","og_url":"https:\/\/www.capgemini.com\/es-es\/talento\/trabaja-en-capgemini\/","og_site_name":"Capgemini Spain","article_modified_time":"2025-10-30T11:59:34+00:00","og_image":[{"width":2800,"height":1867,"url":"https:\/\/www.capgemini.com\/es-es\/wp-content\/uploads\/sites\/16\/2023\/10\/Demo-5-CU-DU.jpg","type":"image\/jpeg"}],"twitter_card":"summary_large_image","twitter_misc":{"Est. reading time":"1 minute"},"schema":{"@context":"https:\/\/schema.org","@graph":[{"@type":"WebPage","@id":"https:\/\/www.capgemini.com\/es-es\/talento\/trabaja-en-capgemini\/","url":"https:\/\/www.capgemini.com\/es-es\/talento\/trabaja-en-capgemini\/","name":"Trabaja en Capgemini - Capgemini Spain","isPartOf":{"@id":"https:\/\/www.capgemini.com\/es-es\/#website"},"primaryImageOfPage":{"@id":"https:\/\/www.capgemini.com\/es-es\/talento\/trabaja-en-capgemini\/#primaryimage"},"image":{"@id":"https:\/\/www.capgemini.com\/es-es\/talento\/trabaja-en-capgemini\/#primaryimage"},"thumbnailUrl":"https:\/\/www.capgemini.com\/es-es\/wp-content\/uploads\/sites\/16\/2023\/10\/Demo-5-CU-DU.jpg","datePublished":"2023-10-17T10:59:57+00:00","dateModified":"2025-10-30T11:59:34+00:00","description":"Buscamos talento. El talento de j\u00f3venes brillantes y profesionales con experiencia con ganas de asumir desaf\u00edos, ser parte de un equipo global y diverso y trabajar junto a los mejores para aprender algo nuevo cada d\u00eda.","breadcrumb":{"@id":"https:\/\/www.capgemini.com\/es-es\/talento\/trabaja-en-capgemini\/#breadcrumb"},"inLanguage":"es-ES","potentialAction":[{"@type":"ReadAction","target":["https:\/\/www.capgemini.com\/es-es\/talento\/trabaja-en-capgemini\/"]}]},{"@type":"ImageObject","inLanguage":"es-ES","@id":"https:\/\/www.capgemini.com\/es-es\/talento\/trabaja-en-capgemini\/#primaryimage","url":"https:\/\/www.capgemini.com\/es-es\/wp-content\/uploads\/sites\/16\/2023\/10\/Demo-5-CU-DU.jpg","contentUrl":"https:\/\/www.capgemini.com\/es-es\/wp-content\/uploads\/sites\/16\/2023\/10\/Demo-5-CU-DU.jpg","width":2800,"height":1867},{"@type":"BreadcrumbList","@id":"https:\/\/www.capgemini.com\/es-es\/talento\/trabaja-en-capgemini\/#breadcrumb","itemListElement":[{"@type":"ListItem","position":1,"name":"Home","item":"https:\/\/www.capgemini.com\/es-es\/"},{"@type":"ListItem","position":2,"name":"Talento","item":"https:\/\/www.capgemini.com\/es-es\/talento\/"},{"@type":"ListItem","position":3,"name":"Trabaja en Capgemini"}]},{"@type":"WebSite","@id":"https:\/\/www.capgemini.com\/es-es\/#website","url":"https:\/\/www.capgemini.com\/es-es\/","name":"Capgemini Espa\u00f1a","description":"Capgemini","potentialAction":[{"@type":"SearchAction","target":{"@type":"EntryPoint","urlTemplate":"https:\/\/www.capgemini.com\/es-es\/?s={search_term_string}"},"query-input":"required name=search_term_string"}],"inLanguage":"es-ES"}]}},"brand_term":[],"parsely":{"version":"1.1.0","canonical_url":"https:\/\/capgemini.com\/es-es\/talento\/trabaja-en-capgemini\/","smart_links":{"inbound":0,"outbound":0},"traffic_boost_suggestions_count":0,"meta":{"@context":"https:\/\/schema.org","@type":"WebPage","headline":"Trabaja en Capgemini","url":"https:\/\/www.capgemini.com\/es-es\/talento\/trabaja-en-capgemini\/","mainEntityOfPage":{"@type":"WebPage","@id":"https:\/\/www.capgemini.com\/es-es\/talento\/trabaja-en-capgemini\/"},"thumbnailUrl":"https:\/\/www.capgemini.com\/es-es\/wp-content\/uploads\/sites\/16\/2023\/10\/Demo-5-CU-DU.jpg?w=150&h=150&crop=1","image":{"@type":"ImageObject","url":"https:\/\/www.capgemini.com\/es-es\/wp-content\/uploads\/sites\/16\/2023\/10\/Demo-5-CU-DU.jpg"},"articleSection":"Uncategorized","author":[],"creator":[],"publisher":{"@type":"Organization","name":"Capgemini Spain","logo":""},"keywords":[],"dateCreated":"2023-10-17T10:59:57Z","datePublished":"2023-10-17T10:59:57Z","dateModified":"2025-10-30T11:59:34Z"},"rendered":"<meta name=\"parsely-title\" content=\"Trabaja en Capgemini\" \/>\n<meta name=\"parsely-link\" content=\"https:\/\/www.capgemini.com\/es-es\/talento\/trabaja-en-capgemini\/\" \/>\n<meta name=\"parsely-type\" content=\"index\" \/>\n<meta name=\"parsely-image-url\" content=\"https:\/\/www.capgemini.com\/es-es\/wp-content\/uploads\/sites\/16\/2023\/10\/Demo-5-CU-DU.jpg?w=150&amp;h=150&amp;crop=1\" \/>\n<meta name=\"parsely-pub-date\" content=\"2023-10-17T10:59:57Z\" \/>\n<meta name=\"parsely-section\" content=\"Uncategorized\" \/>","tracker_url":"https:\/\/cdn.parsely.com\/keys\/capgemini.com\/p.js"},"archive_status":false,"featured_image_src":"https:\/\/www.capgemini.com\/es-es\/wp-content\/uploads\/sites\/16\/2023\/10\/Demo-5-CU-DU.jpg","featured_image_alt":"","jetpack_sharing_enabled":true,"distributor_meta":false,"distributor_terms":false,"distributor_media":false,"distributor_original_site_name":"Capgemini Spain","distributor_original_site_url":"https:\/\/www.capgemini.com\/es-es","push-errors":false,"_links":{"self":[{"href":"https:\/\/www.capgemini.com\/es-es\/wp-json\/wp\/v2\/pages\/550111","targetHints":{"allow":["GET"]}}],"collection":[{"href":"https:\/\/www.capgemini.com\/es-es\/wp-json\/wp\/v2\/pages"}],"about":[{"href":"https:\/\/www.capgemini.com\/es-es\/wp-json\/wp\/v2\/types\/page"}],"author":[{"embeddable":true,"href":"https:\/\/www.capgemini.com\/es-es\/wp-json\/wp\/v2\/users\/81"}],"replies":[{"embeddable":true,"href":"https:\/\/www.capgemini.com\/es-es\/wp-json\/wp\/v2\/comments?post=550111"}],"version-history":[{"count":20,"href":"https:\/\/www.capgemini.com\/es-es\/wp-json\/wp\/v2\/pages\/550111\/revisions"}],"predecessor-version":[{"id":576423,"href":"https:\/\/www.capgemini.com\/es-es\/wp-json\/wp\/v2\/pages\/550111\/revisions\/576423"}],"up":[{"embeddable":true,"href":"https:\/\/www.capgemini.com\/es-es\/wp-json\/wp\/v2\/pages\/536698"}],"wp:featuredmedia":[{"embeddable":true,"href":"https:\/\/www.capgemini.com\/es-es\/wp-json\/wp\/v2\/media\/550113"}],"wp:attachment":[{"href":"https:\/\/www.capgemini.com\/es-es\/wp-json\/wp\/v2\/media?parent=550111"}],"wp:term":[{"taxonomy":"brand","embeddable":true,"href":"https:\/\/www.capgemini.com\/es-es\/wp-json\/wp\/v2\/brand?post=550111"},{"taxonomy":"partner_type","embeddable":true,"href":"https:\/\/www.capgemini.com\/es-es\/wp-json\/wp\/v2\/partner_type?post=550111"},{"taxonomy":"service","embeddable":true,"href":"https:\/\/www.capgemini.com\/es-es\/wp-json\/wp\/v2\/service?post=550111"},{"taxonomy":"industry","embeddable":true,"href":"https:\/\/www.capgemini.com\/es-es\/wp-json\/wp\/v2\/industry?post=550111"},{"taxonomy":"partners","embeddable":true,"href":"https:\/\/www.capgemini.com\/es-es\/wp-json\/wp\/v2\/partners?post=550111"},{"taxonomy":"page-type","embeddable":true,"href":"https:\/\/www.capgemini.com\/es-es\/wp-json\/wp\/v2\/page-type?post=550111"},{"taxonomy":"content-group","embeddable":true,"href":"https:\/\/www.capgemini.com\/es-es\/wp-json\/wp\/v2\/content-group?post=550111"}],"curies":[{"name":"wp","href":"https:\/\/api.w.org\/{rel}","templated":true}]}}