{"id":549708,"date":"2023-10-02T15:49:52","date_gmt":"2023-10-02T13:49:52","guid":{"rendered":"https:\/\/www.capgemini.com\/es-es\/?page_id=549708"},"modified":"2025-09-09T11:47:36","modified_gmt":"2025-09-09T09:47:36","slug":"cookie-policy","status":"publish","type":"page","link":"https:\/\/www.capgemini.com\/es-es\/cookie-policy\/","title":{"rendered":"Pol\u00edtica de cookies"},"content":{"rendered":"\n<header class=\"wp-block-cg-blocks-hero-reusable is-style-blue-line header header--sub2 header--sub2b header--insights1  \"><div class=\"header-bgs\"><\/div><div class=\"heroPictureCardHeaderShape\"><\/div><div class=\"container\"><div class=\"row\"><div class=\"col-md-10 offset-md-1\"><div class=\"box\"><div class=\"box-title\"><h1 data-maxlength=\"34\">Pol\u00edtica de cookies<\/h1><\/div><div class=\"inner-row-insight download-btn\"><\/div><\/div><\/div><\/div><\/div><\/header>\n\n\n\n<section class=\"wp-block-cg-blocks-group undefined section section--article-content\"><div class=\"article-main-content\"><div class=\"container\"><div class=\"row\"><div class=\"col-12 col-md-11 col-lg-10 offset-md-1 offset-lg-1\"><div class=\"article-text article-quote-text\">\n<h2>Consulte esta p\u00e1gina si desea configurar sus <u><a onclick=\"truste.eu &amp;&amp; truste.eu.clickListener()\" href=\"#\">preferencias de cookies<\/a><\/u> bas\u00e1ndose en la informaci\u00f3n que se menciona a continuaci\u00f3n.<\/h2>\n<br>\n\n\n\n<h4 class=\"wp-block-heading\" id=\"h-que-es-una-cookie\">\u00bfQu\u00e9 es una cookie?<\/h4>\n\n\n\n<p>Una cookie es un peque\u00f1o archivo de texto que se descarga en su dispositivo cuando accede a un sitio web.<\/p>\n\n\n\n<h4 class=\"wp-block-heading\" id=\"h-que-hacen-las-cookies\">\u00bfQu\u00e9 hacen las cookies?<\/h4>\n\n\n\n<p>Permiten que el sitio web reconozca su dispositivo y almacene cierta informaci\u00f3n sobre sus preferencias o acciones pasadas para que los sitios web funcionen de manera m\u00e1s eficiente, as\u00ed como para proporcionar informaci\u00f3n a los propietarios del sitio. En resumen, las cookies nos ayudan a brindarle una buena experiencia cuando navega por nuestro sitio web y tambi\u00e9n nos permiten mejorar nuestro sitio.<\/p>\n\n\n\n<h4 class=\"wp-block-heading\" id=\"h-todas-las-cookies-son-iguales\">\u00bfTodas las cookies son iguales?<\/h4>\n\n\n\n<p>No exactamente.<\/p>\n\n\n\n<p>Las cookies pueden diferir en funci\u00f3n de su duraci\u00f3n o de su origen.<\/p>\n\n\n\n<p>1. Existen dos tipos de duraci\u00f3n de las cookies:<\/p>\n\n\n\n<ul class=\"wp-block-list\">\n<li>Cookies de sesi\u00f3n que son temporales y solo se almacenar\u00e1n en la memoria de su navegador mientras est\u00e9 abierto. Tan pronto como se cierre el navegador, la cookie se eliminar\u00e1 de su historial.<\/li>\n\n\n\n<li>Cookies persistentes que tienen una fecha de caducidad adherida. Estas cookies no se eliminan cuando se cierra el navegador, pero se eliminan despu\u00e9s de alcanzar la fecha de caducidad. Estas duraciones se establecen de acuerdo con la finalidad que persiguen las cookies. Tambi\u00e9n puede eliminar manualmente estas cookies.<\/li>\n<\/ul>\n\n\n\n<p>2. Las cookies pueden proceder de distintas fuentes:<\/p>\n\n\n\n<ul class=\"wp-block-list\">\n<li>Las cookies de origen son creadas por el sitio web que est\u00e1 visitando.<\/li>\n\n\n\n<li>Las cookies de terceros son creadas por proveedores externos y colocadas por el propietario del sitio web para diferentes prop\u00f3sitos.<\/li>\n<\/ul>\n\n\n\n<p>Puede encontrar m\u00e1s informaci\u00f3n sobre las cookies, incluido c\u00f3mo ver qu\u00e9 cookies se han configurado en su dispositivo y c\u00f3mo administrarlas y eliminarlas, en www.aboutcookies.org y www.youronlinechoices.eu.<\/p>\n\n\n\n<h4 class=\"wp-block-heading\" id=\"h-web-beacons\">Web beacons<\/h4>\n\n\n\n<p>Las balizas web (tambi\u00e9n conocidas como etiquetas de Internet, etiquetas de p\u00edxeles y GIF transparentes) suelen ser im\u00e1genes gr\u00e1ficas transparentes que se colocan en un sitio web. Las balizas web se utilizan en combinaci\u00f3n con cookies para considerar las acciones de los visitantes de nuestro sitio web. Podemos usar balizas para obtener informaci\u00f3n como la direcci\u00f3n IP de la m\u00e1quina que descarg\u00f3 la p\u00e1gina en la que aparece la baliza o la URL de la p\u00e1gina en la que aparece la baliza, la hora en que se consult\u00f3 la p\u00e1gina y la versi\u00f3n del navegador utilizado para visita la pagina<\/p>\n\n\n\n<h4 class=\"wp-block-heading\" id=\"h-direcciones-ip-y-url\">Direcciones IP y URL<\/h4>\n\n\n\n<p>Una direcci\u00f3n IP es un identificador \u00fanico que ciertos dispositivos usan para identificarse y comunicarse a trav\u00e9s de Internet. Cuando visita nuestro sitio web, podemos ver la direcci\u00f3n IP del dispositivo utilizado para conectarse a Internet a trav\u00e9s de las balizas web antes mencionadas. Esta informaci\u00f3n se utiliza para determinar la ubicaci\u00f3n f\u00edsica general del dispositivo. Podemos usar esta informaci\u00f3n para cambiar la forma en que presentamos nuestros sitios para mejorar su visita.<\/p>\n\n\n\n<p>Una URL es un identificador \u00fanico o una direcci\u00f3n para cada recurso en Internet. Por ejemplo, es la direcci\u00f3n de la p\u00e1gina web que est\u00e1 visitando. Usaremos esta informaci\u00f3n para ver qu\u00e9 p\u00e1ginas se visitan y la forma en que navega por nuestro sitio web.<\/p>\n\n\n\n<h4 class=\"wp-block-heading\" id=\"h-como-cambio-mi-configuracion-de-cookies\">\u00bfC\u00f3mo cambio mi configuraci\u00f3n de cookies?<\/h4>\n\n\n\n<p>Capgemini respeta su derecho a la privacidad; por lo tanto, puede optar por no consentir el uso de algunos tipos de cookies en esta p\u00e1gina.<\/p>\n\n\n\n<p>Haga clic en los encabezados de las diferentes categor\u00edas para obtener m\u00e1s informaci\u00f3n y cambiar nuestra configuraci\u00f3n predeterminada. Sin embargo, bloquear algunos tipos de cookies puede afectar su experiencia en el sitio y los servicios que podemos ofrecer.<\/p>\n\n\n\n<p>Le recomendamos que deje las cookies activas para disfrutar de la experiencia m\u00e1s completa en nuestro sitio web. Tenga en cuenta que elegir no habilitar ciertos tipos de cookies puede afectar su experiencia en el sitio web y la disponibilidad de algunos servicios.<\/p>\n\n\n\n<p>Alternativamente, la mayor\u00eda de los navegadores web permiten cierto control de la mayor\u00eda de las cookies a trav\u00e9s de la configuraci\u00f3n del navegador. Para obtener m\u00e1s informaci\u00f3n sobre las cookies, incluido c\u00f3mo ver qu\u00e9 cookies se han configurado, visite www.aboutcookies.org o www.allaboutcookies.org.<\/p>\n\n\n\n<p>Descubra c\u00f3mo administrar las cookies en navegadores populares:<\/p>\n\n\n\n<ul class=\"wp-block-list\">\n<li><a href=\"https:\/\/support.google.com\/accounts\/answer\/61416?co=GENIE.Platform%3DDesktop&amp;hl=en\">Google Chrome<\/a><\/li>\n\n\n\n<li><a href=\"https:\/\/privacy.microsoft.com\/en-us\/windows-10-microsoft-edge-and-privacy\">Microsoft Edge<\/a><\/li>\n\n\n\n<li><a href=\"https:\/\/support.mozilla.org\/en-US\/kb\/enhanced-tracking-protection-firefox-desktop?redirectlocale=en-US&amp;redirectslug=enable-and-disable-cookies-website-preferences\">Mozilla Firefox<\/a><\/li>\n\n\n\n<li><a href=\"https:\/\/support.microsoft.com\/en-gb\/help\/17442\/windows-internet-explorer-delete-manage-cookies\">Microsoft Internet Explorer<\/a><\/li>\n\n\n\n<li><a href=\"https:\/\/help.opera.com\/en\/latest\/web-preferences\/\">Opera<\/a><\/li>\n\n\n\n<li><a href=\"https:\/\/support.apple.com\/en-gb\/safari\">Apple Safari<\/a><\/li>\n<\/ul>\n\n\n\n<p>Para encontrar informaci\u00f3n relacionada con otros navegadores, visite el sitio web del desarrollador del navegador.<\/p>\n\n\n\n<p>Para optar por no ser rastreado por Google Analytics en todos los sitios web, visite <a href=\"http:\/\/tools.google.com\/dlpage\/gaoptout\">http:\/\/tools.google.com\/dlpage\/gaoptout<\/a>.<\/p>\n\n\n\n<h4 class=\"wp-block-heading\" id=\"h-que-tipos-de-cookies-utilizamos\">\u00bfQu\u00e9 tipos de cookies utilizamos?<\/h4>\n\n\n\n<iframe loading=\"lazy\" src=\"https:\/\/tracker-detail-page.trustarc.com\/#\/?domain=4043&amp;category=0&amp;locale=es\" width=\"1000\" height=\"800\"><\/iframe>\n\n\n\n<p>Capgemini utiliza cookies de medici\u00f3n de audiencias exentas de consentimiento seg\u00fan lo recomendado por la Commission Nationale de l&#8217;Informatique et des Libert\u00e9s. Estas cookies se asemejan y figuran en la categor\u00eda &#8220;Cookies necesarias&#8221; debido a su comportamiento similar. Estas cookies no permiten tu identificaci\u00f3n al ser la informaci\u00f3n anonimizada, pero Capgemini te ofrece la posibilidad de desactivarlas.<\/p>\n\n\n        <div class=\"mt-3\">\n<!--            Javascript onchange event is added inside GTM Container-->\n            <input checked=\"checked\" id=\"piano-essential-consent\" type=\"checkbox\">\n            <label for=\"piano-essential-consent\">\n                Desmarca esta casilla si desea desactivar las cookies de medici\u00f3n de audiencias exentas de consentimiento.            <\/label>\n        <\/div>\n\n\n\n\n<div style=\"height:100px\" aria-hidden=\"true\" class=\"wp-block-spacer\"><\/div>\n\n\n\n<h4 class=\"wp-block-heading\" id=\"h-contactenos\">Cont\u00e1ctenos<\/h4>\n\n\n\n<p>Si tiene alguna consulta en relaci\u00f3n con este aviso o nuestro uso de cookies, cont\u00e1ctenos en: dpocapgemini.global@capgemini.com<\/p>\n\n\n\n<p>Puede obtener m\u00e1s informaci\u00f3n sobre c\u00f3mo Capgemini procesa sus Datos personales consultando nuestro Aviso de privacidad.<\/p>\n<\/div><\/div><\/div><\/div><\/div><\/section>\n","protected":false},"excerpt":{"rendered":"","protected":false},"author":35,"featured_media":0,"parent":0,"menu_order":0,"comment_status":"closed","ping_status":"closed","template":"","meta":{"cg_dt_proposed_to":[],"cg_seo_hreflang_relations":"[]","cg_seo_canonical_relation":"","cg_seo_hreflang_x_default_relation":"{\"uuid\":\"b7a26c81-7ccc-4501-bce0-f4368de465e1\",\"blogId\":\"\",\"domain\":\"\",\"sitePath\":\"\",\"postLink\":\"\",\"postId\":null,\"isSaved\":true,\"isCrossLink\":false,\"hasCrossLink\":false}","cg_dt_approved_content":true,"cg_dt_mandatory_content":false,"cg_dt_notes":"","cg_dg_source_changed":false,"cg_dt_link_disabled":false,"_yoast_wpseo_primary_brand":"","footnotes":"","featured_focal_points":"","partner_card_description":"","gsap_animation":0},"brand":[],"partner_type":[],"service":[],"industry":[],"partners":[],"page-type":[],"content-group":[],"class_list":["post-549708","page","type-page","status-publish","hentry"],"yoast_head":"<!-- This site is optimized with the Yoast SEO Premium plugin v22.8 (Yoast SEO v22.8) - https:\/\/yoast.com\/wordpress\/plugins\/seo\/ -->\n<title>Pol\u00edtica de cookies - Capgemini Spain<\/title>\n<meta name=\"robots\" content=\"index, follow, max-snippet:-1, max-image-preview:large, max-video-preview:-1\" \/>\n<link rel=\"canonical\" href=\"https:\/\/www.capgemini.com\/es-es\/cookie-policy\/\" \/>\n<meta property=\"og:locale\" content=\"es_ES\" \/>\n<meta property=\"og:type\" content=\"article\" \/>\n<meta property=\"og:title\" content=\"Pol\u00edtica de cookies\" \/>\n<meta property=\"og:url\" content=\"https:\/\/www.capgemini.com\/es-es\/cookie-policy\/\" \/>\n<meta property=\"og:site_name\" content=\"Capgemini Spain\" \/>\n<meta property=\"article:modified_time\" content=\"2025-09-09T09:47:36+00:00\" \/>\n<meta property=\"og:image\" content=\"https:\/\/www.capgemini.com\/es-es\/wp-content\/uploads\/sites\/16\/2025\/10\/New-Web-preview-global.jpg\" \/>\n\t<meta property=\"og:image:width\" content=\"1200\" \/>\n\t<meta property=\"og:image:height\" content=\"627\" \/>\n\t<meta property=\"og:image:type\" content=\"image\/jpeg\" \/>\n<meta name=\"twitter:card\" content=\"summary_large_image\" \/>\n<meta name=\"twitter:label1\" content=\"Est. reading time\" \/>\n\t<meta name=\"twitter:data1\" content=\"4 minutes\" \/>\n<script type=\"application\/ld+json\" class=\"yoast-schema-graph\">{\"@context\":\"https:\/\/schema.org\",\"@graph\":[{\"@type\":\"WebPage\",\"@id\":\"https:\/\/www.capgemini.com\/es-es\/cookie-policy\/\",\"url\":\"https:\/\/www.capgemini.com\/es-es\/cookie-policy\/\",\"name\":\"Pol\u00edtica de cookies - Capgemini Spain\",\"isPartOf\":{\"@id\":\"https:\/\/www.capgemini.com\/es-es\/#website\"},\"datePublished\":\"2023-10-02T13:49:52+00:00\",\"dateModified\":\"2025-09-09T09:47:36+00:00\",\"breadcrumb\":{\"@id\":\"https:\/\/www.capgemini.com\/es-es\/cookie-policy\/#breadcrumb\"},\"inLanguage\":\"es-ES\",\"potentialAction\":[{\"@type\":\"ReadAction\",\"target\":[\"https:\/\/www.capgemini.com\/es-es\/cookie-policy\/\"]}]},{\"@type\":\"BreadcrumbList\",\"@id\":\"https:\/\/www.capgemini.com\/es-es\/cookie-policy\/#breadcrumb\",\"itemListElement\":[{\"@type\":\"ListItem\",\"position\":1,\"name\":\"Home\",\"item\":\"https:\/\/www.capgemini.com\/es-es\/\"},{\"@type\":\"ListItem\",\"position\":2,\"name\":\"Pol\u00edtica de cookies\"}]},{\"@type\":\"WebSite\",\"@id\":\"https:\/\/www.capgemini.com\/es-es\/#website\",\"url\":\"https:\/\/www.capgemini.com\/es-es\/\",\"name\":\"Capgemini Espa\u00f1a\",\"description\":\"Capgemini\",\"potentialAction\":[{\"@type\":\"SearchAction\",\"target\":{\"@type\":\"EntryPoint\",\"urlTemplate\":\"https:\/\/www.capgemini.com\/es-es\/?s={search_term_string}\"},\"query-input\":\"required name=search_term_string\"}],\"inLanguage\":\"es-ES\"}]}<\/script>\n<!-- \/ Yoast SEO Premium plugin. -->","yoast_head_json":{"title":"Pol\u00edtica de cookies - Capgemini Spain","robots":{"index":"index","follow":"follow","max-snippet":"max-snippet:-1","max-image-preview":"max-image-preview:large","max-video-preview":"max-video-preview:-1"},"canonical":"https:\/\/www.capgemini.com\/es-es\/cookie-policy\/","og_locale":"es_ES","og_type":"article","og_title":"Pol\u00edtica de cookies","og_url":"https:\/\/www.capgemini.com\/es-es\/cookie-policy\/","og_site_name":"Capgemini Spain","article_modified_time":"2025-09-09T09:47:36+00:00","og_image":[{"width":1200,"height":627,"url":"https:\/\/www.capgemini.com\/es-es\/wp-content\/uploads\/sites\/16\/2025\/10\/New-Web-preview-global.jpg","type":"image\/jpeg"}],"twitter_card":"summary_large_image","twitter_misc":{"Est. reading time":"4 minutes"},"schema":{"@context":"https:\/\/schema.org","@graph":[{"@type":"WebPage","@id":"https:\/\/www.capgemini.com\/es-es\/cookie-policy\/","url":"https:\/\/www.capgemini.com\/es-es\/cookie-policy\/","name":"Pol\u00edtica de cookies - Capgemini Spain","isPartOf":{"@id":"https:\/\/www.capgemini.com\/es-es\/#website"},"datePublished":"2023-10-02T13:49:52+00:00","dateModified":"2025-09-09T09:47:36+00:00","breadcrumb":{"@id":"https:\/\/www.capgemini.com\/es-es\/cookie-policy\/#breadcrumb"},"inLanguage":"es-ES","potentialAction":[{"@type":"ReadAction","target":["https:\/\/www.capgemini.com\/es-es\/cookie-policy\/"]}]},{"@type":"BreadcrumbList","@id":"https:\/\/www.capgemini.com\/es-es\/cookie-policy\/#breadcrumb","itemListElement":[{"@type":"ListItem","position":1,"name":"Home","item":"https:\/\/www.capgemini.com\/es-es\/"},{"@type":"ListItem","position":2,"name":"Pol\u00edtica de cookies"}]},{"@type":"WebSite","@id":"https:\/\/www.capgemini.com\/es-es\/#website","url":"https:\/\/www.capgemini.com\/es-es\/","name":"Capgemini Espa\u00f1a","description":"Capgemini","potentialAction":[{"@type":"SearchAction","target":{"@type":"EntryPoint","urlTemplate":"https:\/\/www.capgemini.com\/es-es\/?s={search_term_string}"},"query-input":"required name=search_term_string"}],"inLanguage":"es-ES"}]}},"brand_term":[],"parsely":{"version":"1.1.0","canonical_url":"https:\/\/capgemini.com\/es-es\/cookie-policy\/","smart_links":{"inbound":0,"outbound":0},"traffic_boost_suggestions_count":0,"meta":{"@context":"https:\/\/schema.org","@type":"WebPage","headline":"Pol\u00edtica de cookies","url":"https:\/\/www.capgemini.com\/es-es\/cookie-policy\/","mainEntityOfPage":{"@type":"WebPage","@id":"https:\/\/www.capgemini.com\/es-es\/cookie-policy\/"},"thumbnailUrl":"","image":{"@type":"ImageObject","url":""},"articleSection":"Uncategorized","author":[],"creator":[],"publisher":{"@type":"Organization","name":"Capgemini Spain","logo":""},"keywords":[],"dateCreated":"2023-10-02T13:49:52Z","datePublished":"2023-10-02T13:49:52Z","dateModified":"2025-09-09T09:47:36Z"},"rendered":"<meta name=\"parsely-title\" content=\"Pol\u00edtica de cookies\" \/>\n<meta name=\"parsely-link\" content=\"https:\/\/www.capgemini.com\/es-es\/cookie-policy\/\" \/>\n<meta name=\"parsely-type\" content=\"index\" \/>\n<meta name=\"parsely-pub-date\" content=\"2023-10-02T13:49:52Z\" \/>\n<meta name=\"parsely-section\" content=\"Uncategorized\" \/>","tracker_url":"https:\/\/cdn.parsely.com\/keys\/capgemini.com\/p.js"},"archive_status":false,"featured_image_src":"https:\/\/www.capgemini.com\/es-es\/wp-content\/themes\/capgemini2025\/assets\/images\/mockup.png","featured_image_alt":false,"jetpack_sharing_enabled":true,"distributor_meta":false,"distributor_terms":false,"distributor_media":false,"distributor_original_site_name":"Capgemini Spain","distributor_original_site_url":"https:\/\/www.capgemini.com\/es-es","push-errors":false,"_links":{"self":[{"href":"https:\/\/www.capgemini.com\/es-es\/wp-json\/wp\/v2\/pages\/549708","targetHints":{"allow":["GET"]}}],"collection":[{"href":"https:\/\/www.capgemini.com\/es-es\/wp-json\/wp\/v2\/pages"}],"about":[{"href":"https:\/\/www.capgemini.com\/es-es\/wp-json\/wp\/v2\/types\/page"}],"author":[{"embeddable":true,"href":"https:\/\/www.capgemini.com\/es-es\/wp-json\/wp\/v2\/users\/35"}],"replies":[{"embeddable":true,"href":"https:\/\/www.capgemini.com\/es-es\/wp-json\/wp\/v2\/comments?post=549708"}],"version-history":[{"count":6,"href":"https:\/\/www.capgemini.com\/es-es\/wp-json\/wp\/v2\/pages\/549708\/revisions"}],"predecessor-version":[{"id":575095,"href":"https:\/\/www.capgemini.com\/es-es\/wp-json\/wp\/v2\/pages\/549708\/revisions\/575095"}],"wp:attachment":[{"href":"https:\/\/www.capgemini.com\/es-es\/wp-json\/wp\/v2\/media?parent=549708"}],"wp:term":[{"taxonomy":"brand","embeddable":true,"href":"https:\/\/www.capgemini.com\/es-es\/wp-json\/wp\/v2\/brand?post=549708"},{"taxonomy":"partner_type","embeddable":true,"href":"https:\/\/www.capgemini.com\/es-es\/wp-json\/wp\/v2\/partner_type?post=549708"},{"taxonomy":"service","embeddable":true,"href":"https:\/\/www.capgemini.com\/es-es\/wp-json\/wp\/v2\/service?post=549708"},{"taxonomy":"industry","embeddable":true,"href":"https:\/\/www.capgemini.com\/es-es\/wp-json\/wp\/v2\/industry?post=549708"},{"taxonomy":"partners","embeddable":true,"href":"https:\/\/www.capgemini.com\/es-es\/wp-json\/wp\/v2\/partners?post=549708"},{"taxonomy":"page-type","embeddable":true,"href":"https:\/\/www.capgemini.com\/es-es\/wp-json\/wp\/v2\/page-type?post=549708"},{"taxonomy":"content-group","embeddable":true,"href":"https:\/\/www.capgemini.com\/es-es\/wp-json\/wp\/v2\/content-group?post=549708"}],"curies":[{"name":"wp","href":"https:\/\/api.w.org\/{rel}","templated":true}]}}