{"id":5467,"date":"2022-02-03T11:49:59","date_gmt":"2022-02-03T11:49:59","guid":{"rendered":"https:\/\/www.capgemini.com\/?page_id=648778"},"modified":"2025-03-12T07:23:38","modified_gmt":"2025-03-12T06:23:38","slug":"solucion-de-comercio-unificado-para-supermercados","status":"publish","type":"page","link":"https:\/\/www.capgemini.com\/es-es\/soluciones\/solucion-de-comercio-unificado-para-supermercados\/","title":{"rendered":"Soluci\u00f3n de comercio unificado para supermercados"},"content":{"rendered":"\n<p><a href=\"https:\/\/www.facebook.com\/sharer\/sharer.php?u=https%3A%2F%2Fwww.capgemini.com%2Fservice%2Funified-commerce-solution-for-grocery%2F\" target=\"_blank\" rel=\"noreferrer noopener\"><\/a><a href=\"https:\/\/twitter.com\/intent\/tweet?url=https%3A%2F%2Fwww.capgemini.com%2Fservice%2Funified-commerce-solution-for-grocery%2F&amp;text=\" target=\"_blank\" rel=\"noreferrer noopener\"><\/a><a href=\"https:\/\/www.linkedin.com\/shareArticle?mini=true&amp;url=https%3A%2F%2Fwww.capgemini.com%2Fservice%2Funified-commerce-solution-for-grocery%2F\" target=\"_blank\" rel=\"noreferrer noopener\"><\/a><\/p>\n\n\n\n<header class=\"wp-block-cg-blocks-hero-reusable header heroReusable  \"><div class=\"header-bgs\"><picture><source srcset=\"https:\/\/www.capgemini.com\/wp-content\/uploads\/2022\/02\/shutterstock_481976119.jpg?w=2880&amp;quality=70 1x, https:\/\/www.capgemini.com\/wp-content\/uploads\/2022\/02\/shutterstock_481976119.jpg?w=2880&amp;quality=70 2x\" media=\"(min-width: 1500px)\"\/><source srcset=\"https:\/\/www.capgemini.com\/wp-content\/uploads\/2022\/02\/shutterstock_481976119.jpg?w=1440&amp;quality=70 1x, https:\/\/www.capgemini.com\/wp-content\/uploads\/2022\/02\/shutterstock_481976119.jpg?w=2880&amp;quality=70 2x\" media=\"(min-width: 992px)\"\/><source srcset=\"https:\/\/www.capgemini.com\/wp-content\/uploads\/2022\/02\/shutterstock_481976119.jpg?w=1024&amp;quality=70 1x, https:\/\/www.capgemini.com\/wp-content\/uploads\/2022\/02\/shutterstock_481976119.jpg?w=1024&amp;quality=70 2x\" media=\"(min-width: 768px)\"\/><source srcset=\"https:\/\/www.capgemini.com\/wp-content\/uploads\/2022\/02\/shutterstock_481976119.jpg?w=768&amp;quality=70 1x, https:\/\/www.capgemini.com\/wp-content\/uploads\/2022\/02\/shutterstock_481976119.jpg?w=768&amp;quality=70 2x\" media=\"(min-width: 0)\"\/><img decoding=\"async\" src=\"https:\/\/www.capgemini.com\/wp-content\/uploads\/2022\/02\/shutterstock_481976119.jpg\" class=\"header-img header-img-d\" alt=\"\" style=\"object-fit:cover;object-position:50% 50%\" loading=\"eager\"\/><\/picture><\/div><div class=\"heroPictureCardHeaderShape\"><\/div><div class=\"container\"><div class=\"row\"><div class=\"col-md-12\"><div class=\"box\"><div class=\"boxTagWrapper\"><div class=\"tagInfo\"><div><span class=\"box-tag\">Solution<\/span><\/div><\/div><\/div><div class=\"box-title\"><h1 data-maxlength=\"34\">Soluci\u00f3n de comercio unificado para supermercados<\/h1><\/div><div class=\"inner-row-insight download-btn\"><div class=\"col-md-4 downloadFiles addPadding\"><a class=\"button-download--small\" type=\"download\" href=\"https:\/\/www.capgemini.com\/wp-content\/uploads\/2022\/02\/Grocery-Retail-Brochure-2019.pdf\" target=\"_blank\" rel=\"noopener noreferrer\" title=\"abrir en una nueva ventana\"><span>Descargar folleto<\/span><span class=\"type\">231 KB  pdf<\/span><\/a><\/div><\/div><\/div><\/div><\/div><\/div><\/header>\n\n\n\n<section class=\"wp-block-cg-blocks-intro-para undefined section section--intro\"><div class=\"intro-para\"><div class=\"container\"><div class=\"row\"><div class=\"col-12 col-md-1\"><nav class=\"article-social\"><ul class=\"social-nav\"><li class=\"ip-order-fb\"><a href=\"https:\/\/www.facebook.com\/sharer\/sharer.php?u=https:\/\/www.capgemini.com\/es-es\/soluciones\/solucion-de-comercio-unificado-para-supermercados\/\" target=\"_blank\" rel=\"noopener noreferrer\" title=\"abrir en una nueva ventana\"><i aria-hidden=\"true\" class=\"icon-fb\"><\/i><span class=\"sr-only\">Facebook<\/span><\/a><\/li><li class=\"ip-order-li\"><a href=\"https:\/\/www.linkedin.com\/sharing\/share-offsite\/?url=https:\/\/www.capgemini.com\/es-es\/soluciones\/solucion-de-comercio-unificado-para-supermercados\/\" target=\"_blank\" rel=\"noopener noreferrer\" title=\"abrir en una nueva ventana\"><i aria-hidden=\"true\" class=\"icon-li\"><\/i><span class=\"sr-only\">Linkedin<\/span><\/a><\/li><\/ul><\/nav><\/div><div class=\"col-12 col-md-11 col-lg-10\"><h2 class=\"intro-para-title\">Desde las grandes cadenas de supermercados hasta las tiendas independientes locales, necesitan soluciones digitales atractivas para captar la atenci\u00f3n de los consumidores con conocimientos digitales.<\/h2><p class=\"intro-para-content\">Nuestra soluci\u00f3n de comercio unificado para comestibles permite a los comerciantes de alimentos lanzar experiencias digitales inmersivas e intuitivas de forma m\u00e1s r\u00e1pida y menos costosa que nunca.<\/p><\/div><\/div><\/div><\/div><\/section>\n\n\n\n<section class=\"wp-block-cg-blocks-group undefined section section--article-content\"><div class=\"article-main-content\"><div class=\"container\"><div class=\"row\"><div class=\"col-12 col-md-11 col-lg-10 offset-md-1 offset-lg-1\"><div class=\"article-text article-quote-text\">\n<h3 class=\"wp-block-heading\" id=\"h-la-solucion-de-comercio-unificado-de-capgemini-para-comestibles-ayuda-a-los-clientes-a-ganar-a-traves-de\">La soluci\u00f3n de comercio unificado de Capgemini para comestibles ayuda a los clientes a ganar a trav\u00e9s de:<\/h3>\n\n\n\n<ul class=\"wp-block-list\">\n<li>Tiempo de comercializaci\u00f3n m\u00e1s r\u00e1pido de 6 a 8 semanas. Los ahorros en la l\u00ednea de tiempo son el resultado de aprovechar los activos de plantilla para el dise\u00f1o, el desarrollo de software y las pruebas.<\/li>\n\n\n\n<li>Se logran ahorros de costos significativos mediante el uso de los activos de c\u00f3digo y dise\u00f1o de la soluci\u00f3n, junto con una disminuci\u00f3n en los esfuerzos de prueba.<\/li>\n<\/ul>\n\n\n\n<p><\/p>\n\n\n\n<p>La soluci\u00f3n de comercio unificado para comestibles ayuda a las cadenas de supermercados a cumplir sus objetivos comerciales y abordar las distintas necesidades del comprador moderno. Al integrar a la perfecci\u00f3n Salesforce Commerce Cloud, Marketing Cloud, Service Cloud y MuleSoft, la soluci\u00f3n ofrece una funcionalidad importante, incluida la capacidad de:<\/p>\n\n\n\n<ul class=\"wp-block-list\">\n<li>Modificar pedidos realizados antes de que se confirme la entrega<\/li>\n\n\n\n<li>Ordenar, buscar y filtrar productos seg\u00fan pedidos anteriores<\/li>\n\n\n\n<li>Administrar f\u00e1cilmente las preferencias de los clientes agregando y guardando los art\u00edculos de comestibles favoritos en el perfil para volver a pedirlos r\u00e1pidamente<\/li>\n\n\n\n<li>Comprar inventarios de ubicaciones espec\u00edficas con una mirada en tiempo real a la selecci\u00f3n de productos, precios y tiempos de entrega<\/li>\n\n\n\n<li>Optimizar y personalizar la implementaci\u00f3n de campa\u00f1as de marketing por correo electr\u00f3nico con Salesforce Marketing Cloud.<\/li>\n<\/ul>\n\n\n\n<p><\/p>\n\n\n\n<p>Adem\u00e1s, el componente Salesforce Service Cloud ofrece una gran cantidad de informaci\u00f3n sobre los clientes a sus usuarios al permitir que los agentes de atenci\u00f3n al cliente proporcionen ofertas diferenciadas a los clientes leales, gracias a una mayor visibilidad de los datos.<\/p>\n<\/div><\/div><\/div><\/div><\/div><\/section>\n","protected":false},"excerpt":{"rendered":"","protected":false},"author":35,"featured_media":5468,"parent":537594,"menu_order":0,"comment_status":"closed","ping_status":"closed","template":"","meta":{"cg_dt_proposed_to":[],"cg_seo_hreflang_relations":"[]","cg_seo_canonical_relation":"","cg_seo_hreflang_x_default_relation":"{\"uuid\":\"7c64cd8b-ead1-4b8f-8d65-6fc7596425fb\",\"blogId\":\"\",\"domain\":\"\",\"sitePath\":\"\",\"postLink\":\"\",\"postId\":null,\"isSaved\":false,\"isCrossLink\":false,\"hasCrossLink\":false}","cg_dt_approved_content":true,"cg_dt_mandatory_content":false,"cg_dt_notes":"","cg_dg_source_changed":false,"cg_dt_link_disabled":false,"_yoast_wpseo_primary_brand":"","footnotes":"","featured_focal_points":"","partner_card_description":"","gsap_animation":0},"brand":[],"partner_type":[],"service":[],"industry":[],"partners":[],"page-type":[339],"content-group":[],"class_list":["post-5467","page","type-page","status-publish","has-post-thumbnail","hentry","page-type-solutions"],"yoast_head":"<!-- This site is optimized with the Yoast SEO Premium plugin v22.8 (Yoast SEO v22.8) - https:\/\/yoast.com\/wordpress\/plugins\/seo\/ -->\n<title>Soluci\u00f3n de Comercio Unificado para Supermercados | Capgemini<\/title>\n<meta name=\"description\" content=\"Nuestra soluci\u00f3n de comercio unificado para comestibles permite a los comerciantes de alimentos lanzar experiencias digitales inmersivas e intuitivas de forma m\u00e1s r\u00e1pida y menos costosa.\" \/>\n<meta name=\"robots\" content=\"index, follow, max-snippet:-1, max-image-preview:large, max-video-preview:-1\" \/>\n<link rel=\"canonical\" href=\"https:\/\/www.capgemini.com\/es-es\/soluciones\/solucion-de-comercio-unificado-para-supermercados\/\" \/>\n<meta property=\"og:locale\" content=\"es_ES\" \/>\n<meta property=\"og:type\" content=\"article\" \/>\n<meta property=\"og:title\" content=\"Soluci\u00f3n de comercio unificado para supermercados\" \/>\n<meta property=\"og:description\" content=\"Nuestra soluci\u00f3n de comercio unificado para comestibles permite a los comerciantes de alimentos lanzar experiencias digitales inmersivas e intuitivas de forma m\u00e1s r\u00e1pida y menos costosa.\" \/>\n<meta property=\"og:url\" content=\"https:\/\/www.capgemini.com\/es-es\/soluciones\/solucion-de-comercio-unificado-para-supermercados\/\" \/>\n<meta property=\"og:site_name\" content=\"Capgemini Spain\" \/>\n<meta property=\"article:modified_time\" content=\"2025-03-12T06:23:38+00:00\" \/>\n<meta property=\"og:image\" content=\"https:\/\/www.capgemini.com\/es-es\/wp-content\/uploads\/sites\/16\/2025\/10\/New-Web-preview-global.jpg\" \/>\n\t<meta property=\"og:image:width\" content=\"1200\" \/>\n\t<meta property=\"og:image:height\" content=\"627\" \/>\n\t<meta property=\"og:image:type\" content=\"image\/jpeg\" \/>\n<meta name=\"twitter:card\" content=\"summary_large_image\" \/>\n<script type=\"application\/ld+json\" class=\"yoast-schema-graph\">{\"@context\":\"https:\/\/schema.org\",\"@graph\":[{\"@type\":\"WebPage\",\"@id\":\"https:\/\/www.capgemini.com\/es-es\/soluciones\/solucion-de-comercio-unificado-para-supermercados\/\",\"url\":\"https:\/\/www.capgemini.com\/es-es\/soluciones\/solucion-de-comercio-unificado-para-supermercados\/\",\"name\":\"Soluci\u00f3n de Comercio Unificado para Supermercados | Capgemini\",\"isPartOf\":{\"@id\":\"https:\/\/www.capgemini.com\/es-es\/#website\"},\"primaryImageOfPage\":{\"@id\":\"https:\/\/www.capgemini.com\/es-es\/soluciones\/solucion-de-comercio-unificado-para-supermercados\/#primaryimage\"},\"image\":{\"@id\":\"https:\/\/www.capgemini.com\/es-es\/soluciones\/solucion-de-comercio-unificado-para-supermercados\/#primaryimage\"},\"thumbnailUrl\":\"\",\"datePublished\":\"2022-02-03T11:49:59+00:00\",\"dateModified\":\"2025-03-12T06:23:38+00:00\",\"description\":\"Nuestra soluci\u00f3n de comercio unificado para comestibles permite a los comerciantes de alimentos lanzar experiencias digitales inmersivas e intuitivas de forma m\u00e1s r\u00e1pida y menos costosa.\",\"breadcrumb\":{\"@id\":\"https:\/\/www.capgemini.com\/es-es\/soluciones\/solucion-de-comercio-unificado-para-supermercados\/#breadcrumb\"},\"inLanguage\":\"es-ES\",\"potentialAction\":[{\"@type\":\"ReadAction\",\"target\":[\"https:\/\/www.capgemini.com\/es-es\/soluciones\/solucion-de-comercio-unificado-para-supermercados\/\"]}]},{\"@type\":\"ImageObject\",\"inLanguage\":\"es-ES\",\"@id\":\"https:\/\/www.capgemini.com\/es-es\/soluciones\/solucion-de-comercio-unificado-para-supermercados\/#primaryimage\",\"url\":\"\",\"contentUrl\":\"\"},{\"@type\":\"BreadcrumbList\",\"@id\":\"https:\/\/www.capgemini.com\/es-es\/soluciones\/solucion-de-comercio-unificado-para-supermercados\/#breadcrumb\",\"itemListElement\":[{\"@type\":\"ListItem\",\"position\":1,\"name\":\"Home\",\"item\":\"https:\/\/www.capgemini.com\/es-es\/\"},{\"@type\":\"ListItem\",\"position\":2,\"name\":\"Soluciones\",\"item\":\"https:\/\/www.capgemini.com\/es-es\/soluciones\/\"},{\"@type\":\"ListItem\",\"position\":3,\"name\":\"Soluci\u00f3n de comercio unificado para supermercados\"}]},{\"@type\":\"WebSite\",\"@id\":\"https:\/\/www.capgemini.com\/es-es\/#website\",\"url\":\"https:\/\/www.capgemini.com\/es-es\/\",\"name\":\"Capgemini Espa\u00f1a\",\"description\":\"Capgemini\",\"potentialAction\":[{\"@type\":\"SearchAction\",\"target\":{\"@type\":\"EntryPoint\",\"urlTemplate\":\"https:\/\/www.capgemini.com\/es-es\/?s={search_term_string}\"},\"query-input\":\"required name=search_term_string\"}],\"inLanguage\":\"es-ES\"}]}<\/script>\n<!-- \/ Yoast SEO Premium plugin. -->","yoast_head_json":{"title":"Soluci\u00f3n de Comercio Unificado para Supermercados | Capgemini","description":"Nuestra soluci\u00f3n de comercio unificado para comestibles permite a los comerciantes de alimentos lanzar experiencias digitales inmersivas e intuitivas de forma m\u00e1s r\u00e1pida y menos costosa.","robots":{"index":"index","follow":"follow","max-snippet":"max-snippet:-1","max-image-preview":"max-image-preview:large","max-video-preview":"max-video-preview:-1"},"canonical":"https:\/\/www.capgemini.com\/es-es\/soluciones\/solucion-de-comercio-unificado-para-supermercados\/","og_locale":"es_ES","og_type":"article","og_title":"Soluci\u00f3n de comercio unificado para supermercados","og_description":"Nuestra soluci\u00f3n de comercio unificado para comestibles permite a los comerciantes de alimentos lanzar experiencias digitales inmersivas e intuitivas de forma m\u00e1s r\u00e1pida y menos costosa.","og_url":"https:\/\/www.capgemini.com\/es-es\/soluciones\/solucion-de-comercio-unificado-para-supermercados\/","og_site_name":"Capgemini Spain","article_modified_time":"2025-03-12T06:23:38+00:00","og_image":[{"width":1200,"height":627,"url":"https:\/\/www.capgemini.com\/es-es\/wp-content\/uploads\/sites\/16\/2025\/10\/New-Web-preview-global.jpg","type":"image\/jpeg"}],"twitter_card":"summary_large_image","schema":{"@context":"https:\/\/schema.org","@graph":[{"@type":"WebPage","@id":"https:\/\/www.capgemini.com\/es-es\/soluciones\/solucion-de-comercio-unificado-para-supermercados\/","url":"https:\/\/www.capgemini.com\/es-es\/soluciones\/solucion-de-comercio-unificado-para-supermercados\/","name":"Soluci\u00f3n de Comercio Unificado para Supermercados | Capgemini","isPartOf":{"@id":"https:\/\/www.capgemini.com\/es-es\/#website"},"primaryImageOfPage":{"@id":"https:\/\/www.capgemini.com\/es-es\/soluciones\/solucion-de-comercio-unificado-para-supermercados\/#primaryimage"},"image":{"@id":"https:\/\/www.capgemini.com\/es-es\/soluciones\/solucion-de-comercio-unificado-para-supermercados\/#primaryimage"},"thumbnailUrl":"","datePublished":"2022-02-03T11:49:59+00:00","dateModified":"2025-03-12T06:23:38+00:00","description":"Nuestra soluci\u00f3n de comercio unificado para comestibles permite a los comerciantes de alimentos lanzar experiencias digitales inmersivas e intuitivas de forma m\u00e1s r\u00e1pida y menos costosa.","breadcrumb":{"@id":"https:\/\/www.capgemini.com\/es-es\/soluciones\/solucion-de-comercio-unificado-para-supermercados\/#breadcrumb"},"inLanguage":"es-ES","potentialAction":[{"@type":"ReadAction","target":["https:\/\/www.capgemini.com\/es-es\/soluciones\/solucion-de-comercio-unificado-para-supermercados\/"]}]},{"@type":"ImageObject","inLanguage":"es-ES","@id":"https:\/\/www.capgemini.com\/es-es\/soluciones\/solucion-de-comercio-unificado-para-supermercados\/#primaryimage","url":"","contentUrl":""},{"@type":"BreadcrumbList","@id":"https:\/\/www.capgemini.com\/es-es\/soluciones\/solucion-de-comercio-unificado-para-supermercados\/#breadcrumb","itemListElement":[{"@type":"ListItem","position":1,"name":"Home","item":"https:\/\/www.capgemini.com\/es-es\/"},{"@type":"ListItem","position":2,"name":"Soluciones","item":"https:\/\/www.capgemini.com\/es-es\/soluciones\/"},{"@type":"ListItem","position":3,"name":"Soluci\u00f3n de comercio unificado para supermercados"}]},{"@type":"WebSite","@id":"https:\/\/www.capgemini.com\/es-es\/#website","url":"https:\/\/www.capgemini.com\/es-es\/","name":"Capgemini Espa\u00f1a","description":"Capgemini","potentialAction":[{"@type":"SearchAction","target":{"@type":"EntryPoint","urlTemplate":"https:\/\/www.capgemini.com\/es-es\/?s={search_term_string}"},"query-input":"required name=search_term_string"}],"inLanguage":"es-ES"}]}},"brand_term":[],"parsely":{"version":"1.1.0","canonical_url":"https:\/\/capgemini.com\/es-es\/soluciones\/solucion-de-comercio-unificado-para-supermercados\/","smart_links":{"inbound":0,"outbound":0},"traffic_boost_suggestions_count":0,"meta":{"@context":"https:\/\/schema.org","@type":"WebPage","headline":"Soluci\u00f3n de comercio unificado para supermercados","url":"https:\/\/www.capgemini.com\/es-es\/soluciones\/solucion-de-comercio-unificado-para-supermercados\/","mainEntityOfPage":{"@type":"WebPage","@id":"https:\/\/www.capgemini.com\/es-es\/soluciones\/solucion-de-comercio-unificado-para-supermercados\/"},"thumbnailUrl":"","image":{"@type":"ImageObject","url":""},"articleSection":"Uncategorized","author":[],"creator":[],"publisher":{"@type":"Organization","name":"Capgemini Spain","logo":""},"keywords":[],"dateCreated":"2022-02-03T11:49:59Z","datePublished":"2022-02-03T11:49:59Z","dateModified":"2025-03-12T06:23:38Z"},"rendered":"<meta name=\"parsely-title\" content=\"Soluci\u00f3n de comercio unificado para supermercados\" \/>\n<meta name=\"parsely-link\" content=\"https:\/\/www.capgemini.com\/es-es\/soluciones\/solucion-de-comercio-unificado-para-supermercados\/\" \/>\n<meta name=\"parsely-type\" content=\"index\" \/>\n<meta name=\"parsely-pub-date\" content=\"2022-02-03T11:49:59Z\" \/>\n<meta name=\"parsely-section\" content=\"Uncategorized\" \/>","tracker_url":"https:\/\/cdn.parsely.com\/keys\/capgemini.com\/p.js"},"archive_status":false,"featured_image_src":"https:\/\/www.capgemini.com\/es-es\/wp-content\/themes\/capgemini2025\/assets\/images\/mockup.png","featured_image_alt":"","jetpack_sharing_enabled":true,"distributor_meta":false,"distributor_terms":false,"distributor_media":false,"distributor_original_site_name":"Capgemini Spain","distributor_original_site_url":"https:\/\/www.capgemini.com\/es-es","push-errors":false,"_links":{"self":[{"href":"https:\/\/www.capgemini.com\/es-es\/wp-json\/wp\/v2\/pages\/5467","targetHints":{"allow":["GET"]}}],"collection":[{"href":"https:\/\/www.capgemini.com\/es-es\/wp-json\/wp\/v2\/pages"}],"about":[{"href":"https:\/\/www.capgemini.com\/es-es\/wp-json\/wp\/v2\/types\/page"}],"author":[{"embeddable":true,"href":"https:\/\/www.capgemini.com\/es-es\/wp-json\/wp\/v2\/users\/35"}],"replies":[{"embeddable":true,"href":"https:\/\/www.capgemini.com\/es-es\/wp-json\/wp\/v2\/comments?post=5467"}],"version-history":[{"count":3,"href":"https:\/\/www.capgemini.com\/es-es\/wp-json\/wp\/v2\/pages\/5467\/revisions"}],"predecessor-version":[{"id":567747,"href":"https:\/\/www.capgemini.com\/es-es\/wp-json\/wp\/v2\/pages\/5467\/revisions\/567747"}],"up":[{"embeddable":true,"href":"https:\/\/www.capgemini.com\/es-es\/wp-json\/wp\/v2\/pages\/537594"}],"wp:featuredmedia":[{"embeddable":true,"href":"https:\/\/www.capgemini.com\/es-es\/wp-json\/"}],"wp:attachment":[{"href":"https:\/\/www.capgemini.com\/es-es\/wp-json\/wp\/v2\/media?parent=5467"}],"wp:term":[{"taxonomy":"brand","embeddable":true,"href":"https:\/\/www.capgemini.com\/es-es\/wp-json\/wp\/v2\/brand?post=5467"},{"taxonomy":"partner_type","embeddable":true,"href":"https:\/\/www.capgemini.com\/es-es\/wp-json\/wp\/v2\/partner_type?post=5467"},{"taxonomy":"service","embeddable":true,"href":"https:\/\/www.capgemini.com\/es-es\/wp-json\/wp\/v2\/service?post=5467"},{"taxonomy":"industry","embeddable":true,"href":"https:\/\/www.capgemini.com\/es-es\/wp-json\/wp\/v2\/industry?post=5467"},{"taxonomy":"partners","embeddable":true,"href":"https:\/\/www.capgemini.com\/es-es\/wp-json\/wp\/v2\/partners?post=5467"},{"taxonomy":"page-type","embeddable":true,"href":"https:\/\/www.capgemini.com\/es-es\/wp-json\/wp\/v2\/page-type?post=5467"},{"taxonomy":"content-group","embeddable":true,"href":"https:\/\/www.capgemini.com\/es-es\/wp-json\/wp\/v2\/content-group?post=5467"}],"curies":[{"name":"wp","href":"https:\/\/api.w.org\/{rel}","templated":true}]}}