{"id":546595,"date":"2023-06-20T11:26:26","date_gmt":"2023-06-20T09:26:26","guid":{"rendered":"https:\/\/www.capgemini.com\/?page_id=914359"},"modified":"2026-01-06T08:08:53","modified_gmt":"2026-01-06T07:08:53","slug":"aceleracion-transicion-energetica","status":"publish","type":"page","link":"https:\/\/www.capgemini.com\/es-es\/sectores\/energia-y-utilities\/aceleracion-transicion-energetica\/","title":{"rendered":"Acelerando hacia la transici\u00f3n energ\u00e9tica"},"content":{"rendered":"\n<div class=\"wp-block-cg-blocks-hero-picture-card undefined  heroPictureCard\"><div class=\"heroPictureCardBgs\"><picture><source srcset=\"https:\/\/www.capgemini.com\/wp-content\/uploads\/2023\/06\/EnU_ETC_main-VI_dotcom_2880x1880px.jpg?w=2880&amp;quality=70 1x, https:\/\/www.capgemini.com\/wp-content\/uploads\/2023\/06\/EnU_ETC_main-VI_dotcom_2880x1880px.jpg?w=2880&amp;quality=70 2x\" media=\"(min-width: 1500px)\"\/><source srcset=\"https:\/\/www.capgemini.com\/wp-content\/uploads\/2023\/06\/EnU_ETC_main-VI_dotcom_2880x1880px.jpg?w=1440&amp;quality=70 1x, https:\/\/www.capgemini.com\/wp-content\/uploads\/2023\/06\/EnU_ETC_main-VI_dotcom_2880x1880px.jpg?w=2880&amp;quality=70 2x\" media=\"(min-width: 992px)\"\/><source srcset=\"https:\/\/www.capgemini.com\/wp-content\/uploads\/2023\/06\/EnU_ETC_main-VI_dotcom_2880x1880px.jpg?w=1024&amp;quality=70 1x, https:\/\/www.capgemini.com\/wp-content\/uploads\/2023\/06\/EnU_ETC_main-VI_dotcom_2880x1880px.jpg?w=1024&amp;quality=70 2x\" media=\"(min-width: 768px)\"\/><source srcset=\"https:\/\/www.capgemini.com\/wp-content\/uploads\/2023\/06\/EnU_ETC_main-VI_dotcom_2880x1880px.jpg?w=768&amp;quality=70 1x, https:\/\/www.capgemini.com\/wp-content\/uploads\/2023\/06\/EnU_ETC_main-VI_dotcom_2880x1880px.jpg?w=768&amp;quality=70 2x\" media=\"(min-width: 0)\"\/><img decoding=\"async\" src=\"https:\/\/www.capgemini.com\/wp-content\/uploads\/2023\/06\/EnU_ETC_main-VI_dotcom_2880x1880px.jpg\" class=\"desktopImage\" alt=\"\" style=\"object-fit:cover;object-position:60% 45%\" loading=\"eager\"\/><\/picture><picture><source srcset=\"https:\/\/www.capgemini.com\/wp-content\/uploads\/2023\/06\/EnU_ETC_main-VI_dotcom_2880x1880px.jpg?w=2880&amp;quality=70 1x, https:\/\/www.capgemini.com\/wp-content\/uploads\/2023\/06\/EnU_ETC_main-VI_dotcom_2880x1880px.jpg?w=2880&amp;quality=70 2x\" media=\"(min-width: 1500px)\"\/><source srcset=\"https:\/\/www.capgemini.com\/wp-content\/uploads\/2023\/06\/EnU_ETC_main-VI_dotcom_2880x1880px.jpg?w=1440&amp;quality=70 1x, https:\/\/www.capgemini.com\/wp-content\/uploads\/2023\/06\/EnU_ETC_main-VI_dotcom_2880x1880px.jpg?w=2880&amp;quality=70 2x\" media=\"(min-width: 992px)\"\/><source srcset=\"https:\/\/www.capgemini.com\/wp-content\/uploads\/2023\/06\/EnU_ETC_main-VI_dotcom_2880x1880px.jpg?w=1024&amp;quality=70 1x, https:\/\/www.capgemini.com\/wp-content\/uploads\/2023\/06\/EnU_ETC_main-VI_dotcom_2880x1880px.jpg?w=1024&amp;quality=70 2x\" media=\"(min-width: 768px)\"\/><source srcset=\"https:\/\/www.capgemini.com\/wp-content\/uploads\/2023\/06\/EnU_ETC_main-VI_dotcom_2880x1880px.jpg?w=768&amp;quality=70 1x, https:\/\/www.capgemini.com\/wp-content\/uploads\/2023\/06\/EnU_ETC_main-VI_dotcom_2880x1880px.jpg?w=768&amp;quality=70 2x\" media=\"(min-width: 0)\"\/><img decoding=\"async\" src=\"https:\/\/www.capgemini.com\/wp-content\/uploads\/2023\/06\/EnU_ETC_main-VI_dotcom_2880x1880px.jpg\" class=\"mobileImage\" alt=\"\" style=\"object-fit:cover;object-position:60% 45%\" loading=\"eager\"\/><\/picture><\/div><div class=\"heroPictureCardHeaderShape\"><\/div><div class=\"container\"><div class=\"row\"><div class=\"col-md-8 col-lg-6\"><div class=\"heroPictureCardBox\"><div class=\"heroPictureCardBoxTitle\"><h1 data-maxlength=\"144\">Acelerando hacia la transici\u00f3n energ\u00e9tica<\/h1><\/div><\/div><\/div><\/div><\/div><div class=\"small-device\"><div class=\"brandLogoWrapper\"> <\/div><\/div><\/div>\n\n\n\n<section class=\"wp-block-cg-blocks-group undefined section section--article-content\"><div class=\"article-main-content\"><div class=\"container\"><div class=\"row\"><div class=\"col-12 col-md-1\"><nav class=\"article-social\"><ul class=\"social-nav\"><li class=\"ip-order-fb\"><a href=\"https:\/\/www.facebook.com\/sharer\/sharer.php?u=https:\/\/www.capgemini.com\/industries\/energy-and-utilities\/accelerating-energy-transition\/\" target=\"_blank\" rel=\"noopener noreferrer\" title=\"abrir en una nueva ventana\"><i aria-hidden=\"true\" class=\"icon-fb\"><\/i><span class=\"sr-only\">Facebook<\/span><\/a><\/li><li class=\"ip-order-tw\"><a href=\"https:\/\/twitter.com\/intent\/tweet?url=https:\/\/www.capgemini.com\/industries\/energy-and-utilities\/accelerating-energy-transition\/&amp;text=Accelerating%20energy%20transition\" target=\"_blank\" rel=\"noopener noreferrer\" title=\"abrir en una nueva ventana\"><i aria-hidden=\"true\" class=\"icon-tw\"><\/i><span class=\"sr-only\">Twitter<\/span><\/a><\/li><li class=\"ip-order-li\"><a href=\"https:\/\/www.linkedin.com\/shareArticle?url=https:\/\/www.capgemini.com\/industries\/energy-and-utilities\/accelerating-energy-transition\/&amp;text=Accelerating%20energy%20transition\" target=\"_blank\" rel=\"noopener noreferrer\" title=\"abrir en una nueva ventana\"><i aria-hidden=\"true\" class=\"icon-li\"><\/i><span class=\"sr-only\">Linkedin<\/span><\/a><\/li><\/ul><\/nav><\/div><div class=\"col-12 col-md-11 col-lg-10\"><div class=\"article-text article-quote-text\">\n<h2 class=\"wp-block-heading\" id=\"h-la-transicion-energetica-es-un-desafio-que-define-a-nuestra-generacion\">La transici\u00f3n energ\u00e9tica es un desaf\u00edo que define a nuestra generaci\u00f3n.<\/h2>\n\n\n\n<p>Pero creemos que no solo importa lo que evita, sino lo que habilita en nuestra econom\u00eda y sociedad. Imaginamos un mundo en el que la energ\u00eda sea limpia, asequible y abundante, impulsando una nueva ola de crecimiento industrial y oportunidades sociales.<\/p>\n\n\n\n<p>La narrativa en torno al cero neto a menudo se ha centrado en los costes y desaf\u00edos. Pero la transici\u00f3n energ\u00e9tica no tiene por qu\u00e9 equivaler a austeridad o compromisos industriales. Estamos convencidos de que la transici\u00f3n energ\u00e9tica representa una gran oportunidad para que los proveedores de energ\u00eda sean m\u00e1s viables que nunca. Al aprovechar el poder de la tecnolog\u00eda y la innovaci\u00f3n, podemos profundizar las relaciones con los clientes, redefinir las ofertas y construir legados positivos que cambien el panorama energ\u00e9tico para siempre.<\/p>\n<\/div><\/div><\/div><\/div><\/div><\/section>\n\n\n\n<section class=\"wp-block-cg-blocks-intro-para-video is-style-default section section--info-2cols section--insights section-video \"><div class=\"bg-color video-align-left\"><div class=\"container\"><div class=\"row video-align-right\"><div class=\"col-md-12\"><div class=\"video-align-right row box box--4 box--mini\"><div class=\"col-md-1\"><\/div><div class=\"col-md-8 box-img-wrapper\"><div class=\"video-box\"><div class=\"video-wrapper\"><iframe title=\"video-section\" src=\"https:\/\/www.youtube.com\/embed\/2Vdjn8VXQXE?rel=0&amp;modestbranding=1&amp;playsinline=1&amp;enablejsapi=1\" frameborder=\"0\" allow=\"accelerometer; autoplay; clipboard-write; encrypted-media; gyroscope; picture-in-picture\" allowfullscreen loading=\"lazy\" referrerpolicy=\"strict-origin-when-cross-origin\"><\/iframe><\/div><\/div><\/div><div class=\"col-md-3\"><h3 class=\"Video-title\" data-maxlength=\"34\">Transici\u00f3n energ\u00e9tica<\/h3><div class=\"video-info\"><p data-maxlength=\"68\">Nuestro punto de vista<\/p><\/div><\/div><div class=\"col-md-1\"><\/div><\/div><\/div><\/div><\/div><\/div><\/section>\n\n\n<section class=\"latest-insights layout-odd layout-one-card-only \"><div class=\"container\"><div class=\"insight-title\"><h2 class=\"latest-insight-title\">Informaci\u00f3n relacionada<\/h2><\/div><div class=\"layout-single-card\">\n                      <div class=\"row align-items-center w-lg-100\">\n                        <div class=\"card-image-wrapper\">\n                                <div class=\"card-image\" data-image-url=\"https:\/\/www.capgemini.com\/es-es\/investigacion\/biblioteca-de-investigacion\/energy-transition-europe-in-the-2030s\/\">\n\t\t\t\t\t\t\t\t\t\t\t\t\t\t\t\t\t<picture>\n\t\t\t\t\t\t\t\t\t\t\t\t\t\t\t\t\t\t\t\t\t<source srcset=\"https:\/\/www.capgemini.com\/wp-content\/uploads\/2023\/06\/EnU_ETC_dotcom_2880x1800px-1.jpg?w=2048&#038;quality=70 1x, https:\/\/www.capgemini.com\/wp-content\/uploads\/2023\/06\/EnU_ETC_dotcom_2880x1800px-1.jpg?w=2048&#038;quality=70 2x\"\n\t\t\t\t\t\t\t\t\t\t\t\t\t\t\t\t\t\t\t\t\t\t\t\t\tmedia=\"(min-width: 1500px)\"\/>\n\t\t\t\t\t\t\t\t\t\t\t\t\t\t\t\t\t\t\t\t\t<source srcset=\"https:\/\/www.capgemini.com\/wp-content\/uploads\/2023\/06\/EnU_ETC_dotcom_2880x1800px-1.jpg?w=1024&#038;quality=70 1x, https:\/\/www.capgemini.com\/wp-content\/uploads\/2023\/06\/EnU_ETC_dotcom_2880x1800px-1.jpg?w=2048&#038;quality=70 2x\"\n\t\t\t\t\t\t\t\t\t\t\t\t\t\t\t\t\t\t\t\t\t\t\t\t\tmedia=\"(min-width: 992px)\"\/>\n\t\t\t\t\t\t\t\t\t\t\t\t\t\t\t\t\t\t\t\t\t<source srcset=\"https:\/\/www.capgemini.com\/wp-content\/uploads\/2023\/06\/EnU_ETC_dotcom_2880x1800px-1.jpg?w=1024&#038;quality=70 1x, https:\/\/www.capgemini.com\/wp-content\/uploads\/2023\/06\/EnU_ETC_dotcom_2880x1800px-1.jpg?w=2048&#038;quality=70 2x\"\n\t\t\t\t\t\t\t\t\t\t\t\t\t\t\t\t\t\t\t\t\t\t\t\t\tmedia=\"(min-width: 768px)\"\/>\n\t\t\t\t\t\t\t\t\t\t\t\t\t\t\t\t\t\t\t\t\t<source srcset=\"https:\/\/www.capgemini.com\/wp-content\/uploads\/2023\/06\/EnU_ETC_dotcom_2880x1800px-1.jpg?w=500&#038;quality=70 1x, https:\/\/www.capgemini.com\/wp-content\/uploads\/2023\/06\/EnU_ETC_dotcom_2880x1800px-1.jpg?w=1000&#038;quality=70 2x\"\n\t\t\t\t\t\t\t\t\t\t\t\t\t\t\t\t\t\t\t\t\t\t\t\t\tmedia=\"(min-width: 0)\"\/>\n\t\t\t\t\t\t\t\t\t\t\t\t\t\t\t\t\t\t\t\t\t\t<img decoding=\"async\" loading=\"lazy\" src=\"https:\/\/www.capgemini.com\/wp-content\/uploads\/2023\/06\/EnU_ETC_dotcom_2880x1800px-1.jpg\" alt=\"\" style=\"object-position: 50% 50%; object-fit: cover;\">\n\t\t\t\t\t\t\t\t\t\t\t\t\t\t\t\t\t\t\t<\/picture>\n                                <\/div>\n                            <\/div>\n                            <div class=\"col-12 col-md-5 col-lg-7\"><\/div>\n                        <div class=\"col-12 col-md-7 col-lg-5\">\n                            <a href=\"https:\/\/www.capgemini.com\/es-es\/investigacion\/biblioteca-de-investigacion\/energy-transition-europe-in-the-2030s\/\" aria-label=\"Transici\u00f3n Energ\u00e9tica: Europa en la d\u00e9cada de 2030\" class=\"card-link-holder\">\n                            <div class=\"insight-card insight-card-start\">\n                                <div class=\"card-tag\">Point of view<\/div>\n                                <h3 class=\"card-title\">Transici\u00f3n Energ\u00e9tica: Europa en la d\u00e9cada de 2030<\/h3>\n                                <div class=\"insight-card-footer\">\n                                    <img decoding=\"async\" loading=\"lazy\" src=\"\" alt=\"\" class=\"light\">\n\t\t\t\t\t\t\t\t\t<img decoding=\"async\" loading=\"lazy\" src=\"\" alt=\"\" class=\"dark\">\n                                <\/div>\n                            <\/div>\n                            <\/a>\n                        <\/div>\n                     <\/div>\n                    <\/div><\/div><\/section>\n\n\n<section class=\"section section--expert-slider wrapper-people-slider wp-block-cg-blocks-wrapper-people-slider undefined\"><div class=\"container\"><div class=\"content-title\"><h2 data-maxlength=\"34\" class=\"people-heading-title\">Conoce a nuestros expertos<\/h2><\/div><\/div><div class=\"slider slider-boxed\"><div class=\"container\"><div class=\"slider-window\"><div class=\"slider-list\"><\/div><\/div><\/div><div class=\"slider-nav\"><button class=\"slider-prev inactive\" aria-label=\"Slider-previous\" tabindex=\"-1\"><\/button><ul class=\"slider-paginator\"><\/ul><button class=\"slider-next\" aria-label=\"Slider-next\"><\/button><\/div><\/div><\/section>\n","protected":false},"excerpt":{"rendered":"<p>La transici\u00f3n energ\u00e9tica ofrecer\u00e1 grandes oportunidades para construir un futuro mejor para todos.<\/p>\n","protected":false},"author":33,"featured_media":546596,"parent":5706,"menu_order":1,"comment_status":"closed","ping_status":"closed","template":"","meta":{"cg_dt_proposed_to":[],"cg_seo_hreflang_relations":"[]","cg_seo_canonical_relation":"","cg_seo_hreflang_x_default_relation":"{\"uuid\":\"32a8db68-d2d7-4bcc-8723-bbf700db2597\",\"blogId\":\"\",\"domain\":\"\",\"sitePath\":\"\",\"postLink\":\"\",\"postId\":null,\"isSaved\":true,\"isCrossLink\":false,\"hasCrossLink\":false}","cg_dt_approved_content":true,"cg_dt_mandatory_content":false,"cg_dt_notes":"","cg_dg_source_changed":true,"cg_dt_link_disabled":false,"_yoast_wpseo_primary_brand":"","footnotes":"","featured_focal_points":"","partner_card_description":"","gsap_animation":0},"brand":[],"partner_type":[],"service":[],"industry":[681],"partners":[],"page-type":[],"content-group":[],"class_list":["post-546595","page","type-page","status-publish","has-post-thumbnail","hentry","industry-energy"],"yoast_head":"<!-- This site is optimized with the Yoast SEO Premium plugin v22.8 (Yoast SEO v22.8) - https:\/\/yoast.com\/wordpress\/plugins\/seo\/ -->\n<title>Acelerando hacia la transici\u00f3n energ\u00e9tica - Capgemini Spain<\/title>\n<meta name=\"description\" content=\"La transici\u00f3n energ\u00e9tica ofrecer\u00e1 grandes oportunidades para construir un futuro mejor para todos.\" \/>\n<meta name=\"robots\" content=\"index, follow, max-snippet:-1, max-image-preview:large, max-video-preview:-1\" \/>\n<link rel=\"canonical\" href=\"https:\/\/www.capgemini.com\/es-es\/sectores\/energia-y-utilities\/aceleracion-transicion-energetica\/\" \/>\n<meta property=\"og:locale\" content=\"es_ES\" \/>\n<meta property=\"og:type\" content=\"article\" \/>\n<meta property=\"og:title\" content=\"Acelerando hacia la transici\u00f3n energ\u00e9tica\" \/>\n<meta property=\"og:description\" content=\"La transici\u00f3n energ\u00e9tica ofrecer\u00e1 grandes oportunidades para construir un futuro mejor para todos.\" \/>\n<meta property=\"og:url\" content=\"https:\/\/www.capgemini.com\/es-es\/sectores\/energia-y-utilities\/aceleracion-transicion-energetica\/\" \/>\n<meta property=\"og:site_name\" content=\"Capgemini Spain\" \/>\n<meta property=\"article:modified_time\" content=\"2026-01-06T07:08:53+00:00\" \/>\n<meta property=\"og:image\" content=\"https:\/\/www.capgemini.com\/es-es\/wp-content\/uploads\/sites\/16\/2025\/10\/New-Web-preview-global.jpg\" \/>\n\t<meta property=\"og:image:width\" content=\"1200\" \/>\n\t<meta property=\"og:image:height\" content=\"627\" \/>\n\t<meta property=\"og:image:type\" content=\"image\/jpeg\" \/>\n<meta name=\"twitter:card\" content=\"summary_large_image\" \/>\n<meta name=\"twitter:label1\" content=\"Est. reading time\" \/>\n\t<meta name=\"twitter:data1\" content=\"2 minutes\" \/>\n<script type=\"application\/ld+json\" class=\"yoast-schema-graph\">{\"@context\":\"https:\/\/schema.org\",\"@graph\":[{\"@type\":\"WebPage\",\"@id\":\"https:\/\/www.capgemini.com\/es-es\/sectores\/energia-y-utilities\/aceleracion-transicion-energetica\/\",\"url\":\"https:\/\/www.capgemini.com\/es-es\/sectores\/energia-y-utilities\/aceleracion-transicion-energetica\/\",\"name\":\"Acelerando hacia la transici\u00f3n energ\u00e9tica - Capgemini Spain\",\"isPartOf\":{\"@id\":\"https:\/\/www.capgemini.com\/es-es\/#website\"},\"primaryImageOfPage\":{\"@id\":\"https:\/\/www.capgemini.com\/es-es\/sectores\/energia-y-utilities\/aceleracion-transicion-energetica\/#primaryimage\"},\"image\":{\"@id\":\"https:\/\/www.capgemini.com\/es-es\/sectores\/energia-y-utilities\/aceleracion-transicion-energetica\/#primaryimage\"},\"thumbnailUrl\":\"https:\/\/www.capgemini.com\/es-es\/wp-content\/uploads\/sites\/16\/2023\/06\/EnU_ETC_main-VI_dotcom_2880x1880px.jpg\",\"datePublished\":\"2023-06-20T09:26:26+00:00\",\"dateModified\":\"2026-01-06T07:08:53+00:00\",\"description\":\"La transici\u00f3n energ\u00e9tica ofrecer\u00e1 grandes oportunidades para construir un futuro mejor para todos.\",\"breadcrumb\":{\"@id\":\"https:\/\/www.capgemini.com\/es-es\/sectores\/energia-y-utilities\/aceleracion-transicion-energetica\/#breadcrumb\"},\"inLanguage\":\"es-ES\",\"potentialAction\":[{\"@type\":\"ReadAction\",\"target\":[\"https:\/\/www.capgemini.com\/es-es\/sectores\/energia-y-utilities\/aceleracion-transicion-energetica\/\"]}]},{\"@type\":\"ImageObject\",\"inLanguage\":\"es-ES\",\"@id\":\"https:\/\/www.capgemini.com\/es-es\/sectores\/energia-y-utilities\/aceleracion-transicion-energetica\/#primaryimage\",\"url\":\"https:\/\/www.capgemini.com\/es-es\/wp-content\/uploads\/sites\/16\/2023\/06\/EnU_ETC_main-VI_dotcom_2880x1880px.jpg\",\"contentUrl\":\"https:\/\/www.capgemini.com\/es-es\/wp-content\/uploads\/sites\/16\/2023\/06\/EnU_ETC_main-VI_dotcom_2880x1880px.jpg\",\"width\":2880,\"height\":1880},{\"@type\":\"BreadcrumbList\",\"@id\":\"https:\/\/www.capgemini.com\/es-es\/sectores\/energia-y-utilities\/aceleracion-transicion-energetica\/#breadcrumb\",\"itemListElement\":[{\"@type\":\"ListItem\",\"position\":1,\"name\":\"Home\",\"item\":\"https:\/\/www.capgemini.com\/es-es\/\"},{\"@type\":\"ListItem\",\"position\":2,\"name\":\"Sectores\",\"item\":\"https:\/\/www.capgemini.com\/es-es\/sectores\/\"},{\"@type\":\"ListItem\",\"position\":3,\"name\":\"Energ\u00eda y utilities\",\"item\":\"https:\/\/www.capgemini.com\/es-es\/sectores\/energia-y-utilities\/\"},{\"@type\":\"ListItem\",\"position\":4,\"name\":\"Acelerando hacia la transici\u00f3n energ\u00e9tica\"}]},{\"@type\":\"WebSite\",\"@id\":\"https:\/\/www.capgemini.com\/es-es\/#website\",\"url\":\"https:\/\/www.capgemini.com\/es-es\/\",\"name\":\"Capgemini Espa\u00f1a\",\"description\":\"Capgemini\",\"potentialAction\":[{\"@type\":\"SearchAction\",\"target\":{\"@type\":\"EntryPoint\",\"urlTemplate\":\"https:\/\/www.capgemini.com\/es-es\/?s={search_term_string}\"},\"query-input\":\"required name=search_term_string\"}],\"inLanguage\":\"es-ES\"}]}<\/script>\n<!-- \/ Yoast SEO Premium plugin. -->","yoast_head_json":{"title":"Acelerando hacia la transici\u00f3n energ\u00e9tica - Capgemini Spain","description":"La transici\u00f3n energ\u00e9tica ofrecer\u00e1 grandes oportunidades para construir un futuro mejor para todos.","robots":{"index":"index","follow":"follow","max-snippet":"max-snippet:-1","max-image-preview":"max-image-preview:large","max-video-preview":"max-video-preview:-1"},"canonical":"https:\/\/www.capgemini.com\/es-es\/sectores\/energia-y-utilities\/aceleracion-transicion-energetica\/","og_locale":"es_ES","og_type":"article","og_title":"Acelerando hacia la transici\u00f3n energ\u00e9tica","og_description":"La transici\u00f3n energ\u00e9tica ofrecer\u00e1 grandes oportunidades para construir un futuro mejor para todos.","og_url":"https:\/\/www.capgemini.com\/es-es\/sectores\/energia-y-utilities\/aceleracion-transicion-energetica\/","og_site_name":"Capgemini Spain","article_modified_time":"2026-01-06T07:08:53+00:00","og_image":[{"width":1200,"height":627,"url":"https:\/\/www.capgemini.com\/es-es\/wp-content\/uploads\/sites\/16\/2025\/10\/New-Web-preview-global.jpg","type":"image\/jpeg"}],"twitter_card":"summary_large_image","twitter_misc":{"Est. reading time":"2 minutes"},"schema":{"@context":"https:\/\/schema.org","@graph":[{"@type":"WebPage","@id":"https:\/\/www.capgemini.com\/es-es\/sectores\/energia-y-utilities\/aceleracion-transicion-energetica\/","url":"https:\/\/www.capgemini.com\/es-es\/sectores\/energia-y-utilities\/aceleracion-transicion-energetica\/","name":"Acelerando hacia la transici\u00f3n energ\u00e9tica - Capgemini Spain","isPartOf":{"@id":"https:\/\/www.capgemini.com\/es-es\/#website"},"primaryImageOfPage":{"@id":"https:\/\/www.capgemini.com\/es-es\/sectores\/energia-y-utilities\/aceleracion-transicion-energetica\/#primaryimage"},"image":{"@id":"https:\/\/www.capgemini.com\/es-es\/sectores\/energia-y-utilities\/aceleracion-transicion-energetica\/#primaryimage"},"thumbnailUrl":"https:\/\/www.capgemini.com\/es-es\/wp-content\/uploads\/sites\/16\/2023\/06\/EnU_ETC_main-VI_dotcom_2880x1880px.jpg","datePublished":"2023-06-20T09:26:26+00:00","dateModified":"2026-01-06T07:08:53+00:00","description":"La transici\u00f3n energ\u00e9tica ofrecer\u00e1 grandes oportunidades para construir un futuro mejor para todos.","breadcrumb":{"@id":"https:\/\/www.capgemini.com\/es-es\/sectores\/energia-y-utilities\/aceleracion-transicion-energetica\/#breadcrumb"},"inLanguage":"es-ES","potentialAction":[{"@type":"ReadAction","target":["https:\/\/www.capgemini.com\/es-es\/sectores\/energia-y-utilities\/aceleracion-transicion-energetica\/"]}]},{"@type":"ImageObject","inLanguage":"es-ES","@id":"https:\/\/www.capgemini.com\/es-es\/sectores\/energia-y-utilities\/aceleracion-transicion-energetica\/#primaryimage","url":"https:\/\/www.capgemini.com\/es-es\/wp-content\/uploads\/sites\/16\/2023\/06\/EnU_ETC_main-VI_dotcom_2880x1880px.jpg","contentUrl":"https:\/\/www.capgemini.com\/es-es\/wp-content\/uploads\/sites\/16\/2023\/06\/EnU_ETC_main-VI_dotcom_2880x1880px.jpg","width":2880,"height":1880},{"@type":"BreadcrumbList","@id":"https:\/\/www.capgemini.com\/es-es\/sectores\/energia-y-utilities\/aceleracion-transicion-energetica\/#breadcrumb","itemListElement":[{"@type":"ListItem","position":1,"name":"Home","item":"https:\/\/www.capgemini.com\/es-es\/"},{"@type":"ListItem","position":2,"name":"Sectores","item":"https:\/\/www.capgemini.com\/es-es\/sectores\/"},{"@type":"ListItem","position":3,"name":"Energ\u00eda y utilities","item":"https:\/\/www.capgemini.com\/es-es\/sectores\/energia-y-utilities\/"},{"@type":"ListItem","position":4,"name":"Acelerando hacia la transici\u00f3n energ\u00e9tica"}]},{"@type":"WebSite","@id":"https:\/\/www.capgemini.com\/es-es\/#website","url":"https:\/\/www.capgemini.com\/es-es\/","name":"Capgemini Espa\u00f1a","description":"Capgemini","potentialAction":[{"@type":"SearchAction","target":{"@type":"EntryPoint","urlTemplate":"https:\/\/www.capgemini.com\/es-es\/?s={search_term_string}"},"query-input":"required name=search_term_string"}],"inLanguage":"es-ES"}]}},"brand_term":[],"parsely":{"version":"1.1.0","canonical_url":"https:\/\/capgemini.com\/es-es\/sectores\/energia-y-utilities\/aceleracion-transicion-energetica\/","smart_links":{"inbound":0,"outbound":0},"traffic_boost_suggestions_count":0,"meta":{"@context":"https:\/\/schema.org","@type":"WebPage","headline":"Acelerando hacia la transici\u00f3n energ\u00e9tica","url":"https:\/\/www.capgemini.com\/es-es\/sectores\/energia-y-utilities\/aceleracion-transicion-energetica\/","mainEntityOfPage":{"@type":"WebPage","@id":"https:\/\/www.capgemini.com\/es-es\/sectores\/energia-y-utilities\/aceleracion-transicion-energetica\/"},"thumbnailUrl":"https:\/\/www.capgemini.com\/es-es\/wp-content\/uploads\/sites\/16\/2023\/06\/EnU_ETC_main-VI_dotcom_2880x1880px.jpg?w=150&h=150&crop=1","image":{"@type":"ImageObject","url":"https:\/\/www.capgemini.com\/es-es\/wp-content\/uploads\/sites\/16\/2023\/06\/EnU_ETC_main-VI_dotcom_2880x1880px.jpg"},"articleSection":"Uncategorized","author":[],"creator":[],"publisher":{"@type":"Organization","name":"Capgemini Spain","logo":""},"keywords":[],"dateCreated":"2023-06-20T09:26:26Z","datePublished":"2023-06-20T09:26:26Z","dateModified":"2026-01-06T07:08:53Z"},"rendered":"<meta name=\"parsely-title\" content=\"Acelerando hacia la transici\u00f3n energ\u00e9tica\" \/>\n<meta name=\"parsely-link\" content=\"https:\/\/www.capgemini.com\/es-es\/sectores\/energia-y-utilities\/aceleracion-transicion-energetica\/\" \/>\n<meta name=\"parsely-type\" content=\"index\" \/>\n<meta name=\"parsely-image-url\" content=\"https:\/\/www.capgemini.com\/es-es\/wp-content\/uploads\/sites\/16\/2023\/06\/EnU_ETC_main-VI_dotcom_2880x1880px.jpg?w=150&amp;h=150&amp;crop=1\" \/>\n<meta name=\"parsely-pub-date\" content=\"2023-06-20T09:26:26Z\" \/>\n<meta name=\"parsely-section\" content=\"Uncategorized\" \/>","tracker_url":"https:\/\/cdn.parsely.com\/keys\/capgemini.com\/p.js"},"archive_status":false,"featured_image_src":"https:\/\/www.capgemini.com\/es-es\/wp-content\/uploads\/sites\/16\/2023\/06\/EnU_ETC_main-VI_dotcom_2880x1880px.jpg","featured_image_alt":"","jetpack_sharing_enabled":true,"distributor_meta":false,"distributor_terms":false,"distributor_media":false,"distributor_original_site_name":"Capgemini Spain","distributor_original_site_url":"https:\/\/www.capgemini.com\/es-es","push-errors":false,"_links":{"self":[{"href":"https:\/\/www.capgemini.com\/es-es\/wp-json\/wp\/v2\/pages\/546595","targetHints":{"allow":["GET"]}}],"collection":[{"href":"https:\/\/www.capgemini.com\/es-es\/wp-json\/wp\/v2\/pages"}],"about":[{"href":"https:\/\/www.capgemini.com\/es-es\/wp-json\/wp\/v2\/types\/page"}],"author":[{"embeddable":true,"href":"https:\/\/www.capgemini.com\/es-es\/wp-json\/wp\/v2\/users\/33"}],"replies":[{"embeddable":true,"href":"https:\/\/www.capgemini.com\/es-es\/wp-json\/wp\/v2\/comments?post=546595"}],"version-history":[{"count":10,"href":"https:\/\/www.capgemini.com\/es-es\/wp-json\/wp\/v2\/pages\/546595\/revisions"}],"predecessor-version":[{"id":577903,"href":"https:\/\/www.capgemini.com\/es-es\/wp-json\/wp\/v2\/pages\/546595\/revisions\/577903"}],"up":[{"embeddable":true,"href":"https:\/\/www.capgemini.com\/es-es\/wp-json\/wp\/v2\/pages\/5706"}],"wp:featuredmedia":[{"embeddable":true,"href":"https:\/\/www.capgemini.com\/es-es\/wp-json\/wp\/v2\/media\/546596"}],"wp:attachment":[{"href":"https:\/\/www.capgemini.com\/es-es\/wp-json\/wp\/v2\/media?parent=546595"}],"wp:term":[{"taxonomy":"brand","embeddable":true,"href":"https:\/\/www.capgemini.com\/es-es\/wp-json\/wp\/v2\/brand?post=546595"},{"taxonomy":"partner_type","embeddable":true,"href":"https:\/\/www.capgemini.com\/es-es\/wp-json\/wp\/v2\/partner_type?post=546595"},{"taxonomy":"service","embeddable":true,"href":"https:\/\/www.capgemini.com\/es-es\/wp-json\/wp\/v2\/service?post=546595"},{"taxonomy":"industry","embeddable":true,"href":"https:\/\/www.capgemini.com\/es-es\/wp-json\/wp\/v2\/industry?post=546595"},{"taxonomy":"partners","embeddable":true,"href":"https:\/\/www.capgemini.com\/es-es\/wp-json\/wp\/v2\/partners?post=546595"},{"taxonomy":"page-type","embeddable":true,"href":"https:\/\/www.capgemini.com\/es-es\/wp-json\/wp\/v2\/page-type?post=546595"},{"taxonomy":"content-group","embeddable":true,"href":"https:\/\/www.capgemini.com\/es-es\/wp-json\/wp\/v2\/content-group?post=546595"}],"curies":[{"name":"wp","href":"https:\/\/api.w.org\/{rel}","templated":true}]}}