{"id":544286,"date":"2023-04-25T17:08:40","date_gmt":"2023-04-25T15:08:40","guid":{"rendered":"https:\/\/www.capgemini.com\/es-es\/?page_id=544286"},"modified":"2026-02-18T11:00:13","modified_gmt":"2026-02-18T10:00:13","slug":"otras-politicas","status":"publish","type":"page","link":"https:\/\/www.capgemini.com\/es-es\/sobre-nosotros\/gestion-y-gobierno\/politicas\/otras-politicas\/","title":{"rendered":"Otras pol\u00edticas"},"content":{"rendered":"\n<header class=\"wp-block-cg-blocks-hero-reusable is-style-blue-line header heroReusable  \"><div class=\"header-bgs\"><\/div><div class=\"heroPictureCardHeaderShape\"><\/div><div class=\"container\"><div class=\"row\"><div class=\"col-md-12\"><div class=\"box\"><div class=\"boxTagWrapper\"><div class=\"tagInfo\"><div><span class=\"box-tag\">Pol\u00edticas<\/span><\/div><\/div><\/div><div class=\"box-title\"><h1 data-maxlength=\"34\">Otras pol\u00edticas<\/h1><\/div><div class=\"inner-row-insight download-btn\"><\/div><\/div><\/div><\/div><\/div><\/header>\n\n\n\n<section class=\"wp-block-cg-blocks-group undefined section section--article-content\"><div class=\"article-main-content\"><div class=\"container\"><div class=\"row\"><div class=\"col-12 col-md-11 col-lg-10 offset-md-1 offset-lg-1\"><div class=\"article-text article-quote-text\">\n<h4 class=\"wp-block-heading\" id=\"h-nuestras-politicas-ademas-abarcan-ambitos-tan-importantes-como-la-calidad-la-investigacion-desarrollo-innovacion-i-d-i-asi-como-el-la-denominada-conformity-assessment-conocelas-a-continuacion-nbsp\">Nuestras pol\u00edticas, adem\u00e1s, abarcan \u00e1mbitos tan importantes como la calidad, la Investigaci\u00f3n + Desarrollo +innovaci\u00f3n (I+D+i), as\u00ed como el la denominada <em>Conformity Assessment<\/em>. Con\u00f3celas a continuaci\u00f3n: &nbsp; <\/h4>\n\n\n\n<p><\/p>\n<\/div><\/div><\/div><\/div><\/div><\/section>\n\n\n\n<section class=\"wp-block-cg-blocks-how-we-do-it section section--howwedoit block-howwedoit\"><div class=\"container\"><div class=\"section-content\">\n<div class=\"wp-block-cg-blocks-card-howwedoit expanders\"><div class=\"box card-regulated-agreements card-howwedoit\"><div class=\"expander-box filter-box tag-active \"><div class=\"expander-title\" tabindex=\"0\" role=\"button\" aria-expanded=\"false\"><h3 class=\"expander-heading-title\">Pol\u00edtica de Calidad<\/h3><\/div><div class=\"expander-subtitle\"><p class=\"small-description\">Capgemini tiene una Pol\u00edtica de Calidad que refleja claramente su objetivo por alcanzar el grado de excelencia acordado con sus clientes.<br><\/p><\/div><div class=\"expander-content\"><p>Esta pol\u00edtica declara que <em>&#8220;Capgemini se compromete a satisfacer las expectativas del cliente entregando soluciones y servicios a trav\u00e9s de procesos alineados con las tendencias tecnol\u00f3gicas del mercado y frameworks que incluyen la mejora continua, en l\u00ednea con los requisitos contractuales, legales y reglamentarios\u201d.<\/em><\/p><div class=\"bg-color video-align-right\"><div class=\"container\"><div class=\"row video-align-left\"><div class=\"col-md-12\"><div class=\"video-align-left row box box--4 box--mini\"><div class=\"col-md-3\"><\/div><div class=\"col-md-8 box-img-wrapper\"><div class=\"video-box\"><\/div><\/div><\/div><\/div><\/div><\/div><\/div>\n<div class=\"wp-block-buttons is-layout-flex wp-block-buttons-is-layout-flex\"><\/div>\n<div class=\"content-more\"><\/div><\/div><\/div><\/div><\/div>\n\n\n\n<div class=\"wp-block-cg-blocks-card-howwedoit expanders\"><div class=\"box card-regulated-agreements card-howwedoit\"><div class=\"expander-box filter-box tag-active \"><div class=\"expander-title\" tabindex=\"0\" role=\"button\" aria-expanded=\"false\"><h3 class=\"expander-heading-title\">Pol\u00edtica de I+D+i<\/h3><\/div><div class=\"expander-subtitle\"><p class=\"small-description\">La pol\u00edtica de I+D+i es fundamental para garantizar nuestro crecimiento y competitividad en el mercado actual.<\/p><\/div><div class=\"expander-content\"><p><em>&#8220;En este sentido, podemos destacar que a trav\u00e9s de nuestra pol\u00edtica de I+D+i buscamos fomentar la innovaci\u00f3n, la investigaci\u00f3n y el desarrollo de nuevas tecnolog\u00edas, productos y procesos que permitan mejorar la calidad y eficiencia de productos y servicios, as\u00ed como tambi\u00e9n mejorar nuestra posici\u00f3n en el mercado. Para lograr esto, se establecen estrategias y planes de acci\u00f3n espec\u00edficos que implican la inversi\u00f3n en recursos humanos y tecnol\u00f3gicos, as\u00ed como tambi\u00e9n el establecimiento de alianzas y colaboraciones con otras empresas y entidades del sector\u201d<\/em><\/p><div class=\"bg-color video-align-right\"><div class=\"container\"><div class=\"row video-align-left\"><div class=\"col-md-12\"><div class=\"video-align-left row box box--4 box--mini\"><div class=\"col-md-3\"><\/div><div class=\"col-md-8 box-img-wrapper\"><div class=\"video-box\"><\/div><\/div><\/div><\/div><\/div><\/div><\/div><div class=\"content-more\"><a class=\"more2\" aria-label=\"Descargar link\" href=\"https:\/\/www.capgemini.com\/es-es\/wp-content\/uploads\/sites\/16\/2024\/06\/Politica-SGIDi-2023-ED-1.0_firmada-LP.pdf\" target=\"_blank\" title=\"Opens in a new window\" rel=\"noopener noreferrer\">Descargar<\/a><a class=\"more2\" aria-label=\"Download link\" href=\"https:\/\/www.capgemini.com\/es-es\/wp-content\/uploads\/sites\/16\/2024\/06\/RDi-MS-Policy-2023-ED-1.0-firmada-LP.pdf\" target=\"_blank\" title=\"Opens in a new window\" rel=\"noopener noreferrer\">Download<\/a><\/div><\/div><\/div><\/div><\/div>\n\n\n\n<div class=\"wp-block-cg-blocks-card-howwedoit expanders\"><div class=\"box card-regulated-agreements card-howwedoit\"><div class=\"expander-box filter-box tag-active \"><div class=\"expander-title\" tabindex=\"0\" role=\"button\" aria-expanded=\"false\"><h3 class=\"expander-heading-title\">Pol\u00edtica de Conformity Assessment<\/h3><\/div><div class=\"expander-subtitle\"><p class=\"small-description\">La norma ISO 17020 establece los requisitos para que un organismo de inspecci\u00f3n pueda llevar a cabo su actividad de manera competente e imparcial, generando confianza en sus clientes y en la sociedad en general.<\/p><\/div><div class=\"expander-content\"><p><em>&#8220;Nuestra Pol\u00edtica de calidad de la ISO 17020 tiene como objetivo principal garantizar la calidad de los servicios de inspecci\u00f3n que se ofrecen a trav\u00e9s de la adopci\u00f3n de un enfoque basado en procesos, el establecimiento de objetivos medibles, la mejora continua y la gesti\u00f3n del riesgo. Para ello, se deben establecer planes y procedimientos documentados que describan claramente los criterios de evaluaci\u00f3n, las actividades de inspecci\u00f3n, los informes de inspecci\u00f3n y los requisitos de personal, entre otros aspectos. Demostrando as\u00ed nuestro compromiso con la calidad de nuestros servicios de inspecci\u00f3n y capacidad para satisfacer las necesidades y expectativas de sus clientes\u201d<\/em><\/p><div class=\"bg-color video-align-right\"><div class=\"container\"><div class=\"row video-align-left\"><div class=\"col-md-12\"><div class=\"video-align-left row box box--4 box--mini\"><div class=\"col-md-3\"><\/div><div class=\"col-md-8 box-img-wrapper\"><div class=\"video-box\"><\/div><\/div><\/div><\/div><\/div><\/div><\/div><div class=\"content-more\"><a class=\"more2\" aria-label=\"Download [EN] link\" href=\"https:\/\/www.capgemini.com\/es-es\/wp-content\/uploads\/sites\/16\/2026\/02\/Independence-Impartiality-Integrity-and-Safety-Policy-2026_ED-1.0_2026.pdf\" target=\"\" title=\"\" rel=\"noopener noreferrer\">Download [EN]<\/a><\/div><\/div><\/div><\/div><\/div>\n<\/div><\/div><\/section>\n","protected":false},"excerpt":{"rendered":"<p>Nuestras pol\u00edticas, adem\u00e1s, abarcan \u00e1mbitos tan importantes como la calidad, la Investigaci\u00f3n + Desarrollo + Innovaci\u00f3n (I+D+i), as\u00ed como el la denominada Conformity Assessment. <\/p>\n","protected":false},"author":461,"featured_media":0,"parent":536856,"menu_order":0,"comment_status":"closed","ping_status":"closed","template":"","meta":{"cg_dt_proposed_to":[],"cg_seo_hreflang_relations":"[]","cg_seo_canonical_relation":"","cg_seo_hreflang_x_default_relation":"{\"uuid\":\"4b716d02-0cd6-4b3c-9bc4-94ea0bb25f3a\",\"blogId\":\"\",\"domain\":\"\",\"sitePath\":\"\",\"postLink\":\"\",\"postId\":null,\"isSaved\":true,\"isCrossLink\":false,\"hasCrossLink\":false}","cg_dt_approved_content":true,"cg_dt_mandatory_content":false,"cg_dt_notes":"","cg_dg_source_changed":false,"cg_dt_link_disabled":false,"_yoast_wpseo_primary_brand":"","footnotes":"","featured_focal_points":"","partner_card_description":"","gsap_animation":0},"brand":[],"partner_type":[],"service":[],"industry":[],"partners":[],"page-type":[448],"content-group":[],"class_list":["post-544286","page","type-page","status-publish","hentry","page-type-about-us"],"yoast_head":"<!-- This site is optimized with the Yoast SEO Premium plugin v22.8 (Yoast SEO v22.8) - https:\/\/yoast.com\/wordpress\/plugins\/seo\/ -->\n<title>Otras pol\u00edticas - Capgemini Spain<\/title>\n<meta name=\"description\" content=\"Nuestras pol\u00edticas, adem\u00e1s, abarcan \u00e1mbitos tan importantes como la calidad, la Investigaci\u00f3n + Desarrollo +innovaci\u00f3n (I+D+i), as\u00ed como el la denominada Conformity Assessment.\" \/>\n<meta name=\"robots\" content=\"index, follow, max-snippet:-1, max-image-preview:large, max-video-preview:-1\" \/>\n<link rel=\"canonical\" href=\"https:\/\/www.capgemini.com\/es-es\/sobre-nosotros\/gestion-y-gobierno\/politicas\/otras-politicas\/\" \/>\n<meta property=\"og:locale\" content=\"es_ES\" \/>\n<meta property=\"og:type\" content=\"article\" \/>\n<meta property=\"og:title\" content=\"Otras pol\u00edticas\" \/>\n<meta property=\"og:description\" content=\"Nuestras pol\u00edticas, adem\u00e1s, abarcan \u00e1mbitos tan importantes como la calidad, la Investigaci\u00f3n + Desarrollo +innovaci\u00f3n (I+D+i), as\u00ed como el la denominada Conformity Assessment.\" \/>\n<meta property=\"og:url\" content=\"https:\/\/www.capgemini.com\/es-es\/sobre-nosotros\/gestion-y-gobierno\/politicas\/otras-politicas\/\" \/>\n<meta property=\"og:site_name\" content=\"Capgemini Spain\" \/>\n<meta property=\"article:modified_time\" content=\"2026-02-18T10:00:13+00:00\" \/>\n<meta property=\"og:image\" content=\"https:\/\/www.capgemini.com\/es-es\/wp-content\/uploads\/sites\/16\/2025\/10\/New-Web-preview-global.jpg\" \/>\n\t<meta property=\"og:image:width\" content=\"1200\" \/>\n\t<meta property=\"og:image:height\" content=\"627\" \/>\n\t<meta property=\"og:image:type\" content=\"image\/jpeg\" \/>\n<meta name=\"twitter:card\" content=\"summary_large_image\" \/>\n<meta name=\"twitter:label1\" content=\"Est. reading time\" \/>\n\t<meta name=\"twitter:data1\" content=\"2 minutes\" \/>\n<script type=\"application\/ld+json\" class=\"yoast-schema-graph\">{\"@context\":\"https:\/\/schema.org\",\"@graph\":[{\"@type\":\"WebPage\",\"@id\":\"https:\/\/www.capgemini.com\/es-es\/sobre-nosotros\/gestion-y-gobierno\/politicas\/otras-politicas\/\",\"url\":\"https:\/\/www.capgemini.com\/es-es\/sobre-nosotros\/gestion-y-gobierno\/politicas\/otras-politicas\/\",\"name\":\"Otras pol\u00edticas - Capgemini Spain\",\"isPartOf\":{\"@id\":\"https:\/\/www.capgemini.com\/es-es\/#website\"},\"datePublished\":\"2023-04-25T15:08:40+00:00\",\"dateModified\":\"2026-02-18T10:00:13+00:00\",\"description\":\"Nuestras pol\u00edticas, adem\u00e1s, abarcan \u00e1mbitos tan importantes como la calidad, la Investigaci\u00f3n + Desarrollo +innovaci\u00f3n (I+D+i), as\u00ed como el la denominada Conformity Assessment.\",\"breadcrumb\":{\"@id\":\"https:\/\/www.capgemini.com\/es-es\/sobre-nosotros\/gestion-y-gobierno\/politicas\/otras-politicas\/#breadcrumb\"},\"inLanguage\":\"es-ES\",\"potentialAction\":[{\"@type\":\"ReadAction\",\"target\":[\"https:\/\/www.capgemini.com\/es-es\/sobre-nosotros\/gestion-y-gobierno\/politicas\/otras-politicas\/\"]}]},{\"@type\":\"BreadcrumbList\",\"@id\":\"https:\/\/www.capgemini.com\/es-es\/sobre-nosotros\/gestion-y-gobierno\/politicas\/otras-politicas\/#breadcrumb\",\"itemListElement\":[{\"@type\":\"ListItem\",\"position\":1,\"name\":\"Home\",\"item\":\"https:\/\/www.capgemini.com\/es-es\/\"},{\"@type\":\"ListItem\",\"position\":2,\"name\":\"Sobre nosotros\",\"item\":\"https:\/\/www.capgemini.com\/es-es\/sobre-nosotros\/\"},{\"@type\":\"ListItem\",\"position\":3,\"name\":\"Gesti\u00f3n y gobierno\",\"item\":\"https:\/\/www.capgemini.com\/es-es\/sobre-nosotros\/gestion-y-gobierno\/\"},{\"@type\":\"ListItem\",\"position\":4,\"name\":\"Pol\u00edticas\",\"item\":\"https:\/\/www.capgemini.com\/es-es\/sobre-nosotros\/gestion-y-gobierno\/politicas\/\"},{\"@type\":\"ListItem\",\"position\":5,\"name\":\"Otras pol\u00edticas\"}]},{\"@type\":\"WebSite\",\"@id\":\"https:\/\/www.capgemini.com\/es-es\/#website\",\"url\":\"https:\/\/www.capgemini.com\/es-es\/\",\"name\":\"Capgemini Espa\u00f1a\",\"description\":\"Capgemini\",\"potentialAction\":[{\"@type\":\"SearchAction\",\"target\":{\"@type\":\"EntryPoint\",\"urlTemplate\":\"https:\/\/www.capgemini.com\/es-es\/?s={search_term_string}\"},\"query-input\":\"required name=search_term_string\"}],\"inLanguage\":\"es-ES\"}]}<\/script>\n<!-- \/ Yoast SEO Premium plugin. -->","yoast_head_json":{"title":"Otras pol\u00edticas - Capgemini Spain","description":"Nuestras pol\u00edticas, adem\u00e1s, abarcan \u00e1mbitos tan importantes como la calidad, la Investigaci\u00f3n + Desarrollo +innovaci\u00f3n (I+D+i), as\u00ed como el la denominada Conformity Assessment.","robots":{"index":"index","follow":"follow","max-snippet":"max-snippet:-1","max-image-preview":"max-image-preview:large","max-video-preview":"max-video-preview:-1"},"canonical":"https:\/\/www.capgemini.com\/es-es\/sobre-nosotros\/gestion-y-gobierno\/politicas\/otras-politicas\/","og_locale":"es_ES","og_type":"article","og_title":"Otras pol\u00edticas","og_description":"Nuestras pol\u00edticas, adem\u00e1s, abarcan \u00e1mbitos tan importantes como la calidad, la Investigaci\u00f3n + Desarrollo +innovaci\u00f3n (I+D+i), as\u00ed como el la denominada Conformity Assessment.","og_url":"https:\/\/www.capgemini.com\/es-es\/sobre-nosotros\/gestion-y-gobierno\/politicas\/otras-politicas\/","og_site_name":"Capgemini Spain","article_modified_time":"2026-02-18T10:00:13+00:00","og_image":[{"width":1200,"height":627,"url":"https:\/\/www.capgemini.com\/es-es\/wp-content\/uploads\/sites\/16\/2025\/10\/New-Web-preview-global.jpg","type":"image\/jpeg"}],"twitter_card":"summary_large_image","twitter_misc":{"Est. reading time":"2 minutes"},"schema":{"@context":"https:\/\/schema.org","@graph":[{"@type":"WebPage","@id":"https:\/\/www.capgemini.com\/es-es\/sobre-nosotros\/gestion-y-gobierno\/politicas\/otras-politicas\/","url":"https:\/\/www.capgemini.com\/es-es\/sobre-nosotros\/gestion-y-gobierno\/politicas\/otras-politicas\/","name":"Otras pol\u00edticas - Capgemini Spain","isPartOf":{"@id":"https:\/\/www.capgemini.com\/es-es\/#website"},"datePublished":"2023-04-25T15:08:40+00:00","dateModified":"2026-02-18T10:00:13+00:00","description":"Nuestras pol\u00edticas, adem\u00e1s, abarcan \u00e1mbitos tan importantes como la calidad, la Investigaci\u00f3n + Desarrollo +innovaci\u00f3n (I+D+i), as\u00ed como el la denominada Conformity Assessment.","breadcrumb":{"@id":"https:\/\/www.capgemini.com\/es-es\/sobre-nosotros\/gestion-y-gobierno\/politicas\/otras-politicas\/#breadcrumb"},"inLanguage":"es-ES","potentialAction":[{"@type":"ReadAction","target":["https:\/\/www.capgemini.com\/es-es\/sobre-nosotros\/gestion-y-gobierno\/politicas\/otras-politicas\/"]}]},{"@type":"BreadcrumbList","@id":"https:\/\/www.capgemini.com\/es-es\/sobre-nosotros\/gestion-y-gobierno\/politicas\/otras-politicas\/#breadcrumb","itemListElement":[{"@type":"ListItem","position":1,"name":"Home","item":"https:\/\/www.capgemini.com\/es-es\/"},{"@type":"ListItem","position":2,"name":"Sobre nosotros","item":"https:\/\/www.capgemini.com\/es-es\/sobre-nosotros\/"},{"@type":"ListItem","position":3,"name":"Gesti\u00f3n y gobierno","item":"https:\/\/www.capgemini.com\/es-es\/sobre-nosotros\/gestion-y-gobierno\/"},{"@type":"ListItem","position":4,"name":"Pol\u00edticas","item":"https:\/\/www.capgemini.com\/es-es\/sobre-nosotros\/gestion-y-gobierno\/politicas\/"},{"@type":"ListItem","position":5,"name":"Otras pol\u00edticas"}]},{"@type":"WebSite","@id":"https:\/\/www.capgemini.com\/es-es\/#website","url":"https:\/\/www.capgemini.com\/es-es\/","name":"Capgemini Espa\u00f1a","description":"Capgemini","potentialAction":[{"@type":"SearchAction","target":{"@type":"EntryPoint","urlTemplate":"https:\/\/www.capgemini.com\/es-es\/?s={search_term_string}"},"query-input":"required name=search_term_string"}],"inLanguage":"es-ES"}]}},"brand_term":[],"parsely":{"version":"1.1.0","canonical_url":"https:\/\/capgemini.com\/es-es\/sobre-nosotros\/gestion-y-gobierno\/politicas\/otras-politicas\/","smart_links":{"inbound":0,"outbound":0},"traffic_boost_suggestions_count":0,"meta":{"@context":"https:\/\/schema.org","@type":"WebPage","headline":"Otras pol\u00edticas","url":"https:\/\/www.capgemini.com\/es-es\/sobre-nosotros\/gestion-y-gobierno\/politicas\/otras-politicas\/","mainEntityOfPage":{"@type":"WebPage","@id":"https:\/\/www.capgemini.com\/es-es\/sobre-nosotros\/gestion-y-gobierno\/politicas\/otras-politicas\/"},"thumbnailUrl":"","image":{"@type":"ImageObject","url":""},"articleSection":"Uncategorized","author":[],"creator":[],"publisher":{"@type":"Organization","name":"Capgemini Spain","logo":""},"keywords":[],"dateCreated":"2023-04-25T15:08:40Z","datePublished":"2023-04-25T15:08:40Z","dateModified":"2026-02-18T10:00:13Z"},"rendered":"<meta name=\"parsely-title\" content=\"Otras pol\u00edticas\" \/>\n<meta name=\"parsely-link\" content=\"https:\/\/www.capgemini.com\/es-es\/sobre-nosotros\/gestion-y-gobierno\/politicas\/otras-politicas\/\" \/>\n<meta name=\"parsely-type\" content=\"index\" \/>\n<meta name=\"parsely-pub-date\" content=\"2023-04-25T15:08:40Z\" \/>\n<meta name=\"parsely-section\" content=\"Uncategorized\" \/>","tracker_url":"https:\/\/cdn.parsely.com\/keys\/capgemini.com\/p.js"},"archive_status":false,"featured_image_src":"https:\/\/www.capgemini.com\/es-es\/wp-content\/themes\/capgemini2025\/assets\/images\/mockup.png","featured_image_alt":false,"jetpack_sharing_enabled":true,"distributor_meta":false,"distributor_terms":false,"distributor_media":false,"distributor_original_site_name":"Capgemini Spain","distributor_original_site_url":"https:\/\/www.capgemini.com\/es-es","push-errors":false,"_links":{"self":[{"href":"https:\/\/www.capgemini.com\/es-es\/wp-json\/wp\/v2\/pages\/544286","targetHints":{"allow":["GET"]}}],"collection":[{"href":"https:\/\/www.capgemini.com\/es-es\/wp-json\/wp\/v2\/pages"}],"about":[{"href":"https:\/\/www.capgemini.com\/es-es\/wp-json\/wp\/v2\/types\/page"}],"author":[{"embeddable":true,"href":"https:\/\/www.capgemini.com\/es-es\/wp-json\/wp\/v2\/users\/461"}],"replies":[{"embeddable":true,"href":"https:\/\/www.capgemini.com\/es-es\/wp-json\/wp\/v2\/comments?post=544286"}],"version-history":[{"count":13,"href":"https:\/\/www.capgemini.com\/es-es\/wp-json\/wp\/v2\/pages\/544286\/revisions"}],"predecessor-version":[{"id":579351,"href":"https:\/\/www.capgemini.com\/es-es\/wp-json\/wp\/v2\/pages\/544286\/revisions\/579351"}],"up":[{"embeddable":true,"href":"https:\/\/www.capgemini.com\/es-es\/wp-json\/wp\/v2\/pages\/536856"}],"wp:attachment":[{"href":"https:\/\/www.capgemini.com\/es-es\/wp-json\/wp\/v2\/media?parent=544286"}],"wp:term":[{"taxonomy":"brand","embeddable":true,"href":"https:\/\/www.capgemini.com\/es-es\/wp-json\/wp\/v2\/brand?post=544286"},{"taxonomy":"partner_type","embeddable":true,"href":"https:\/\/www.capgemini.com\/es-es\/wp-json\/wp\/v2\/partner_type?post=544286"},{"taxonomy":"service","embeddable":true,"href":"https:\/\/www.capgemini.com\/es-es\/wp-json\/wp\/v2\/service?post=544286"},{"taxonomy":"industry","embeddable":true,"href":"https:\/\/www.capgemini.com\/es-es\/wp-json\/wp\/v2\/industry?post=544286"},{"taxonomy":"partners","embeddable":true,"href":"https:\/\/www.capgemini.com\/es-es\/wp-json\/wp\/v2\/partners?post=544286"},{"taxonomy":"page-type","embeddable":true,"href":"https:\/\/www.capgemini.com\/es-es\/wp-json\/wp\/v2\/page-type?post=544286"},{"taxonomy":"content-group","embeddable":true,"href":"https:\/\/www.capgemini.com\/es-es\/wp-json\/wp\/v2\/content-group?post=544286"}],"curies":[{"name":"wp","href":"https:\/\/api.w.org\/{rel}","templated":true}]}}