{"id":5437,"date":"2022-12-26T10:46:53","date_gmt":"2022-12-26T10:46:53","guid":{"rendered":"https:\/\/www.capgemini.com\/?page_id=659339"},"modified":"2025-12-04T18:31:52","modified_gmt":"2025-12-04T17:31:52","slug":"epm-con-microsoft","status":"publish","type":"page","link":"https:\/\/www.capgemini.com\/es-es\/soluciones\/epm-con-microsoft\/","title":{"rendered":"EPM con Microsoft"},"content":{"rendered":"\n<header class=\"wp-block-cg-blocks-hero-reusable header heroReusable  \"><div class=\"header-bgs\"><picture><source srcset=\"https:\/\/www.capgemini.com\/dk-en\/wp-content\/uploads\/2022\/03\/Capgemini_EMP-with-Microsoft-e1647959461929.jpg?w=2880&amp;quality=70 1x, https:\/\/www.capgemini.com\/dk-en\/wp-content\/uploads\/2022\/03\/Capgemini_EMP-with-Microsoft-e1647959461929.jpg?w=2880&amp;quality=70 2x\" media=\"(min-width: 1500px)\"\/><source srcset=\"https:\/\/www.capgemini.com\/dk-en\/wp-content\/uploads\/2022\/03\/Capgemini_EMP-with-Microsoft-e1647959461929.jpg?w=1440&amp;quality=70 1x, https:\/\/www.capgemini.com\/dk-en\/wp-content\/uploads\/2022\/03\/Capgemini_EMP-with-Microsoft-e1647959461929.jpg?w=2880&amp;quality=70 2x\" media=\"(min-width: 992px)\"\/><source srcset=\"https:\/\/www.capgemini.com\/dk-en\/wp-content\/uploads\/2022\/03\/Capgemini_EMP-with-Microsoft-e1647959461929.jpg?w=1024&amp;quality=70 1x, https:\/\/www.capgemini.com\/dk-en\/wp-content\/uploads\/2022\/03\/Capgemini_EMP-with-Microsoft-e1647959461929.jpg?w=1024&amp;quality=70 2x\" media=\"(min-width: 768px)\"\/><source srcset=\"https:\/\/www.capgemini.com\/dk-en\/wp-content\/uploads\/2022\/03\/Capgemini_EMP-with-Microsoft-e1647959461929.jpg?w=768&amp;quality=70 1x, https:\/\/www.capgemini.com\/dk-en\/wp-content\/uploads\/2022\/03\/Capgemini_EMP-with-Microsoft-e1647959461929.jpg?w=768&amp;quality=70 2x\" media=\"(min-width: 0)\"\/><img decoding=\"async\" src=\"https:\/\/www.capgemini.com\/dk-en\/wp-content\/uploads\/2022\/03\/Capgemini_EMP-with-Microsoft-e1647959461929.jpg\" class=\"header-img header-img-d\" alt=\"\" style=\"object-fit:cover;object-position:50% 67%\" loading=\"eager\"\/><\/picture><\/div><div class=\"heroPictureCardHeaderShape\"><\/div><div class=\"container\"><div class=\"row\"><div class=\"col-md-12\"><div class=\"box\"><div class=\"boxTagWrapper\"><div class=\"tagInfo\"><div><span class=\"box-tag\">Solution<\/span><\/div><\/div><\/div><div class=\"box-title\"><h1 data-maxlength=\"34\">EPM con Microsoft<\/h1><\/div><div class=\"inner-row-insight download-btn\"><\/div><\/div><\/div><\/div><\/div><\/header>\n\n\n\n<section class=\"wp-block-cg-blocks-intro-para undefined pt48 section section--intro\"><div class=\"intro-para\"><div class=\"container\"><div class=\"row\"><div class=\"col-12 col-md-1\"><nav class=\"article-social\"><ul class=\"social-nav\"><li class=\"ip-order-fb\"><a href=\"https:\/\/www.facebook.com\/sharer\/sharer.php?u=https:\/\/www.capgemini.com\/es-es\/soluciones\/epm-con-microsoft\/\" target=\"_blank\" rel=\"noopener noreferrer\" title=\"abrir en una nueva ventana\"><i aria-hidden=\"true\" class=\"icon-fb\"><\/i><span class=\"sr-only\">Facebook<\/span><\/a><\/li><li class=\"ip-order-li\"><a href=\"https:\/\/www.linkedin.com\/sharing\/share-offsite\/?url=https:\/\/www.capgemini.com\/es-es\/soluciones\/epm-con-microsoft\/\" target=\"_blank\" rel=\"noopener noreferrer\" title=\"abrir en una nueva ventana\"><i aria-hidden=\"true\" class=\"icon-li\"><\/i><span class=\"sr-only\">Linkedin<\/span><\/a><\/li><\/ul><\/nav><\/div><div class=\"col-12 col-md-11 col-lg-10\"><h2 class=\"intro-para-title\">Capgemini y Microsoft han desarrollado una iniciativa, Enterprise Portfolio Modernization, que ofrece soporte a un conjunto de servicios, alineados con Microsoft Azure, para proporcionar todo lo que necesitas para la transformaci\u00f3n digital.<\/h2><p class=\"intro-para-content\">Trasladar las cargas de trabajo a Microsoft Cloud es una tarea clara. Pero, \u00bfrealmente cuentas con una estrategia de cloud robusta? Te proporcionamos la infraestructura IT que necesitas para optimizar tus aplicaciones basadas en la nube.<br><br>Si est\u00e1s en el camino hacia la transformaci\u00f3n digital, es importante entender cu\u00e1l es tu punto de partida. Nuestras metodolog\u00edas, herramientas y aceleradores industrializados te ayudan a pasar a la nube de forma eficaz, para que puedas obtener beneficios hoy y construir una base para el crecimiento del ma\u00f1ana.<\/p><\/div><\/div><\/div><\/div><\/section>\n\n\n\n<section class=\"wp-block-cg-blocks-how-we-do-it section section--howwedoit block-howwedoit\"><div class=\"container\"><div class=\"section-content\">\n<div class=\"wp-block-cg-blocks-card-howwedoit expanders\"><div class=\"box card-regulated-agreements card-howwedoit\"><div class=\"expander-box filter-box tag-active \"><div class=\"expander-title\" tabindex=\"0\" role=\"button\" aria-pressed=\"false\" aria-expanded=\"false\"><h3 class=\"expander-heading-title\">Migrar aplicaciones SAP a Microsoft\u00ae Azure\u00ae<\/h3><\/div><div class=\"expander-content\"><p>Las empresas l\u00edderes en el mercado en todo el mundo desarrollan su actividad con software SAP. Tambi\u00e9n recurren a Microsoft Azure para obtener seguridad, escalabilidad y agilidad impulsadas por la nube. Con los servicios de Capgemini para la migraci\u00f3n de aplicaciones SAP a la nube de Microsoft, podr\u00e1 combinar lo mejor de ambos mundos.<\/p><div class=\"bg-color video-align-right\"><div class=\"container\"><div class=\"row video-align-left\"><div class=\"col-md-12\"><div class=\"video-align-left row box box--4 box--mini\"><div class=\"col-md-3\"><\/div><div class=\"col-md-8 box-img-wrapper\"><div class=\"video-box\"><\/div><\/div><\/div><\/div><\/div><\/div><\/div><div class=\"content-more\"><\/div><\/div><\/div><\/div><\/div>\n\n\n\n<div class=\"wp-block-cg-blocks-card-howwedoit expanders\"><div class=\"box card-regulated-agreements card-howwedoit\"><div class=\"expander-box filter-box tag-active \"><div class=\"expander-title\" tabindex=\"0\" role=\"button\" aria-pressed=\"false\" aria-expanded=\"false\"><h3 class=\"expander-heading-title\">Habilitar la transformaci\u00f3n del centro de datos con Azure<\/h3><\/div><div class=\"expander-content\"><p>Ofrecemos algo m\u00e1s que migraci\u00f3n a la nube. El simple hecho de trasladar las aplicaciones a la nube no significa que se aproveche todo lo que ofrece la nube. Contribuimos a definir y alcanzar el estado futuro de su centro de datos, minimizando las interrupciones del negocio y maximizando las ventajas en el mismo.<\/p><div class=\"bg-color video-align-right\"><div class=\"container\"><div class=\"row video-align-left\"><div class=\"col-md-12\"><div class=\"video-align-left row box box--4 box--mini\"><div class=\"col-md-3\"><\/div><div class=\"col-md-8 box-img-wrapper\"><div class=\"video-box\"><\/div><\/div><\/div><\/div><\/div><\/div><\/div><div class=\"content-more\"><\/div><\/div><\/div><\/div><\/div>\n\n\n\n<div class=\"wp-block-cg-blocks-card-howwedoit expanders\"><div class=\"box card-regulated-agreements card-howwedoit\"><div class=\"expander-box filter-box tag-active \"><div class=\"expander-title\" tabindex=\"0\" role=\"button\" aria-pressed=\"false\" aria-expanded=\"false\"><h3 class=\"expander-heading-title\">Modernizar y migrar aplicaciones heredadas<\/h3><\/div><div class=\"expander-content\"><p>Tenemos los conocimientos, la experiencia y los procesos necesarios para migrar con confianza la mayor\u00eda de las aplicaciones a la nube. Evaluando sistem\u00e1ticamente tu software y aplicando los requisitos de negocio, podemos minimizar las interrupciones, reducir los costes y optimizar la velocidad.<\/p><div class=\"bg-color video-align-right\"><div class=\"container\"><div class=\"row video-align-left\"><div class=\"col-md-12\"><div class=\"video-align-left row box box--4 box--mini\"><div class=\"col-md-3\"><\/div><div class=\"col-md-8 box-img-wrapper\"><div class=\"video-box\"><\/div><\/div><\/div><\/div><\/div><\/div><\/div><div class=\"content-more\"><\/div><\/div><\/div><\/div><\/div>\n\n\n\n<div class=\"wp-block-cg-blocks-card-howwedoit expanders\"><div class=\"box card-regulated-agreements card-howwedoit\"><div class=\"expander-box filter-box tag-active \"><div class=\"expander-title\" tabindex=\"0\" role=\"button\" aria-pressed=\"false\" aria-expanded=\"false\"><h3 class=\"expander-heading-title\">Aprovechar al m\u00e1ximo las aplicaciones nativas de la nube<\/h3><\/div><div class=\"expander-content\"><p>Podemos ayudar a modernizar tus aplicaciones imprescindibles y acelerar su camino hacia el desarrollo de aplicaciones \u00e1giles y nativas de la nube. Aprovechando los microservicios dise\u00f1ados para Microsoft Azure, nuestro enfoque ofrece una integraci\u00f3n de API optimizada, as\u00ed como rendimiento, flexibilidad y velocidad en el negocio.<\/p><div class=\"bg-color video-align-right\"><div class=\"container\"><div class=\"row video-align-left\"><div class=\"col-md-12\"><div class=\"video-align-left row box box--4 box--mini\"><div class=\"col-md-3\"><\/div><div class=\"col-md-8 box-img-wrapper\"><div class=\"video-box\"><\/div><\/div><\/div><\/div><\/div><\/div><\/div><div class=\"content-more\"><\/div><\/div><\/div><\/div><\/div>\n<\/div><\/div><\/section>\n","protected":false},"excerpt":{"rendered":"","protected":false},"author":35,"featured_media":0,"parent":537594,"menu_order":0,"comment_status":"closed","ping_status":"closed","template":"","meta":{"cg_dt_proposed_to":[0],"cg_seo_hreflang_relations":"[{\"uuid\":\"cc86f1f2-403e-4ab4-a027-efaa0f6d528d\",\"blogId\":\"1\",\"domain\":\"www.capgemini.com\",\"sitePath\":\"\/\",\"postLink\":\"https:\/\/www.capgemini.com\/us-en\/solutions\/epm-with-microsoft\/\",\"postId\":566732,\"isSaved\":true,\"isCrossLink\":true,\"hasCrossLink\":false},{\"uuid\":\"35ecaade-78f1-4e33-b286-7513cf70f292\",\"blogId\":\"1\",\"domain\":\"www.capgemini.com\",\"sitePath\":\"\/\",\"postLink\":\"https:\/\/www.capgemini.com\/solutions\/epm-with-microsoft\/\",\"postId\":659339,\"isSaved\":true,\"isCrossLink\":true,\"hasCrossLink\":false},{\"uuid\":\"bf3ad899-9c61-4bd8-bae5-414fbe0736e4\",\"blogId\":\"9\",\"domain\":\"www.capgemini.com\",\"sitePath\":\"\/ar-es\/\",\"postLink\":\"https:\/\/www.capgemini.com\/ar-es\/solutions\/epm-con-microsoft\/\",\"postId\":5437,\"isSaved\":true,\"isCrossLink\":true,\"hasCrossLink\":false},{\"uuid\":\"e17b5537-4d53-4091-985d-c8d16900bf7f\",\"blogId\":\"17\",\"domain\":\"www.capgemini.com\",\"sitePath\":\"\/ca-en\/\",\"postLink\":\"https:\/\/www.capgemini.com\/ca-en\/solutions\/epm-with-microsoft\/\",\"postId\":566732,\"isSaved\":true,\"isCrossLink\":true,\"hasCrossLink\":false},{\"uuid\":\"ae54ee99-47f5-4cf2-84db-f1c2dc738286\",\"blogId\":\"25\",\"domain\":\"www.capgemini.com\",\"sitePath\":\"\/co-es\/\",\"postLink\":\"https:\/\/www.capgemini.com\/co-es\/solutions\/epm-con-microsoft\/\",\"postId\":5437,\"isSaved\":true,\"isCrossLink\":true,\"hasCrossLink\":false},{\"uuid\":\"4d866b29-22bb-4944-b7fe-7e0e046e2c73\",\"blogId\":\"28\",\"domain\":\"www.capgemini.com\",\"sitePath\":\"\/mx-es\/\",\"postLink\":\"https:\/\/www.capgemini.com\/mx-es\/solutions\/epm-con-microsoft\/\",\"postId\":5437,\"isSaved\":true,\"isCrossLink\":true,\"hasCrossLink\":false},{\"uuid\":\"971d8a98-83ed-4a12-b1f0-3acb28e050fa\",\"blogId\":\"10\",\"domain\":\"www.capgemini.com\",\"sitePath\":\"\/au-en\/\",\"postLink\":\"https:\/\/www.capgemini.com\/au-en\/solutions\/epm-with-microsoft\/\",\"postId\":143140,\"isSaved\":true,\"isCrossLink\":true,\"hasCrossLink\":false},{\"uuid\":\"6a18a331-8860-4036-9476-b220ea96a096\",\"blogId\":\"18\",\"domain\":\"www.capgemini.com\",\"sitePath\":\"\/in-en\/\",\"postLink\":\"https:\/\/www.capgemini.com\/in-en\/solutions\/epm-with-microsoft\/\",\"postId\":986439,\"isSaved\":true,\"isCrossLink\":true,\"hasCrossLink\":false},{\"uuid\":\"0b57180b-0fdf-4aee-8553-63578d69cebd\",\"blogId\":\"14\",\"domain\":\"www.capgemini.com\",\"sitePath\":\"\/be-en\/\",\"postLink\":\"https:\/\/www.capgemini.com\/be-en\/solutions\/epm-with-microsoft\/\",\"postId\":659339,\"isSaved\":true,\"isCrossLink\":true,\"hasCrossLink\":false},{\"uuid\":\"0848d57c-0d06-4300-acec-67fa9e8b3b64\",\"blogId\":\"7\",\"domain\":\"www.capgemini.com\",\"sitePath\":\"\/dk-en\/\",\"postLink\":\"https:\/\/www.capgemini.com\/dk-en\/solutions\/epm-with-microsoft\/\",\"postId\":659339,\"isSaved\":true,\"isCrossLink\":true,\"hasCrossLink\":false},{\"uuid\":\"2962e6c0-d7f5-472e-b767-08982c076ce0\",\"blogId\":\"26\",\"domain\":\"www.capgemini.com\",\"sitePath\":\"\/fi-en\/\",\"postLink\":\"https:\/\/www.capgemini.com\/fi-en\/solutions\/epm-with-microsoft\/\",\"postId\":501730,\"isSaved\":true,\"isCrossLink\":true,\"hasCrossLink\":false},{\"uuid\":\"b3d010d1-61c7-4b2f-94c0-89a897de0f6c\",\"blogId\":\"8\",\"domain\":\"www.capgemini.com\",\"sitePath\":\"\/de-de\/\",\"postLink\":\"https:\/\/www.capgemini.com\/de-de\/solutions\/epm-with-microsoft\/\",\"postId\":742144,\"isSaved\":true,\"isCrossLink\":true,\"hasCrossLink\":false},{\"uuid\":\"e8c1c885-2ae5-4a54-982b-44609e205667\",\"blogId\":\"19\",\"domain\":\"www.capgemini.com\",\"sitePath\":\"\/nl-nl\/\",\"postLink\":\"https:\/\/www.capgemini.com\/nl-nl\/oplossingen\/epm-met-microsoft\/\",\"postId\":659339,\"isSaved\":true,\"isCrossLink\":true,\"hasCrossLink\":false},{\"uuid\":\"a5dd047c-e952-49e3-b65c-3d18ec06e603\",\"blogId\":\"23\",\"domain\":\"www.capgemini.com\",\"sitePath\":\"\/no-no\/\",\"postLink\":\"https:\/\/www.capgemini.com\/no-no\/solutions\/epm-with-microsoft\/\",\"postId\":659339,\"isSaved\":true,\"isCrossLink\":true,\"hasCrossLink\":false},{\"uuid\":\"26b57cfa-6aa0-49ef-ae6a-34b07a93eef9\",\"blogId\":\"42\",\"domain\":\"www.capgemini.com\",\"sitePath\":\"\/pt-en\/\",\"postLink\":\"https:\/\/www.capgemini.com\/pt-en\/solutions\/epm-with-microsoft\/\",\"postId\":501730,\"isSaved\":true,\"isCrossLink\":true,\"hasCrossLink\":false},{\"uuid\":\"87e29422-3321-407b-89d2-8feb15cb3e18\",\"blogId\":\"16\",\"domain\":\"www.capgemini.com\",\"sitePath\":\"\/es-es\/\",\"postLink\":\"https:\/\/www.capgemini.com\/es-es\/soluciones\/epm-con-microsoft\/\",\"postId\":5437,\"isSaved\":true,\"isCrossLink\":true,\"hasCrossLink\":false},{\"uuid\":\"123e6800-0b0b-49ed-8ed0-644b6ddaa059\",\"blogId\":\"20\",\"domain\":\"www.capgemini.com\",\"sitePath\":\"\/se-en\/\",\"postLink\":\"https:\/\/www.capgemini.com\/se-en\/epm-with-microsoft\/\",\"postId\":143140,\"isSaved\":true,\"isCrossLink\":true,\"hasCrossLink\":false}]","cg_seo_canonical_relation":"","cg_seo_hreflang_x_default_relation":"","cg_dt_approved_content":false,"cg_dt_mandatory_content":false,"cg_dt_notes":"","cg_dg_source_changed":false,"cg_dt_link_disabled":false,"_yoast_wpseo_primary_brand":"","footnotes":"","featured_focal_points":"","partner_card_description":"","gsap_animation":0},"brand":[],"partner_type":[],"service":[385],"industry":[],"partners":[150],"page-type":[339],"content-group":[],"class_list":["post-5437","page","type-page","status-publish","hentry","service-application-development-management","partners-microsoft","page-type-solutions"],"yoast_head":"<!-- This site is optimized with the Yoast SEO Premium plugin v22.8 (Yoast SEO v22.8) - https:\/\/yoast.com\/wordpress\/plugins\/seo\/ -->\n<title>EPM con Microsoft | Capgemini<\/title>\n<meta name=\"description\" content=\"Capgemini y Microsoft han desarrollado una iniciativa, Enterprise Portfolio Modernization, que proporciona todo lo que necesitas para la transformaci\u00f3n digital.\" \/>\n<meta name=\"robots\" content=\"index, follow, max-snippet:-1, max-image-preview:large, max-video-preview:-1\" \/>\n<link rel=\"canonical\" href=\"https:\/\/www.capgemini.com\/es-es\/soluciones\/epm-con-microsoft\/\" \/>\n<meta property=\"og:locale\" content=\"es_ES\" \/>\n<meta property=\"og:type\" content=\"article\" \/>\n<meta property=\"og:title\" content=\"EPM con Microsoft\" \/>\n<meta property=\"og:description\" content=\"Capgemini y Microsoft han desarrollado una iniciativa, Enterprise Portfolio Modernization, que proporciona todo lo que necesitas para la transformaci\u00f3n digital.\" \/>\n<meta property=\"og:url\" content=\"https:\/\/www.capgemini.com\/es-es\/soluciones\/epm-con-microsoft\/\" \/>\n<meta property=\"og:site_name\" content=\"Capgemini Spain\" \/>\n<meta property=\"article:modified_time\" content=\"2025-12-04T17:31:52+00:00\" \/>\n<meta property=\"og:image\" content=\"https:\/\/www.capgemini.com\/dk-en\/wp-content\/uploads\/2022\/03\/Capgemini_EMP-with-Microsoft-e1647959461929.jpg\" \/>\n<meta name=\"twitter:card\" content=\"summary_large_image\" \/>\n<meta name=\"twitter:label1\" content=\"Est. reading time\" \/>\n\t<meta name=\"twitter:data1\" content=\"2 minutes\" \/>\n<script type=\"application\/ld+json\" class=\"yoast-schema-graph\">{\"@context\":\"https:\/\/schema.org\",\"@graph\":[{\"@type\":\"WebPage\",\"@id\":\"https:\/\/www.capgemini.com\/es-es\/soluciones\/epm-con-microsoft\/\",\"url\":\"https:\/\/www.capgemini.com\/es-es\/soluciones\/epm-con-microsoft\/\",\"name\":\"EPM con Microsoft | Capgemini\",\"isPartOf\":{\"@id\":\"https:\/\/www.capgemini.com\/es-es\/#website\"},\"primaryImageOfPage\":{\"@id\":\"https:\/\/www.capgemini.com\/es-es\/soluciones\/epm-con-microsoft\/#primaryimage\"},\"image\":{\"@id\":\"https:\/\/www.capgemini.com\/es-es\/soluciones\/epm-con-microsoft\/#primaryimage\"},\"thumbnailUrl\":\"https:\/\/www.capgemini.com\/dk-en\/wp-content\/uploads\/2022\/03\/Capgemini_EMP-with-Microsoft-e1647959461929.jpg\",\"datePublished\":\"2022-12-26T10:46:53+00:00\",\"dateModified\":\"2025-12-04T17:31:52+00:00\",\"description\":\"Capgemini y Microsoft han desarrollado una iniciativa, Enterprise Portfolio Modernization, que proporciona todo lo que necesitas para la transformaci\u00f3n digital.\",\"breadcrumb\":{\"@id\":\"https:\/\/www.capgemini.com\/es-es\/soluciones\/epm-con-microsoft\/#breadcrumb\"},\"inLanguage\":\"es-ES\",\"potentialAction\":[{\"@type\":\"ReadAction\",\"target\":[\"https:\/\/www.capgemini.com\/es-es\/soluciones\/epm-con-microsoft\/\"]}]},{\"@type\":\"ImageObject\",\"inLanguage\":\"es-ES\",\"@id\":\"https:\/\/www.capgemini.com\/es-es\/soluciones\/epm-con-microsoft\/#primaryimage\",\"url\":\"https:\/\/www.capgemini.com\/dk-en\/wp-content\/uploads\/2022\/03\/Capgemini_EMP-with-Microsoft-e1647959461929.jpg\",\"contentUrl\":\"https:\/\/www.capgemini.com\/dk-en\/wp-content\/uploads\/2022\/03\/Capgemini_EMP-with-Microsoft-e1647959461929.jpg\"},{\"@type\":\"BreadcrumbList\",\"@id\":\"https:\/\/www.capgemini.com\/es-es\/soluciones\/epm-con-microsoft\/#breadcrumb\",\"itemListElement\":[{\"@type\":\"ListItem\",\"position\":1,\"name\":\"Home\",\"item\":\"https:\/\/www.capgemini.com\/es-es\/\"},{\"@type\":\"ListItem\",\"position\":2,\"name\":\"Soluciones\",\"item\":\"https:\/\/www.capgemini.com\/es-es\/soluciones\/\"},{\"@type\":\"ListItem\",\"position\":3,\"name\":\"EPM con Microsoft\"}]},{\"@type\":\"WebSite\",\"@id\":\"https:\/\/www.capgemini.com\/es-es\/#website\",\"url\":\"https:\/\/www.capgemini.com\/es-es\/\",\"name\":\"Capgemini Espa\u00f1a\",\"description\":\"Capgemini\",\"potentialAction\":[{\"@type\":\"SearchAction\",\"target\":{\"@type\":\"EntryPoint\",\"urlTemplate\":\"https:\/\/www.capgemini.com\/es-es\/?s={search_term_string}\"},\"query-input\":\"required name=search_term_string\"}],\"inLanguage\":\"es-ES\"}]}<\/script>\n<!-- \/ Yoast SEO Premium plugin. -->","yoast_head_json":{"title":"EPM con Microsoft | Capgemini","description":"Capgemini y Microsoft han desarrollado una iniciativa, Enterprise Portfolio Modernization, que proporciona todo lo que necesitas para la transformaci\u00f3n digital.","robots":{"index":"index","follow":"follow","max-snippet":"max-snippet:-1","max-image-preview":"max-image-preview:large","max-video-preview":"max-video-preview:-1"},"canonical":"https:\/\/www.capgemini.com\/es-es\/soluciones\/epm-con-microsoft\/","og_locale":"es_ES","og_type":"article","og_title":"EPM con Microsoft","og_description":"Capgemini y Microsoft han desarrollado una iniciativa, Enterprise Portfolio Modernization, que proporciona todo lo que necesitas para la transformaci\u00f3n digital.","og_url":"https:\/\/www.capgemini.com\/es-es\/soluciones\/epm-con-microsoft\/","og_site_name":"Capgemini Spain","article_modified_time":"2025-12-04T17:31:52+00:00","og_image":[{"url":"https:\/\/www.capgemini.com\/dk-en\/wp-content\/uploads\/2022\/03\/Capgemini_EMP-with-Microsoft-e1647959461929.jpg"}],"twitter_card":"summary_large_image","twitter_misc":{"Est. reading time":"2 minutes"},"schema":{"@context":"https:\/\/schema.org","@graph":[{"@type":"WebPage","@id":"https:\/\/www.capgemini.com\/es-es\/soluciones\/epm-con-microsoft\/","url":"https:\/\/www.capgemini.com\/es-es\/soluciones\/epm-con-microsoft\/","name":"EPM con Microsoft | Capgemini","isPartOf":{"@id":"https:\/\/www.capgemini.com\/es-es\/#website"},"primaryImageOfPage":{"@id":"https:\/\/www.capgemini.com\/es-es\/soluciones\/epm-con-microsoft\/#primaryimage"},"image":{"@id":"https:\/\/www.capgemini.com\/es-es\/soluciones\/epm-con-microsoft\/#primaryimage"},"thumbnailUrl":"https:\/\/www.capgemini.com\/dk-en\/wp-content\/uploads\/2022\/03\/Capgemini_EMP-with-Microsoft-e1647959461929.jpg","datePublished":"2022-12-26T10:46:53+00:00","dateModified":"2025-12-04T17:31:52+00:00","description":"Capgemini y Microsoft han desarrollado una iniciativa, Enterprise Portfolio Modernization, que proporciona todo lo que necesitas para la transformaci\u00f3n digital.","breadcrumb":{"@id":"https:\/\/www.capgemini.com\/es-es\/soluciones\/epm-con-microsoft\/#breadcrumb"},"inLanguage":"es-ES","potentialAction":[{"@type":"ReadAction","target":["https:\/\/www.capgemini.com\/es-es\/soluciones\/epm-con-microsoft\/"]}]},{"@type":"ImageObject","inLanguage":"es-ES","@id":"https:\/\/www.capgemini.com\/es-es\/soluciones\/epm-con-microsoft\/#primaryimage","url":"https:\/\/www.capgemini.com\/dk-en\/wp-content\/uploads\/2022\/03\/Capgemini_EMP-with-Microsoft-e1647959461929.jpg","contentUrl":"https:\/\/www.capgemini.com\/dk-en\/wp-content\/uploads\/2022\/03\/Capgemini_EMP-with-Microsoft-e1647959461929.jpg"},{"@type":"BreadcrumbList","@id":"https:\/\/www.capgemini.com\/es-es\/soluciones\/epm-con-microsoft\/#breadcrumb","itemListElement":[{"@type":"ListItem","position":1,"name":"Home","item":"https:\/\/www.capgemini.com\/es-es\/"},{"@type":"ListItem","position":2,"name":"Soluciones","item":"https:\/\/www.capgemini.com\/es-es\/soluciones\/"},{"@type":"ListItem","position":3,"name":"EPM con Microsoft"}]},{"@type":"WebSite","@id":"https:\/\/www.capgemini.com\/es-es\/#website","url":"https:\/\/www.capgemini.com\/es-es\/","name":"Capgemini Espa\u00f1a","description":"Capgemini","potentialAction":[{"@type":"SearchAction","target":{"@type":"EntryPoint","urlTemplate":"https:\/\/www.capgemini.com\/es-es\/?s={search_term_string}"},"query-input":"required name=search_term_string"}],"inLanguage":"es-ES"}]}},"brand_term":[],"parsely":{"version":"1.1.0","canonical_url":"https:\/\/capgemini.com\/es-es\/soluciones\/epm-con-microsoft\/","smart_links":{"inbound":0,"outbound":0},"traffic_boost_suggestions_count":0,"meta":{"@context":"https:\/\/schema.org","@type":"WebPage","headline":"EPM con Microsoft","url":"https:\/\/www.capgemini.com\/es-es\/soluciones\/epm-con-microsoft\/","mainEntityOfPage":{"@type":"WebPage","@id":"https:\/\/www.capgemini.com\/es-es\/soluciones\/epm-con-microsoft\/"},"thumbnailUrl":"","image":{"@type":"ImageObject","url":""},"articleSection":"Uncategorized","author":[],"creator":[],"publisher":{"@type":"Organization","name":"Capgemini Spain","logo":""},"keywords":[],"dateCreated":"2022-12-26T10:46:53Z","datePublished":"2022-12-26T10:46:53Z","dateModified":"2025-12-04T17:31:52Z"},"rendered":"<meta name=\"parsely-title\" content=\"EPM con Microsoft\" \/>\n<meta name=\"parsely-link\" content=\"https:\/\/www.capgemini.com\/es-es\/soluciones\/epm-con-microsoft\/\" \/>\n<meta name=\"parsely-type\" content=\"index\" \/>\n<meta name=\"parsely-pub-date\" content=\"2022-12-26T10:46:53Z\" \/>\n<meta name=\"parsely-section\" content=\"Uncategorized\" \/>","tracker_url":"https:\/\/cdn.parsely.com\/keys\/capgemini.com\/p.js"},"archive_status":false,"featured_image_src":"https:\/\/www.capgemini.com\/es-es\/wp-content\/themes\/capgemini2025\/assets\/images\/mockup.png","featured_image_alt":false,"jetpack_sharing_enabled":true,"distributor_meta":false,"distributor_terms":false,"distributor_media":false,"distributor_original_site_name":"Capgemini Spain","distributor_original_site_url":"https:\/\/www.capgemini.com\/es-es","push-errors":false,"_links":{"self":[{"href":"https:\/\/www.capgemini.com\/es-es\/wp-json\/wp\/v2\/pages\/5437","targetHints":{"allow":["GET"]}}],"collection":[{"href":"https:\/\/www.capgemini.com\/es-es\/wp-json\/wp\/v2\/pages"}],"about":[{"href":"https:\/\/www.capgemini.com\/es-es\/wp-json\/wp\/v2\/types\/page"}],"author":[{"embeddable":true,"href":"https:\/\/www.capgemini.com\/es-es\/wp-json\/wp\/v2\/users\/35"}],"replies":[{"embeddable":true,"href":"https:\/\/www.capgemini.com\/es-es\/wp-json\/wp\/v2\/comments?post=5437"}],"version-history":[{"count":4,"href":"https:\/\/www.capgemini.com\/es-es\/wp-json\/wp\/v2\/pages\/5437\/revisions"}],"predecessor-version":[{"id":577367,"href":"https:\/\/www.capgemini.com\/es-es\/wp-json\/wp\/v2\/pages\/5437\/revisions\/577367"}],"up":[{"embeddable":true,"href":"https:\/\/www.capgemini.com\/es-es\/wp-json\/wp\/v2\/pages\/537594"}],"wp:attachment":[{"href":"https:\/\/www.capgemini.com\/es-es\/wp-json\/wp\/v2\/media?parent=5437"}],"wp:term":[{"taxonomy":"brand","embeddable":true,"href":"https:\/\/www.capgemini.com\/es-es\/wp-json\/wp\/v2\/brand?post=5437"},{"taxonomy":"partner_type","embeddable":true,"href":"https:\/\/www.capgemini.com\/es-es\/wp-json\/wp\/v2\/partner_type?post=5437"},{"taxonomy":"service","embeddable":true,"href":"https:\/\/www.capgemini.com\/es-es\/wp-json\/wp\/v2\/service?post=5437"},{"taxonomy":"industry","embeddable":true,"href":"https:\/\/www.capgemini.com\/es-es\/wp-json\/wp\/v2\/industry?post=5437"},{"taxonomy":"partners","embeddable":true,"href":"https:\/\/www.capgemini.com\/es-es\/wp-json\/wp\/v2\/partners?post=5437"},{"taxonomy":"page-type","embeddable":true,"href":"https:\/\/www.capgemini.com\/es-es\/wp-json\/wp\/v2\/page-type?post=5437"},{"taxonomy":"content-group","embeddable":true,"href":"https:\/\/www.capgemini.com\/es-es\/wp-json\/wp\/v2\/content-group?post=5437"}],"curies":[{"name":"wp","href":"https:\/\/api.w.org\/{rel}","templated":true}]}}