{"id":5431,"date":"2022-03-16T09:31:33","date_gmt":"2022-03-16T09:31:33","guid":{"rendered":"https:\/\/www.capgemini.com\/?page_id=660218"},"modified":"2025-03-12T07:17:08","modified_gmt":"2025-03-12T06:17:08","slug":"sap-s-4-hana-para-la-industria-de-la-comunicacion-y-el-entretenimiento","status":"publish","type":"page","link":"https:\/\/www.capgemini.com\/es-es\/soluciones\/sap-s-4-hana-para-la-industria-de-la-comunicacion-y-el-entretenimiento\/","title":{"rendered":"SAP S\/4 HANA para la industria de la comunicaci\u00f3n y el entretenimiento"},"content":{"rendered":"\n<header class=\"wp-block-cg-blocks-hero-reusable header heroReusable  \"><div class=\"header-bgs\"><picture><source srcset=\"https:\/\/www.capgemini.com\/wp-content\/uploads\/2022\/03\/Capgemini_SAP-S4HANA-HAS-THE-POWER-TO-TRANSFORM-MEDIA-AND-ENTERTAINMENT.jpg?w=2880&amp;quality=70 1x, https:\/\/www.capgemini.com\/wp-content\/uploads\/2022\/03\/Capgemini_SAP-S4HANA-HAS-THE-POWER-TO-TRANSFORM-MEDIA-AND-ENTERTAINMENT.jpg?w=2880&amp;quality=70 2x\" media=\"(min-width: 1500px)\"\/><source srcset=\"https:\/\/www.capgemini.com\/wp-content\/uploads\/2022\/03\/Capgemini_SAP-S4HANA-HAS-THE-POWER-TO-TRANSFORM-MEDIA-AND-ENTERTAINMENT.jpg?w=1440&amp;quality=70 1x, https:\/\/www.capgemini.com\/wp-content\/uploads\/2022\/03\/Capgemini_SAP-S4HANA-HAS-THE-POWER-TO-TRANSFORM-MEDIA-AND-ENTERTAINMENT.jpg?w=2880&amp;quality=70 2x\" media=\"(min-width: 992px)\"\/><source srcset=\"https:\/\/www.capgemini.com\/wp-content\/uploads\/2022\/03\/Capgemini_SAP-S4HANA-HAS-THE-POWER-TO-TRANSFORM-MEDIA-AND-ENTERTAINMENT.jpg?w=1024&amp;quality=70 1x, https:\/\/www.capgemini.com\/wp-content\/uploads\/2022\/03\/Capgemini_SAP-S4HANA-HAS-THE-POWER-TO-TRANSFORM-MEDIA-AND-ENTERTAINMENT.jpg?w=1024&amp;quality=70 2x\" media=\"(min-width: 768px)\"\/><source srcset=\"https:\/\/www.capgemini.com\/wp-content\/uploads\/2022\/03\/Capgemini_SAP-S4HANA-HAS-THE-POWER-TO-TRANSFORM-MEDIA-AND-ENTERTAINMENT.jpg?w=768&amp;quality=70 1x, https:\/\/www.capgemini.com\/wp-content\/uploads\/2022\/03\/Capgemini_SAP-S4HANA-HAS-THE-POWER-TO-TRANSFORM-MEDIA-AND-ENTERTAINMENT.jpg?w=768&amp;quality=70 2x\" media=\"(min-width: 0)\"\/><img decoding=\"async\" src=\"https:\/\/www.capgemini.com\/wp-content\/uploads\/2022\/03\/Capgemini_SAP-S4HANA-HAS-THE-POWER-TO-TRANSFORM-MEDIA-AND-ENTERTAINMENT.jpg\" class=\"header-img header-img-d\" alt=\"Capgemini_SAP-S4HANA-HAS-THE-POWER-TO-TRANSFORM-MEDIA-AND-ENTERTAINMENT\" style=\"object-fit:cover;object-position:50% 50%\" loading=\"eager\"\/><\/picture><\/div><div class=\"heroPictureCardHeaderShape\"><\/div><div class=\"container\"><div class=\"row\"><div class=\"col-md-12\"><div class=\"box\"><div class=\"boxTagWrapper\"><div class=\"tagInfo\"><div><span class=\"box-tag\">Solution<\/span><\/div><\/div><\/div><div class=\"box-title\"><h1 data-maxlength=\"34\">SAP S\/4 HANA para la industria de la comunicaci\u00f3n y el entretenimiento<\/h1><\/div><div class=\"inner-row-insight download-btn\"><div class=\"col-md-4 downloadFiles addPadding\"><a class=\"button-download--small\" type=\"download\" href=\"https:\/\/www.capgemini.com\/wp-content\/uploads\/2021\/05\/Seizing-the-SAP-S4HANA-opportunity-1.pdf\" target=\"_blank\" rel=\"noopener noreferrer\" title=\"abrir en una nueva ventana\"><span>Download report<\/span><span class=\"type\">1,007 KB  pdf<\/span><\/a><\/div><\/div><\/div><\/div><\/div><\/div><\/header>\n\n\n\n<section class=\"wp-block-cg-blocks-intro-para undefined section section--intro\"><div class=\"intro-para\"><div class=\"container\"><div class=\"row\"><div class=\"col-12 col-md-1\"><nav class=\"article-social\"><ul class=\"social-nav\"><li class=\"ip-order-fb\"><a href=\"https:\/\/www.facebook.com\/sharer\/sharer.php?u=https:\/\/www.capgemini.com\/es-es\/soluciones\/sap-s-4-hana-para-la-industria-de-la-comunicacion-y-el-entretenimiento\/\" target=\"_blank\" rel=\"noopener noreferrer\" title=\"abrir en una nueva ventana\"><i aria-hidden=\"true\" class=\"icon-fb\"><\/i><span class=\"sr-only\">Facebook<\/span><\/a><\/li><li class=\"ip-order-tw\"><a href=\"https:\/\/twitter.com\/intent\/tweet?url=https:\/\/www.capgemini.com\/es-es\/soluciones\/sap-s-4-hana-para-la-industria-de-la-comunicacion-y-el-entretenimiento\/&amp;text=SAP S\/4 HANA para la industria de la comunicaci\u00f3n y el entretenimiento\" target=\"_blank\" rel=\"noopener noreferrer\" title=\"abrir en una nueva ventana\"><i aria-hidden=\"true\" class=\"icon-tw\"><\/i><span class=\"sr-only\">Twitter<\/span><\/a><\/li><li class=\"ip-order-li\"><a href=\"https:\/\/www.linkedin.com\/sharing\/share-offsite\/?url=https:\/\/www.capgemini.com\/es-es\/soluciones\/sap-s-4-hana-para-la-industria-de-la-comunicacion-y-el-entretenimiento\/&amp;text=SAP S\/4 HANA para la industria de la comunicaci\u00f3n y el entretenimiento\" target=\"_blank\" rel=\"noopener noreferrer\" title=\"abrir en una nueva ventana\"><i aria-hidden=\"true\" class=\"icon-li\"><\/i><span class=\"sr-only\">Linkedin<\/span><\/a><\/li><\/ul><\/nav><\/div><div class=\"col-12 col-md-11 col-lg-10\"><h2 class=\"intro-para-title\">El mercado global de medios de comunicaci\u00f3n y entretenimiento est\u00e1 sufriendo una transformaci\u00f3n a medida que las audiencias consumen contenido de nuevas maneras.<\/h2><\/div><\/div><\/div><\/div><\/section>\n\n\n\n<section class=\"wp-block-cg-blocks-group undefined section section--article-content\"><div class=\"article-main-content\"><div class=\"container\"><div class=\"row\"><div class=\"col-12 col-md-11 col-lg-10 offset-md-1 offset-lg-1\"><div class=\"article-text article-quote-text\">\n<p>Los consumidores esperan que los proveedores de medios y entretenimiento los conozcan y generen contenido basado en sus elecciones.<\/p>\n\n\n\n<p>SAP S\/4HANA\u00ae tiene el poder de hacer progresar a estas empresas. Es parte de un viaje de transformaci\u00f3n que lleva a las compa\u00f1\u00edas de un entorno ERP personalizado hacia un entorno puramente digital m\u00e1s estandarizado y simplificado capaz de aprovechar los datos y pilotar la innovaci\u00f3n.<\/p>\n\n\n\n<p>Abordar SAP S\/4 HANA como una mera mejora t\u00e9cnica o funcional es un error. Es una nueva forma de trabajar y una plataforma m\u00e1s robusta y resiliente que combina tecnolog\u00edas \u00e1giles, normas de conformidad obligatorias, y capacidades predictivas para entregar informaci\u00f3n a tiempo real que mejora la toma de decisiones de negocio.<\/p>\n\n\n\n<p>SAP S\/4 HANA representa la libertad de innovar. Capgemini tiene la experiencia de dise\u00f1ar, entregar y operar las soluciones que proporcionan a las compa\u00f1\u00edas de medios y entretenimiento una ventaja competitiva.<\/p>\n\n\n\n<p>Consulta nuestro punto de vista (arriba) para comprender c\u00f3mo SAP S\/4 HANA puede comenzar la transformaci\u00f3n hacia una organizaci\u00f3n impulsada por los datos \u2013 con el poder de cumplir con todos los requerimientos financieros.<\/p>\n<\/div><\/div><\/div><\/div><\/div><\/section>\n","protected":false},"excerpt":{"rendered":"","protected":false},"author":35,"featured_media":0,"parent":537594,"menu_order":0,"comment_status":"closed","ping_status":"closed","template":"","meta":{"cg_dt_proposed_to":[0],"cg_seo_hreflang_relations":"[]","cg_seo_canonical_relation":"","cg_seo_hreflang_x_default_relation":"","cg_dt_approved_content":false,"cg_dt_mandatory_content":false,"cg_dt_notes":"","cg_dg_source_changed":false,"cg_dt_link_disabled":false,"_yoast_wpseo_primary_brand":"","footnotes":"","featured_focal_points":"","partner_card_description":"","gsap_animation":0},"brand":[],"partner_type":[],"service":[385,38,500,165],"industry":[77,97],"partners":[106],"page-type":[339],"content-group":[],"class_list":["post-5431","page","type-page","status-publish","hentry","service-application-development-management","service-core-transformation-enterprise-management","service-digital-core","service-enterprise-management","industry-media-entertainment","industry-telecoms","partners-sap","page-type-solutions"],"yoast_head":"<!-- This site is optimized with the Yoast SEO Premium plugin v22.8 (Yoast SEO v22.8) - https:\/\/yoast.com\/wordpress\/plugins\/seo\/ -->\n<title>SAP S\/4 HANA para la industria de la comunicaci\u00f3n y el entretenimiento - Capgemini Spain<\/title>\n<meta name=\"description\" content=\"Capgemini tiene la experiencia de dise\u00f1ar, entregar y operar las soluciones que proporcionan a las compa\u00f1\u00edas de medios comunicaci\u00f3n y entretenimiento una ventaja competitiva.\" \/>\n<meta name=\"robots\" content=\"index, follow, max-snippet:-1, max-image-preview:large, max-video-preview:-1\" \/>\n<link rel=\"canonical\" href=\"https:\/\/www.capgemini.com\/es-es\/soluciones\/sap-s-4-hana-para-la-industria-de-la-comunicacion-y-el-entretenimiento\/\" \/>\n<meta property=\"og:locale\" content=\"es_ES\" \/>\n<meta property=\"og:type\" content=\"article\" \/>\n<meta property=\"og:title\" content=\"SAP S\/4 HANA para la industria de la comunicaci\u00f3n y el entretenimiento\" \/>\n<meta property=\"og:description\" content=\"Capgemini tiene la experiencia de dise\u00f1ar, entregar y operar las soluciones que proporcionan a las compa\u00f1\u00edas de medios comunicaci\u00f3n y entretenimiento una ventaja competitiva.\" \/>\n<meta property=\"og:url\" content=\"https:\/\/www.capgemini.com\/es-es\/soluciones\/sap-s-4-hana-para-la-industria-de-la-comunicacion-y-el-entretenimiento\/\" \/>\n<meta property=\"og:site_name\" content=\"Capgemini Spain\" \/>\n<meta property=\"article:modified_time\" content=\"2025-03-12T06:17:08+00:00\" \/>\n<meta property=\"og:image\" content=\"https:\/\/www.capgemini.com\/wp-content\/uploads\/2022\/03\/Capgemini_SAP-S4HANA-HAS-THE-POWER-TO-TRANSFORM-MEDIA-AND-ENTERTAINMENT.jpg\" \/>\n<meta name=\"twitter:card\" content=\"summary_large_image\" \/>\n<meta name=\"twitter:label1\" content=\"Est. reading time\" \/>\n\t<meta name=\"twitter:data1\" content=\"2 minutes\" \/>\n<script type=\"application\/ld+json\" class=\"yoast-schema-graph\">{\"@context\":\"https:\/\/schema.org\",\"@graph\":[{\"@type\":\"WebPage\",\"@id\":\"https:\/\/www.capgemini.com\/es-es\/soluciones\/sap-s-4-hana-para-la-industria-de-la-comunicacion-y-el-entretenimiento\/\",\"url\":\"https:\/\/www.capgemini.com\/es-es\/soluciones\/sap-s-4-hana-para-la-industria-de-la-comunicacion-y-el-entretenimiento\/\",\"name\":\"SAP S\/4 HANA para la industria de la comunicaci\u00f3n y el entretenimiento - Capgemini Spain\",\"isPartOf\":{\"@id\":\"https:\/\/www.capgemini.com\/es-es\/#website\"},\"primaryImageOfPage\":{\"@id\":\"https:\/\/www.capgemini.com\/es-es\/soluciones\/sap-s-4-hana-para-la-industria-de-la-comunicacion-y-el-entretenimiento\/#primaryimage\"},\"image\":{\"@id\":\"https:\/\/www.capgemini.com\/es-es\/soluciones\/sap-s-4-hana-para-la-industria-de-la-comunicacion-y-el-entretenimiento\/#primaryimage\"},\"thumbnailUrl\":\"https:\/\/www.capgemini.com\/wp-content\/uploads\/2022\/03\/Capgemini_SAP-S4HANA-HAS-THE-POWER-TO-TRANSFORM-MEDIA-AND-ENTERTAINMENT.jpg\",\"datePublished\":\"2022-03-16T09:31:33+00:00\",\"dateModified\":\"2025-03-12T06:17:08+00:00\",\"description\":\"Capgemini tiene la experiencia de dise\u00f1ar, entregar y operar las soluciones que proporcionan a las compa\u00f1\u00edas de medios comunicaci\u00f3n y entretenimiento una ventaja competitiva.\",\"breadcrumb\":{\"@id\":\"https:\/\/www.capgemini.com\/es-es\/soluciones\/sap-s-4-hana-para-la-industria-de-la-comunicacion-y-el-entretenimiento\/#breadcrumb\"},\"inLanguage\":\"es-ES\",\"potentialAction\":[{\"@type\":\"ReadAction\",\"target\":[\"https:\/\/www.capgemini.com\/es-es\/soluciones\/sap-s-4-hana-para-la-industria-de-la-comunicacion-y-el-entretenimiento\/\"]}]},{\"@type\":\"ImageObject\",\"inLanguage\":\"es-ES\",\"@id\":\"https:\/\/www.capgemini.com\/es-es\/soluciones\/sap-s-4-hana-para-la-industria-de-la-comunicacion-y-el-entretenimiento\/#primaryimage\",\"url\":\"https:\/\/www.capgemini.com\/wp-content\/uploads\/2022\/03\/Capgemini_SAP-S4HANA-HAS-THE-POWER-TO-TRANSFORM-MEDIA-AND-ENTERTAINMENT.jpg\",\"contentUrl\":\"https:\/\/www.capgemini.com\/wp-content\/uploads\/2022\/03\/Capgemini_SAP-S4HANA-HAS-THE-POWER-TO-TRANSFORM-MEDIA-AND-ENTERTAINMENT.jpg\"},{\"@type\":\"BreadcrumbList\",\"@id\":\"https:\/\/www.capgemini.com\/es-es\/soluciones\/sap-s-4-hana-para-la-industria-de-la-comunicacion-y-el-entretenimiento\/#breadcrumb\",\"itemListElement\":[{\"@type\":\"ListItem\",\"position\":1,\"name\":\"Home\",\"item\":\"https:\/\/www.capgemini.com\/es-es\/\"},{\"@type\":\"ListItem\",\"position\":2,\"name\":\"Soluciones\",\"item\":\"https:\/\/www.capgemini.com\/es-es\/soluciones\/\"},{\"@type\":\"ListItem\",\"position\":3,\"name\":\"SAP S\/4 HANA para la industria de la comunicaci\u00f3n y el entretenimiento\"}]},{\"@type\":\"WebSite\",\"@id\":\"https:\/\/www.capgemini.com\/es-es\/#website\",\"url\":\"https:\/\/www.capgemini.com\/es-es\/\",\"name\":\"Capgemini Espa\u00f1a\",\"description\":\"Capgemini\",\"potentialAction\":[{\"@type\":\"SearchAction\",\"target\":{\"@type\":\"EntryPoint\",\"urlTemplate\":\"https:\/\/www.capgemini.com\/es-es\/?s={search_term_string}\"},\"query-input\":\"required name=search_term_string\"}],\"inLanguage\":\"es-ES\"}]}<\/script>\n<!-- \/ Yoast SEO Premium plugin. -->","yoast_head_json":{"title":"SAP S\/4 HANA para la industria de la comunicaci\u00f3n y el entretenimiento - Capgemini Spain","description":"Capgemini tiene la experiencia de dise\u00f1ar, entregar y operar las soluciones que proporcionan a las compa\u00f1\u00edas de medios comunicaci\u00f3n y entretenimiento una ventaja competitiva.","robots":{"index":"index","follow":"follow","max-snippet":"max-snippet:-1","max-image-preview":"max-image-preview:large","max-video-preview":"max-video-preview:-1"},"canonical":"https:\/\/www.capgemini.com\/es-es\/soluciones\/sap-s-4-hana-para-la-industria-de-la-comunicacion-y-el-entretenimiento\/","og_locale":"es_ES","og_type":"article","og_title":"SAP S\/4 HANA para la industria de la comunicaci\u00f3n y el entretenimiento","og_description":"Capgemini tiene la experiencia de dise\u00f1ar, entregar y operar las soluciones que proporcionan a las compa\u00f1\u00edas de medios comunicaci\u00f3n y entretenimiento una ventaja competitiva.","og_url":"https:\/\/www.capgemini.com\/es-es\/soluciones\/sap-s-4-hana-para-la-industria-de-la-comunicacion-y-el-entretenimiento\/","og_site_name":"Capgemini Spain","article_modified_time":"2025-03-12T06:17:08+00:00","og_image":[{"url":"https:\/\/www.capgemini.com\/wp-content\/uploads\/2022\/03\/Capgemini_SAP-S4HANA-HAS-THE-POWER-TO-TRANSFORM-MEDIA-AND-ENTERTAINMENT.jpg"}],"twitter_card":"summary_large_image","twitter_misc":{"Est. reading time":"2 minutes"},"schema":{"@context":"https:\/\/schema.org","@graph":[{"@type":"WebPage","@id":"https:\/\/www.capgemini.com\/es-es\/soluciones\/sap-s-4-hana-para-la-industria-de-la-comunicacion-y-el-entretenimiento\/","url":"https:\/\/www.capgemini.com\/es-es\/soluciones\/sap-s-4-hana-para-la-industria-de-la-comunicacion-y-el-entretenimiento\/","name":"SAP S\/4 HANA para la industria de la comunicaci\u00f3n y el entretenimiento - Capgemini Spain","isPartOf":{"@id":"https:\/\/www.capgemini.com\/es-es\/#website"},"primaryImageOfPage":{"@id":"https:\/\/www.capgemini.com\/es-es\/soluciones\/sap-s-4-hana-para-la-industria-de-la-comunicacion-y-el-entretenimiento\/#primaryimage"},"image":{"@id":"https:\/\/www.capgemini.com\/es-es\/soluciones\/sap-s-4-hana-para-la-industria-de-la-comunicacion-y-el-entretenimiento\/#primaryimage"},"thumbnailUrl":"https:\/\/www.capgemini.com\/wp-content\/uploads\/2022\/03\/Capgemini_SAP-S4HANA-HAS-THE-POWER-TO-TRANSFORM-MEDIA-AND-ENTERTAINMENT.jpg","datePublished":"2022-03-16T09:31:33+00:00","dateModified":"2025-03-12T06:17:08+00:00","description":"Capgemini tiene la experiencia de dise\u00f1ar, entregar y operar las soluciones que proporcionan a las compa\u00f1\u00edas de medios comunicaci\u00f3n y entretenimiento una ventaja competitiva.","breadcrumb":{"@id":"https:\/\/www.capgemini.com\/es-es\/soluciones\/sap-s-4-hana-para-la-industria-de-la-comunicacion-y-el-entretenimiento\/#breadcrumb"},"inLanguage":"es-ES","potentialAction":[{"@type":"ReadAction","target":["https:\/\/www.capgemini.com\/es-es\/soluciones\/sap-s-4-hana-para-la-industria-de-la-comunicacion-y-el-entretenimiento\/"]}]},{"@type":"ImageObject","inLanguage":"es-ES","@id":"https:\/\/www.capgemini.com\/es-es\/soluciones\/sap-s-4-hana-para-la-industria-de-la-comunicacion-y-el-entretenimiento\/#primaryimage","url":"https:\/\/www.capgemini.com\/wp-content\/uploads\/2022\/03\/Capgemini_SAP-S4HANA-HAS-THE-POWER-TO-TRANSFORM-MEDIA-AND-ENTERTAINMENT.jpg","contentUrl":"https:\/\/www.capgemini.com\/wp-content\/uploads\/2022\/03\/Capgemini_SAP-S4HANA-HAS-THE-POWER-TO-TRANSFORM-MEDIA-AND-ENTERTAINMENT.jpg"},{"@type":"BreadcrumbList","@id":"https:\/\/www.capgemini.com\/es-es\/soluciones\/sap-s-4-hana-para-la-industria-de-la-comunicacion-y-el-entretenimiento\/#breadcrumb","itemListElement":[{"@type":"ListItem","position":1,"name":"Home","item":"https:\/\/www.capgemini.com\/es-es\/"},{"@type":"ListItem","position":2,"name":"Soluciones","item":"https:\/\/www.capgemini.com\/es-es\/soluciones\/"},{"@type":"ListItem","position":3,"name":"SAP S\/4 HANA para la industria de la comunicaci\u00f3n y el entretenimiento"}]},{"@type":"WebSite","@id":"https:\/\/www.capgemini.com\/es-es\/#website","url":"https:\/\/www.capgemini.com\/es-es\/","name":"Capgemini Espa\u00f1a","description":"Capgemini","potentialAction":[{"@type":"SearchAction","target":{"@type":"EntryPoint","urlTemplate":"https:\/\/www.capgemini.com\/es-es\/?s={search_term_string}"},"query-input":"required name=search_term_string"}],"inLanguage":"es-ES"}]}},"brand_term":[],"parsely":{"version":"1.1.0","canonical_url":"https:\/\/capgemini.com\/es-es\/soluciones\/sap-s-4-hana-para-la-industria-de-la-comunicacion-y-el-entretenimiento\/","smart_links":{"inbound":0,"outbound":0},"traffic_boost_suggestions_count":0,"meta":{"@context":"https:\/\/schema.org","@type":"WebPage","headline":"SAP S\/4 HANA para la industria de la comunicaci\u00f3n y el entretenimiento","url":"https:\/\/www.capgemini.com\/es-es\/soluciones\/sap-s-4-hana-para-la-industria-de-la-comunicacion-y-el-entretenimiento\/","mainEntityOfPage":{"@type":"WebPage","@id":"https:\/\/www.capgemini.com\/es-es\/soluciones\/sap-s-4-hana-para-la-industria-de-la-comunicacion-y-el-entretenimiento\/"},"thumbnailUrl":"","image":{"@type":"ImageObject","url":""},"articleSection":"Uncategorized","author":[],"creator":[],"publisher":{"@type":"Organization","name":"Capgemini Spain","logo":""},"keywords":[],"dateCreated":"2022-03-16T09:31:33Z","datePublished":"2022-03-16T09:31:33Z","dateModified":"2025-03-12T06:17:08Z"},"rendered":"<meta name=\"parsely-title\" content=\"SAP S\/4 HANA para la industria de la comunicaci\u00f3n y el entretenimiento\" \/>\n<meta name=\"parsely-link\" content=\"https:\/\/www.capgemini.com\/es-es\/soluciones\/sap-s-4-hana-para-la-industria-de-la-comunicacion-y-el-entretenimiento\/\" \/>\n<meta name=\"parsely-type\" content=\"index\" \/>\n<meta name=\"parsely-pub-date\" content=\"2022-03-16T09:31:33Z\" \/>\n<meta name=\"parsely-section\" content=\"Uncategorized\" \/>","tracker_url":"https:\/\/cdn.parsely.com\/keys\/capgemini.com\/p.js"},"archive_status":false,"featured_image_src":"https:\/\/www.capgemini.com\/es-es\/wp-content\/themes\/capgemini2025\/assets\/images\/mockup.png","featured_image_alt":false,"jetpack_sharing_enabled":true,"distributor_meta":false,"distributor_terms":false,"distributor_media":false,"distributor_original_site_name":"Capgemini Spain","distributor_original_site_url":"https:\/\/www.capgemini.com\/es-es","push-errors":false,"_links":{"self":[{"href":"https:\/\/www.capgemini.com\/es-es\/wp-json\/wp\/v2\/pages\/5431","targetHints":{"allow":["GET"]}}],"collection":[{"href":"https:\/\/www.capgemini.com\/es-es\/wp-json\/wp\/v2\/pages"}],"about":[{"href":"https:\/\/www.capgemini.com\/es-es\/wp-json\/wp\/v2\/types\/page"}],"author":[{"embeddable":true,"href":"https:\/\/www.capgemini.com\/es-es\/wp-json\/wp\/v2\/users\/35"}],"replies":[{"embeddable":true,"href":"https:\/\/www.capgemini.com\/es-es\/wp-json\/wp\/v2\/comments?post=5431"}],"version-history":[{"count":2,"href":"https:\/\/www.capgemini.com\/es-es\/wp-json\/wp\/v2\/pages\/5431\/revisions"}],"predecessor-version":[{"id":567738,"href":"https:\/\/www.capgemini.com\/es-es\/wp-json\/wp\/v2\/pages\/5431\/revisions\/567738"}],"up":[{"embeddable":true,"href":"https:\/\/www.capgemini.com\/es-es\/wp-json\/wp\/v2\/pages\/537594"}],"wp:attachment":[{"href":"https:\/\/www.capgemini.com\/es-es\/wp-json\/wp\/v2\/media?parent=5431"}],"wp:term":[{"taxonomy":"brand","embeddable":true,"href":"https:\/\/www.capgemini.com\/es-es\/wp-json\/wp\/v2\/brand?post=5431"},{"taxonomy":"partner_type","embeddable":true,"href":"https:\/\/www.capgemini.com\/es-es\/wp-json\/wp\/v2\/partner_type?post=5431"},{"taxonomy":"service","embeddable":true,"href":"https:\/\/www.capgemini.com\/es-es\/wp-json\/wp\/v2\/service?post=5431"},{"taxonomy":"industry","embeddable":true,"href":"https:\/\/www.capgemini.com\/es-es\/wp-json\/wp\/v2\/industry?post=5431"},{"taxonomy":"partners","embeddable":true,"href":"https:\/\/www.capgemini.com\/es-es\/wp-json\/wp\/v2\/partners?post=5431"},{"taxonomy":"page-type","embeddable":true,"href":"https:\/\/www.capgemini.com\/es-es\/wp-json\/wp\/v2\/page-type?post=5431"},{"taxonomy":"content-group","embeddable":true,"href":"https:\/\/www.capgemini.com\/es-es\/wp-json\/wp\/v2\/content-group?post=5431"}],"curies":[{"name":"wp","href":"https:\/\/api.w.org\/{rel}","templated":true}]}}