{"id":5426,"date":"2022-03-17T06:34:20","date_gmt":"2022-03-17T06:34:20","guid":{"rendered":"https:\/\/www.capgemini.com\/?page_id=660595"},"modified":"2025-03-12T07:16:38","modified_gmt":"2025-03-12T06:16:38","slug":"ia-para-productos-de-consumo-y-retail","status":"publish","type":"page","link":"https:\/\/www.capgemini.com\/es-es\/soluciones\/ia-para-productos-de-consumo-y-retail\/","title":{"rendered":"IA para Productos de Consumo y Retail"},"content":{"rendered":"\n<header class=\"wp-block-cg-blocks-hero-reusable header heroReusable  \"><div class=\"header-bgs\"><picture><source srcset=\"https:\/\/www.capgemini.com\/wp-content\/uploads\/2022\/04\/Capgemini_cunsumer-products_OutPerform.webp?w=2880&amp;quality=70 1x, https:\/\/www.capgemini.com\/wp-content\/uploads\/2022\/04\/Capgemini_cunsumer-products_OutPerform.webp?w=2880&amp;quality=70 2x\" media=\"(min-width: 1500px)\"\/><source srcset=\"https:\/\/www.capgemini.com\/wp-content\/uploads\/2022\/04\/Capgemini_cunsumer-products_OutPerform.webp?w=1440&amp;quality=70 1x, https:\/\/www.capgemini.com\/wp-content\/uploads\/2022\/04\/Capgemini_cunsumer-products_OutPerform.webp?w=2880&amp;quality=70 2x\" media=\"(min-width: 992px)\"\/><source srcset=\"https:\/\/www.capgemini.com\/wp-content\/uploads\/2022\/04\/Capgemini_cunsumer-products_OutPerform.webp?w=1024&amp;quality=70 1x, https:\/\/www.capgemini.com\/wp-content\/uploads\/2022\/04\/Capgemini_cunsumer-products_OutPerform.webp?w=1024&amp;quality=70 2x\" media=\"(min-width: 768px)\"\/><source srcset=\"https:\/\/www.capgemini.com\/wp-content\/uploads\/2022\/04\/Capgemini_cunsumer-products_OutPerform.webp?w=768&amp;quality=70 1x, https:\/\/www.capgemini.com\/wp-content\/uploads\/2022\/04\/Capgemini_cunsumer-products_OutPerform.webp?w=768&amp;quality=70 2x\" media=\"(min-width: 0)\"\/><img decoding=\"async\" src=\"https:\/\/www.capgemini.com\/wp-content\/uploads\/2022\/04\/Capgemini_cunsumer-products_OutPerform.webp\" class=\"header-img header-img-d\" alt=\"\" style=\"object-fit:cover;object-position:50% 50%\" loading=\"eager\"\/><\/picture><\/div><div class=\"heroPictureCardHeaderShape\"><\/div><div class=\"container\"><div class=\"row\"><div class=\"col-md-12\"><div class=\"box\"><div class=\"boxTagWrapper\"><div class=\"tagInfo\"><div><span class=\"box-tag\">Soluci\u00f3n<\/span><\/div><\/div><\/div><div class=\"box-title\"><h1 data-maxlength=\"34\">IA para Productos de Consumo y Retail<\/h1><\/div><div class=\"inner-row-insight download-btn\"><\/div><\/div><\/div><\/div><\/div><\/header>\n\n\n\n<section class=\"wp-block-cg-blocks-intro-para undefined section section--intro\"><div class=\"intro-para\"><div class=\"container\"><div class=\"row\"><div class=\"col-12 col-md-1\"><nav class=\"article-social\"><ul class=\"social-nav\"><li class=\"ip-order-fb\"><a href=\"https:\/\/www.facebook.com\/sharer\/sharer.php?u=https:\/\/www.capgemini.com\/es-es\/soluciones\/ia-para-productos-de-consumo-y-retail\/\" target=\"_blank\" rel=\"noopener noreferrer\" title=\"abrir en una nueva ventana\"><i aria-hidden=\"true\" class=\"icon-fb\"><\/i><span class=\"sr-only\">Facebook<\/span><\/a><\/li><li class=\"ip-order-tw\"><a href=\"https:\/\/twitter.com\/intent\/tweet?url=https:\/\/www.capgemini.com\/es-es\/soluciones\/ia-para-productos-de-consumo-y-retail\/&amp;text=IA para Productos de Consumo y Retail\" target=\"_blank\" rel=\"noopener noreferrer\" title=\"abrir en una nueva ventana\"><i aria-hidden=\"true\" class=\"icon-tw\"><\/i><span class=\"sr-only\">Twitter<\/span><\/a><\/li><li class=\"ip-order-li\"><a href=\"https:\/\/www.linkedin.com\/sharing\/share-offsite\/?url=https:\/\/www.capgemini.com\/es-es\/soluciones\/ia-para-productos-de-consumo-y-retail\/&amp;text=IA para Productos de Consumo y Retail\" target=\"_blank\" rel=\"noopener noreferrer\" title=\"abrir en una nueva ventana\"><i aria-hidden=\"true\" class=\"icon-li\"><\/i><span class=\"sr-only\">Linkedin<\/span><\/a><\/li><\/ul><\/nav><\/div><div class=\"col-12 col-md-11 col-lg-10\"><h2 class=\"intro-para-title\">El camino para convertirse en una empresa impulsada por conocimientos puede ser largo y poco claro. Para ayudar a nuestros clientes a transitar este viaje, hemos desarrollado Capgemini Retail &amp; CP OutPerform.<\/h2><p class=\"intro-para-content\">Este enfoque est\u00e1 dise\u00f1ado para abordar dos problemas distintos con los que los clientes se encuentran continuamente: no tener suficiente acceso a los datos y conocimientos en su negocio y\/o no poder mover los conocimientos basados \u200b\u200ben datos al centro de la toma de decisiones.<\/p><\/div><\/div><\/div><\/div><\/section>\n\n\n\n<section class=\"wp-block-cg-blocks-group undefined section section--article-content\"><div class=\"article-main-content\"><div class=\"container\"><div class=\"row\"><div class=\"col-12 col-md-11 col-lg-10 offset-md-1 offset-lg-1\"><div class=\"article-text article-quote-text\">\n<h2 class=\"wp-block-heading\" id=\"h-un-enfoque-basado-en-el-conocimiento\">Un enfoque basado en el conocimiento<\/h2>\n\n\n\n<p>Muchos hablan de lo importantes que son los datos para un negocio exitoso en la actualidad. Para las empresas minoristas y de productos de consumo, es fundamental contar con datos sobre c\u00f3mo los clientes interact\u00faan con su marca. Pero tener datos sobre tus clientes ya no es suficiente.<\/p>\n\n\n\n<p>El sentimiento de las redes sociales, las tendencias de los consumidores y las campa\u00f1as publicitarias de productos, que cambian r\u00e1pidamente, son factores que son parte integral de la forma en que toma decisiones sobre su negocio.<\/p>\n\n\n\n<p><\/p>\n\n\n\n<h5 class=\"wp-block-heading\" id=\"h-capgemini-retail-y-cp-outperform-pueden-ayudarlo-a-realizar-su-viaje-basado-en-conocimientos-a-traves-de-3-capas-clave\">Capgemini Retail y CP OutPerform pueden ayudarlo a realizar su viaje basado en conocimientos a trav\u00e9s de 3 capas clave:<\/h5>\n\n\n\n<ol class=\"wp-block-list\">\n<li><strong>Resultados<\/strong>: valor sostenible a trav\u00e9s de la cultura, la agilidad organizativa y las asociaciones<\/li>\n\n\n\n<li><strong>Perspectivas<\/strong>: apoyo a la decisi\u00f3n entregado en el punto de necesidad de una manera procesable<\/li>\n\n\n\n<li><strong>Datos<\/strong>: datos seguros, compatibles, disponibles y confiables, utilizados como combustible de la organizaci\u00f3n moderna.<\/li>\n<\/ol>\n\n\n\n<p><\/p>\n\n\n\n<p><\/p>\n\n\n\n<figure class=\"wp-block-image\"><img decoding=\"async\" src=\"https:\/\/www.capgemini.com\/us-en\/wp-content\/uploads\/sites\/4\/2019\/03\/CPR-OutPerform-Web-Graphic-EDITED.png\" alt=\"\" class=\"wp-image-89176\"\/><\/figure>\n\n\n\n<p>Capgemini Retail &amp; CP OutPerform proporciona el enfoque de viaje basado en conocimientos que comienza poco a poco, demuestra valor en las primeras semanas y escala r\u00e1pidamente.<\/p>\n\n\n\n<p><\/p>\n\n\n\n<p><\/p>\n\n\n\n<h2 class=\"wp-block-heading\" id=\"h-definicion-del-proposito\">Definici\u00f3n del prop\u00f3sito<\/h2>\n\n\n\n<p>Necesita conocimientos inteligentes y procesables dentro de su negocio que conduzcan a resultados significativos para seguir siendo competitivo y rentable. Todo comienza con un prop\u00f3sito definido de lo que quieres lograr en tu negocio. Desde el prop\u00f3sito, puede alinearse con los resultados deseados importantes para su negocio, comprender los conocimientos necesarios y luego acceder a los datos que necesita.<\/p>\n\n\n\n<p>En Capgemini, nuestros equipos de la industria minorista y de productos de consumo trabajan con las marcas l\u00edderes en el mundo para poner la informaci\u00f3n y el an\u00e1lisis en el centro de toda toma de decisiones en su negocio.<\/p>\n\n\n\n<p>Empezamos con prop\u00f3sito. Capgemini Retail &amp; CP OutPerform est\u00e1 dise\u00f1ado para ofrecer resultados \u00fatiles en cuesti\u00f3n de semanas mientras sienta las bases para un cambio sostenible en su negocio.<\/p>\n\n\n\n<p>Nuestro enfoque utiliza los datos del cliente final en cada punto de contacto para resolver problemas comerciales, producir resultados comerciales tangibles y descubrir nuevas oportunidades. Lo que potencialmente le llevar\u00eda 12 meses antes, ahora nos lleva 12 semanas.<\/p>\n\n\n\n<p>Desde minoristas de moda de lujo hasta las marcas de productos de consumo m\u00e1s grandes del mundo, nos hemos asociado con nuestros clientes para poner los conocimientos y el an\u00e1lisis en el centro de toda toma de decisiones. Ya se trate de las funciones de marketing, operaciones, comercio o cadena de suministro de un cliente, ayudamos a las empresas a activar su capacidad para comprender y anticipar los comportamientos de los consumidores en los mercados de todo el mundo.<\/p>\n\n\n\n<p><strong>Nuestro enfoque basado en resultados ofrece informaci\u00f3n sin precedentes directamente a los minoristas y las organizaciones de productos de consumo, y est\u00e1 en el centro de la transformaci\u00f3n digital de un cliente.<\/strong><\/p>\n<\/div><\/div><\/div><\/div><\/div><\/section>\n","protected":false},"excerpt":{"rendered":"","protected":false},"author":35,"featured_media":5427,"parent":537594,"menu_order":0,"comment_status":"closed","ping_status":"closed","template":"","meta":{"cg_dt_proposed_to":[0],"cg_seo_hreflang_relations":"[]","cg_seo_canonical_relation":"","cg_seo_hreflang_x_default_relation":"","cg_dt_approved_content":false,"cg_dt_mandatory_content":false,"cg_dt_notes":"","cg_dg_source_changed":false,"cg_dt_link_disabled":false,"_yoast_wpseo_primary_brand":"","footnotes":"","featured_focal_points":"","partner_card_description":"","gsap_animation":0},"brand":[],"partner_type":[],"service":[],"industry":[36],"partners":[],"page-type":[339],"content-group":[],"class_list":["post-5426","page","type-page","status-publish","has-post-thumbnail","hentry","industry-consumer-products","page-type-solutions"],"yoast_head":"<!-- This site is optimized with the Yoast SEO Premium plugin v22.8 (Yoast SEO v22.8) - https:\/\/yoast.com\/wordpress\/plugins\/seo\/ -->\n<title>IA para Productos de Clientes y venta minorista | Capgemini<\/title>\n<meta name=\"description\" content=\"En Capgemini, nuestros equipos de la industria minorista y de productos de consumo trabajan con las marcas l\u00edderes en el mundo para poner la informaci\u00f3n y el an\u00e1lisis en el centro de toda toma de decisiones en su negocio.\" \/>\n<meta name=\"robots\" content=\"index, follow, max-snippet:-1, max-image-preview:large, max-video-preview:-1\" \/>\n<link rel=\"canonical\" href=\"https:\/\/www.capgemini.com\/es-es\/soluciones\/ia-para-productos-de-consumo-y-retail\/\" \/>\n<meta property=\"og:locale\" content=\"es_ES\" \/>\n<meta property=\"og:type\" content=\"article\" \/>\n<meta property=\"og:title\" content=\"IA para Productos de Consumo y Retail\" \/>\n<meta property=\"og:description\" content=\"En Capgemini, nuestros equipos de la industria minorista y de productos de consumo trabajan con las marcas l\u00edderes en el mundo para poner la informaci\u00f3n y el an\u00e1lisis en el centro de toda toma de decisiones en su negocio.\" \/>\n<meta property=\"og:url\" content=\"https:\/\/www.capgemini.com\/es-es\/soluciones\/ia-para-productos-de-consumo-y-retail\/\" \/>\n<meta property=\"og:site_name\" content=\"Capgemini Spain\" \/>\n<meta property=\"article:modified_time\" content=\"2025-03-12T06:16:38+00:00\" \/>\n<meta property=\"og:image\" content=\"https:\/\/www.capgemini.com\/es-es\/wp-content\/uploads\/sites\/16\/2025\/10\/New-Web-preview-global.jpg\" \/>\n\t<meta property=\"og:image:width\" content=\"1200\" \/>\n\t<meta property=\"og:image:height\" content=\"627\" \/>\n\t<meta property=\"og:image:type\" content=\"image\/jpeg\" \/>\n<meta name=\"twitter:card\" content=\"summary_large_image\" \/>\n<meta name=\"twitter:label1\" content=\"Est. reading time\" \/>\n\t<meta name=\"twitter:data1\" content=\"3 minutes\" \/>\n<script type=\"application\/ld+json\" class=\"yoast-schema-graph\">{\"@context\":\"https:\/\/schema.org\",\"@graph\":[{\"@type\":\"WebPage\",\"@id\":\"https:\/\/www.capgemini.com\/es-es\/soluciones\/ia-para-productos-de-consumo-y-retail\/\",\"url\":\"https:\/\/www.capgemini.com\/es-es\/soluciones\/ia-para-productos-de-consumo-y-retail\/\",\"name\":\"IA para Productos de Clientes y venta minorista | Capgemini\",\"isPartOf\":{\"@id\":\"https:\/\/www.capgemini.com\/es-es\/#website\"},\"primaryImageOfPage\":{\"@id\":\"https:\/\/www.capgemini.com\/es-es\/soluciones\/ia-para-productos-de-consumo-y-retail\/#primaryimage\"},\"image\":{\"@id\":\"https:\/\/www.capgemini.com\/es-es\/soluciones\/ia-para-productos-de-consumo-y-retail\/#primaryimage\"},\"thumbnailUrl\":\"\",\"datePublished\":\"2022-03-17T06:34:20+00:00\",\"dateModified\":\"2025-03-12T06:16:38+00:00\",\"description\":\"En Capgemini, nuestros equipos de la industria minorista y de productos de consumo trabajan con las marcas l\u00edderes en el mundo para poner la informaci\u00f3n y el an\u00e1lisis en el centro de toda toma de decisiones en su negocio.\",\"breadcrumb\":{\"@id\":\"https:\/\/www.capgemini.com\/es-es\/soluciones\/ia-para-productos-de-consumo-y-retail\/#breadcrumb\"},\"inLanguage\":\"es-ES\",\"potentialAction\":[{\"@type\":\"ReadAction\",\"target\":[\"https:\/\/www.capgemini.com\/es-es\/soluciones\/ia-para-productos-de-consumo-y-retail\/\"]}]},{\"@type\":\"ImageObject\",\"inLanguage\":\"es-ES\",\"@id\":\"https:\/\/www.capgemini.com\/es-es\/soluciones\/ia-para-productos-de-consumo-y-retail\/#primaryimage\",\"url\":\"\",\"contentUrl\":\"\"},{\"@type\":\"BreadcrumbList\",\"@id\":\"https:\/\/www.capgemini.com\/es-es\/soluciones\/ia-para-productos-de-consumo-y-retail\/#breadcrumb\",\"itemListElement\":[{\"@type\":\"ListItem\",\"position\":1,\"name\":\"Home\",\"item\":\"https:\/\/www.capgemini.com\/es-es\/\"},{\"@type\":\"ListItem\",\"position\":2,\"name\":\"Soluciones\",\"item\":\"https:\/\/www.capgemini.com\/es-es\/soluciones\/\"},{\"@type\":\"ListItem\",\"position\":3,\"name\":\"IA para Productos de Consumo y Retail\"}]},{\"@type\":\"WebSite\",\"@id\":\"https:\/\/www.capgemini.com\/es-es\/#website\",\"url\":\"https:\/\/www.capgemini.com\/es-es\/\",\"name\":\"Capgemini Espa\u00f1a\",\"description\":\"Capgemini\",\"potentialAction\":[{\"@type\":\"SearchAction\",\"target\":{\"@type\":\"EntryPoint\",\"urlTemplate\":\"https:\/\/www.capgemini.com\/es-es\/?s={search_term_string}\"},\"query-input\":\"required name=search_term_string\"}],\"inLanguage\":\"es-ES\"}]}<\/script>\n<!-- \/ Yoast SEO Premium plugin. -->","yoast_head_json":{"title":"IA para Productos de Clientes y venta minorista | Capgemini","description":"En Capgemini, nuestros equipos de la industria minorista y de productos de consumo trabajan con las marcas l\u00edderes en el mundo para poner la informaci\u00f3n y el an\u00e1lisis en el centro de toda toma de decisiones en su negocio.","robots":{"index":"index","follow":"follow","max-snippet":"max-snippet:-1","max-image-preview":"max-image-preview:large","max-video-preview":"max-video-preview:-1"},"canonical":"https:\/\/www.capgemini.com\/es-es\/soluciones\/ia-para-productos-de-consumo-y-retail\/","og_locale":"es_ES","og_type":"article","og_title":"IA para Productos de Consumo y Retail","og_description":"En Capgemini, nuestros equipos de la industria minorista y de productos de consumo trabajan con las marcas l\u00edderes en el mundo para poner la informaci\u00f3n y el an\u00e1lisis en el centro de toda toma de decisiones en su negocio.","og_url":"https:\/\/www.capgemini.com\/es-es\/soluciones\/ia-para-productos-de-consumo-y-retail\/","og_site_name":"Capgemini Spain","article_modified_time":"2025-03-12T06:16:38+00:00","og_image":[{"width":1200,"height":627,"url":"https:\/\/www.capgemini.com\/es-es\/wp-content\/uploads\/sites\/16\/2025\/10\/New-Web-preview-global.jpg","type":"image\/jpeg"}],"twitter_card":"summary_large_image","twitter_misc":{"Est. reading time":"3 minutes"},"schema":{"@context":"https:\/\/schema.org","@graph":[{"@type":"WebPage","@id":"https:\/\/www.capgemini.com\/es-es\/soluciones\/ia-para-productos-de-consumo-y-retail\/","url":"https:\/\/www.capgemini.com\/es-es\/soluciones\/ia-para-productos-de-consumo-y-retail\/","name":"IA para Productos de Clientes y venta minorista | Capgemini","isPartOf":{"@id":"https:\/\/www.capgemini.com\/es-es\/#website"},"primaryImageOfPage":{"@id":"https:\/\/www.capgemini.com\/es-es\/soluciones\/ia-para-productos-de-consumo-y-retail\/#primaryimage"},"image":{"@id":"https:\/\/www.capgemini.com\/es-es\/soluciones\/ia-para-productos-de-consumo-y-retail\/#primaryimage"},"thumbnailUrl":"","datePublished":"2022-03-17T06:34:20+00:00","dateModified":"2025-03-12T06:16:38+00:00","description":"En Capgemini, nuestros equipos de la industria minorista y de productos de consumo trabajan con las marcas l\u00edderes en el mundo para poner la informaci\u00f3n y el an\u00e1lisis en el centro de toda toma de decisiones en su negocio.","breadcrumb":{"@id":"https:\/\/www.capgemini.com\/es-es\/soluciones\/ia-para-productos-de-consumo-y-retail\/#breadcrumb"},"inLanguage":"es-ES","potentialAction":[{"@type":"ReadAction","target":["https:\/\/www.capgemini.com\/es-es\/soluciones\/ia-para-productos-de-consumo-y-retail\/"]}]},{"@type":"ImageObject","inLanguage":"es-ES","@id":"https:\/\/www.capgemini.com\/es-es\/soluciones\/ia-para-productos-de-consumo-y-retail\/#primaryimage","url":"","contentUrl":""},{"@type":"BreadcrumbList","@id":"https:\/\/www.capgemini.com\/es-es\/soluciones\/ia-para-productos-de-consumo-y-retail\/#breadcrumb","itemListElement":[{"@type":"ListItem","position":1,"name":"Home","item":"https:\/\/www.capgemini.com\/es-es\/"},{"@type":"ListItem","position":2,"name":"Soluciones","item":"https:\/\/www.capgemini.com\/es-es\/soluciones\/"},{"@type":"ListItem","position":3,"name":"IA para Productos de Consumo y Retail"}]},{"@type":"WebSite","@id":"https:\/\/www.capgemini.com\/es-es\/#website","url":"https:\/\/www.capgemini.com\/es-es\/","name":"Capgemini Espa\u00f1a","description":"Capgemini","potentialAction":[{"@type":"SearchAction","target":{"@type":"EntryPoint","urlTemplate":"https:\/\/www.capgemini.com\/es-es\/?s={search_term_string}"},"query-input":"required name=search_term_string"}],"inLanguage":"es-ES"}]}},"brand_term":[],"parsely":{"version":"1.1.0","canonical_url":"https:\/\/capgemini.com\/es-es\/soluciones\/ia-para-productos-de-consumo-y-retail\/","smart_links":{"inbound":0,"outbound":0},"traffic_boost_suggestions_count":0,"meta":{"@context":"https:\/\/schema.org","@type":"WebPage","headline":"IA para Productos de Consumo y Retail","url":"https:\/\/www.capgemini.com\/es-es\/soluciones\/ia-para-productos-de-consumo-y-retail\/","mainEntityOfPage":{"@type":"WebPage","@id":"https:\/\/www.capgemini.com\/es-es\/soluciones\/ia-para-productos-de-consumo-y-retail\/"},"thumbnailUrl":"","image":{"@type":"ImageObject","url":""},"articleSection":"Uncategorized","author":[],"creator":[],"publisher":{"@type":"Organization","name":"Capgemini Spain","logo":""},"keywords":[],"dateCreated":"2022-03-17T06:34:20Z","datePublished":"2022-03-17T06:34:20Z","dateModified":"2025-03-12T06:16:38Z"},"rendered":"<meta name=\"parsely-title\" content=\"IA para Productos de Consumo y Retail\" \/>\n<meta name=\"parsely-link\" content=\"https:\/\/www.capgemini.com\/es-es\/soluciones\/ia-para-productos-de-consumo-y-retail\/\" \/>\n<meta name=\"parsely-type\" content=\"index\" \/>\n<meta name=\"parsely-pub-date\" content=\"2022-03-17T06:34:20Z\" \/>\n<meta name=\"parsely-section\" content=\"Uncategorized\" \/>","tracker_url":"https:\/\/cdn.parsely.com\/keys\/capgemini.com\/p.js"},"archive_status":false,"featured_image_src":"https:\/\/www.capgemini.com\/es-es\/wp-content\/themes\/capgemini2025\/assets\/images\/mockup.png","featured_image_alt":"","jetpack_sharing_enabled":true,"distributor_meta":false,"distributor_terms":false,"distributor_media":false,"distributor_original_site_name":"Capgemini Spain","distributor_original_site_url":"https:\/\/www.capgemini.com\/es-es","push-errors":false,"_links":{"self":[{"href":"https:\/\/www.capgemini.com\/es-es\/wp-json\/wp\/v2\/pages\/5426","targetHints":{"allow":["GET"]}}],"collection":[{"href":"https:\/\/www.capgemini.com\/es-es\/wp-json\/wp\/v2\/pages"}],"about":[{"href":"https:\/\/www.capgemini.com\/es-es\/wp-json\/wp\/v2\/types\/page"}],"author":[{"embeddable":true,"href":"https:\/\/www.capgemini.com\/es-es\/wp-json\/wp\/v2\/users\/35"}],"replies":[{"embeddable":true,"href":"https:\/\/www.capgemini.com\/es-es\/wp-json\/wp\/v2\/comments?post=5426"}],"version-history":[{"count":3,"href":"https:\/\/www.capgemini.com\/es-es\/wp-json\/wp\/v2\/pages\/5426\/revisions"}],"predecessor-version":[{"id":567736,"href":"https:\/\/www.capgemini.com\/es-es\/wp-json\/wp\/v2\/pages\/5426\/revisions\/567736"}],"up":[{"embeddable":true,"href":"https:\/\/www.capgemini.com\/es-es\/wp-json\/wp\/v2\/pages\/537594"}],"wp:featuredmedia":[{"embeddable":true,"href":"https:\/\/www.capgemini.com\/es-es\/wp-json\/"}],"wp:attachment":[{"href":"https:\/\/www.capgemini.com\/es-es\/wp-json\/wp\/v2\/media?parent=5426"}],"wp:term":[{"taxonomy":"brand","embeddable":true,"href":"https:\/\/www.capgemini.com\/es-es\/wp-json\/wp\/v2\/brand?post=5426"},{"taxonomy":"partner_type","embeddable":true,"href":"https:\/\/www.capgemini.com\/es-es\/wp-json\/wp\/v2\/partner_type?post=5426"},{"taxonomy":"service","embeddable":true,"href":"https:\/\/www.capgemini.com\/es-es\/wp-json\/wp\/v2\/service?post=5426"},{"taxonomy":"industry","embeddable":true,"href":"https:\/\/www.capgemini.com\/es-es\/wp-json\/wp\/v2\/industry?post=5426"},{"taxonomy":"partners","embeddable":true,"href":"https:\/\/www.capgemini.com\/es-es\/wp-json\/wp\/v2\/partners?post=5426"},{"taxonomy":"page-type","embeddable":true,"href":"https:\/\/www.capgemini.com\/es-es\/wp-json\/wp\/v2\/page-type?post=5426"},{"taxonomy":"content-group","embeddable":true,"href":"https:\/\/www.capgemini.com\/es-es\/wp-json\/wp\/v2\/content-group?post=5426"}],"curies":[{"name":"wp","href":"https:\/\/api.w.org\/{rel}","templated":true}]}}