{"id":5414,"date":"2022-03-21T11:19:21","date_gmt":"2022-03-21T11:19:21","guid":{"rendered":"https:\/\/www.capgemini.com\/?page_id=662510"},"modified":"2025-12-04T19:15:39","modified_gmt":"2025-12-04T18:15:39","slug":"intelligent-cockpit","status":"publish","type":"page","link":"https:\/\/www.capgemini.com\/es-es\/soluciones\/intelligent-cockpit\/","title":{"rendered":"Intelligent Cockpit"},"content":{"rendered":"\n<header class=\"wp-block-cg-blocks-hero-reusable header heroReusable  \"><div class=\"header-bgs\"><picture><source srcset=\"https:\/\/www.capgemini.com\/wp-content\/uploads\/2022\/04\/Capgemini_Solutions_Intelligent-Cockpit.jpg?w=2880&amp;quality=70 1x, https:\/\/www.capgemini.com\/wp-content\/uploads\/2022\/04\/Capgemini_Solutions_Intelligent-Cockpit.jpg?w=2880&amp;quality=70 2x\" media=\"(min-width: 1500px)\"\/><source srcset=\"https:\/\/www.capgemini.com\/wp-content\/uploads\/2022\/04\/Capgemini_Solutions_Intelligent-Cockpit.jpg?w=1440&amp;quality=70 1x, https:\/\/www.capgemini.com\/wp-content\/uploads\/2022\/04\/Capgemini_Solutions_Intelligent-Cockpit.jpg?w=2880&amp;quality=70 2x\" media=\"(min-width: 992px)\"\/><source srcset=\"https:\/\/www.capgemini.com\/wp-content\/uploads\/2022\/04\/Capgemini_Solutions_Intelligent-Cockpit.jpg?w=1024&amp;quality=70 1x, https:\/\/www.capgemini.com\/wp-content\/uploads\/2022\/04\/Capgemini_Solutions_Intelligent-Cockpit.jpg?w=1024&amp;quality=70 2x\" media=\"(min-width: 768px)\"\/><source srcset=\"https:\/\/www.capgemini.com\/wp-content\/uploads\/2022\/04\/Capgemini_Solutions_Intelligent-Cockpit.jpg?w=768&amp;quality=70 1x, https:\/\/www.capgemini.com\/wp-content\/uploads\/2022\/04\/Capgemini_Solutions_Intelligent-Cockpit.jpg?w=768&amp;quality=70 2x\" media=\"(min-width: 0)\"\/><img decoding=\"async\" src=\"https:\/\/www.capgemini.com\/wp-content\/uploads\/2022\/04\/Capgemini_Solutions_Intelligent-Cockpit.jpg\" class=\"header-img header-img-d\" alt=\"\" style=\"object-fit:cover;object-position:50% 50%\" loading=\"eager\"\/><\/picture><\/div><div class=\"heroPictureCardHeaderShape\"><\/div><div class=\"container\"><div class=\"row\"><div class=\"col-md-12\"><div class=\"box\"><div class=\"boxTagWrapper\"><div class=\"tagInfo\"><div><span class=\"box-tag\">Soluci\u00f3n<\/span><\/div><\/div><\/div><div class=\"box-title\"><h1 data-maxlength=\"34\">Intelligent Cockpit<\/h1><\/div><div class=\"inner-row-insight download-btn\"><\/div><\/div><\/div><\/div><\/div><\/header>\n\n\n\n<section class=\"wp-block-cg-blocks-intro-para undefined section section--intro\"><div class=\"intro-para\"><div class=\"container\"><div class=\"row\"><div class=\"col-12 col-md-1\"><nav class=\"article-social\"><ul class=\"social-nav\"><li class=\"ip-order-fb\"><a href=\"https:\/\/www.facebook.com\/sharer\/sharer.php?u=https:\/\/www.capgemini.com\/es-es\/soluciones\/intelligent-cockpit\/\" target=\"_blank\" rel=\"noopener noreferrer\" title=\"abrir en una nueva ventana\"><i aria-hidden=\"true\" class=\"icon-fb\"><\/i><span class=\"sr-only\">Facebook<\/span><\/a><\/li><li class=\"ip-order-li\"><a href=\"https:\/\/www.linkedin.com\/sharing\/share-offsite\/?url=https:\/\/www.capgemini.com\/es-es\/soluciones\/intelligent-cockpit\/\" target=\"_blank\" rel=\"noopener noreferrer\" title=\"abrir en una nueva ventana\"><i aria-hidden=\"true\" class=\"icon-li\"><\/i><span class=\"sr-only\">Linkedin<\/span><\/a><\/li><\/ul><\/nav><\/div><div class=\"col-12 col-md-11 col-lg-10\"><h2 class=\"intro-para-title\">Intelligent Cockpit es una oferta global para OEMs y Tier1s del sector de la automoci\u00f3n que crea una nueva experiencia de usuario en la cabina, proporcionando conocimientos y activos para acelerar su viaje hacia el Cockpit digital inmersivo de nueva generaci\u00f3n.<\/h2><p class=\"intro-para-content\">La evoluci\u00f3n del Cockpit de nueva generaci\u00f3n, desde la experiencia del usuario en el habit\u00e1culo hasta la experiencia digital inmersiva, supone un reto para los OEM y los Tier1. La reducci\u00f3n de la complejidad del puesto de conducci\u00f3n mediante la agrupaci\u00f3n de m\u00faltiples funciones en una \u00fanica unidad de control requiere una transici\u00f3n hacia un enfoque \u00e1gil. Hoy en d\u00eda, esta cuesti\u00f3n es crucial para ofrecer informaci\u00f3n significativa al conductor y contenido de entretenimiento a los pasajeros. Capgemini Engineering ofrece soluciones dedicadas al Cockpit de nueva generaci\u00f3n, proporcionando conocimientos y activos para acelerar el viaje del Cockpit inteligente.<\/p><\/div><\/div><\/div><\/div><\/section>\n\n\n\n<section class=\"wp-block-cg-blocks-how-we-do-it section section--howwedoit block-howwedoit\"><div class=\"container\"><div><div class=\"content-title\"><h2 data-maxlength=\"72\" class=\"expandable-heading-tag\">Qu\u00e9 hacemos<\/h2><\/div><p><\/p><\/div><div class=\"section-content\">\n<div class=\"wp-block-cg-blocks-card-howwedoit expanders\"><div class=\"box card-regulated-agreements card-howwedoit\"><div class=\"expander-box filter-box tag-active \"><div class=\"expander-title\" tabindex=\"0\" role=\"button\" aria-pressed=\"false\" aria-expanded=\"false\"><h3 class=\"expander-heading-title\">Experiencia de usuario y dise\u00f1o<\/h3><\/div><div class=\"expander-subtitle\"><p class=\"small-description\">Descubrir, enfocar y dise\u00f1ar: Centrarse en la identificaci\u00f3n de oportunidades de negocio creando grandes productos y experiencias significativas.<\/p><\/div><div class=\"expander-content\"><p>Nuestra experiencia en el dise\u00f1o de la experiencia del usuario y la estrategia permiten un enfoque integrado, desde la ideaci\u00f3n hasta el producto, la creaci\u00f3n de prototipos, incluyendo el uso, las tecnolog\u00edas y los modelos de negocio:<br><br>&#8211; HMI UX\/UI Dise\u00f1o y Estrategia<br>&#8211; Prototipo de HMI<br>&#8211; SW de HMI para IC, Infotainment, HUD y AR, RSE<br>&#8211; Integraci\u00f3n\/implementaci\u00f3n de m\u00faltiples pantallas<br>&#8211; Integraci\u00f3n de realidad aumentada\/realidad virtual, reconocimiento y control de voz<br>&#8211; Optimizaci\u00f3n de gr\u00e1ficos en el objetivo (arranque, rendimiento)<br>&#8211; Simulaciones para Infotainment &amp; Clusters<br>&#8211; Verificaci\u00f3n y validaci\u00f3n de HMI<br><br>Desarrollamos todas las aplicaciones web y m\u00f3viles conectadas de cara al cliente y apoyamos a los OEM en las relaciones con los clientes mediante el desarrollo de aplicaciones web para la planificaci\u00f3n y el control de los servicios OEM.<\/p><div class=\"bg-color video-align-right\"><div class=\"container\"><div class=\"row video-align-left\"><div class=\"col-md-12\"><div class=\"video-align-left row box box--4 box--mini\"><div class=\"col-md-3\"><\/div><div class=\"col-md-8 box-img-wrapper\"><div class=\"video-box\"><\/div><\/div><\/div><\/div><\/div><\/div><\/div><div class=\"content-more\"><\/div><\/div><\/div><\/div><\/div>\n\n\n\n<div class=\"wp-block-cg-blocks-card-howwedoit expanders\"><div class=\"box card-regulated-agreements card-howwedoit\"><div class=\"expander-box filter-box tag-active \"><div class=\"expander-title\" tabindex=\"0\" role=\"button\" aria-pressed=\"false\" aria-expanded=\"false\"><h4>Desarrollo e integraci\u00f3n de funciones<\/h4><\/div><div class=\"expander-subtitle\"><h5>Externalice las funciones no esenciales: Ofrecemos un desarrollo llave en mano para sus funciones no esenciales y actuamos como socio integrador para las nuevas caracter\u00edsticas.<\/h5><\/div><div class=\"expander-content\"><p>Desarrollamos la pr\u00f3xima generaci\u00f3n de sistemas de informaci\u00f3n y entretenimiento en el veh\u00edculo, ofreciendo a los conductores y a los pasajeros una experiencia mejorada en el veh\u00edculo y proporcionando a los fabricantes de equipos originales nuevas oportunidades de monetizaci\u00f3n.<br><br>Nuestra experiencia abarca desde los clusters anal\u00f3gicos hasta los clusters de instrumentos completamente digitales (FDC), los Head-Up-Displays (con AR\/VR) y los Cross-Domain Hubs (con integraci\u00f3n IVI).<br><br>Integramos funciones ADAS\/AD que mejoran activamente la navegaci\u00f3n, ayudando a prevenir muertes, lesiones y accidentes en la carretera.<br><br>Desarrollamos SW embebido para soportar la conectividad de los dispositivos a bordo a trav\u00e9s de Wi-Fi, LTE, 4G\/5G, Bluetooth, DSCR y RFID, sistemas telem\u00e1ticos, integraci\u00f3n de IoT y casos de uso V2X.<\/p><div class=\"bg-color video-align-right\"><div class=\"container\"><div class=\"row video-align-left\"><div class=\"col-md-12\"><div class=\"video-align-left row box box--4 box--mini\"><div class=\"col-md-3\"><\/div><div class=\"col-md-8 box-img-wrapper\"><div class=\"video-box\"><\/div><\/div><\/div><\/div><\/div><\/div><\/div><div class=\"content-more\"><\/div><\/div><\/div><\/div><\/div>\n\n\n\n<div class=\"wp-block-cg-blocks-card-howwedoit expanders\"><div class=\"box card-regulated-agreements card-howwedoit\"><div class=\"expander-box filter-box tag-active \"><div class=\"expander-title\" tabindex=\"0\" role=\"button\" aria-pressed=\"false\" aria-expanded=\"false\"><h3 class=\"expander-heading-title\">Automatizaci\u00f3n digital de la validaci\u00f3n de sistemas<\/h3><\/div><div class=\"expander-subtitle\"><p class=\"small-description\">Mejorar y automatizar la validaci\u00f3n del sistema: Dominar la complejidad de la validaci\u00f3n de la cabina debido a las caracter\u00edsticas avanzadas de la misma.<\/p><\/div><div class=\"expander-content\"><p>Ideamos, dise\u00f1amos, desarrollamos y probamos sistemas y productos complejos, asumiendo la responsabilidad de proyectos completos de desarrollo de productos desde las ideas hasta el final de su vida \u00fatil o proporcionando experiencia puntual, activos y servicios en etapas espec\u00edficas del ciclo de vida.<br>Con el apoyo de los marcos de software y los aceleradores globales de Shore:<br><br>\u2022 Marco de automatizaci\u00f3n de pruebas inteligentes<br>\u2022 Visualizaci\u00f3n y etiquetado 3D de ADAS<br>\u2022 Inteligencia artificial para la validaci\u00f3n de HMI (VATA: Vision Assisted Test Automation)<br>\u2022 Android Automotive<br>\u2022 AUTOSAR &amp; Automotive Lab<br>\u2022 Plataforma CD\/CI SW<br>\u2022 Centro de Investigaci\u00f3n Aplicada (Vortex-CoLab)<\/p><div class=\"bg-color video-align-right\"><div class=\"container\"><div class=\"row video-align-left\"><div class=\"col-md-12\"><div class=\"video-align-left row box box--4 box--mini\"><div class=\"col-md-3\"><\/div><div class=\"col-md-8 box-img-wrapper\"><div class=\"video-box\"><\/div><\/div><\/div><\/div><\/div><\/div><\/div><div class=\"content-more\"><\/div><\/div><\/div><\/div><\/div>\n\n\n\n<div class=\"wp-block-cg-blocks-card-howwedoit expanders\"><div class=\"box card-regulated-agreements card-howwedoit\"><div class=\"expander-box filter-box tag-active \"><div class=\"expander-title\" tabindex=\"0\" role=\"button\" aria-pressed=\"false\" aria-expanded=\"false\"><h4>Centro de formaci\u00f3n global<\/h4><\/div><div class=\"expander-subtitle\"><h5>Dise\u00f1amos e impartimos formaci\u00f3n a medida para que sus equipos dominen las nuevas y futuras tecnolog\u00edas de Cockpit. <\/h5><\/div><div class=\"expander-content\"><p><a href=\"https:\/\/www.youtube.com\/watch?v=dME7BMM1KhA\" target=\"_blank\" rel=\"noreferrer noopener\">V\u00eddeo del Centro de Formaci\u00f3n Global<\/a><\/p><div class=\"bg-color video-align-right\"><div class=\"container\"><div class=\"row video-align-left\"><div class=\"col-md-12\"><div class=\"video-align-left row box box--4 box--mini\"><div class=\"col-md-3\"><\/div><div class=\"col-md-8 box-img-wrapper\"><div class=\"video-box\"><\/div><\/div><\/div><\/div><\/div><\/div><\/div><div class=\"content-more\"><\/div><\/div><\/div><\/div><\/div>\n<\/div><\/div><\/section>\n","protected":false},"excerpt":{"rendered":"","protected":false},"author":35,"featured_media":5415,"parent":537594,"menu_order":0,"comment_status":"closed","ping_status":"closed","template":"","meta":{"cg_dt_proposed_to":[0],"cg_seo_hreflang_relations":"[]","cg_seo_canonical_relation":"","cg_seo_hreflang_x_default_relation":"","cg_dt_approved_content":false,"cg_dt_mandatory_content":false,"cg_dt_notes":"","cg_dg_source_changed":false,"cg_dt_link_disabled":false,"_yoast_wpseo_primary_brand":"","footnotes":"","featured_focal_points":"","partner_card_description":"","gsap_animation":0},"brand":[],"partner_type":[],"service":[166],"industry":[25],"partners":[],"page-type":[339],"content-group":[],"class_list":["post-5414","page","type-page","status-publish","has-post-thumbnail","hentry","service-intelligent-industry","industry-automotive","page-type-solutions"],"yoast_head":"<!-- This site is optimized with the Yoast SEO Premium plugin v22.8 (Yoast SEO v22.8) - https:\/\/yoast.com\/wordpress\/plugins\/seo\/ -->\n<title>Intelligent Cockpit - Capgemini Spain<\/title>\n<meta name=\"description\" content=\"Intelligent Cockpit es una oferta global para OEMs y Tier1s de automoci\u00f3n que crea una nueva experiencia de usuario en la cabina, proporcionando conocimientos y activos para acelerar su ...\" \/>\n<meta name=\"robots\" content=\"index, follow, max-snippet:-1, max-image-preview:large, max-video-preview:-1\" \/>\n<link rel=\"canonical\" href=\"https:\/\/www.capgemini.com\/es-es\/soluciones\/intelligent-cockpit\/\" \/>\n<meta property=\"og:locale\" content=\"es_ES\" \/>\n<meta property=\"og:type\" content=\"article\" \/>\n<meta property=\"og:title\" content=\"Intelligent Cockpit\" \/>\n<meta property=\"og:description\" content=\"Intelligent Cockpit es una oferta global para OEMs y Tier1s de automoci\u00f3n que crea una nueva experiencia de usuario en la cabina, proporcionando conocimientos y activos para acelerar su ...\" \/>\n<meta property=\"og:url\" content=\"https:\/\/www.capgemini.com\/es-es\/soluciones\/intelligent-cockpit\/\" \/>\n<meta property=\"og:site_name\" content=\"Capgemini Spain\" \/>\n<meta property=\"article:modified_time\" content=\"2025-12-04T18:15:39+00:00\" \/>\n<meta property=\"og:image\" content=\"https:\/\/www.capgemini.com\/es-es\/wp-content\/uploads\/sites\/16\/2025\/10\/New-Web-preview-global.jpg\" \/>\n\t<meta property=\"og:image:width\" content=\"1200\" \/>\n\t<meta property=\"og:image:height\" content=\"627\" \/>\n\t<meta property=\"og:image:type\" content=\"image\/jpeg\" \/>\n<meta name=\"twitter:card\" content=\"summary_large_image\" \/>\n<script type=\"application\/ld+json\" class=\"yoast-schema-graph\">{\"@context\":\"https:\/\/schema.org\",\"@graph\":[{\"@type\":\"WebPage\",\"@id\":\"https:\/\/www.capgemini.com\/es-es\/soluciones\/intelligent-cockpit\/\",\"url\":\"https:\/\/www.capgemini.com\/es-es\/soluciones\/intelligent-cockpit\/\",\"name\":\"Intelligent Cockpit - Capgemini Spain\",\"isPartOf\":{\"@id\":\"https:\/\/www.capgemini.com\/es-es\/#website\"},\"primaryImageOfPage\":{\"@id\":\"https:\/\/www.capgemini.com\/es-es\/soluciones\/intelligent-cockpit\/#primaryimage\"},\"image\":{\"@id\":\"https:\/\/www.capgemini.com\/es-es\/soluciones\/intelligent-cockpit\/#primaryimage\"},\"thumbnailUrl\":\"\",\"datePublished\":\"2022-03-21T11:19:21+00:00\",\"dateModified\":\"2025-12-04T18:15:39+00:00\",\"description\":\"Intelligent Cockpit es una oferta global para OEMs y Tier1s de automoci\u00f3n que crea una nueva experiencia de usuario en la cabina, proporcionando conocimientos y activos para acelerar su ...\",\"breadcrumb\":{\"@id\":\"https:\/\/www.capgemini.com\/es-es\/soluciones\/intelligent-cockpit\/#breadcrumb\"},\"inLanguage\":\"es-ES\",\"potentialAction\":[{\"@type\":\"ReadAction\",\"target\":[\"https:\/\/www.capgemini.com\/es-es\/soluciones\/intelligent-cockpit\/\"]}]},{\"@type\":\"ImageObject\",\"inLanguage\":\"es-ES\",\"@id\":\"https:\/\/www.capgemini.com\/es-es\/soluciones\/intelligent-cockpit\/#primaryimage\",\"url\":\"\",\"contentUrl\":\"\"},{\"@type\":\"BreadcrumbList\",\"@id\":\"https:\/\/www.capgemini.com\/es-es\/soluciones\/intelligent-cockpit\/#breadcrumb\",\"itemListElement\":[{\"@type\":\"ListItem\",\"position\":1,\"name\":\"Home\",\"item\":\"https:\/\/www.capgemini.com\/es-es\/\"},{\"@type\":\"ListItem\",\"position\":2,\"name\":\"Soluciones\",\"item\":\"https:\/\/www.capgemini.com\/es-es\/soluciones\/\"},{\"@type\":\"ListItem\",\"position\":3,\"name\":\"Intelligent Cockpit\"}]},{\"@type\":\"WebSite\",\"@id\":\"https:\/\/www.capgemini.com\/es-es\/#website\",\"url\":\"https:\/\/www.capgemini.com\/es-es\/\",\"name\":\"Capgemini Espa\u00f1a\",\"description\":\"Capgemini\",\"potentialAction\":[{\"@type\":\"SearchAction\",\"target\":{\"@type\":\"EntryPoint\",\"urlTemplate\":\"https:\/\/www.capgemini.com\/es-es\/?s={search_term_string}\"},\"query-input\":\"required name=search_term_string\"}],\"inLanguage\":\"es-ES\"}]}<\/script>\n<!-- \/ Yoast SEO Premium plugin. -->","yoast_head_json":{"title":"Intelligent Cockpit - Capgemini Spain","description":"Intelligent Cockpit es una oferta global para OEMs y Tier1s de automoci\u00f3n que crea una nueva experiencia de usuario en la cabina, proporcionando conocimientos y activos para acelerar su ...","robots":{"index":"index","follow":"follow","max-snippet":"max-snippet:-1","max-image-preview":"max-image-preview:large","max-video-preview":"max-video-preview:-1"},"canonical":"https:\/\/www.capgemini.com\/es-es\/soluciones\/intelligent-cockpit\/","og_locale":"es_ES","og_type":"article","og_title":"Intelligent Cockpit","og_description":"Intelligent Cockpit es una oferta global para OEMs y Tier1s de automoci\u00f3n que crea una nueva experiencia de usuario en la cabina, proporcionando conocimientos y activos para acelerar su ...","og_url":"https:\/\/www.capgemini.com\/es-es\/soluciones\/intelligent-cockpit\/","og_site_name":"Capgemini Spain","article_modified_time":"2025-12-04T18:15:39+00:00","og_image":[{"width":1200,"height":627,"url":"https:\/\/www.capgemini.com\/es-es\/wp-content\/uploads\/sites\/16\/2025\/10\/New-Web-preview-global.jpg","type":"image\/jpeg"}],"twitter_card":"summary_large_image","schema":{"@context":"https:\/\/schema.org","@graph":[{"@type":"WebPage","@id":"https:\/\/www.capgemini.com\/es-es\/soluciones\/intelligent-cockpit\/","url":"https:\/\/www.capgemini.com\/es-es\/soluciones\/intelligent-cockpit\/","name":"Intelligent Cockpit - Capgemini Spain","isPartOf":{"@id":"https:\/\/www.capgemini.com\/es-es\/#website"},"primaryImageOfPage":{"@id":"https:\/\/www.capgemini.com\/es-es\/soluciones\/intelligent-cockpit\/#primaryimage"},"image":{"@id":"https:\/\/www.capgemini.com\/es-es\/soluciones\/intelligent-cockpit\/#primaryimage"},"thumbnailUrl":"","datePublished":"2022-03-21T11:19:21+00:00","dateModified":"2025-12-04T18:15:39+00:00","description":"Intelligent Cockpit es una oferta global para OEMs y Tier1s de automoci\u00f3n que crea una nueva experiencia de usuario en la cabina, proporcionando conocimientos y activos para acelerar su ...","breadcrumb":{"@id":"https:\/\/www.capgemini.com\/es-es\/soluciones\/intelligent-cockpit\/#breadcrumb"},"inLanguage":"es-ES","potentialAction":[{"@type":"ReadAction","target":["https:\/\/www.capgemini.com\/es-es\/soluciones\/intelligent-cockpit\/"]}]},{"@type":"ImageObject","inLanguage":"es-ES","@id":"https:\/\/www.capgemini.com\/es-es\/soluciones\/intelligent-cockpit\/#primaryimage","url":"","contentUrl":""},{"@type":"BreadcrumbList","@id":"https:\/\/www.capgemini.com\/es-es\/soluciones\/intelligent-cockpit\/#breadcrumb","itemListElement":[{"@type":"ListItem","position":1,"name":"Home","item":"https:\/\/www.capgemini.com\/es-es\/"},{"@type":"ListItem","position":2,"name":"Soluciones","item":"https:\/\/www.capgemini.com\/es-es\/soluciones\/"},{"@type":"ListItem","position":3,"name":"Intelligent Cockpit"}]},{"@type":"WebSite","@id":"https:\/\/www.capgemini.com\/es-es\/#website","url":"https:\/\/www.capgemini.com\/es-es\/","name":"Capgemini Espa\u00f1a","description":"Capgemini","potentialAction":[{"@type":"SearchAction","target":{"@type":"EntryPoint","urlTemplate":"https:\/\/www.capgemini.com\/es-es\/?s={search_term_string}"},"query-input":"required name=search_term_string"}],"inLanguage":"es-ES"}]}},"brand_term":[],"parsely":{"version":"1.1.0","canonical_url":"https:\/\/capgemini.com\/es-es\/soluciones\/intelligent-cockpit\/","smart_links":{"inbound":0,"outbound":0},"traffic_boost_suggestions_count":0,"meta":{"@context":"https:\/\/schema.org","@type":"WebPage","headline":"Intelligent Cockpit","url":"https:\/\/www.capgemini.com\/es-es\/soluciones\/intelligent-cockpit\/","mainEntityOfPage":{"@type":"WebPage","@id":"https:\/\/www.capgemini.com\/es-es\/soluciones\/intelligent-cockpit\/"},"thumbnailUrl":"","image":{"@type":"ImageObject","url":""},"articleSection":"Uncategorized","author":[],"creator":[],"publisher":{"@type":"Organization","name":"Capgemini Spain","logo":""},"keywords":[],"dateCreated":"2022-03-21T11:19:21Z","datePublished":"2022-03-21T11:19:21Z","dateModified":"2025-12-04T18:15:39Z"},"rendered":"<meta name=\"parsely-title\" content=\"Intelligent Cockpit\" \/>\n<meta name=\"parsely-link\" content=\"https:\/\/www.capgemini.com\/es-es\/soluciones\/intelligent-cockpit\/\" \/>\n<meta name=\"parsely-type\" content=\"index\" \/>\n<meta name=\"parsely-pub-date\" content=\"2022-03-21T11:19:21Z\" \/>\n<meta name=\"parsely-section\" content=\"Uncategorized\" \/>","tracker_url":"https:\/\/cdn.parsely.com\/keys\/capgemini.com\/p.js"},"archive_status":false,"featured_image_src":"https:\/\/www.capgemini.com\/es-es\/wp-content\/themes\/capgemini2025\/assets\/images\/mockup.png","featured_image_alt":"","jetpack_sharing_enabled":true,"distributor_meta":false,"distributor_terms":false,"distributor_media":false,"distributor_original_site_name":"Capgemini Spain","distributor_original_site_url":"https:\/\/www.capgemini.com\/es-es","push-errors":false,"_links":{"self":[{"href":"https:\/\/www.capgemini.com\/es-es\/wp-json\/wp\/v2\/pages\/5414","targetHints":{"allow":["GET"]}}],"collection":[{"href":"https:\/\/www.capgemini.com\/es-es\/wp-json\/wp\/v2\/pages"}],"about":[{"href":"https:\/\/www.capgemini.com\/es-es\/wp-json\/wp\/v2\/types\/page"}],"author":[{"embeddable":true,"href":"https:\/\/www.capgemini.com\/es-es\/wp-json\/wp\/v2\/users\/35"}],"replies":[{"embeddable":true,"href":"https:\/\/www.capgemini.com\/es-es\/wp-json\/wp\/v2\/comments?post=5414"}],"version-history":[{"count":4,"href":"https:\/\/www.capgemini.com\/es-es\/wp-json\/wp\/v2\/pages\/5414\/revisions"}],"predecessor-version":[{"id":577410,"href":"https:\/\/www.capgemini.com\/es-es\/wp-json\/wp\/v2\/pages\/5414\/revisions\/577410"}],"up":[{"embeddable":true,"href":"https:\/\/www.capgemini.com\/es-es\/wp-json\/wp\/v2\/pages\/537594"}],"wp:featuredmedia":[{"embeddable":true,"href":"https:\/\/www.capgemini.com\/es-es\/wp-json\/"}],"wp:attachment":[{"href":"https:\/\/www.capgemini.com\/es-es\/wp-json\/wp\/v2\/media?parent=5414"}],"wp:term":[{"taxonomy":"brand","embeddable":true,"href":"https:\/\/www.capgemini.com\/es-es\/wp-json\/wp\/v2\/brand?post=5414"},{"taxonomy":"partner_type","embeddable":true,"href":"https:\/\/www.capgemini.com\/es-es\/wp-json\/wp\/v2\/partner_type?post=5414"},{"taxonomy":"service","embeddable":true,"href":"https:\/\/www.capgemini.com\/es-es\/wp-json\/wp\/v2\/service?post=5414"},{"taxonomy":"industry","embeddable":true,"href":"https:\/\/www.capgemini.com\/es-es\/wp-json\/wp\/v2\/industry?post=5414"},{"taxonomy":"partners","embeddable":true,"href":"https:\/\/www.capgemini.com\/es-es\/wp-json\/wp\/v2\/partners?post=5414"},{"taxonomy":"page-type","embeddable":true,"href":"https:\/\/www.capgemini.com\/es-es\/wp-json\/wp\/v2\/page-type?post=5414"},{"taxonomy":"content-group","embeddable":true,"href":"https:\/\/www.capgemini.com\/es-es\/wp-json\/wp\/v2\/content-group?post=5414"}],"curies":[{"name":"wp","href":"https:\/\/api.w.org\/{rel}","templated":true}]}}