{"id":5409,"date":"2022-03-21T13:38:40","date_gmt":"2022-03-21T13:38:40","guid":{"rendered":"https:\/\/www.capgemini.com\/?page_id=662706"},"modified":"2025-12-04T19:11:54","modified_gmt":"2025-12-04T18:11:54","slug":"soluciones-de-frameworks-de-software-para-conectividad-en-automocion","status":"publish","type":"page","link":"https:\/\/www.capgemini.com\/es-es\/soluciones\/soluciones-de-frameworks-de-software-para-conectividad-en-automocion\/","title":{"rendered":"Soluciones de frameworks de software para conectividad en automoci\u00f3n"},"content":{"rendered":"\n<header class=\"wp-block-cg-blocks-hero-reusable header heroReusable  \"><div class=\"header-bgs\"><picture><source srcset=\"https:\/\/www.capgemini.com\/wp-content\/uploads\/2022\/04\/Capgemini_Software-Framework-Solutions-for-Automotive-Connectivity.jpg?w=2880&amp;quality=70 1x, https:\/\/www.capgemini.com\/wp-content\/uploads\/2022\/04\/Capgemini_Software-Framework-Solutions-for-Automotive-Connectivity.jpg?w=2880&amp;quality=70 2x\" media=\"(min-width: 1500px)\"\/><source srcset=\"https:\/\/www.capgemini.com\/wp-content\/uploads\/2022\/04\/Capgemini_Software-Framework-Solutions-for-Automotive-Connectivity.jpg?w=1440&amp;quality=70 1x, https:\/\/www.capgemini.com\/wp-content\/uploads\/2022\/04\/Capgemini_Software-Framework-Solutions-for-Automotive-Connectivity.jpg?w=2880&amp;quality=70 2x\" media=\"(min-width: 992px)\"\/><source srcset=\"https:\/\/www.capgemini.com\/wp-content\/uploads\/2022\/04\/Capgemini_Software-Framework-Solutions-for-Automotive-Connectivity.jpg?w=1024&amp;quality=70 1x, https:\/\/www.capgemini.com\/wp-content\/uploads\/2022\/04\/Capgemini_Software-Framework-Solutions-for-Automotive-Connectivity.jpg?w=1024&amp;quality=70 2x\" media=\"(min-width: 768px)\"\/><source srcset=\"https:\/\/www.capgemini.com\/wp-content\/uploads\/2022\/04\/Capgemini_Software-Framework-Solutions-for-Automotive-Connectivity.jpg?w=768&amp;quality=70 1x, https:\/\/www.capgemini.com\/wp-content\/uploads\/2022\/04\/Capgemini_Software-Framework-Solutions-for-Automotive-Connectivity.jpg?w=768&amp;quality=70 2x\" media=\"(min-width: 0)\"\/><img decoding=\"async\" src=\"https:\/\/www.capgemini.com\/wp-content\/uploads\/2022\/04\/Capgemini_Software-Framework-Solutions-for-Automotive-Connectivity.jpg\" class=\"header-img header-img-d\" alt=\"\" style=\"object-fit:cover;object-position:47% 23%\" loading=\"eager\"\/><\/picture><\/div><div class=\"heroPictureCardHeaderShape\"><\/div><div class=\"container\"><div class=\"row\"><div class=\"col-md-12\"><div class=\"box\"><div class=\"boxTagWrapper\"><div class=\"tagInfo\"><div><span class=\"box-tag\">Soluci\u00f3n<\/span><\/div><\/div><\/div><div class=\"box-title\"><h1 data-maxlength=\"34\">Soluciones de frameworks de software para conectividad en automoci\u00f3n<\/h1><\/div><div class=\"inner-row-insight download-btn\"><\/div><\/div><\/div><\/div><\/div><\/header>\n\n\n\n<section class=\"wp-block-cg-blocks-intro-para undefined section section--intro\"><div class=\"intro-para\"><div class=\"container\"><div class=\"row\"><div class=\"col-12 col-md-1\"><nav class=\"article-social\"><ul class=\"social-nav\"><li class=\"ip-order-fb\"><a href=\"https:\/\/www.facebook.com\/sharer\/sharer.php?u=https:\/\/www.capgemini.com\/es-es\/soluciones\/soluciones-de-frameworks-de-software-para-conectividad-en-automocion\/\" target=\"_blank\" rel=\"noopener noreferrer\" title=\"abrir en una nueva ventana\"><i aria-hidden=\"true\" class=\"icon-fb\"><\/i><span class=\"sr-only\">Facebook<\/span><\/a><\/li><li class=\"ip-order-li\"><a href=\"https:\/\/www.linkedin.com\/sharing\/share-offsite\/?url=https:\/\/www.capgemini.com\/es-es\/soluciones\/soluciones-de-frameworks-de-software-para-conectividad-en-automocion\/\" target=\"_blank\" rel=\"noopener noreferrer\" title=\"abrir en una nueva ventana\"><i aria-hidden=\"true\" class=\"icon-li\"><\/i><span class=\"sr-only\">Linkedin<\/span><\/a><\/li><\/ul><\/nav><\/div><div class=\"col-12 col-md-11 col-lg-10\"><h2 class=\"intro-para-title\">Las soluciones de frameworks de software para la conectividad en el sector de la automoci\u00f3n reducen el tiempo de puesta en el mercado y aceleran las soluciones de conectividad para los Tier1, OEM y fabricantes de dispositivos inteligentes en el sector de la automoci\u00f3n. Incluyen soluciones inteligentes RSU V2X basadas en el edge.<\/h2><p class=\"intro-para-content\">El coche de pr\u00f3xima generaci\u00f3n genera una necesidad exponencial de conectividad fuera y dentro del veh\u00edculo. Estas soluciones desempe\u00f1ar\u00e1n un papel fundamental en el desarrollo de aplicaciones de movilidad inteligente y de conducci\u00f3n aut\u00f3noma.<br><br>En este sentido, ofrecemos componentes innovadores de software de\u00a0 automoci\u00f3n para sistemas cr\u00edticos, como vehicle-to-everything (V2X), para la conectividad externa, el audio-video bridging (AVB), as\u00ed como los stacks Bluetooth para la conectividad a bordo.<br><br>Adem\u00e1s, nuestra plataforma de edge ENSCONCE admite aplicaciones de edge basadas en V2X. La plataforma es compatible con las capacidades de la CPU y la GPU y proporciona un marco para desarrollar y embarcar aplicaciones virtualizadas o basadas en contenedores.<\/p><\/div><\/div><\/div><\/div><\/section>\n\n\n\n<section class=\"wp-block-cg-blocks-group undefined section section--article-content\"><div class=\"article-main-content\"><div class=\"container\"><div class=\"row\"><div class=\"col-12 col-md-11 col-lg-10 offset-md-1 offset-lg-1\"><div class=\"article-text article-quote-text\">\n<blockquote class=\"wp-block-quote is-layout-flow wp-block-quote-is-layout-flow\">\n<p>&#8220;En 2020, habr\u00e1 un doscientos cincuenta millones de veh\u00edculos conectados en la carretera, lo que permitir\u00e1 nuevos servicios y capacidades de conducci\u00f3n automatizada&#8221;<\/p>\n<cite>Gartner Inc<\/cite><\/blockquote>\n<\/div><\/div><\/div><\/div><\/div><\/section>\n\n\n\n<section class=\"wp-block-cg-blocks-how-we-do-it section section--howwedoit block-howwedoit\"><div class=\"container\"><div><div class=\"content-title\"><h2 data-maxlength=\"72\" class=\"expandable-heading-tag\">Qu\u00e9 hacemos<\/h2><\/div><p><\/p><\/div><div class=\"section-content\">\n<div class=\"wp-block-cg-blocks-card-howwedoit expanders\"><div class=\"box card-regulated-agreements card-howwedoit\"><div class=\"expander-box filter-box tag-active \"><div class=\"expander-title\" tabindex=\"0\" role=\"button\" aria-pressed=\"false\" aria-expanded=\"false\"><h3 class=\"expander-heading-title\">Veh\u00edculo to Everything &#8211; V2X<\/h3><\/div><div class=\"expander-subtitle\"><p class=\"small-description\">Nuestro stack de software V2X reduce el tiempo de lanzamiento al mercado para los Tier1 de automoci\u00f3n, los OEM y los proveedores de servicios de telecomunicaciones. Est\u00e1 dise\u00f1ado en torno a los est\u00e1ndares y plataformas de la industria.<\/p><\/div><div class=\"expander-content\"><p>Caracter\u00edsticas:<br>\u2022 Agn\u00f3stico de hardware, red y sistema operativo.<br>\u2022 Abstracci\u00f3n de la plataforma.<br>\u2022 Amplio conjunto de APIs.<br>\u2022 Interoperabilidad probada.<br>\u2022 Grado de automoci\u00f3n.<br>\u2022 Seguridad y privacidad.<br><br><\/p><ul class=\"box-list\"><li><a href=\"https:\/\/www.capgemini.com\/wp-content\/uploads\/2022\/03\/a-vehicle-to-everything-solution-for-connected-and-autonomous-vehicles_january-2022.pdf\" target=\"_blank\" rel=\"noreferrer noopener\">Folleto V2X STACK<\/a><\/li><\/ul><div class=\"bg-color video-align-right\"><div class=\"container\"><div class=\"row video-align-left\"><div class=\"col-md-12\"><div class=\"video-align-left row box box--4 box--mini\"><div class=\"col-md-3\"><\/div><div class=\"col-md-8 box-img-wrapper\"><div class=\"video-box\"><\/div><\/div><\/div><\/div><\/div><\/div><\/div><div class=\"content-more\"><\/div><\/div><\/div><\/div><\/div>\n\n\n\n<div class=\"wp-block-cg-blocks-card-howwedoit expanders\"><div class=\"box card-regulated-agreements card-howwedoit\"><div class=\"expander-box filter-box tag-active \"><div class=\"expander-title\" tabindex=\"0\" role=\"button\" aria-pressed=\"false\" aria-expanded=\"false\"><h4>Audio Video Bridging &#8211; AVB<\/h4><\/div><div class=\"expander-subtitle\"><h5>Nuestro AVB proporciona un paquete completo de protocolos AVB que permite servicios de transporte y sincronizaci\u00f3n a las aplicaciones multimedia con la calidad de servicio asociada.<\/h5><\/div><div class=\"expander-content\"><p>AVB permite a los OEM, Tier1, integradores de sistemas y proveedores de chips crear aplicaciones como los sistemas IVI, los sistemas avanzados de asistencia al conductor (ADAS), la seguridad y la monitorizaci\u00f3n.<br><br>Beneficios:<br>\u2022 API f\u00e1ciles de usar para crear aplicaciones de audio y v\u00eddeo end-point.<br>\u2022 Abstracci\u00f3n de la capa de hardware para facilitar la portabilidad y la integraci\u00f3n.<br>\u2022 Pueden funcionar simult\u00e1neamente varios emisores y receptores.<br>\u2022 Admite hardware time-stamping y HW traffic shaper.<br>\u2022 Configurable as grand mater or slave. Supports Best Master Clock.<br>\u2022 Implementaci\u00f3n de algoritmo (BMCA).<br>\u2022 Integrado con nuestro framework multimedia, que ofrece un amplio conjunto de c\u00f3decs de audio\/v\u00eddeo y stacks de streaming.<br><br><\/p><ul class=\"box-list\"><li><a href=\"https:\/\/www.capgemini.com\/wp-content\/uploads\/2022\/03\/audio-video-bridging-end-point-stack_january-2022.pdf\" target=\"_blank\" rel=\"noreferrer noopener\">Folleto Stack AVB<\/a><\/li><\/ul><div class=\"bg-color video-align-right\"><div class=\"container\"><div class=\"row video-align-left\"><div class=\"col-md-12\"><div class=\"video-align-left row box box--4 box--mini\"><div class=\"col-md-3\"><\/div><div class=\"col-md-8 box-img-wrapper\"><div class=\"video-box\"><\/div><\/div><\/div><\/div><\/div><\/div><\/div><div class=\"content-more\"><\/div><\/div><\/div><\/div><\/div>\n\n\n\n<div class=\"wp-block-cg-blocks-card-howwedoit expanders\"><div class=\"box card-regulated-agreements card-howwedoit\"><div class=\"expander-box filter-box tag-active \"><div class=\"expander-title\" tabindex=\"0\" role=\"button\" aria-pressed=\"false\" aria-expanded=\"false\"><h3 class=\"expander-heading-title\">Bluetooth<\/h3><\/div><div class=\"expander-subtitle\"><p class=\"small-description\">Nuestra suite Betula Bluetooth simplifica la implementaci\u00f3n de Bluetooth en una amplia gama de aplicaciones. El SDK Betula proporciona una plataforma API de alto nivel y f\u00e1cil de usar.<\/p><\/div><div class=\"expander-content\"><p>La plataforma encapsula todos los detalles de Bluetooth, abstray\u00e9ndolos del nivel de programaci\u00f3n de la aplicaci\u00f3n. As\u00ed, los programadores no necesitan ser expertos en Bluetooth.<br><br>La implementaci\u00f3n del SDK de Betula es estrictamente modular. Esto significa que el dise\u00f1o es verificable y se puede mantener. Tambi\u00e9n facilita la actualizaci\u00f3n din\u00e1mica de los m\u00f3dulos de software. Por \u00faltimo, el SDK de Betula soporta sistemas operativos multiproceso y permite la partici\u00f3n en sistemas distribuidos.<br><\/p><ul class=\"box-list\"><li><a href=\"https:\/\/www.capgemini.com\/wp-content\/uploads\/2022\/03\/capgemini-engineering-betula-stack-brochure_january-2022.pdf\" target=\"_blank\" rel=\"noreferrer noopener\">Betula Bluetooth Suite<\/a><\/li><\/ul><div class=\"bg-color video-align-right\"><div class=\"container\"><div class=\"row video-align-left\"><div class=\"col-md-12\"><div class=\"video-align-left row box box--4 box--mini\"><div class=\"col-md-3\"><\/div><div class=\"col-md-8 box-img-wrapper\"><div class=\"video-box\"><\/div><\/div><\/div><\/div><\/div><\/div><\/div><div class=\"content-more\"><\/div><\/div><\/div><\/div><\/div>\n\n\n\n<div class=\"wp-block-cg-blocks-card-howwedoit expanders\"><div class=\"box card-regulated-agreements card-howwedoit\"><div class=\"expander-box filter-box tag-active \"><div class=\"expander-title\" tabindex=\"0\" role=\"button\" aria-pressed=\"false\" aria-expanded=\"false\"><h3 class=\"expander-heading-title\">RSU inteligente<\/h3><\/div><div class=\"expander-content\"><p>Basada en nuestra plataforma ENSCONCE Edge para aplicaciones edge de baja latencia. Esta extensi\u00f3n de RAN 5G y de visi\u00f3n por ordenador admite casos de uso de ciudades inteligentes e intersecciones. <\/p><div class=\"bg-color video-align-right\"><div class=\"container\"><div class=\"row video-align-left\"><div class=\"col-md-12\"><div class=\"video-align-left row box box--4 box--mini\"><div class=\"col-md-3\"><\/div><div class=\"col-md-8 box-img-wrapper\"><div class=\"video-box\"><\/div><\/div><\/div><\/div><\/div><\/div><\/div><div class=\"content-more\"><\/div><\/div><\/div><\/div><\/div>\n\n\n\n<div class=\"wp-block-cg-blocks-card-howwedoit expanders\"><div class=\"box card-regulated-agreements card-howwedoit\"><div class=\"expander-box filter-box tag-active \"><div class=\"expander-title\" tabindex=\"0\" role=\"button\" aria-pressed=\"false\" aria-expanded=\"false\"><h3 class=\"expander-heading-title\">Framework Multimedia &#8211; MMFR<\/h3><\/div><div class=\"expander-content\"><p>Nuestro MMFR viene preempaquetado con CODEC multimedia y stacks de streaming que aceleran el lanzamiento de unidades principales y cockpits autom\u00e1ticos diferenciados.<\/p><div class=\"bg-color video-align-right\"><div class=\"container\"><div class=\"row video-align-left\"><div class=\"col-md-12\"><div class=\"video-align-left row box box--4 box--mini\"><div class=\"col-md-3\"><\/div><div class=\"col-md-8 box-img-wrapper\"><div class=\"video-box\"><\/div><\/div><\/div><\/div><\/div><\/div><\/div><div class=\"content-more\"><\/div><\/div><\/div><\/div><\/div>\n<\/div><\/div><\/section>\n","protected":false},"excerpt":{"rendered":"","protected":false},"author":35,"featured_media":5410,"parent":537594,"menu_order":0,"comment_status":"closed","ping_status":"closed","template":"","meta":{"cg_dt_proposed_to":[0],"cg_seo_hreflang_relations":"[]","cg_seo_canonical_relation":"","cg_seo_hreflang_x_default_relation":"","cg_dt_approved_content":false,"cg_dt_mandatory_content":false,"cg_dt_notes":"","cg_dg_source_changed":false,"cg_dt_link_disabled":false,"_yoast_wpseo_primary_brand":"","footnotes":"","featured_focal_points":"{\"x\":\"0.35\",\"y\":\"0.43\"}","partner_card_description":"","gsap_animation":0},"brand":[],"partner_type":[],"service":[166],"industry":[25],"partners":[],"page-type":[339],"content-group":[],"class_list":["post-5409","page","type-page","status-publish","has-post-thumbnail","hentry","service-intelligent-industry","industry-automotive","page-type-solutions"],"yoast_head":"<!-- This site is optimized with the Yoast SEO Premium plugin v22.8 (Yoast SEO v22.8) - https:\/\/yoast.com\/wordpress\/plugins\/seo\/ -->\n<title>Soluciones de frameworks de software para conectividad en automoci\u00f3n - Capgemini Spain<\/title>\n<meta name=\"description\" content=\"Las soluciones de frameworks de software para la conectividad en el sector de la automoci\u00f3n reducen el tiempo de puesta en el mercado y aceleran las soluciones de conectividad\" \/>\n<meta name=\"robots\" content=\"index, follow, max-snippet:-1, max-image-preview:large, max-video-preview:-1\" \/>\n<link rel=\"canonical\" href=\"https:\/\/www.capgemini.com\/es-es\/soluciones\/soluciones-de-frameworks-de-software-para-conectividad-en-automocion\/\" \/>\n<meta property=\"og:locale\" content=\"es_ES\" \/>\n<meta property=\"og:type\" content=\"article\" \/>\n<meta property=\"og:title\" content=\"Soluciones de frameworks de software para conectividad en automoci\u00f3n\" \/>\n<meta property=\"og:description\" content=\"Las soluciones de frameworks de software para la conectividad en el sector de la automoci\u00f3n reducen el tiempo de puesta en el mercado y aceleran las soluciones de conectividad\" \/>\n<meta property=\"og:url\" content=\"https:\/\/www.capgemini.com\/es-es\/soluciones\/soluciones-de-frameworks-de-software-para-conectividad-en-automocion\/\" \/>\n<meta property=\"og:site_name\" content=\"Capgemini Spain\" \/>\n<meta property=\"article:modified_time\" content=\"2025-12-04T18:11:54+00:00\" \/>\n<meta property=\"og:image\" content=\"https:\/\/www.capgemini.com\/es-es\/wp-content\/uploads\/sites\/16\/2025\/10\/New-Web-preview-global.jpg\" \/>\n\t<meta property=\"og:image:width\" content=\"1200\" \/>\n\t<meta property=\"og:image:height\" content=\"627\" \/>\n\t<meta property=\"og:image:type\" content=\"image\/jpeg\" \/>\n<meta name=\"twitter:card\" content=\"summary_large_image\" \/>\n<meta name=\"twitter:label1\" content=\"Est. reading time\" \/>\n\t<meta name=\"twitter:data1\" content=\"3 minutes\" \/>\n<script type=\"application\/ld+json\" class=\"yoast-schema-graph\">{\"@context\":\"https:\/\/schema.org\",\"@graph\":[{\"@type\":\"WebPage\",\"@id\":\"https:\/\/www.capgemini.com\/es-es\/soluciones\/soluciones-de-frameworks-de-software-para-conectividad-en-automocion\/\",\"url\":\"https:\/\/www.capgemini.com\/es-es\/soluciones\/soluciones-de-frameworks-de-software-para-conectividad-en-automocion\/\",\"name\":\"Soluciones de frameworks de software para conectividad en automoci\u00f3n - Capgemini Spain\",\"isPartOf\":{\"@id\":\"https:\/\/www.capgemini.com\/es-es\/#website\"},\"primaryImageOfPage\":{\"@id\":\"https:\/\/www.capgemini.com\/es-es\/soluciones\/soluciones-de-frameworks-de-software-para-conectividad-en-automocion\/#primaryimage\"},\"image\":{\"@id\":\"https:\/\/www.capgemini.com\/es-es\/soluciones\/soluciones-de-frameworks-de-software-para-conectividad-en-automocion\/#primaryimage\"},\"thumbnailUrl\":\"\",\"datePublished\":\"2022-03-21T13:38:40+00:00\",\"dateModified\":\"2025-12-04T18:11:54+00:00\",\"description\":\"Las soluciones de frameworks de software para la conectividad en el sector de la automoci\u00f3n reducen el tiempo de puesta en el mercado y aceleran las soluciones de conectividad\",\"breadcrumb\":{\"@id\":\"https:\/\/www.capgemini.com\/es-es\/soluciones\/soluciones-de-frameworks-de-software-para-conectividad-en-automocion\/#breadcrumb\"},\"inLanguage\":\"es-ES\",\"potentialAction\":[{\"@type\":\"ReadAction\",\"target\":[\"https:\/\/www.capgemini.com\/es-es\/soluciones\/soluciones-de-frameworks-de-software-para-conectividad-en-automocion\/\"]}]},{\"@type\":\"ImageObject\",\"inLanguage\":\"es-ES\",\"@id\":\"https:\/\/www.capgemini.com\/es-es\/soluciones\/soluciones-de-frameworks-de-software-para-conectividad-en-automocion\/#primaryimage\",\"url\":\"\",\"contentUrl\":\"\"},{\"@type\":\"BreadcrumbList\",\"@id\":\"https:\/\/www.capgemini.com\/es-es\/soluciones\/soluciones-de-frameworks-de-software-para-conectividad-en-automocion\/#breadcrumb\",\"itemListElement\":[{\"@type\":\"ListItem\",\"position\":1,\"name\":\"Home\",\"item\":\"https:\/\/www.capgemini.com\/es-es\/\"},{\"@type\":\"ListItem\",\"position\":2,\"name\":\"Soluciones\",\"item\":\"https:\/\/www.capgemini.com\/es-es\/soluciones\/\"},{\"@type\":\"ListItem\",\"position\":3,\"name\":\"Soluciones de frameworks de software para conectividad en automoci\u00f3n\"}]},{\"@type\":\"WebSite\",\"@id\":\"https:\/\/www.capgemini.com\/es-es\/#website\",\"url\":\"https:\/\/www.capgemini.com\/es-es\/\",\"name\":\"Capgemini Espa\u00f1a\",\"description\":\"Capgemini\",\"potentialAction\":[{\"@type\":\"SearchAction\",\"target\":{\"@type\":\"EntryPoint\",\"urlTemplate\":\"https:\/\/www.capgemini.com\/es-es\/?s={search_term_string}\"},\"query-input\":\"required name=search_term_string\"}],\"inLanguage\":\"es-ES\"}]}<\/script>\n<!-- \/ Yoast SEO Premium plugin. -->","yoast_head_json":{"title":"Soluciones de frameworks de software para conectividad en automoci\u00f3n - Capgemini Spain","description":"Las soluciones de frameworks de software para la conectividad en el sector de la automoci\u00f3n reducen el tiempo de puesta en el mercado y aceleran las soluciones de conectividad","robots":{"index":"index","follow":"follow","max-snippet":"max-snippet:-1","max-image-preview":"max-image-preview:large","max-video-preview":"max-video-preview:-1"},"canonical":"https:\/\/www.capgemini.com\/es-es\/soluciones\/soluciones-de-frameworks-de-software-para-conectividad-en-automocion\/","og_locale":"es_ES","og_type":"article","og_title":"Soluciones de frameworks de software para conectividad en automoci\u00f3n","og_description":"Las soluciones de frameworks de software para la conectividad en el sector de la automoci\u00f3n reducen el tiempo de puesta en el mercado y aceleran las soluciones de conectividad","og_url":"https:\/\/www.capgemini.com\/es-es\/soluciones\/soluciones-de-frameworks-de-software-para-conectividad-en-automocion\/","og_site_name":"Capgemini Spain","article_modified_time":"2025-12-04T18:11:54+00:00","og_image":[{"width":1200,"height":627,"url":"https:\/\/www.capgemini.com\/es-es\/wp-content\/uploads\/sites\/16\/2025\/10\/New-Web-preview-global.jpg","type":"image\/jpeg"}],"twitter_card":"summary_large_image","twitter_misc":{"Est. reading time":"3 minutes"},"schema":{"@context":"https:\/\/schema.org","@graph":[{"@type":"WebPage","@id":"https:\/\/www.capgemini.com\/es-es\/soluciones\/soluciones-de-frameworks-de-software-para-conectividad-en-automocion\/","url":"https:\/\/www.capgemini.com\/es-es\/soluciones\/soluciones-de-frameworks-de-software-para-conectividad-en-automocion\/","name":"Soluciones de frameworks de software para conectividad en automoci\u00f3n - Capgemini Spain","isPartOf":{"@id":"https:\/\/www.capgemini.com\/es-es\/#website"},"primaryImageOfPage":{"@id":"https:\/\/www.capgemini.com\/es-es\/soluciones\/soluciones-de-frameworks-de-software-para-conectividad-en-automocion\/#primaryimage"},"image":{"@id":"https:\/\/www.capgemini.com\/es-es\/soluciones\/soluciones-de-frameworks-de-software-para-conectividad-en-automocion\/#primaryimage"},"thumbnailUrl":"","datePublished":"2022-03-21T13:38:40+00:00","dateModified":"2025-12-04T18:11:54+00:00","description":"Las soluciones de frameworks de software para la conectividad en el sector de la automoci\u00f3n reducen el tiempo de puesta en el mercado y aceleran las soluciones de conectividad","breadcrumb":{"@id":"https:\/\/www.capgemini.com\/es-es\/soluciones\/soluciones-de-frameworks-de-software-para-conectividad-en-automocion\/#breadcrumb"},"inLanguage":"es-ES","potentialAction":[{"@type":"ReadAction","target":["https:\/\/www.capgemini.com\/es-es\/soluciones\/soluciones-de-frameworks-de-software-para-conectividad-en-automocion\/"]}]},{"@type":"ImageObject","inLanguage":"es-ES","@id":"https:\/\/www.capgemini.com\/es-es\/soluciones\/soluciones-de-frameworks-de-software-para-conectividad-en-automocion\/#primaryimage","url":"","contentUrl":""},{"@type":"BreadcrumbList","@id":"https:\/\/www.capgemini.com\/es-es\/soluciones\/soluciones-de-frameworks-de-software-para-conectividad-en-automocion\/#breadcrumb","itemListElement":[{"@type":"ListItem","position":1,"name":"Home","item":"https:\/\/www.capgemini.com\/es-es\/"},{"@type":"ListItem","position":2,"name":"Soluciones","item":"https:\/\/www.capgemini.com\/es-es\/soluciones\/"},{"@type":"ListItem","position":3,"name":"Soluciones de frameworks de software para conectividad en automoci\u00f3n"}]},{"@type":"WebSite","@id":"https:\/\/www.capgemini.com\/es-es\/#website","url":"https:\/\/www.capgemini.com\/es-es\/","name":"Capgemini Espa\u00f1a","description":"Capgemini","potentialAction":[{"@type":"SearchAction","target":{"@type":"EntryPoint","urlTemplate":"https:\/\/www.capgemini.com\/es-es\/?s={search_term_string}"},"query-input":"required name=search_term_string"}],"inLanguage":"es-ES"}]}},"brand_term":[],"parsely":{"version":"1.1.0","canonical_url":"https:\/\/capgemini.com\/es-es\/soluciones\/soluciones-de-frameworks-de-software-para-conectividad-en-automocion\/","smart_links":{"inbound":0,"outbound":0},"traffic_boost_suggestions_count":0,"meta":{"@context":"https:\/\/schema.org","@type":"WebPage","headline":"Soluciones de frameworks de software para conectividad en automoci\u00f3n","url":"https:\/\/www.capgemini.com\/es-es\/soluciones\/soluciones-de-frameworks-de-software-para-conectividad-en-automocion\/","mainEntityOfPage":{"@type":"WebPage","@id":"https:\/\/www.capgemini.com\/es-es\/soluciones\/soluciones-de-frameworks-de-software-para-conectividad-en-automocion\/"},"thumbnailUrl":"","image":{"@type":"ImageObject","url":""},"articleSection":"Uncategorized","author":[],"creator":[],"publisher":{"@type":"Organization","name":"Capgemini Spain","logo":""},"keywords":[],"dateCreated":"2022-03-21T13:38:40Z","datePublished":"2022-03-21T13:38:40Z","dateModified":"2025-12-04T18:11:54Z"},"rendered":"<meta name=\"parsely-title\" content=\"Soluciones de frameworks de software para conectividad en automoci\u00f3n\" \/>\n<meta name=\"parsely-link\" content=\"https:\/\/www.capgemini.com\/es-es\/soluciones\/soluciones-de-frameworks-de-software-para-conectividad-en-automocion\/\" \/>\n<meta name=\"parsely-type\" content=\"index\" \/>\n<meta name=\"parsely-pub-date\" content=\"2022-03-21T13:38:40Z\" \/>\n<meta name=\"parsely-section\" content=\"Uncategorized\" \/>","tracker_url":"https:\/\/cdn.parsely.com\/keys\/capgemini.com\/p.js"},"archive_status":false,"featured_image_src":"https:\/\/www.capgemini.com\/es-es\/wp-content\/themes\/capgemini2025\/assets\/images\/mockup.png","featured_image_alt":"","jetpack_sharing_enabled":true,"distributor_meta":false,"distributor_terms":false,"distributor_media":false,"distributor_original_site_name":"Capgemini Spain","distributor_original_site_url":"https:\/\/www.capgemini.com\/es-es","push-errors":false,"_links":{"self":[{"href":"https:\/\/www.capgemini.com\/es-es\/wp-json\/wp\/v2\/pages\/5409","targetHints":{"allow":["GET"]}}],"collection":[{"href":"https:\/\/www.capgemini.com\/es-es\/wp-json\/wp\/v2\/pages"}],"about":[{"href":"https:\/\/www.capgemini.com\/es-es\/wp-json\/wp\/v2\/types\/page"}],"author":[{"embeddable":true,"href":"https:\/\/www.capgemini.com\/es-es\/wp-json\/wp\/v2\/users\/35"}],"replies":[{"embeddable":true,"href":"https:\/\/www.capgemini.com\/es-es\/wp-json\/wp\/v2\/comments?post=5409"}],"version-history":[{"count":3,"href":"https:\/\/www.capgemini.com\/es-es\/wp-json\/wp\/v2\/pages\/5409\/revisions"}],"predecessor-version":[{"id":577408,"href":"https:\/\/www.capgemini.com\/es-es\/wp-json\/wp\/v2\/pages\/5409\/revisions\/577408"}],"up":[{"embeddable":true,"href":"https:\/\/www.capgemini.com\/es-es\/wp-json\/wp\/v2\/pages\/537594"}],"wp:featuredmedia":[{"embeddable":true,"href":"https:\/\/www.capgemini.com\/es-es\/wp-json\/"}],"wp:attachment":[{"href":"https:\/\/www.capgemini.com\/es-es\/wp-json\/wp\/v2\/media?parent=5409"}],"wp:term":[{"taxonomy":"brand","embeddable":true,"href":"https:\/\/www.capgemini.com\/es-es\/wp-json\/wp\/v2\/brand?post=5409"},{"taxonomy":"partner_type","embeddable":true,"href":"https:\/\/www.capgemini.com\/es-es\/wp-json\/wp\/v2\/partner_type?post=5409"},{"taxonomy":"service","embeddable":true,"href":"https:\/\/www.capgemini.com\/es-es\/wp-json\/wp\/v2\/service?post=5409"},{"taxonomy":"industry","embeddable":true,"href":"https:\/\/www.capgemini.com\/es-es\/wp-json\/wp\/v2\/industry?post=5409"},{"taxonomy":"partners","embeddable":true,"href":"https:\/\/www.capgemini.com\/es-es\/wp-json\/wp\/v2\/partners?post=5409"},{"taxonomy":"page-type","embeddable":true,"href":"https:\/\/www.capgemini.com\/es-es\/wp-json\/wp\/v2\/page-type?post=5409"},{"taxonomy":"content-group","embeddable":true,"href":"https:\/\/www.capgemini.com\/es-es\/wp-json\/wp\/v2\/content-group?post=5409"}],"curies":[{"name":"wp","href":"https:\/\/api.w.org\/{rel}","templated":true}]}}