{"id":540856,"date":"2023-03-09T10:06:47","date_gmt":"2023-03-09T10:06:47","guid":{"rendered":"https:\/\/www.capgemini.com\/es-es\/?page_id=540856"},"modified":"2025-10-28T13:21:50","modified_gmt":"2025-10-28T12:21:50","slug":"politica-de-seguridad-de-la-informacion","status":"publish","type":"page","link":"https:\/\/www.capgemini.com\/es-es\/sobre-nosotros\/gestion-y-gobierno\/politicas\/politica-de-seguridad-de-la-informacion\/","title":{"rendered":"Pol\u00edtica de seguridad de la informaci\u00f3n"},"content":{"rendered":"\n<div class=\"wp-block-cg-blocks-hero-picture-card undefined  heroPictureCard\"><div class=\"heroPictureCardBgs\"><picture><source srcset=\"https:\/\/www.capgemini.com\/es-es\/wp-content\/uploads\/sites\/16\/2023\/02\/CIS-webpage.jpg?w=2880&amp;quality=70 1x, https:\/\/www.capgemini.com\/es-es\/wp-content\/uploads\/sites\/16\/2023\/02\/CIS-webpage.jpg?w=2880&amp;quality=70 2x\" media=\"(min-width: 1500px)\"\/><source srcset=\"https:\/\/www.capgemini.com\/es-es\/wp-content\/uploads\/sites\/16\/2023\/02\/CIS-webpage.jpg?w=1440&amp;quality=70 1x, https:\/\/www.capgemini.com\/es-es\/wp-content\/uploads\/sites\/16\/2023\/02\/CIS-webpage.jpg?w=2880&amp;quality=70 2x\" media=\"(min-width: 992px)\"\/><source srcset=\"https:\/\/www.capgemini.com\/es-es\/wp-content\/uploads\/sites\/16\/2023\/02\/CIS-webpage.jpg?w=1024&amp;quality=70 1x, https:\/\/www.capgemini.com\/es-es\/wp-content\/uploads\/sites\/16\/2023\/02\/CIS-webpage.jpg?w=1024&amp;quality=70 2x\" media=\"(min-width: 768px)\"\/><source srcset=\"https:\/\/www.capgemini.com\/es-es\/wp-content\/uploads\/sites\/16\/2023\/02\/CIS-webpage.jpg?w=768&amp;quality=70 1x, https:\/\/www.capgemini.com\/es-es\/wp-content\/uploads\/sites\/16\/2023\/02\/CIS-webpage.jpg?w=768&amp;quality=70 2x\" media=\"(min-width: 0)\"\/><img decoding=\"async\" src=\"https:\/\/www.capgemini.com\/es-es\/wp-content\/uploads\/sites\/16\/2023\/02\/CIS-webpage.jpg\" class=\"desktopImage\" alt=\"\" style=\"object-fit:cover;object-position:30% 30%\" loading=\"eager\"\/><\/picture><picture><source srcset=\"https:\/\/www.capgemini.com\/es-es\/wp-content\/uploads\/sites\/16\/2023\/02\/CIS-webpage.jpg?w=2880&amp;quality=70 1x, https:\/\/www.capgemini.com\/es-es\/wp-content\/uploads\/sites\/16\/2023\/02\/CIS-webpage.jpg?w=2880&amp;quality=70 2x\" media=\"(min-width: 1500px)\"\/><source srcset=\"https:\/\/www.capgemini.com\/es-es\/wp-content\/uploads\/sites\/16\/2023\/02\/CIS-webpage.jpg?w=1440&amp;quality=70 1x, https:\/\/www.capgemini.com\/es-es\/wp-content\/uploads\/sites\/16\/2023\/02\/CIS-webpage.jpg?w=2880&amp;quality=70 2x\" media=\"(min-width: 992px)\"\/><source srcset=\"https:\/\/www.capgemini.com\/es-es\/wp-content\/uploads\/sites\/16\/2023\/02\/CIS-webpage.jpg?w=1024&amp;quality=70 1x, https:\/\/www.capgemini.com\/es-es\/wp-content\/uploads\/sites\/16\/2023\/02\/CIS-webpage.jpg?w=1024&amp;quality=70 2x\" media=\"(min-width: 768px)\"\/><source srcset=\"https:\/\/www.capgemini.com\/es-es\/wp-content\/uploads\/sites\/16\/2023\/02\/CIS-webpage.jpg?w=768&amp;quality=70 1x, https:\/\/www.capgemini.com\/es-es\/wp-content\/uploads\/sites\/16\/2023\/02\/CIS-webpage.jpg?w=768&amp;quality=70 2x\" media=\"(min-width: 0)\"\/><img decoding=\"async\" src=\"https:\/\/www.capgemini.com\/es-es\/wp-content\/uploads\/sites\/16\/2023\/02\/CIS-webpage.jpg\" class=\"mobileImage\" alt=\"\" style=\"object-fit:cover;object-position:30% 30%\" loading=\"eager\"\/><\/picture><\/div><div class=\"heroPictureCardHeaderShape\"><\/div><div class=\"container\"><div class=\"row\"><div class=\"col-md-8 col-lg-6\"><div class=\"heroPictureCardBox\"><div class=\"heroPictureCardBoxTitle\"><h1 data-maxlength=\"144\">Pol\u00edtica de seguridad de la informaci\u00f3n<\/h1><\/div><\/div><\/div><\/div><\/div><div class=\"small-device\"><div class=\"brandLogoWrapper\"> <\/div><\/div><\/div>\n\n\n\n<section class=\"wp-block-cg-blocks-group undefined section section--article-content\"><div class=\"article-main-content\"><div class=\"container\"><div class=\"row\"><div class=\"col-12 col-md-11 col-lg-10 offset-md-1 offset-lg-1\"><div class=\"article-text article-quote-text\">\n<h3 class=\"wp-block-heading\" id=\"h-capgemini-espana-desea-proteger-sus-objetivos-de-negocio-clientes-y-partes-interesadas-ofreciendo-a-sus-trabajadores-colaboradores-proveedores-y-clientes-un-entorno-de-gestion-de-la-informacion-seguro\"><strong>Capgemini Espa\u00f1a desea proteger sus objetivos de negocio, clientes y partes interesadas ofreciendo a sus trabajadores, colaboradores, proveedores y clientes un entorno de gesti\u00f3n de la informaci\u00f3n seguro.<\/strong><\/h3>\n\n\n\n<p>Objetivos a cumplir:<\/p>\n\n\n\n<ul class=\"wp-block-list\">\n<li><strong>Confidencialidad<\/strong>: La informaci\u00f3n debe ser solo accesible a entidades autorizadas.<\/li>\n\n\n\n<li><strong>Integridad<\/strong>: la informaci\u00f3n no ha sido alterada de forma no autorizada.<\/li>\n\n\n\n<li><strong>Disponibilidad<\/strong>: una entidad tiene acceso a la informaci\u00f3n cuando lo requiere.<\/li>\n\n\n\n<li><strong>Autenticidad<\/strong>: una entidad es quien dice ser o bien garantiza la fuente de la que procede la informaci\u00f3n.<\/li>\n\n\n\n<li><strong>Trazabilidad<\/strong>: las acciones de una entidad pueden ser imputadas exclusivamente a esa entidad.<\/li>\n<\/ul>\n\n\n\n<p>Para ello dispone de una Pol\u00edtica de Seguridad de la Informaci\u00f3n:<\/p>\n\n\n\n<ul class=\"wp-block-list\">\n<li>Alineada con la organizaci\u00f3n del negocio, los requerimientos de seguridad de nuestros clientes, la legislaci\u00f3n aplicable y las buenas pr\u00e1cticas de la industria.<\/li>\n\n\n\n<li>Actualizada peri\u00f3dicamente de acuerdo con la gesti\u00f3n de riesgos de la compa\u00f1\u00eda y siguiendo su proceso de mejora continua.<\/li>\n<\/ul>\n\n\n\n<p>Capgemini Espa\u00f1a cuenta con un sistema de gesti\u00f3n de la seguridad de la informaci\u00f3n integrado en el sistema de gesti\u00f3n integral aprobado e impulsado por la direcci\u00f3n de la compa\u00f1\u00eda para el cumplimiento de su Pol\u00edtica de Seguridad de la Informaci\u00f3n.<\/p>\n\n\n\n<p>La Pol\u00edtica de Seguridad de la Informaci\u00f3n es obligatoria en Capgemini Espa\u00f1a. Los trabajadores, colaboradores y proveedores de la compa\u00f1\u00eda deben de conocer y cumplir esta pol\u00edtica de acuerdo con su rol cuando traten con informaci\u00f3n de la compa\u00f1\u00eda o sus clientes.<\/p>\n\n\n\n<p>El cumplimiento de la Pol\u00edtica de Seguridad de la Informaci\u00f3n es supervisado y auditado por el CISO de Capgemini Espa\u00f1a.<\/p>\n<\/div><\/div><\/div><\/div><\/div><\/section>\n\n\n\n<section class=\"wp-block-cg-blocks-learn-more updated-new-sample-amal is-style-blue-theme learnMoreBlock\"><div class=\"container\"><div class=\"content-title\"><h2 class=\"learnmore-heading\">Capgemini Espa\u00f1a dispone de las certificaciones de seguridad de la informaci\u00f3n ISO\/IEC 27001:2022 y Esquema Nacional de Seguridad (ENS) RD 311\/2022 categor\u00eda alta.<\/h2><\/div><div class=\"row\"><div class=\"col-md-4\"><div class=\"box\"><div class=\"box-wrapper\"><a class=\"box-title\" href=\"https:\/\/www.capgemini.com\/es-es\/wp-content\/uploads\/sites\/16\/2025\/10\/Capgemini-Espana-ISO_IEC-27001_2022.pdf\" target=\"_blank\" aria-label=\"Seguridad de la informaci\u00f3n ISO\/IEC 27001:2022\" rel=\"noopener noreferrer\"><div class=\"box-img-wrapper\"><img decoding=\"async\" src=\"https:\/\/www.capgemini.com\/es-es\/wp-content\/uploads\/sites\/16\/2024\/09\/logocalidad.jpg?w=500&amp;quality=70\" srcset=\"https:\/\/www.capgemini.com\/es-es\/wp-content\/uploads\/sites\/16\/2024\/09\/logocalidad.jpg?w=500&amp;quality=70 1x, https:\/\/www.capgemini.com\/es-es\/wp-content\/uploads\/sites\/16\/2024\/09\/logocalidad.jpg?w=1000&amp;quality=70 2x\" class=\"box-img\" alt=\"\" style=\"object-fit:cover;object-position:50% 50%\" loading=\"lazy\"\/><\/div><h3 class=\"titleWithoutLink_learnMore\">Seguridad de la informaci\u00f3n ISO\/IEC 27001:2022<\/h3><\/a><\/div><\/div><div class=\"box-inner\"><\/div><\/div><div class=\"col-md-4\"><div class=\"box\"><div class=\"box-wrapper\"><a class=\"box-title\" href=\"https:\/\/www.capgemini.com\/es-es\/wp-content\/uploads\/sites\/16\/2025\/01\/Capgemini-Espana-ENS-RD-311-2022-Categoria-Alta.pdf\" target=\"_blank\" aria-label=\"Esquema Nacional de Seguridad (ENS) RD 311\/2022 categor\u00eda Alta\" rel=\"noopener noreferrer\"><div class=\"box-img-wrapper\"><img decoding=\"async\" src=\"https:\/\/www.capgemini.com\/es-es\/wp-content\/uploads\/sites\/16\/2024\/07\/distintivo_ens_certificacion_ALTA_RD311-2022_20950f.png?w=500&amp;quality=70\" srcset=\"https:\/\/www.capgemini.com\/es-es\/wp-content\/uploads\/sites\/16\/2024\/07\/distintivo_ens_certificacion_ALTA_RD311-2022_20950f.png?w=500&amp;quality=70 1x, https:\/\/www.capgemini.com\/es-es\/wp-content\/uploads\/sites\/16\/2024\/07\/distintivo_ens_certificacion_ALTA_RD311-2022_20950f.png?w=1000&amp;quality=70 2x\" class=\"box-img\" alt=\"\" style=\"object-fit:cover;object-position:50% 50%\" loading=\"lazy\"\/><\/div><h3 class=\"titleWithoutLink_learnMore\">Esquema Nacional de Seguridad (ENS) RD 311\/2022 categor\u00eda Alta<\/h3><\/a><\/div><\/div><div class=\"box-inner\"><\/div><\/div><\/div><\/div><\/section>\n","protected":false},"excerpt":{"rendered":"","protected":false},"author":452,"featured_media":0,"parent":536856,"menu_order":9,"comment_status":"closed","ping_status":"closed","template":"","meta":{"cg_dt_proposed_to":[],"cg_seo_hreflang_relations":"[]","cg_seo_canonical_relation":"","cg_seo_hreflang_x_default_relation":"{\"uuid\":\"474a8ae2-ae0d-4124-a7d8-85543ab51880\",\"blogId\":\"\",\"domain\":\"\",\"sitePath\":\"\",\"postLink\":\"\",\"postId\":null,\"isSaved\":true,\"isCrossLink\":false,\"hasCrossLink\":false}","cg_dt_approved_content":true,"cg_dt_mandatory_content":false,"cg_dt_notes":"","cg_dg_source_changed":false,"cg_dt_link_disabled":false,"_yoast_wpseo_primary_brand":"","footnotes":"","featured_focal_points":"","partner_card_description":"","gsap_animation":0},"brand":[],"partner_type":[],"service":[],"industry":[],"partners":[],"page-type":[448],"content-group":[],"class_list":["post-540856","page","type-page","status-publish","hentry","page-type-about-us"],"yoast_head":"<!-- This site is optimized with the Yoast SEO Premium plugin v22.8 (Yoast SEO v22.8) - https:\/\/yoast.com\/wordpress\/plugins\/seo\/ -->\n<title>Pol\u00edtica de seguridad de la informaci\u00f3n - Capgemini Spain<\/title>\n<meta name=\"robots\" content=\"index, follow, max-snippet:-1, max-image-preview:large, max-video-preview:-1\" \/>\n<link rel=\"canonical\" href=\"https:\/\/www.capgemini.com\/es-es\/sobre-nosotros\/gestion-y-gobierno\/politicas\/politica-de-seguridad-de-la-informacion\/\" \/>\n<meta property=\"og:locale\" content=\"es_ES\" \/>\n<meta property=\"og:type\" content=\"article\" \/>\n<meta property=\"og:title\" content=\"Pol\u00edtica de seguridad de la informaci\u00f3n\" \/>\n<meta property=\"og:url\" content=\"https:\/\/www.capgemini.com\/es-es\/sobre-nosotros\/gestion-y-gobierno\/politicas\/politica-de-seguridad-de-la-informacion\/\" \/>\n<meta property=\"og:site_name\" content=\"Capgemini Spain\" \/>\n<meta property=\"article:modified_time\" content=\"2025-10-28T12:21:50+00:00\" \/>\n<meta property=\"og:image\" content=\"https:\/\/www.capgemini.com\/es-es\/wp-content\/uploads\/sites\/16\/2023\/02\/CIS-webpage.jpg\" \/>\n<meta name=\"twitter:card\" content=\"summary_large_image\" \/>\n<meta name=\"twitter:label1\" content=\"Est. reading time\" \/>\n\t<meta name=\"twitter:data1\" content=\"3 minutes\" \/>\n<script type=\"application\/ld+json\" class=\"yoast-schema-graph\">{\"@context\":\"https:\/\/schema.org\",\"@graph\":[{\"@type\":\"WebPage\",\"@id\":\"https:\/\/www.capgemini.com\/es-es\/sobre-nosotros\/gestion-y-gobierno\/politicas\/politica-de-seguridad-de-la-informacion\/\",\"url\":\"https:\/\/www.capgemini.com\/es-es\/sobre-nosotros\/gestion-y-gobierno\/politicas\/politica-de-seguridad-de-la-informacion\/\",\"name\":\"Pol\u00edtica de seguridad de la informaci\u00f3n - Capgemini Spain\",\"isPartOf\":{\"@id\":\"https:\/\/www.capgemini.com\/es-es\/#website\"},\"primaryImageOfPage\":{\"@id\":\"https:\/\/www.capgemini.com\/es-es\/sobre-nosotros\/gestion-y-gobierno\/politicas\/politica-de-seguridad-de-la-informacion\/#primaryimage\"},\"image\":{\"@id\":\"https:\/\/www.capgemini.com\/es-es\/sobre-nosotros\/gestion-y-gobierno\/politicas\/politica-de-seguridad-de-la-informacion\/#primaryimage\"},\"thumbnailUrl\":\"https:\/\/www.capgemini.com\/es-es\/wp-content\/uploads\/sites\/16\/2023\/02\/CIS-webpage.jpg\",\"datePublished\":\"2023-03-09T10:06:47+00:00\",\"dateModified\":\"2025-10-28T12:21:50+00:00\",\"breadcrumb\":{\"@id\":\"https:\/\/www.capgemini.com\/es-es\/sobre-nosotros\/gestion-y-gobierno\/politicas\/politica-de-seguridad-de-la-informacion\/#breadcrumb\"},\"inLanguage\":\"es-ES\",\"potentialAction\":[{\"@type\":\"ReadAction\",\"target\":[\"https:\/\/www.capgemini.com\/es-es\/sobre-nosotros\/gestion-y-gobierno\/politicas\/politica-de-seguridad-de-la-informacion\/\"]}]},{\"@type\":\"ImageObject\",\"inLanguage\":\"es-ES\",\"@id\":\"https:\/\/www.capgemini.com\/es-es\/sobre-nosotros\/gestion-y-gobierno\/politicas\/politica-de-seguridad-de-la-informacion\/#primaryimage\",\"url\":\"https:\/\/www.capgemini.com\/es-es\/wp-content\/uploads\/sites\/16\/2023\/02\/CIS-webpage.jpg\",\"contentUrl\":\"https:\/\/www.capgemini.com\/es-es\/wp-content\/uploads\/sites\/16\/2023\/02\/CIS-webpage.jpg\"},{\"@type\":\"BreadcrumbList\",\"@id\":\"https:\/\/www.capgemini.com\/es-es\/sobre-nosotros\/gestion-y-gobierno\/politicas\/politica-de-seguridad-de-la-informacion\/#breadcrumb\",\"itemListElement\":[{\"@type\":\"ListItem\",\"position\":1,\"name\":\"Home\",\"item\":\"https:\/\/www.capgemini.com\/es-es\/\"},{\"@type\":\"ListItem\",\"position\":2,\"name\":\"Sobre nosotros\",\"item\":\"https:\/\/www.capgemini.com\/es-es\/sobre-nosotros\/\"},{\"@type\":\"ListItem\",\"position\":3,\"name\":\"Gesti\u00f3n y gobierno\",\"item\":\"https:\/\/www.capgemini.com\/es-es\/sobre-nosotros\/gestion-y-gobierno\/\"},{\"@type\":\"ListItem\",\"position\":4,\"name\":\"Pol\u00edticas\",\"item\":\"https:\/\/www.capgemini.com\/es-es\/sobre-nosotros\/gestion-y-gobierno\/politicas\/\"},{\"@type\":\"ListItem\",\"position\":5,\"name\":\"Pol\u00edtica de seguridad de la informaci\u00f3n\"}]},{\"@type\":\"WebSite\",\"@id\":\"https:\/\/www.capgemini.com\/es-es\/#website\",\"url\":\"https:\/\/www.capgemini.com\/es-es\/\",\"name\":\"Capgemini Espa\u00f1a\",\"description\":\"Capgemini\",\"potentialAction\":[{\"@type\":\"SearchAction\",\"target\":{\"@type\":\"EntryPoint\",\"urlTemplate\":\"https:\/\/www.capgemini.com\/es-es\/?s={search_term_string}\"},\"query-input\":\"required name=search_term_string\"}],\"inLanguage\":\"es-ES\"}]}<\/script>\n<!-- \/ Yoast SEO Premium plugin. -->","yoast_head_json":{"title":"Pol\u00edtica de seguridad de la informaci\u00f3n - Capgemini Spain","robots":{"index":"index","follow":"follow","max-snippet":"max-snippet:-1","max-image-preview":"max-image-preview:large","max-video-preview":"max-video-preview:-1"},"canonical":"https:\/\/www.capgemini.com\/es-es\/sobre-nosotros\/gestion-y-gobierno\/politicas\/politica-de-seguridad-de-la-informacion\/","og_locale":"es_ES","og_type":"article","og_title":"Pol\u00edtica de seguridad de la informaci\u00f3n","og_url":"https:\/\/www.capgemini.com\/es-es\/sobre-nosotros\/gestion-y-gobierno\/politicas\/politica-de-seguridad-de-la-informacion\/","og_site_name":"Capgemini Spain","article_modified_time":"2025-10-28T12:21:50+00:00","og_image":[{"url":"https:\/\/www.capgemini.com\/es-es\/wp-content\/uploads\/sites\/16\/2023\/02\/CIS-webpage.jpg"}],"twitter_card":"summary_large_image","twitter_misc":{"Est. reading time":"3 minutes"},"schema":{"@context":"https:\/\/schema.org","@graph":[{"@type":"WebPage","@id":"https:\/\/www.capgemini.com\/es-es\/sobre-nosotros\/gestion-y-gobierno\/politicas\/politica-de-seguridad-de-la-informacion\/","url":"https:\/\/www.capgemini.com\/es-es\/sobre-nosotros\/gestion-y-gobierno\/politicas\/politica-de-seguridad-de-la-informacion\/","name":"Pol\u00edtica de seguridad de la informaci\u00f3n - Capgemini Spain","isPartOf":{"@id":"https:\/\/www.capgemini.com\/es-es\/#website"},"primaryImageOfPage":{"@id":"https:\/\/www.capgemini.com\/es-es\/sobre-nosotros\/gestion-y-gobierno\/politicas\/politica-de-seguridad-de-la-informacion\/#primaryimage"},"image":{"@id":"https:\/\/www.capgemini.com\/es-es\/sobre-nosotros\/gestion-y-gobierno\/politicas\/politica-de-seguridad-de-la-informacion\/#primaryimage"},"thumbnailUrl":"https:\/\/www.capgemini.com\/es-es\/wp-content\/uploads\/sites\/16\/2023\/02\/CIS-webpage.jpg","datePublished":"2023-03-09T10:06:47+00:00","dateModified":"2025-10-28T12:21:50+00:00","breadcrumb":{"@id":"https:\/\/www.capgemini.com\/es-es\/sobre-nosotros\/gestion-y-gobierno\/politicas\/politica-de-seguridad-de-la-informacion\/#breadcrumb"},"inLanguage":"es-ES","potentialAction":[{"@type":"ReadAction","target":["https:\/\/www.capgemini.com\/es-es\/sobre-nosotros\/gestion-y-gobierno\/politicas\/politica-de-seguridad-de-la-informacion\/"]}]},{"@type":"ImageObject","inLanguage":"es-ES","@id":"https:\/\/www.capgemini.com\/es-es\/sobre-nosotros\/gestion-y-gobierno\/politicas\/politica-de-seguridad-de-la-informacion\/#primaryimage","url":"https:\/\/www.capgemini.com\/es-es\/wp-content\/uploads\/sites\/16\/2023\/02\/CIS-webpage.jpg","contentUrl":"https:\/\/www.capgemini.com\/es-es\/wp-content\/uploads\/sites\/16\/2023\/02\/CIS-webpage.jpg"},{"@type":"BreadcrumbList","@id":"https:\/\/www.capgemini.com\/es-es\/sobre-nosotros\/gestion-y-gobierno\/politicas\/politica-de-seguridad-de-la-informacion\/#breadcrumb","itemListElement":[{"@type":"ListItem","position":1,"name":"Home","item":"https:\/\/www.capgemini.com\/es-es\/"},{"@type":"ListItem","position":2,"name":"Sobre nosotros","item":"https:\/\/www.capgemini.com\/es-es\/sobre-nosotros\/"},{"@type":"ListItem","position":3,"name":"Gesti\u00f3n y gobierno","item":"https:\/\/www.capgemini.com\/es-es\/sobre-nosotros\/gestion-y-gobierno\/"},{"@type":"ListItem","position":4,"name":"Pol\u00edticas","item":"https:\/\/www.capgemini.com\/es-es\/sobre-nosotros\/gestion-y-gobierno\/politicas\/"},{"@type":"ListItem","position":5,"name":"Pol\u00edtica de seguridad de la informaci\u00f3n"}]},{"@type":"WebSite","@id":"https:\/\/www.capgemini.com\/es-es\/#website","url":"https:\/\/www.capgemini.com\/es-es\/","name":"Capgemini Espa\u00f1a","description":"Capgemini","potentialAction":[{"@type":"SearchAction","target":{"@type":"EntryPoint","urlTemplate":"https:\/\/www.capgemini.com\/es-es\/?s={search_term_string}"},"query-input":"required name=search_term_string"}],"inLanguage":"es-ES"}]}},"brand_term":[],"parsely":{"version":"1.1.0","canonical_url":"https:\/\/capgemini.com\/es-es\/sobre-nosotros\/gestion-y-gobierno\/politicas\/politica-de-seguridad-de-la-informacion\/","smart_links":{"inbound":0,"outbound":0},"traffic_boost_suggestions_count":0,"meta":{"@context":"https:\/\/schema.org","@type":"WebPage","headline":"Pol\u00edtica de seguridad de la informaci\u00f3n","url":"https:\/\/www.capgemini.com\/es-es\/sobre-nosotros\/gestion-y-gobierno\/politicas\/politica-de-seguridad-de-la-informacion\/","mainEntityOfPage":{"@type":"WebPage","@id":"https:\/\/www.capgemini.com\/es-es\/sobre-nosotros\/gestion-y-gobierno\/politicas\/politica-de-seguridad-de-la-informacion\/"},"thumbnailUrl":"","image":{"@type":"ImageObject","url":""},"articleSection":"Uncategorized","author":[],"creator":[],"publisher":{"@type":"Organization","name":"Capgemini Spain","logo":""},"keywords":[],"dateCreated":"2023-03-09T10:06:47Z","datePublished":"2023-03-09T10:06:47Z","dateModified":"2025-10-28T12:21:50Z"},"rendered":"<meta name=\"parsely-title\" content=\"Pol\u00edtica de seguridad de la informaci\u00f3n\" \/>\n<meta name=\"parsely-link\" content=\"https:\/\/www.capgemini.com\/es-es\/sobre-nosotros\/gestion-y-gobierno\/politicas\/politica-de-seguridad-de-la-informacion\/\" \/>\n<meta name=\"parsely-type\" content=\"index\" \/>\n<meta name=\"parsely-pub-date\" content=\"2023-03-09T10:06:47Z\" \/>\n<meta name=\"parsely-section\" content=\"Uncategorized\" \/>","tracker_url":"https:\/\/cdn.parsely.com\/keys\/capgemini.com\/p.js"},"archive_status":false,"featured_image_src":"https:\/\/www.capgemini.com\/es-es\/wp-content\/themes\/capgemini2025\/assets\/images\/mockup.png","featured_image_alt":false,"jetpack_sharing_enabled":true,"distributor_meta":false,"distributor_terms":false,"distributor_media":false,"distributor_original_site_name":"Capgemini Spain","distributor_original_site_url":"https:\/\/www.capgemini.com\/es-es","push-errors":false,"_links":{"self":[{"href":"https:\/\/www.capgemini.com\/es-es\/wp-json\/wp\/v2\/pages\/540856","targetHints":{"allow":["GET"]}}],"collection":[{"href":"https:\/\/www.capgemini.com\/es-es\/wp-json\/wp\/v2\/pages"}],"about":[{"href":"https:\/\/www.capgemini.com\/es-es\/wp-json\/wp\/v2\/types\/page"}],"author":[{"embeddable":true,"href":"https:\/\/www.capgemini.com\/es-es\/wp-json\/wp\/v2\/users\/452"}],"replies":[{"embeddable":true,"href":"https:\/\/www.capgemini.com\/es-es\/wp-json\/wp\/v2\/comments?post=540856"}],"version-history":[{"count":20,"href":"https:\/\/www.capgemini.com\/es-es\/wp-json\/wp\/v2\/pages\/540856\/revisions"}],"predecessor-version":[{"id":576352,"href":"https:\/\/www.capgemini.com\/es-es\/wp-json\/wp\/v2\/pages\/540856\/revisions\/576352"}],"up":[{"embeddable":true,"href":"https:\/\/www.capgemini.com\/es-es\/wp-json\/wp\/v2\/pages\/536856"}],"wp:attachment":[{"href":"https:\/\/www.capgemini.com\/es-es\/wp-json\/wp\/v2\/media?parent=540856"}],"wp:term":[{"taxonomy":"brand","embeddable":true,"href":"https:\/\/www.capgemini.com\/es-es\/wp-json\/wp\/v2\/brand?post=540856"},{"taxonomy":"partner_type","embeddable":true,"href":"https:\/\/www.capgemini.com\/es-es\/wp-json\/wp\/v2\/partner_type?post=540856"},{"taxonomy":"service","embeddable":true,"href":"https:\/\/www.capgemini.com\/es-es\/wp-json\/wp\/v2\/service?post=540856"},{"taxonomy":"industry","embeddable":true,"href":"https:\/\/www.capgemini.com\/es-es\/wp-json\/wp\/v2\/industry?post=540856"},{"taxonomy":"partners","embeddable":true,"href":"https:\/\/www.capgemini.com\/es-es\/wp-json\/wp\/v2\/partners?post=540856"},{"taxonomy":"page-type","embeddable":true,"href":"https:\/\/www.capgemini.com\/es-es\/wp-json\/wp\/v2\/page-type?post=540856"},{"taxonomy":"content-group","embeddable":true,"href":"https:\/\/www.capgemini.com\/es-es\/wp-json\/wp\/v2\/content-group?post=540856"}],"curies":[{"name":"wp","href":"https:\/\/api.w.org\/{rel}","templated":true}]}}