{"id":5393,"date":"2023-01-06T04:14:05","date_gmt":"2023-01-06T04:14:05","guid":{"rendered":"https:\/\/www.capgemini.com\/?page_id=666738"},"modified":"2026-01-06T08:24:38","modified_gmt":"2026-01-06T07:24:38","slug":"servicios-deteccion-amenazas","status":"publish","type":"page","link":"https:\/\/www.capgemini.com\/es-es\/soluciones\/servicios-deteccion-amenazas\/","title":{"rendered":"Servicios de detecci\u00f3n de amenazas"},"content":{"rendered":"\n<header class=\"wp-block-cg-blocks-hero-reusable is-style-blue-line header heroReusable  \"><div class=\"header-bgs\"><picture><source srcset=\"https:\/\/www.capgemini.com\/dk-en\/wp-content\/uploads\/2022\/03\/Capture-56.jpg?w=2880&amp;quality=70 1x, https:\/\/www.capgemini.com\/dk-en\/wp-content\/uploads\/2022\/03\/Capture-56.jpg?w=2880&amp;quality=70 2x\" media=\"(min-width: 1500px)\"\/><source srcset=\"https:\/\/www.capgemini.com\/dk-en\/wp-content\/uploads\/2022\/03\/Capture-56.jpg?w=1440&amp;quality=70 1x, https:\/\/www.capgemini.com\/dk-en\/wp-content\/uploads\/2022\/03\/Capture-56.jpg?w=2880&amp;quality=70 2x\" media=\"(min-width: 992px)\"\/><source srcset=\"https:\/\/www.capgemini.com\/dk-en\/wp-content\/uploads\/2022\/03\/Capture-56.jpg?w=1024&amp;quality=70 1x, https:\/\/www.capgemini.com\/dk-en\/wp-content\/uploads\/2022\/03\/Capture-56.jpg?w=1024&amp;quality=70 2x\" media=\"(min-width: 768px)\"\/><source srcset=\"https:\/\/www.capgemini.com\/dk-en\/wp-content\/uploads\/2022\/03\/Capture-56.jpg?w=768&amp;quality=70 1x, https:\/\/www.capgemini.com\/dk-en\/wp-content\/uploads\/2022\/03\/Capture-56.jpg?w=768&amp;quality=70 2x\" media=\"(min-width: 0)\"\/><img decoding=\"async\" src=\"https:\/\/www.capgemini.com\/dk-en\/wp-content\/uploads\/2022\/03\/Capture-56.jpg\" class=\"header-img header-img-d\" alt=\"\" style=\"object-fit:cover;object-position:60% 25%\" loading=\"eager\"\/><\/picture><\/div><div class=\"heroPictureCardHeaderShape\"><\/div><div class=\"container\"><div class=\"row\"><div class=\"col-md-12\"><div class=\"box\"><div class=\"boxTagWrapper\"><div class=\"tagInfo\"><div><span class=\"box-tag\">Solution<\/span><\/div><\/div><\/div><div class=\"box-title\"><h1 data-maxlength=\"34\">Servicios de detecci\u00f3n de amenazas<\/h1><\/div><div class=\"inner-row-insight download-btn\"><\/div><\/div><\/div><\/div><\/div><\/header>\n\n\n\n<section class=\"wp-block-cg-blocks-intro-para undefined section section--intro\"><div class=\"intro-para\"><div class=\"container\"><div class=\"row\"><div class=\"col-12 col-md-1\"><nav class=\"article-social\"><ul class=\"social-nav\"><li class=\"ip-order-fb\"><a href=\"https:\/\/www.facebook.com\/sharer\/sharer.php?u=https:\/\/www.capgemini.com\/es-es\/soluciones\/servicios-deteccion-amenazas\/\" target=\"_blank\" rel=\"noopener noreferrer\" title=\"abrir en una nueva ventana\"><i aria-hidden=\"true\" class=\"icon-fb\"><\/i><span class=\"sr-only\">Facebook<\/span><\/a><\/li><li class=\"ip-order-li\"><a href=\"https:\/\/www.linkedin.com\/sharing\/share-offsite\/?url=https:\/\/www.capgemini.com\/es-es\/soluciones\/servicios-deteccion-amenazas\/\" target=\"_blank\" rel=\"noopener noreferrer\" title=\"abrir en una nueva ventana\"><i aria-hidden=\"true\" class=\"icon-li\"><\/i><span class=\"sr-only\">Linkedin<\/span><\/a><\/li><\/ul><\/nav><\/div><div class=\"col-12 col-md-11 col-lg-10\"><h2 class=\"intro-para-title\">Los productos de ciberseguridad por s\u00ed solos no son suficientes para proteger la empresa digital actual. Por eso, la oferta de Detecci\u00f3n de Amenazas de Capgemini combina de manera \u00fanica la recopilaci\u00f3n automatizada con un an\u00e1lisis humano en profundidad. <br><\/h2><p class=\"intro-para-content\">Dise\u00f1ada por nuestros expertos en I+D, identifica amenazas persistentes avanzadas y reduce el riesgo de un ataque fallido.<\/p><\/div><\/div><\/div><\/div><\/section>\n\n\n\n<section class=\"wp-block-cg-blocks-intro-para-video section section--info-2cols section--insights section-video \"><div class=\"bg-color video-align-left\"><div class=\"container\"><div class=\"row video-align-right\"><div class=\"col-md-12\"><div class=\"video-align-right row box box--4 box--mini\"><div class=\"col-md-1\"><\/div><div class=\"col-md-8 box-img-wrapper\"><div class=\"video-box\"><div class=\"video-wrapper\"><iframe title=\"video-section\" src=\"https:\/\/www.youtube.com\/embed\/fRGXanU4qOo?rel=0&amp;modestbranding=1&amp;playsinline=1&amp;enablejsapi=1\" frameborder=\"0\" allow=\"accelerometer; autoplay; clipboard-write; encrypted-media; gyroscope; picture-in-picture\" allowfullscreen loading=\"lazy\" referrerpolicy=\"strict-origin-when-cross-origin\"><\/iframe><\/div><\/div><\/div><div class=\"col-md-3\"><h3 class=\"Video-title\" data-maxlength=\"34\">El invitado no deseado<\/h3><div class=\"video-info\"><p data-maxlength=\"68\">Ayudamos a detectar amenazas ocultas en su sistema de TI.<\/p><\/div><\/div><div class=\"col-md-1\"><\/div><\/div><\/div><\/div><\/div><\/div><\/section>\n\n\n\n<section class=\"wp-block-cg-blocks-group undefined section section--article-content\"><div class=\"article-main-content\"><div class=\"container\"><div class=\"row\"><div class=\"col-12 col-md-11 col-lg-10 offset-md-1 offset-lg-1\"><div class=\"article-text article-quote-text\">\n<p><\/p>\n\n\n\n<h3 class=\"wp-block-heading\" id=\"h-no-arriesgues-tu-supervivencia-al-no-detectar-un-ataque-cibernetico\"><strong>No arriesgues tu supervivencia al no detectar un ataque cibern\u00e9tico<\/strong><\/h3>\n\n\n\n<p>El aumento de la digitalizaci\u00f3n ha creado vulnerabilidades de gran alcance para la empresa moderna. A medida que los atacantes cibern\u00e9ticos encuentran formas cada vez m\u00e1s inteligentes de violar las defensas de seguridad, la investigaci\u00f3n sugiere que puede llevar m\u00e1s de cien d\u00edas detectar un ataque en su sistema. Por lo tanto, el coste de no identificar un ataque tiene graves implicaciones para sus resultados, desde la p\u00e9rdida de confianza del cliente y el posible robo de propiedad intelectual, hasta multas por incumplimiento de la seguridad de los datos.<\/p>\n\n\n\n<h2 class=\"wp-block-heading\" id=\"h-\"><\/h2>\n\n\n\n<h3 class=\"wp-block-heading\" id=\"h-detecta-ataques-desconocidos-y-marca-actividades-sospechosas\"><strong>Detecta ataques desconocidos y marca actividades sospechosas<\/strong><\/h3>\n\n\n\n<p>\u00bfSabr\u00edas si tu sistema de TI ha sido comprometido? El servicio Threat Hunting de Capgemini reconoce que nunca se puede garantizar una protecci\u00f3n del 100 %, por lo que es vital detectar una intrusi\u00f3n maliciosa lo m\u00e1s r\u00e1pido posible. Para lograrlo es necesario partir de un enfoque \u00fanico.<\/p>\n\n\n\n<p>A diferencia de las empresas de productos de ciberseguridad, mantenemos nuestro alcance limitado (nos enfocamos en un per\u00edmetro cr\u00edtico definido), pero no restringimos la cantidad de alertas que marcan actividades sospechosas. El an\u00e1lisis humano reduce el riesgo de perder un ataque, mientras que un enfoque en el comportamiento an\u00f3malo y los cambios no deseados en los programas autorizados detecta ataques desconocidos.<\/p>\n\n\n\n<h2 class=\"wp-block-heading\" id=\"h-\"><\/h2>\n\n\n\n<h3 class=\"wp-block-heading\" id=\"h-una-combinacion-unica-de-analisis-humano-y-automatizacion\"><strong>Una combinaci\u00f3n \u00fanica de an\u00e1lisis humano y automatizaci\u00f3n<\/strong><\/h3>\n\n\n\n<p>Nuestro servicio de Threat Hunting va m\u00e1s all\u00e1 de la automatizaci\u00f3n. Al incorporar an\u00e1lisis humanos profundos de expertos, reducimos el riesgo de que el an\u00e1lisis de datos automatizado pierda intrusiones maliciosas. Con los m\u00e9todos de ataque en constante evoluci\u00f3n, es dif\u00edcil para las herramientas de detecci\u00f3n mantenerse al tanto de la amenaza. Si bien los SOC basan la detecci\u00f3n en un gran per\u00edmetro para amenazas conocidas, consideramos las amenazas persistentes desconocidas y avanzadas. Y al aceptar m\u00e1s falsos positivos, tambi\u00e9n reducimos en gran medida los falsos negativos.<\/p>\n\n\n\n<p><strong>Caza la ciberamenaza para reducir el riesgo.<\/strong><\/p>\n<\/div><\/div><\/div><\/div><\/div><\/section>\n","protected":false},"excerpt":{"rendered":"","protected":false},"author":35,"featured_media":0,"parent":537594,"menu_order":0,"comment_status":"closed","ping_status":"closed","template":"","meta":{"cg_dt_proposed_to":[0],"cg_seo_hreflang_relations":"[]","cg_seo_canonical_relation":"","cg_seo_hreflang_x_default_relation":"{\"uuid\":\"a7e80515-1f41-466f-afab-5b21cb5e4059\",\"blogId\":\"\",\"domain\":\"\",\"sitePath\":\"\",\"postLink\":\"\",\"postId\":null,\"isSaved\":true,\"isCrossLink\":false,\"hasCrossLink\":false}","cg_dt_approved_content":false,"cg_dt_mandatory_content":false,"cg_dt_notes":"","cg_dg_source_changed":false,"cg_dt_link_disabled":false,"_yoast_wpseo_primary_brand":"","footnotes":"","featured_focal_points":"","partner_card_description":"","gsap_animation":0},"brand":[],"partner_type":[],"service":[47],"industry":[],"partners":[],"page-type":[339],"content-group":[],"class_list":["post-5393","page","type-page","status-publish","hentry","service-cybersecurity","page-type-solutions"],"yoast_head":"<!-- This site is optimized with the Yoast SEO Premium plugin v22.8 (Yoast SEO v22.8) - https:\/\/yoast.com\/wordpress\/plugins\/seo\/ -->\n<title>Servicios de Detecci\u00f3n de Amenazas | Capgemini<\/title>\n<meta name=\"description\" content=\"La oferta de servicios de detecci\u00f3n de amenazas de Capgemini combina de manera \u00fanica la recopilaci\u00f3n automatizada con un an\u00e1lisis humano en profundidad, para reducir el per\u00edmetro de las amenazas desconocidas y persistentes.\" \/>\n<meta name=\"robots\" content=\"index, follow, max-snippet:-1, max-image-preview:large, max-video-preview:-1\" \/>\n<link rel=\"canonical\" href=\"https:\/\/www.capgemini.com\/es-es\/soluciones\/servicios-deteccion-amenazas\/\" \/>\n<meta property=\"og:locale\" content=\"es_ES\" \/>\n<meta property=\"og:type\" content=\"article\" \/>\n<meta property=\"og:title\" content=\"Servicios de detecci\u00f3n de amenazas\" \/>\n<meta property=\"og:description\" content=\"La oferta de servicios de detecci\u00f3n de amenazas de Capgemini combina de manera \u00fanica la recopilaci\u00f3n automatizada con un an\u00e1lisis humano en profundidad, para reducir el per\u00edmetro de las amenazas desconocidas y persistentes.\" \/>\n<meta property=\"og:url\" content=\"https:\/\/www.capgemini.com\/es-es\/soluciones\/servicios-deteccion-amenazas\/\" \/>\n<meta property=\"og:site_name\" content=\"Capgemini Spain\" \/>\n<meta property=\"article:modified_time\" content=\"2026-01-06T07:24:38+00:00\" \/>\n<meta property=\"og:image\" content=\"https:\/\/www.capgemini.com\/dk-en\/wp-content\/uploads\/2022\/03\/Capture-56.jpg\" \/>\n<meta name=\"twitter:card\" content=\"summary_large_image\" \/>\n<meta name=\"twitter:label1\" content=\"Est. reading time\" \/>\n\t<meta name=\"twitter:data1\" content=\"3 minutes\" \/>\n<script type=\"application\/ld+json\" class=\"yoast-schema-graph\">{\"@context\":\"https:\/\/schema.org\",\"@graph\":[{\"@type\":\"WebPage\",\"@id\":\"https:\/\/www.capgemini.com\/es-es\/soluciones\/servicios-deteccion-amenazas\/\",\"url\":\"https:\/\/www.capgemini.com\/es-es\/soluciones\/servicios-deteccion-amenazas\/\",\"name\":\"Servicios de Detecci\u00f3n de Amenazas | Capgemini\",\"isPartOf\":{\"@id\":\"https:\/\/www.capgemini.com\/es-es\/#website\"},\"primaryImageOfPage\":{\"@id\":\"https:\/\/www.capgemini.com\/es-es\/soluciones\/servicios-deteccion-amenazas\/#primaryimage\"},\"image\":{\"@id\":\"https:\/\/www.capgemini.com\/es-es\/soluciones\/servicios-deteccion-amenazas\/#primaryimage\"},\"thumbnailUrl\":\"https:\/\/www.capgemini.com\/dk-en\/wp-content\/uploads\/2022\/03\/Capture-56.jpg\",\"datePublished\":\"2023-01-06T04:14:05+00:00\",\"dateModified\":\"2026-01-06T07:24:38+00:00\",\"description\":\"La oferta de servicios de detecci\u00f3n de amenazas de Capgemini combina de manera \u00fanica la recopilaci\u00f3n automatizada con un an\u00e1lisis humano en profundidad, para reducir el per\u00edmetro de las amenazas desconocidas y persistentes.\",\"breadcrumb\":{\"@id\":\"https:\/\/www.capgemini.com\/es-es\/soluciones\/servicios-deteccion-amenazas\/#breadcrumb\"},\"inLanguage\":\"es-ES\",\"potentialAction\":[{\"@type\":\"ReadAction\",\"target\":[\"https:\/\/www.capgemini.com\/es-es\/soluciones\/servicios-deteccion-amenazas\/\"]}]},{\"@type\":\"ImageObject\",\"inLanguage\":\"es-ES\",\"@id\":\"https:\/\/www.capgemini.com\/es-es\/soluciones\/servicios-deteccion-amenazas\/#primaryimage\",\"url\":\"https:\/\/www.capgemini.com\/dk-en\/wp-content\/uploads\/2022\/03\/Capture-56.jpg\",\"contentUrl\":\"https:\/\/www.capgemini.com\/dk-en\/wp-content\/uploads\/2022\/03\/Capture-56.jpg\"},{\"@type\":\"BreadcrumbList\",\"@id\":\"https:\/\/www.capgemini.com\/es-es\/soluciones\/servicios-deteccion-amenazas\/#breadcrumb\",\"itemListElement\":[{\"@type\":\"ListItem\",\"position\":1,\"name\":\"Home\",\"item\":\"https:\/\/www.capgemini.com\/es-es\/\"},{\"@type\":\"ListItem\",\"position\":2,\"name\":\"Soluciones\",\"item\":\"https:\/\/www.capgemini.com\/es-es\/soluciones\/\"},{\"@type\":\"ListItem\",\"position\":3,\"name\":\"Servicios de detecci\u00f3n de amenazas\"}]},{\"@type\":\"WebSite\",\"@id\":\"https:\/\/www.capgemini.com\/es-es\/#website\",\"url\":\"https:\/\/www.capgemini.com\/es-es\/\",\"name\":\"Capgemini Espa\u00f1a\",\"description\":\"Capgemini\",\"potentialAction\":[{\"@type\":\"SearchAction\",\"target\":{\"@type\":\"EntryPoint\",\"urlTemplate\":\"https:\/\/www.capgemini.com\/es-es\/?s={search_term_string}\"},\"query-input\":\"required name=search_term_string\"}],\"inLanguage\":\"es-ES\"}]}<\/script>\n<!-- \/ Yoast SEO Premium plugin. -->","yoast_head_json":{"title":"Servicios de Detecci\u00f3n de Amenazas | Capgemini","description":"La oferta de servicios de detecci\u00f3n de amenazas de Capgemini combina de manera \u00fanica la recopilaci\u00f3n automatizada con un an\u00e1lisis humano en profundidad, para reducir el per\u00edmetro de las amenazas desconocidas y persistentes.","robots":{"index":"index","follow":"follow","max-snippet":"max-snippet:-1","max-image-preview":"max-image-preview:large","max-video-preview":"max-video-preview:-1"},"canonical":"https:\/\/www.capgemini.com\/es-es\/soluciones\/servicios-deteccion-amenazas\/","og_locale":"es_ES","og_type":"article","og_title":"Servicios de detecci\u00f3n de amenazas","og_description":"La oferta de servicios de detecci\u00f3n de amenazas de Capgemini combina de manera \u00fanica la recopilaci\u00f3n automatizada con un an\u00e1lisis humano en profundidad, para reducir el per\u00edmetro de las amenazas desconocidas y persistentes.","og_url":"https:\/\/www.capgemini.com\/es-es\/soluciones\/servicios-deteccion-amenazas\/","og_site_name":"Capgemini Spain","article_modified_time":"2026-01-06T07:24:38+00:00","og_image":[{"url":"https:\/\/www.capgemini.com\/dk-en\/wp-content\/uploads\/2022\/03\/Capture-56.jpg"}],"twitter_card":"summary_large_image","twitter_misc":{"Est. reading time":"3 minutes"},"schema":{"@context":"https:\/\/schema.org","@graph":[{"@type":"WebPage","@id":"https:\/\/www.capgemini.com\/es-es\/soluciones\/servicios-deteccion-amenazas\/","url":"https:\/\/www.capgemini.com\/es-es\/soluciones\/servicios-deteccion-amenazas\/","name":"Servicios de Detecci\u00f3n de Amenazas | Capgemini","isPartOf":{"@id":"https:\/\/www.capgemini.com\/es-es\/#website"},"primaryImageOfPage":{"@id":"https:\/\/www.capgemini.com\/es-es\/soluciones\/servicios-deteccion-amenazas\/#primaryimage"},"image":{"@id":"https:\/\/www.capgemini.com\/es-es\/soluciones\/servicios-deteccion-amenazas\/#primaryimage"},"thumbnailUrl":"https:\/\/www.capgemini.com\/dk-en\/wp-content\/uploads\/2022\/03\/Capture-56.jpg","datePublished":"2023-01-06T04:14:05+00:00","dateModified":"2026-01-06T07:24:38+00:00","description":"La oferta de servicios de detecci\u00f3n de amenazas de Capgemini combina de manera \u00fanica la recopilaci\u00f3n automatizada con un an\u00e1lisis humano en profundidad, para reducir el per\u00edmetro de las amenazas desconocidas y persistentes.","breadcrumb":{"@id":"https:\/\/www.capgemini.com\/es-es\/soluciones\/servicios-deteccion-amenazas\/#breadcrumb"},"inLanguage":"es-ES","potentialAction":[{"@type":"ReadAction","target":["https:\/\/www.capgemini.com\/es-es\/soluciones\/servicios-deteccion-amenazas\/"]}]},{"@type":"ImageObject","inLanguage":"es-ES","@id":"https:\/\/www.capgemini.com\/es-es\/soluciones\/servicios-deteccion-amenazas\/#primaryimage","url":"https:\/\/www.capgemini.com\/dk-en\/wp-content\/uploads\/2022\/03\/Capture-56.jpg","contentUrl":"https:\/\/www.capgemini.com\/dk-en\/wp-content\/uploads\/2022\/03\/Capture-56.jpg"},{"@type":"BreadcrumbList","@id":"https:\/\/www.capgemini.com\/es-es\/soluciones\/servicios-deteccion-amenazas\/#breadcrumb","itemListElement":[{"@type":"ListItem","position":1,"name":"Home","item":"https:\/\/www.capgemini.com\/es-es\/"},{"@type":"ListItem","position":2,"name":"Soluciones","item":"https:\/\/www.capgemini.com\/es-es\/soluciones\/"},{"@type":"ListItem","position":3,"name":"Servicios de detecci\u00f3n de amenazas"}]},{"@type":"WebSite","@id":"https:\/\/www.capgemini.com\/es-es\/#website","url":"https:\/\/www.capgemini.com\/es-es\/","name":"Capgemini Espa\u00f1a","description":"Capgemini","potentialAction":[{"@type":"SearchAction","target":{"@type":"EntryPoint","urlTemplate":"https:\/\/www.capgemini.com\/es-es\/?s={search_term_string}"},"query-input":"required name=search_term_string"}],"inLanguage":"es-ES"}]}},"brand_term":[],"parsely":{"version":"1.1.0","canonical_url":"https:\/\/capgemini.com\/es-es\/soluciones\/servicios-deteccion-amenazas\/","smart_links":{"inbound":0,"outbound":0},"traffic_boost_suggestions_count":0,"meta":{"@context":"https:\/\/schema.org","@type":"WebPage","headline":"Servicios de detecci\u00f3n de amenazas","url":"https:\/\/www.capgemini.com\/es-es\/soluciones\/servicios-deteccion-amenazas\/","mainEntityOfPage":{"@type":"WebPage","@id":"https:\/\/www.capgemini.com\/es-es\/soluciones\/servicios-deteccion-amenazas\/"},"thumbnailUrl":"","image":{"@type":"ImageObject","url":""},"articleSection":"Uncategorized","author":[],"creator":[],"publisher":{"@type":"Organization","name":"Capgemini Spain","logo":""},"keywords":[],"dateCreated":"2023-01-06T04:14:05Z","datePublished":"2023-01-06T04:14:05Z","dateModified":"2026-01-06T07:24:38Z"},"rendered":"<meta name=\"parsely-title\" content=\"Servicios de detecci\u00f3n de amenazas\" \/>\n<meta name=\"parsely-link\" content=\"https:\/\/www.capgemini.com\/es-es\/soluciones\/servicios-deteccion-amenazas\/\" \/>\n<meta name=\"parsely-type\" content=\"index\" \/>\n<meta name=\"parsely-pub-date\" content=\"2023-01-06T04:14:05Z\" \/>\n<meta name=\"parsely-section\" content=\"Uncategorized\" \/>","tracker_url":"https:\/\/cdn.parsely.com\/keys\/capgemini.com\/p.js"},"archive_status":false,"featured_image_src":"https:\/\/www.capgemini.com\/es-es\/wp-content\/themes\/capgemini2025\/assets\/images\/mockup.png","featured_image_alt":false,"jetpack_sharing_enabled":true,"distributor_meta":false,"distributor_terms":false,"distributor_media":false,"distributor_original_site_name":"Capgemini Spain","distributor_original_site_url":"https:\/\/www.capgemini.com\/es-es","push-errors":false,"_links":{"self":[{"href":"https:\/\/www.capgemini.com\/es-es\/wp-json\/wp\/v2\/pages\/5393","targetHints":{"allow":["GET"]}}],"collection":[{"href":"https:\/\/www.capgemini.com\/es-es\/wp-json\/wp\/v2\/pages"}],"about":[{"href":"https:\/\/www.capgemini.com\/es-es\/wp-json\/wp\/v2\/types\/page"}],"author":[{"embeddable":true,"href":"https:\/\/www.capgemini.com\/es-es\/wp-json\/wp\/v2\/users\/35"}],"replies":[{"embeddable":true,"href":"https:\/\/www.capgemini.com\/es-es\/wp-json\/wp\/v2\/comments?post=5393"}],"version-history":[{"count":6,"href":"https:\/\/www.capgemini.com\/es-es\/wp-json\/wp\/v2\/pages\/5393\/revisions"}],"predecessor-version":[{"id":577937,"href":"https:\/\/www.capgemini.com\/es-es\/wp-json\/wp\/v2\/pages\/5393\/revisions\/577937"}],"up":[{"embeddable":true,"href":"https:\/\/www.capgemini.com\/es-es\/wp-json\/wp\/v2\/pages\/537594"}],"wp:attachment":[{"href":"https:\/\/www.capgemini.com\/es-es\/wp-json\/wp\/v2\/media?parent=5393"}],"wp:term":[{"taxonomy":"brand","embeddable":true,"href":"https:\/\/www.capgemini.com\/es-es\/wp-json\/wp\/v2\/brand?post=5393"},{"taxonomy":"partner_type","embeddable":true,"href":"https:\/\/www.capgemini.com\/es-es\/wp-json\/wp\/v2\/partner_type?post=5393"},{"taxonomy":"service","embeddable":true,"href":"https:\/\/www.capgemini.com\/es-es\/wp-json\/wp\/v2\/service?post=5393"},{"taxonomy":"industry","embeddable":true,"href":"https:\/\/www.capgemini.com\/es-es\/wp-json\/wp\/v2\/industry?post=5393"},{"taxonomy":"partners","embeddable":true,"href":"https:\/\/www.capgemini.com\/es-es\/wp-json\/wp\/v2\/partners?post=5393"},{"taxonomy":"page-type","embeddable":true,"href":"https:\/\/www.capgemini.com\/es-es\/wp-json\/wp\/v2\/page-type?post=5393"},{"taxonomy":"content-group","embeddable":true,"href":"https:\/\/www.capgemini.com\/es-es\/wp-json\/wp\/v2\/content-group?post=5393"}],"curies":[{"name":"wp","href":"https:\/\/api.w.org\/{rel}","templated":true}]}}