{"id":5384,"date":"2022-04-01T06:08:00","date_gmt":"2022-04-01T06:08:00","guid":{"rendered":"https:\/\/www.capgemini.com\/?page_id=667908"},"modified":"2026-01-06T09:03:51","modified_gmt":"2026-01-06T08:03:51","slug":"gestion-de-identidad-y-acceso","status":"publish","type":"page","link":"https:\/\/www.capgemini.com\/es-es\/soluciones\/gestion-de-identidad-y-acceso\/","title":{"rendered":"Gesti\u00f3n de identidad y acceso"},"content":{"rendered":"\n<header class=\"wp-block-cg-blocks-hero-reusable header heroReusable  \"><div class=\"header-bgs\"><picture><source srcset=\"https:\/\/www.capgemini.com\/wp-content\/uploads\/2022\/05\/Capgemini_Solution_Identity-and-Access-Management.jpg?w=2880&amp;quality=70 1x, https:\/\/www.capgemini.com\/wp-content\/uploads\/2022\/05\/Capgemini_Solution_Identity-and-Access-Management.jpg?w=2880&amp;quality=70 2x\" media=\"(min-width: 1500px)\"\/><source srcset=\"https:\/\/www.capgemini.com\/wp-content\/uploads\/2022\/05\/Capgemini_Solution_Identity-and-Access-Management.jpg?w=1440&amp;quality=70 1x, https:\/\/www.capgemini.com\/wp-content\/uploads\/2022\/05\/Capgemini_Solution_Identity-and-Access-Management.jpg?w=2880&amp;quality=70 2x\" media=\"(min-width: 992px)\"\/><source srcset=\"https:\/\/www.capgemini.com\/wp-content\/uploads\/2022\/05\/Capgemini_Solution_Identity-and-Access-Management.jpg?w=1024&amp;quality=70 1x, https:\/\/www.capgemini.com\/wp-content\/uploads\/2022\/05\/Capgemini_Solution_Identity-and-Access-Management.jpg?w=1024&amp;quality=70 2x\" media=\"(min-width: 768px)\"\/><source srcset=\"https:\/\/www.capgemini.com\/wp-content\/uploads\/2022\/05\/Capgemini_Solution_Identity-and-Access-Management.jpg?w=768&amp;quality=70 1x, https:\/\/www.capgemini.com\/wp-content\/uploads\/2022\/05\/Capgemini_Solution_Identity-and-Access-Management.jpg?w=768&amp;quality=70 2x\" media=\"(min-width: 0)\"\/><img decoding=\"async\" src=\"https:\/\/www.capgemini.com\/wp-content\/uploads\/2022\/05\/Capgemini_Solution_Identity-and-Access-Management.jpg\" class=\"header-img header-img-d\" alt=\"\" style=\"object-fit:cover;object-position:50% 50%\" loading=\"eager\"\/><\/picture><\/div><div class=\"heroPictureCardHeaderShape\"><\/div><div class=\"container\"><div class=\"row\"><div class=\"col-md-12\"><div class=\"box\"><div class=\"boxTagWrapper\"><div class=\"tagInfo\"><div><span class=\"box-tag\">Solution<\/span><\/div><\/div><\/div><div class=\"box-title\"><h1 data-maxlength=\"34\">Gesti\u00f3n de identidad y acceso<\/h1><\/div><div class=\"inner-row-insight download-btn\"><\/div><\/div><\/div><\/div><\/div><\/header>\n\n\n\n<section class=\"wp-block-cg-blocks-intro-para undefined section section--intro\"><div class=\"intro-para\"><div class=\"container\"><div class=\"row\"><div class=\"col-12 col-md-1\"><nav class=\"article-social\"><ul class=\"social-nav\"><li class=\"ip-order-fb\"><a href=\"https:\/\/www.facebook.com\/sharer\/sharer.php?u=https:\/\/www.capgemini.com\/es-es\/soluciones\/gestion-de-identidad-y-acceso\/\" target=\"_blank\" rel=\"noopener noreferrer\" title=\"abrir en una nueva ventana\"><i aria-hidden=\"true\" class=\"icon-fb\"><\/i><span class=\"sr-only\">Facebook<\/span><\/a><\/li><li class=\"ip-order-li\"><a href=\"https:\/\/www.linkedin.com\/sharing\/share-offsite\/?url=https:\/\/www.capgemini.com\/es-es\/soluciones\/gestion-de-identidad-y-acceso\/\" target=\"_blank\" rel=\"noopener noreferrer\" title=\"abrir en una nueva ventana\"><i aria-hidden=\"true\" class=\"icon-li\"><\/i><span class=\"sr-only\">Linkedin<\/span><\/a><\/li><\/ul><\/nav><\/div><div class=\"col-12 col-md-11 col-lg-10\"><h2 class=\"intro-para-title\">La adopci\u00f3n de tecnolog\u00edas sociales, m\u00f3viles, anal\u00edticas, de la nube e Internet de las cosas (SMACT) como parte de tu transformaci\u00f3n digital no tiene por qu\u00e9 significar nuevos riesgos para los datos confidenciales y otros activos.<\/h2><p class=\"intro-para-content\">Con nuestros servicios de Gesti\u00f3n de Acceso e Identidad (IAM), puedes gestionar los riesgos de seguridad cibern\u00e9tica y tener el control de nuevas formas de trabajar.<\/p><\/div><\/div><\/div><\/div><\/section>\n\n\n\n<section class=\"wp-block-cg-blocks-intro-para-video section section--info-2cols section--insights section-video \"><div class=\"bg-color video-align-left\"><div class=\"container\"><div class=\"row video-align-right\"><div class=\"col-md-12\"><div class=\"video-align-right row box box--4 box--mini\"><div class=\"col-md-1\"><\/div><div class=\"col-md-8 box-img-wrapper\"><div class=\"video-box\"><div class=\"video-wrapper\"><iframe title=\"video-section\" src=\"https:\/\/www.youtube.com\/embed\/1Os3JZ9cYhg?rel=0&amp;modestbranding=1&amp;playsinline=1&amp;enablejsapi=1\" frameborder=\"0\" allow=\"accelerometer; autoplay; clipboard-write; encrypted-media; gyroscope; picture-in-picture\" allowfullscreen loading=\"lazy\" referrerpolicy=\"strict-origin-when-cross-origin\"><\/iframe><\/div><\/div><\/div><div class=\"col-md-3\"><h3 class=\"Video-title\" data-maxlength=\"34\">IDaaS de Capgemini<\/h3><div class=\"video-info\"><p data-maxlength=\"68\">Controle el acceso a los datos de su empresa de forma m\u00e1s segura.<\/p><\/div><\/div><div class=\"col-md-1\"><\/div><\/div><\/div><\/div><\/div><\/div><\/section>\n\n\n\n<section class=\"wp-block-cg-blocks-group undefined section section--article-content\"><div class=\"article-main-content\"><div class=\"container\"><div class=\"row\"><div class=\"col-12 col-md-11 col-lg-10 offset-md-1 offset-lg-1\"><div class=\"article-text article-quote-text\">\n<h3 class=\"wp-block-heading\" id=\"h-tu-primera-linea-de-ciberdefensa\"><strong>Tu primera l\u00ednea de ciberdefensa<\/strong><\/h3>\n\n\n\n<p>A medida que conectas con m\u00e1s y m\u00e1s clientes, socios comerciales y terceros, el alcance de la identidad de tu negocio se expandir\u00e1 de forma paralela.<\/p>\n\n\n\n<p>Nuestros informes recientes muestran que el 84 % de las organizaciones considera que la capacidad de admitir diferentes tipos de administraci\u00f3n de acceso, como m\u00e9todos de autenticaci\u00f3n alternativos e inicios de sesi\u00f3n en redes sociales, es una prioridad alta. Sin embargo, solo el 21% se siente equipado con soluciones para la autenticaci\u00f3n adaptativa.<\/p>\n\n\n\n<p>Tu infraestructura de Identidad y Gesti\u00f3n de Acceso se convertir\u00e1 en la nueva puerta de entrada a trav\u00e9s de la cual obtendr\u00e1n acceso a tus recursos corporativos. Su eficiencia y eficacia ser\u00e1n fundamentales para las operaciones comerciales y una piedra angular de tu ciberseguridad. Debes proteger tus activos ya que los empleados que usan m\u00faltiples dispositivos desde cualquier ubicaci\u00f3n buscan acceso a aplicaciones relacionadas con el trabajo.<\/p>\n\n\n\n<p>IAM debe ser tu primera l\u00ednea de defensa cibern\u00e9tica para mantenerte protegido.<\/p>\n\n\n\n<h2 class=\"wp-block-heading\" id=\"h-\"><\/h2>\n\n\n\n<h3 class=\"wp-block-heading\" id=\"h-personas-adecuadas-recursos-adecuados-momento-adecuado\"><strong>Personas adecuadas, recursos adecuados, momento adecuado<\/strong><\/h3>\n\n\n\n<p>IAM es un habilitador de negocios crucial. Con ello, puedes asegurar el intercambio de informaci\u00f3n de identidad entre nuevas aplicaciones orientadas al consumidor, controlar los riesgos internos y proteger tu empresa contra ataques cibern\u00e9ticos. Esto significa que las personas adecuadas obtienen acceso a los recursos adecuados en el momento adecuado.<\/p>\n\n\n\n<p>Nuestro enfoque transformador trabaja con las personas adecuadas en tu negocio para garantizar una implementaci\u00f3n exitosa de IAM.<\/p>\n\n\n\n<p>Te ayudamos a definir tu estrategia de IAM y ponemos a tu disposici\u00f3n los siguiente servicios:<\/p>\n\n\n\n<ul class=\"wp-block-list\">\n<li>Registro y autenticaci\u00f3n de usuarios<\/li>\n\n\n\n<li>Gesti\u00f3n de derechos de usuario<\/li>\n\n\n\n<li>Control de acceso a los recursos<\/li>\n\n\n\n<li>Auditor\u00eda de las actividades de los usuarios<\/li>\n<\/ul>\n\n\n\n<h2 class=\"wp-block-heading\" id=\"h-\"><\/h2>\n\n\n\n<h2 class=\"wp-block-heading\" id=\"h-experiencia-global-en-iam-que-hace-posible-la-transformacion-digital\"><strong>Experiencia global en IAM que hace posible la transformaci\u00f3n digital<\/strong><\/h2>\n\n\n\n<p>M\u00e1s de 40 asignaciones importantes de IAM a nivel mundial en los \u00faltimos cinco a\u00f1os nos han reportado una visi\u00f3n \u00fanica del panorama de IAM. Las organizaciones ya han decidido trabajar con nosotros para comprender tus desaf\u00edos de IAM y desarrollar tu visi\u00f3n, estrategia, alineamiento comercial y caso comercial.<\/p>\n\n\n\n<p>Nos asociamos con los principales proveedores de IAM y llevamos a cabo el cambio comercial, la implementaci\u00f3n t\u00e9cnica y la integraci\u00f3n de la mejor soluci\u00f3n de IAM para las necesidades individuales de cada cliente. Hacemos que IAM suceda como parte de un enfoque equilibrado y pragm\u00e1tico para proteger los activos digitales.<\/p>\n<\/div><\/div><\/div><\/div><\/div><\/section>\n","protected":false},"excerpt":{"rendered":"","protected":false},"author":35,"featured_media":5385,"parent":537594,"menu_order":0,"comment_status":"closed","ping_status":"closed","template":"","meta":{"cg_dt_proposed_to":[0],"cg_seo_hreflang_relations":"[]","cg_seo_canonical_relation":"","cg_seo_hreflang_x_default_relation":"","cg_dt_approved_content":false,"cg_dt_mandatory_content":false,"cg_dt_notes":"","cg_dg_source_changed":false,"cg_dt_link_disabled":false,"_yoast_wpseo_primary_brand":"","footnotes":"","featured_focal_points":"","partner_card_description":"","gsap_animation":0},"brand":[],"partner_type":[],"service":[47],"industry":[],"partners":[],"page-type":[339],"content-group":[],"class_list":["post-5384","page","type-page","status-publish","has-post-thumbnail","hentry","service-cybersecurity","page-type-solutions"],"yoast_head":"<!-- This site is optimized with the Yoast SEO Premium plugin v22.8 (Yoast SEO v22.8) - https:\/\/yoast.com\/wordpress\/plugins\/seo\/ -->\n<title>Gesti\u00f3n de identidad y acceso | Capgemini<\/title>\n<meta name=\"description\" content=\"Gracias a los servicios de Gesti\u00f3n de Acceso e Identidad (IAM) de Capgemini puedes gestionar los riesgos de seguridad cibern\u00e9tica y tener el control de nuevas formas de trabajar.\" \/>\n<meta name=\"robots\" content=\"index, follow, max-snippet:-1, max-image-preview:large, max-video-preview:-1\" \/>\n<link rel=\"canonical\" href=\"https:\/\/www.capgemini.com\/es-es\/soluciones\/gestion-de-identidad-y-acceso\/\" \/>\n<meta property=\"og:locale\" content=\"es_ES\" \/>\n<meta property=\"og:type\" content=\"article\" \/>\n<meta property=\"og:title\" content=\"Gesti\u00f3n de identidad y acceso\" \/>\n<meta property=\"og:description\" content=\"Gracias a los servicios de Gesti\u00f3n de Acceso e Identidad (IAM) de Capgemini puedes gestionar los riesgos de seguridad cibern\u00e9tica y tener el control de nuevas formas de trabajar.\" \/>\n<meta property=\"og:url\" content=\"https:\/\/www.capgemini.com\/es-es\/soluciones\/gestion-de-identidad-y-acceso\/\" \/>\n<meta property=\"og:site_name\" content=\"Capgemini Spain\" \/>\n<meta property=\"article:modified_time\" content=\"2026-01-06T08:03:51+00:00\" \/>\n<meta property=\"og:image\" content=\"https:\/\/www.capgemini.com\/es-es\/wp-content\/uploads\/sites\/16\/2025\/10\/New-Web-preview-global.jpg\" \/>\n\t<meta property=\"og:image:width\" content=\"1200\" \/>\n\t<meta property=\"og:image:height\" content=\"627\" \/>\n\t<meta property=\"og:image:type\" content=\"image\/jpeg\" \/>\n<meta name=\"twitter:card\" content=\"summary_large_image\" \/>\n<script type=\"application\/ld+json\" class=\"yoast-schema-graph\">{\"@context\":\"https:\/\/schema.org\",\"@graph\":[{\"@type\":\"WebPage\",\"@id\":\"https:\/\/www.capgemini.com\/es-es\/soluciones\/gestion-de-identidad-y-acceso\/\",\"url\":\"https:\/\/www.capgemini.com\/es-es\/soluciones\/gestion-de-identidad-y-acceso\/\",\"name\":\"Gesti\u00f3n de identidad y acceso | Capgemini\",\"isPartOf\":{\"@id\":\"https:\/\/www.capgemini.com\/es-es\/#website\"},\"primaryImageOfPage\":{\"@id\":\"https:\/\/www.capgemini.com\/es-es\/soluciones\/gestion-de-identidad-y-acceso\/#primaryimage\"},\"image\":{\"@id\":\"https:\/\/www.capgemini.com\/es-es\/soluciones\/gestion-de-identidad-y-acceso\/#primaryimage\"},\"thumbnailUrl\":\"\",\"datePublished\":\"2022-04-01T06:08:00+00:00\",\"dateModified\":\"2026-01-06T08:03:51+00:00\",\"description\":\"Gracias a los servicios de Gesti\u00f3n de Acceso e Identidad (IAM) de Capgemini puedes gestionar los riesgos de seguridad cibern\u00e9tica y tener el control de nuevas formas de trabajar.\",\"breadcrumb\":{\"@id\":\"https:\/\/www.capgemini.com\/es-es\/soluciones\/gestion-de-identidad-y-acceso\/#breadcrumb\"},\"inLanguage\":\"es-ES\",\"potentialAction\":[{\"@type\":\"ReadAction\",\"target\":[\"https:\/\/www.capgemini.com\/es-es\/soluciones\/gestion-de-identidad-y-acceso\/\"]}]},{\"@type\":\"ImageObject\",\"inLanguage\":\"es-ES\",\"@id\":\"https:\/\/www.capgemini.com\/es-es\/soluciones\/gestion-de-identidad-y-acceso\/#primaryimage\",\"url\":\"\",\"contentUrl\":\"\"},{\"@type\":\"BreadcrumbList\",\"@id\":\"https:\/\/www.capgemini.com\/es-es\/soluciones\/gestion-de-identidad-y-acceso\/#breadcrumb\",\"itemListElement\":[{\"@type\":\"ListItem\",\"position\":1,\"name\":\"Home\",\"item\":\"https:\/\/www.capgemini.com\/es-es\/\"},{\"@type\":\"ListItem\",\"position\":2,\"name\":\"Soluciones\",\"item\":\"https:\/\/www.capgemini.com\/es-es\/soluciones\/\"},{\"@type\":\"ListItem\",\"position\":3,\"name\":\"Gesti\u00f3n de identidad y acceso\"}]},{\"@type\":\"WebSite\",\"@id\":\"https:\/\/www.capgemini.com\/es-es\/#website\",\"url\":\"https:\/\/www.capgemini.com\/es-es\/\",\"name\":\"Capgemini Espa\u00f1a\",\"description\":\"Capgemini\",\"potentialAction\":[{\"@type\":\"SearchAction\",\"target\":{\"@type\":\"EntryPoint\",\"urlTemplate\":\"https:\/\/www.capgemini.com\/es-es\/?s={search_term_string}\"},\"query-input\":\"required name=search_term_string\"}],\"inLanguage\":\"es-ES\"}]}<\/script>\n<!-- \/ Yoast SEO Premium plugin. -->","yoast_head_json":{"title":"Gesti\u00f3n de identidad y acceso | Capgemini","description":"Gracias a los servicios de Gesti\u00f3n de Acceso e Identidad (IAM) de Capgemini puedes gestionar los riesgos de seguridad cibern\u00e9tica y tener el control de nuevas formas de trabajar.","robots":{"index":"index","follow":"follow","max-snippet":"max-snippet:-1","max-image-preview":"max-image-preview:large","max-video-preview":"max-video-preview:-1"},"canonical":"https:\/\/www.capgemini.com\/es-es\/soluciones\/gestion-de-identidad-y-acceso\/","og_locale":"es_ES","og_type":"article","og_title":"Gesti\u00f3n de identidad y acceso","og_description":"Gracias a los servicios de Gesti\u00f3n de Acceso e Identidad (IAM) de Capgemini puedes gestionar los riesgos de seguridad cibern\u00e9tica y tener el control de nuevas formas de trabajar.","og_url":"https:\/\/www.capgemini.com\/es-es\/soluciones\/gestion-de-identidad-y-acceso\/","og_site_name":"Capgemini Spain","article_modified_time":"2026-01-06T08:03:51+00:00","og_image":[{"width":1200,"height":627,"url":"https:\/\/www.capgemini.com\/es-es\/wp-content\/uploads\/sites\/16\/2025\/10\/New-Web-preview-global.jpg","type":"image\/jpeg"}],"twitter_card":"summary_large_image","schema":{"@context":"https:\/\/schema.org","@graph":[{"@type":"WebPage","@id":"https:\/\/www.capgemini.com\/es-es\/soluciones\/gestion-de-identidad-y-acceso\/","url":"https:\/\/www.capgemini.com\/es-es\/soluciones\/gestion-de-identidad-y-acceso\/","name":"Gesti\u00f3n de identidad y acceso | Capgemini","isPartOf":{"@id":"https:\/\/www.capgemini.com\/es-es\/#website"},"primaryImageOfPage":{"@id":"https:\/\/www.capgemini.com\/es-es\/soluciones\/gestion-de-identidad-y-acceso\/#primaryimage"},"image":{"@id":"https:\/\/www.capgemini.com\/es-es\/soluciones\/gestion-de-identidad-y-acceso\/#primaryimage"},"thumbnailUrl":"","datePublished":"2022-04-01T06:08:00+00:00","dateModified":"2026-01-06T08:03:51+00:00","description":"Gracias a los servicios de Gesti\u00f3n de Acceso e Identidad (IAM) de Capgemini puedes gestionar los riesgos de seguridad cibern\u00e9tica y tener el control de nuevas formas de trabajar.","breadcrumb":{"@id":"https:\/\/www.capgemini.com\/es-es\/soluciones\/gestion-de-identidad-y-acceso\/#breadcrumb"},"inLanguage":"es-ES","potentialAction":[{"@type":"ReadAction","target":["https:\/\/www.capgemini.com\/es-es\/soluciones\/gestion-de-identidad-y-acceso\/"]}]},{"@type":"ImageObject","inLanguage":"es-ES","@id":"https:\/\/www.capgemini.com\/es-es\/soluciones\/gestion-de-identidad-y-acceso\/#primaryimage","url":"","contentUrl":""},{"@type":"BreadcrumbList","@id":"https:\/\/www.capgemini.com\/es-es\/soluciones\/gestion-de-identidad-y-acceso\/#breadcrumb","itemListElement":[{"@type":"ListItem","position":1,"name":"Home","item":"https:\/\/www.capgemini.com\/es-es\/"},{"@type":"ListItem","position":2,"name":"Soluciones","item":"https:\/\/www.capgemini.com\/es-es\/soluciones\/"},{"@type":"ListItem","position":3,"name":"Gesti\u00f3n de identidad y acceso"}]},{"@type":"WebSite","@id":"https:\/\/www.capgemini.com\/es-es\/#website","url":"https:\/\/www.capgemini.com\/es-es\/","name":"Capgemini Espa\u00f1a","description":"Capgemini","potentialAction":[{"@type":"SearchAction","target":{"@type":"EntryPoint","urlTemplate":"https:\/\/www.capgemini.com\/es-es\/?s={search_term_string}"},"query-input":"required name=search_term_string"}],"inLanguage":"es-ES"}]}},"brand_term":[],"parsely":{"version":"1.1.0","canonical_url":"https:\/\/capgemini.com\/es-es\/soluciones\/gestion-de-identidad-y-acceso\/","smart_links":{"inbound":0,"outbound":0},"traffic_boost_suggestions_count":0,"meta":{"@context":"https:\/\/schema.org","@type":"WebPage","headline":"Gesti\u00f3n de identidad y acceso","url":"https:\/\/www.capgemini.com\/es-es\/soluciones\/gestion-de-identidad-y-acceso\/","mainEntityOfPage":{"@type":"WebPage","@id":"https:\/\/www.capgemini.com\/es-es\/soluciones\/gestion-de-identidad-y-acceso\/"},"thumbnailUrl":"","image":{"@type":"ImageObject","url":""},"articleSection":"Uncategorized","author":[],"creator":[],"publisher":{"@type":"Organization","name":"Capgemini Spain","logo":""},"keywords":[],"dateCreated":"2022-04-01T06:08:00Z","datePublished":"2022-04-01T06:08:00Z","dateModified":"2026-01-06T08:03:51Z"},"rendered":"<meta name=\"parsely-title\" content=\"Gesti\u00f3n de identidad y acceso\" \/>\n<meta name=\"parsely-link\" content=\"https:\/\/www.capgemini.com\/es-es\/soluciones\/gestion-de-identidad-y-acceso\/\" \/>\n<meta name=\"parsely-type\" content=\"index\" \/>\n<meta name=\"parsely-pub-date\" content=\"2022-04-01T06:08:00Z\" \/>\n<meta name=\"parsely-section\" content=\"Uncategorized\" \/>","tracker_url":"https:\/\/cdn.parsely.com\/keys\/capgemini.com\/p.js"},"archive_status":false,"featured_image_src":"https:\/\/www.capgemini.com\/es-es\/wp-content\/themes\/capgemini2025\/assets\/images\/mockup.png","featured_image_alt":"","jetpack_sharing_enabled":true,"distributor_meta":false,"distributor_terms":false,"distributor_media":false,"distributor_original_site_name":"Capgemini Spain","distributor_original_site_url":"https:\/\/www.capgemini.com\/es-es","push-errors":false,"_links":{"self":[{"href":"https:\/\/www.capgemini.com\/es-es\/wp-json\/wp\/v2\/pages\/5384","targetHints":{"allow":["GET"]}}],"collection":[{"href":"https:\/\/www.capgemini.com\/es-es\/wp-json\/wp\/v2\/pages"}],"about":[{"href":"https:\/\/www.capgemini.com\/es-es\/wp-json\/wp\/v2\/types\/page"}],"author":[{"embeddable":true,"href":"https:\/\/www.capgemini.com\/es-es\/wp-json\/wp\/v2\/users\/35"}],"replies":[{"embeddable":true,"href":"https:\/\/www.capgemini.com\/es-es\/wp-json\/wp\/v2\/comments?post=5384"}],"version-history":[{"count":4,"href":"https:\/\/www.capgemini.com\/es-es\/wp-json\/wp\/v2\/pages\/5384\/revisions"}],"predecessor-version":[{"id":577999,"href":"https:\/\/www.capgemini.com\/es-es\/wp-json\/wp\/v2\/pages\/5384\/revisions\/577999"}],"up":[{"embeddable":true,"href":"https:\/\/www.capgemini.com\/es-es\/wp-json\/wp\/v2\/pages\/537594"}],"wp:featuredmedia":[{"embeddable":true,"href":"https:\/\/www.capgemini.com\/es-es\/wp-json\/"}],"wp:attachment":[{"href":"https:\/\/www.capgemini.com\/es-es\/wp-json\/wp\/v2\/media?parent=5384"}],"wp:term":[{"taxonomy":"brand","embeddable":true,"href":"https:\/\/www.capgemini.com\/es-es\/wp-json\/wp\/v2\/brand?post=5384"},{"taxonomy":"partner_type","embeddable":true,"href":"https:\/\/www.capgemini.com\/es-es\/wp-json\/wp\/v2\/partner_type?post=5384"},{"taxonomy":"service","embeddable":true,"href":"https:\/\/www.capgemini.com\/es-es\/wp-json\/wp\/v2\/service?post=5384"},{"taxonomy":"industry","embeddable":true,"href":"https:\/\/www.capgemini.com\/es-es\/wp-json\/wp\/v2\/industry?post=5384"},{"taxonomy":"partners","embeddable":true,"href":"https:\/\/www.capgemini.com\/es-es\/wp-json\/wp\/v2\/partners?post=5384"},{"taxonomy":"page-type","embeddable":true,"href":"https:\/\/www.capgemini.com\/es-es\/wp-json\/wp\/v2\/page-type?post=5384"},{"taxonomy":"content-group","embeddable":true,"href":"https:\/\/www.capgemini.com\/es-es\/wp-json\/wp\/v2\/content-group?post=5384"}],"curies":[{"name":"wp","href":"https:\/\/api.w.org\/{rel}","templated":true}]}}