{"id":537022,"date":"2022-04-14T12:09:10","date_gmt":"2022-04-14T12:09:10","guid":{"rendered":"https:\/\/www.capgemini.com\/?page_id=678974"},"modified":"2025-10-14T13:20:39","modified_gmt":"2025-10-14T11:20:39","slug":"speak-up","status":"publish","type":"page","link":"https:\/\/www.capgemini.com\/es-es\/quienes-somos\/valores-y-etica\/speak-up\/","title":{"rendered":"SpeakUp"},"content":{"rendered":"\n<div class=\"wp-block-cg-blocks-hero-picture-card undefined is-style-blue-theme-2  heroPictureCard\"><div class=\"heroPictureCardBgs\"><picture><source srcset=\"https:\/\/www.capgemini.com\/wp-content\/uploads\/2021\/09\/Capgemini_Ethics_SpeakUP.jpg?w=2880&amp;quality=70 1x, https:\/\/www.capgemini.com\/wp-content\/uploads\/2021\/09\/Capgemini_Ethics_SpeakUP.jpg?w=2880&amp;quality=70 2x\" media=\"(min-width: 1500px)\"\/><source srcset=\"https:\/\/www.capgemini.com\/wp-content\/uploads\/2021\/09\/Capgemini_Ethics_SpeakUP.jpg?w=1440&amp;quality=70 1x, https:\/\/www.capgemini.com\/wp-content\/uploads\/2021\/09\/Capgemini_Ethics_SpeakUP.jpg?w=2880&amp;quality=70 2x\" media=\"(min-width: 992px)\"\/><source srcset=\"https:\/\/www.capgemini.com\/wp-content\/uploads\/2021\/09\/Capgemini_Ethics_SpeakUP.jpg?w=1024&amp;quality=70 1x, https:\/\/www.capgemini.com\/wp-content\/uploads\/2021\/09\/Capgemini_Ethics_SpeakUP.jpg?w=1024&amp;quality=70 2x\" media=\"(min-width: 768px)\"\/><source srcset=\"https:\/\/www.capgemini.com\/wp-content\/uploads\/2021\/09\/Capgemini_Ethics_SpeakUP.jpg?w=768&amp;quality=70 1x, https:\/\/www.capgemini.com\/wp-content\/uploads\/2021\/09\/Capgemini_Ethics_SpeakUP.jpg?w=768&amp;quality=70 2x\" media=\"(min-width: 0)\"\/><img decoding=\"async\" src=\"https:\/\/www.capgemini.com\/wp-content\/uploads\/2021\/09\/Capgemini_Ethics_SpeakUP.jpg\" class=\"desktopImage\" alt=\"\" style=\"object-fit:cover;object-position:0% 43%\" loading=\"eager\"\/><\/picture><picture><source srcset=\"https:\/\/www.capgemini.com\/wp-content\/uploads\/2021\/09\/Capgemini_Ethics_SpeakUP.jpg?w=2880&amp;quality=70 1x, https:\/\/www.capgemini.com\/wp-content\/uploads\/2021\/09\/Capgemini_Ethics_SpeakUP.jpg?w=2880&amp;quality=70 2x\" media=\"(min-width: 1500px)\"\/><source srcset=\"https:\/\/www.capgemini.com\/wp-content\/uploads\/2021\/09\/Capgemini_Ethics_SpeakUP.jpg?w=1440&amp;quality=70 1x, https:\/\/www.capgemini.com\/wp-content\/uploads\/2021\/09\/Capgemini_Ethics_SpeakUP.jpg?w=2880&amp;quality=70 2x\" media=\"(min-width: 992px)\"\/><source srcset=\"https:\/\/www.capgemini.com\/wp-content\/uploads\/2021\/09\/Capgemini_Ethics_SpeakUP.jpg?w=1024&amp;quality=70 1x, https:\/\/www.capgemini.com\/wp-content\/uploads\/2021\/09\/Capgemini_Ethics_SpeakUP.jpg?w=1024&amp;quality=70 2x\" media=\"(min-width: 768px)\"\/><source srcset=\"https:\/\/www.capgemini.com\/wp-content\/uploads\/2021\/09\/Capgemini_Ethics_SpeakUP.jpg?w=768&amp;quality=70 1x, https:\/\/www.capgemini.com\/wp-content\/uploads\/2021\/09\/Capgemini_Ethics_SpeakUP.jpg?w=768&amp;quality=70 2x\" media=\"(min-width: 0)\"\/><img decoding=\"async\" src=\"https:\/\/www.capgemini.com\/wp-content\/uploads\/2021\/09\/Capgemini_Ethics_SpeakUP.jpg\" class=\"mobileImage\" alt=\"\" style=\"object-fit:cover;object-position:0% 43%\" loading=\"eager\"\/><\/picture><\/div><div class=\"heroPictureCardHeaderShape\"><\/div><div class=\"container\"><div class=\"row\"><div class=\"col-md-8 col-lg-6\"><div class=\"heroPictureCardBox\"><div class=\"heroPictureCardBoxTitle\"><h1 data-maxlength=\"144\">SpeakUp<\/h1><\/div><\/div><\/div><\/div><\/div><div class=\"small-device\"><div class=\"brandLogoWrapper\"> <\/div><\/div><\/div>\n\n\n\n<section class=\"wp-block-cg-blocks-intro-para section section--intro\"><div class=\"intro-para\"><div class=\"container\"><div class=\"row\"><div class=\"col-12 col-md-11 col-lg-10\"><h2 class=\"intro-para-title\">SpeakUp es una herramienta de asesoramiento, gesti\u00f3n de incidentes y generaci\u00f3n de informes \u00e9ticos, accesible mediante web y tel\u00e9fono y ofrecida por un proveedor de servicios independiente.<\/h2><\/div><\/div><\/div><\/div><\/section>\n\n\n\n<section class=\"wp-block-cg-blocks-group undefined section section--article-content\"><div class=\"article-main-content\"><div class=\"container\"><div class=\"row\"><div class=\"col-12 col-md-11 col-lg-10 offset-md-1 offset-lg-1\"><div class=\"article-text article-quote-text\">\n<p><strong>SpeakUp<\/strong> es un sistema de recepci\u00f3n de comunicaciones en torno a la \u00e9tica, voluntario y confidencial, que permite el anonimato y que puede ser utilizado v\u00eda web y telef\u00f3nica, por los empleados de Capgemini, consultores externos, contratistas, clientes, proveedores y socios comerciales, entre otros.<\/p>\n\n\n\n<p><strong>SpeakUp<\/strong> cumple con los requisitos legales de la normativa espa\u00f1ola y de aquellas jurisdicciones que cuentan con regulaci\u00f3n en materia de comunicaci\u00f3n de irregularidades. Defendemos la libertad de nuestra gente y la de terceros con los que nos relacionamos para plantear inquietudes o comunicaciones sobre irregularidades \u00e9ticas o de cumplimiento normativo. <strong>SpeakUp<\/strong> tambi\u00e9n contribuye a salvaguardar el compromiso de Capgemini con los m\u00e1s altos est\u00e1ndares de cultura \u00e9tica.<\/p>\n\n\n\n<p>Garantiza la equidad, la justicia organizativa y la investigaci\u00f3n efectiva y \u00e1gil, de acuerdo con los procedimientos internos establecidos al efecto. Capgemini se compromete a no adoptar represalias de cualquier \u00edndole contra aquellos que comuniquen de buena fe una irregularidad, ni contra aquellos que participen o colaboren de buena fe en la comunicaci\u00f3n o esclarecimiento de los hechos.<\/p>\n\n\n\n<p>Puedes utilizar <strong>SpeakUp<\/strong> para informar sobre acciones u omisiones que puedan suponer:<\/p>\n\n\n\n<ul class=\"wp-block-list\">\n<li>Una infracci\u00f3n de nuestro C\u00f3digo de \u00e9tica empresarial o de las pol\u00edticas de \u00e9tica y cumplimiento relacionadas.<\/li>\n\n\n\n<li>Una infracci\u00f3n de la legislaci\u00f3n aplicable detallada en el alcance de la Pol\u00edtica de <strong>SpeakUp<\/strong>.<\/li>\n<\/ul>\n\n\n\n<div class=\"wp-block-buttons is-content-justification-center is-layout-flex wp-container-core-buttons-is-layout-a89b3969 wp-block-buttons-is-layout-flex\">\n<div class=\"wp-block-button has-custom-width wp-block-button__width-50\"><a class=\"wp-block-button__link wp-element-button\" href=\"https:\/\/www.capgemini.com\/es-es\/wp-content\/uploads\/sites\/16\/2025\/03\/231110_SpeakUpPolicy_Spain_ES.pdf\">Pol\u00edtica SpeakUp (espa\u00f1ol)<\/a><\/div>\n\n\n\n<div class=\"wp-block-button has-custom-width wp-block-button__width-50\"><a class=\"wp-block-button__link wp-element-button\" href=\"https:\/\/www.capgemini.com\/es-es\/wp-content\/uploads\/sites\/16\/2024\/05\/231110-Communications-Management-Procedure_SpeakUp_SPA.pdf\" target=\"_blank\" rel=\"noreferrer noopener\">Procedimiento de Gesti\u00f3n de Informaciones<\/a><\/div>\n<\/div>\n\n\n\n<div style=\"height:100px\" aria-hidden=\"true\" class=\"wp-block-spacer\"><\/div>\n\n\n\n<div class=\"wp-block-columns is-layout-flex wp-container-core-columns-is-layout-28f84493 wp-block-columns-is-layout-flex\">\n<div class=\"wp-block-column is-layout-flow wp-block-column-is-layout-flow\" style=\"flex-basis:100%\">\n<div class=\"wp-block-buttons is-content-justification-center is-layout-flex wp-container-core-buttons-is-layout-a89b3969 wp-block-buttons-is-layout-flex\">\n<div class=\"wp-block-button\"><a class=\"wp-block-button__link wp-element-button\" href=\"https:\/\/capgemini.integrityline.com\/\"><strong>Acceso a Speak up<\/strong><\/a><\/div>\n<\/div>\n\n\n\n<section class=\"wp-block-cg-blocks-group undefined section section--article-content\"><div class=\"article-main-content\"><div class=\"container\"><div class=\"row\"><div class=\"col-12 col-md-11 col-lg-10 offset-md-1 offset-lg-1\"><div class=\"article-text article-quote-text\">\n<div class=\"wp-block-columns is-layout-flex wp-container-core-columns-is-layout-28f84493 wp-block-columns-is-layout-flex\">\n<div class=\"wp-block-column is-layout-flow wp-block-column-is-layout-flow\">\n<div class=\"wp-block-buttons is-content-justification-center is-layout-flex wp-container-core-buttons-is-layout-b5994976 wp-block-buttons-is-layout-flex\"><\/div>\n<\/div>\n<\/div>\n\n\n\n<div class=\"wp-block-group has-global-padding is-layout-constrained wp-block-group-is-layout-constrained\">\n<p class=\"has-text-align-center has-small-font-size\" style=\"font-style:italic;font-weight:300\"><strong>Informaci\u00f3n B\u00e1sica de Protecci\u00f3n de Datos SpeakUp<\/strong>: <strong>Responsable<\/strong><em>: Capgemini Espa\u00f1a, S.L. | <\/em><strong>Finalidad<\/strong><em>: dar curso y procesar las comunicaciones recibidas y realizar las investigaciones oportunas | <\/em><strong>Base Legal<\/strong><em>: cumplimiento obligaci\u00f3n legal e inter\u00e9s p\u00fablico | <\/em><strong>Derechos<\/strong><em>: acceso, rectificaci\u00f3n, supresi\u00f3n, oposici\u00f3n, limitaci\u00f3n del tratamiento, portabilidad y presentar una reclamaci\u00f3n ante AEPD. | <\/em><strong>+Info<\/strong><em>: consulte el<\/em><a href=\"https:\/\/www.capgemini.com\/es-es\/wp-content\/uploads\/sites\/16\/2025\/03\/250310_Privacy-Notice_SpeakUp_Spain_SPA.pdf\" target=\"_blank\" rel=\"noreferrer noopener\"> Aviso de protecci\u00f3n de datos.<\/a><\/p>\n<\/div>\n<\/div><\/div><\/div><\/div><\/div><\/section>\n<\/div>\n<\/div>\n\n\n\n<p>You can also access the English version of these documents here: <a href=\"https:\/\/www.capgemini.com\/es-es\/wp-content\/uploads\/sites\/16\/2025\/03\/231110_SpeakUpPolicy_Spain_EN.pdf\">SpeakUp Policy<\/a> | <a href=\"https:\/\/www.capgemini.com\/es-es\/wp-content\/uploads\/sites\/16\/2024\/05\/231110-Communications-Management-Procedure_SpeakUp_ENG.pdf\" target=\"_blank\" rel=\"noreferrer noopener\">Communications Management Procedure<\/a> | <a href=\"https:\/\/www.capgemini.com\/es-es\/wp-content\/uploads\/sites\/16\/2025\/03\/250310_Privacy-Notice_SpeakUp_Spain_ENG.pdf\" target=\"_blank\" rel=\"noreferrer noopener\">SpeakUp Privacy Notice<\/a><\/p>\n<\/div><\/div><\/div><\/div><\/div><\/section>\n","protected":false},"excerpt":{"rendered":"","protected":false},"author":121,"featured_media":0,"parent":536873,"menu_order":5,"comment_status":"closed","ping_status":"closed","template":"","meta":{"cg_dt_proposed_to":[0],"cg_seo_hreflang_relations":"[]","cg_seo_canonical_relation":"","cg_seo_hreflang_x_default_relation":"{\"uuid\":\"204612ef-502f-4e28-8df2-058131c08e99\",\"blogId\":\"\",\"domain\":\"\",\"sitePath\":\"\",\"postLink\":\"\",\"postId\":null,\"isSaved\":true,\"isCrossLink\":false,\"hasCrossLink\":false}","cg_dt_approved_content":false,"cg_dt_mandatory_content":false,"cg_dt_notes":"","cg_dg_source_changed":true,"cg_dt_link_disabled":false,"_yoast_wpseo_primary_brand":"30","footnotes":"","featured_focal_points":"","partner_card_description":"","gsap_animation":0},"brand":[30],"partner_type":[],"service":[],"industry":[],"partners":[],"page-type":[448],"content-group":[],"class_list":["post-537022","page","type-page","status-publish","hentry","brand-capgemini","page-type-about-us"],"yoast_head":"<!-- This site is optimized with the Yoast SEO Premium plugin v22.8 (Yoast SEO v22.8) - https:\/\/yoast.com\/wordpress\/plugins\/seo\/ -->\n<title>SpeakUp | Capgemini<\/title>\n<meta name=\"description\" content=\"SpeakUp es una herramienta web y telef\u00f3nica de informaci\u00f3n \u00e9tica, gesti\u00f3n de incidentes y asesoramiento.\" \/>\n<meta name=\"robots\" content=\"index, follow, max-snippet:-1, max-image-preview:large, max-video-preview:-1\" \/>\n<link rel=\"canonical\" href=\"https:\/\/www.capgemini.com\/es-es\/quienes-somos\/valores-y-etica\/speak-up\/\" \/>\n<meta property=\"og:locale\" content=\"es_ES\" \/>\n<meta property=\"og:type\" content=\"article\" \/>\n<meta property=\"og:title\" content=\"SpeakUp\" \/>\n<meta property=\"og:description\" content=\"SpeakUp es una herramienta web y telef\u00f3nica de informaci\u00f3n \u00e9tica, gesti\u00f3n de incidentes y asesoramiento.\" \/>\n<meta property=\"og:url\" content=\"https:\/\/www.capgemini.com\/es-es\/quienes-somos\/valores-y-etica\/speak-up\/\" \/>\n<meta property=\"og:site_name\" content=\"Capgemini Spain\" \/>\n<meta property=\"article:modified_time\" content=\"2025-10-14T11:20:39+00:00\" \/>\n<meta property=\"og:image\" content=\"https:\/\/www.capgemini.com\/wp-content\/uploads\/2021\/09\/Capgemini_Ethics_SpeakUP.jpg\" \/>\n<meta name=\"twitter:card\" content=\"summary_large_image\" \/>\n<meta name=\"twitter:label1\" content=\"Est. reading time\" \/>\n\t<meta name=\"twitter:data1\" content=\"2 minutes\" \/>\n<script type=\"application\/ld+json\" class=\"yoast-schema-graph\">{\"@context\":\"https:\/\/schema.org\",\"@graph\":[{\"@type\":\"WebPage\",\"@id\":\"https:\/\/www.capgemini.com\/es-es\/quienes-somos\/valores-y-etica\/speak-up\/\",\"url\":\"https:\/\/www.capgemini.com\/es-es\/quienes-somos\/valores-y-etica\/speak-up\/\",\"name\":\"SpeakUp | Capgemini\",\"isPartOf\":{\"@id\":\"https:\/\/www.capgemini.com\/es-es\/#website\"},\"primaryImageOfPage\":{\"@id\":\"https:\/\/www.capgemini.com\/es-es\/quienes-somos\/valores-y-etica\/speak-up\/#primaryimage\"},\"image\":{\"@id\":\"https:\/\/www.capgemini.com\/es-es\/quienes-somos\/valores-y-etica\/speak-up\/#primaryimage\"},\"thumbnailUrl\":\"https:\/\/www.capgemini.com\/wp-content\/uploads\/2021\/09\/Capgemini_Ethics_SpeakUP.jpg\",\"datePublished\":\"2022-04-14T12:09:10+00:00\",\"dateModified\":\"2025-10-14T11:20:39+00:00\",\"description\":\"SpeakUp es una herramienta web y telef\u00f3nica de informaci\u00f3n \u00e9tica, gesti\u00f3n de incidentes y asesoramiento.\",\"breadcrumb\":{\"@id\":\"https:\/\/www.capgemini.com\/es-es\/quienes-somos\/valores-y-etica\/speak-up\/#breadcrumb\"},\"inLanguage\":\"es-ES\",\"potentialAction\":[{\"@type\":\"ReadAction\",\"target\":[\"https:\/\/www.capgemini.com\/es-es\/quienes-somos\/valores-y-etica\/speak-up\/\"]}]},{\"@type\":\"ImageObject\",\"inLanguage\":\"es-ES\",\"@id\":\"https:\/\/www.capgemini.com\/es-es\/quienes-somos\/valores-y-etica\/speak-up\/#primaryimage\",\"url\":\"https:\/\/www.capgemini.com\/wp-content\/uploads\/2021\/09\/Capgemini_Ethics_SpeakUP.jpg\",\"contentUrl\":\"https:\/\/www.capgemini.com\/wp-content\/uploads\/2021\/09\/Capgemini_Ethics_SpeakUP.jpg\"},{\"@type\":\"BreadcrumbList\",\"@id\":\"https:\/\/www.capgemini.com\/es-es\/quienes-somos\/valores-y-etica\/speak-up\/#breadcrumb\",\"itemListElement\":[{\"@type\":\"ListItem\",\"position\":1,\"name\":\"Home\",\"item\":\"https:\/\/www.capgemini.com\/es-es\/\"},{\"@type\":\"ListItem\",\"position\":2,\"name\":\"Sobre nosotros\",\"item\":\"https:\/\/www.capgemini.com\/es-es\/sobre-nosotros\/\"},{\"@type\":\"ListItem\",\"position\":3,\"name\":\"Qui\u00e9nes somos\",\"item\":\"https:\/\/www.capgemini.com\/es-es\/sobre-nosotros\/quienes-somos\/\"},{\"@type\":\"ListItem\",\"position\":4,\"name\":\"Valores y \u00e9tica\",\"item\":\"https:\/\/www.capgemini.com\/es-es\/sobre-nosotros\/quienes-somos\/valores-y-etica\/\"},{\"@type\":\"ListItem\",\"position\":5,\"name\":\"SpeakUp\"}]},{\"@type\":\"WebSite\",\"@id\":\"https:\/\/www.capgemini.com\/es-es\/#website\",\"url\":\"https:\/\/www.capgemini.com\/es-es\/\",\"name\":\"Capgemini Espa\u00f1a\",\"description\":\"Capgemini\",\"potentialAction\":[{\"@type\":\"SearchAction\",\"target\":{\"@type\":\"EntryPoint\",\"urlTemplate\":\"https:\/\/www.capgemini.com\/es-es\/?s={search_term_string}\"},\"query-input\":\"required name=search_term_string\"}],\"inLanguage\":\"es-ES\"}]}<\/script>\n<!-- \/ Yoast SEO Premium plugin. -->","yoast_head_json":{"title":"SpeakUp | Capgemini","description":"SpeakUp es una herramienta web y telef\u00f3nica de informaci\u00f3n \u00e9tica, gesti\u00f3n de incidentes y asesoramiento.","robots":{"index":"index","follow":"follow","max-snippet":"max-snippet:-1","max-image-preview":"max-image-preview:large","max-video-preview":"max-video-preview:-1"},"canonical":"https:\/\/www.capgemini.com\/es-es\/quienes-somos\/valores-y-etica\/speak-up\/","og_locale":"es_ES","og_type":"article","og_title":"SpeakUp","og_description":"SpeakUp es una herramienta web y telef\u00f3nica de informaci\u00f3n \u00e9tica, gesti\u00f3n de incidentes y asesoramiento.","og_url":"https:\/\/www.capgemini.com\/es-es\/quienes-somos\/valores-y-etica\/speak-up\/","og_site_name":"Capgemini Spain","article_modified_time":"2025-10-14T11:20:39+00:00","og_image":[{"url":"https:\/\/www.capgemini.com\/wp-content\/uploads\/2021\/09\/Capgemini_Ethics_SpeakUP.jpg"}],"twitter_card":"summary_large_image","twitter_misc":{"Est. reading time":"2 minutes"},"schema":{"@context":"https:\/\/schema.org","@graph":[{"@type":"WebPage","@id":"https:\/\/www.capgemini.com\/es-es\/quienes-somos\/valores-y-etica\/speak-up\/","url":"https:\/\/www.capgemini.com\/es-es\/quienes-somos\/valores-y-etica\/speak-up\/","name":"SpeakUp | Capgemini","isPartOf":{"@id":"https:\/\/www.capgemini.com\/es-es\/#website"},"primaryImageOfPage":{"@id":"https:\/\/www.capgemini.com\/es-es\/quienes-somos\/valores-y-etica\/speak-up\/#primaryimage"},"image":{"@id":"https:\/\/www.capgemini.com\/es-es\/quienes-somos\/valores-y-etica\/speak-up\/#primaryimage"},"thumbnailUrl":"https:\/\/www.capgemini.com\/wp-content\/uploads\/2021\/09\/Capgemini_Ethics_SpeakUP.jpg","datePublished":"2022-04-14T12:09:10+00:00","dateModified":"2025-10-14T11:20:39+00:00","description":"SpeakUp es una herramienta web y telef\u00f3nica de informaci\u00f3n \u00e9tica, gesti\u00f3n de incidentes y asesoramiento.","breadcrumb":{"@id":"https:\/\/www.capgemini.com\/es-es\/quienes-somos\/valores-y-etica\/speak-up\/#breadcrumb"},"inLanguage":"es-ES","potentialAction":[{"@type":"ReadAction","target":["https:\/\/www.capgemini.com\/es-es\/quienes-somos\/valores-y-etica\/speak-up\/"]}]},{"@type":"ImageObject","inLanguage":"es-ES","@id":"https:\/\/www.capgemini.com\/es-es\/quienes-somos\/valores-y-etica\/speak-up\/#primaryimage","url":"https:\/\/www.capgemini.com\/wp-content\/uploads\/2021\/09\/Capgemini_Ethics_SpeakUP.jpg","contentUrl":"https:\/\/www.capgemini.com\/wp-content\/uploads\/2021\/09\/Capgemini_Ethics_SpeakUP.jpg"},{"@type":"BreadcrumbList","@id":"https:\/\/www.capgemini.com\/es-es\/quienes-somos\/valores-y-etica\/speak-up\/#breadcrumb","itemListElement":[{"@type":"ListItem","position":1,"name":"Home","item":"https:\/\/www.capgemini.com\/es-es\/"},{"@type":"ListItem","position":2,"name":"Sobre nosotros","item":"https:\/\/www.capgemini.com\/es-es\/sobre-nosotros\/"},{"@type":"ListItem","position":3,"name":"Qui\u00e9nes somos","item":"https:\/\/www.capgemini.com\/es-es\/sobre-nosotros\/quienes-somos\/"},{"@type":"ListItem","position":4,"name":"Valores y \u00e9tica","item":"https:\/\/www.capgemini.com\/es-es\/sobre-nosotros\/quienes-somos\/valores-y-etica\/"},{"@type":"ListItem","position":5,"name":"SpeakUp"}]},{"@type":"WebSite","@id":"https:\/\/www.capgemini.com\/es-es\/#website","url":"https:\/\/www.capgemini.com\/es-es\/","name":"Capgemini Espa\u00f1a","description":"Capgemini","potentialAction":[{"@type":"SearchAction","target":{"@type":"EntryPoint","urlTemplate":"https:\/\/www.capgemini.com\/es-es\/?s={search_term_string}"},"query-input":"required name=search_term_string"}],"inLanguage":"es-ES"}]}},"brand_term":[{"id":30,"slug":"capgemini"}],"parsely":{"version":"1.1.0","canonical_url":"https:\/\/capgemini.com\/es-es\/quienes-somos\/valores-y-etica\/speak-up\/","smart_links":{"inbound":0,"outbound":0},"traffic_boost_suggestions_count":0,"meta":{"@context":"https:\/\/schema.org","@type":"WebPage","headline":"SpeakUp","url":"https:\/\/www.capgemini.com\/es-es\/quienes-somos\/valores-y-etica\/speak-up\/","mainEntityOfPage":{"@type":"WebPage","@id":"https:\/\/www.capgemini.com\/es-es\/quienes-somos\/valores-y-etica\/speak-up\/"},"thumbnailUrl":"","image":{"@type":"ImageObject","url":""},"articleSection":"Uncategorized","author":[],"creator":[],"publisher":{"@type":"Organization","name":"Capgemini Spain","logo":""},"keywords":[],"dateCreated":"2022-04-14T12:09:10Z","datePublished":"2022-04-14T12:09:10Z","dateModified":"2025-10-14T11:20:39Z"},"rendered":"<meta name=\"parsely-title\" content=\"SpeakUp\" \/>\n<meta name=\"parsely-link\" content=\"https:\/\/www.capgemini.com\/es-es\/quienes-somos\/valores-y-etica\/speak-up\/\" \/>\n<meta name=\"parsely-type\" content=\"index\" \/>\n<meta name=\"parsely-pub-date\" content=\"2022-04-14T12:09:10Z\" \/>\n<meta name=\"parsely-section\" content=\"Uncategorized\" \/>","tracker_url":"https:\/\/cdn.parsely.com\/keys\/capgemini.com\/p.js"},"archive_status":false,"featured_image_src":"https:\/\/www.capgemini.com\/es-es\/wp-content\/themes\/capgemini2025\/assets\/images\/mockup.png","featured_image_alt":false,"jetpack_sharing_enabled":true,"distributor_meta":false,"distributor_terms":false,"distributor_media":false,"distributor_original_site_name":"Capgemini Spain","distributor_original_site_url":"https:\/\/www.capgemini.com\/es-es","push-errors":false,"_links":{"self":[{"href":"https:\/\/www.capgemini.com\/es-es\/wp-json\/wp\/v2\/pages\/537022","targetHints":{"allow":["GET"]}}],"collection":[{"href":"https:\/\/www.capgemini.com\/es-es\/wp-json\/wp\/v2\/pages"}],"about":[{"href":"https:\/\/www.capgemini.com\/es-es\/wp-json\/wp\/v2\/types\/page"}],"author":[{"embeddable":true,"href":"https:\/\/www.capgemini.com\/es-es\/wp-json\/wp\/v2\/users\/121"}],"replies":[{"embeddable":true,"href":"https:\/\/www.capgemini.com\/es-es\/wp-json\/wp\/v2\/comments?post=537022"}],"version-history":[{"count":20,"href":"https:\/\/www.capgemini.com\/es-es\/wp-json\/wp\/v2\/pages\/537022\/revisions"}],"predecessor-version":[{"id":576013,"href":"https:\/\/www.capgemini.com\/es-es\/wp-json\/wp\/v2\/pages\/537022\/revisions\/576013"}],"up":[{"embeddable":true,"href":"https:\/\/www.capgemini.com\/es-es\/wp-json\/wp\/v2\/pages\/536873"}],"wp:attachment":[{"href":"https:\/\/www.capgemini.com\/es-es\/wp-json\/wp\/v2\/media?parent=537022"}],"wp:term":[{"taxonomy":"brand","embeddable":true,"href":"https:\/\/www.capgemini.com\/es-es\/wp-json\/wp\/v2\/brand?post=537022"},{"taxonomy":"partner_type","embeddable":true,"href":"https:\/\/www.capgemini.com\/es-es\/wp-json\/wp\/v2\/partner_type?post=537022"},{"taxonomy":"service","embeddable":true,"href":"https:\/\/www.capgemini.com\/es-es\/wp-json\/wp\/v2\/service?post=537022"},{"taxonomy":"industry","embeddable":true,"href":"https:\/\/www.capgemini.com\/es-es\/wp-json\/wp\/v2\/industry?post=537022"},{"taxonomy":"partners","embeddable":true,"href":"https:\/\/www.capgemini.com\/es-es\/wp-json\/wp\/v2\/partners?post=537022"},{"taxonomy":"page-type","embeddable":true,"href":"https:\/\/www.capgemini.com\/es-es\/wp-json\/wp\/v2\/page-type?post=537022"},{"taxonomy":"content-group","embeddable":true,"href":"https:\/\/www.capgemini.com\/es-es\/wp-json\/wp\/v2\/content-group?post=537022"}],"curies":[{"name":"wp","href":"https:\/\/api.w.org\/{rel}","templated":true}]}}