{"id":537019,"date":"2022-04-14T12:32:00","date_gmt":"2022-04-14T12:32:00","guid":{"rendered":"https:\/\/www.capgemini.com\/?page_id=679048"},"modified":"2025-04-30T10:24:33","modified_gmt":"2025-04-30T08:24:33","slug":"empresas-mas-eticas-del-mundo","status":"publish","type":"page","link":"https:\/\/www.capgemini.com\/es-es\/sobre-nosotros\/quienes-somos\/valores-y-etica\/empresas-mas-eticas-del-mundo\/","title":{"rendered":"Empresas m\u00e1s \u00e9ticas del mundo"},"content":{"rendered":"\n<div class=\"wp-block-cg-blocks-hero-picture-card undefined  heroPictureCard heroPictureCardLogTitle\"><div class=\"heroPictureCardBgs\"><picture><source srcset=\"https:\/\/www.capgemini.com\/wp-content\/uploads\/2021\/08\/Capgemini_Diversity-e1649945843650.jpg?w=2880&amp;quality=70 1x, https:\/\/www.capgemini.com\/wp-content\/uploads\/2021\/08\/Capgemini_Diversity-e1649945843650.jpg?w=2880&amp;quality=70 2x\" media=\"(min-width: 1500px)\"\/><source srcset=\"https:\/\/www.capgemini.com\/wp-content\/uploads\/2021\/08\/Capgemini_Diversity-e1649945843650.jpg?w=1440&amp;quality=70 1x, https:\/\/www.capgemini.com\/wp-content\/uploads\/2021\/08\/Capgemini_Diversity-e1649945843650.jpg?w=2880&amp;quality=70 2x\" media=\"(min-width: 992px)\"\/><source srcset=\"https:\/\/www.capgemini.com\/wp-content\/uploads\/2021\/08\/Capgemini_Diversity-e1649945843650.jpg?w=1024&amp;quality=70 1x, https:\/\/www.capgemini.com\/wp-content\/uploads\/2021\/08\/Capgemini_Diversity-e1649945843650.jpg?w=1024&amp;quality=70 2x\" media=\"(min-width: 768px)\"\/><source srcset=\"https:\/\/www.capgemini.com\/wp-content\/uploads\/2021\/08\/Capgemini_Diversity-e1649945843650.jpg?w=768&amp;quality=70 1x, https:\/\/www.capgemini.com\/wp-content\/uploads\/2021\/08\/Capgemini_Diversity-e1649945843650.jpg?w=768&amp;quality=70 2x\" media=\"(min-width: 0)\"\/><img decoding=\"async\" src=\"https:\/\/www.capgemini.com\/wp-content\/uploads\/2021\/08\/Capgemini_Diversity-e1649945843650.jpg\" class=\"desktopImage\" alt=\"\" style=\"object-fit:cover;object-position:59% 54%\" loading=\"eager\"\/><\/picture><picture><source srcset=\"https:\/\/www.capgemini.com\/wp-content\/uploads\/2021\/08\/Capgemini_Diversity-e1649945843650.jpg?w=2880&amp;quality=70 1x, https:\/\/www.capgemini.com\/wp-content\/uploads\/2021\/08\/Capgemini_Diversity-e1649945843650.jpg?w=2880&amp;quality=70 2x\" media=\"(min-width: 1500px)\"\/><source srcset=\"https:\/\/www.capgemini.com\/wp-content\/uploads\/2021\/08\/Capgemini_Diversity-e1649945843650.jpg?w=1440&amp;quality=70 1x, https:\/\/www.capgemini.com\/wp-content\/uploads\/2021\/08\/Capgemini_Diversity-e1649945843650.jpg?w=2880&amp;quality=70 2x\" media=\"(min-width: 992px)\"\/><source srcset=\"https:\/\/www.capgemini.com\/wp-content\/uploads\/2021\/08\/Capgemini_Diversity-e1649945843650.jpg?w=1024&amp;quality=70 1x, https:\/\/www.capgemini.com\/wp-content\/uploads\/2021\/08\/Capgemini_Diversity-e1649945843650.jpg?w=1024&amp;quality=70 2x\" media=\"(min-width: 768px)\"\/><source srcset=\"https:\/\/www.capgemini.com\/wp-content\/uploads\/2021\/08\/Capgemini_Diversity-e1649945843650.jpg?w=768&amp;quality=70 1x, https:\/\/www.capgemini.com\/wp-content\/uploads\/2021\/08\/Capgemini_Diversity-e1649945843650.jpg?w=768&amp;quality=70 2x\" media=\"(min-width: 0)\"\/><img decoding=\"async\" src=\"https:\/\/www.capgemini.com\/wp-content\/uploads\/2021\/08\/Capgemini_Diversity-e1649945843650.jpg\" class=\"mobileImage\" alt=\"\" style=\"object-fit:cover;object-position:59% 54%\" loading=\"eager\"\/><\/picture><\/div><div class=\"heroPictureCardHeaderShape\"><\/div><div class=\"container\"><div class=\"row\"><div class=\"col-md-10 col-lg-10 LongTitle\"><div class=\"heroPictureCardBox\"><div class=\"heroPictureCardBoxTitle\"><h1 data-maxlength=\"144\">Empresas m\u00e1s \u00e9ticas del mundo (World\u00b4s most ethical companies\u00ae)<\/h1><\/div><\/div><\/div><\/div><\/div><div class=\"small-device\"><div class=\"logoWrapperLongTitle\"> <\/div><\/div><\/div>\n\n\n\n<section class=\"wp-block-cg-blocks-intro-para undefined section section--intro\"><div class=\"intro-para\"><div class=\"container\"><div class=\"row\"><div class=\"col-12 col-md-1\"><nav class=\"article-social\"><ul class=\"social-nav\"><li class=\"ip-order-fb\"><a href=\"https:\/\/www.facebook.com\/sharer\/sharer.php?u=https:\/\/www.capgemini.com\/es-es\/sobre-nosotros\/quienes-somos\/valores-y-etica\/empresas-mas-eticas-del-mundo\/\" target=\"_blank\" rel=\"noopener noreferrer\" title=\"abrir en una nueva ventana\"><i aria-hidden=\"true\" class=\"icon-fb\"><\/i><span class=\"sr-only\">Facebook<\/span><\/a><\/li><li class=\"ip-order-li\"><a href=\"https:\/\/www.linkedin.com\/sharing\/share-offsite\/?url=https:\/\/www.capgemini.com\/es-es\/sobre-nosotros\/quienes-somos\/valores-y-etica\/empresas-mas-eticas-del-mundo\/\" target=\"_blank\" rel=\"noopener noreferrer\" title=\"abrir en una nueva ventana\"><i aria-hidden=\"true\" class=\"icon-li\"><\/i><span class=\"sr-only\">Linkedin<\/span><\/a><\/li><\/ul><\/nav><\/div><div class=\"col-12 col-md-11 col-lg-10\"><h2 class=\"intro-para-title\">Durante trece a\u00f1os consecutivos, Capgemini ha sido reconocida como una de las empresas m\u00e1s \u00e9ticas del mundo por el Instituto Ethisphere\u00ae. Este reconocimiento de nuestra cultura \u00e9tica nos convierte en un empleador atractivo y un actor responsable a los ojos de nuestros clientes, accionistas y la comunidad en general.<\/h2><\/div><\/div><\/div><\/div><\/section>\n\n\n\n<section class=\"wp-block-cg-blocks-group undefined section section--article-content\"><div class=\"article-main-content\"><div class=\"container\"><div class=\"row\"><div class=\"col-12 col-md-11 col-lg-10 offset-md-1 offset-lg-1\"><div class=\"article-text article-quote-text\">\n<blockquote class=\"wp-block-quote is-layout-flow wp-block-quote-is-layout-flow\">\n<p>\u201cComo socio de confianza para nuestros clientes y con 342.000 personas en un equipo ubicado en m\u00e1s de 50 pa\u00edses, nuestro objetivo es ser l\u00edderes y un modelo a seguir de \u00e9tica empresarial. Este reconocimiento a la empresa m\u00e1s \u00e9tica del mundo, que recibimos por und\u00e9cimo a\u00f1o consecutivo, premia los esfuerzos colectivos de nuestro equipo por vivir nuestros valores tomando decisiones comerciales \u00e9ticas todos los d\u00edas, cada una de las cuales contribuye a nuestra cultura \u00e9tica y ayuda a crear el futuro que todos queremos\u201d.<\/p>\n<cite><em><em>Jerome Simeon, Group Head of Ethics and Global Industries, Group Executive Board Member at Capgemini<\/em><\/em><\/cite><\/blockquote>\n\n\n\n<p class=\"is-style-cg-core-paragraph\"><\/p>\n<\/div><\/div><\/div><\/div><\/div><\/section>\n\n\n\n<section class=\"wp-block-cg-blocks-group undefined section section--article-content\"><div class=\"article-main-content\"><div class=\"container\"><div class=\"row\"><div class=\"col-12 col-md-11 col-lg-10 offset-md-1 offset-lg-1\"><div class=\"article-text article-quote-text\">\n<h3 class=\"wp-block-heading\" id=\"h-que-es-world-s-most-ethical-companies\"><strong><strong>\u00bfQu\u00e9 es World&#8217;s Most Ethical Companies\u00ae?<\/strong><\/strong> <\/h3>\n\n\n\n<figure class=\"wp-block-image alignright size-large is-resized\"><img loading=\"lazy\" decoding=\"async\" width=\"768\" height=\"672\" src=\"https:\/\/www.capgemini.com\/es-es\/wp-content\/uploads\/sites\/16\/2025\/04\/2025-CustomWMEC-Logos_13X_111325.webp?w=768\" alt=\"\" class=\"wp-image-572509\" style=\"aspect-ratio:1.4530303030303031;width:360px;height:auto\" srcset=\"https:\/\/www.capgemini.com\/es-es\/wp-content\/uploads\/sites\/16\/2025\/04\/2025-CustomWMEC-Logos_13X_111325.webp 768w, https:\/\/www.capgemini.com\/es-es\/wp-content\/uploads\/sites\/16\/2025\/04\/2025-CustomWMEC-Logos_13X_111325.webp?resize=300,263 300w\" sizes=\"auto, (max-width: 768px) 100vw, 768px\" \/><\/figure>\n\n\n\n<p class=\"is-style-cg-core-paragraph\">Este reconocimiento fue lanzado en 2007 por el Instituto Ethisphere para reconocer y homenajear p\u00fablicamente a las empresas que demuestran un liderazgo \u00e9tico real dentro de sus industrias. Ethisphere honra a las empresas que sobresalen en tres \u00e1reas: promoviendo internamente est\u00e1ndares y pr\u00e1cticas comerciales \u00e9ticas, permitiendo a los gerentes y empleados tomar buenas decisiones y dando forma a los futuros est\u00e1ndares de la industria mediante la introducci\u00f3n hoy de las mejores pr\u00e1cticas del ma\u00f1ana.<\/p>\n\n\n\n<p class=\"is-style-cg-core-paragraph\">Hist\u00f3ricamente, los homenajeados han superado a los dem\u00e1s desde una perspectiva financiera, lo que demuestra la conexi\u00f3n entre las buenas pr\u00e1cticas \u00e9ticas y el rendimiento que se valora en el mercado.<\/p>\n\n\n\n<h3 class=\"wp-block-heading\" id=\"h-por-que-es-tan-importante-este-reconocimiento-para-nosotros\"><strong><strong>\u00bfPor qu\u00e9 es tan importante este reconocimiento para nosotros?<\/strong><\/strong><\/h3>\n\n\n\n<p class=\"is-style-cg-core-paragraph\">Capgemini tiene el honor de ser reconocida una vez m\u00e1s por sus pr\u00e1cticas \u00e9ticas. El reconocimiento como una de las empresas m\u00e1s \u00e9ticas del mundo nos mantiene motivados para mejorar cada a\u00f1o. Guiados por nuestros Valores, el Grupo planea continuar forjando relaciones comerciales fiables a largo plazo y liderar el camino hacia un futuro \u00e9tico.<\/p>\n\n\n\n<p class=\"is-style-cg-core-paragraph\">Cada a\u00f1o, el proceso de nominaci\u00f3n se vuelve m\u00e1s dif\u00edcil. Respondemos a un cuestionario de m\u00e1s de 200 preguntas, que requiere aportes detallados de diferentes partes en campos que van desde nuestra cultura y programa \u00e9ticos, gobierno corporativo, gesti\u00f3n de terceros, liderazgo, reputaci\u00f3n y responsabilidad social corporativa.<\/p>\n\n\n\n<h3 class=\"wp-block-heading\" id=\"h-sobre-nuestra-cultura-etica\"><strong><strong>Sobre nuestra cultura \u00e9tica<\/strong><\/strong><\/h3>\n\n\n\n<p class=\"is-style-cg-core-paragraph\">La \u00e9tica y nuestros siete Valores est\u00e1n en el coraz\u00f3n de nuestra cultura corporativa y de todos nuestros tratos comerciales. En 2010, establecimos un programa de \u00e9tica formal en Capgemini, con nuestros Valores en su n\u00facleo. Este extenso programa fue crucial para el \u00e9xito de un Grupo diverso y descentralizado como el nuestro, con equipos multiculturales que operan en m\u00e1s de 50 pa\u00edses.<\/p>\n\n\n\n<p class=\"is-style-cg-core-paragraph\">Mantener nuestra cultura \u00e9tica requiere una innovaci\u00f3n constante: en 2021, publicamos una nueva Pol\u00edtica de derechos humanos y un C\u00f3digo de \u00e9tica para la IA, escuchamos a nuestros empleados mediante encuestas y fortalecimos nuestra cultura de expresi\u00f3n, entre otras cosas.<\/p>\n<\/div><\/div><\/div><\/div><\/div><\/section>\n\n\n\n<p class=\"is-style-cg-core-paragraph\"><\/p>\n","protected":false},"excerpt":{"rendered":"","protected":false},"author":23,"featured_media":537020,"parent":536873,"menu_order":1,"comment_status":"closed","ping_status":"closed","template":"","meta":{"cg_dt_proposed_to":[0],"cg_seo_hreflang_relations":"[]","cg_seo_canonical_relation":"","cg_seo_hreflang_x_default_relation":"{\"uuid\":\"911943a7-6cbe-47fb-b145-8acb3bb0d503\",\"blogId\":\"\",\"domain\":\"\",\"sitePath\":\"\",\"postLink\":\"\",\"postId\":null,\"isSaved\":true,\"isCrossLink\":false,\"hasCrossLink\":false}","cg_dt_approved_content":false,"cg_dt_mandatory_content":false,"cg_dt_notes":"","cg_dg_source_changed":true,"cg_dt_link_disabled":false,"_yoast_wpseo_primary_brand":"","footnotes":"","featured_focal_points":"{\"x\":\"0.49\",\"y\":\"0.73\"}","partner_card_description":"","gsap_animation":0},"brand":[],"partner_type":[],"service":[],"industry":[],"partners":[],"page-type":[448],"content-group":[],"class_list":["post-537019","page","type-page","status-publish","has-post-thumbnail","hentry","page-type-about-us"],"yoast_head":"<!-- This site is optimized with the Yoast SEO Premium plugin v22.8 (Yoast SEO v22.8) - https:\/\/yoast.com\/wordpress\/plugins\/seo\/ -->\n<title>Empresas M\u00e1s Eticas del Mundo | Capgemini<\/title>\n<meta name=\"description\" content=\"Durante trece a\u00f1os consecutivos, Capgemini ha sido reconocida como una de las empresas m\u00e1s \u00e9ticas del mundo por el Instituto Ethisphere\u00ae\" \/>\n<meta name=\"robots\" content=\"index, follow, max-snippet:-1, max-image-preview:large, max-video-preview:-1\" \/>\n<link rel=\"canonical\" href=\"https:\/\/www.capgemini.com\/es-es\/sobre-nosotros\/quienes-somos\/valores-y-etica\/empresas-mas-eticas-del-mundo\/\" \/>\n<meta property=\"og:locale\" content=\"es_ES\" \/>\n<meta property=\"og:type\" content=\"article\" \/>\n<meta property=\"og:title\" content=\"Empresas m\u00e1s \u00e9ticas del mundo\" \/>\n<meta property=\"og:description\" content=\"Durante trece a\u00f1os consecutivos, Capgemini ha sido reconocida como una de las empresas m\u00e1s \u00e9ticas del mundo por el Instituto Ethisphere\u00ae\" \/>\n<meta property=\"og:url\" content=\"https:\/\/www.capgemini.com\/es-es\/sobre-nosotros\/quienes-somos\/valores-y-etica\/empresas-mas-eticas-del-mundo\/\" \/>\n<meta property=\"og:site_name\" content=\"Capgemini Spain\" \/>\n<meta property=\"article:modified_time\" content=\"2025-04-30T08:24:33+00:00\" \/>\n<meta property=\"og:image\" content=\"https:\/\/www.capgemini.com\/es-es\/wp-content\/uploads\/sites\/16\/2022\/04\/Capgemini_Diversity-e1649945843650.jpg\" \/>\n\t<meta property=\"og:image:width\" content=\"2880\" \/>\n\t<meta property=\"og:image:height\" content=\"1800\" \/>\n\t<meta property=\"og:image:type\" content=\"image\/jpeg\" \/>\n<meta name=\"twitter:card\" content=\"summary_large_image\" \/>\n<meta name=\"twitter:label1\" content=\"Est. reading time\" \/>\n\t<meta name=\"twitter:data1\" content=\"3 minutes\" \/>\n<script type=\"application\/ld+json\" class=\"yoast-schema-graph\">{\"@context\":\"https:\/\/schema.org\",\"@graph\":[{\"@type\":\"WebPage\",\"@id\":\"https:\/\/www.capgemini.com\/es-es\/sobre-nosotros\/quienes-somos\/valores-y-etica\/empresas-mas-eticas-del-mundo\/\",\"url\":\"https:\/\/www.capgemini.com\/es-es\/sobre-nosotros\/quienes-somos\/valores-y-etica\/empresas-mas-eticas-del-mundo\/\",\"name\":\"Empresas M\u00e1s Eticas del Mundo | Capgemini\",\"isPartOf\":{\"@id\":\"https:\/\/www.capgemini.com\/es-es\/#website\"},\"primaryImageOfPage\":{\"@id\":\"https:\/\/www.capgemini.com\/es-es\/sobre-nosotros\/quienes-somos\/valores-y-etica\/empresas-mas-eticas-del-mundo\/#primaryimage\"},\"image\":{\"@id\":\"https:\/\/www.capgemini.com\/es-es\/sobre-nosotros\/quienes-somos\/valores-y-etica\/empresas-mas-eticas-del-mundo\/#primaryimage\"},\"thumbnailUrl\":\"https:\/\/www.capgemini.com\/es-es\/wp-content\/uploads\/sites\/16\/2022\/04\/Capgemini_Diversity-e1649945843650.jpg\",\"datePublished\":\"2022-04-14T12:32:00+00:00\",\"dateModified\":\"2025-04-30T08:24:33+00:00\",\"description\":\"Durante trece a\u00f1os consecutivos, Capgemini ha sido reconocida como una de las empresas m\u00e1s \u00e9ticas del mundo por el Instituto Ethisphere\u00ae\",\"breadcrumb\":{\"@id\":\"https:\/\/www.capgemini.com\/es-es\/sobre-nosotros\/quienes-somos\/valores-y-etica\/empresas-mas-eticas-del-mundo\/#breadcrumb\"},\"inLanguage\":\"es-ES\",\"potentialAction\":[{\"@type\":\"ReadAction\",\"target\":[\"https:\/\/www.capgemini.com\/es-es\/sobre-nosotros\/quienes-somos\/valores-y-etica\/empresas-mas-eticas-del-mundo\/\"]}]},{\"@type\":\"ImageObject\",\"inLanguage\":\"es-ES\",\"@id\":\"https:\/\/www.capgemini.com\/es-es\/sobre-nosotros\/quienes-somos\/valores-y-etica\/empresas-mas-eticas-del-mundo\/#primaryimage\",\"url\":\"https:\/\/www.capgemini.com\/es-es\/wp-content\/uploads\/sites\/16\/2022\/04\/Capgemini_Diversity-e1649945843650.jpg\",\"contentUrl\":\"https:\/\/www.capgemini.com\/es-es\/wp-content\/uploads\/sites\/16\/2022\/04\/Capgemini_Diversity-e1649945843650.jpg\",\"width\":2880,\"height\":1800},{\"@type\":\"BreadcrumbList\",\"@id\":\"https:\/\/www.capgemini.com\/es-es\/sobre-nosotros\/quienes-somos\/valores-y-etica\/empresas-mas-eticas-del-mundo\/#breadcrumb\",\"itemListElement\":[{\"@type\":\"ListItem\",\"position\":1,\"name\":\"Home\",\"item\":\"https:\/\/www.capgemini.com\/es-es\/\"},{\"@type\":\"ListItem\",\"position\":2,\"name\":\"Sobre nosotros\",\"item\":\"https:\/\/www.capgemini.com\/es-es\/sobre-nosotros\/\"},{\"@type\":\"ListItem\",\"position\":3,\"name\":\"Qui\u00e9nes somos\",\"item\":\"https:\/\/www.capgemini.com\/es-es\/sobre-nosotros\/quienes-somos\/\"},{\"@type\":\"ListItem\",\"position\":4,\"name\":\"Valores y \u00e9tica\",\"item\":\"https:\/\/www.capgemini.com\/es-es\/sobre-nosotros\/quienes-somos\/valores-y-etica\/\"},{\"@type\":\"ListItem\",\"position\":5,\"name\":\"Empresas m\u00e1s \u00e9ticas del mundo\"}]},{\"@type\":\"WebSite\",\"@id\":\"https:\/\/www.capgemini.com\/es-es\/#website\",\"url\":\"https:\/\/www.capgemini.com\/es-es\/\",\"name\":\"Capgemini Espa\u00f1a\",\"description\":\"Capgemini\",\"potentialAction\":[{\"@type\":\"SearchAction\",\"target\":{\"@type\":\"EntryPoint\",\"urlTemplate\":\"https:\/\/www.capgemini.com\/es-es\/?s={search_term_string}\"},\"query-input\":\"required name=search_term_string\"}],\"inLanguage\":\"es-ES\"}]}<\/script>\n<!-- \/ Yoast SEO Premium plugin. -->","yoast_head_json":{"title":"Empresas M\u00e1s Eticas del Mundo | Capgemini","description":"Durante trece a\u00f1os consecutivos, Capgemini ha sido reconocida como una de las empresas m\u00e1s \u00e9ticas del mundo por el Instituto Ethisphere\u00ae","robots":{"index":"index","follow":"follow","max-snippet":"max-snippet:-1","max-image-preview":"max-image-preview:large","max-video-preview":"max-video-preview:-1"},"canonical":"https:\/\/www.capgemini.com\/es-es\/sobre-nosotros\/quienes-somos\/valores-y-etica\/empresas-mas-eticas-del-mundo\/","og_locale":"es_ES","og_type":"article","og_title":"Empresas m\u00e1s \u00e9ticas del mundo","og_description":"Durante trece a\u00f1os consecutivos, Capgemini ha sido reconocida como una de las empresas m\u00e1s \u00e9ticas del mundo por el Instituto Ethisphere\u00ae","og_url":"https:\/\/www.capgemini.com\/es-es\/sobre-nosotros\/quienes-somos\/valores-y-etica\/empresas-mas-eticas-del-mundo\/","og_site_name":"Capgemini Spain","article_modified_time":"2025-04-30T08:24:33+00:00","og_image":[{"width":2880,"height":1800,"url":"https:\/\/www.capgemini.com\/es-es\/wp-content\/uploads\/sites\/16\/2022\/04\/Capgemini_Diversity-e1649945843650.jpg","type":"image\/jpeg"}],"twitter_card":"summary_large_image","twitter_misc":{"Est. reading time":"3 minutes"},"schema":{"@context":"https:\/\/schema.org","@graph":[{"@type":"WebPage","@id":"https:\/\/www.capgemini.com\/es-es\/sobre-nosotros\/quienes-somos\/valores-y-etica\/empresas-mas-eticas-del-mundo\/","url":"https:\/\/www.capgemini.com\/es-es\/sobre-nosotros\/quienes-somos\/valores-y-etica\/empresas-mas-eticas-del-mundo\/","name":"Empresas M\u00e1s Eticas del Mundo | Capgemini","isPartOf":{"@id":"https:\/\/www.capgemini.com\/es-es\/#website"},"primaryImageOfPage":{"@id":"https:\/\/www.capgemini.com\/es-es\/sobre-nosotros\/quienes-somos\/valores-y-etica\/empresas-mas-eticas-del-mundo\/#primaryimage"},"image":{"@id":"https:\/\/www.capgemini.com\/es-es\/sobre-nosotros\/quienes-somos\/valores-y-etica\/empresas-mas-eticas-del-mundo\/#primaryimage"},"thumbnailUrl":"https:\/\/www.capgemini.com\/es-es\/wp-content\/uploads\/sites\/16\/2022\/04\/Capgemini_Diversity-e1649945843650.jpg","datePublished":"2022-04-14T12:32:00+00:00","dateModified":"2025-04-30T08:24:33+00:00","description":"Durante trece a\u00f1os consecutivos, Capgemini ha sido reconocida como una de las empresas m\u00e1s \u00e9ticas del mundo por el Instituto Ethisphere\u00ae","breadcrumb":{"@id":"https:\/\/www.capgemini.com\/es-es\/sobre-nosotros\/quienes-somos\/valores-y-etica\/empresas-mas-eticas-del-mundo\/#breadcrumb"},"inLanguage":"es-ES","potentialAction":[{"@type":"ReadAction","target":["https:\/\/www.capgemini.com\/es-es\/sobre-nosotros\/quienes-somos\/valores-y-etica\/empresas-mas-eticas-del-mundo\/"]}]},{"@type":"ImageObject","inLanguage":"es-ES","@id":"https:\/\/www.capgemini.com\/es-es\/sobre-nosotros\/quienes-somos\/valores-y-etica\/empresas-mas-eticas-del-mundo\/#primaryimage","url":"https:\/\/www.capgemini.com\/es-es\/wp-content\/uploads\/sites\/16\/2022\/04\/Capgemini_Diversity-e1649945843650.jpg","contentUrl":"https:\/\/www.capgemini.com\/es-es\/wp-content\/uploads\/sites\/16\/2022\/04\/Capgemini_Diversity-e1649945843650.jpg","width":2880,"height":1800},{"@type":"BreadcrumbList","@id":"https:\/\/www.capgemini.com\/es-es\/sobre-nosotros\/quienes-somos\/valores-y-etica\/empresas-mas-eticas-del-mundo\/#breadcrumb","itemListElement":[{"@type":"ListItem","position":1,"name":"Home","item":"https:\/\/www.capgemini.com\/es-es\/"},{"@type":"ListItem","position":2,"name":"Sobre nosotros","item":"https:\/\/www.capgemini.com\/es-es\/sobre-nosotros\/"},{"@type":"ListItem","position":3,"name":"Qui\u00e9nes somos","item":"https:\/\/www.capgemini.com\/es-es\/sobre-nosotros\/quienes-somos\/"},{"@type":"ListItem","position":4,"name":"Valores y \u00e9tica","item":"https:\/\/www.capgemini.com\/es-es\/sobre-nosotros\/quienes-somos\/valores-y-etica\/"},{"@type":"ListItem","position":5,"name":"Empresas m\u00e1s \u00e9ticas del mundo"}]},{"@type":"WebSite","@id":"https:\/\/www.capgemini.com\/es-es\/#website","url":"https:\/\/www.capgemini.com\/es-es\/","name":"Capgemini Espa\u00f1a","description":"Capgemini","potentialAction":[{"@type":"SearchAction","target":{"@type":"EntryPoint","urlTemplate":"https:\/\/www.capgemini.com\/es-es\/?s={search_term_string}"},"query-input":"required name=search_term_string"}],"inLanguage":"es-ES"}]}},"brand_term":[],"parsely":{"version":"1.1.0","canonical_url":"https:\/\/capgemini.com\/es-es\/sobre-nosotros\/quienes-somos\/valores-y-etica\/empresas-mas-eticas-del-mundo\/","smart_links":{"inbound":0,"outbound":0},"traffic_boost_suggestions_count":0,"meta":{"@context":"https:\/\/schema.org","@type":"WebPage","headline":"Empresas m\u00e1s \u00e9ticas del mundo","url":"https:\/\/www.capgemini.com\/es-es\/sobre-nosotros\/quienes-somos\/valores-y-etica\/empresas-mas-eticas-del-mundo\/","mainEntityOfPage":{"@type":"WebPage","@id":"https:\/\/www.capgemini.com\/es-es\/sobre-nosotros\/quienes-somos\/valores-y-etica\/empresas-mas-eticas-del-mundo\/"},"thumbnailUrl":"https:\/\/www.capgemini.com\/es-es\/wp-content\/uploads\/sites\/16\/2022\/04\/Capgemini_Diversity-e1649945843650.jpg?w=150&h=150&crop=1","image":{"@type":"ImageObject","url":"https:\/\/www.capgemini.com\/es-es\/wp-content\/uploads\/sites\/16\/2022\/04\/Capgemini_Diversity-e1649945843650.jpg"},"articleSection":"Uncategorized","author":[],"creator":[],"publisher":{"@type":"Organization","name":"Capgemini Spain","logo":""},"keywords":[],"dateCreated":"2022-04-14T12:32:00Z","datePublished":"2022-04-14T12:32:00Z","dateModified":"2025-04-30T08:24:33Z"},"rendered":"<meta name=\"parsely-title\" content=\"Empresas m\u00e1s \u00e9ticas del mundo\" \/>\n<meta name=\"parsely-link\" content=\"https:\/\/www.capgemini.com\/es-es\/sobre-nosotros\/quienes-somos\/valores-y-etica\/empresas-mas-eticas-del-mundo\/\" \/>\n<meta name=\"parsely-type\" content=\"index\" \/>\n<meta name=\"parsely-image-url\" content=\"https:\/\/www.capgemini.com\/es-es\/wp-content\/uploads\/sites\/16\/2022\/04\/Capgemini_Diversity-e1649945843650.jpg?w=150&amp;h=150&amp;crop=1\" \/>\n<meta name=\"parsely-pub-date\" content=\"2022-04-14T12:32:00Z\" \/>\n<meta name=\"parsely-section\" content=\"Uncategorized\" \/>","tracker_url":"https:\/\/cdn.parsely.com\/keys\/capgemini.com\/p.js"},"archive_status":false,"featured_image_src":"https:\/\/www.capgemini.com\/es-es\/wp-content\/uploads\/sites\/16\/2022\/04\/Capgemini_Diversity-e1649945843650.jpg","featured_image_alt":"","jetpack_sharing_enabled":true,"distributor_meta":false,"distributor_terms":false,"distributor_media":false,"distributor_original_site_name":"Capgemini Spain","distributor_original_site_url":"https:\/\/www.capgemini.com\/es-es","push-errors":false,"_links":{"self":[{"href":"https:\/\/www.capgemini.com\/es-es\/wp-json\/wp\/v2\/pages\/537019","targetHints":{"allow":["GET"]}}],"collection":[{"href":"https:\/\/www.capgemini.com\/es-es\/wp-json\/wp\/v2\/pages"}],"about":[{"href":"https:\/\/www.capgemini.com\/es-es\/wp-json\/wp\/v2\/types\/page"}],"author":[{"embeddable":true,"href":"https:\/\/www.capgemini.com\/es-es\/wp-json\/wp\/v2\/users\/23"}],"replies":[{"embeddable":true,"href":"https:\/\/www.capgemini.com\/es-es\/wp-json\/wp\/v2\/comments?post=537019"}],"version-history":[{"count":9,"href":"https:\/\/www.capgemini.com\/es-es\/wp-json\/wp\/v2\/pages\/537019\/revisions"}],"predecessor-version":[{"id":572510,"href":"https:\/\/www.capgemini.com\/es-es\/wp-json\/wp\/v2\/pages\/537019\/revisions\/572510"}],"up":[{"embeddable":true,"href":"https:\/\/www.capgemini.com\/es-es\/wp-json\/wp\/v2\/pages\/536873"}],"wp:featuredmedia":[{"embeddable":true,"href":"https:\/\/www.capgemini.com\/es-es\/wp-json\/wp\/v2\/media\/537020"}],"wp:attachment":[{"href":"https:\/\/www.capgemini.com\/es-es\/wp-json\/wp\/v2\/media?parent=537019"}],"wp:term":[{"taxonomy":"brand","embeddable":true,"href":"https:\/\/www.capgemini.com\/es-es\/wp-json\/wp\/v2\/brand?post=537019"},{"taxonomy":"partner_type","embeddable":true,"href":"https:\/\/www.capgemini.com\/es-es\/wp-json\/wp\/v2\/partner_type?post=537019"},{"taxonomy":"service","embeddable":true,"href":"https:\/\/www.capgemini.com\/es-es\/wp-json\/wp\/v2\/service?post=537019"},{"taxonomy":"industry","embeddable":true,"href":"https:\/\/www.capgemini.com\/es-es\/wp-json\/wp\/v2\/industry?post=537019"},{"taxonomy":"partners","embeddable":true,"href":"https:\/\/www.capgemini.com\/es-es\/wp-json\/wp\/v2\/partners?post=537019"},{"taxonomy":"page-type","embeddable":true,"href":"https:\/\/www.capgemini.com\/es-es\/wp-json\/wp\/v2\/page-type?post=537019"},{"taxonomy":"content-group","embeddable":true,"href":"https:\/\/www.capgemini.com\/es-es\/wp-json\/wp\/v2\/content-group?post=537019"}],"curies":[{"name":"wp","href":"https:\/\/api.w.org\/{rel}","templated":true}]}}