{"id":537017,"date":"2022-01-10T06:44:28","date_gmt":"2022-01-10T06:44:28","guid":{"rendered":"https:\/\/www.capgemini.com\/?page_id=642108"},"modified":"2026-03-12T09:18:50","modified_gmt":"2026-03-12T08:18:50","slug":"normas-de-conducta-para-proveedores","status":"publish","type":"page","link":"https:\/\/www.capgemini.com\/es-es\/sobre-nosotros\/gestion-y-gobierno\/politicas\/normas-de-conducta-para-proveedores\/","title":{"rendered":"Normas de conducta para proveedores"},"content":{"rendered":"\n<header class=\"wp-block-cg-blocks-hero-reusable is-style-blue-line header heroReusable  \"><div class=\"header-bgs\"><\/div><div class=\"heroPictureCardHeaderShape\"><\/div><div class=\"container\"><div class=\"row\"><div class=\"col-md-12\"><div class=\"box\"><div class=\"boxTagWrapper\"><div class=\"tagInfo\"><div><span class=\"box-tag\">Pol\u00edtica<\/span><\/div><\/div><\/div><div class=\"box-title\"><h1 data-maxlength=\"34\">Normas de conducta para proveedores<\/h1><\/div><div class=\"inner-row-insight download-btn\"><div class=\"col-md-4 downloadFiles addPadding\"><a class=\"button-download--small\" type=\"download\" href=\"https:\/\/www.capgemini.com\/es-es\/wp-content\/uploads\/sites\/16\/2026\/03\/Supplier-Standards-of-Conduct-_-English-version-_-26042024.pdf\" target=\"_blank\" rel=\"noopener noreferrer\" title=\"abrir en una nueva ventana\"><span>Descargar documento<\/span><span class=\"type\">1 MB pdf<\/span><\/a><\/div><\/div><\/div><\/div><\/div><\/div><\/header>\n\n\n\n<section class=\"wp-block-cg-blocks-group undefined section section--article-content\"><div class=\"article-main-content\"><div class=\"container\"><div class=\"grid-container\"><div><div class=\"article-text article-quote-text\">\n<h4 class=\"wp-block-heading\" id=\"h-nuestras-normas-de-conducta-para-proveedores-establecen-el-compromiso-minimo-que-capgemini-espera-de-sus-proveedores-con-respecto-a-la-responsabilidad-social-corporativa-etica-y-las-normas-contra-el-soborno-el-cumplimiento-normativo-y-las-relaciones-comerciales-nbsp\">Nuestras normas de conducta para proveedores establecen el compromiso m\u00ednimo que Capgemini espera de sus proveedores con respecto a la responsabilidad social corporativa, \u00e9tica y las normas contra el soborno, el cumplimiento normativo y las relaciones comerciales.&nbsp; <\/h4>\n\n\n\n<p>Se espera de todos los proveedores de Capgemini que cumplan con nuestras Normas de Conducta para Proveedores sin excepci\u00f3n, e independientemente de la tipolog\u00eda y cuant\u00eda del negocio que hagamos juntos.&nbsp;<\/p>\n\n\n\n<p>Las normas de conducta contienen nuestros protocolos con respecto al cumplimiento de la legislaci\u00f3n internacional, nacional y local, los derechos humanos, los derechos laborales y la esclavitud moderna. Tambi\u00e9n describe la obligaci\u00f3n de nuestros proveedores de llevar a cabo sus negocios con los m\u00e1s altos est\u00e1ndares de integridad, evitando todas las formas de corrupci\u00f3n, soborno, extorsi\u00f3n o malversaci\u00f3n y pr\u00e1cticas comerciales desleales.<\/p>\n<\/div><\/div><\/div><\/div><\/div><\/section>\n","protected":false},"excerpt":{"rendered":"","protected":false},"author":121,"featured_media":0,"parent":536856,"menu_order":7,"comment_status":"closed","ping_status":"closed","template":"","meta":{"cg_dt_proposed_to":[0],"cg_seo_hreflang_relations":"[]","cg_seo_canonical_relation":"","cg_seo_hreflang_x_default_relation":"{\"uuid\":\"7ab75871-73b9-49d0-8d6f-293ff030f124\",\"blogId\":\"\",\"domain\":\"\",\"sitePath\":\"\",\"postLink\":\"\",\"postId\":null,\"isSaved\":false,\"isCrossLink\":false,\"hasCrossLink\":false}","cg_dt_approved_content":false,"cg_dt_mandatory_content":false,"cg_dt_notes":"","cg_dg_source_changed":true,"cg_dt_link_disabled":false,"_yoast_wpseo_primary_brand":"","footnotes":"","featured_focal_points":"","partner_card_description":"","gsap_animation":0},"brand":[],"partner_type":[],"service":[],"industry":[],"partners":[],"page-type":[448],"content-group":[],"class_list":["post-537017","page","type-page","status-publish","hentry","page-type-about-us"],"yoast_head":"<!-- This site is optimized with the Yoast SEO Premium plugin v22.8 (Yoast SEO v22.8) - https:\/\/yoast.com\/wordpress\/plugins\/seo\/ -->\n<title>Normas de conducta para proveedores | Gesti\u00f3n y Gobierno | Capgemini<\/title>\n<meta name=\"description\" content=\"Nuestras normas de conducta para proveedores establecen el compromiso m\u00ednimo que Capgemini espera de sus proveedores con respecto a la responsabilidad.\" \/>\n<meta name=\"robots\" content=\"index, follow, max-snippet:-1, max-image-preview:large, max-video-preview:-1\" \/>\n<link rel=\"canonical\" href=\"https:\/\/www.capgemini.com\/es-es\/sobre-nosotros\/gestion-y-gobierno\/politicas\/normas-de-conducta-para-proveedores\/\" \/>\n<meta property=\"og:locale\" content=\"es_ES\" \/>\n<meta property=\"og:type\" content=\"article\" \/>\n<meta property=\"og:title\" content=\"Normas de conducta para proveedores\" \/>\n<meta property=\"og:description\" content=\"Nuestras normas de conducta para proveedores establecen el compromiso m\u00ednimo que Capgemini espera de sus proveedores con respecto a la responsabilidad.\" \/>\n<meta property=\"og:url\" content=\"https:\/\/www.capgemini.com\/es-es\/sobre-nosotros\/gestion-y-gobierno\/politicas\/normas-de-conducta-para-proveedores\/\" \/>\n<meta property=\"og:site_name\" content=\"Capgemini Spain\" \/>\n<meta property=\"article:modified_time\" content=\"2026-03-12T08:18:50+00:00\" \/>\n<meta property=\"og:image\" content=\"https:\/\/www.capgemini.com\/es-es\/wp-content\/uploads\/sites\/16\/2025\/10\/New-Web-preview-global.jpg\" \/>\n\t<meta property=\"og:image:width\" content=\"1200\" \/>\n\t<meta property=\"og:image:height\" content=\"627\" \/>\n\t<meta property=\"og:image:type\" content=\"image\/jpeg\" \/>\n<meta name=\"twitter:card\" content=\"summary_large_image\" \/>\n<meta name=\"twitter:label1\" content=\"Est. reading time\" \/>\n\t<meta name=\"twitter:data1\" content=\"1 minute\" \/>\n<script type=\"application\/ld+json\" class=\"yoast-schema-graph\">{\"@context\":\"https:\/\/schema.org\",\"@graph\":[{\"@type\":\"WebPage\",\"@id\":\"https:\/\/www.capgemini.com\/es-es\/sobre-nosotros\/gestion-y-gobierno\/politicas\/normas-de-conducta-para-proveedores\/\",\"url\":\"https:\/\/www.capgemini.com\/es-es\/sobre-nosotros\/gestion-y-gobierno\/politicas\/normas-de-conducta-para-proveedores\/\",\"name\":\"Normas de conducta para proveedores | Gesti\u00f3n y Gobierno | Capgemini\",\"isPartOf\":{\"@id\":\"https:\/\/www.capgemini.com\/es-es\/#website\"},\"datePublished\":\"2022-01-10T06:44:28+00:00\",\"dateModified\":\"2026-03-12T08:18:50+00:00\",\"description\":\"Nuestras normas de conducta para proveedores establecen el compromiso m\u00ednimo que Capgemini espera de sus proveedores con respecto a la responsabilidad.\",\"breadcrumb\":{\"@id\":\"https:\/\/www.capgemini.com\/es-es\/sobre-nosotros\/gestion-y-gobierno\/politicas\/normas-de-conducta-para-proveedores\/#breadcrumb\"},\"inLanguage\":\"es-ES\",\"potentialAction\":[{\"@type\":\"ReadAction\",\"target\":[\"https:\/\/www.capgemini.com\/es-es\/sobre-nosotros\/gestion-y-gobierno\/politicas\/normas-de-conducta-para-proveedores\/\"]}]},{\"@type\":\"BreadcrumbList\",\"@id\":\"https:\/\/www.capgemini.com\/es-es\/sobre-nosotros\/gestion-y-gobierno\/politicas\/normas-de-conducta-para-proveedores\/#breadcrumb\",\"itemListElement\":[{\"@type\":\"ListItem\",\"position\":1,\"name\":\"Home\",\"item\":\"https:\/\/www.capgemini.com\/es-es\/\"},{\"@type\":\"ListItem\",\"position\":2,\"name\":\"Sobre nosotros\",\"item\":\"https:\/\/www.capgemini.com\/es-es\/sobre-nosotros\/\"},{\"@type\":\"ListItem\",\"position\":3,\"name\":\"Gesti\u00f3n y gobierno\",\"item\":\"https:\/\/www.capgemini.com\/es-es\/sobre-nosotros\/gestion-y-gobierno\/\"},{\"@type\":\"ListItem\",\"position\":4,\"name\":\"Pol\u00edticas\",\"item\":\"https:\/\/www.capgemini.com\/es-es\/sobre-nosotros\/gestion-y-gobierno\/politicas\/\"},{\"@type\":\"ListItem\",\"position\":5,\"name\":\"Normas de conducta para proveedores\"}]},{\"@type\":\"WebSite\",\"@id\":\"https:\/\/www.capgemini.com\/es-es\/#website\",\"url\":\"https:\/\/www.capgemini.com\/es-es\/\",\"name\":\"Capgemini Espa\u00f1a\",\"description\":\"Capgemini\",\"potentialAction\":[{\"@type\":\"SearchAction\",\"target\":{\"@type\":\"EntryPoint\",\"urlTemplate\":\"https:\/\/www.capgemini.com\/es-es\/?s={search_term_string}\"},\"query-input\":\"required name=search_term_string\"}],\"inLanguage\":\"es-ES\"}]}<\/script>\n<!-- \/ Yoast SEO Premium plugin. -->","yoast_head_json":{"title":"Normas de conducta para proveedores | Gesti\u00f3n y Gobierno | Capgemini","description":"Nuestras normas de conducta para proveedores establecen el compromiso m\u00ednimo que Capgemini espera de sus proveedores con respecto a la responsabilidad.","robots":{"index":"index","follow":"follow","max-snippet":"max-snippet:-1","max-image-preview":"max-image-preview:large","max-video-preview":"max-video-preview:-1"},"canonical":"https:\/\/www.capgemini.com\/es-es\/sobre-nosotros\/gestion-y-gobierno\/politicas\/normas-de-conducta-para-proveedores\/","og_locale":"es_ES","og_type":"article","og_title":"Normas de conducta para proveedores","og_description":"Nuestras normas de conducta para proveedores establecen el compromiso m\u00ednimo que Capgemini espera de sus proveedores con respecto a la responsabilidad.","og_url":"https:\/\/www.capgemini.com\/es-es\/sobre-nosotros\/gestion-y-gobierno\/politicas\/normas-de-conducta-para-proveedores\/","og_site_name":"Capgemini Spain","article_modified_time":"2026-03-12T08:18:50+00:00","og_image":[{"width":1200,"height":627,"url":"https:\/\/www.capgemini.com\/es-es\/wp-content\/uploads\/sites\/16\/2025\/10\/New-Web-preview-global.jpg","type":"image\/jpeg"}],"twitter_card":"summary_large_image","twitter_misc":{"Est. reading time":"1 minute"},"schema":{"@context":"https:\/\/schema.org","@graph":[{"@type":"WebPage","@id":"https:\/\/www.capgemini.com\/es-es\/sobre-nosotros\/gestion-y-gobierno\/politicas\/normas-de-conducta-para-proveedores\/","url":"https:\/\/www.capgemini.com\/es-es\/sobre-nosotros\/gestion-y-gobierno\/politicas\/normas-de-conducta-para-proveedores\/","name":"Normas de conducta para proveedores | Gesti\u00f3n y Gobierno | Capgemini","isPartOf":{"@id":"https:\/\/www.capgemini.com\/es-es\/#website"},"datePublished":"2022-01-10T06:44:28+00:00","dateModified":"2026-03-12T08:18:50+00:00","description":"Nuestras normas de conducta para proveedores establecen el compromiso m\u00ednimo que Capgemini espera de sus proveedores con respecto a la responsabilidad.","breadcrumb":{"@id":"https:\/\/www.capgemini.com\/es-es\/sobre-nosotros\/gestion-y-gobierno\/politicas\/normas-de-conducta-para-proveedores\/#breadcrumb"},"inLanguage":"es-ES","potentialAction":[{"@type":"ReadAction","target":["https:\/\/www.capgemini.com\/es-es\/sobre-nosotros\/gestion-y-gobierno\/politicas\/normas-de-conducta-para-proveedores\/"]}]},{"@type":"BreadcrumbList","@id":"https:\/\/www.capgemini.com\/es-es\/sobre-nosotros\/gestion-y-gobierno\/politicas\/normas-de-conducta-para-proveedores\/#breadcrumb","itemListElement":[{"@type":"ListItem","position":1,"name":"Home","item":"https:\/\/www.capgemini.com\/es-es\/"},{"@type":"ListItem","position":2,"name":"Sobre nosotros","item":"https:\/\/www.capgemini.com\/es-es\/sobre-nosotros\/"},{"@type":"ListItem","position":3,"name":"Gesti\u00f3n y gobierno","item":"https:\/\/www.capgemini.com\/es-es\/sobre-nosotros\/gestion-y-gobierno\/"},{"@type":"ListItem","position":4,"name":"Pol\u00edticas","item":"https:\/\/www.capgemini.com\/es-es\/sobre-nosotros\/gestion-y-gobierno\/politicas\/"},{"@type":"ListItem","position":5,"name":"Normas de conducta para proveedores"}]},{"@type":"WebSite","@id":"https:\/\/www.capgemini.com\/es-es\/#website","url":"https:\/\/www.capgemini.com\/es-es\/","name":"Capgemini Espa\u00f1a","description":"Capgemini","potentialAction":[{"@type":"SearchAction","target":{"@type":"EntryPoint","urlTemplate":"https:\/\/www.capgemini.com\/es-es\/?s={search_term_string}"},"query-input":"required name=search_term_string"}],"inLanguage":"es-ES"}]}},"brand_term":[],"parsely":{"version":"1.1.0","canonical_url":"https:\/\/capgemini.com\/es-es\/sobre-nosotros\/gestion-y-gobierno\/politicas\/normas-de-conducta-para-proveedores\/","smart_links":{"inbound":0,"outbound":0},"traffic_boost_suggestions_count":0,"meta":{"@context":"https:\/\/schema.org","@type":"WebPage","headline":"Normas de conducta para proveedores","url":"https:\/\/www.capgemini.com\/es-es\/sobre-nosotros\/gestion-y-gobierno\/politicas\/normas-de-conducta-para-proveedores\/","mainEntityOfPage":{"@type":"WebPage","@id":"https:\/\/www.capgemini.com\/es-es\/sobre-nosotros\/gestion-y-gobierno\/politicas\/normas-de-conducta-para-proveedores\/"},"thumbnailUrl":"","image":{"@type":"ImageObject","url":""},"articleSection":"Uncategorized","author":[],"creator":[],"publisher":{"@type":"Organization","name":"Capgemini Spain","logo":""},"keywords":[],"dateCreated":"2022-01-10T06:44:28Z","datePublished":"2022-01-10T06:44:28Z","dateModified":"2026-03-12T08:18:50Z"},"rendered":"<meta name=\"parsely-title\" content=\"Normas de conducta para proveedores\" \/>\n<meta name=\"parsely-link\" content=\"https:\/\/www.capgemini.com\/es-es\/sobre-nosotros\/gestion-y-gobierno\/politicas\/normas-de-conducta-para-proveedores\/\" \/>\n<meta name=\"parsely-type\" content=\"index\" \/>\n<meta name=\"parsely-pub-date\" content=\"2022-01-10T06:44:28Z\" \/>\n<meta name=\"parsely-section\" content=\"Uncategorized\" \/>","tracker_url":"https:\/\/cdn.parsely.com\/keys\/capgemini.com\/p.js"},"archive_status":false,"featured_image_src":"https:\/\/www.capgemini.com\/es-es\/wp-content\/themes\/capgemini2025\/assets\/images\/mockup.png","featured_image_alt":false,"jetpack_sharing_enabled":true,"distributor_meta":false,"distributor_terms":false,"distributor_media":false,"distributor_original_site_name":"Capgemini Spain","distributor_original_site_url":"https:\/\/www.capgemini.com\/es-es","push-errors":false,"_links":{"self":[{"href":"https:\/\/www.capgemini.com\/es-es\/wp-json\/wp\/v2\/pages\/537017","targetHints":{"allow":["GET"]}}],"collection":[{"href":"https:\/\/www.capgemini.com\/es-es\/wp-json\/wp\/v2\/pages"}],"about":[{"href":"https:\/\/www.capgemini.com\/es-es\/wp-json\/wp\/v2\/types\/page"}],"author":[{"embeddable":true,"href":"https:\/\/www.capgemini.com\/es-es\/wp-json\/wp\/v2\/users\/121"}],"replies":[{"embeddable":true,"href":"https:\/\/www.capgemini.com\/es-es\/wp-json\/wp\/v2\/comments?post=537017"}],"version-history":[{"count":2,"href":"https:\/\/www.capgemini.com\/es-es\/wp-json\/wp\/v2\/pages\/537017\/revisions"}],"predecessor-version":[{"id":579930,"href":"https:\/\/www.capgemini.com\/es-es\/wp-json\/wp\/v2\/pages\/537017\/revisions\/579930"}],"up":[{"embeddable":true,"href":"https:\/\/www.capgemini.com\/es-es\/wp-json\/wp\/v2\/pages\/536856"}],"wp:attachment":[{"href":"https:\/\/www.capgemini.com\/es-es\/wp-json\/wp\/v2\/media?parent=537017"}],"wp:term":[{"taxonomy":"brand","embeddable":true,"href":"https:\/\/www.capgemini.com\/es-es\/wp-json\/wp\/v2\/brand?post=537017"},{"taxonomy":"partner_type","embeddable":true,"href":"https:\/\/www.capgemini.com\/es-es\/wp-json\/wp\/v2\/partner_type?post=537017"},{"taxonomy":"service","embeddable":true,"href":"https:\/\/www.capgemini.com\/es-es\/wp-json\/wp\/v2\/service?post=537017"},{"taxonomy":"industry","embeddable":true,"href":"https:\/\/www.capgemini.com\/es-es\/wp-json\/wp\/v2\/industry?post=537017"},{"taxonomy":"partners","embeddable":true,"href":"https:\/\/www.capgemini.com\/es-es\/wp-json\/wp\/v2\/partners?post=537017"},{"taxonomy":"page-type","embeddable":true,"href":"https:\/\/www.capgemini.com\/es-es\/wp-json\/wp\/v2\/page-type?post=537017"},{"taxonomy":"content-group","embeddable":true,"href":"https:\/\/www.capgemini.com\/es-es\/wp-json\/wp\/v2\/content-group?post=537017"}],"curies":[{"name":"wp","href":"https:\/\/api.w.org\/{rel}","templated":true}]}}