{"id":536853,"date":"2022-10-12T09:25:52","date_gmt":"2022-10-12T09:25:52","guid":{"rendered":"https:\/\/www.capgemini.com\/?page_id=665430"},"modified":"2025-06-13T09:49:38","modified_gmt":"2025-06-13T07:49:38","slug":"politica-de-proteccion-de-datos","status":"publish","type":"page","link":"https:\/\/www.capgemini.com\/es-es\/sobre-nosotros\/gestion-y-gobierno\/politicas\/politica-de-proteccion-de-datos\/","title":{"rendered":"Pol\u00edtica de Protecci\u00f3n de Datos"},"content":{"rendered":"\n<header class=\"wp-block-cg-blocks-hero-reusable is-style-blue-line header heroReusable  \"><div class=\"header-bgs\"><\/div><div class=\"heroPictureCardHeaderShape\"><\/div><div class=\"container\"><div class=\"row\"><div class=\"col-md-12\"><div class=\"box\"><div class=\"boxTagWrapper\"><div class=\"tagInfo\"><div><span class=\"box-tag\">Policy<\/span><\/div><\/div><\/div><div class=\"box-title\"><h1 data-maxlength=\"34\">Pol\u00edtica de Protecci\u00f3n de Datos<\/h1><\/div><div class=\"inner-row-insight download-btn\"><\/div><\/div><\/div><\/div><\/div><\/header>\n\n\n\n<section class=\"wp-block-cg-blocks-group undefined section section--article-content\"><div class=\"article-main-content\"><div class=\"container\"><div class=\"row\"><div class=\"col-12 col-md-11 col-lg-10 offset-md-1 offset-lg-1\"><div class=\"article-text article-quote-text\">\n<h2 class=\"wp-block-heading\" id=\"h-capgemini-se-compromete-a-proteger-la-privacidad-de-sus-clientes-empleados-y-socios-para-ello-capgemini-ha-adoptado-las-normas-corporativas-vinculantes-bcr-como-su-politica-de-proteccion-de-datos-global\">Capgemini se compromete a proteger la privacidad de sus clientes, empleados y socios. Para ello, Capgemini ha adoptado las Normas Corporativas Vinculantes (BCR) como su Pol\u00edtica de Protecci\u00f3n de Datos global.<\/h2>\n\n\n\n<p>Las BCR se aplican a todas las entidades del Grupo Capgemini y a sus empleados, garantizando un s\u00f3lido est\u00e1ndar de protecci\u00f3n para todos los datos personales tratados por Capgemini, ya sea en su propio nombre o en nombre de sus clientes.<\/p>\n<\/div><\/div><\/div><\/div><\/div><\/section>\n\n\n\n<section class=\"wp-block-cg-blocks-group undefined section section--article-content\"><div class=\"article-main-content\"><div class=\"container\"><div class=\"row\"><div class=\"col-12 col-md-11 col-lg-10 offset-md-1 offset-lg-1\"><div class=\"article-text article-quote-text\">\n<div class=\"wp-block-columns is-layout-flex wp-container-core-columns-is-layout-28f84493 wp-block-columns-is-layout-flex\">\n<div class=\"wp-block-column is-layout-flow wp-block-column-is-layout-flow\">\n<figure class=\"wp-block-image aligncenter size-full\"><img loading=\"lazy\" decoding=\"async\" width=\"747\" height=\"348\" src=\"https:\/\/www.capgemini.com\/es-es\/wp-content\/uploads\/sites\/16\/2025\/06\/banner_normascorporativas1_esp.jpg\" alt=\"\" class=\"wp-image-573637\" srcset=\"https:\/\/www.capgemini.com\/es-es\/wp-content\/uploads\/sites\/16\/2025\/06\/banner_normascorporativas1_esp.jpg 747w, https:\/\/www.capgemini.com\/es-es\/wp-content\/uploads\/sites\/16\/2025\/06\/banner_normascorporativas1_esp.jpg?resize=300,140 300w\" sizes=\"auto, (max-width: 747px) 100vw, 747px\" \/><\/figure>\n<\/div>\n\n\n\n<div class=\"wp-block-column is-layout-flow wp-block-column-is-layout-flow\">\n<figure class=\"wp-block-image aligncenter size-large\"><img loading=\"lazy\" decoding=\"async\" width=\"747\" height=\"348\" src=\"https:\/\/www.capgemini.com\/es-es\/wp-content\/uploads\/sites\/16\/2025\/06\/banner_normascorporativas1_eng.jpg?w=747\" alt=\"\" class=\"wp-image-573636\" srcset=\"https:\/\/www.capgemini.com\/es-es\/wp-content\/uploads\/sites\/16\/2025\/06\/banner_normascorporativas1_eng.jpg 747w, https:\/\/www.capgemini.com\/es-es\/wp-content\/uploads\/sites\/16\/2025\/06\/banner_normascorporativas1_eng.jpg?resize=300,140 300w\" sizes=\"auto, (max-width: 747px) 100vw, 747px\" \/><\/figure>\n<\/div>\n<\/div>\n\n\n\n<div class=\"wp-block-columns is-layout-flex wp-container-core-columns-is-layout-28f84493 wp-block-columns-is-layout-flex\">\n<div class=\"wp-block-column is-layout-flow wp-block-column-is-layout-flow\">\n<div class=\"wp-block-buttons is-layout-flex wp-block-buttons-is-layout-flex\">\n<div class=\"wp-block-button aligncenter is-style-fill\"><a class=\"wp-block-button__link has-white-color has-cyan-bluish-gray-background-color has-text-color has-background wp-element-button\" href=\"https:\/\/www.capgemini.com\/es-es\/wp-content\/uploads\/sites\/16\/2025\/06\/EU-BCR-C-Public-version-Updated-Apr.-2025_ES.pdf\"><strong>Descargar Normas Corporativas Vinculantes (Responsable del Tratamiento)<\/strong><\/a><\/div>\n<\/div>\n\n\n\n<div class=\"wp-block-buttons is-layout-flex wp-block-buttons-is-layout-flex\"><\/div>\n<\/div>\n\n\n\n<div class=\"wp-block-column is-layout-flow wp-block-column-is-layout-flow\">\n<div class=\"wp-block-buttons is-layout-flex wp-block-buttons-is-layout-flex\">\n<div class=\"wp-block-button has-custom-width wp-block-button__width-25 aligncenter is-style-fill\"><a class=\"wp-block-button__link has-white-color has-cyan-bluish-gray-background-color has-text-color has-background wp-element-button\" href=\"https:\/\/www.capgemini.com\/es-es\/wp-content\/uploads\/sites\/16\/2025\/06\/EU-BCR-C-Public-version-Updated-Apr.-2025.pdf\"><strong>Download Binding Corporate Rules (Controller Activities)<\/strong><\/a><\/div>\n<\/div>\n\n\n\n<div class=\"wp-block-buttons is-layout-flex wp-container-core-buttons-is-layout-9bedd9bf wp-block-buttons-is-layout-flex\">\n<div class=\"wp-block-button aligncenter\"><a class=\"wp-block-button__link has-white-color has-cyan-bluish-gray-background-color has-text-color has-background wp-element-button\" href=\"https:\/\/www.capgemini.com\/es-es\/wp-content\/uploads\/sites\/16\/2024\/06\/EU-BCR-P-Public-version-updated-March-2023-1.pdf\" target=\"_blank\" rel=\"noreferrer noopener\"><strong>Download Binding Corporate Rules (Processor Activities)<\/strong><\/a><\/div>\n<\/div>\n<\/div>\n<\/div>\n\n\n\n<div class=\"wp-block-columns is-layout-flex wp-container-core-columns-is-layout-28f84493 wp-block-columns-is-layout-flex\">\n<div class=\"wp-block-column is-layout-flow wp-block-column-is-layout-flow\">\n<section class=\"wp-block-cg-blocks-group undefined section section--article-content\"><div class=\"article-main-content\"><div class=\"container\"><div class=\"row\"><div class=\"col-12 col-md-11 col-lg-10 offset-md-1 offset-lg-1\"><div class=\"article-text article-quote-text\">\n<p>Las Normas Corporativas Vinculantes (BCR) de Capgemini para las actividades de Responsable y Encargado del Tratamiento fueron aprobadas inicialmente por las Autoridades Europeas de Protecci\u00f3n de Datos en marzo de 2016 y posteriormente actualizadas en enero de 2019 para cumplir con el Reglamento General de Protecci\u00f3n de Datos (RGPD).<\/p>\n\n\n\n<p><strong>Las BCR de Capgemini para las actividades del Responsable del Tratamiento se actualizaron por \u00faltima vez en abril de 2025<\/strong>&nbsp;para cumplir con los requisitos actualizados del Comit\u00e9 Europeo de Protecci\u00f3n de Datos (CEPD).<\/p>\n\n\n\n<p><strong>Las BCR de Capgemini para las actividades del Encargado del Tratamiento se actualizaron por \u00faltima vez en abril de 2023<\/strong>&nbsp;para alinearse con las obligaciones adicionales derivadas de la decisi\u00f3n Schrems II (s\u00f3lo disponibles en la versi\u00f3n en ingl\u00e9s).<\/p>\n\n\n\n<p>Estas actualizaciones fueron revisadas y aprobadas por las Autoridades Europeas de Protecci\u00f3n de Datos seg\u00fan lo requerido.<\/p>\n\n\n\n<p>Capgemini colabora activamente con la CNIL, como su principal Autoridad de Protecci\u00f3n de Datos, para garantizar que las BCR se mantienen actualizadas y cumplen con los \u00faltimos requerimientos del CEPD.<\/p>\n<\/div><\/div><\/div><\/div><\/div><\/section>\n<\/div>\n\n\n\n<div class=\"wp-block-column is-layout-flow wp-block-column-is-layout-flow\">\n<section class=\"wp-block-cg-blocks-group undefined section section--article-content\"><div class=\"article-main-content\"><div class=\"container\"><div class=\"row\"><div class=\"col-12 col-md-11 col-lg-10 offset-md-1 offset-lg-1\"><div class=\"article-text article-quote-text\">\n<p>Capgemini Binding Corporate Rules (BCR) for Controller &amp; Processor activities were initially approved by the European Data Protection Authorities in March 2016 and subsequently updated in January 2019 to comply with the General Data Protection Regulation (GDPR).<\/p>\n\n\n\n<p><strong>Capgemini BCR for Controller activities were last updated in April 2025<\/strong>&nbsp;to comply with the updated European Data Protection Board (EDPB) requirements.<\/p>\n\n\n\n<p><strong>Capgemini BCR for Processor activities were last updated in April 2023<\/strong>&nbsp;to align with additional obligations stemming from the so-called Schrems II decision.<\/p>\n\n\n\n<p>These updates were reviewed and approved by the European data protection authorities as required.<\/p>\n\n\n\n<p>Capgemini is actively collaborating with the CNIL, as its lead data protection authority, to ensure its BCRs are kept up-to-date and comply with the latest requirements from the EDPB.<\/p>\n<\/div><\/div><\/div><\/div><\/div><\/section>\n<\/div>\n<\/div>\n<\/div><\/div><\/div><\/div><\/div><\/section>\n","protected":false},"excerpt":{"rendered":"","protected":false},"author":121,"featured_media":536855,"parent":536856,"menu_order":4,"comment_status":"closed","ping_status":"closed","template":"","meta":{"cg_dt_proposed_to":[0],"cg_seo_hreflang_relations":"[]","cg_seo_canonical_relation":"","cg_seo_hreflang_x_default_relation":"{\"uuid\":\"acdaff39-0ff5-48c2-934d-9ab35f819f89\",\"blogId\":\"\",\"domain\":\"\",\"sitePath\":\"\",\"postLink\":\"\",\"postId\":null,\"isSaved\":true,\"isCrossLink\":false,\"hasCrossLink\":false}","cg_dt_approved_content":false,"cg_dt_mandatory_content":false,"cg_dt_notes":"","cg_dg_source_changed":true,"cg_dt_link_disabled":false,"_yoast_wpseo_primary_brand":"30","footnotes":"","featured_focal_points":"","partner_card_description":"","gsap_animation":0},"brand":[30],"partner_type":[],"service":[],"industry":[],"partners":[],"page-type":[448],"content-group":[],"class_list":["post-536853","page","type-page","status-publish","has-post-thumbnail","hentry","brand-capgemini","page-type-about-us"],"yoast_head":"<!-- This site is optimized with the Yoast SEO Premium plugin v22.8 (Yoast SEO v22.8) - https:\/\/yoast.com\/wordpress\/plugins\/seo\/ -->\n<title>Pol\u00edtica de Protecci\u00f3n de Datos | Capgemini<\/title>\n<meta name=\"description\" content=\"Normas corporativas vinculantes de Capgemini en protecci\u00f3n de datos\" \/>\n<meta name=\"robots\" content=\"index, follow, max-snippet:-1, max-image-preview:large, max-video-preview:-1\" \/>\n<link rel=\"canonical\" href=\"https:\/\/www.capgemini.com\/es-es\/sobre-nosotros\/gestion-y-gobierno\/politicas\/politica-de-proteccion-de-datos\/\" \/>\n<meta property=\"og:locale\" content=\"es_ES\" \/>\n<meta property=\"og:type\" content=\"article\" \/>\n<meta property=\"og:title\" content=\"Pol\u00edtica de Protecci\u00f3n de Datos\" \/>\n<meta property=\"og:description\" content=\"Normas corporativas vinculantes de Capgemini en protecci\u00f3n de datos\" \/>\n<meta property=\"og:url\" content=\"https:\/\/www.capgemini.com\/es-es\/sobre-nosotros\/gestion-y-gobierno\/politicas\/politica-de-proteccion-de-datos\/\" \/>\n<meta property=\"og:site_name\" content=\"Capgemini Spain\" \/>\n<meta property=\"article:modified_time\" content=\"2025-06-13T07:49:38+00:00\" \/>\n<meta property=\"og:image\" content=\"https:\/\/www.capgemini.com\/es-es\/wp-content\/uploads\/sites\/16\/2022\/10\/Capgemini_Corporate-governance-1.jpg\" \/>\n\t<meta property=\"og:image:width\" content=\"2880\" \/>\n\t<meta property=\"og:image:height\" content=\"1800\" \/>\n\t<meta property=\"og:image:type\" content=\"image\/jpeg\" \/>\n<meta name=\"twitter:card\" content=\"summary_large_image\" \/>\n<meta name=\"twitter:label1\" content=\"Est. reading time\" \/>\n\t<meta name=\"twitter:data1\" content=\"3 minutes\" \/>\n<script type=\"application\/ld+json\" class=\"yoast-schema-graph\">{\"@context\":\"https:\/\/schema.org\",\"@graph\":[{\"@type\":\"WebPage\",\"@id\":\"https:\/\/www.capgemini.com\/es-es\/sobre-nosotros\/gestion-y-gobierno\/politicas\/politica-de-proteccion-de-datos\/\",\"url\":\"https:\/\/www.capgemini.com\/es-es\/sobre-nosotros\/gestion-y-gobierno\/politicas\/politica-de-proteccion-de-datos\/\",\"name\":\"Pol\u00edtica de Protecci\u00f3n de Datos | Capgemini\",\"isPartOf\":{\"@id\":\"https:\/\/www.capgemini.com\/es-es\/#website\"},\"primaryImageOfPage\":{\"@id\":\"https:\/\/www.capgemini.com\/es-es\/sobre-nosotros\/gestion-y-gobierno\/politicas\/politica-de-proteccion-de-datos\/#primaryimage\"},\"image\":{\"@id\":\"https:\/\/www.capgemini.com\/es-es\/sobre-nosotros\/gestion-y-gobierno\/politicas\/politica-de-proteccion-de-datos\/#primaryimage\"},\"thumbnailUrl\":\"https:\/\/www.capgemini.com\/es-es\/wp-content\/uploads\/sites\/16\/2022\/10\/Capgemini_Corporate-governance-1.jpg\",\"datePublished\":\"2022-10-12T09:25:52+00:00\",\"dateModified\":\"2025-06-13T07:49:38+00:00\",\"description\":\"Normas corporativas vinculantes de Capgemini en protecci\u00f3n de datos\",\"breadcrumb\":{\"@id\":\"https:\/\/www.capgemini.com\/es-es\/sobre-nosotros\/gestion-y-gobierno\/politicas\/politica-de-proteccion-de-datos\/#breadcrumb\"},\"inLanguage\":\"es-ES\",\"potentialAction\":[{\"@type\":\"ReadAction\",\"target\":[\"https:\/\/www.capgemini.com\/es-es\/sobre-nosotros\/gestion-y-gobierno\/politicas\/politica-de-proteccion-de-datos\/\"]}]},{\"@type\":\"ImageObject\",\"inLanguage\":\"es-ES\",\"@id\":\"https:\/\/www.capgemini.com\/es-es\/sobre-nosotros\/gestion-y-gobierno\/politicas\/politica-de-proteccion-de-datos\/#primaryimage\",\"url\":\"https:\/\/www.capgemini.com\/es-es\/wp-content\/uploads\/sites\/16\/2022\/10\/Capgemini_Corporate-governance-1.jpg\",\"contentUrl\":\"https:\/\/www.capgemini.com\/es-es\/wp-content\/uploads\/sites\/16\/2022\/10\/Capgemini_Corporate-governance-1.jpg\",\"width\":2880,\"height\":1800},{\"@type\":\"BreadcrumbList\",\"@id\":\"https:\/\/www.capgemini.com\/es-es\/sobre-nosotros\/gestion-y-gobierno\/politicas\/politica-de-proteccion-de-datos\/#breadcrumb\",\"itemListElement\":[{\"@type\":\"ListItem\",\"position\":1,\"name\":\"Home\",\"item\":\"https:\/\/www.capgemini.com\/es-es\/\"},{\"@type\":\"ListItem\",\"position\":2,\"name\":\"Sobre nosotros\",\"item\":\"https:\/\/www.capgemini.com\/es-es\/sobre-nosotros\/\"},{\"@type\":\"ListItem\",\"position\":3,\"name\":\"Gesti\u00f3n y gobierno\",\"item\":\"https:\/\/www.capgemini.com\/es-es\/sobre-nosotros\/gestion-y-gobierno\/\"},{\"@type\":\"ListItem\",\"position\":4,\"name\":\"Pol\u00edticas\",\"item\":\"https:\/\/www.capgemini.com\/es-es\/sobre-nosotros\/gestion-y-gobierno\/politicas\/\"},{\"@type\":\"ListItem\",\"position\":5,\"name\":\"Pol\u00edtica de Protecci\u00f3n de Datos\"}]},{\"@type\":\"WebSite\",\"@id\":\"https:\/\/www.capgemini.com\/es-es\/#website\",\"url\":\"https:\/\/www.capgemini.com\/es-es\/\",\"name\":\"Capgemini Espa\u00f1a\",\"description\":\"Capgemini\",\"potentialAction\":[{\"@type\":\"SearchAction\",\"target\":{\"@type\":\"EntryPoint\",\"urlTemplate\":\"https:\/\/www.capgemini.com\/es-es\/?s={search_term_string}\"},\"query-input\":\"required name=search_term_string\"}],\"inLanguage\":\"es-ES\"}]}<\/script>\n<!-- \/ Yoast SEO Premium plugin. -->","yoast_head_json":{"title":"Pol\u00edtica de Protecci\u00f3n de Datos | Capgemini","description":"Normas corporativas vinculantes de Capgemini en protecci\u00f3n de datos","robots":{"index":"index","follow":"follow","max-snippet":"max-snippet:-1","max-image-preview":"max-image-preview:large","max-video-preview":"max-video-preview:-1"},"canonical":"https:\/\/www.capgemini.com\/es-es\/sobre-nosotros\/gestion-y-gobierno\/politicas\/politica-de-proteccion-de-datos\/","og_locale":"es_ES","og_type":"article","og_title":"Pol\u00edtica de Protecci\u00f3n de Datos","og_description":"Normas corporativas vinculantes de Capgemini en protecci\u00f3n de datos","og_url":"https:\/\/www.capgemini.com\/es-es\/sobre-nosotros\/gestion-y-gobierno\/politicas\/politica-de-proteccion-de-datos\/","og_site_name":"Capgemini Spain","article_modified_time":"2025-06-13T07:49:38+00:00","og_image":[{"width":2880,"height":1800,"url":"https:\/\/www.capgemini.com\/es-es\/wp-content\/uploads\/sites\/16\/2022\/10\/Capgemini_Corporate-governance-1.jpg","type":"image\/jpeg"}],"twitter_card":"summary_large_image","twitter_misc":{"Est. reading time":"3 minutes"},"schema":{"@context":"https:\/\/schema.org","@graph":[{"@type":"WebPage","@id":"https:\/\/www.capgemini.com\/es-es\/sobre-nosotros\/gestion-y-gobierno\/politicas\/politica-de-proteccion-de-datos\/","url":"https:\/\/www.capgemini.com\/es-es\/sobre-nosotros\/gestion-y-gobierno\/politicas\/politica-de-proteccion-de-datos\/","name":"Pol\u00edtica de Protecci\u00f3n de Datos | Capgemini","isPartOf":{"@id":"https:\/\/www.capgemini.com\/es-es\/#website"},"primaryImageOfPage":{"@id":"https:\/\/www.capgemini.com\/es-es\/sobre-nosotros\/gestion-y-gobierno\/politicas\/politica-de-proteccion-de-datos\/#primaryimage"},"image":{"@id":"https:\/\/www.capgemini.com\/es-es\/sobre-nosotros\/gestion-y-gobierno\/politicas\/politica-de-proteccion-de-datos\/#primaryimage"},"thumbnailUrl":"https:\/\/www.capgemini.com\/es-es\/wp-content\/uploads\/sites\/16\/2022\/10\/Capgemini_Corporate-governance-1.jpg","datePublished":"2022-10-12T09:25:52+00:00","dateModified":"2025-06-13T07:49:38+00:00","description":"Normas corporativas vinculantes de Capgemini en protecci\u00f3n de datos","breadcrumb":{"@id":"https:\/\/www.capgemini.com\/es-es\/sobre-nosotros\/gestion-y-gobierno\/politicas\/politica-de-proteccion-de-datos\/#breadcrumb"},"inLanguage":"es-ES","potentialAction":[{"@type":"ReadAction","target":["https:\/\/www.capgemini.com\/es-es\/sobre-nosotros\/gestion-y-gobierno\/politicas\/politica-de-proteccion-de-datos\/"]}]},{"@type":"ImageObject","inLanguage":"es-ES","@id":"https:\/\/www.capgemini.com\/es-es\/sobre-nosotros\/gestion-y-gobierno\/politicas\/politica-de-proteccion-de-datos\/#primaryimage","url":"https:\/\/www.capgemini.com\/es-es\/wp-content\/uploads\/sites\/16\/2022\/10\/Capgemini_Corporate-governance-1.jpg","contentUrl":"https:\/\/www.capgemini.com\/es-es\/wp-content\/uploads\/sites\/16\/2022\/10\/Capgemini_Corporate-governance-1.jpg","width":2880,"height":1800},{"@type":"BreadcrumbList","@id":"https:\/\/www.capgemini.com\/es-es\/sobre-nosotros\/gestion-y-gobierno\/politicas\/politica-de-proteccion-de-datos\/#breadcrumb","itemListElement":[{"@type":"ListItem","position":1,"name":"Home","item":"https:\/\/www.capgemini.com\/es-es\/"},{"@type":"ListItem","position":2,"name":"Sobre nosotros","item":"https:\/\/www.capgemini.com\/es-es\/sobre-nosotros\/"},{"@type":"ListItem","position":3,"name":"Gesti\u00f3n y gobierno","item":"https:\/\/www.capgemini.com\/es-es\/sobre-nosotros\/gestion-y-gobierno\/"},{"@type":"ListItem","position":4,"name":"Pol\u00edticas","item":"https:\/\/www.capgemini.com\/es-es\/sobre-nosotros\/gestion-y-gobierno\/politicas\/"},{"@type":"ListItem","position":5,"name":"Pol\u00edtica de Protecci\u00f3n de Datos"}]},{"@type":"WebSite","@id":"https:\/\/www.capgemini.com\/es-es\/#website","url":"https:\/\/www.capgemini.com\/es-es\/","name":"Capgemini Espa\u00f1a","description":"Capgemini","potentialAction":[{"@type":"SearchAction","target":{"@type":"EntryPoint","urlTemplate":"https:\/\/www.capgemini.com\/es-es\/?s={search_term_string}"},"query-input":"required name=search_term_string"}],"inLanguage":"es-ES"}]}},"brand_term":[{"id":30,"slug":"capgemini"}],"parsely":{"version":"1.1.0","canonical_url":"https:\/\/capgemini.com\/es-es\/sobre-nosotros\/gestion-y-gobierno\/politicas\/politica-de-proteccion-de-datos\/","smart_links":{"inbound":0,"outbound":0},"traffic_boost_suggestions_count":0,"meta":{"@context":"https:\/\/schema.org","@type":"WebPage","headline":"Pol\u00edtica de Protecci\u00f3n de Datos","url":"https:\/\/www.capgemini.com\/es-es\/sobre-nosotros\/gestion-y-gobierno\/politicas\/politica-de-proteccion-de-datos\/","mainEntityOfPage":{"@type":"WebPage","@id":"https:\/\/www.capgemini.com\/es-es\/sobre-nosotros\/gestion-y-gobierno\/politicas\/politica-de-proteccion-de-datos\/"},"thumbnailUrl":"https:\/\/www.capgemini.com\/es-es\/wp-content\/uploads\/sites\/16\/2022\/10\/Capgemini_Corporate-governance-1.jpg?w=150&h=150&crop=1","image":{"@type":"ImageObject","url":"https:\/\/www.capgemini.com\/es-es\/wp-content\/uploads\/sites\/16\/2022\/10\/Capgemini_Corporate-governance-1.jpg"},"articleSection":"Uncategorized","author":[],"creator":[],"publisher":{"@type":"Organization","name":"Capgemini Spain","logo":""},"keywords":[],"dateCreated":"2022-10-12T09:25:52Z","datePublished":"2022-10-12T09:25:52Z","dateModified":"2025-06-13T07:49:38Z"},"rendered":"<meta name=\"parsely-title\" content=\"Pol\u00edtica de Protecci\u00f3n de Datos\" \/>\n<meta name=\"parsely-link\" content=\"https:\/\/www.capgemini.com\/es-es\/sobre-nosotros\/gestion-y-gobierno\/politicas\/politica-de-proteccion-de-datos\/\" \/>\n<meta name=\"parsely-type\" content=\"index\" \/>\n<meta name=\"parsely-image-url\" content=\"https:\/\/www.capgemini.com\/es-es\/wp-content\/uploads\/sites\/16\/2022\/10\/Capgemini_Corporate-governance-1.jpg?w=150&amp;h=150&amp;crop=1\" \/>\n<meta name=\"parsely-pub-date\" content=\"2022-10-12T09:25:52Z\" \/>\n<meta name=\"parsely-section\" content=\"Uncategorized\" \/>","tracker_url":"https:\/\/cdn.parsely.com\/keys\/capgemini.com\/p.js"},"archive_status":false,"featured_image_src":"https:\/\/www.capgemini.com\/es-es\/wp-content\/uploads\/sites\/16\/2022\/10\/Capgemini_Corporate-governance-1.jpg","featured_image_alt":"","jetpack_sharing_enabled":true,"distributor_meta":false,"distributor_terms":false,"distributor_media":false,"distributor_original_site_name":"Capgemini Spain","distributor_original_site_url":"https:\/\/www.capgemini.com\/es-es","push-errors":false,"_links":{"self":[{"href":"https:\/\/www.capgemini.com\/es-es\/wp-json\/wp\/v2\/pages\/536853","targetHints":{"allow":["GET"]}}],"collection":[{"href":"https:\/\/www.capgemini.com\/es-es\/wp-json\/wp\/v2\/pages"}],"about":[{"href":"https:\/\/www.capgemini.com\/es-es\/wp-json\/wp\/v2\/types\/page"}],"author":[{"embeddable":true,"href":"https:\/\/www.capgemini.com\/es-es\/wp-json\/wp\/v2\/users\/121"}],"replies":[{"embeddable":true,"href":"https:\/\/www.capgemini.com\/es-es\/wp-json\/wp\/v2\/comments?post=536853"}],"version-history":[{"count":20,"href":"https:\/\/www.capgemini.com\/es-es\/wp-json\/wp\/v2\/pages\/536853\/revisions"}],"predecessor-version":[{"id":573638,"href":"https:\/\/www.capgemini.com\/es-es\/wp-json\/wp\/v2\/pages\/536853\/revisions\/573638"}],"up":[{"embeddable":true,"href":"https:\/\/www.capgemini.com\/es-es\/wp-json\/wp\/v2\/pages\/536856"}],"wp:featuredmedia":[{"embeddable":true,"href":"https:\/\/www.capgemini.com\/es-es\/wp-json\/wp\/v2\/media\/536855"}],"wp:attachment":[{"href":"https:\/\/www.capgemini.com\/es-es\/wp-json\/wp\/v2\/media?parent=536853"}],"wp:term":[{"taxonomy":"brand","embeddable":true,"href":"https:\/\/www.capgemini.com\/es-es\/wp-json\/wp\/v2\/brand?post=536853"},{"taxonomy":"partner_type","embeddable":true,"href":"https:\/\/www.capgemini.com\/es-es\/wp-json\/wp\/v2\/partner_type?post=536853"},{"taxonomy":"service","embeddable":true,"href":"https:\/\/www.capgemini.com\/es-es\/wp-json\/wp\/v2\/service?post=536853"},{"taxonomy":"industry","embeddable":true,"href":"https:\/\/www.capgemini.com\/es-es\/wp-json\/wp\/v2\/industry?post=536853"},{"taxonomy":"partners","embeddable":true,"href":"https:\/\/www.capgemini.com\/es-es\/wp-json\/wp\/v2\/partners?post=536853"},{"taxonomy":"page-type","embeddable":true,"href":"https:\/\/www.capgemini.com\/es-es\/wp-json\/wp\/v2\/page-type?post=536853"},{"taxonomy":"content-group","embeddable":true,"href":"https:\/\/www.capgemini.com\/es-es\/wp-json\/wp\/v2\/content-group?post=536853"}],"curies":[{"name":"wp","href":"https:\/\/api.w.org\/{rel}","templated":true}]}}