{"id":536839,"date":"2023-01-30T05:48:59","date_gmt":"2023-01-30T05:48:59","guid":{"rendered":"https:\/\/www.capgemini.com\/?page_id=514973"},"modified":"2025-01-17T11:42:29","modified_gmt":"2025-01-17T10:42:29","slug":"condiciones-de-uso","status":"publish","type":"page","link":"https:\/\/www.capgemini.com\/es-es\/condiciones-de-uso\/","title":{"rendered":"T\u00e9rminos de uso"},"content":{"rendered":"\n<div class=\"wp-block-cg-blocks-hero-picture-card undefined  heroPictureCard\"><div class=\"heroPictureCardBgs\"><picture><source srcset=\"https:\/\/www.capgemini.com\/wp-content\/uploads\/2020\/11\/hero-social-d.png?w=2880&amp;quality=70 1x, https:\/\/www.capgemini.com\/wp-content\/uploads\/2020\/11\/hero-social-d.png?w=2880&amp;quality=70 2x\" media=\"(min-width: 1500px)\"\/><source srcset=\"https:\/\/www.capgemini.com\/wp-content\/uploads\/2020\/11\/hero-social-d.png?w=1440&amp;quality=70 1x, https:\/\/www.capgemini.com\/wp-content\/uploads\/2020\/11\/hero-social-d.png?w=2880&amp;quality=70 2x\" media=\"(min-width: 992px)\"\/><source srcset=\"https:\/\/www.capgemini.com\/wp-content\/uploads\/2020\/11\/hero-social-d.png?w=1024&amp;quality=70 1x, https:\/\/www.capgemini.com\/wp-content\/uploads\/2020\/11\/hero-social-d.png?w=1024&amp;quality=70 2x\" media=\"(min-width: 768px)\"\/><source srcset=\"https:\/\/www.capgemini.com\/wp-content\/uploads\/2020\/11\/hero-social-d.png?w=768&amp;quality=70 1x, https:\/\/www.capgemini.com\/wp-content\/uploads\/2020\/11\/hero-social-d.png?w=768&amp;quality=70 2x\" media=\"(min-width: 0)\"\/><img decoding=\"async\" src=\"https:\/\/www.capgemini.com\/wp-content\/uploads\/2020\/11\/hero-social-d.png\" class=\"desktopImage\" alt=\"\" style=\"object-fit:cover;object-position:70% 27%\" loading=\"eager\"\/><\/picture><picture><source srcset=\"https:\/\/www.capgemini.com\/wp-content\/uploads\/2020\/11\/hero-social-d.png?w=2880&amp;quality=70 1x, https:\/\/www.capgemini.com\/wp-content\/uploads\/2020\/11\/hero-social-d.png?w=2880&amp;quality=70 2x\" media=\"(min-width: 1500px)\"\/><source srcset=\"https:\/\/www.capgemini.com\/wp-content\/uploads\/2020\/11\/hero-social-d.png?w=1440&amp;quality=70 1x, https:\/\/www.capgemini.com\/wp-content\/uploads\/2020\/11\/hero-social-d.png?w=2880&amp;quality=70 2x\" media=\"(min-width: 992px)\"\/><source srcset=\"https:\/\/www.capgemini.com\/wp-content\/uploads\/2020\/11\/hero-social-d.png?w=1024&amp;quality=70 1x, https:\/\/www.capgemini.com\/wp-content\/uploads\/2020\/11\/hero-social-d.png?w=1024&amp;quality=70 2x\" media=\"(min-width: 768px)\"\/><source srcset=\"https:\/\/www.capgemini.com\/wp-content\/uploads\/2020\/11\/hero-social-d.png?w=768&amp;quality=70 1x, https:\/\/www.capgemini.com\/wp-content\/uploads\/2020\/11\/hero-social-d.png?w=768&amp;quality=70 2x\" media=\"(min-width: 0)\"\/><img decoding=\"async\" src=\"https:\/\/www.capgemini.com\/wp-content\/uploads\/2020\/11\/hero-social-d.png\" class=\"mobileImage\" alt=\"\" style=\"object-fit:cover;object-position:70% 27%\" loading=\"eager\"\/><\/picture><\/div><div class=\"heroPictureCardHeaderShape\"><\/div><div class=\"container\"><div class=\"row\"><div class=\"col-md-8 col-lg-6\"><div class=\"heroPictureCardBox\"><div class=\"heroPictureCardBoxTitle\"><h1 data-maxlength=\"144\">T\u00e9rminos de uso<\/h1><\/div><\/div><\/div><\/div><\/div><div class=\"small-device\"><div class=\"brandLogoWrapper\"> <\/div><\/div><\/div>\n\n\n\n<section class=\"wp-block-cg-blocks-group undefined section section--article-content\"><div class=\"article-main-content\"><div class=\"container\"><div class=\"row\"><div class=\"col-12 col-md-11 col-lg-10 offset-md-1 offset-lg-1\"><div class=\"article-text article-quote-text\">\n<p><\/p>\n\n\n\n<h2 class=\"wp-block-heading\" id=\"h-1-aceptacion\">1) Aceptaci\u00f3n<\/h2>\n\n\n\n<p>Los presentes T\u00e9rminos de Uso establecen los t\u00e9rminos y condiciones que rigen el uso y acceso al sitio web de Capgemini (el &#8220;Sitio&#8221;) y constituyen un contrato legalmente vinculante entre usted y Capgemini (&#8220;Capgemini&#8221; o &#8220;nosotros&#8221;). Al acceder y navegar por el Sitio o al utilizar y\/o descargar cualquier contenido del mismo, usted est\u00e1 de acuerdo y acepta los t\u00e9rminos que se establecen a continuaci\u00f3n.<\/p>\n\n\n\n<p>Si es usted un particular, declara y garantiza que ha alcanzado la mayor\u00eda de edad en la jurisdicci\u00f3n en la que reside.<\/p>\n\n\n\n<p>Si usted es un individuo que accede o utiliza el Sitio en nombre o en beneficio de cualquier corporaci\u00f3n, sociedad u otra entidad con la que est\u00e9 asociado (una &#8220;Organizaci\u00f3n&#8221;), entonces est\u00e1 aceptando estos t\u00e9rminos en su nombre y en el de dicha Organizaci\u00f3n, y declara y garantiza que tiene la autoridad legal para obligar a dicha Organizaci\u00f3n a estos t\u00e9rminos. Las referencias a &#8220;usted&#8221; y &#8220;su&#8221; en estos t\u00e9rminos se referir\u00e1n tanto a la persona que utiliza el Sitio como a cualquier Organizaci\u00f3n.<\/p>\n\n\n\n<h3 class=\"wp-block-heading\" id=\"h-si-no-acepta-quedar-vinculado-por-estas-terminos-de-uso-no-debe-utilizar-ni-acceder-al-sitio-web\">Si no acepta quedar vinculado por estas T\u00e9rminos de uso, no debe utilizar ni acceder al sitio web.<\/h3>\n\n\n\n<p>Su acuerdo con Capgemini se compone de los presentes t\u00e9rminos, junto con cualesquiera t\u00e9rminos y condiciones adicionales publicados en el Sitio o puestos a su disposici\u00f3n de cualquier otra forma por Capgemini.<\/p>\n\n\n\n<p>Capgemini se reserva el derecho, a su entera discreci\u00f3n, de modificar o eliminar la totalidad o parte de las presentes t\u00e9rminos en cualquier momento y sin previo aviso. Si lo hacemos, indicaremos en la parte superior de esta p\u00e1gina la fecha de la \u00faltima revisi\u00f3n. El uso del Sitio por su parte despu\u00e9s de tales cambios constituye su aceptaci\u00f3n de las nuevas t\u00e9rminos .<\/p>\n\n\n\n<p>Estos t\u00e9rminos se aplican a www.capgemini.com y a cualquier otro sitio web de Capgemini en www.capgemini.com o accesible a trav\u00e9s de www.capgemini.com. Los Sitios de Capgemini son operados por filiales de Capgemini SE, bajo la coordinaci\u00f3n global de Capgemini Service SAS.<\/p>\n\n\n\n<p>Algunos Sitios de Capgemini pueden estar sujetos a condiciones diferentes o adicionales. Al acceder a cualquiera de estos Sitios de Capgemini, usted acepta quedar vinculado por los t\u00e9rminos adicionales que rigen el uso de cada uno de dichos Sitios de Capgemini.<\/p>\n\n\n\n<h2 class=\"wp-block-heading\" id=\"h-2-proposito-del-sitio-web\">2) Prop\u00f3sito del sitio web<\/h2>\n\n\n\n<p>Todos los contenidos en el sitio web de la Compa\u00f1\u00eda se ofrecen con fines informativos y no deben interpretarse como una oferta comercial, una licencia, una relaci\u00f3n de asesoramiento, fiduciaria o profesional entre usted y la Compa\u00f1\u00eda. Ninguna informaci\u00f3n proporcionada en este sitio se considerar\u00e1 un sustituto de peticiones independientes.<\/p>\n\n\n\n<p>La informaci\u00f3n proporcionada en este sitio web puede estar relacionada con productos o servicios que no est\u00e1n disponibles en su pa\u00eds.<\/p>\n\n\n\n<h2 class=\"wp-block-heading\" id=\"h-3-enlaces-a-sitios-web-de-terceros\">3) Enlaces a sitios web de terceros<\/h2>\n\n\n\n<p>Los enlaces a sitios web de terceros se ofrecen solo para su comodidad y no implican aprobaci\u00f3n por parte de la Compa\u00f1\u00eda de los sitios vinculados, incluso si pueden contener el logotipo de la Compa\u00f1\u00eda, ya que dichos sitios escapan al control de la Compa\u00f1\u00eda. Por lo tanto, la Compa\u00f1\u00eda no se hace responsable del contenido de ning\u00fan sitio vinculado ni de ning\u00fan enlace contenido en \u00e9l.<br>Usted reconoce que est\u00e1 prohibido enmarcar el sitio web de la Compa\u00f1\u00eda o cualquier proceso similar.<\/p>\n\n\n\n<h2 class=\"wp-block-heading\" id=\"h-4-informacion-que-se-publica-en-el-sitio\">4) Informaci\u00f3n que se publica en el Sitio<\/h2>\n\n\n\n<p>Usted garantiza que cualquier informaci\u00f3n, Material (el t\u00e9rmino &#8220;Material&#8221; se refiere a todos los proyectos, archivos u otros archivos adjuntos que nos env\u00ede) o comentarios que no sean datos personales, que pueda transmitir a Capgemini a trav\u00e9s del Sitio no infringe los derechos de propiedad intelectual ni ninguna otra ley aplicable. Dicha informaci\u00f3n, Materiales o comentarios, ser\u00e1n tratados como no confidenciales y no sujetos a derechos de propiedad. Usted garantiza que cualquier informaci\u00f3n, Material o comentario que pueda transmitir a Capgemini a trav\u00e9s del Sitio no afecta a la integridad y\/o seguridad del Sitio y, en particular, no contiene virus, gusanos, troyanos u otros programas potencialmente destructivos.<\/p>\n\n\n\n<p>Al enviar cualquier informaci\u00f3n o material, usted otorga a Capgemini una licencia ilimitada e irrevocable para utilizar, copiar, ejecutar, mostrar, exhibir, modificar y transmitir dicha informaci\u00f3n, Material o comentarios, incluyendo cualquier idea, concepto o know-how subyacente, en su totalidad o en parte, de cualquier manera o medio. Capgemini se reserva el derecho a utilizar dicha informaci\u00f3n del modo que estime oportuno.<\/p>\n\n\n\n<h2 class=\"wp-block-heading\" id=\"h-5-normas-de-uso-de-las-redes-sociales\">5) Normas de uso de las redes sociales<\/h2>\n\n\n\n<p>Nuestro objetivo es que nuestros canales de redes sociales sean una experiencia agradable y garantizar que nuestras comunidades sean positivas, constructivas y solidarias. Para ello, nos reservamos el derecho a eliminar cualquier publicaci\u00f3n que infrinja nuestras normas y a bloquear a cualquier persona que las infrinja repetidamente.<\/p>\n\n\n\n<p>Eliminaremos los comentarios que:<\/p>\n\n\n\n<ul class=\"wp-block-list\">\n<li>Difamen, abusen, acosen, acechen, amenazen o violen de cualquier otro modo los derechos legales de otros.<\/li>\n\n\n\n<li>Sean racistas, sexistas, hom\u00f3fobas, sexualmente expl\u00edcitas, abusivas o censurables por cualquier otro motivo<\/li>\n\n\n\n<li>Contengan palabras mal sonantes u otro lenguaje que pueda ofender.<\/li>\n\n\n\n<li>Sabemos o sospechamos que pueden infringir la ley o tolerar o fomentar actividades ilegales. Esto incluye publicar, anunciar, distribuir o difundir cualquier material o informaci\u00f3n difamatoria, infractora, obscena, indecente, enga\u00f1osa o ilegal.<\/li>\n\n\n\n<li>Anuncien productos o servicios con \u00e1nimo de lucro.<\/li>\n\n\n\n<li>Aparenten haber sido publicadas por otra persona.<\/li>\n\n\n\n<li>Publiquen repetidamente el mismo mensaje, o que no est\u00e9n relacionados con Capgemini y sus marcas &#8211; &#8216;spam&#8217;.<\/li>\n<\/ul>\n\n\n\n<p>Nos reservamos el derecho a ajustar estas normas seg\u00fan sea necesario y a eliminar contenidos por motivos no indicados en esta lista.<\/p>\n\n\n\n<p>Al utilizar nuestros canales sociales, acepta cumplir estas normas y los t\u00e9rminos y condiciones de la propia plataforma.<\/p>\n\n\n\n<p>Los comentarios y otros materiales publicados por los usuarios de nuestros canales sociales no reflejan las opiniones de Capgemini, ni Capgemini confirma su exactitud.<\/p>\n\n\n\n<p>Si desea alertarnos de cualquier uso inadecuado de este Sitio seg\u00fan lo especificado, p\u00f3ngase en contacto con:&nbsp;<strong><a href=\"mailto:comunicacion.es@capgemini.com\">comunicacion.es@capgemini.com<\/a><\/strong><\/p>\n\n\n\n<h2 class=\"wp-block-heading\" id=\"h-6-propiedad-intelectual\">6) Propiedad intelectual<\/h2>\n\n\n\n<p>Este Sitio est\u00e1 protegido por derechos de propiedad intelectual que incluyen, entre otros, marcas comerciales, derechos de autor, dise\u00f1os, derechos sui generis del productor de la base de datos, etc. y es propiedad exclusiva de Capgemini. <\/p>\n\n\n\n<p>Cualquier material incluidos, entre otros, textos, datos, gr\u00e1ficos, im\u00e1genes, sonidos, v\u00eddeos, logotipos, iconos o c\u00f3digo html, est\u00e1 protegido por la ley de propiedad intelectual y sigue siendo propiedad de Capgemini o de terceros. <\/p>\n\n\n\n<p>Usted puede copiar, descargar e imprimir este material s\u00f3lo para fines personales y no comerciales y de conformidad con los principios que rigen las leyes de propiedad intelectual. No debe modificar en modo alguno ning\u00fan material copiado, descargado o impreso del Sitio. Queda prohibido cualquier otro uso del contenido del Sitio sin la autorizaci\u00f3n previa por escrito de Capgemini. <\/p>\n\n\n\n<p>El incumplimiento de las prohibiciones anteriormente mencionadas puede constituir un acto de falsificaci\u00f3n y\/o competencia desleal que comprometer\u00e1 su responsabilidad civil y\/o penal.<br><\/p>\n\n\n\n<p>&nbsp;Las marcas registradas de Capgemini incluyen, entre otras, las siguientes:<\/p>\n\n\n\n<ul class=\"wp-block-list\">\n<li>Capgemini<\/li>\n\n\n\n<li>Logo Capgemini <\/li>\n\n\n\n<li>Logo Capgemini Invent <\/li>\n\n\n\n<li>Logo pica<\/li>\n\n\n\n<li>Intelligent Industry<\/li>\n\n\n\n<li>Get the Future You Want<\/li>\n\n\n\n<li>Sogeti.<\/li>\n<\/ul>\n\n\n\n<p>Todas las dem\u00e1s marcas comerciales que no sean propiedad de Capgemini y que aparezcan en el Sitio son propiedad de sus respectivos propietarios, que pueden o no estar afiliados, conectados o patrocinados por la Empresa. Deber\u00e1 solicitar autorizaci\u00f3n espec\u00edfica para utilizar con cualquier fin cualquiera de las marcas registradas propiedad de Capgemini o de terceros.<\/p>\n\n\n\n<h2 class=\"wp-block-heading\" id=\"h-7-garantia-y-responsabilidad\">7) Garant\u00eda y responsabilidad<\/h2>\n\n\n\n<p>Todos los materiales contenidos en el Sitio se proporcionan &#8220;tal cual&#8221; y sin garant\u00eda de ning\u00fan tipo en la medida permitida por la legislaci\u00f3n aplicable. Si bien Capgemini realizar\u00e1 esfuerzos razonables para proporcionar informaci\u00f3n fiable a trav\u00e9s de su Sitio, Capgemini no garantiza que este Sitio est\u00e9 libre de inexactitudes, errores y\/u omisiones, o que su contenido sea apropiado para su uso particular o est\u00e9 actualizado, y Capgemini se reserva el derecho a modificar la informaci\u00f3n en cualquier momento sin previo aviso. Capgemini no garantiza ning\u00fan resultado derivado del uso de cualquier material.Usted es el \u00fanico responsable de cualquier uso de los materiales contenidos en este sitio. Cualquier uso del sitio web es bajo su propio riesgo. Usted debe cumplir todas las leyes, normas y reglamentos aplicables.<\/p>\n\n\n\n<p>La informaci\u00f3n contenida en este sitio no ampl\u00eda ni modifica la garant\u00eda que pueda corresponderle como resultado de una relaci\u00f3n contractual con Capgemini.<\/p>\n\n\n\n<p>Capgemini no ser\u00e1 responsable por da\u00f1os de ning\u00fan tipo, incluyendo da\u00f1os indirectos, consecuenciales o incidentales, p\u00e9rdida de beneficios o ingresos, interrupci\u00f3n del negocio, p\u00e9rdida de buena voluntad, interrupci\u00f3n del trabajo, violaciones de seguridad, virus, fallo o mal funcionamiento del ordenador, p\u00e9rdida de datos que surjan de o en conexi\u00f3n con el uso, incapacidad de uso o confianza en cualquier material contenido en este Sitio o cualquier sitio vinculado, incluso si cualquiera de las partes de estos TdU es advertida de la posibilidad de tales p\u00e9rdidas.<\/p>\n\n\n\n<h2 class=\"wp-block-heading\" id=\"h-8-nulidad-de-una-disposicion\">8) Nulidad de una disposici\u00f3n<\/h2>\n\n\n\n<p>Si alguna de las cl\u00e1usulas de estas Condiciones de uso se considerara, por cualquier motivo, inv\u00e1lida, ilegal o inaplicable en cualquier aspecto, dicha invalidez, ilegalidad o inaplicabilidad no afectar\u00e1 a ninguna otra disposici\u00f3n de estas Condiciones de uso.<\/p>\n\n\n\n<h2 class=\"wp-block-heading\" id=\"h-9-renuncia-de-derechos\">9) Renuncia de derechos<\/h2>\n\n\n\n<p>El hecho de que Capgemini no ejerza o retrase el ejercicio de un derecho o recurso legal previsto en las presentes CDU o en la ley no constituir\u00e1 una renuncia al derecho o recurso de Capgemini. Si Capgemini renuncia a un incumplimiento de estos TCU, esto no operar\u00e1 como una renuncia a un incumplimiento posterior de los TCU.<\/p>\n\n\n\n<h2 class=\"wp-block-heading\" id=\"h-10-legislacion-y-jurisdiccion-aplicables\">10) Legislaci\u00f3n y jurisdicci\u00f3n aplicables<\/h2>\n\n\n\n<p>Cualquier controversia o reclamaci\u00f3n derivada o relacionada con las CdU se regir\u00e1 por la legislaci\u00f3n francesa. Los tribunales de Par\u00eds, Francia, tendr\u00e1n jurisdicci\u00f3n exclusiva.<\/p>\n\n\n\n<h2 class=\"wp-block-heading\" id=\"h-11-otros-asuntos\">11) Otros asuntos<\/h2>\n\n\n\n<p>Este sitio est\u00e1 editado por:<\/p>\n\n\n\n<p><strong>Capgemini Service<\/strong><br>Soci\u00e9t\u00e9 par actions simplifi\u00e9e au capital de 8, 000,000 euros \u2013 652 025 792 RCS Paris<br>Si\u00e8ge social : 11 rue de Tilsitt, 75017 Paris<\/p>\n\n\n\n<p><strong>France<\/strong><br>Tel: +33 (0)1 47 54 50 00<br>Publication Director: M. Aiman Ezzat<\/p>\n\n\n\n<p><a>ISP: \/ H\u00e9bergeur :<\/a><\/p>\n\n\n\n<p><a href=\"https:\/\/automattic.com\/\" target=\"_blank\" rel=\"noreferrer noopener\">Automattic Inc<\/a><br>60 29th Street #343<br>San Francisco, CA 94110 \u2013 U.S.A<br>Tel: 00 1 (877) 273-3049.<\/p>\n<\/div><\/div><\/div><\/div><\/div><\/section>\n","protected":false},"excerpt":{"rendered":"","protected":false},"author":5,"featured_media":0,"parent":0,"menu_order":0,"comment_status":"closed","ping_status":"closed","template":"","meta":{"cg_dt_proposed_to":[0],"cg_seo_hreflang_relations":"[]","cg_seo_canonical_relation":"{\"uuid\":\"ad72b018-2976-4b13-98d3-ba23b6b90046\",\"blogId\":\"\",\"domain\":\"\",\"sitePath\":\"\",\"postLink\":\"\",\"postId\":null,\"isSaved\":true,\"isCrossLink\":false,\"hasCrossLink\":false}","cg_seo_hreflang_x_default_relation":"{\"uuid\":\"c5a57a02-871b-4600-8f13-50c5bf415235\",\"blogId\":\"\",\"domain\":\"\",\"sitePath\":\"\",\"postLink\":\"\",\"postId\":null,\"isSaved\":true,\"isCrossLink\":false,\"hasCrossLink\":false}","cg_dt_approved_content":false,"cg_dt_mandatory_content":false,"cg_dt_notes":"","cg_dg_source_changed":true,"cg_dt_link_disabled":false,"_yoast_wpseo_primary_brand":"","footnotes":"","featured_focal_points":"","partner_card_description":"","gsap_animation":0},"brand":[],"partner_type":[],"service":[],"industry":[],"partners":[],"page-type":[],"content-group":[],"class_list":["post-536839","page","type-page","status-publish","hentry"],"yoast_head":"<!-- This site is optimized with the Yoast SEO Premium plugin v22.8 (Yoast SEO v22.8) - https:\/\/yoast.com\/wordpress\/plugins\/seo\/ -->\n<title>Condiciones de uso | Capgemini<\/title>\n<meta name=\"robots\" content=\"index, follow, max-snippet:-1, max-image-preview:large, max-video-preview:-1\" \/>\n<link rel=\"canonical\" href=\"https:\/\/www.capgemini.com\/es-es\/condiciones-de-uso\/\" \/>\n<meta property=\"og:locale\" content=\"es_ES\" \/>\n<meta property=\"og:type\" content=\"article\" \/>\n<meta property=\"og:title\" content=\"T\u00e9rminos de uso\" \/>\n<meta property=\"og:url\" content=\"https:\/\/www.capgemini.com\/es-es\/condiciones-de-uso\/\" \/>\n<meta property=\"og:site_name\" content=\"Capgemini Spain\" \/>\n<meta property=\"article:modified_time\" content=\"2025-01-17T10:42:29+00:00\" \/>\n<meta property=\"og:image\" content=\"https:\/\/www.capgemini.com\/wp-content\/uploads\/2020\/11\/hero-social-d.png\" \/>\n<meta name=\"twitter:card\" content=\"summary_large_image\" \/>\n<meta name=\"twitter:label1\" content=\"Est. reading time\" \/>\n\t<meta name=\"twitter:data1\" content=\"8 minutes\" \/>\n<script type=\"application\/ld+json\" class=\"yoast-schema-graph\">{\"@context\":\"https:\/\/schema.org\",\"@graph\":[{\"@type\":\"WebPage\",\"@id\":\"https:\/\/www.capgemini.com\/es-es\/condiciones-de-uso\/\",\"url\":\"https:\/\/www.capgemini.com\/es-es\/condiciones-de-uso\/\",\"name\":\"Condiciones de uso | Capgemini\",\"isPartOf\":{\"@id\":\"https:\/\/www.capgemini.com\/es-es\/#website\"},\"primaryImageOfPage\":{\"@id\":\"https:\/\/www.capgemini.com\/es-es\/condiciones-de-uso\/#primaryimage\"},\"image\":{\"@id\":\"https:\/\/www.capgemini.com\/es-es\/condiciones-de-uso\/#primaryimage\"},\"thumbnailUrl\":\"https:\/\/www.capgemini.com\/wp-content\/uploads\/2020\/11\/hero-social-d.png\",\"datePublished\":\"2023-01-30T05:48:59+00:00\",\"dateModified\":\"2025-01-17T10:42:29+00:00\",\"breadcrumb\":{\"@id\":\"https:\/\/www.capgemini.com\/es-es\/condiciones-de-uso\/#breadcrumb\"},\"inLanguage\":\"es-ES\",\"potentialAction\":[{\"@type\":\"ReadAction\",\"target\":[\"https:\/\/www.capgemini.com\/es-es\/condiciones-de-uso\/\"]}]},{\"@type\":\"ImageObject\",\"inLanguage\":\"es-ES\",\"@id\":\"https:\/\/www.capgemini.com\/es-es\/condiciones-de-uso\/#primaryimage\",\"url\":\"https:\/\/www.capgemini.com\/wp-content\/uploads\/2020\/11\/hero-social-d.png\",\"contentUrl\":\"https:\/\/www.capgemini.com\/wp-content\/uploads\/2020\/11\/hero-social-d.png\"},{\"@type\":\"BreadcrumbList\",\"@id\":\"https:\/\/www.capgemini.com\/es-es\/condiciones-de-uso\/#breadcrumb\",\"itemListElement\":[{\"@type\":\"ListItem\",\"position\":1,\"name\":\"Home\",\"item\":\"https:\/\/www.capgemini.com\/es-es\/\"},{\"@type\":\"ListItem\",\"position\":2,\"name\":\"T\u00e9rminos de uso\"}]},{\"@type\":\"WebSite\",\"@id\":\"https:\/\/www.capgemini.com\/es-es\/#website\",\"url\":\"https:\/\/www.capgemini.com\/es-es\/\",\"name\":\"Capgemini Espa\u00f1a\",\"description\":\"Capgemini\",\"potentialAction\":[{\"@type\":\"SearchAction\",\"target\":{\"@type\":\"EntryPoint\",\"urlTemplate\":\"https:\/\/www.capgemini.com\/es-es\/?s={search_term_string}\"},\"query-input\":\"required name=search_term_string\"}],\"inLanguage\":\"es-ES\"}]}<\/script>\n<!-- \/ Yoast SEO Premium plugin. -->","yoast_head_json":{"title":"Condiciones de uso | Capgemini","robots":{"index":"index","follow":"follow","max-snippet":"max-snippet:-1","max-image-preview":"max-image-preview:large","max-video-preview":"max-video-preview:-1"},"canonical":"https:\/\/www.capgemini.com\/es-es\/condiciones-de-uso\/","og_locale":"es_ES","og_type":"article","og_title":"T\u00e9rminos de uso","og_url":"https:\/\/www.capgemini.com\/es-es\/condiciones-de-uso\/","og_site_name":"Capgemini Spain","article_modified_time":"2025-01-17T10:42:29+00:00","og_image":[{"url":"https:\/\/www.capgemini.com\/wp-content\/uploads\/2020\/11\/hero-social-d.png"}],"twitter_card":"summary_large_image","twitter_misc":{"Est. reading time":"8 minutes"},"schema":{"@context":"https:\/\/schema.org","@graph":[{"@type":"WebPage","@id":"https:\/\/www.capgemini.com\/es-es\/condiciones-de-uso\/","url":"https:\/\/www.capgemini.com\/es-es\/condiciones-de-uso\/","name":"Condiciones de uso | Capgemini","isPartOf":{"@id":"https:\/\/www.capgemini.com\/es-es\/#website"},"primaryImageOfPage":{"@id":"https:\/\/www.capgemini.com\/es-es\/condiciones-de-uso\/#primaryimage"},"image":{"@id":"https:\/\/www.capgemini.com\/es-es\/condiciones-de-uso\/#primaryimage"},"thumbnailUrl":"https:\/\/www.capgemini.com\/wp-content\/uploads\/2020\/11\/hero-social-d.png","datePublished":"2023-01-30T05:48:59+00:00","dateModified":"2025-01-17T10:42:29+00:00","breadcrumb":{"@id":"https:\/\/www.capgemini.com\/es-es\/condiciones-de-uso\/#breadcrumb"},"inLanguage":"es-ES","potentialAction":[{"@type":"ReadAction","target":["https:\/\/www.capgemini.com\/es-es\/condiciones-de-uso\/"]}]},{"@type":"ImageObject","inLanguage":"es-ES","@id":"https:\/\/www.capgemini.com\/es-es\/condiciones-de-uso\/#primaryimage","url":"https:\/\/www.capgemini.com\/wp-content\/uploads\/2020\/11\/hero-social-d.png","contentUrl":"https:\/\/www.capgemini.com\/wp-content\/uploads\/2020\/11\/hero-social-d.png"},{"@type":"BreadcrumbList","@id":"https:\/\/www.capgemini.com\/es-es\/condiciones-de-uso\/#breadcrumb","itemListElement":[{"@type":"ListItem","position":1,"name":"Home","item":"https:\/\/www.capgemini.com\/es-es\/"},{"@type":"ListItem","position":2,"name":"T\u00e9rminos de uso"}]},{"@type":"WebSite","@id":"https:\/\/www.capgemini.com\/es-es\/#website","url":"https:\/\/www.capgemini.com\/es-es\/","name":"Capgemini Espa\u00f1a","description":"Capgemini","potentialAction":[{"@type":"SearchAction","target":{"@type":"EntryPoint","urlTemplate":"https:\/\/www.capgemini.com\/es-es\/?s={search_term_string}"},"query-input":"required name=search_term_string"}],"inLanguage":"es-ES"}]}},"brand_term":[],"parsely":{"version":"1.1.0","canonical_url":"https:\/\/capgemini.com\/es-es\/condiciones-de-uso\/","smart_links":{"inbound":0,"outbound":0},"traffic_boost_suggestions_count":0,"meta":{"@context":"https:\/\/schema.org","@type":"WebPage","headline":"T\u00e9rminos de uso","url":"https:\/\/www.capgemini.com\/es-es\/condiciones-de-uso\/","mainEntityOfPage":{"@type":"WebPage","@id":"https:\/\/www.capgemini.com\/es-es\/condiciones-de-uso\/"},"thumbnailUrl":"","image":{"@type":"ImageObject","url":""},"articleSection":"Uncategorized","author":[],"creator":[],"publisher":{"@type":"Organization","name":"Capgemini Spain","logo":""},"keywords":[],"dateCreated":"2023-01-30T05:48:59Z","datePublished":"2023-01-30T05:48:59Z","dateModified":"2025-01-17T10:42:29Z"},"rendered":"<meta name=\"parsely-title\" content=\"T\u00e9rminos de uso\" \/>\n<meta name=\"parsely-link\" content=\"https:\/\/www.capgemini.com\/es-es\/condiciones-de-uso\/\" \/>\n<meta name=\"parsely-type\" content=\"index\" \/>\n<meta name=\"parsely-pub-date\" content=\"2023-01-30T05:48:59Z\" \/>\n<meta name=\"parsely-section\" content=\"Uncategorized\" \/>","tracker_url":"https:\/\/cdn.parsely.com\/keys\/capgemini.com\/p.js"},"archive_status":false,"featured_image_src":"https:\/\/www.capgemini.com\/es-es\/wp-content\/themes\/capgemini2025\/assets\/images\/mockup.png","featured_image_alt":false,"jetpack_sharing_enabled":true,"distributor_meta":false,"distributor_terms":false,"distributor_media":false,"distributor_original_site_name":"Capgemini Spain","distributor_original_site_url":"https:\/\/www.capgemini.com\/es-es","push-errors":false,"_links":{"self":[{"href":"https:\/\/www.capgemini.com\/es-es\/wp-json\/wp\/v2\/pages\/536839","targetHints":{"allow":["GET"]}}],"collection":[{"href":"https:\/\/www.capgemini.com\/es-es\/wp-json\/wp\/v2\/pages"}],"about":[{"href":"https:\/\/www.capgemini.com\/es-es\/wp-json\/wp\/v2\/types\/page"}],"author":[{"embeddable":true,"href":"https:\/\/www.capgemini.com\/es-es\/wp-json\/wp\/v2\/users\/5"}],"replies":[{"embeddable":true,"href":"https:\/\/www.capgemini.com\/es-es\/wp-json\/wp\/v2\/comments?post=536839"}],"version-history":[{"count":7,"href":"https:\/\/www.capgemini.com\/es-es\/wp-json\/wp\/v2\/pages\/536839\/revisions"}],"predecessor-version":[{"id":565368,"href":"https:\/\/www.capgemini.com\/es-es\/wp-json\/wp\/v2\/pages\/536839\/revisions\/565368"}],"wp:attachment":[{"href":"https:\/\/www.capgemini.com\/es-es\/wp-json\/wp\/v2\/media?parent=536839"}],"wp:term":[{"taxonomy":"brand","embeddable":true,"href":"https:\/\/www.capgemini.com\/es-es\/wp-json\/wp\/v2\/brand?post=536839"},{"taxonomy":"partner_type","embeddable":true,"href":"https:\/\/www.capgemini.com\/es-es\/wp-json\/wp\/v2\/partner_type?post=536839"},{"taxonomy":"service","embeddable":true,"href":"https:\/\/www.capgemini.com\/es-es\/wp-json\/wp\/v2\/service?post=536839"},{"taxonomy":"industry","embeddable":true,"href":"https:\/\/www.capgemini.com\/es-es\/wp-json\/wp\/v2\/industry?post=536839"},{"taxonomy":"partners","embeddable":true,"href":"https:\/\/www.capgemini.com\/es-es\/wp-json\/wp\/v2\/partners?post=536839"},{"taxonomy":"page-type","embeddable":true,"href":"https:\/\/www.capgemini.com\/es-es\/wp-json\/wp\/v2\/page-type?post=536839"},{"taxonomy":"content-group","embeddable":true,"href":"https:\/\/www.capgemini.com\/es-es\/wp-json\/wp\/v2\/content-group?post=536839"}],"curies":[{"name":"wp","href":"https:\/\/api.w.org\/{rel}","templated":true}]}}