{"id":536704,"date":"2021-03-11T05:55:22","date_gmt":"2021-03-11T05:55:22","guid":{"rendered":"https:\/\/www.capgemini.com\/?page_id=513185"},"modified":"2025-03-12T08:30:17","modified_gmt":"2025-03-12T07:30:17","slug":"join-us","status":"publish","type":"page","link":"https:\/\/www.capgemini.com\/es-es\/join-us\/","title":{"rendered":"\u00danete a nosotros"},"content":{"rendered":"<div id=\"search\" class=\"react-jobs-archive\"><\/div>\n\n\n\n<section class=\"wp-block-cg-blocks-social-media undefined social-media-block is-style-cg-purple\"><div class=\"container\"><div class=\"social-media-block-content-wrapper\"><h3>Encu\u00e9ntranos en redes sociales<\/h3><ul><li><a href=\"https:\/\/www.facebook.com\/Capgemini\/\" target=\"_blank\" rel=\"noopener\" title=\"abrir en una nueva ventana\"><i aria-hidden=\"true\" aria-label=\"Facebook\" class=\"icon-fb\"><\/i><span class=\"sr-only\">Facebook<\/span><\/a><\/li><li><a href=\"https:\/\/twitter.com\/Capgemini\" target=\"_blank\" rel=\"noopener\" title=\"abrir en una nueva ventana\"><i aria-hidden=\"true\" aria-label=\"Linkedin\" class=\"icon-tw\"><\/i><span class=\"sr-only\">Linkedin<\/span><\/a><\/li><li><a href=\"https:\/\/www.linkedin.com\/company\/capgemini\/\" target=\"_blank\" rel=\"noopener\" title=\"abrir en una nueva ventana\"><i aria-hidden=\"true\" aria-label=\"Linkedin\" class=\"icon-li\"><\/i><span class=\"sr-only\">Linkedin<\/span><\/a><\/li><li><a href=\"https:\/\/www.youtube.com\/user\/capgeminimedia\" target=\"_blank\" rel=\"noopener\" title=\"abrir en una nueva ventana\"><i aria-hidden=\"true\" aria-label=\"Youtube\" class=\"icon-yt\"><\/i><span class=\"sr-only\">Youtube<\/span><\/a><\/li><li><a href=\"https:\/\/www.instagram.com\/capgemini\/\" target=\"_blank\" rel=\"noopener\" title=\"abrir en una nueva ventana\"><i aria-hidden=\"true\" aria-label=\"Instagram\" class=\"icon-in\"><\/i><span class=\"sr-only\">Instagram<\/span><\/a><\/li><\/ul><\/div><\/div><\/section>\n","protected":false},"excerpt":{"rendered":"","protected":false},"author":22,"featured_media":0,"parent":0,"menu_order":3,"comment_status":"closed","ping_status":"closed","template":"","meta":{"cg_dt_proposed_to":[],"cg_seo_hreflang_relations":"[]","cg_seo_canonical_relation":"","cg_seo_hreflang_x_default_relation":"","cg_dt_approved_content":true,"cg_dt_mandatory_content":false,"cg_dt_notes":"","cg_dg_source_changed":true,"cg_dt_link_disabled":false,"_yoast_wpseo_primary_brand":"","footnotes":"","featured_focal_points":"","partner_card_description":"","gsap_animation":0},"brand":[],"partner_type":[],"service":[],"industry":[],"partners":[],"page-type":[446],"content-group":[],"class_list":["post-536704","page","type-page","status-publish","hentry","page-type-careers"],"yoast_head":"<!-- This site is optimized with the Yoast SEO Premium plugin v22.8 (Yoast SEO v22.8) - https:\/\/yoast.com\/wordpress\/plugins\/seo\/ -->\n<title>\u00danete a nosotros | Empleo en Capgemini<\/title>\n<meta name=\"description\" content=\"\u00bfBuscas un nuevo trabajo en consultor\u00eda, servicios tecnol\u00f3gicos y transformaci\u00f3n digital? Te proponemos unirte al Grupo Capgemini.\" \/>\n<meta name=\"robots\" content=\"index, follow, max-snippet:-1, max-image-preview:large, max-video-preview:-1\" \/>\n<link rel=\"canonical\" href=\"https:\/\/www.capgemini.com\/es-es\/join-us\/\" \/>\n<meta property=\"og:locale\" content=\"es_ES\" \/>\n<meta property=\"og:type\" content=\"article\" \/>\n<meta property=\"og:title\" content=\"\u00danete a nosotros\" \/>\n<meta property=\"og:description\" content=\"\u00bfBuscas un nuevo trabajo en consultor\u00eda, servicios tecnol\u00f3gicos y transformaci\u00f3n digital? Te proponemos unirte al Grupo Capgemini.\" \/>\n<meta property=\"og:url\" content=\"https:\/\/www.capgemini.com\/es-es\/join-us\/\" \/>\n<meta property=\"og:site_name\" content=\"Capgemini Spain\" \/>\n<meta property=\"article:modified_time\" content=\"2025-03-12T07:30:17+00:00\" \/>\n<meta property=\"og:image\" content=\"https:\/\/www.capgemini.com\/es-es\/wp-content\/uploads\/sites\/16\/2025\/10\/New-Web-preview-global.jpg\" \/>\n\t<meta property=\"og:image:width\" content=\"1200\" \/>\n\t<meta property=\"og:image:height\" content=\"627\" \/>\n\t<meta property=\"og:image:type\" content=\"image\/jpeg\" \/>\n<meta name=\"twitter:card\" content=\"summary_large_image\" \/>\n<meta name=\"twitter:label1\" content=\"Est. reading time\" \/>\n\t<meta name=\"twitter:data1\" content=\"1 minute\" \/>\n<script type=\"application\/ld+json\" class=\"yoast-schema-graph\">{\"@context\":\"https:\/\/schema.org\",\"@graph\":[{\"@type\":\"WebPage\",\"@id\":\"https:\/\/www.capgemini.com\/es-es\/join-us\/\",\"url\":\"https:\/\/www.capgemini.com\/es-es\/join-us\/\",\"name\":\"\u00danete a nosotros | Empleo en Capgemini\",\"isPartOf\":{\"@id\":\"https:\/\/www.capgemini.com\/es-es\/#website\"},\"datePublished\":\"2021-03-11T05:55:22+00:00\",\"dateModified\":\"2025-03-12T07:30:17+00:00\",\"description\":\"\u00bfBuscas un nuevo trabajo en consultor\u00eda, servicios tecnol\u00f3gicos y transformaci\u00f3n digital? Te proponemos unirte al Grupo Capgemini.\",\"breadcrumb\":{\"@id\":\"https:\/\/www.capgemini.com\/es-es\/join-us\/#breadcrumb\"},\"inLanguage\":\"es-ES\",\"potentialAction\":[{\"@type\":\"ReadAction\",\"target\":[\"https:\/\/www.capgemini.com\/es-es\/join-us\/\"]}]},{\"@type\":\"BreadcrumbList\",\"@id\":\"https:\/\/www.capgemini.com\/es-es\/join-us\/#breadcrumb\",\"itemListElement\":[{\"@type\":\"ListItem\",\"position\":1,\"name\":\"Home\",\"item\":\"https:\/\/www.capgemini.com\/es-es\/\"},{\"@type\":\"ListItem\",\"position\":2,\"name\":\"\u00danete a nosotros\"}]},{\"@type\":\"WebSite\",\"@id\":\"https:\/\/www.capgemini.com\/es-es\/#website\",\"url\":\"https:\/\/www.capgemini.com\/es-es\/\",\"name\":\"Capgemini Espa\u00f1a\",\"description\":\"Capgemini\",\"potentialAction\":[{\"@type\":\"SearchAction\",\"target\":{\"@type\":\"EntryPoint\",\"urlTemplate\":\"https:\/\/www.capgemini.com\/es-es\/?s={search_term_string}\"},\"query-input\":\"required name=search_term_string\"}],\"inLanguage\":\"es-ES\"}]}<\/script>\n<!-- \/ Yoast SEO Premium plugin. -->","yoast_head_json":{"title":"\u00danete a nosotros | Empleo en Capgemini","description":"\u00bfBuscas un nuevo trabajo en consultor\u00eda, servicios tecnol\u00f3gicos y transformaci\u00f3n digital? Te proponemos unirte al Grupo Capgemini.","robots":{"index":"index","follow":"follow","max-snippet":"max-snippet:-1","max-image-preview":"max-image-preview:large","max-video-preview":"max-video-preview:-1"},"canonical":"https:\/\/www.capgemini.com\/es-es\/join-us\/","og_locale":"es_ES","og_type":"article","og_title":"\u00danete a nosotros","og_description":"\u00bfBuscas un nuevo trabajo en consultor\u00eda, servicios tecnol\u00f3gicos y transformaci\u00f3n digital? Te proponemos unirte al Grupo Capgemini.","og_url":"https:\/\/www.capgemini.com\/es-es\/join-us\/","og_site_name":"Capgemini Spain","article_modified_time":"2025-03-12T07:30:17+00:00","og_image":[{"width":1200,"height":627,"url":"https:\/\/www.capgemini.com\/es-es\/wp-content\/uploads\/sites\/16\/2025\/10\/New-Web-preview-global.jpg","type":"image\/jpeg"}],"twitter_card":"summary_large_image","twitter_misc":{"Est. reading time":"1 minute"},"schema":{"@context":"https:\/\/schema.org","@graph":[{"@type":"WebPage","@id":"https:\/\/www.capgemini.com\/es-es\/join-us\/","url":"https:\/\/www.capgemini.com\/es-es\/join-us\/","name":"\u00danete a nosotros | Empleo en Capgemini","isPartOf":{"@id":"https:\/\/www.capgemini.com\/es-es\/#website"},"datePublished":"2021-03-11T05:55:22+00:00","dateModified":"2025-03-12T07:30:17+00:00","description":"\u00bfBuscas un nuevo trabajo en consultor\u00eda, servicios tecnol\u00f3gicos y transformaci\u00f3n digital? Te proponemos unirte al Grupo Capgemini.","breadcrumb":{"@id":"https:\/\/www.capgemini.com\/es-es\/join-us\/#breadcrumb"},"inLanguage":"es-ES","potentialAction":[{"@type":"ReadAction","target":["https:\/\/www.capgemini.com\/es-es\/join-us\/"]}]},{"@type":"BreadcrumbList","@id":"https:\/\/www.capgemini.com\/es-es\/join-us\/#breadcrumb","itemListElement":[{"@type":"ListItem","position":1,"name":"Home","item":"https:\/\/www.capgemini.com\/es-es\/"},{"@type":"ListItem","position":2,"name":"\u00danete a nosotros"}]},{"@type":"WebSite","@id":"https:\/\/www.capgemini.com\/es-es\/#website","url":"https:\/\/www.capgemini.com\/es-es\/","name":"Capgemini Espa\u00f1a","description":"Capgemini","potentialAction":[{"@type":"SearchAction","target":{"@type":"EntryPoint","urlTemplate":"https:\/\/www.capgemini.com\/es-es\/?s={search_term_string}"},"query-input":"required name=search_term_string"}],"inLanguage":"es-ES"}]}},"brand_term":[],"parsely":{"version":"1.1.0","canonical_url":"https:\/\/capgemini.com\/es-es\/join-us\/","smart_links":{"inbound":0,"outbound":0},"traffic_boost_suggestions_count":0,"meta":{"@context":"https:\/\/schema.org","@type":"WebPage","headline":"\u00danete a nosotros","url":"https:\/\/www.capgemini.com\/es-es\/join-us\/","mainEntityOfPage":{"@type":"WebPage","@id":"https:\/\/www.capgemini.com\/es-es\/join-us\/"},"thumbnailUrl":"","image":{"@type":"ImageObject","url":""},"articleSection":"Uncategorized","author":[],"creator":[],"publisher":{"@type":"Organization","name":"Capgemini Spain","logo":""},"keywords":[],"dateCreated":"2021-03-11T05:55:22Z","datePublished":"2021-03-11T05:55:22Z","dateModified":"2025-03-12T07:30:17Z"},"rendered":"<meta name=\"parsely-title\" content=\"\u00danete a nosotros\" \/>\n<meta name=\"parsely-link\" content=\"https:\/\/www.capgemini.com\/es-es\/join-us\/\" \/>\n<meta name=\"parsely-type\" content=\"index\" \/>\n<meta name=\"parsely-pub-date\" content=\"2021-03-11T05:55:22Z\" \/>\n<meta name=\"parsely-section\" content=\"Uncategorized\" \/>","tracker_url":"https:\/\/cdn.parsely.com\/keys\/capgemini.com\/p.js"},"archive_status":false,"featured_image_src":"https:\/\/www.capgemini.com\/es-es\/wp-content\/themes\/capgemini2025\/assets\/images\/mockup.png","featured_image_alt":false,"jetpack_sharing_enabled":true,"distributor_meta":false,"distributor_terms":false,"distributor_media":false,"distributor_original_site_name":"Capgemini Spain","distributor_original_site_url":"https:\/\/www.capgemini.com\/es-es","push-errors":false,"_links":{"self":[{"href":"https:\/\/www.capgemini.com\/es-es\/wp-json\/wp\/v2\/pages\/536704","targetHints":{"allow":["GET"]}}],"collection":[{"href":"https:\/\/www.capgemini.com\/es-es\/wp-json\/wp\/v2\/pages"}],"about":[{"href":"https:\/\/www.capgemini.com\/es-es\/wp-json\/wp\/v2\/types\/page"}],"author":[{"embeddable":true,"href":"https:\/\/www.capgemini.com\/es-es\/wp-json\/wp\/v2\/users\/22"}],"replies":[{"embeddable":true,"href":"https:\/\/www.capgemini.com\/es-es\/wp-json\/wp\/v2\/comments?post=536704"}],"version-history":[{"count":3,"href":"https:\/\/www.capgemini.com\/es-es\/wp-json\/wp\/v2\/pages\/536704\/revisions"}],"predecessor-version":[{"id":568064,"href":"https:\/\/www.capgemini.com\/es-es\/wp-json\/wp\/v2\/pages\/536704\/revisions\/568064"}],"wp:attachment":[{"href":"https:\/\/www.capgemini.com\/es-es\/wp-json\/wp\/v2\/media?parent=536704"}],"wp:term":[{"taxonomy":"brand","embeddable":true,"href":"https:\/\/www.capgemini.com\/es-es\/wp-json\/wp\/v2\/brand?post=536704"},{"taxonomy":"partner_type","embeddable":true,"href":"https:\/\/www.capgemini.com\/es-es\/wp-json\/wp\/v2\/partner_type?post=536704"},{"taxonomy":"service","embeddable":true,"href":"https:\/\/www.capgemini.com\/es-es\/wp-json\/wp\/v2\/service?post=536704"},{"taxonomy":"industry","embeddable":true,"href":"https:\/\/www.capgemini.com\/es-es\/wp-json\/wp\/v2\/industry?post=536704"},{"taxonomy":"partners","embeddable":true,"href":"https:\/\/www.capgemini.com\/es-es\/wp-json\/wp\/v2\/partners?post=536704"},{"taxonomy":"page-type","embeddable":true,"href":"https:\/\/www.capgemini.com\/es-es\/wp-json\/wp\/v2\/page-type?post=536704"},{"taxonomy":"content-group","embeddable":true,"href":"https:\/\/www.capgemini.com\/es-es\/wp-json\/wp\/v2\/content-group?post=536704"}],"curies":[{"name":"wp","href":"https:\/\/api.w.org\/{rel}","templated":true}]}}