{"id":536096,"date":"2022-12-15T15:57:27","date_gmt":"2022-12-15T14:57:27","guid":{"rendered":"https:\/\/www.capgemini.com\/?page_id=841434"},"modified":"2025-03-12T06:07:27","modified_gmt":"2025-03-12T05:07:27","slug":"page-not-found","status":"publish","type":"page","link":"https:\/\/www.capgemini.com\/es-es\/page-not-found\/","title":{"rendered":"Page Not Found"},"content":{"rendered":"\n<section class=\"not-found-page\">\n\t\t<div class=\"container\">\n\t\t\t<div class=\"\">\n\t\t\t\t<h1 tabindex=\"0\">\n\t\t\t\t\tP\u00c1GINA NO ENCONTRADA\t\t\t\t<\/h1>\n\t\t\t\t<h2 tabindex=\"0\">\n\t\t\t\t\tLo sentimos, esta p\u00e1gina ha sido eliminada o renombrada. Te animamos a buscar en alguno de los enlaces que te proponemos a continuaci\u00f3n o usar la herramienta de b\u00fasqueda para encontrar lo que buscas.\t\t\t\t<\/h2>\n\t\t\t<\/div>\n      <div class=\"header-bottom not-found-page-main-links\">\n\t\t\t\t<nav class=\"header-nav search-nav\" aria-label=\"Men\u00fa\">\n\t\t\t\t\t<div class=\"menu-main-menu-container\"><ul id=\"menu-main-menu-2\" class=\"menu\"><li id=\"menu-item-807523\" class=\"menu-item menu-item-type-post_type menu-item-object-page menu-item-has-children menu-item-807523\"><a href=\"https:\/\/www.capgemini.com\/insights\/\" class=\"menu-acc\">Investigaci\u00f3n<\/a><\/li>\n<li id=\"menu-item-807874\" class=\"menu-item menu-item-type-post_type menu-item-object-page menu-item-has-children menu-item-807874\"><a href=\"https:\/\/www.capgemini.com\/industries\/\" class=\"menu-acc\">Sectores<\/a><\/li>\n<li id=\"menu-item-808046\" class=\"menu-item menu-item-type-post_type menu-item-object-page menu-item-has-children menu-item-808046\"><a href=\"https:\/\/www.capgemini.com\/services\/\" class=\"menu-acc\">Servicios<\/a><\/li>\n<li id=\"menu-item-808047\" class=\"menu-item menu-item-type-post_type menu-item-object-page menu-item-has-children menu-item-808047\"><a href=\"https:\/\/www.capgemini.com\/careers\/\" class=\"menu-acc\">Talento<\/a><\/li>\n<li id=\"menu-item-505677\" class=\"menu-item menu-item-type-post_type menu-item-object-page menu-item-has-children menu-item-505677\"><a href=\"https:\/\/www.capgemini.com\/news\/\" class=\"menu-acc\">Prensa<\/a><\/li>\n<li id=\"menu-item-505829\" class=\"menu-item menu-item-type-post_type menu-item-object-page menu-item-has-children menu-item-505829\"><a href=\"https:\/\/www.capgemini.com\/about-us\/\" class=\"menu-acc\">Sobre nosotros<\/a><\/li>\n<\/ul><\/div>\t\t\t\t<\/nav>\n\t\t\t<\/div>\n\t\t\t<div class=\"searchWrapper\">\n\t\t\t\t<form class=\"form--oneliner js-search-form search search-icon\" action=\"https:\/\/www.capgemini.com\" method=\"get\">\n\t\t\t\t\t<div class=\"form-block\">\n\t\t\t\t\t\t<input type=\"text\" aria-label=\"Introduce el texto de b\u00fasqueda\" name=\"s\" id=\"pr_form_subbmit\" class=\"archive_phrase_search noeffect-input archive-search-input\" placeholder=\"Start typing\">\n\n\t\t\t\t\t\t\t<div class=\"search-icon\"> <\/div>\n\t\t\t\t\t\t\t<button class=\"search-button archive-search-button\" onclick=\"document.forms['searchform'].submit()\" tabindex=\"-1\">Buscar<\/button>\n\t\t\t\t\t\t\t<button class=\"hero-search-button search-mobile\">Buscar<\/button>\n\t\t\t\t\t<\/div>\n\t\t\t\t<\/form>\n\t\t\t<\/div>\n\t\t<\/div>\t\t\n\t\t<\/section>\n\n\n\n<section class=\"wp-block-cg-blocks-learn-more learnMoreBlock updated-new-sample-amal\"><div class=\"container\"><div class=\"content-title\"><h2 class=\"learnmore-heading\">Conoce Capgemini<\/h2><\/div><div class=\"row\"><div class=\"col-md-4\"><div class=\"box\"><div class=\"box-wrapper\"><div class=\"box-img-wrapper\"><img decoding=\"async\" src=\"https:\/\/www.capgemini.com\/wp-content\/uploads\/2022\/12\/Explore-404-1.png?w=500&amp;quality=70\" srcset=\"https:\/\/www.capgemini.com\/wp-content\/uploads\/2022\/12\/Explore-404-1.png?w=500&amp;quality=70 1x, https:\/\/www.capgemini.com\/wp-content\/uploads\/2022\/12\/Explore-404-1.png?w=1000&amp;quality=70 2x\" class=\"box-img\" alt=\"\" style=\"object-fit:cover;object-position:50% 50%\" loading=\"lazy\"\/><\/div><h3>Sobre nosotros<\/h3><\/div><\/div><div class=\"box-inner\"><p class=\"box-desc\">Trabajamos con empresas para transformar y administrar sus negocios liberando el valor de la tecnolog\u00eda.<\/p><\/div><\/div><div class=\"col-md-4\"><div class=\"box\"><div class=\"box-wrapper\"><div class=\"box-img-wrapper\"><img decoding=\"async\" src=\"https:\/\/www.capgemini.com\/wp-content\/uploads\/2022\/12\/Explore-404-2.png?w=500&amp;quality=70\" srcset=\"https:\/\/www.capgemini.com\/wp-content\/uploads\/2022\/12\/Explore-404-2.png?w=500&amp;quality=70 1x, https:\/\/www.capgemini.com\/wp-content\/uploads\/2022\/12\/Explore-404-2.png?w=1000&amp;quality=70 2x\" class=\"box-img\" alt=\"\" style=\"object-fit:cover;object-position:50% 50%\" loading=\"lazy\"\/><\/div><h3><a href=\"https:\/\/www.capgemini.com\/careers\">Talento<\/a><\/h3><\/div><\/div><div class=\"box-inner\"><p class=\"box-desc\">Forma parte de un grupo de personas diverso de pensadores, emprendedores y expertos.<\/p><\/div><\/div><div class=\"col-md-4\"><div class=\"box\"><div class=\"box-wrapper\"><div class=\"box-img-wrapper\"><img decoding=\"async\" src=\"https:\/\/www.capgemini.com\/wp-content\/uploads\/2022\/12\/Explore-404-3.png?w=500&amp;quality=70\" srcset=\"https:\/\/www.capgemini.com\/wp-content\/uploads\/2022\/12\/Explore-404-3.png?w=500&amp;quality=70 1x, https:\/\/www.capgemini.com\/wp-content\/uploads\/2022\/12\/Explore-404-3.png?w=1000&amp;quality=70 2x\" class=\"box-img\" alt=\"\" style=\"object-fit:cover;object-position:50% 50%\" loading=\"lazy\"\/><\/div><h3>Contacta con nosotros<\/h3><\/div><\/div><div class=\"box-inner\"><p class=\"box-desc\">Por favor ponte en contactocon nosotros. Cualquiera que sea tu consulta, ofreceremos una soluci\u00f3n.<\/p><\/div><\/div><\/div><\/div><\/section>\n","protected":false},"excerpt":{"rendered":"<p>P\u00c1GINA NO ENCONTRADA Lo sentimos, esta p\u00e1gina ha sido eliminada o renombrada. Te animamos a buscar en alguno de los enlaces que te proponemos a continuaci\u00f3n o usar la herramienta de b\u00fasqueda para encontrar lo que buscas. Investigaci\u00f3n Sectores Servicios Talento Prensa Sobre nosotros Buscar Buscar<\/p>\n","protected":false},"author":454,"featured_media":0,"parent":0,"menu_order":0,"comment_status":"closed","ping_status":"closed","template":"","meta":{"cg_dt_proposed_to":[],"cg_seo_hreflang_relations":"[]","cg_seo_canonical_relation":"","cg_seo_hreflang_x_default_relation":"","cg_dt_approved_content":true,"cg_dt_mandatory_content":false,"cg_dt_notes":"","cg_dg_source_changed":true,"cg_dt_link_disabled":false,"_yoast_wpseo_primary_brand":"","footnotes":"","featured_focal_points":"","partner_card_description":"","gsap_animation":0},"brand":[],"partner_type":[],"service":[],"industry":[],"partners":[],"page-type":[],"content-group":[],"class_list":["post-536096","page","type-page","status-publish","hentry"],"yoast_head":"<!-- This site is optimized with the Yoast SEO Premium plugin v22.8 (Yoast SEO v22.8) - https:\/\/yoast.com\/wordpress\/plugins\/seo\/ -->\n<title>Page Not Found - Capgemini Spain<\/title>\n<meta name=\"robots\" content=\"index, follow, max-snippet:-1, max-image-preview:large, max-video-preview:-1\" \/>\n<link rel=\"canonical\" href=\"https:\/\/www.capgemini.com\/es-es\/page-not-found\/\" \/>\n<meta property=\"og:locale\" content=\"es_ES\" \/>\n<meta property=\"og:type\" content=\"article\" \/>\n<meta property=\"og:title\" content=\"Page Not Found\" \/>\n<meta property=\"og:description\" content=\"P\u00c1GINA NO ENCONTRADA Lo sentimos, esta p\u00e1gina ha sido eliminada o renombrada. Te animamos a buscar en alguno de los enlaces que te proponemos a continuaci\u00f3n o usar la herramienta de b\u00fasqueda para encontrar lo que buscas. Investigaci\u00f3n Sectores Servicios Talento Prensa Sobre nosotros Buscar Buscar\" \/>\n<meta property=\"og:url\" content=\"https:\/\/www.capgemini.com\/es-es\/page-not-found\/\" \/>\n<meta property=\"og:site_name\" content=\"Capgemini Spain\" \/>\n<meta property=\"article:modified_time\" content=\"2025-03-12T05:07:27+00:00\" \/>\n<meta property=\"og:image\" content=\"https:\/\/www.capgemini.com\/wp-content\/uploads\/2022\/12\/Explore-404-1.png?w=500&amp;quality=70\" \/>\n<meta name=\"twitter:card\" content=\"summary_large_image\" \/>\n<meta name=\"twitter:label1\" content=\"Est. reading time\" \/>\n\t<meta name=\"twitter:data1\" content=\"2 minutes\" \/>\n<script type=\"application\/ld+json\" class=\"yoast-schema-graph\">{\"@context\":\"https:\/\/schema.org\",\"@graph\":[{\"@type\":\"WebPage\",\"@id\":\"https:\/\/www.capgemini.com\/es-es\/page-not-found\/\",\"url\":\"https:\/\/www.capgemini.com\/es-es\/page-not-found\/\",\"name\":\"Page Not Found - Capgemini Spain\",\"isPartOf\":{\"@id\":\"https:\/\/www.capgemini.com\/es-es\/#website\"},\"primaryImageOfPage\":{\"@id\":\"https:\/\/www.capgemini.com\/es-es\/page-not-found\/#primaryimage\"},\"image\":{\"@id\":\"https:\/\/www.capgemini.com\/es-es\/page-not-found\/#primaryimage\"},\"thumbnailUrl\":\"https:\/\/www.capgemini.com\/wp-content\/uploads\/2022\/12\/Explore-404-1.png?w=500&amp;quality=70\",\"datePublished\":\"2022-12-15T14:57:27+00:00\",\"dateModified\":\"2025-03-12T05:07:27+00:00\",\"breadcrumb\":{\"@id\":\"https:\/\/www.capgemini.com\/es-es\/page-not-found\/#breadcrumb\"},\"inLanguage\":\"es-ES\",\"potentialAction\":[{\"@type\":\"ReadAction\",\"target\":[\"https:\/\/www.capgemini.com\/es-es\/page-not-found\/\"]}]},{\"@type\":\"ImageObject\",\"inLanguage\":\"es-ES\",\"@id\":\"https:\/\/www.capgemini.com\/es-es\/page-not-found\/#primaryimage\",\"url\":\"https:\/\/www.capgemini.com\/wp-content\/uploads\/2022\/12\/Explore-404-1.png?w=500&amp;quality=70\",\"contentUrl\":\"https:\/\/www.capgemini.com\/wp-content\/uploads\/2022\/12\/Explore-404-1.png?w=500&amp;quality=70\"},{\"@type\":\"BreadcrumbList\",\"@id\":\"https:\/\/www.capgemini.com\/es-es\/page-not-found\/#breadcrumb\",\"itemListElement\":[{\"@type\":\"ListItem\",\"position\":1,\"name\":\"Home\",\"item\":\"https:\/\/www.capgemini.com\/es-es\/\"},{\"@type\":\"ListItem\",\"position\":2,\"name\":\"Page Not Found\"}]},{\"@type\":\"WebSite\",\"@id\":\"https:\/\/www.capgemini.com\/es-es\/#website\",\"url\":\"https:\/\/www.capgemini.com\/es-es\/\",\"name\":\"Capgemini Espa\u00f1a\",\"description\":\"Capgemini\",\"potentialAction\":[{\"@type\":\"SearchAction\",\"target\":{\"@type\":\"EntryPoint\",\"urlTemplate\":\"https:\/\/www.capgemini.com\/es-es\/?s={search_term_string}\"},\"query-input\":\"required name=search_term_string\"}],\"inLanguage\":\"es-ES\"}]}<\/script>\n<!-- \/ Yoast SEO Premium plugin. -->","yoast_head_json":{"title":"Page Not Found - Capgemini Spain","robots":{"index":"index","follow":"follow","max-snippet":"max-snippet:-1","max-image-preview":"max-image-preview:large","max-video-preview":"max-video-preview:-1"},"canonical":"https:\/\/www.capgemini.com\/es-es\/page-not-found\/","og_locale":"es_ES","og_type":"article","og_title":"Page Not Found","og_description":"P\u00c1GINA NO ENCONTRADA Lo sentimos, esta p\u00e1gina ha sido eliminada o renombrada. Te animamos a buscar en alguno de los enlaces que te proponemos a continuaci\u00f3n o usar la herramienta de b\u00fasqueda para encontrar lo que buscas. Investigaci\u00f3n Sectores Servicios Talento Prensa Sobre nosotros Buscar Buscar","og_url":"https:\/\/www.capgemini.com\/es-es\/page-not-found\/","og_site_name":"Capgemini Spain","article_modified_time":"2025-03-12T05:07:27+00:00","og_image":[{"url":"https:\/\/www.capgemini.com\/wp-content\/uploads\/2022\/12\/Explore-404-1.png?w=500&amp;quality=70"}],"twitter_card":"summary_large_image","twitter_misc":{"Est. reading time":"2 minutes"},"schema":{"@context":"https:\/\/schema.org","@graph":[{"@type":"WebPage","@id":"https:\/\/www.capgemini.com\/es-es\/page-not-found\/","url":"https:\/\/www.capgemini.com\/es-es\/page-not-found\/","name":"Page Not Found - Capgemini Spain","isPartOf":{"@id":"https:\/\/www.capgemini.com\/es-es\/#website"},"primaryImageOfPage":{"@id":"https:\/\/www.capgemini.com\/es-es\/page-not-found\/#primaryimage"},"image":{"@id":"https:\/\/www.capgemini.com\/es-es\/page-not-found\/#primaryimage"},"thumbnailUrl":"https:\/\/www.capgemini.com\/wp-content\/uploads\/2022\/12\/Explore-404-1.png?w=500&amp;quality=70","datePublished":"2022-12-15T14:57:27+00:00","dateModified":"2025-03-12T05:07:27+00:00","breadcrumb":{"@id":"https:\/\/www.capgemini.com\/es-es\/page-not-found\/#breadcrumb"},"inLanguage":"es-ES","potentialAction":[{"@type":"ReadAction","target":["https:\/\/www.capgemini.com\/es-es\/page-not-found\/"]}]},{"@type":"ImageObject","inLanguage":"es-ES","@id":"https:\/\/www.capgemini.com\/es-es\/page-not-found\/#primaryimage","url":"https:\/\/www.capgemini.com\/wp-content\/uploads\/2022\/12\/Explore-404-1.png?w=500&amp;quality=70","contentUrl":"https:\/\/www.capgemini.com\/wp-content\/uploads\/2022\/12\/Explore-404-1.png?w=500&amp;quality=70"},{"@type":"BreadcrumbList","@id":"https:\/\/www.capgemini.com\/es-es\/page-not-found\/#breadcrumb","itemListElement":[{"@type":"ListItem","position":1,"name":"Home","item":"https:\/\/www.capgemini.com\/es-es\/"},{"@type":"ListItem","position":2,"name":"Page Not Found"}]},{"@type":"WebSite","@id":"https:\/\/www.capgemini.com\/es-es\/#website","url":"https:\/\/www.capgemini.com\/es-es\/","name":"Capgemini Espa\u00f1a","description":"Capgemini","potentialAction":[{"@type":"SearchAction","target":{"@type":"EntryPoint","urlTemplate":"https:\/\/www.capgemini.com\/es-es\/?s={search_term_string}"},"query-input":"required name=search_term_string"}],"inLanguage":"es-ES"}]}},"brand_term":[],"parsely":{"version":"1.1.0","canonical_url":"https:\/\/capgemini.com\/es-es\/page-not-found\/","smart_links":{"inbound":0,"outbound":0},"traffic_boost_suggestions_count":0,"meta":{"@context":"https:\/\/schema.org","@type":"WebPage","headline":"Page Not Found","url":"https:\/\/www.capgemini.com\/es-es\/page-not-found\/","mainEntityOfPage":{"@type":"WebPage","@id":"https:\/\/www.capgemini.com\/es-es\/page-not-found\/"},"thumbnailUrl":"","image":{"@type":"ImageObject","url":""},"articleSection":"Uncategorized","author":[],"creator":[],"publisher":{"@type":"Organization","name":"Capgemini Spain","logo":""},"keywords":[],"dateCreated":"2022-12-15T14:57:27Z","datePublished":"2022-12-15T14:57:27Z","dateModified":"2025-03-12T05:07:27Z"},"rendered":"<meta name=\"parsely-title\" content=\"Page Not Found\" \/>\n<meta name=\"parsely-link\" content=\"https:\/\/www.capgemini.com\/es-es\/page-not-found\/\" \/>\n<meta name=\"parsely-type\" content=\"index\" \/>\n<meta name=\"parsely-pub-date\" content=\"2022-12-15T14:57:27Z\" \/>\n<meta name=\"parsely-section\" content=\"Uncategorized\" \/>","tracker_url":"https:\/\/cdn.parsely.com\/keys\/capgemini.com\/p.js"},"archive_status":false,"featured_image_src":"https:\/\/www.capgemini.com\/es-es\/wp-content\/themes\/capgemini2025\/assets\/images\/mockup.png","featured_image_alt":false,"jetpack_sharing_enabled":true,"distributor_meta":false,"distributor_terms":false,"distributor_media":false,"distributor_original_site_name":"Capgemini Spain","distributor_original_site_url":"https:\/\/www.capgemini.com\/es-es","push-errors":false,"_links":{"self":[{"href":"https:\/\/www.capgemini.com\/es-es\/wp-json\/wp\/v2\/pages\/536096","targetHints":{"allow":["GET"]}}],"collection":[{"href":"https:\/\/www.capgemini.com\/es-es\/wp-json\/wp\/v2\/pages"}],"about":[{"href":"https:\/\/www.capgemini.com\/es-es\/wp-json\/wp\/v2\/types\/page"}],"author":[{"embeddable":true,"href":"https:\/\/www.capgemini.com\/es-es\/wp-json\/wp\/v2\/users\/454"}],"replies":[{"embeddable":true,"href":"https:\/\/www.capgemini.com\/es-es\/wp-json\/wp\/v2\/comments?post=536096"}],"version-history":[{"count":4,"href":"https:\/\/www.capgemini.com\/es-es\/wp-json\/wp\/v2\/pages\/536096\/revisions"}],"predecessor-version":[{"id":567657,"href":"https:\/\/www.capgemini.com\/es-es\/wp-json\/wp\/v2\/pages\/536096\/revisions\/567657"}],"wp:attachment":[{"href":"https:\/\/www.capgemini.com\/es-es\/wp-json\/wp\/v2\/media?parent=536096"}],"wp:term":[{"taxonomy":"brand","embeddable":true,"href":"https:\/\/www.capgemini.com\/es-es\/wp-json\/wp\/v2\/brand?post=536096"},{"taxonomy":"partner_type","embeddable":true,"href":"https:\/\/www.capgemini.com\/es-es\/wp-json\/wp\/v2\/partner_type?post=536096"},{"taxonomy":"service","embeddable":true,"href":"https:\/\/www.capgemini.com\/es-es\/wp-json\/wp\/v2\/service?post=536096"},{"taxonomy":"industry","embeddable":true,"href":"https:\/\/www.capgemini.com\/es-es\/wp-json\/wp\/v2\/industry?post=536096"},{"taxonomy":"partners","embeddable":true,"href":"https:\/\/www.capgemini.com\/es-es\/wp-json\/wp\/v2\/partners?post=536096"},{"taxonomy":"page-type","embeddable":true,"href":"https:\/\/www.capgemini.com\/es-es\/wp-json\/wp\/v2\/page-type?post=536096"},{"taxonomy":"content-group","embeddable":true,"href":"https:\/\/www.capgemini.com\/es-es\/wp-json\/wp\/v2\/content-group?post=536096"}],"curies":[{"name":"wp","href":"https:\/\/api.w.org\/{rel}","templated":true}]}}