{"id":5330,"date":"2022-04-22T14:53:38","date_gmt":"2022-04-22T14:53:38","guid":{"rendered":"https:\/\/www.capgemini.com\/?page_id=685822"},"modified":"2025-03-12T07:02:51","modified_gmt":"2025-03-12T06:02:51","slug":"ingenieria-de-calidad-en-admnext","status":"publish","type":"page","link":"https:\/\/www.capgemini.com\/es-es\/soluciones\/ingenieria-de-calidad-en-admnext\/","title":{"rendered":"Ingenier\u00eda de calidad en ADMnext"},"content":{"rendered":"\n<header class=\"wp-block-cg-blocks-hero-reusable header heroReusable  \"><div class=\"header-bgs\"><picture><source srcset=\"https:\/\/www.capgemini.com\/wp-content\/uploads\/2022\/01\/Capgemini_Quality-engineering-in-ADMnext.jpg?w=2880&amp;quality=70 1x, https:\/\/www.capgemini.com\/wp-content\/uploads\/2022\/01\/Capgemini_Quality-engineering-in-ADMnext.jpg?w=2880&amp;quality=70 2x\" media=\"(min-width: 1500px)\"\/><source srcset=\"https:\/\/www.capgemini.com\/wp-content\/uploads\/2022\/01\/Capgemini_Quality-engineering-in-ADMnext.jpg?w=1440&amp;quality=70 1x, https:\/\/www.capgemini.com\/wp-content\/uploads\/2022\/01\/Capgemini_Quality-engineering-in-ADMnext.jpg?w=2880&amp;quality=70 2x\" media=\"(min-width: 992px)\"\/><source srcset=\"https:\/\/www.capgemini.com\/wp-content\/uploads\/2022\/01\/Capgemini_Quality-engineering-in-ADMnext.jpg?w=1024&amp;quality=70 1x, https:\/\/www.capgemini.com\/wp-content\/uploads\/2022\/01\/Capgemini_Quality-engineering-in-ADMnext.jpg?w=1024&amp;quality=70 2x\" media=\"(min-width: 768px)\"\/><source srcset=\"https:\/\/www.capgemini.com\/wp-content\/uploads\/2022\/01\/Capgemini_Quality-engineering-in-ADMnext.jpg?w=768&amp;quality=70 1x, https:\/\/www.capgemini.com\/wp-content\/uploads\/2022\/01\/Capgemini_Quality-engineering-in-ADMnext.jpg?w=768&amp;quality=70 2x\" media=\"(min-width: 0)\"\/><img decoding=\"async\" src=\"https:\/\/www.capgemini.com\/wp-content\/uploads\/2022\/01\/Capgemini_Quality-engineering-in-ADMnext.jpg\" class=\"header-img header-img-d\" alt=\"\" style=\"object-fit:cover;object-position:51% 38%\" loading=\"eager\"\/><\/picture><\/div><div class=\"heroPictureCardHeaderShape\"><\/div><div class=\"container\"><div class=\"row\"><div class=\"col-md-12\"><div class=\"box\"><div class=\"boxTagWrapper\"><div class=\"tagInfo\"><div><span class=\"box-tag\">Solution<\/span><\/div><\/div><\/div><div class=\"box-title\"><h1 data-maxlength=\"34\">Ingenier\u00eda de calidad en ADMnext<\/h1><\/div><div class=\"inner-row-insight download-btn\"><div class=\"col-md-4 downloadFiles addPadding\"><a class=\"button-download--small\" type=\"download\" href=\"https:\/\/www.capgemini.com\/wp-content\/uploads\/2022\/01\/ADMnext_Quality_Engineering_Factsheet.pdf\" target=\"_blank\" rel=\"noopener noreferrer\" title=\"abrir en una nueva ventana\"><span>Download brochure<\/span><span class=\"type\">356 KB  pdf<\/span><\/a><\/div><\/div><\/div><\/div><\/div><\/div><\/header>\n\n\n\n<section class=\"wp-block-cg-blocks-intro-para undefined section section--intro\"><div class=\"intro-para\"><div class=\"container\"><div class=\"row\"><div class=\"col-12 col-md-1\"><nav class=\"article-social\"><ul class=\"social-nav\"><li class=\"ip-order-fb\"><a href=\"https:\/\/www.facebook.com\/sharer\/sharer.php?u=https:\/\/www.capgemini.com\/es-es\/soluciones\/ingenieria-de-calidad-en-admnext\/\" target=\"_blank\" rel=\"noopener noreferrer\" title=\"abrir en una nueva ventana\"><i aria-hidden=\"true\" class=\"icon-fb\"><\/i><span class=\"sr-only\">Facebook<\/span><\/a><\/li><li class=\"ip-order-tw\"><a href=\"https:\/\/twitter.com\/intent\/tweet?url=https:\/\/www.capgemini.com\/es-es\/soluciones\/ingenieria-de-calidad-en-admnext\/&amp;text=Ingenier\u00eda de calidad en ADMnext\" target=\"_blank\" rel=\"noopener noreferrer\" title=\"abrir en una nueva ventana\"><i aria-hidden=\"true\" class=\"icon-tw\"><\/i><span class=\"sr-only\">Twitter<\/span><\/a><\/li><li class=\"ip-order-li\"><a href=\"https:\/\/www.linkedin.com\/sharing\/share-offsite\/?url=https:\/\/www.capgemini.com\/es-es\/soluciones\/ingenieria-de-calidad-en-admnext\/&amp;text=Ingenier\u00eda de calidad en ADMnext\" target=\"_blank\" rel=\"noopener noreferrer\" title=\"abrir en una nueva ventana\"><i aria-hidden=\"true\" class=\"icon-li\"><\/i><span class=\"sr-only\">Linkedin<\/span><\/a><\/li><\/ul><\/nav><\/div><div class=\"col-12 col-md-11 col-lg-10\"><h2 class=\"intro-para-title\">Aseguramiento end-to-end del negocio gracias a la ingenier\u00eda de calidad integrada en ADMnext.<\/h2><p class=\"intro-para-content\"><strong>Acerca el futuro a tus clientes, m\u00e1s r\u00e1pido que nunca<br><\/strong><br>Las aplicaciones empresariales desempe\u00f1an un papel esencial en tu capacidad para impulsar las ventajas competitivas y el crecimiento en el mercado. Sin embargo, cuando se trata del \u00e9xito general en este \u00e1mbito, es la calidad la que marca la diferencia y te permitir\u00e1 afrontar retos clave como:<\/p><\/div><\/div><\/div><\/div><\/section>\n\n\n\n<section class=\"wp-block-cg-blocks-group undefined section section--article-content\"><div class=\"article-main-content\"><div class=\"container\"><div class=\"row\"><div class=\"col-12 col-md-11 col-lg-10 offset-md-1 offset-lg-1\"><div class=\"article-text article-quote-text\">\n<ul class=\"wp-block-list\">\n<li>Proporcionar una mayor satisfacci\u00f3n del cliente final, la aceptaci\u00f3n de la marca y la confianza, as\u00ed como el rendimiento general del negocio.<\/li>\n\n\n\n<li>Aumentar la resistencia, la escalabilidad y la seguridad de las aplicaciones.<\/li>\n\n\n\n<li>Impulsar la eficiencia operativa y reducir dr\u00e1sticamente los esfuerzos de soporte de las aplicaciones.<\/li>\n<\/ul>\n\n\n\n<p>Pero, \u00bfc\u00f3mo se puede garantizar que abordes todos estos retos y desarrolles eficazmente tus aplicaciones para hacer crecer el negocio? Para los futuros l\u00edderes de este espacio, la clave del \u00e9xito reside en la selecci\u00f3n del socio de aplicaciones adecuado.<\/p>\n\n\n\n<p><strong>Una ingenier\u00eda de calidad que te aporte toda la garant\u00eda de negocio, eficiencia, productividad y reducci\u00f3n de costes que buscas.<\/strong><\/p>\n\n\n\n<p>La ingenier\u00eda de calidad integrada de Capgemini en ADMnext te ayuda a abordar todos los retos mencionados mediante:<\/p>\n\n\n\n<ul class=\"wp-block-list\">\n<li>La prestaci\u00f3n end-to-end del aseguramiento de negocio con una estrategia de tests orientados a los resultados.<\/li>\n\n\n\n<li>Aumento de la eficiencia y la productividad con una cobertura de automatizaci\u00f3n superior al 75%.<\/li>\n\n\n\n<li>Reducci\u00f3n sustancial de los costes a trav\u00e9s de la IA, la automatizaci\u00f3n y el testing continuo.<\/li>\n<\/ul>\n\n\n\n<p>Con el soporte de <a href=\"https:\/\/www.sogeti.com\/\">Sogeti<\/a>, integramos la ingenier\u00eda de calidad en todas las capas del stack ADMnext, servicios que est\u00e1n dise\u00f1ados para acelerar la consecuci\u00f3n de tus objetivos de negocio. Con ello, nuestros clientes suelen obtener los siguientes beneficios:<\/p>\n\n\n\n<ul class=\"wp-block-list\">\n<li>67% de ahorro en el esfuerzo de los test de regresi\u00f3n.<\/li>\n\n\n\n<li>100% de pruebas de regresi\u00f3n continuas automatizadas.<\/li>\n\n\n\n<li>90% de automatizaci\u00f3n de tests en entornos cloud.<\/li>\n\n\n\n<li>90% de tests automatizados en entornos SAP.<\/li>\n\n\n\n<li>M\u00e1s del 98% de eficiencia en la eliminaci\u00f3n de defectos.<\/li>\n\n\n\n<li>100% de datos de test sint\u00e9ticos basados en IA que cumplen con el GDPR.<\/li>\n<\/ul>\n\n\n\n<p>Para obtener m\u00e1s informaci\u00f3n sobre c\u00f3mo puede asegurar todos estos beneficios para tu negocio, descarga la hoja informativa completa en la parte superior &#8211; y contacta con nosotros <a href=\"mailto:admnextmarketing.global@capgemini.com\">aqu\u00ed <\/a>para obtener m\u00e1s informaci\u00f3n sobre todo lo que la ingenier\u00eda de calidad integrada de Capgemini en ADMnext puede hacer por ti.<\/p>\n<\/div><\/div><\/div><\/div><\/div><\/section>\n\n\n<section class=\"wp-block-cg-blocks-wrapper-client-stories section-client-stories\"><div class=\"container\"><div class=\"row\"><div class=\"content-title col-12 col-md-8\"><h2 class=\"clientblock-title\">Casos de \u00e9xito<\/h2><\/div><\/div><\/div><div class=\"slider slider-boxed\"><div class=\"slider-nav-wrapper smallDevice\"><div class=\"slider-nav\"><button class=\"slider-prev  inactive\" aria-label=\"Slider previous\" tabindex=\"-1\"><\/button><button class=\"slider-next \" aria-label=\"Slider next\"><\/button><\/div><\/div><div class=\"slider-list\"><div class=\"slide active\">\n\t\t\t<div class=\"slide-bg-wrapper\">\n\t\t\t\t<picture><source srcset=\"https:\/\/www.capgemini.com\/es-es\/wp-content\/uploads\/sites\/16\/2021\/08\/Capgemini_Client-stories_The-road-to-heightened-quality-at-speed-with-Capgemini.webp?w=2880&amp;quality=70 1x, https:\/\/www.capgemini.com\/es-es\/wp-content\/uploads\/sites\/16\/2021\/08\/Capgemini_Client-stories_The-road-to-heightened-quality-at-speed-with-Capgemini.webp?w=2880&amp;quality=70 2x\"\n\t\t\t\tmedia=\"(min-width: 1500px)\"\/><source srcset=\"https:\/\/www.capgemini.com\/es-es\/wp-content\/uploads\/sites\/16\/2021\/08\/Capgemini_Client-stories_The-road-to-heightened-quality-at-speed-with-Capgemini.webp?w=1440&amp;quality=70 1x, https:\/\/www.capgemini.com\/es-es\/wp-content\/uploads\/sites\/16\/2021\/08\/Capgemini_Client-stories_The-road-to-heightened-quality-at-speed-with-Capgemini.webp?w=2880&amp;quality=70 2x\"\n\t\t\tmedia=\"(min-width: 992px)\"\/><source srcset=\"https:\/\/www.capgemini.com\/es-es\/wp-content\/uploads\/sites\/16\/2021\/08\/Capgemini_Client-stories_The-road-to-heightened-quality-at-speed-with-Capgemini.webp?w=1024&amp;quality=70 1x, https:\/\/www.capgemini.com\/es-es\/wp-content\/uploads\/sites\/16\/2021\/08\/Capgemini_Client-stories_The-road-to-heightened-quality-at-speed-with-Capgemini.webp?w=2048&amp;quality=70 2x\"\n\t\t\tmedia=\"(min-width: 768px)\"\/><source srcset=\"https:\/\/www.capgemini.com\/es-es\/wp-content\/uploads\/sites\/16\/2021\/08\/Capgemini_Client-stories_The-road-to-heightened-quality-at-speed-with-Capgemini.webp?w=480&amp;quality=70 1x, https:\/\/www.capgemini.com\/es-es\/wp-content\/uploads\/sites\/16\/2021\/08\/Capgemini_Client-stories_The-road-to-heightened-quality-at-speed-with-Capgemini.webp?w=960&amp;quality=70 2x\"\n\t\t\tmedia=\"(min-width: 0)\"\/><img decoding=\"async\" loading=\"lazy\" class=\"slide-bg\" src=\"https:\/\/www.capgemini.com\/es-es\/wp-content\/uploads\/sites\/16\/2021\/08\/Capgemini_Client-stories_The-road-to-heightened-quality-at-speed-with-Capgemini.webp\" alt=\"\"\n\t\t\tstyle=\"object-position: 50% 50%; object-fit: cover;\"\n\t\t\/><\/picture><div class=\"slide-reveal\"><\/div>\n\t\t\t<\/div>\n\t\t\t<div class=\"container\">\n\t\t\t\t<div class=\"slide-info-wrapper\">\n\t\t\t\t\t<div class=\"row\">\n\t\t\t\t\t\t<div class=\"col-12 col-lg-6\">\n\t\t\t\t\t\t\t<div class=\"slide-info\">\n\t\t\t\t\t\t\t\t<a aria-label=\"Reaping healthy testing services benefits from Capgemini\u2019s Quality Engineering with ADMnext\"\n\t\t\t\t\t\t\t\t   href=\"https:\/\/www.capgemini.com\/es-es\/noticias\/casos-de-exito\/reaping-healthy-testing-services-benefits-from-capgeminis-quality-engineering-with-admnext\/\">\n\t\t\t\t\t\t\t\t\t<div class=\"box\">\n\t\t\t\t\t\t\t\t\t\t<h3 class=\"client-subtitle\">Reaping healthy testing services benefits from Capgemini\u2019s Quality Engineering with ADMnext<\/h3>\n\t\t\t\t\t\t\t\t\t\t<p>How Capgemini brought a host of Automation,\u00a0Cognitive QA, and SmartQA testing platform\u00a0solutions to one of the world\u2019s largest global\u00a0medical device and pharmaceutical companies<\/p>\n\t\t\t\t\t\t\t\t\t<\/div><!-- End of box-->\n\t\t\t\t\t\t\t\t<\/a><div class=\"slide-info-footer\">\n                                <div class=\"brand-logo-wrapper\"><\/div>\n\t\t\t<div class=\"content-more\">\n\t\t\t\t<a class=\"cta-button\" href=\"https:\/\/www.capgemini.com\/es-es\/noticias\/casos-de-exito\/reaping-healthy-testing-services-benefits-from-capgeminis-quality-engineering-with-admnext\/\" aria-label=\"Read more about Reaping healthy testing services benefits from Capgemini\u2019s Quality Engineering with ADMnext\"><span>Saber m\u00e1s<\/span><\/a>\n\t\t\t<\/div>\n\t\t<\/div>\n\t<\/div><!-- End of slide info-->\n<\/div>\n<\/div>\n<\/div>\n<\/div><!-- End of container-->\n\n<\/div><!-- End of slide active -->\n<\/div><div class=\"slider-nav-wrapper largeDevice\"><div class=\"slider-nav\"><button class=\"slider-prev  inactive\" aria-label=\"Slider previous\" tabindex=\"-1\"><\/button><button class=\"slider-next\" aria-label=\"Slider next\"><\/button><\/div><\/div><\/div><\/section>","protected":false},"excerpt":{"rendered":"","protected":false},"author":35,"featured_media":0,"parent":537594,"menu_order":0,"comment_status":"closed","ping_status":"closed","template":"","meta":{"cg_dt_proposed_to":[0],"cg_seo_hreflang_relations":"[]","cg_seo_canonical_relation":"","cg_seo_hreflang_x_default_relation":"","cg_dt_approved_content":false,"cg_dt_mandatory_content":false,"cg_dt_notes":"","cg_dg_source_changed":false,"cg_dt_link_disabled":false,"_yoast_wpseo_primary_brand":"","footnotes":"","featured_focal_points":"","partner_card_description":"","gsap_animation":0},"brand":[],"partner_type":[],"service":[165],"industry":[],"partners":[],"page-type":[339],"content-group":[],"class_list":["post-5330","page","type-page","status-publish","hentry","service-enterprise-management","page-type-solutions"],"yoast_head":"<!-- This site is optimized with the Yoast SEO Premium plugin v22.8 (Yoast SEO v22.8) - https:\/\/yoast.com\/wordpress\/plugins\/seo\/ -->\n<title>Ingenier\u00eda de calidad en ADMnext | Capgemini<\/title>\n<meta name=\"description\" content=\"Aseguramiento end-to-end del negocio gracias a la ingenier\u00eda de calidad integrada en ADMnext.\" \/>\n<meta name=\"robots\" content=\"index, follow, max-snippet:-1, max-image-preview:large, max-video-preview:-1\" \/>\n<link rel=\"canonical\" href=\"https:\/\/www.capgemini.com\/es-es\/soluciones\/ingenieria-de-calidad-en-admnext\/\" \/>\n<meta property=\"og:locale\" content=\"es_ES\" \/>\n<meta property=\"og:type\" content=\"article\" \/>\n<meta property=\"og:title\" content=\"Ingenier\u00eda de calidad en ADMnext\" \/>\n<meta property=\"og:description\" content=\"Aseguramiento end-to-end del negocio gracias a la ingenier\u00eda de calidad integrada en ADMnext.\" \/>\n<meta property=\"og:url\" content=\"https:\/\/www.capgemini.com\/es-es\/soluciones\/ingenieria-de-calidad-en-admnext\/\" \/>\n<meta property=\"og:site_name\" content=\"Capgemini Spain\" \/>\n<meta property=\"article:modified_time\" content=\"2025-03-12T06:02:51+00:00\" \/>\n<meta property=\"og:image\" content=\"https:\/\/www.capgemini.com\/wp-content\/uploads\/2022\/01\/Capgemini_Quality-engineering-in-ADMnext.jpg\" \/>\n<meta name=\"twitter:card\" content=\"summary_large_image\" \/>\n<meta name=\"twitter:label1\" content=\"Est. reading time\" \/>\n\t<meta name=\"twitter:data1\" content=\"3 minutes\" \/>\n<script type=\"application\/ld+json\" class=\"yoast-schema-graph\">{\"@context\":\"https:\/\/schema.org\",\"@graph\":[{\"@type\":\"WebPage\",\"@id\":\"https:\/\/www.capgemini.com\/es-es\/soluciones\/ingenieria-de-calidad-en-admnext\/\",\"url\":\"https:\/\/www.capgemini.com\/es-es\/soluciones\/ingenieria-de-calidad-en-admnext\/\",\"name\":\"Ingenier\u00eda de calidad en ADMnext | Capgemini\",\"isPartOf\":{\"@id\":\"https:\/\/www.capgemini.com\/es-es\/#website\"},\"primaryImageOfPage\":{\"@id\":\"https:\/\/www.capgemini.com\/es-es\/soluciones\/ingenieria-de-calidad-en-admnext\/#primaryimage\"},\"image\":{\"@id\":\"https:\/\/www.capgemini.com\/es-es\/soluciones\/ingenieria-de-calidad-en-admnext\/#primaryimage\"},\"thumbnailUrl\":\"https:\/\/www.capgemini.com\/wp-content\/uploads\/2022\/01\/Capgemini_Quality-engineering-in-ADMnext.jpg\",\"datePublished\":\"2022-04-22T14:53:38+00:00\",\"dateModified\":\"2025-03-12T06:02:51+00:00\",\"description\":\"Aseguramiento end-to-end del negocio gracias a la ingenier\u00eda de calidad integrada en ADMnext.\",\"breadcrumb\":{\"@id\":\"https:\/\/www.capgemini.com\/es-es\/soluciones\/ingenieria-de-calidad-en-admnext\/#breadcrumb\"},\"inLanguage\":\"es-ES\",\"potentialAction\":[{\"@type\":\"ReadAction\",\"target\":[\"https:\/\/www.capgemini.com\/es-es\/soluciones\/ingenieria-de-calidad-en-admnext\/\"]}]},{\"@type\":\"ImageObject\",\"inLanguage\":\"es-ES\",\"@id\":\"https:\/\/www.capgemini.com\/es-es\/soluciones\/ingenieria-de-calidad-en-admnext\/#primaryimage\",\"url\":\"https:\/\/www.capgemini.com\/wp-content\/uploads\/2022\/01\/Capgemini_Quality-engineering-in-ADMnext.jpg\",\"contentUrl\":\"https:\/\/www.capgemini.com\/wp-content\/uploads\/2022\/01\/Capgemini_Quality-engineering-in-ADMnext.jpg\"},{\"@type\":\"BreadcrumbList\",\"@id\":\"https:\/\/www.capgemini.com\/es-es\/soluciones\/ingenieria-de-calidad-en-admnext\/#breadcrumb\",\"itemListElement\":[{\"@type\":\"ListItem\",\"position\":1,\"name\":\"Home\",\"item\":\"https:\/\/www.capgemini.com\/es-es\/\"},{\"@type\":\"ListItem\",\"position\":2,\"name\":\"Soluciones\",\"item\":\"https:\/\/www.capgemini.com\/es-es\/soluciones\/\"},{\"@type\":\"ListItem\",\"position\":3,\"name\":\"Ingenier\u00eda de calidad en ADMnext\"}]},{\"@type\":\"WebSite\",\"@id\":\"https:\/\/www.capgemini.com\/es-es\/#website\",\"url\":\"https:\/\/www.capgemini.com\/es-es\/\",\"name\":\"Capgemini Espa\u00f1a\",\"description\":\"Capgemini\",\"potentialAction\":[{\"@type\":\"SearchAction\",\"target\":{\"@type\":\"EntryPoint\",\"urlTemplate\":\"https:\/\/www.capgemini.com\/es-es\/?s={search_term_string}\"},\"query-input\":\"required name=search_term_string\"}],\"inLanguage\":\"es-ES\"}]}<\/script>\n<!-- \/ Yoast SEO Premium plugin. -->","yoast_head_json":{"title":"Ingenier\u00eda de calidad en ADMnext | Capgemini","description":"Aseguramiento end-to-end del negocio gracias a la ingenier\u00eda de calidad integrada en ADMnext.","robots":{"index":"index","follow":"follow","max-snippet":"max-snippet:-1","max-image-preview":"max-image-preview:large","max-video-preview":"max-video-preview:-1"},"canonical":"https:\/\/www.capgemini.com\/es-es\/soluciones\/ingenieria-de-calidad-en-admnext\/","og_locale":"es_ES","og_type":"article","og_title":"Ingenier\u00eda de calidad en ADMnext","og_description":"Aseguramiento end-to-end del negocio gracias a la ingenier\u00eda de calidad integrada en ADMnext.","og_url":"https:\/\/www.capgemini.com\/es-es\/soluciones\/ingenieria-de-calidad-en-admnext\/","og_site_name":"Capgemini Spain","article_modified_time":"2025-03-12T06:02:51+00:00","og_image":[{"url":"https:\/\/www.capgemini.com\/wp-content\/uploads\/2022\/01\/Capgemini_Quality-engineering-in-ADMnext.jpg"}],"twitter_card":"summary_large_image","twitter_misc":{"Est. reading time":"3 minutes"},"schema":{"@context":"https:\/\/schema.org","@graph":[{"@type":"WebPage","@id":"https:\/\/www.capgemini.com\/es-es\/soluciones\/ingenieria-de-calidad-en-admnext\/","url":"https:\/\/www.capgemini.com\/es-es\/soluciones\/ingenieria-de-calidad-en-admnext\/","name":"Ingenier\u00eda de calidad en ADMnext | Capgemini","isPartOf":{"@id":"https:\/\/www.capgemini.com\/es-es\/#website"},"primaryImageOfPage":{"@id":"https:\/\/www.capgemini.com\/es-es\/soluciones\/ingenieria-de-calidad-en-admnext\/#primaryimage"},"image":{"@id":"https:\/\/www.capgemini.com\/es-es\/soluciones\/ingenieria-de-calidad-en-admnext\/#primaryimage"},"thumbnailUrl":"https:\/\/www.capgemini.com\/wp-content\/uploads\/2022\/01\/Capgemini_Quality-engineering-in-ADMnext.jpg","datePublished":"2022-04-22T14:53:38+00:00","dateModified":"2025-03-12T06:02:51+00:00","description":"Aseguramiento end-to-end del negocio gracias a la ingenier\u00eda de calidad integrada en ADMnext.","breadcrumb":{"@id":"https:\/\/www.capgemini.com\/es-es\/soluciones\/ingenieria-de-calidad-en-admnext\/#breadcrumb"},"inLanguage":"es-ES","potentialAction":[{"@type":"ReadAction","target":["https:\/\/www.capgemini.com\/es-es\/soluciones\/ingenieria-de-calidad-en-admnext\/"]}]},{"@type":"ImageObject","inLanguage":"es-ES","@id":"https:\/\/www.capgemini.com\/es-es\/soluciones\/ingenieria-de-calidad-en-admnext\/#primaryimage","url":"https:\/\/www.capgemini.com\/wp-content\/uploads\/2022\/01\/Capgemini_Quality-engineering-in-ADMnext.jpg","contentUrl":"https:\/\/www.capgemini.com\/wp-content\/uploads\/2022\/01\/Capgemini_Quality-engineering-in-ADMnext.jpg"},{"@type":"BreadcrumbList","@id":"https:\/\/www.capgemini.com\/es-es\/soluciones\/ingenieria-de-calidad-en-admnext\/#breadcrumb","itemListElement":[{"@type":"ListItem","position":1,"name":"Home","item":"https:\/\/www.capgemini.com\/es-es\/"},{"@type":"ListItem","position":2,"name":"Soluciones","item":"https:\/\/www.capgemini.com\/es-es\/soluciones\/"},{"@type":"ListItem","position":3,"name":"Ingenier\u00eda de calidad en ADMnext"}]},{"@type":"WebSite","@id":"https:\/\/www.capgemini.com\/es-es\/#website","url":"https:\/\/www.capgemini.com\/es-es\/","name":"Capgemini Espa\u00f1a","description":"Capgemini","potentialAction":[{"@type":"SearchAction","target":{"@type":"EntryPoint","urlTemplate":"https:\/\/www.capgemini.com\/es-es\/?s={search_term_string}"},"query-input":"required name=search_term_string"}],"inLanguage":"es-ES"}]}},"brand_term":[],"parsely":{"version":"1.1.0","canonical_url":"https:\/\/capgemini.com\/es-es\/soluciones\/ingenieria-de-calidad-en-admnext\/","smart_links":{"inbound":0,"outbound":0},"traffic_boost_suggestions_count":0,"meta":{"@context":"https:\/\/schema.org","@type":"WebPage","headline":"Ingenier\u00eda de calidad en ADMnext","url":"https:\/\/www.capgemini.com\/es-es\/soluciones\/ingenieria-de-calidad-en-admnext\/","mainEntityOfPage":{"@type":"WebPage","@id":"https:\/\/www.capgemini.com\/es-es\/soluciones\/ingenieria-de-calidad-en-admnext\/"},"thumbnailUrl":"","image":{"@type":"ImageObject","url":""},"articleSection":"Uncategorized","author":[],"creator":[],"publisher":{"@type":"Organization","name":"Capgemini Spain","logo":""},"keywords":[],"dateCreated":"2022-04-22T14:53:38Z","datePublished":"2022-04-22T14:53:38Z","dateModified":"2025-03-12T06:02:51Z"},"rendered":"<meta name=\"parsely-title\" content=\"Ingenier\u00eda de calidad en ADMnext\" \/>\n<meta name=\"parsely-link\" content=\"https:\/\/www.capgemini.com\/es-es\/soluciones\/ingenieria-de-calidad-en-admnext\/\" \/>\n<meta name=\"parsely-type\" content=\"index\" \/>\n<meta name=\"parsely-pub-date\" content=\"2022-04-22T14:53:38Z\" \/>\n<meta name=\"parsely-section\" content=\"Uncategorized\" \/>","tracker_url":"https:\/\/cdn.parsely.com\/keys\/capgemini.com\/p.js"},"archive_status":false,"featured_image_src":"https:\/\/www.capgemini.com\/es-es\/wp-content\/themes\/capgemini2025\/assets\/images\/mockup.png","featured_image_alt":false,"jetpack_sharing_enabled":true,"distributor_meta":false,"distributor_terms":false,"distributor_media":false,"distributor_original_site_name":"Capgemini Spain","distributor_original_site_url":"https:\/\/www.capgemini.com\/es-es","push-errors":false,"_links":{"self":[{"href":"https:\/\/www.capgemini.com\/es-es\/wp-json\/wp\/v2\/pages\/5330","targetHints":{"allow":["GET"]}}],"collection":[{"href":"https:\/\/www.capgemini.com\/es-es\/wp-json\/wp\/v2\/pages"}],"about":[{"href":"https:\/\/www.capgemini.com\/es-es\/wp-json\/wp\/v2\/types\/page"}],"author":[{"embeddable":true,"href":"https:\/\/www.capgemini.com\/es-es\/wp-json\/wp\/v2\/users\/35"}],"replies":[{"embeddable":true,"href":"https:\/\/www.capgemini.com\/es-es\/wp-json\/wp\/v2\/comments?post=5330"}],"version-history":[{"count":3,"href":"https:\/\/www.capgemini.com\/es-es\/wp-json\/wp\/v2\/pages\/5330\/revisions"}],"predecessor-version":[{"id":567709,"href":"https:\/\/www.capgemini.com\/es-es\/wp-json\/wp\/v2\/pages\/5330\/revisions\/567709"}],"up":[{"embeddable":true,"href":"https:\/\/www.capgemini.com\/es-es\/wp-json\/wp\/v2\/pages\/537594"}],"wp:attachment":[{"href":"https:\/\/www.capgemini.com\/es-es\/wp-json\/wp\/v2\/media?parent=5330"}],"wp:term":[{"taxonomy":"brand","embeddable":true,"href":"https:\/\/www.capgemini.com\/es-es\/wp-json\/wp\/v2\/brand?post=5330"},{"taxonomy":"partner_type","embeddable":true,"href":"https:\/\/www.capgemini.com\/es-es\/wp-json\/wp\/v2\/partner_type?post=5330"},{"taxonomy":"service","embeddable":true,"href":"https:\/\/www.capgemini.com\/es-es\/wp-json\/wp\/v2\/service?post=5330"},{"taxonomy":"industry","embeddable":true,"href":"https:\/\/www.capgemini.com\/es-es\/wp-json\/wp\/v2\/industry?post=5330"},{"taxonomy":"partners","embeddable":true,"href":"https:\/\/www.capgemini.com\/es-es\/wp-json\/wp\/v2\/partners?post=5330"},{"taxonomy":"page-type","embeddable":true,"href":"https:\/\/www.capgemini.com\/es-es\/wp-json\/wp\/v2\/page-type?post=5330"},{"taxonomy":"content-group","embeddable":true,"href":"https:\/\/www.capgemini.com\/es-es\/wp-json\/wp\/v2\/content-group?post=5330"}],"curies":[{"name":"wp","href":"https:\/\/api.w.org\/{rel}","templated":true}]}}