{"id":5329,"date":"2022-04-22T16:55:26","date_gmt":"2022-04-22T16:55:26","guid":{"rendered":"https:\/\/www.capgemini.com\/?page_id=685908"},"modified":"2025-03-12T07:02:35","modified_gmt":"2025-03-12T06:02:35","slug":"ivalua","status":"publish","type":"page","link":"https:\/\/www.capgemini.com\/es-es\/soluciones\/ivalua\/","title":{"rendered":"Ivalua"},"content":{"rendered":"\n<header class=\"wp-block-cg-blocks-hero-reusable is-style-default header heroReusable  \"><div class=\"header-bgs\"><picture><source srcset=\"https:\/\/www.capgemini.com\/wp-content\/uploads\/2022\/04\/Capgemini_Ivalua-Empower-cognitive-procurement-in-the-Frictionless-Enterprise.jpg?w=2880&amp;quality=70 1x, https:\/\/www.capgemini.com\/wp-content\/uploads\/2022\/04\/Capgemini_Ivalua-Empower-cognitive-procurement-in-the-Frictionless-Enterprise.jpg?w=2880&amp;quality=70 2x\" media=\"(min-width: 1500px)\"\/><source srcset=\"https:\/\/www.capgemini.com\/wp-content\/uploads\/2022\/04\/Capgemini_Ivalua-Empower-cognitive-procurement-in-the-Frictionless-Enterprise.jpg?w=1440&amp;quality=70 1x, https:\/\/www.capgemini.com\/wp-content\/uploads\/2022\/04\/Capgemini_Ivalua-Empower-cognitive-procurement-in-the-Frictionless-Enterprise.jpg?w=2880&amp;quality=70 2x\" media=\"(min-width: 992px)\"\/><source srcset=\"https:\/\/www.capgemini.com\/wp-content\/uploads\/2022\/04\/Capgemini_Ivalua-Empower-cognitive-procurement-in-the-Frictionless-Enterprise.jpg?w=1024&amp;quality=70 1x, https:\/\/www.capgemini.com\/wp-content\/uploads\/2022\/04\/Capgemini_Ivalua-Empower-cognitive-procurement-in-the-Frictionless-Enterprise.jpg?w=1024&amp;quality=70 2x\" media=\"(min-width: 768px)\"\/><source srcset=\"https:\/\/www.capgemini.com\/wp-content\/uploads\/2022\/04\/Capgemini_Ivalua-Empower-cognitive-procurement-in-the-Frictionless-Enterprise.jpg?w=768&amp;quality=70 1x, https:\/\/www.capgemini.com\/wp-content\/uploads\/2022\/04\/Capgemini_Ivalua-Empower-cognitive-procurement-in-the-Frictionless-Enterprise.jpg?w=768&amp;quality=70 2x\" media=\"(min-width: 0)\"\/><img decoding=\"async\" src=\"https:\/\/www.capgemini.com\/wp-content\/uploads\/2022\/04\/Capgemini_Ivalua-Empower-cognitive-procurement-in-the-Frictionless-Enterprise.jpg\" class=\"header-img header-img-d\" alt=\"\" style=\"object-fit:cover;object-position:45% 23%\" loading=\"eager\"\/><\/picture><\/div><div class=\"heroPictureCardHeaderShape\"><\/div><div class=\"container\"><div class=\"row\"><div class=\"col-md-12\"><div class=\"box\"><div class=\"boxTagWrapper\"><div class=\"tagInfo\"><div><span class=\"box-tag\">Solution<\/span><\/div><\/div><\/div><div class=\"box-title\"><h1 data-maxlength=\"34\">Ivalua<\/h1><\/div><div class=\"inner-row-insight download-btn\"><div class=\"col-md-4 downloadFiles addPadding\"><a class=\"button-download--small\" type=\"download\" href=\"https:\/\/www.capgemini.com\/wp-content\/uploads\/2022\/04\/IVALUA-Cognitive-procurement-in-Frictionless-Enterprise-v03.pdf\" target=\"_blank\" rel=\"noopener noreferrer\" title=\"abrir en una nueva ventana\"><span>Descargar folleto<\/span><span class=\"type\">2 MB  pdf<\/span><\/a><\/div><\/div><\/div><\/div><\/div><\/div><\/header>\n\n\n\n<section class=\"wp-block-cg-blocks-intro-para undefined section section--intro\"><div class=\"intro-para\"><div class=\"container\"><div class=\"row\"><div class=\"col-12 col-md-1\"><nav class=\"article-social\"><ul class=\"social-nav\"><li class=\"ip-order-fb\"><a href=\"https:\/\/www.facebook.com\/sharer\/sharer.php?u=https:\/\/www.capgemini.com\/es-es\/soluciones\/ivalua\/\" target=\"_blank\" rel=\"noopener noreferrer\" title=\"abrir en una nueva ventana\"><i aria-hidden=\"true\" class=\"icon-fb\"><\/i><span class=\"sr-only\">Facebook<\/span><\/a><\/li><li class=\"ip-order-tw\"><a href=\"https:\/\/twitter.com\/intent\/tweet?url=https:\/\/www.capgemini.com\/es-es\/soluciones\/ivalua\/&amp;text=Ivalua\" target=\"_blank\" rel=\"noopener noreferrer\" title=\"abrir en una nueva ventana\"><i aria-hidden=\"true\" class=\"icon-tw\"><\/i><span class=\"sr-only\">Twitter<\/span><\/a><\/li><li class=\"ip-order-li\"><a href=\"https:\/\/www.linkedin.com\/sharing\/share-offsite\/?url=https:\/\/www.capgemini.com\/es-es\/soluciones\/ivalua\/&amp;text=Ivalua\" target=\"_blank\" rel=\"noopener noreferrer\" title=\"abrir en una nueva ventana\"><i aria-hidden=\"true\" class=\"icon-li\"><\/i><span class=\"sr-only\">Linkedin<\/span><\/a><\/li><\/ul><\/nav><\/div><div class=\"col-12 col-md-11 col-lg-10\"><h2 class=\"intro-para-title\">Potencie la adquisici\u00f3n cognitiva en Frictionless Enterprise<\/h2><p class=\"intro-para-content\">Capgemini e Ivalua transforman su organizaci\u00f3n de compras en una funci\u00f3n integrada y centrada en el usuario final que ofrece operaciones cognitivas sin fricciones desde la fuente hasta el pago (S2P).<br><br><img decoding=\"async\" src=\"https:\/\/www.capgemini.com\/wp-content\/uploads\/2021\/06\/IVALUA-Cognitive-procurement-in-Frictionless-Enterprise-outcome.jpg\" alt=\"IVALUA Cognitive procurement in Frictionless Enterprise outcome\"><\/p><\/div><\/div><\/div><\/div><\/section>\n\n\n\n<section class=\"wp-block-cg-blocks-group undefined section section--article-content\"><div class=\"article-main-content\"><div class=\"container\"><div class=\"row\"><div class=\"col-12 col-md-11 col-lg-10 offset-md-1 offset-lg-1\"><div class=\"article-text article-quote-text\">\n<p>Juntos, Capgemini e Ivalua lo ayudan a controlar el gasto e impulsar el valor, al mismo tiempo que reducen los costos operativos de gesti\u00f3n de categor\u00edas y adquisiciones a trav\u00e9s de un modelo operativo sostenible y sin fricciones que administra el costo total de propiedad de su demanda y los precios de los proveedores. Tambi\u00e9n lo ayuda a adoptar las estrategias correctas para lograr el equilibrio \u00f3ptimo entre su gasto, eficiencia y ahorros de capital de trabajo para brindar resultados comerciales que incluyen:<\/p>\n\n\n\n<ul class=\"wp-block-list\">\n<li><strong>Cumplimiento y mitigaci\u00f3n de riesgos mejorados<\/strong>: m\u00e1s del 90% de cumplimiento de gastos en su pol\u00edtica de compras y mayor visibilidad de riesgos y cadena de suministro<\/li>\n\n\n\n<li><strong>Mayor productividad<\/strong>: hasta un 50% de aumento en su productividad y un 70% de ahorro en costos operativos<\/li>\n\n\n\n<li><strong>Transparencia e informaci\u00f3n mejoradas<\/strong>: 26% de ahorros de consolidaci\u00f3n de proveedores identificados y 30% de reducci\u00f3n en las excepciones de procesos a trav\u00e9s de la miner\u00eda de procesos<\/li>\n\n\n\n<li><strong>Aumento de la velocidad de obtenci\u00f3n de valor<\/strong>: hasta un 80% de reducci\u00f3n en el tiempo del ciclo de abastecimiento y m\u00e1s del 15% de ahorro en compras t\u00e1cticas y al contado.<\/li>\n<\/ul>\n\n\n\n<p>Como una soluci\u00f3n integrada que cubre toda la funci\u00f3n de compras, Capgemini e Ivalua abordan la fricci\u00f3n en sus operaciones desde la fuente hasta el pago en la etapa m\u00e1s temprana posible, ayud\u00e1ndolo a hacer la transici\u00f3n a lo que llamamos Frictionless Enterprise.<\/p>\n\n\n\n<div style=\"height:30px\" aria-hidden=\"true\" class=\"wp-block-spacer\"><\/div>\n\n\n\n<h3 class=\"wp-block-heading\" id=\"h-transforma-digitalmente-mas-rapido-y-mas-lejos-con-ivalua\"><strong>Transforma digitalmente m\u00e1s r\u00e1pido y m\u00e1s lejos con Ivalua<\/strong><\/h3>\n\n\n\n<p>La plataforma digital completa y unificada de la fuente al pago de Ivalua permite a su organizaci\u00f3n lograr el m\u00e1ximo \u00e9xito del producto y la resiliencia de la cadena de suministro a trav\u00e9s de una mejor participaci\u00f3n de los proveedores, gesti\u00f3n de gastos y colaboraci\u00f3n a lo largo del ciclo de vida del producto.<\/p>\n\n\n\n<p>La plataforma Ivalua proporciona una experiencia verdaderamente perfecta en todos los niveles. Esto ayuda a su organizaci\u00f3n de compras a administrar todos los gastos y proveedores sin los compromisos de las soluciones de nicho que se han parcheado para satisfacer las \u00faltimas demandas del mercado. La tecnolog\u00eda debe empoderar la adquisici\u00f3n en cada etapa, no limitarla.<\/p>\n\n\n\n<div style=\"height:30px\" aria-hidden=\"true\" class=\"wp-block-spacer\"><\/div>\n\n\n\n<figure class=\"wp-block-image\"><a href=\"\/insights\/research-library\/the-frictionless-enterprise\/\"><img decoding=\"async\" src=\"https:\/\/www.capgemini.com\/wp-content\/uploads\/2020\/07\/Frictionless-Enterprise-blockchain-for-supply-chain.jpg\" alt=\"The Frictionless Enterprise-blockchain for the supply chain\"\/><\/a><\/figure>\n<\/div><\/div><\/div><\/div><\/div><\/section>\n","protected":false},"excerpt":{"rendered":"","protected":false},"author":35,"featured_media":0,"parent":537594,"menu_order":0,"comment_status":"closed","ping_status":"closed","template":"","meta":{"cg_dt_proposed_to":[0],"cg_seo_hreflang_relations":"[]","cg_seo_canonical_relation":"","cg_seo_hreflang_x_default_relation":"","cg_dt_approved_content":false,"cg_dt_mandatory_content":false,"cg_dt_notes":"","cg_dg_source_changed":false,"cg_dt_link_disabled":false,"_yoast_wpseo_primary_brand":"","footnotes":"","featured_focal_points":"","partner_card_description":"","gsap_animation":0},"brand":[],"partner_type":[],"service":[],"industry":[],"partners":[],"page-type":[339],"content-group":[],"class_list":["post-5329","page","type-page","status-publish","hentry","page-type-solutions"],"yoast_head":"<!-- This site is optimized with the Yoast SEO Premium plugin v22.8 (Yoast SEO v22.8) - https:\/\/yoast.com\/wordpress\/plugins\/seo\/ -->\n<title>Ivalua | Capgemini<\/title>\n<meta name=\"description\" content=\"Capgemini e Ivalua transforman su organizaci\u00f3n de compras en una funci\u00f3n integrada y centrada en el usuario final\" \/>\n<meta name=\"robots\" content=\"index, follow, max-snippet:-1, max-image-preview:large, max-video-preview:-1\" \/>\n<link rel=\"canonical\" href=\"https:\/\/www.capgemini.com\/es-es\/soluciones\/ivalua\/\" \/>\n<meta property=\"og:locale\" content=\"es_ES\" \/>\n<meta property=\"og:type\" content=\"article\" \/>\n<meta property=\"og:title\" content=\"Ivalua\" \/>\n<meta property=\"og:description\" content=\"Capgemini e Ivalua transforman su organizaci\u00f3n de compras en una funci\u00f3n integrada y centrada en el usuario final\" \/>\n<meta property=\"og:url\" content=\"https:\/\/www.capgemini.com\/es-es\/soluciones\/ivalua\/\" \/>\n<meta property=\"og:site_name\" content=\"Capgemini Spain\" \/>\n<meta property=\"article:modified_time\" content=\"2025-03-12T06:02:35+00:00\" \/>\n<meta property=\"og:image\" content=\"https:\/\/www.capgemini.com\/wp-content\/uploads\/2022\/04\/Capgemini_Ivalua-Empower-cognitive-procurement-in-the-Frictionless-Enterprise.jpg\" \/>\n<meta name=\"twitter:card\" content=\"summary_large_image\" \/>\n<meta name=\"twitter:label1\" content=\"Est. reading time\" \/>\n\t<meta name=\"twitter:data1\" content=\"3 minutes\" \/>\n<script type=\"application\/ld+json\" class=\"yoast-schema-graph\">{\"@context\":\"https:\/\/schema.org\",\"@graph\":[{\"@type\":\"WebPage\",\"@id\":\"https:\/\/www.capgemini.com\/es-es\/soluciones\/ivalua\/\",\"url\":\"https:\/\/www.capgemini.com\/es-es\/soluciones\/ivalua\/\",\"name\":\"Ivalua | Capgemini\",\"isPartOf\":{\"@id\":\"https:\/\/www.capgemini.com\/es-es\/#website\"},\"primaryImageOfPage\":{\"@id\":\"https:\/\/www.capgemini.com\/es-es\/soluciones\/ivalua\/#primaryimage\"},\"image\":{\"@id\":\"https:\/\/www.capgemini.com\/es-es\/soluciones\/ivalua\/#primaryimage\"},\"thumbnailUrl\":\"https:\/\/www.capgemini.com\/wp-content\/uploads\/2022\/04\/Capgemini_Ivalua-Empower-cognitive-procurement-in-the-Frictionless-Enterprise.jpg\",\"datePublished\":\"2022-04-22T16:55:26+00:00\",\"dateModified\":\"2025-03-12T06:02:35+00:00\",\"description\":\"Capgemini e Ivalua transforman su organizaci\u00f3n de compras en una funci\u00f3n integrada y centrada en el usuario final\",\"breadcrumb\":{\"@id\":\"https:\/\/www.capgemini.com\/es-es\/soluciones\/ivalua\/#breadcrumb\"},\"inLanguage\":\"es-ES\",\"potentialAction\":[{\"@type\":\"ReadAction\",\"target\":[\"https:\/\/www.capgemini.com\/es-es\/soluciones\/ivalua\/\"]}]},{\"@type\":\"ImageObject\",\"inLanguage\":\"es-ES\",\"@id\":\"https:\/\/www.capgemini.com\/es-es\/soluciones\/ivalua\/#primaryimage\",\"url\":\"https:\/\/www.capgemini.com\/wp-content\/uploads\/2022\/04\/Capgemini_Ivalua-Empower-cognitive-procurement-in-the-Frictionless-Enterprise.jpg\",\"contentUrl\":\"https:\/\/www.capgemini.com\/wp-content\/uploads\/2022\/04\/Capgemini_Ivalua-Empower-cognitive-procurement-in-the-Frictionless-Enterprise.jpg\"},{\"@type\":\"BreadcrumbList\",\"@id\":\"https:\/\/www.capgemini.com\/es-es\/soluciones\/ivalua\/#breadcrumb\",\"itemListElement\":[{\"@type\":\"ListItem\",\"position\":1,\"name\":\"Home\",\"item\":\"https:\/\/www.capgemini.com\/es-es\/\"},{\"@type\":\"ListItem\",\"position\":2,\"name\":\"Soluciones\",\"item\":\"https:\/\/www.capgemini.com\/es-es\/soluciones\/\"},{\"@type\":\"ListItem\",\"position\":3,\"name\":\"Ivalua\"}]},{\"@type\":\"WebSite\",\"@id\":\"https:\/\/www.capgemini.com\/es-es\/#website\",\"url\":\"https:\/\/www.capgemini.com\/es-es\/\",\"name\":\"Capgemini Espa\u00f1a\",\"description\":\"Capgemini\",\"potentialAction\":[{\"@type\":\"SearchAction\",\"target\":{\"@type\":\"EntryPoint\",\"urlTemplate\":\"https:\/\/www.capgemini.com\/es-es\/?s={search_term_string}\"},\"query-input\":\"required name=search_term_string\"}],\"inLanguage\":\"es-ES\"}]}<\/script>\n<!-- \/ Yoast SEO Premium plugin. -->","yoast_head_json":{"title":"Ivalua | Capgemini","description":"Capgemini e Ivalua transforman su organizaci\u00f3n de compras en una funci\u00f3n integrada y centrada en el usuario final","robots":{"index":"index","follow":"follow","max-snippet":"max-snippet:-1","max-image-preview":"max-image-preview:large","max-video-preview":"max-video-preview:-1"},"canonical":"https:\/\/www.capgemini.com\/es-es\/soluciones\/ivalua\/","og_locale":"es_ES","og_type":"article","og_title":"Ivalua","og_description":"Capgemini e Ivalua transforman su organizaci\u00f3n de compras en una funci\u00f3n integrada y centrada en el usuario final","og_url":"https:\/\/www.capgemini.com\/es-es\/soluciones\/ivalua\/","og_site_name":"Capgemini Spain","article_modified_time":"2025-03-12T06:02:35+00:00","og_image":[{"url":"https:\/\/www.capgemini.com\/wp-content\/uploads\/2022\/04\/Capgemini_Ivalua-Empower-cognitive-procurement-in-the-Frictionless-Enterprise.jpg"}],"twitter_card":"summary_large_image","twitter_misc":{"Est. reading time":"3 minutes"},"schema":{"@context":"https:\/\/schema.org","@graph":[{"@type":"WebPage","@id":"https:\/\/www.capgemini.com\/es-es\/soluciones\/ivalua\/","url":"https:\/\/www.capgemini.com\/es-es\/soluciones\/ivalua\/","name":"Ivalua | Capgemini","isPartOf":{"@id":"https:\/\/www.capgemini.com\/es-es\/#website"},"primaryImageOfPage":{"@id":"https:\/\/www.capgemini.com\/es-es\/soluciones\/ivalua\/#primaryimage"},"image":{"@id":"https:\/\/www.capgemini.com\/es-es\/soluciones\/ivalua\/#primaryimage"},"thumbnailUrl":"https:\/\/www.capgemini.com\/wp-content\/uploads\/2022\/04\/Capgemini_Ivalua-Empower-cognitive-procurement-in-the-Frictionless-Enterprise.jpg","datePublished":"2022-04-22T16:55:26+00:00","dateModified":"2025-03-12T06:02:35+00:00","description":"Capgemini e Ivalua transforman su organizaci\u00f3n de compras en una funci\u00f3n integrada y centrada en el usuario final","breadcrumb":{"@id":"https:\/\/www.capgemini.com\/es-es\/soluciones\/ivalua\/#breadcrumb"},"inLanguage":"es-ES","potentialAction":[{"@type":"ReadAction","target":["https:\/\/www.capgemini.com\/es-es\/soluciones\/ivalua\/"]}]},{"@type":"ImageObject","inLanguage":"es-ES","@id":"https:\/\/www.capgemini.com\/es-es\/soluciones\/ivalua\/#primaryimage","url":"https:\/\/www.capgemini.com\/wp-content\/uploads\/2022\/04\/Capgemini_Ivalua-Empower-cognitive-procurement-in-the-Frictionless-Enterprise.jpg","contentUrl":"https:\/\/www.capgemini.com\/wp-content\/uploads\/2022\/04\/Capgemini_Ivalua-Empower-cognitive-procurement-in-the-Frictionless-Enterprise.jpg"},{"@type":"BreadcrumbList","@id":"https:\/\/www.capgemini.com\/es-es\/soluciones\/ivalua\/#breadcrumb","itemListElement":[{"@type":"ListItem","position":1,"name":"Home","item":"https:\/\/www.capgemini.com\/es-es\/"},{"@type":"ListItem","position":2,"name":"Soluciones","item":"https:\/\/www.capgemini.com\/es-es\/soluciones\/"},{"@type":"ListItem","position":3,"name":"Ivalua"}]},{"@type":"WebSite","@id":"https:\/\/www.capgemini.com\/es-es\/#website","url":"https:\/\/www.capgemini.com\/es-es\/","name":"Capgemini Espa\u00f1a","description":"Capgemini","potentialAction":[{"@type":"SearchAction","target":{"@type":"EntryPoint","urlTemplate":"https:\/\/www.capgemini.com\/es-es\/?s={search_term_string}"},"query-input":"required name=search_term_string"}],"inLanguage":"es-ES"}]}},"brand_term":[],"parsely":{"version":"1.1.0","canonical_url":"https:\/\/capgemini.com\/es-es\/soluciones\/ivalua\/","smart_links":{"inbound":0,"outbound":0},"traffic_boost_suggestions_count":0,"meta":{"@context":"https:\/\/schema.org","@type":"WebPage","headline":"Ivalua","url":"https:\/\/www.capgemini.com\/es-es\/soluciones\/ivalua\/","mainEntityOfPage":{"@type":"WebPage","@id":"https:\/\/www.capgemini.com\/es-es\/soluciones\/ivalua\/"},"thumbnailUrl":"","image":{"@type":"ImageObject","url":""},"articleSection":"Uncategorized","author":[],"creator":[],"publisher":{"@type":"Organization","name":"Capgemini Spain","logo":""},"keywords":[],"dateCreated":"2022-04-22T16:55:26Z","datePublished":"2022-04-22T16:55:26Z","dateModified":"2025-03-12T06:02:35Z"},"rendered":"<meta name=\"parsely-title\" content=\"Ivalua\" \/>\n<meta name=\"parsely-link\" content=\"https:\/\/www.capgemini.com\/es-es\/soluciones\/ivalua\/\" \/>\n<meta name=\"parsely-type\" content=\"index\" \/>\n<meta name=\"parsely-pub-date\" content=\"2022-04-22T16:55:26Z\" \/>\n<meta name=\"parsely-section\" content=\"Uncategorized\" \/>","tracker_url":"https:\/\/cdn.parsely.com\/keys\/capgemini.com\/p.js"},"archive_status":false,"featured_image_src":"https:\/\/www.capgemini.com\/es-es\/wp-content\/themes\/capgemini2025\/assets\/images\/mockup.png","featured_image_alt":false,"jetpack_sharing_enabled":true,"distributor_meta":false,"distributor_terms":false,"distributor_media":false,"distributor_original_site_name":"Capgemini Spain","distributor_original_site_url":"https:\/\/www.capgemini.com\/es-es","push-errors":false,"_links":{"self":[{"href":"https:\/\/www.capgemini.com\/es-es\/wp-json\/wp\/v2\/pages\/5329","targetHints":{"allow":["GET"]}}],"collection":[{"href":"https:\/\/www.capgemini.com\/es-es\/wp-json\/wp\/v2\/pages"}],"about":[{"href":"https:\/\/www.capgemini.com\/es-es\/wp-json\/wp\/v2\/types\/page"}],"author":[{"embeddable":true,"href":"https:\/\/www.capgemini.com\/es-es\/wp-json\/wp\/v2\/users\/35"}],"replies":[{"embeddable":true,"href":"https:\/\/www.capgemini.com\/es-es\/wp-json\/wp\/v2\/comments?post=5329"}],"version-history":[{"count":2,"href":"https:\/\/www.capgemini.com\/es-es\/wp-json\/wp\/v2\/pages\/5329\/revisions"}],"predecessor-version":[{"id":567708,"href":"https:\/\/www.capgemini.com\/es-es\/wp-json\/wp\/v2\/pages\/5329\/revisions\/567708"}],"up":[{"embeddable":true,"href":"https:\/\/www.capgemini.com\/es-es\/wp-json\/wp\/v2\/pages\/537594"}],"wp:attachment":[{"href":"https:\/\/www.capgemini.com\/es-es\/wp-json\/wp\/v2\/media?parent=5329"}],"wp:term":[{"taxonomy":"brand","embeddable":true,"href":"https:\/\/www.capgemini.com\/es-es\/wp-json\/wp\/v2\/brand?post=5329"},{"taxonomy":"partner_type","embeddable":true,"href":"https:\/\/www.capgemini.com\/es-es\/wp-json\/wp\/v2\/partner_type?post=5329"},{"taxonomy":"service","embeddable":true,"href":"https:\/\/www.capgemini.com\/es-es\/wp-json\/wp\/v2\/service?post=5329"},{"taxonomy":"industry","embeddable":true,"href":"https:\/\/www.capgemini.com\/es-es\/wp-json\/wp\/v2\/industry?post=5329"},{"taxonomy":"partners","embeddable":true,"href":"https:\/\/www.capgemini.com\/es-es\/wp-json\/wp\/v2\/partners?post=5329"},{"taxonomy":"page-type","embeddable":true,"href":"https:\/\/www.capgemini.com\/es-es\/wp-json\/wp\/v2\/page-type?post=5329"},{"taxonomy":"content-group","embeddable":true,"href":"https:\/\/www.capgemini.com\/es-es\/wp-json\/wp\/v2\/content-group?post=5329"}],"curies":[{"name":"wp","href":"https:\/\/api.w.org\/{rel}","templated":true}]}}