{"id":5325,"date":"2022-05-02T11:11:57","date_gmt":"2022-05-02T11:11:57","guid":{"rendered":"https:\/\/www.capgemini.com\/?page_id=698154"},"modified":"2025-03-12T07:02:19","modified_gmt":"2025-03-12T06:02:19","slug":"transformacion-del-centro-de-datos-con-microsoft-azure","status":"publish","type":"page","link":"https:\/\/www.capgemini.com\/es-es\/soluciones\/transformacion-del-centro-de-datos-con-microsoft-azure\/","title":{"rendered":"Transformaci\u00f3n del centro de datos con Microsoft Azure"},"content":{"rendered":"\n<header class=\"wp-block-cg-blocks-hero-reusable header heroReusable  \"><div class=\"header-bgs\"><picture><source srcset=\"https:\/\/www.capgemini.com\/wp-content\/uploads\/2022\/05\/Capgemini_Solutions_DATA-CENTER-TRANSFORMATION-WITH-MICROSOFT-AZURE-1.jpg?w=2880&amp;quality=70 1x, https:\/\/www.capgemini.com\/wp-content\/uploads\/2022\/05\/Capgemini_Solutions_DATA-CENTER-TRANSFORMATION-WITH-MICROSOFT-AZURE-1.jpg?w=2880&amp;quality=70 2x\" media=\"(min-width: 1500px)\"\/><source srcset=\"https:\/\/www.capgemini.com\/wp-content\/uploads\/2022\/05\/Capgemini_Solutions_DATA-CENTER-TRANSFORMATION-WITH-MICROSOFT-AZURE-1.jpg?w=1440&amp;quality=70 1x, https:\/\/www.capgemini.com\/wp-content\/uploads\/2022\/05\/Capgemini_Solutions_DATA-CENTER-TRANSFORMATION-WITH-MICROSOFT-AZURE-1.jpg?w=2880&amp;quality=70 2x\" media=\"(min-width: 992px)\"\/><source srcset=\"https:\/\/www.capgemini.com\/wp-content\/uploads\/2022\/05\/Capgemini_Solutions_DATA-CENTER-TRANSFORMATION-WITH-MICROSOFT-AZURE-1.jpg?w=1024&amp;quality=70 1x, https:\/\/www.capgemini.com\/wp-content\/uploads\/2022\/05\/Capgemini_Solutions_DATA-CENTER-TRANSFORMATION-WITH-MICROSOFT-AZURE-1.jpg?w=1024&amp;quality=70 2x\" media=\"(min-width: 768px)\"\/><source srcset=\"https:\/\/www.capgemini.com\/wp-content\/uploads\/2022\/05\/Capgemini_Solutions_DATA-CENTER-TRANSFORMATION-WITH-MICROSOFT-AZURE-1.jpg?w=768&amp;quality=70 1x, https:\/\/www.capgemini.com\/wp-content\/uploads\/2022\/05\/Capgemini_Solutions_DATA-CENTER-TRANSFORMATION-WITH-MICROSOFT-AZURE-1.jpg?w=768&amp;quality=70 2x\" media=\"(min-width: 0)\"\/><img decoding=\"async\" src=\"https:\/\/www.capgemini.com\/wp-content\/uploads\/2022\/05\/Capgemini_Solutions_DATA-CENTER-TRANSFORMATION-WITH-MICROSOFT-AZURE-1.jpg\" class=\"header-img header-img-d\" alt=\"\" style=\"object-fit:cover;object-position:53% 57.99999999999999%\" loading=\"eager\"\/><\/picture><\/div><div class=\"heroPictureCardHeaderShape\"><\/div><div class=\"container\"><div class=\"row\"><div class=\"col-md-12\"><div class=\"box\"><div class=\"boxTagWrapper\"><div class=\"tagInfo\"><div><span class=\"box-tag\">Solution<\/span><\/div><\/div><\/div><div class=\"box-title\"><h1 data-maxlength=\"34\">Transformaci\u00f3n del centro de datos con Microsoft Azure<\/h1><\/div><div class=\"inner-row-insight download-btn\"><div class=\"col-md-4 downloadFiles addPadding\"><a class=\"button-download--small\" type=\"download\" href=\"https:\/\/www.capgemini.com\/wp-content\/uploads\/2022\/05\/Capgemini_Microsoft-DCM-brochure.pdf\" target=\"_blank\" rel=\"noopener noreferrer\" title=\"abrir en una nueva ventana\"><span>Download report<\/span><span class=\"type\">926 KB  pdf<\/span><\/a><\/div><\/div><\/div><\/div><\/div><\/div><\/header>\n\n\n\n<section class=\"wp-block-cg-blocks-intro-para undefined section section--intro\"><div class=\"intro-para\"><div class=\"container\"><div class=\"row\"><div class=\"col-12 col-md-1\"><nav class=\"article-social\"><ul class=\"social-nav\"><li class=\"ip-order-fb\"><a href=\"https:\/\/www.facebook.com\/sharer\/sharer.php?u=https:\/\/www.capgemini.com\/es-es\/soluciones\/transformacion-del-centro-de-datos-con-microsoft-azure\/\" target=\"_blank\" rel=\"noopener noreferrer\" title=\"abrir en una nueva ventana\"><i aria-hidden=\"true\" class=\"icon-fb\"><\/i><span class=\"sr-only\">Facebook<\/span><\/a><\/li><li class=\"ip-order-li\"><a href=\"https:\/\/www.linkedin.com\/sharing\/share-offsite\/?url=https:\/\/www.capgemini.com\/es-es\/soluciones\/transformacion-del-centro-de-datos-con-microsoft-azure\/\" target=\"_blank\" rel=\"noopener noreferrer\" title=\"abrir en una nueva ventana\"><i aria-hidden=\"true\" class=\"icon-li\"><\/i><span class=\"sr-only\">Linkedin<\/span><\/a><\/li><\/ul><\/nav><\/div><div class=\"col-12 col-md-11 col-lg-10\"><h2 class=\"intro-para-title\">Avanza en tu viaje a la nube con la transformaci\u00f3n del centro de datos con Microsoft Azure: un enfoque integral, independiente de la plataforma y no disruptivo.<\/h2><\/div><\/div><\/div><\/div><\/section>\n\n\n\n<section class=\"wp-block-cg-blocks-group undefined section section--article-content\"><div class=\"article-main-content\"><div class=\"container\"><div class=\"row\"><div class=\"col-12 col-md-11 col-lg-10 offset-md-1 offset-lg-1\"><div class=\"article-text article-quote-text\">\n<p>Con el crecimiento y la diversificaci\u00f3n de sistemas, tecnolog\u00edas, aplicaciones, procesos, proveedores, personal especializado y mandatos regulatorios, cada vez m\u00e1s organizaciones buscan embarcarse en el viaje de la nube y la modernizaci\u00f3n de su centro de datos. Sin embargo, esta transformaci\u00f3n puede provocar riesgos e interrupciones en los procesos con contratiempos no planificadas, infracciones de seguridad y problemas de cumplimiento. La simple transferencia de la infraestructura de TI del centro de datos a un proveedor de nube p\u00fablica no necesariamente brinda la modernizaci\u00f3n, la seguridad y la rentabilidad que buscan las organizaciones. Al asesorar y guiar a las organizaciones en su transici\u00f3n a la nube, Capgemini ayuda a las organizaciones a aprovechar la nube de manera efectiva y confiable para acelerar la transformaci\u00f3n de manera segura y eficiente con una interrupci\u00f3n m\u00ednima.<\/p>\n\n\n\n<h3 class=\"wp-block-heading\" id=\"h-el-enfoque-de-capgemini-para-la-transformacion-del-centro-de-datos\"><strong><strong>El enfoque de Capgemini para la transformaci\u00f3n del centro de datos:<\/strong><\/strong><\/h3>\n\n\n\n<p>El enfoque de Capgemini es integral, independiente de la plataforma y ofrece un r\u00e1pido retorno de la inversi\u00f3n a trav\u00e9s de una planificaci\u00f3n equilibrada, integrada, sin interrupciones y adaptada a los requisitos de la organizaci\u00f3n.<\/p>\n\n\n\n<p>Este enfoque incluye:<\/p>\n\n\n\n<ul class=\"wp-block-list\">\n<li>Acceso a equipos expertos y colaborativos: con las herramientas adecuadas para planificar una transformaci\u00f3n efectiva entre los miles de socios t\u00e9cnicos l\u00edderes y profesionales globales de Capgemini.<\/li>\n\n\n\n<li>Una fuente \u00fanica para soluciones integrales: aprovecha el asesoramiento y la asistencia de expertos en la implementaci\u00f3n, o conf\u00eda en expertos para que gestionen tu estrategia.<\/li>\n\n\n\n<li>Una plataforma global para la innovaci\u00f3n: accede al Applied Innovation Exchange (AIE) de Capgemini, un ecosistema global que permite descubrir, experimentar, contextualizar y aplicar innovaciones relevantes para la industria.<\/li>\n<\/ul>\n<\/div><\/div><\/div><\/div><\/div><\/section>\n","protected":false},"excerpt":{"rendered":"","protected":false},"author":35,"featured_media":5326,"parent":537594,"menu_order":0,"comment_status":"closed","ping_status":"closed","template":"","meta":{"cg_dt_proposed_to":[0],"cg_seo_hreflang_relations":"[]","cg_seo_canonical_relation":"","cg_seo_hreflang_x_default_relation":"{\"uuid\":\"e9682eb5-9939-49e2-beea-27037be5856f\",\"blogId\":\"\",\"domain\":\"\",\"sitePath\":\"\",\"postLink\":\"\",\"postId\":null,\"isSaved\":false,\"isCrossLink\":false,\"hasCrossLink\":false}","cg_dt_approved_content":false,"cg_dt_mandatory_content":false,"cg_dt_notes":"","cg_dg_source_changed":false,"cg_dt_link_disabled":false,"_yoast_wpseo_primary_brand":"","footnotes":"","featured_focal_points":"{\"x\":\"0.53\",\"y\":\"0.51\"}","partner_card_description":"","gsap_animation":0},"brand":[],"partner_type":[],"service":[],"industry":[],"partners":[150],"page-type":[339],"content-group":[],"class_list":["post-5325","page","type-page","status-publish","has-post-thumbnail","hentry","partners-microsoft","page-type-solutions"],"yoast_head":"<!-- This site is optimized with the Yoast SEO Premium plugin v22.8 (Yoast SEO v22.8) - https:\/\/yoast.com\/wordpress\/plugins\/seo\/ -->\n<title>Transformaci\u00f3n del centro de datos con Microsoft Azure - Capgemini Spain<\/title>\n<meta name=\"description\" content=\"Avanza en viaje a la nube con la transformaci\u00f3n del centro de datos con Microsoft Azure: un enfoque integral, independiente de la plataforma y no disruptivo.\" \/>\n<meta name=\"robots\" content=\"index, follow, max-snippet:-1, max-image-preview:large, max-video-preview:-1\" \/>\n<link rel=\"canonical\" href=\"https:\/\/www.capgemini.com\/es-es\/soluciones\/transformacion-del-centro-de-datos-con-microsoft-azure\/\" \/>\n<meta property=\"og:locale\" content=\"es_ES\" \/>\n<meta property=\"og:type\" content=\"article\" \/>\n<meta property=\"og:title\" content=\"Transformaci\u00f3n del centro de datos con Microsoft Azure\" \/>\n<meta property=\"og:description\" content=\"Avanza en viaje a la nube con la transformaci\u00f3n del centro de datos con Microsoft Azure: un enfoque integral, independiente de la plataforma y no disruptivo.\" \/>\n<meta property=\"og:url\" content=\"https:\/\/www.capgemini.com\/es-es\/soluciones\/transformacion-del-centro-de-datos-con-microsoft-azure\/\" \/>\n<meta property=\"og:site_name\" content=\"Capgemini Spain\" \/>\n<meta property=\"article:modified_time\" content=\"2025-03-12T06:02:19+00:00\" \/>\n<meta property=\"og:image\" content=\"https:\/\/www.capgemini.com\/es-es\/wp-content\/uploads\/sites\/16\/2025\/10\/New-Web-preview-global.jpg\" \/>\n\t<meta property=\"og:image:width\" content=\"1200\" \/>\n\t<meta property=\"og:image:height\" content=\"627\" \/>\n\t<meta property=\"og:image:type\" content=\"image\/jpeg\" \/>\n<meta name=\"twitter:card\" content=\"summary_large_image\" \/>\n<script type=\"application\/ld+json\" class=\"yoast-schema-graph\">{\"@context\":\"https:\/\/schema.org\",\"@graph\":[{\"@type\":\"WebPage\",\"@id\":\"https:\/\/www.capgemini.com\/es-es\/soluciones\/transformacion-del-centro-de-datos-con-microsoft-azure\/\",\"url\":\"https:\/\/www.capgemini.com\/es-es\/soluciones\/transformacion-del-centro-de-datos-con-microsoft-azure\/\",\"name\":\"Transformaci\u00f3n del centro de datos con Microsoft Azure - Capgemini Spain\",\"isPartOf\":{\"@id\":\"https:\/\/www.capgemini.com\/es-es\/#website\"},\"primaryImageOfPage\":{\"@id\":\"https:\/\/www.capgemini.com\/es-es\/soluciones\/transformacion-del-centro-de-datos-con-microsoft-azure\/#primaryimage\"},\"image\":{\"@id\":\"https:\/\/www.capgemini.com\/es-es\/soluciones\/transformacion-del-centro-de-datos-con-microsoft-azure\/#primaryimage\"},\"thumbnailUrl\":\"\",\"datePublished\":\"2022-05-02T11:11:57+00:00\",\"dateModified\":\"2025-03-12T06:02:19+00:00\",\"description\":\"Avanza en viaje a la nube con la transformaci\u00f3n del centro de datos con Microsoft Azure: un enfoque integral, independiente de la plataforma y no disruptivo.\",\"breadcrumb\":{\"@id\":\"https:\/\/www.capgemini.com\/es-es\/soluciones\/transformacion-del-centro-de-datos-con-microsoft-azure\/#breadcrumb\"},\"inLanguage\":\"es-ES\",\"potentialAction\":[{\"@type\":\"ReadAction\",\"target\":[\"https:\/\/www.capgemini.com\/es-es\/soluciones\/transformacion-del-centro-de-datos-con-microsoft-azure\/\"]}]},{\"@type\":\"ImageObject\",\"inLanguage\":\"es-ES\",\"@id\":\"https:\/\/www.capgemini.com\/es-es\/soluciones\/transformacion-del-centro-de-datos-con-microsoft-azure\/#primaryimage\",\"url\":\"\",\"contentUrl\":\"\"},{\"@type\":\"BreadcrumbList\",\"@id\":\"https:\/\/www.capgemini.com\/es-es\/soluciones\/transformacion-del-centro-de-datos-con-microsoft-azure\/#breadcrumb\",\"itemListElement\":[{\"@type\":\"ListItem\",\"position\":1,\"name\":\"Home\",\"item\":\"https:\/\/www.capgemini.com\/es-es\/\"},{\"@type\":\"ListItem\",\"position\":2,\"name\":\"Soluciones\",\"item\":\"https:\/\/www.capgemini.com\/es-es\/soluciones\/\"},{\"@type\":\"ListItem\",\"position\":3,\"name\":\"Transformaci\u00f3n del centro de datos con Microsoft Azure\"}]},{\"@type\":\"WebSite\",\"@id\":\"https:\/\/www.capgemini.com\/es-es\/#website\",\"url\":\"https:\/\/www.capgemini.com\/es-es\/\",\"name\":\"Capgemini Espa\u00f1a\",\"description\":\"Capgemini\",\"potentialAction\":[{\"@type\":\"SearchAction\",\"target\":{\"@type\":\"EntryPoint\",\"urlTemplate\":\"https:\/\/www.capgemini.com\/es-es\/?s={search_term_string}\"},\"query-input\":\"required name=search_term_string\"}],\"inLanguage\":\"es-ES\"}]}<\/script>\n<!-- \/ Yoast SEO Premium plugin. -->","yoast_head_json":{"title":"Transformaci\u00f3n del centro de datos con Microsoft Azure - Capgemini Spain","description":"Avanza en viaje a la nube con la transformaci\u00f3n del centro de datos con Microsoft Azure: un enfoque integral, independiente de la plataforma y no disruptivo.","robots":{"index":"index","follow":"follow","max-snippet":"max-snippet:-1","max-image-preview":"max-image-preview:large","max-video-preview":"max-video-preview:-1"},"canonical":"https:\/\/www.capgemini.com\/es-es\/soluciones\/transformacion-del-centro-de-datos-con-microsoft-azure\/","og_locale":"es_ES","og_type":"article","og_title":"Transformaci\u00f3n del centro de datos con Microsoft Azure","og_description":"Avanza en viaje a la nube con la transformaci\u00f3n del centro de datos con Microsoft Azure: un enfoque integral, independiente de la plataforma y no disruptivo.","og_url":"https:\/\/www.capgemini.com\/es-es\/soluciones\/transformacion-del-centro-de-datos-con-microsoft-azure\/","og_site_name":"Capgemini Spain","article_modified_time":"2025-03-12T06:02:19+00:00","og_image":[{"width":1200,"height":627,"url":"https:\/\/www.capgemini.com\/es-es\/wp-content\/uploads\/sites\/16\/2025\/10\/New-Web-preview-global.jpg","type":"image\/jpeg"}],"twitter_card":"summary_large_image","schema":{"@context":"https:\/\/schema.org","@graph":[{"@type":"WebPage","@id":"https:\/\/www.capgemini.com\/es-es\/soluciones\/transformacion-del-centro-de-datos-con-microsoft-azure\/","url":"https:\/\/www.capgemini.com\/es-es\/soluciones\/transformacion-del-centro-de-datos-con-microsoft-azure\/","name":"Transformaci\u00f3n del centro de datos con Microsoft Azure - Capgemini Spain","isPartOf":{"@id":"https:\/\/www.capgemini.com\/es-es\/#website"},"primaryImageOfPage":{"@id":"https:\/\/www.capgemini.com\/es-es\/soluciones\/transformacion-del-centro-de-datos-con-microsoft-azure\/#primaryimage"},"image":{"@id":"https:\/\/www.capgemini.com\/es-es\/soluciones\/transformacion-del-centro-de-datos-con-microsoft-azure\/#primaryimage"},"thumbnailUrl":"","datePublished":"2022-05-02T11:11:57+00:00","dateModified":"2025-03-12T06:02:19+00:00","description":"Avanza en viaje a la nube con la transformaci\u00f3n del centro de datos con Microsoft Azure: un enfoque integral, independiente de la plataforma y no disruptivo.","breadcrumb":{"@id":"https:\/\/www.capgemini.com\/es-es\/soluciones\/transformacion-del-centro-de-datos-con-microsoft-azure\/#breadcrumb"},"inLanguage":"es-ES","potentialAction":[{"@type":"ReadAction","target":["https:\/\/www.capgemini.com\/es-es\/soluciones\/transformacion-del-centro-de-datos-con-microsoft-azure\/"]}]},{"@type":"ImageObject","inLanguage":"es-ES","@id":"https:\/\/www.capgemini.com\/es-es\/soluciones\/transformacion-del-centro-de-datos-con-microsoft-azure\/#primaryimage","url":"","contentUrl":""},{"@type":"BreadcrumbList","@id":"https:\/\/www.capgemini.com\/es-es\/soluciones\/transformacion-del-centro-de-datos-con-microsoft-azure\/#breadcrumb","itemListElement":[{"@type":"ListItem","position":1,"name":"Home","item":"https:\/\/www.capgemini.com\/es-es\/"},{"@type":"ListItem","position":2,"name":"Soluciones","item":"https:\/\/www.capgemini.com\/es-es\/soluciones\/"},{"@type":"ListItem","position":3,"name":"Transformaci\u00f3n del centro de datos con Microsoft Azure"}]},{"@type":"WebSite","@id":"https:\/\/www.capgemini.com\/es-es\/#website","url":"https:\/\/www.capgemini.com\/es-es\/","name":"Capgemini Espa\u00f1a","description":"Capgemini","potentialAction":[{"@type":"SearchAction","target":{"@type":"EntryPoint","urlTemplate":"https:\/\/www.capgemini.com\/es-es\/?s={search_term_string}"},"query-input":"required name=search_term_string"}],"inLanguage":"es-ES"}]}},"brand_term":[],"parsely":{"version":"1.1.0","canonical_url":"https:\/\/capgemini.com\/es-es\/soluciones\/transformacion-del-centro-de-datos-con-microsoft-azure\/","smart_links":{"inbound":0,"outbound":0},"traffic_boost_suggestions_count":0,"meta":{"@context":"https:\/\/schema.org","@type":"WebPage","headline":"Transformaci\u00f3n del centro de datos con Microsoft Azure","url":"https:\/\/www.capgemini.com\/es-es\/soluciones\/transformacion-del-centro-de-datos-con-microsoft-azure\/","mainEntityOfPage":{"@type":"WebPage","@id":"https:\/\/www.capgemini.com\/es-es\/soluciones\/transformacion-del-centro-de-datos-con-microsoft-azure\/"},"thumbnailUrl":"","image":{"@type":"ImageObject","url":""},"articleSection":"Uncategorized","author":[],"creator":[],"publisher":{"@type":"Organization","name":"Capgemini Spain","logo":""},"keywords":[],"dateCreated":"2022-05-02T11:11:57Z","datePublished":"2022-05-02T11:11:57Z","dateModified":"2025-03-12T06:02:19Z"},"rendered":"<meta name=\"parsely-title\" content=\"Transformaci\u00f3n del centro de datos con Microsoft Azure\" \/>\n<meta name=\"parsely-link\" content=\"https:\/\/www.capgemini.com\/es-es\/soluciones\/transformacion-del-centro-de-datos-con-microsoft-azure\/\" \/>\n<meta name=\"parsely-type\" content=\"index\" \/>\n<meta name=\"parsely-pub-date\" content=\"2022-05-02T11:11:57Z\" \/>\n<meta name=\"parsely-section\" content=\"Uncategorized\" \/>","tracker_url":"https:\/\/cdn.parsely.com\/keys\/capgemini.com\/p.js"},"archive_status":false,"featured_image_src":"https:\/\/www.capgemini.com\/es-es\/wp-content\/themes\/capgemini2025\/assets\/images\/mockup.png","featured_image_alt":"","jetpack_sharing_enabled":true,"distributor_meta":false,"distributor_terms":false,"distributor_media":false,"distributor_original_site_name":"Capgemini Spain","distributor_original_site_url":"https:\/\/www.capgemini.com\/es-es","push-errors":false,"_links":{"self":[{"href":"https:\/\/www.capgemini.com\/es-es\/wp-json\/wp\/v2\/pages\/5325","targetHints":{"allow":["GET"]}}],"collection":[{"href":"https:\/\/www.capgemini.com\/es-es\/wp-json\/wp\/v2\/pages"}],"about":[{"href":"https:\/\/www.capgemini.com\/es-es\/wp-json\/wp\/v2\/types\/page"}],"author":[{"embeddable":true,"href":"https:\/\/www.capgemini.com\/es-es\/wp-json\/wp\/v2\/users\/35"}],"replies":[{"embeddable":true,"href":"https:\/\/www.capgemini.com\/es-es\/wp-json\/wp\/v2\/comments?post=5325"}],"version-history":[{"count":3,"href":"https:\/\/www.capgemini.com\/es-es\/wp-json\/wp\/v2\/pages\/5325\/revisions"}],"predecessor-version":[{"id":567707,"href":"https:\/\/www.capgemini.com\/es-es\/wp-json\/wp\/v2\/pages\/5325\/revisions\/567707"}],"up":[{"embeddable":true,"href":"https:\/\/www.capgemini.com\/es-es\/wp-json\/wp\/v2\/pages\/537594"}],"wp:featuredmedia":[{"embeddable":true,"href":"https:\/\/www.capgemini.com\/es-es\/wp-json\/"}],"wp:attachment":[{"href":"https:\/\/www.capgemini.com\/es-es\/wp-json\/wp\/v2\/media?parent=5325"}],"wp:term":[{"taxonomy":"brand","embeddable":true,"href":"https:\/\/www.capgemini.com\/es-es\/wp-json\/wp\/v2\/brand?post=5325"},{"taxonomy":"partner_type","embeddable":true,"href":"https:\/\/www.capgemini.com\/es-es\/wp-json\/wp\/v2\/partner_type?post=5325"},{"taxonomy":"service","embeddable":true,"href":"https:\/\/www.capgemini.com\/es-es\/wp-json\/wp\/v2\/service?post=5325"},{"taxonomy":"industry","embeddable":true,"href":"https:\/\/www.capgemini.com\/es-es\/wp-json\/wp\/v2\/industry?post=5325"},{"taxonomy":"partners","embeddable":true,"href":"https:\/\/www.capgemini.com\/es-es\/wp-json\/wp\/v2\/partners?post=5325"},{"taxonomy":"page-type","embeddable":true,"href":"https:\/\/www.capgemini.com\/es-es\/wp-json\/wp\/v2\/page-type?post=5325"},{"taxonomy":"content-group","embeddable":true,"href":"https:\/\/www.capgemini.com\/es-es\/wp-json\/wp\/v2\/content-group?post=5325"}],"curies":[{"name":"wp","href":"https:\/\/api.w.org\/{rel}","templated":true}]}}