{"id":5319,"date":"2022-12-12T13:03:29","date_gmt":"2022-12-12T13:03:29","guid":{"rendered":"https:\/\/www.capgemini.com\/?page_id=702950"},"modified":"2026-01-06T08:35:17","modified_gmt":"2026-01-06T07:35:17","slug":"data-for-net-zero","status":"publish","type":"page","link":"https:\/\/www.capgemini.com\/es-es\/soluciones\/data-for-net-zero\/","title":{"rendered":"Data for Net Zero"},"content":{"rendered":"\n<header class=\"wp-block-cg-blocks-hero-reusable header heroReusable  \"><div class=\"header-bgs\"><picture><source srcset=\"https:\/\/www.capgemini.com\/wp-content\/uploads\/2022\/05\/capgemini_Solutions_data-for-net-zero.jpg?w=2880&amp;quality=70 1x, https:\/\/www.capgemini.com\/wp-content\/uploads\/2022\/05\/capgemini_Solutions_data-for-net-zero.jpg?w=2880&amp;quality=70 2x\" media=\"(min-width: 1500px)\"\/><source srcset=\"https:\/\/www.capgemini.com\/wp-content\/uploads\/2022\/05\/capgemini_Solutions_data-for-net-zero.jpg?w=1440&amp;quality=70 1x, https:\/\/www.capgemini.com\/wp-content\/uploads\/2022\/05\/capgemini_Solutions_data-for-net-zero.jpg?w=2880&amp;quality=70 2x\" media=\"(min-width: 992px)\"\/><source srcset=\"https:\/\/www.capgemini.com\/wp-content\/uploads\/2022\/05\/capgemini_Solutions_data-for-net-zero.jpg?w=1024&amp;quality=70 1x, https:\/\/www.capgemini.com\/wp-content\/uploads\/2022\/05\/capgemini_Solutions_data-for-net-zero.jpg?w=1024&amp;quality=70 2x\" media=\"(min-width: 768px)\"\/><source srcset=\"https:\/\/www.capgemini.com\/wp-content\/uploads\/2022\/05\/capgemini_Solutions_data-for-net-zero.jpg?w=768&amp;quality=70 1x, https:\/\/www.capgemini.com\/wp-content\/uploads\/2022\/05\/capgemini_Solutions_data-for-net-zero.jpg?w=768&amp;quality=70 2x\" media=\"(min-width: 0)\"\/><img decoding=\"async\" src=\"https:\/\/www.capgemini.com\/wp-content\/uploads\/2022\/05\/capgemini_Solutions_data-for-net-zero.jpg\" class=\"header-img header-img-d\" alt=\"\" style=\"object-fit:cover;object-position:59% 49%\" loading=\"eager\"\/><\/picture><\/div><div class=\"heroPictureCardHeaderShape\"><\/div><div class=\"container\"><div class=\"row\"><div class=\"col-md-12\"><div class=\"box\"><div class=\"boxTagWrapper\"><div class=\"tagInfo\"><div><span class=\"box-tag\">Soluci\u00f3n<\/span><\/div><\/div><\/div><div class=\"box-title\"><h1 data-maxlength=\"34\">Data for Net Zero<\/h1><\/div><div class=\"inner-row-insight download-btn\"><\/div><\/div><\/div><\/div><\/div><\/header>\n\n\n\n<section class=\"wp-block-cg-blocks-intro-para undefined section section--intro\"><div class=\"intro-para\"><div class=\"container\"><div class=\"row\"><div class=\"col-12 col-md-1\"><nav class=\"article-social\"><ul class=\"social-nav\"><li class=\"ip-order-fb\"><a href=\"https:\/\/www.facebook.com\/sharer\/sharer.php?u=https:\/\/www.capgemini.com\/es-es\/soluciones\/data-for-net-zero\/\" target=\"_blank\" rel=\"noopener noreferrer\" title=\"abrir en una nueva ventana\"><i aria-hidden=\"true\" class=\"icon-fb\"><\/i><span class=\"sr-only\">Facebook<\/span><\/a><\/li><li class=\"ip-order-li\"><a href=\"https:\/\/www.linkedin.com\/sharing\/share-offsite\/?url=https:\/\/www.capgemini.com\/es-es\/soluciones\/data-for-net-zero\/\" target=\"_blank\" rel=\"noopener noreferrer\" title=\"abrir en una nueva ventana\"><i aria-hidden=\"true\" class=\"icon-li\"><\/i><span class=\"sr-only\">Linkedin<\/span><\/a><\/li><\/ul><\/nav><\/div><div class=\"col-12 col-md-11 col-lg-10\"><h2 class=\"intro-para-title\">El impulso para actuar es urgente.<\/h2><p class=\"intro-para-content\">Cuando navegamos por un cambio sostenible, como todos debemos hacerlo, los datos son la vanguardia. Act\u00fae sobre la sostenibilidad y podr\u00e1 crear un impacto a escala. Nuestra creencia en el poder transformador de los datos y la IA nos permite visualizar y construir un futuro positivo para el planeta.<br><br><strong>El reciente informe del Panel Intergubernamental sobre el Cambio Clim\u00e1tico (IPCC 2022) no deja dudas sobre la necesidad de una acci\u00f3n clim\u00e1tica: limitar el calentamiento a alrededor de 1,5 \u00b0C requiere que las emisiones globales de gases de efecto invernadero se reduzcan en un 43 % para 2030.<\/strong><br><br>Aunque muchas empresas y gobiernos han establecido objetivos de cero emisiones netas, el ecosistema regulatorio en evoluci\u00f3n y la creciente presi\u00f3n de los inversores y clientes, combinados con las dificultades organizativas y operativas para medir las emisiones, significa que ahora deben estar completamente equipados para actuar en su contabilidad de carbono.<\/p><\/div><\/div><\/div><\/div><\/section>\n\n\n\n<section class=\"wp-block-cg-blocks-intro-para-video is-style-cg-blue section section--info-2cols section--insights section-video \"><div class=\"bg-color video-align-right\"><div class=\"container\"><div class=\"row video-align-left\"><div class=\"col-md-12\"><div class=\"video-align-left row box box--4 box--mini\"><div class=\"col-md-3\"><h3 class=\"Video-title\" data-maxlength=\"34\">TODO POR CERO<\/h3><div class=\"video-info\"><p data-maxlength=\"68\">Aprovechando Net Zero Intelligence<\/p><\/div><\/div><div class=\"col-md-8 box-img-wrapper\"><div class=\"video-box\"><div class=\"video-wrapper\"><iframe title=\"video-section\" src=\"https:\/\/www.youtube.com\/embed\/U_f8IIJsBYc?rel=0&amp;modestbranding=1&amp;playsinline=1&amp;enablejsapi=1\" frameborder=\"0\" allow=\"accelerometer; autoplay; clipboard-write; encrypted-media; gyroscope; picture-in-picture\" allowfullscreen loading=\"lazy\" referrerpolicy=\"strict-origin-when-cross-origin\"><\/iframe><\/div><\/div><\/div><div class=\"col-md-1\"><\/div><\/div><\/div><\/div><\/div><\/div><\/section>\n\n\n\n<section class=\"wp-block-cg-blocks-group undefined section section--article-content\"><div class=\"article-main-content\"><div class=\"container\"><div class=\"row\"><div class=\"col-12 col-md-11 col-lg-10 offset-md-1 offset-lg-1\"><div class=\"article-text article-quote-text\">\n<h4 class=\"wp-block-heading\" id=\"h-no-puedes-gestionar-lo-que-no-mides\"><strong>No puedes gestionar lo que no mides<\/strong><\/h4>\n\n\n\n<p><strong>Las organizaciones se enfrentan a grandes desaf\u00edos; ya es hora de que midan sus emisiones actuales y el impacto de sus acciones para ajustar su estrategia y planes de cero emisiones netas.<\/strong><\/p>\n\n\n\n<p>Para lograr sus objetivos y proporcionar los puntos de prueba necesarios sobre su desempe\u00f1o ESG, las organizaciones deben dominar los datos provenientes de diferentes fuentes y proveedores y compartirlos en sus funciones comerciales y cadena de valor.<\/p>\n\n\n\n<div style=\"height:50px\" aria-hidden=\"true\" class=\"wp-block-spacer\"><\/div>\n\n\n\n<h4 class=\"wp-block-heading\" id=\"h-la-inteligencia-net-zero-potencia-tu-rendimiento-de-sostenibilidad\"><strong>La inteligencia Net Zero potencia tu rendimiento de sostenibilidad<\/strong><\/h4>\n\n\n\n<p><strong>Comienza la transformaci\u00f3n ahora. Convierte la ambici\u00f3n en una acci\u00f3n. Es hora de subir de nivel.<\/strong><\/p>\n\n\n\n<p>Al actuar sobre la contabilidad del carbono, impulsar\u00e1s la transparencia y la responsabilidad en tus compromisos ESG. Una vez que hayas evaluado tu estado actual, puedes definir tu estrategia; traducir la evaluaci\u00f3n del carbono en informaci\u00f3n tangible para monitorear e informar a escala a trav\u00e9s de la medici\u00f3n industrializada impulsada por nuestros aceleradores y soluciones confiables de datos e inteligencia artificial.<\/p>\n\n\n\n<p>Habilita simulaciones y an\u00e1lisis de sostenibilidad avanzados que brinden informaci\u00f3n centralizada en tiempo real, y formar\u00e1s planes de acci\u00f3n, dando forma a tus aspiraciones de cero emisiones netas en un futuro universal y sostenible para ti y para los dem\u00e1s. <\/p>\n\n\n\n<div style=\"height:50px\" aria-hidden=\"true\" class=\"wp-block-spacer\"><\/div>\n\n\n\n<h4 class=\"wp-block-heading\" id=\"h-actua-sobre-tu-contabilidad-de-carbono-con-data-for-net-zero\"><strong>Act\u00faa sobre tu contabilidad de carbono con Data for Net Zero<\/strong><\/h4>\n\n\n\n<p>Nuestro enfoque es apoyar a las organizaciones en cualquier punto de tu viaje de datos ambientales.<\/p>\n\n\n\n<p>Este enfoque se basa en tu perfil y madurez, y apoyamos a cada CxO para establecer un centro neur\u00e1lgico de inteligencia Net Zero en el cruce de todas las funciones empresariales, convirtiendo tus compromisos clim\u00e1ticos en conocimientos tangibles.<\/p>\n\n\n\n<p>Como parte de nuestro marco de sostenibilidad general, Data for Net Zero utiliza sin problemas la inteligencia de Net Zero para generar resiliencia y reducir los riesgos clim\u00e1ticos y comerciales al abordar tres objetivos principales:<\/p>\n\n\n\n<ul class=\"wp-block-list\">\n<li>Medir para orientar el progreso<\/li>\n\n\n\n<li>Mejorar para reducir el impacto <\/li>\n\n\n\n<li>Anticiparse, ajustar el plan de acci\u00f3n clim\u00e1tica<\/li>\n<\/ul>\n\n\n\n<p>Respaldados por un historial sin igual en estrategia de datos, gobierno, an\u00e1lisis e implementaci\u00f3n de soluciones y plataformas de datos, aprovechamos al m\u00e1ximo los datos para asegurar sus transformaciones netas cero a trav\u00e9s de tres puntos de entrada:<\/p>\n\n\n\n<ul class=\"wp-block-list\">\n<li><strong>Estrategia de datos para Net Zero<\/strong>: integre la visi\u00f3n de datos en la trayectoria general de cero neto<\/li>\n\n\n\n<li><strong>Centro de datos de sostenibilidad<\/strong>: identifique datos operativos y maestros para alimentar el centro de datos, mientras configura la plataforma tecnol\u00f3gica adecuada desde la ingesti\u00f3n de m\u00e9tricas ambientales sin procesar hasta la entrega de an\u00e1lisis sostenibles de alto valor. <\/li>\n\n\n\n<li><strong>Desempe\u00f1o de datos ESG*<\/strong>: industrialice y automatice los informes ESG de acuerdo con los marcos existentes y futuros para cumplir con las regulaciones en evoluci\u00f3n y satisfacer las crecientes expectativas de los inversionistas.<\/li>\n<\/ul>\n<\/div><\/div><\/div><\/div><\/div><\/section>\n","protected":false},"excerpt":{"rendered":"","protected":false},"author":35,"featured_media":15247,"parent":537594,"menu_order":0,"comment_status":"closed","ping_status":"closed","template":"","meta":{"cg_dt_proposed_to":[0],"cg_seo_hreflang_relations":"[]","cg_seo_canonical_relation":"","cg_seo_hreflang_x_default_relation":"{\"uuid\":\"7925b45c-e61a-409e-84f5-a4a2f9d13870\",\"blogId\":\"\",\"domain\":\"\",\"sitePath\":\"\",\"postLink\":\"\",\"postId\":null,\"isSaved\":false,\"isCrossLink\":false,\"hasCrossLink\":false}","cg_dt_approved_content":false,"cg_dt_mandatory_content":false,"cg_dt_notes":"","cg_dg_source_changed":false,"cg_dt_link_disabled":false,"_yoast_wpseo_primary_brand":"","footnotes":"","featured_focal_points":"","partner_card_description":"","gsap_animation":0},"brand":[],"partner_type":[],"service":[170,135],"industry":[],"partners":[],"page-type":[339],"content-group":[],"class_list":["post-5319","page","type-page","status-publish","has-post-thumbnail","hentry","service-data-ai","service-sustainability","page-type-solutions"],"yoast_head":"<!-- This site is optimized with the Yoast SEO Premium plugin v22.8 (Yoast SEO v22.8) - https:\/\/yoast.com\/wordpress\/plugins\/seo\/ -->\n<title>Data for Net Zero | Capgemini<\/title>\n<meta name=\"description\" content=\"Combinamos nuestros servicios integrales en la nube con experiencia en sectores espec\u00edficos, tecnolog\u00edas avanzadas y recursos globales para guiar el viaje al cloud paso a paso\" \/>\n<meta name=\"robots\" content=\"index, follow, max-snippet:-1, max-image-preview:large, max-video-preview:-1\" \/>\n<link rel=\"canonical\" href=\"https:\/\/www.capgemini.com\/es-es\/soluciones\/data-for-net-zero\/\" \/>\n<meta property=\"og:locale\" content=\"es_ES\" \/>\n<meta property=\"og:type\" content=\"article\" \/>\n<meta property=\"og:title\" content=\"Data for Net Zero\" \/>\n<meta property=\"og:description\" content=\"Combinamos nuestros servicios integrales en la nube con experiencia en sectores espec\u00edficos, tecnolog\u00edas avanzadas y recursos globales para guiar el viaje al cloud paso a paso\" \/>\n<meta property=\"og:url\" content=\"https:\/\/www.capgemini.com\/es-es\/soluciones\/data-for-net-zero\/\" \/>\n<meta property=\"og:site_name\" content=\"Capgemini Spain\" \/>\n<meta property=\"article:modified_time\" content=\"2026-01-06T07:35:17+00:00\" \/>\n<meta property=\"og:image\" content=\"https:\/\/www.capgemini.com\/es-es\/wp-content\/uploads\/sites\/16\/2025\/10\/New-Web-preview-global.jpg\" \/>\n\t<meta property=\"og:image:width\" content=\"1200\" \/>\n\t<meta property=\"og:image:height\" content=\"627\" \/>\n\t<meta property=\"og:image:type\" content=\"image\/jpeg\" \/>\n<meta name=\"twitter:card\" content=\"summary_large_image\" \/>\n<meta name=\"twitter:label1\" content=\"Est. reading time\" \/>\n\t<meta name=\"twitter:data1\" content=\"4 minutes\" \/>\n<script type=\"application\/ld+json\" class=\"yoast-schema-graph\">{\"@context\":\"https:\/\/schema.org\",\"@graph\":[{\"@type\":\"WebPage\",\"@id\":\"https:\/\/www.capgemini.com\/es-es\/soluciones\/data-for-net-zero\/\",\"url\":\"https:\/\/www.capgemini.com\/es-es\/soluciones\/data-for-net-zero\/\",\"name\":\"Data for Net Zero | Capgemini\",\"isPartOf\":{\"@id\":\"https:\/\/www.capgemini.com\/es-es\/#website\"},\"primaryImageOfPage\":{\"@id\":\"https:\/\/www.capgemini.com\/es-es\/soluciones\/data-for-net-zero\/#primaryimage\"},\"image\":{\"@id\":\"https:\/\/www.capgemini.com\/es-es\/soluciones\/data-for-net-zero\/#primaryimage\"},\"thumbnailUrl\":\"\",\"datePublished\":\"2022-12-12T13:03:29+00:00\",\"dateModified\":\"2026-01-06T07:35:17+00:00\",\"description\":\"Combinamos nuestros servicios integrales en la nube con experiencia en sectores espec\u00edficos, tecnolog\u00edas avanzadas y recursos globales para guiar el viaje al cloud paso a paso\",\"breadcrumb\":{\"@id\":\"https:\/\/www.capgemini.com\/es-es\/soluciones\/data-for-net-zero\/#breadcrumb\"},\"inLanguage\":\"es-ES\",\"potentialAction\":[{\"@type\":\"ReadAction\",\"target\":[\"https:\/\/www.capgemini.com\/es-es\/soluciones\/data-for-net-zero\/\"]}]},{\"@type\":\"ImageObject\",\"inLanguage\":\"es-ES\",\"@id\":\"https:\/\/www.capgemini.com\/es-es\/soluciones\/data-for-net-zero\/#primaryimage\",\"url\":\"\",\"contentUrl\":\"\"},{\"@type\":\"BreadcrumbList\",\"@id\":\"https:\/\/www.capgemini.com\/es-es\/soluciones\/data-for-net-zero\/#breadcrumb\",\"itemListElement\":[{\"@type\":\"ListItem\",\"position\":1,\"name\":\"Home\",\"item\":\"https:\/\/www.capgemini.com\/es-es\/\"},{\"@type\":\"ListItem\",\"position\":2,\"name\":\"Soluciones\",\"item\":\"https:\/\/www.capgemini.com\/es-es\/soluciones\/\"},{\"@type\":\"ListItem\",\"position\":3,\"name\":\"Data for Net Zero\"}]},{\"@type\":\"WebSite\",\"@id\":\"https:\/\/www.capgemini.com\/es-es\/#website\",\"url\":\"https:\/\/www.capgemini.com\/es-es\/\",\"name\":\"Capgemini Espa\u00f1a\",\"description\":\"Capgemini\",\"potentialAction\":[{\"@type\":\"SearchAction\",\"target\":{\"@type\":\"EntryPoint\",\"urlTemplate\":\"https:\/\/www.capgemini.com\/es-es\/?s={search_term_string}\"},\"query-input\":\"required name=search_term_string\"}],\"inLanguage\":\"es-ES\"}]}<\/script>\n<!-- \/ Yoast SEO Premium plugin. -->","yoast_head_json":{"title":"Data for Net Zero | Capgemini","description":"Combinamos nuestros servicios integrales en la nube con experiencia en sectores espec\u00edficos, tecnolog\u00edas avanzadas y recursos globales para guiar el viaje al cloud paso a paso","robots":{"index":"index","follow":"follow","max-snippet":"max-snippet:-1","max-image-preview":"max-image-preview:large","max-video-preview":"max-video-preview:-1"},"canonical":"https:\/\/www.capgemini.com\/es-es\/soluciones\/data-for-net-zero\/","og_locale":"es_ES","og_type":"article","og_title":"Data for Net Zero","og_description":"Combinamos nuestros servicios integrales en la nube con experiencia en sectores espec\u00edficos, tecnolog\u00edas avanzadas y recursos globales para guiar el viaje al cloud paso a paso","og_url":"https:\/\/www.capgemini.com\/es-es\/soluciones\/data-for-net-zero\/","og_site_name":"Capgemini Spain","article_modified_time":"2026-01-06T07:35:17+00:00","og_image":[{"width":1200,"height":627,"url":"https:\/\/www.capgemini.com\/es-es\/wp-content\/uploads\/sites\/16\/2025\/10\/New-Web-preview-global.jpg","type":"image\/jpeg"}],"twitter_card":"summary_large_image","twitter_misc":{"Est. reading time":"4 minutes"},"schema":{"@context":"https:\/\/schema.org","@graph":[{"@type":"WebPage","@id":"https:\/\/www.capgemini.com\/es-es\/soluciones\/data-for-net-zero\/","url":"https:\/\/www.capgemini.com\/es-es\/soluciones\/data-for-net-zero\/","name":"Data for Net Zero | Capgemini","isPartOf":{"@id":"https:\/\/www.capgemini.com\/es-es\/#website"},"primaryImageOfPage":{"@id":"https:\/\/www.capgemini.com\/es-es\/soluciones\/data-for-net-zero\/#primaryimage"},"image":{"@id":"https:\/\/www.capgemini.com\/es-es\/soluciones\/data-for-net-zero\/#primaryimage"},"thumbnailUrl":"","datePublished":"2022-12-12T13:03:29+00:00","dateModified":"2026-01-06T07:35:17+00:00","description":"Combinamos nuestros servicios integrales en la nube con experiencia en sectores espec\u00edficos, tecnolog\u00edas avanzadas y recursos globales para guiar el viaje al cloud paso a paso","breadcrumb":{"@id":"https:\/\/www.capgemini.com\/es-es\/soluciones\/data-for-net-zero\/#breadcrumb"},"inLanguage":"es-ES","potentialAction":[{"@type":"ReadAction","target":["https:\/\/www.capgemini.com\/es-es\/soluciones\/data-for-net-zero\/"]}]},{"@type":"ImageObject","inLanguage":"es-ES","@id":"https:\/\/www.capgemini.com\/es-es\/soluciones\/data-for-net-zero\/#primaryimage","url":"","contentUrl":""},{"@type":"BreadcrumbList","@id":"https:\/\/www.capgemini.com\/es-es\/soluciones\/data-for-net-zero\/#breadcrumb","itemListElement":[{"@type":"ListItem","position":1,"name":"Home","item":"https:\/\/www.capgemini.com\/es-es\/"},{"@type":"ListItem","position":2,"name":"Soluciones","item":"https:\/\/www.capgemini.com\/es-es\/soluciones\/"},{"@type":"ListItem","position":3,"name":"Data for Net Zero"}]},{"@type":"WebSite","@id":"https:\/\/www.capgemini.com\/es-es\/#website","url":"https:\/\/www.capgemini.com\/es-es\/","name":"Capgemini Espa\u00f1a","description":"Capgemini","potentialAction":[{"@type":"SearchAction","target":{"@type":"EntryPoint","urlTemplate":"https:\/\/www.capgemini.com\/es-es\/?s={search_term_string}"},"query-input":"required name=search_term_string"}],"inLanguage":"es-ES"}]}},"brand_term":[],"parsely":{"version":"1.1.0","canonical_url":"https:\/\/capgemini.com\/es-es\/soluciones\/data-for-net-zero\/","smart_links":{"inbound":0,"outbound":0},"traffic_boost_suggestions_count":0,"meta":{"@context":"https:\/\/schema.org","@type":"WebPage","headline":"Data for Net Zero","url":"https:\/\/www.capgemini.com\/es-es\/soluciones\/data-for-net-zero\/","mainEntityOfPage":{"@type":"WebPage","@id":"https:\/\/www.capgemini.com\/es-es\/soluciones\/data-for-net-zero\/"},"thumbnailUrl":"","image":{"@type":"ImageObject","url":""},"articleSection":"Uncategorized","author":[],"creator":[],"publisher":{"@type":"Organization","name":"Capgemini Spain","logo":""},"keywords":[],"dateCreated":"2022-12-12T13:03:29Z","datePublished":"2022-12-12T13:03:29Z","dateModified":"2026-01-06T07:35:17Z"},"rendered":"<meta name=\"parsely-title\" content=\"Data for Net Zero\" \/>\n<meta name=\"parsely-link\" content=\"https:\/\/www.capgemini.com\/es-es\/soluciones\/data-for-net-zero\/\" \/>\n<meta name=\"parsely-type\" content=\"index\" \/>\n<meta name=\"parsely-pub-date\" content=\"2022-12-12T13:03:29Z\" \/>\n<meta name=\"parsely-section\" content=\"Uncategorized\" \/>","tracker_url":"https:\/\/cdn.parsely.com\/keys\/capgemini.com\/p.js"},"archive_status":false,"featured_image_src":"https:\/\/www.capgemini.com\/es-es\/wp-content\/themes\/capgemini2025\/assets\/images\/mockup.png","featured_image_alt":"","jetpack_sharing_enabled":true,"distributor_meta":false,"distributor_terms":false,"distributor_media":false,"distributor_original_site_name":"Capgemini Spain","distributor_original_site_url":"https:\/\/www.capgemini.com\/es-es","push-errors":false,"_links":{"self":[{"href":"https:\/\/www.capgemini.com\/es-es\/wp-json\/wp\/v2\/pages\/5319","targetHints":{"allow":["GET"]}}],"collection":[{"href":"https:\/\/www.capgemini.com\/es-es\/wp-json\/wp\/v2\/pages"}],"about":[{"href":"https:\/\/www.capgemini.com\/es-es\/wp-json\/wp\/v2\/types\/page"}],"author":[{"embeddable":true,"href":"https:\/\/www.capgemini.com\/es-es\/wp-json\/wp\/v2\/users\/35"}],"replies":[{"embeddable":true,"href":"https:\/\/www.capgemini.com\/es-es\/wp-json\/wp\/v2\/comments?post=5319"}],"version-history":[{"count":7,"href":"https:\/\/www.capgemini.com\/es-es\/wp-json\/wp\/v2\/pages\/5319\/revisions"}],"predecessor-version":[{"id":577959,"href":"https:\/\/www.capgemini.com\/es-es\/wp-json\/wp\/v2\/pages\/5319\/revisions\/577959"}],"up":[{"embeddable":true,"href":"https:\/\/www.capgemini.com\/es-es\/wp-json\/wp\/v2\/pages\/537594"}],"wp:featuredmedia":[{"embeddable":true,"href":"https:\/\/www.capgemini.com\/es-es\/wp-json\/"}],"wp:attachment":[{"href":"https:\/\/www.capgemini.com\/es-es\/wp-json\/wp\/v2\/media?parent=5319"}],"wp:term":[{"taxonomy":"brand","embeddable":true,"href":"https:\/\/www.capgemini.com\/es-es\/wp-json\/wp\/v2\/brand?post=5319"},{"taxonomy":"partner_type","embeddable":true,"href":"https:\/\/www.capgemini.com\/es-es\/wp-json\/wp\/v2\/partner_type?post=5319"},{"taxonomy":"service","embeddable":true,"href":"https:\/\/www.capgemini.com\/es-es\/wp-json\/wp\/v2\/service?post=5319"},{"taxonomy":"industry","embeddable":true,"href":"https:\/\/www.capgemini.com\/es-es\/wp-json\/wp\/v2\/industry?post=5319"},{"taxonomy":"partners","embeddable":true,"href":"https:\/\/www.capgemini.com\/es-es\/wp-json\/wp\/v2\/partners?post=5319"},{"taxonomy":"page-type","embeddable":true,"href":"https:\/\/www.capgemini.com\/es-es\/wp-json\/wp\/v2\/page-type?post=5319"},{"taxonomy":"content-group","embeddable":true,"href":"https:\/\/www.capgemini.com\/es-es\/wp-json\/wp\/v2\/content-group?post=5319"}],"curies":[{"name":"wp","href":"https:\/\/api.w.org\/{rel}","templated":true}]}}