{"id":5305,"date":"2022-12-22T12:11:06","date_gmt":"2022-12-22T12:11:06","guid":{"rendered":"https:\/\/www.capgemini.com\/?page_id=713299"},"modified":"2026-01-06T08:28:54","modified_gmt":"2026-01-06T07:28:54","slug":"servicios-de-adquisicion-cognitiva","status":"publish","type":"page","link":"https:\/\/www.capgemini.com\/es-es\/soluciones\/servicios-de-adquisicion-cognitiva\/","title":{"rendered":"Servicios de adquisici\u00f3n cognitiva"},"content":{"rendered":"\n<header class=\"wp-block-cg-blocks-hero-reusable header heroReusable  \"><div class=\"header-bgs\"><picture><source srcset=\"https:\/\/www.capgemini.com\/wp-content\/uploads\/2022\/05\/Cognitive-Procurement-Services-web-banner.jpg?w=2880&amp;quality=70 1x, https:\/\/www.capgemini.com\/wp-content\/uploads\/2022\/05\/Cognitive-Procurement-Services-web-banner.jpg?w=2880&amp;quality=70 2x\" media=\"(min-width: 1500px)\"\/><source srcset=\"https:\/\/www.capgemini.com\/wp-content\/uploads\/2022\/05\/Cognitive-Procurement-Services-web-banner.jpg?w=1440&amp;quality=70 1x, https:\/\/www.capgemini.com\/wp-content\/uploads\/2022\/05\/Cognitive-Procurement-Services-web-banner.jpg?w=2880&amp;quality=70 2x\" media=\"(min-width: 992px)\"\/><source srcset=\"https:\/\/www.capgemini.com\/wp-content\/uploads\/2022\/05\/Cognitive-Procurement-Services-web-banner.jpg?w=1024&amp;quality=70 1x, https:\/\/www.capgemini.com\/wp-content\/uploads\/2022\/05\/Cognitive-Procurement-Services-web-banner.jpg?w=1024&amp;quality=70 2x\" media=\"(min-width: 768px)\"\/><source srcset=\"https:\/\/www.capgemini.com\/wp-content\/uploads\/2022\/05\/Cognitive-Procurement-Services-web-banner.jpg?w=768&amp;quality=70 1x, https:\/\/www.capgemini.com\/wp-content\/uploads\/2022\/05\/Cognitive-Procurement-Services-web-banner.jpg?w=768&amp;quality=70 2x\" media=\"(min-width: 0)\"\/><img decoding=\"async\" src=\"https:\/\/www.capgemini.com\/wp-content\/uploads\/2022\/05\/Cognitive-Procurement-Services-web-banner.jpg\" class=\"header-img header-img-d\" alt=\"\" style=\"object-fit:cover;object-position:49% 44%\" loading=\"eager\"\/><\/picture><\/div><div class=\"heroPictureCardHeaderShape\"><\/div><div class=\"container\"><div class=\"row\"><div class=\"col-md-12\"><div class=\"box\"><div class=\"boxTagWrapper\"><div class=\"tagInfo\"><div><span class=\"box-tag\">Operaciones de negocio inteligente<\/span><\/div><\/div><\/div><div class=\"box-title\"><h1 data-maxlength=\"34\">Servicios de adquisici\u00f3n cognitiva<\/h1><\/div><div class=\"inner-row-insight download-btn\"><div class=\"col-md-4 downloadFiles addPadding\"><a class=\"button-download--small\" type=\"download\" href=\"https:\/\/www.capgemini.com\/wp-content\/uploads\/2022\/04\/Cognitive-Procurement-Services-CPS.pdf\" target=\"_blank\" rel=\"noopener noreferrer\" title=\"abrir en una nueva ventana\"><span>Download brochure<\/span><span class=\"type\">943 KB pdf<\/span><\/a><\/div><\/div><\/div><\/div><\/div><\/div><\/header>\n\n\n\n<section class=\"wp-block-cg-blocks-intro-para undefined section section--intro\"><div class=\"intro-para\"><div class=\"container\"><div class=\"row\"><div class=\"col-12 col-md-1\"><nav class=\"article-social\"><ul class=\"social-nav\"><li class=\"ip-order-fb\"><a href=\"https:\/\/www.facebook.com\/sharer\/sharer.php?u=https:\/\/www.capgemini.com\/es-es\/soluciones\/servicios-de-adquisicion-cognitiva\/\" target=\"_blank\" rel=\"noopener noreferrer\" title=\"abrir en una nueva ventana\"><i aria-hidden=\"true\" class=\"icon-fb\"><\/i><span class=\"sr-only\">Facebook<\/span><\/a><\/li><li class=\"ip-order-li\"><a href=\"https:\/\/www.linkedin.com\/sharing\/share-offsite\/?url=https:\/\/www.capgemini.com\/es-es\/soluciones\/servicios-de-adquisicion-cognitiva\/\" target=\"_blank\" rel=\"noopener noreferrer\" title=\"abrir en una nueva ventana\"><i aria-hidden=\"true\" class=\"icon-li\"><\/i><span class=\"sr-only\">Linkedin<\/span><\/a><\/li><\/ul><\/nav><\/div><div class=\"col-12 col-md-11 col-lg-10\"><h2 class=\"intro-para-title\">Dise\u00f1e, implemente y opere un modelo operativo de adquisiciones habilitado digitalmente que aproveche su inversi\u00f3n en tecnolog\u00eda para impulsar el valor de negocio.<\/h2><\/div><\/div><\/div><\/div><\/section>\n\n\n\n<section class=\"wp-block-cg-blocks-intro-para-video is-style-cg-blue section section--info-2cols section--insights section-video \"><div class=\"bg-color video-align-left\"><div class=\"container\"><div class=\"row video-align-right\"><div class=\"col-md-12\"><div class=\"video-align-right row box box--4 box--mini\"><div class=\"col-md-1\"><\/div><div class=\"col-md-8 box-img-wrapper\"><div class=\"video-box\"><div class=\"video-wrapper\"><iframe title=\"video-section\" src=\"https:\/\/www.youtube.com\/embed\/eQrPsoww0Pw?rel=0&amp;modestbranding=1&amp;playsinline=1&amp;enablejsapi=1\" frameborder=\"0\" allow=\"accelerometer; autoplay; clipboard-write; encrypted-media; gyroscope; picture-in-picture\" allowfullscreen loading=\"lazy\" referrerpolicy=\"strict-origin-when-cross-origin\"><\/iframe><\/div><\/div><\/div><div class=\"col-md-3\"><h3 class=\"Video-title\" data-maxlength=\"34\">Adquisici\u00f3n cognitiva<\/h3><div class=\"video-info\"><p data-maxlength=\"68\">Transformamos las compras en un habilitador de crecimiento tangible.<\/p><\/div><\/div><div class=\"col-md-1\"><\/div><\/div><\/div><\/div><\/div><\/div><\/section>\n\n\n\n<section class=\"wp-block-cg-blocks-group undefined section section--article-content\"><div class=\"article-main-content\"><div class=\"container\"><div class=\"row\"><div class=\"col-12 col-md-11 col-lg-10 offset-md-1 offset-lg-1\"><div class=\"article-text article-quote-text\">\n<h4 class=\"wp-block-heading\" id=\"h-redefina-sus-compras-con-un-crecimiento-que-impulsae-el-valor-empresarial\"><strong>Redefina sus compras con un crecimiento que impulsae el valor empresarial<\/strong><\/h4>\n\n\n\n<p>Los servicios de adquisici\u00f3n cognitiva de Capgemini ayudar\u00e1n a su organizaci\u00f3n a dise\u00f1ar, implementar y operar un modelo operativo habilitado digitalmente que capitaliza su inversi\u00f3n en tecnolog\u00eda para generar valor empresarial:<\/p>\n\n\n\n<ul class=\"wp-block-list\">\n<li>Cumplimiento mejorado y mitigaci\u00f3n de riesgos<\/li>\n\n\n\n<li>Productividad incrementada<\/li>\n\n\n\n<li>Transparencia y conocimientos mejorados<\/li>\n\n\n\n<li>Aumento de la velocidad de valor.<\/li>\n<\/ul>\n\n\n\n<div class=\"wp-block-buttons is-layout-flex wp-block-buttons-is-layout-flex\">\n<div class=\"wp-block-button is-style-outline is-style-outline--1\"><a class=\"wp-block-button__link wp-element-button\" href=\"https:\/\/www.capgemini.com\/wp-content\/uploads\/2022\/04\/Cognitive-Procurement-Services-CPS.pdf\" target=\"_blank\" rel=\"noreferrer noopener\">Descarga nuestro folleto.<\/a><\/div>\n<\/div>\n<\/div><\/div><\/div><\/div><\/div><\/section>\n","protected":false},"excerpt":{"rendered":"<p>Redefine procurement as a growth enabler that drives business value<\/p>\n","protected":false},"author":35,"featured_media":12141,"parent":537594,"menu_order":0,"comment_status":"closed","ping_status":"closed","template":"","meta":{"cg_dt_proposed_to":[0],"cg_seo_hreflang_relations":"[]","cg_seo_canonical_relation":"","cg_seo_hreflang_x_default_relation":"","cg_dt_approved_content":false,"cg_dt_mandatory_content":false,"cg_dt_notes":"","cg_dg_source_changed":false,"cg_dt_link_disabled":false,"_yoast_wpseo_primary_brand":"","footnotes":"","featured_focal_points":"","partner_card_description":"","gsap_animation":0},"brand":[],"partner_type":[],"service":[160],"industry":[],"partners":[],"page-type":[339],"content-group":[],"class_list":["post-5305","page","type-page","status-publish","has-post-thumbnail","hentry","service-intelligent-business-operations","page-type-solutions"],"yoast_head":"<!-- This site is optimized with the Yoast SEO Premium plugin v22.8 (Yoast SEO v22.8) - https:\/\/yoast.com\/wordpress\/plugins\/seo\/ -->\n<title>Servicios de adquisici\u00f3n cognitiva | Capgemini<\/title>\n<meta name=\"description\" content=\"Adquisici\u00f3n cognitiva: de la necesidad empresarial al valor estrat\u00e9gico\" \/>\n<meta name=\"robots\" content=\"index, follow, max-snippet:-1, max-image-preview:large, max-video-preview:-1\" \/>\n<link rel=\"canonical\" href=\"https:\/\/www.capgemini.com\/es-es\/soluciones\/servicios-de-adquisicion-cognitiva\/\" \/>\n<meta property=\"og:locale\" content=\"es_ES\" \/>\n<meta property=\"og:type\" content=\"article\" \/>\n<meta property=\"og:title\" content=\"Servicios de adquisici\u00f3n cognitiva\" \/>\n<meta property=\"og:description\" content=\"Adquisici\u00f3n cognitiva: de la necesidad empresarial al valor estrat\u00e9gico\" \/>\n<meta property=\"og:url\" content=\"https:\/\/www.capgemini.com\/es-es\/soluciones\/servicios-de-adquisicion-cognitiva\/\" \/>\n<meta property=\"og:site_name\" content=\"Capgemini Spain\" \/>\n<meta property=\"article:modified_time\" content=\"2026-01-06T07:28:54+00:00\" \/>\n<meta property=\"og:image\" content=\"https:\/\/www.capgemini.com\/es-es\/wp-content\/uploads\/sites\/16\/2025\/10\/New-Web-preview-global.jpg\" \/>\n\t<meta property=\"og:image:width\" content=\"1200\" \/>\n\t<meta property=\"og:image:height\" content=\"627\" \/>\n\t<meta property=\"og:image:type\" content=\"image\/jpeg\" \/>\n<meta name=\"twitter:card\" content=\"summary_large_image\" \/>\n<meta name=\"twitter:label1\" content=\"Est. reading time\" \/>\n\t<meta name=\"twitter:data1\" content=\"1 minute\" \/>\n<script type=\"application\/ld+json\" class=\"yoast-schema-graph\">{\"@context\":\"https:\/\/schema.org\",\"@graph\":[{\"@type\":\"WebPage\",\"@id\":\"https:\/\/www.capgemini.com\/es-es\/soluciones\/servicios-de-adquisicion-cognitiva\/\",\"url\":\"https:\/\/www.capgemini.com\/es-es\/soluciones\/servicios-de-adquisicion-cognitiva\/\",\"name\":\"Servicios de adquisici\u00f3n cognitiva | Capgemini\",\"isPartOf\":{\"@id\":\"https:\/\/www.capgemini.com\/es-es\/#website\"},\"primaryImageOfPage\":{\"@id\":\"https:\/\/www.capgemini.com\/es-es\/soluciones\/servicios-de-adquisicion-cognitiva\/#primaryimage\"},\"image\":{\"@id\":\"https:\/\/www.capgemini.com\/es-es\/soluciones\/servicios-de-adquisicion-cognitiva\/#primaryimage\"},\"thumbnailUrl\":\"\",\"datePublished\":\"2022-12-22T12:11:06+00:00\",\"dateModified\":\"2026-01-06T07:28:54+00:00\",\"description\":\"Adquisici\u00f3n cognitiva: de la necesidad empresarial al valor estrat\u00e9gico\",\"breadcrumb\":{\"@id\":\"https:\/\/www.capgemini.com\/es-es\/soluciones\/servicios-de-adquisicion-cognitiva\/#breadcrumb\"},\"inLanguage\":\"es-ES\",\"potentialAction\":[{\"@type\":\"ReadAction\",\"target\":[\"https:\/\/www.capgemini.com\/es-es\/soluciones\/servicios-de-adquisicion-cognitiva\/\"]}]},{\"@type\":\"ImageObject\",\"inLanguage\":\"es-ES\",\"@id\":\"https:\/\/www.capgemini.com\/es-es\/soluciones\/servicios-de-adquisicion-cognitiva\/#primaryimage\",\"url\":\"\",\"contentUrl\":\"\"},{\"@type\":\"BreadcrumbList\",\"@id\":\"https:\/\/www.capgemini.com\/es-es\/soluciones\/servicios-de-adquisicion-cognitiva\/#breadcrumb\",\"itemListElement\":[{\"@type\":\"ListItem\",\"position\":1,\"name\":\"Home\",\"item\":\"https:\/\/www.capgemini.com\/es-es\/\"},{\"@type\":\"ListItem\",\"position\":2,\"name\":\"Soluciones\",\"item\":\"https:\/\/www.capgemini.com\/es-es\/soluciones\/\"},{\"@type\":\"ListItem\",\"position\":3,\"name\":\"Servicios de adquisici\u00f3n cognitiva\"}]},{\"@type\":\"WebSite\",\"@id\":\"https:\/\/www.capgemini.com\/es-es\/#website\",\"url\":\"https:\/\/www.capgemini.com\/es-es\/\",\"name\":\"Capgemini Espa\u00f1a\",\"description\":\"Capgemini\",\"potentialAction\":[{\"@type\":\"SearchAction\",\"target\":{\"@type\":\"EntryPoint\",\"urlTemplate\":\"https:\/\/www.capgemini.com\/es-es\/?s={search_term_string}\"},\"query-input\":\"required name=search_term_string\"}],\"inLanguage\":\"es-ES\"}]}<\/script>\n<!-- \/ Yoast SEO Premium plugin. -->","yoast_head_json":{"title":"Servicios de adquisici\u00f3n cognitiva | Capgemini","description":"Adquisici\u00f3n cognitiva: de la necesidad empresarial al valor estrat\u00e9gico","robots":{"index":"index","follow":"follow","max-snippet":"max-snippet:-1","max-image-preview":"max-image-preview:large","max-video-preview":"max-video-preview:-1"},"canonical":"https:\/\/www.capgemini.com\/es-es\/soluciones\/servicios-de-adquisicion-cognitiva\/","og_locale":"es_ES","og_type":"article","og_title":"Servicios de adquisici\u00f3n cognitiva","og_description":"Adquisici\u00f3n cognitiva: de la necesidad empresarial al valor estrat\u00e9gico","og_url":"https:\/\/www.capgemini.com\/es-es\/soluciones\/servicios-de-adquisicion-cognitiva\/","og_site_name":"Capgemini Spain","article_modified_time":"2026-01-06T07:28:54+00:00","og_image":[{"width":1200,"height":627,"url":"https:\/\/www.capgemini.com\/es-es\/wp-content\/uploads\/sites\/16\/2025\/10\/New-Web-preview-global.jpg","type":"image\/jpeg"}],"twitter_card":"summary_large_image","twitter_misc":{"Est. reading time":"1 minute"},"schema":{"@context":"https:\/\/schema.org","@graph":[{"@type":"WebPage","@id":"https:\/\/www.capgemini.com\/es-es\/soluciones\/servicios-de-adquisicion-cognitiva\/","url":"https:\/\/www.capgemini.com\/es-es\/soluciones\/servicios-de-adquisicion-cognitiva\/","name":"Servicios de adquisici\u00f3n cognitiva | Capgemini","isPartOf":{"@id":"https:\/\/www.capgemini.com\/es-es\/#website"},"primaryImageOfPage":{"@id":"https:\/\/www.capgemini.com\/es-es\/soluciones\/servicios-de-adquisicion-cognitiva\/#primaryimage"},"image":{"@id":"https:\/\/www.capgemini.com\/es-es\/soluciones\/servicios-de-adquisicion-cognitiva\/#primaryimage"},"thumbnailUrl":"","datePublished":"2022-12-22T12:11:06+00:00","dateModified":"2026-01-06T07:28:54+00:00","description":"Adquisici\u00f3n cognitiva: de la necesidad empresarial al valor estrat\u00e9gico","breadcrumb":{"@id":"https:\/\/www.capgemini.com\/es-es\/soluciones\/servicios-de-adquisicion-cognitiva\/#breadcrumb"},"inLanguage":"es-ES","potentialAction":[{"@type":"ReadAction","target":["https:\/\/www.capgemini.com\/es-es\/soluciones\/servicios-de-adquisicion-cognitiva\/"]}]},{"@type":"ImageObject","inLanguage":"es-ES","@id":"https:\/\/www.capgemini.com\/es-es\/soluciones\/servicios-de-adquisicion-cognitiva\/#primaryimage","url":"","contentUrl":""},{"@type":"BreadcrumbList","@id":"https:\/\/www.capgemini.com\/es-es\/soluciones\/servicios-de-adquisicion-cognitiva\/#breadcrumb","itemListElement":[{"@type":"ListItem","position":1,"name":"Home","item":"https:\/\/www.capgemini.com\/es-es\/"},{"@type":"ListItem","position":2,"name":"Soluciones","item":"https:\/\/www.capgemini.com\/es-es\/soluciones\/"},{"@type":"ListItem","position":3,"name":"Servicios de adquisici\u00f3n cognitiva"}]},{"@type":"WebSite","@id":"https:\/\/www.capgemini.com\/es-es\/#website","url":"https:\/\/www.capgemini.com\/es-es\/","name":"Capgemini Espa\u00f1a","description":"Capgemini","potentialAction":[{"@type":"SearchAction","target":{"@type":"EntryPoint","urlTemplate":"https:\/\/www.capgemini.com\/es-es\/?s={search_term_string}"},"query-input":"required name=search_term_string"}],"inLanguage":"es-ES"}]}},"brand_term":[],"parsely":{"version":"1.1.0","canonical_url":"https:\/\/capgemini.com\/es-es\/soluciones\/servicios-de-adquisicion-cognitiva\/","smart_links":{"inbound":0,"outbound":0},"traffic_boost_suggestions_count":0,"meta":{"@context":"https:\/\/schema.org","@type":"WebPage","headline":"Servicios de adquisici\u00f3n cognitiva","url":"https:\/\/www.capgemini.com\/es-es\/soluciones\/servicios-de-adquisicion-cognitiva\/","mainEntityOfPage":{"@type":"WebPage","@id":"https:\/\/www.capgemini.com\/es-es\/soluciones\/servicios-de-adquisicion-cognitiva\/"},"thumbnailUrl":"","image":{"@type":"ImageObject","url":""},"articleSection":"Uncategorized","author":[],"creator":[],"publisher":{"@type":"Organization","name":"Capgemini Spain","logo":""},"keywords":[],"dateCreated":"2022-12-22T12:11:06Z","datePublished":"2022-12-22T12:11:06Z","dateModified":"2026-01-06T07:28:54Z"},"rendered":"<meta name=\"parsely-title\" content=\"Servicios de adquisici\u00f3n cognitiva\" \/>\n<meta name=\"parsely-link\" content=\"https:\/\/www.capgemini.com\/es-es\/soluciones\/servicios-de-adquisicion-cognitiva\/\" \/>\n<meta name=\"parsely-type\" content=\"index\" \/>\n<meta name=\"parsely-pub-date\" content=\"2022-12-22T12:11:06Z\" \/>\n<meta name=\"parsely-section\" content=\"Uncategorized\" \/>","tracker_url":"https:\/\/cdn.parsely.com\/keys\/capgemini.com\/p.js"},"archive_status":false,"featured_image_src":"https:\/\/www.capgemini.com\/es-es\/wp-content\/themes\/capgemini2025\/assets\/images\/mockup.png","featured_image_alt":"","jetpack_sharing_enabled":true,"distributor_meta":false,"distributor_terms":false,"distributor_media":false,"distributor_original_site_name":"Capgemini Spain","distributor_original_site_url":"https:\/\/www.capgemini.com\/es-es","push-errors":false,"_links":{"self":[{"href":"https:\/\/www.capgemini.com\/es-es\/wp-json\/wp\/v2\/pages\/5305","targetHints":{"allow":["GET"]}}],"collection":[{"href":"https:\/\/www.capgemini.com\/es-es\/wp-json\/wp\/v2\/pages"}],"about":[{"href":"https:\/\/www.capgemini.com\/es-es\/wp-json\/wp\/v2\/types\/page"}],"author":[{"embeddable":true,"href":"https:\/\/www.capgemini.com\/es-es\/wp-json\/wp\/v2\/users\/35"}],"replies":[{"embeddable":true,"href":"https:\/\/www.capgemini.com\/es-es\/wp-json\/wp\/v2\/comments?post=5305"}],"version-history":[{"count":3,"href":"https:\/\/www.capgemini.com\/es-es\/wp-json\/wp\/v2\/pages\/5305\/revisions"}],"predecessor-version":[{"id":577947,"href":"https:\/\/www.capgemini.com\/es-es\/wp-json\/wp\/v2\/pages\/5305\/revisions\/577947"}],"up":[{"embeddable":true,"href":"https:\/\/www.capgemini.com\/es-es\/wp-json\/wp\/v2\/pages\/537594"}],"wp:featuredmedia":[{"embeddable":true,"href":"https:\/\/www.capgemini.com\/es-es\/wp-json\/"}],"wp:attachment":[{"href":"https:\/\/www.capgemini.com\/es-es\/wp-json\/wp\/v2\/media?parent=5305"}],"wp:term":[{"taxonomy":"brand","embeddable":true,"href":"https:\/\/www.capgemini.com\/es-es\/wp-json\/wp\/v2\/brand?post=5305"},{"taxonomy":"partner_type","embeddable":true,"href":"https:\/\/www.capgemini.com\/es-es\/wp-json\/wp\/v2\/partner_type?post=5305"},{"taxonomy":"service","embeddable":true,"href":"https:\/\/www.capgemini.com\/es-es\/wp-json\/wp\/v2\/service?post=5305"},{"taxonomy":"industry","embeddable":true,"href":"https:\/\/www.capgemini.com\/es-es\/wp-json\/wp\/v2\/industry?post=5305"},{"taxonomy":"partners","embeddable":true,"href":"https:\/\/www.capgemini.com\/es-es\/wp-json\/wp\/v2\/partners?post=5305"},{"taxonomy":"page-type","embeddable":true,"href":"https:\/\/www.capgemini.com\/es-es\/wp-json\/wp\/v2\/page-type?post=5305"},{"taxonomy":"content-group","embeddable":true,"href":"https:\/\/www.capgemini.com\/es-es\/wp-json\/wp\/v2\/content-group?post=5305"}],"curies":[{"name":"wp","href":"https:\/\/api.w.org\/{rel}","templated":true}]}}