{"id":5265,"date":"2022-12-24T04:57:50","date_gmt":"2022-12-24T04:57:50","guid":{"rendered":"https:\/\/www.capgemini.com\/?page_id=772328"},"modified":"2026-01-06T08:27:15","modified_gmt":"2026-01-06T07:27:15","slug":"operaciones-cliente-inteligentes-salud-enfoque-ciencias-vida-tecnologia-medica","status":"publish","type":"page","link":"https:\/\/www.capgemini.com\/es-es\/soluciones\/operaciones-cliente-inteligentes-salud-enfoque-ciencias-vida-tecnologia-medica\/","title":{"rendered":"Operaciones de cliente inteligentes para la salud"},"content":{"rendered":"\n<header class=\"wp-block-cg-blocks-hero-reusable header heroReusable  \"><div class=\"header-bgs\"><picture><source srcset=\"https:\/\/www.capgemini.com\/wp-content\/uploads\/2022\/07\/Intelligent-Customer-Operations-for-Healthcare-Life-Sciences-and-Med-Tech-focus.jpg?w=2880&amp;quality=70 1x, https:\/\/www.capgemini.com\/wp-content\/uploads\/2022\/07\/Intelligent-Customer-Operations-for-Healthcare-Life-Sciences-and-Med-Tech-focus.jpg?w=2880&amp;quality=70 2x\" media=\"(min-width: 1500px)\"\/><source srcset=\"https:\/\/www.capgemini.com\/wp-content\/uploads\/2022\/07\/Intelligent-Customer-Operations-for-Healthcare-Life-Sciences-and-Med-Tech-focus.jpg?w=1440&amp;quality=70 1x, https:\/\/www.capgemini.com\/wp-content\/uploads\/2022\/07\/Intelligent-Customer-Operations-for-Healthcare-Life-Sciences-and-Med-Tech-focus.jpg?w=2880&amp;quality=70 2x\" media=\"(min-width: 992px)\"\/><source srcset=\"https:\/\/www.capgemini.com\/wp-content\/uploads\/2022\/07\/Intelligent-Customer-Operations-for-Healthcare-Life-Sciences-and-Med-Tech-focus.jpg?w=1024&amp;quality=70 1x, https:\/\/www.capgemini.com\/wp-content\/uploads\/2022\/07\/Intelligent-Customer-Operations-for-Healthcare-Life-Sciences-and-Med-Tech-focus.jpg?w=1024&amp;quality=70 2x\" media=\"(min-width: 768px)\"\/><source srcset=\"https:\/\/www.capgemini.com\/wp-content\/uploads\/2022\/07\/Intelligent-Customer-Operations-for-Healthcare-Life-Sciences-and-Med-Tech-focus.jpg?w=768&amp;quality=70 1x, https:\/\/www.capgemini.com\/wp-content\/uploads\/2022\/07\/Intelligent-Customer-Operations-for-Healthcare-Life-Sciences-and-Med-Tech-focus.jpg?w=768&amp;quality=70 2x\" media=\"(min-width: 0)\"\/><img decoding=\"async\" src=\"https:\/\/www.capgemini.com\/wp-content\/uploads\/2022\/07\/Intelligent-Customer-Operations-for-Healthcare-Life-Sciences-and-Med-Tech-focus.jpg\" class=\"header-img header-img-d\" alt=\"\" style=\"object-fit:cover;object-position:50% 50%\" loading=\"eager\"\/><\/picture><\/div><div class=\"heroPictureCardHeaderShape\"><\/div><div class=\"container\"><div class=\"row\"><div class=\"col-md-12\"><div class=\"box\"><div class=\"boxTagWrapper\"><div class=\"tagInfo\"><div><span class=\"box-tag\">Operaciones de negocio inteligente<\/span><\/div><\/div><\/div><div class=\"box-title\"><h1 data-maxlength=\"34\">Operaciones de cliente inteligentes para la salud<\/h1><\/div><h2 class=\"reasearchInsightTitle\">Enfoque en Ciencias de la Vida y Tecnolog\u00eda M\u00e9dica<\/h2><div class=\"inner-row-insight download-btn\"><div class=\"col-md-4 downloadFiles addPadding\"><a class=\"button-download--small\" type=\"download\" href=\"https:\/\/www.capgemini.com\/wp-content\/uploads\/2022\/07\/ICO-for-Healthcare-Life-Sciences-and-Med-Tech-focus-factsheet.pdf\" target=\"_blank\" rel=\"noopener noreferrer\" title=\"abrir en una nueva ventana\"><span>Descargar ficha t\u00e9cnica<\/span><span class=\"type\">2 MB pdf<\/span><\/a><\/div><\/div><\/div><\/div><\/div><\/div><\/header>\n\n\n\n<section class=\"wp-block-cg-blocks-intro-para undefined section section--intro\"><div class=\"intro-para\"><div class=\"container\"><div class=\"row\"><div class=\"col-12 col-md-1\"><nav class=\"article-social\"><ul class=\"social-nav\"><li class=\"ip-order-fb\"><a href=\"https:\/\/www.facebook.com\/sharer\/sharer.php?u=https:\/\/www.capgemini.com\/es-es\/soluciones\/operaciones-cliente-inteligentes-salud-enfoque-ciencias-vida-tecnologia-medica\/\" target=\"_blank\" rel=\"noopener noreferrer\" title=\"abrir en una nueva ventana\"><i aria-hidden=\"true\" class=\"icon-fb\"><\/i><span class=\"sr-only\">Facebook<\/span><\/a><\/li><li class=\"ip-order-li\"><a href=\"https:\/\/www.linkedin.com\/sharing\/share-offsite\/?url=https:\/\/www.capgemini.com\/es-es\/soluciones\/operaciones-cliente-inteligentes-salud-enfoque-ciencias-vida-tecnologia-medica\/\" target=\"_blank\" rel=\"noopener noreferrer\" title=\"abrir en una nueva ventana\"><i aria-hidden=\"true\" class=\"icon-li\"><\/i><span class=\"sr-only\">Linkedin<\/span><\/a><\/li><\/ul><\/nav><\/div><div class=\"col-12 col-md-11 col-lg-10\"><h2 class=\"intro-para-title\">Impulse experiencias fluidas de pacientes y clientes<\/h2><\/div><\/div><\/div><\/div><\/section>\n\n\n\n<section class=\"wp-block-cg-blocks-intro-para-video is-style-default section section--info-2cols section--insights section-video \"><div class=\"bg-color video-align-left\"><div class=\"container\"><div class=\"row video-align-right\"><div class=\"col-md-12\"><div class=\"video-align-right row box box--4 box--mini\"><div class=\"col-md-1\"><\/div><div class=\"col-md-8 box-img-wrapper\"><div class=\"video-box\"><div class=\"video-wrapper\"><iframe title=\"video-section\" src=\"https:\/\/www.youtube.com\/embed\/Odny6-x1rZU?rel=0&amp;modestbranding=1&amp;playsinline=1&amp;enablejsapi=1\" frameborder=\"0\" allow=\"accelerometer; autoplay; clipboard-write; encrypted-media; gyroscope; picture-in-picture\" allowfullscreen loading=\"lazy\" referrerpolicy=\"strict-origin-when-cross-origin\"><\/iframe><\/div><\/div><\/div><div class=\"col-md-3\"><h3 class=\"Video-title\" data-maxlength=\"34\">Reinventa la experiencia<\/h3><div class=\"video-info\"><p data-maxlength=\"68\"><\/p><\/div><\/div><div class=\"col-md-1\"><\/div><\/div><\/div><\/div><\/div><\/div><\/section>\n\n\n\n<section class=\"wp-block-cg-blocks-group undefined section section--article-content\"><div class=\"article-main-content\"><div class=\"container\"><div class=\"row\"><div class=\"col-12 col-md-11 col-lg-10 offset-md-1 offset-lg-1\"><div class=\"article-text article-quote-text\">\n<h4 class=\"wp-block-heading\" id=\"h-impulsar-interacciones-fluidas-con-los-clientes-en-todo-el-ecosistema-del-cuidado-de-la-salud\">Impulsar interacciones fluidas con los clientes en todo el ecosistema del cuidado de la salud<\/h4>\n\n\n\n<p>La soluci\u00f3n Intelligent Customer Operations for Healthcare de Capgemini coloca al paciente y al cliente en el centro de su negocio para brindar una experiencia de salud digital conectada y sin inconvenientes.<\/p>\n\n\n\n<p>Nuestra soluci\u00f3n de servicio de centro de contacto de pr\u00f3xima generaci\u00f3n brinda una experiencia aumentada digitalmente, pero centrada en el ser humano a trav\u00e9s de un dise\u00f1o de servicio que integra humanos y tecnolog\u00eda. Esto le permite impulsar relaciones de cliente m\u00e1s significativas, emotivas y sin fricciones con sus pacientes y clientes en todo el ecosistema de atenci\u00f3n m\u00e9dica y ciencias de la vida, para ofrecer:<\/p>\n\n\n\n<ul class=\"wp-block-list\">\n<li>25% de aumento en la resoluci\u00f3n del primer contacto<\/li>\n\n\n\n<li>40% de reducci\u00f3n en el costo de servicio<\/li>\n\n\n\n<li>80% de reducci\u00f3n en el tiempo total de transacci\u00f3n<\/li>\n\n\n\n<li>Aumento del 5% en Net Promoter Score<\/li>\n\n\n\n<li>Reducci\u00f3n del 35% en el recuento de casos de alerta<\/li>\n<\/ul>\n\n\n\n<div class=\"wp-block-buttons is-horizontal is-content-justification-space-between is-layout-flex wp-container-core-buttons-is-layout-f200d7a0 wp-block-buttons-is-layout-flex\">\n<div class=\"wp-block-button is-style-outline is-style-outline--1\"><a class=\"wp-block-button__link wp-element-button\" href=\"https:\/\/www.capgemini.com\/wp-content\/uploads\/2022\/07\/ICO-for-Healthcare-Life-Sciences-and-Med-Tech-focus-factsheet.pdf\" target=\"_blank\" rel=\"noreferrer noopener\">Descargar ficha t\u00e9cnica<\/a><\/div>\n\n\n\n<div class=\"wp-block-button is-style-outline is-style-outline--2\"><a class=\"wp-block-button__link wp-element-button\" href=\"https:\/\/www.capgemini.com\/insights\/expert-perspectives\/how-digitization-in-life-sciences-improves-patient-care\/\" target=\"_blank\" rel=\"noreferrer noopener\">Conocer m\u00e1s<\/a><\/div>\n<\/div>\n<\/div><\/div><\/div><\/div><\/div><\/section>\n","protected":false},"excerpt":{"rendered":"<p>Driving frictionless customer interactions across the healthcare ecosystem<\/p>\n","protected":false},"author":35,"featured_media":12637,"parent":537594,"menu_order":0,"comment_status":"closed","ping_status":"closed","template":"","meta":{"cg_dt_proposed_to":[0],"cg_seo_hreflang_relations":"[]","cg_seo_canonical_relation":"","cg_seo_hreflang_x_default_relation":"{\"uuid\":\"8e335760-2b33-4f10-afdc-c6aa1e368fab\",\"blogId\":\"\",\"domain\":\"\",\"sitePath\":\"\",\"postLink\":\"\",\"postId\":null,\"isSaved\":false,\"isCrossLink\":false,\"hasCrossLink\":false}","cg_dt_approved_content":false,"cg_dt_mandatory_content":false,"cg_dt_notes":"","cg_dg_source_changed":false,"cg_dt_link_disabled":false,"_yoast_wpseo_primary_brand":"","footnotes":"","featured_focal_points":"{\"x\":\"0.49\",\"y\":\"0.09\"}","partner_card_description":"","gsap_animation":0},"brand":[],"partner_type":[],"service":[163,45,160],"industry":[66],"partners":[],"page-type":[339],"content-group":[],"class_list":["post-5265","page","type-page","status-publish","has-post-thumbnail","hentry","service-customer-experience","service-customer-experience-customer-first","service-intelligent-business-operations","industry-healthcare","page-type-solutions"],"yoast_head":"<!-- This site is optimized with the Yoast SEO Premium plugin v22.8 (Yoast SEO v22.8) - https:\/\/yoast.com\/wordpress\/plugins\/seo\/ -->\n<title>Operaciones Inteligentes para el cuidado de la salud (Enfoque en Ciencias de la vida y Tecnolog\u00eda M\u00e9dica) | Capgemini<\/title>\n<meta name=\"description\" content=\"La soluci\u00f3n Intelligent Customer Operations for Healthcare de Capgemini coloca al paciente en el centro de su negocio\" \/>\n<meta name=\"robots\" content=\"index, follow, max-snippet:-1, max-image-preview:large, max-video-preview:-1\" \/>\n<link rel=\"canonical\" href=\"https:\/\/www.capgemini.com\/es-es\/soluciones\/operaciones-cliente-inteligentes-salud-enfoque-ciencias-vida-tecnologia-medica\/\" \/>\n<meta property=\"og:locale\" content=\"es_ES\" \/>\n<meta property=\"og:type\" content=\"article\" \/>\n<meta property=\"og:title\" content=\"Operaciones de cliente inteligentes para la salud\" \/>\n<meta property=\"og:description\" content=\"La soluci\u00f3n Intelligent Customer Operations for Healthcare de Capgemini coloca al paciente en el centro de su negocio\" \/>\n<meta property=\"og:url\" content=\"https:\/\/www.capgemini.com\/es-es\/soluciones\/operaciones-cliente-inteligentes-salud-enfoque-ciencias-vida-tecnologia-medica\/\" \/>\n<meta property=\"og:site_name\" content=\"Capgemini Spain\" \/>\n<meta property=\"article:modified_time\" content=\"2026-01-06T07:27:15+00:00\" \/>\n<meta property=\"og:image\" content=\"https:\/\/www.capgemini.com\/es-es\/wp-content\/uploads\/sites\/16\/2025\/10\/New-Web-preview-global.jpg\" \/>\n\t<meta property=\"og:image:width\" content=\"1200\" \/>\n\t<meta property=\"og:image:height\" content=\"627\" \/>\n\t<meta property=\"og:image:type\" content=\"image\/jpeg\" \/>\n<meta name=\"twitter:card\" content=\"summary_large_image\" \/>\n<meta name=\"twitter:label1\" content=\"Est. reading time\" \/>\n\t<meta name=\"twitter:data1\" content=\"2 minutes\" \/>\n<script type=\"application\/ld+json\" class=\"yoast-schema-graph\">{\"@context\":\"https:\/\/schema.org\",\"@graph\":[{\"@type\":\"WebPage\",\"@id\":\"https:\/\/www.capgemini.com\/es-es\/soluciones\/operaciones-cliente-inteligentes-salud-enfoque-ciencias-vida-tecnologia-medica\/\",\"url\":\"https:\/\/www.capgemini.com\/es-es\/soluciones\/operaciones-cliente-inteligentes-salud-enfoque-ciencias-vida-tecnologia-medica\/\",\"name\":\"Operaciones Inteligentes para el cuidado de la salud (Enfoque en Ciencias de la vida y Tecnolog\u00eda M\u00e9dica) | Capgemini\",\"isPartOf\":{\"@id\":\"https:\/\/www.capgemini.com\/es-es\/#website\"},\"primaryImageOfPage\":{\"@id\":\"https:\/\/www.capgemini.com\/es-es\/soluciones\/operaciones-cliente-inteligentes-salud-enfoque-ciencias-vida-tecnologia-medica\/#primaryimage\"},\"image\":{\"@id\":\"https:\/\/www.capgemini.com\/es-es\/soluciones\/operaciones-cliente-inteligentes-salud-enfoque-ciencias-vida-tecnologia-medica\/#primaryimage\"},\"thumbnailUrl\":\"\",\"datePublished\":\"2022-12-24T04:57:50+00:00\",\"dateModified\":\"2026-01-06T07:27:15+00:00\",\"description\":\"La soluci\u00f3n Intelligent Customer Operations for Healthcare de Capgemini coloca al paciente en el centro de su negocio\",\"breadcrumb\":{\"@id\":\"https:\/\/www.capgemini.com\/es-es\/soluciones\/operaciones-cliente-inteligentes-salud-enfoque-ciencias-vida-tecnologia-medica\/#breadcrumb\"},\"inLanguage\":\"es-ES\",\"potentialAction\":[{\"@type\":\"ReadAction\",\"target\":[\"https:\/\/www.capgemini.com\/es-es\/soluciones\/operaciones-cliente-inteligentes-salud-enfoque-ciencias-vida-tecnologia-medica\/\"]}]},{\"@type\":\"ImageObject\",\"inLanguage\":\"es-ES\",\"@id\":\"https:\/\/www.capgemini.com\/es-es\/soluciones\/operaciones-cliente-inteligentes-salud-enfoque-ciencias-vida-tecnologia-medica\/#primaryimage\",\"url\":\"\",\"contentUrl\":\"\"},{\"@type\":\"BreadcrumbList\",\"@id\":\"https:\/\/www.capgemini.com\/es-es\/soluciones\/operaciones-cliente-inteligentes-salud-enfoque-ciencias-vida-tecnologia-medica\/#breadcrumb\",\"itemListElement\":[{\"@type\":\"ListItem\",\"position\":1,\"name\":\"Home\",\"item\":\"https:\/\/www.capgemini.com\/es-es\/\"},{\"@type\":\"ListItem\",\"position\":2,\"name\":\"Soluciones\",\"item\":\"https:\/\/www.capgemini.com\/es-es\/soluciones\/\"},{\"@type\":\"ListItem\",\"position\":3,\"name\":\"Operaciones de cliente inteligentes para la salud\"}]},{\"@type\":\"WebSite\",\"@id\":\"https:\/\/www.capgemini.com\/es-es\/#website\",\"url\":\"https:\/\/www.capgemini.com\/es-es\/\",\"name\":\"Capgemini Espa\u00f1a\",\"description\":\"Capgemini\",\"potentialAction\":[{\"@type\":\"SearchAction\",\"target\":{\"@type\":\"EntryPoint\",\"urlTemplate\":\"https:\/\/www.capgemini.com\/es-es\/?s={search_term_string}\"},\"query-input\":\"required name=search_term_string\"}],\"inLanguage\":\"es-ES\"}]}<\/script>\n<!-- \/ Yoast SEO Premium plugin. -->","yoast_head_json":{"title":"Operaciones Inteligentes para el cuidado de la salud (Enfoque en Ciencias de la vida y Tecnolog\u00eda M\u00e9dica) | Capgemini","description":"La soluci\u00f3n Intelligent Customer Operations for Healthcare de Capgemini coloca al paciente en el centro de su negocio","robots":{"index":"index","follow":"follow","max-snippet":"max-snippet:-1","max-image-preview":"max-image-preview:large","max-video-preview":"max-video-preview:-1"},"canonical":"https:\/\/www.capgemini.com\/es-es\/soluciones\/operaciones-cliente-inteligentes-salud-enfoque-ciencias-vida-tecnologia-medica\/","og_locale":"es_ES","og_type":"article","og_title":"Operaciones de cliente inteligentes para la salud","og_description":"La soluci\u00f3n Intelligent Customer Operations for Healthcare de Capgemini coloca al paciente en el centro de su negocio","og_url":"https:\/\/www.capgemini.com\/es-es\/soluciones\/operaciones-cliente-inteligentes-salud-enfoque-ciencias-vida-tecnologia-medica\/","og_site_name":"Capgemini Spain","article_modified_time":"2026-01-06T07:27:15+00:00","og_image":[{"width":1200,"height":627,"url":"https:\/\/www.capgemini.com\/es-es\/wp-content\/uploads\/sites\/16\/2025\/10\/New-Web-preview-global.jpg","type":"image\/jpeg"}],"twitter_card":"summary_large_image","twitter_misc":{"Est. reading time":"2 minutes"},"schema":{"@context":"https:\/\/schema.org","@graph":[{"@type":"WebPage","@id":"https:\/\/www.capgemini.com\/es-es\/soluciones\/operaciones-cliente-inteligentes-salud-enfoque-ciencias-vida-tecnologia-medica\/","url":"https:\/\/www.capgemini.com\/es-es\/soluciones\/operaciones-cliente-inteligentes-salud-enfoque-ciencias-vida-tecnologia-medica\/","name":"Operaciones Inteligentes para el cuidado de la salud (Enfoque en Ciencias de la vida y Tecnolog\u00eda M\u00e9dica) | Capgemini","isPartOf":{"@id":"https:\/\/www.capgemini.com\/es-es\/#website"},"primaryImageOfPage":{"@id":"https:\/\/www.capgemini.com\/es-es\/soluciones\/operaciones-cliente-inteligentes-salud-enfoque-ciencias-vida-tecnologia-medica\/#primaryimage"},"image":{"@id":"https:\/\/www.capgemini.com\/es-es\/soluciones\/operaciones-cliente-inteligentes-salud-enfoque-ciencias-vida-tecnologia-medica\/#primaryimage"},"thumbnailUrl":"","datePublished":"2022-12-24T04:57:50+00:00","dateModified":"2026-01-06T07:27:15+00:00","description":"La soluci\u00f3n Intelligent Customer Operations for Healthcare de Capgemini coloca al paciente en el centro de su negocio","breadcrumb":{"@id":"https:\/\/www.capgemini.com\/es-es\/soluciones\/operaciones-cliente-inteligentes-salud-enfoque-ciencias-vida-tecnologia-medica\/#breadcrumb"},"inLanguage":"es-ES","potentialAction":[{"@type":"ReadAction","target":["https:\/\/www.capgemini.com\/es-es\/soluciones\/operaciones-cliente-inteligentes-salud-enfoque-ciencias-vida-tecnologia-medica\/"]}]},{"@type":"ImageObject","inLanguage":"es-ES","@id":"https:\/\/www.capgemini.com\/es-es\/soluciones\/operaciones-cliente-inteligentes-salud-enfoque-ciencias-vida-tecnologia-medica\/#primaryimage","url":"","contentUrl":""},{"@type":"BreadcrumbList","@id":"https:\/\/www.capgemini.com\/es-es\/soluciones\/operaciones-cliente-inteligentes-salud-enfoque-ciencias-vida-tecnologia-medica\/#breadcrumb","itemListElement":[{"@type":"ListItem","position":1,"name":"Home","item":"https:\/\/www.capgemini.com\/es-es\/"},{"@type":"ListItem","position":2,"name":"Soluciones","item":"https:\/\/www.capgemini.com\/es-es\/soluciones\/"},{"@type":"ListItem","position":3,"name":"Operaciones de cliente inteligentes para la salud"}]},{"@type":"WebSite","@id":"https:\/\/www.capgemini.com\/es-es\/#website","url":"https:\/\/www.capgemini.com\/es-es\/","name":"Capgemini Espa\u00f1a","description":"Capgemini","potentialAction":[{"@type":"SearchAction","target":{"@type":"EntryPoint","urlTemplate":"https:\/\/www.capgemini.com\/es-es\/?s={search_term_string}"},"query-input":"required name=search_term_string"}],"inLanguage":"es-ES"}]}},"brand_term":[],"parsely":{"version":"1.1.0","canonical_url":"https:\/\/capgemini.com\/es-es\/soluciones\/operaciones-cliente-inteligentes-salud-enfoque-ciencias-vida-tecnologia-medica\/","smart_links":{"inbound":0,"outbound":0},"traffic_boost_suggestions_count":0,"meta":{"@context":"https:\/\/schema.org","@type":"WebPage","headline":"Operaciones de cliente inteligentes para la salud","url":"https:\/\/www.capgemini.com\/es-es\/soluciones\/operaciones-cliente-inteligentes-salud-enfoque-ciencias-vida-tecnologia-medica\/","mainEntityOfPage":{"@type":"WebPage","@id":"https:\/\/www.capgemini.com\/es-es\/soluciones\/operaciones-cliente-inteligentes-salud-enfoque-ciencias-vida-tecnologia-medica\/"},"thumbnailUrl":"","image":{"@type":"ImageObject","url":""},"articleSection":"Uncategorized","author":[],"creator":[],"publisher":{"@type":"Organization","name":"Capgemini Spain","logo":""},"keywords":[],"dateCreated":"2022-12-24T04:57:50Z","datePublished":"2022-12-24T04:57:50Z","dateModified":"2026-01-06T07:27:15Z"},"rendered":"<meta name=\"parsely-title\" content=\"Operaciones de cliente inteligentes para la salud\" \/>\n<meta name=\"parsely-link\" content=\"https:\/\/www.capgemini.com\/es-es\/soluciones\/operaciones-cliente-inteligentes-salud-enfoque-ciencias-vida-tecnologia-medica\/\" \/>\n<meta name=\"parsely-type\" content=\"index\" \/>\n<meta name=\"parsely-pub-date\" content=\"2022-12-24T04:57:50Z\" \/>\n<meta name=\"parsely-section\" content=\"Uncategorized\" \/>","tracker_url":"https:\/\/cdn.parsely.com\/keys\/capgemini.com\/p.js"},"archive_status":false,"featured_image_src":"https:\/\/www.capgemini.com\/es-es\/wp-content\/themes\/capgemini2025\/assets\/images\/mockup.png","featured_image_alt":"","jetpack_sharing_enabled":true,"distributor_meta":false,"distributor_terms":false,"distributor_media":false,"distributor_original_site_name":"Capgemini Spain","distributor_original_site_url":"https:\/\/www.capgemini.com\/es-es","push-errors":false,"_links":{"self":[{"href":"https:\/\/www.capgemini.com\/es-es\/wp-json\/wp\/v2\/pages\/5265","targetHints":{"allow":["GET"]}}],"collection":[{"href":"https:\/\/www.capgemini.com\/es-es\/wp-json\/wp\/v2\/pages"}],"about":[{"href":"https:\/\/www.capgemini.com\/es-es\/wp-json\/wp\/v2\/types\/page"}],"author":[{"embeddable":true,"href":"https:\/\/www.capgemini.com\/es-es\/wp-json\/wp\/v2\/users\/35"}],"replies":[{"embeddable":true,"href":"https:\/\/www.capgemini.com\/es-es\/wp-json\/wp\/v2\/comments?post=5265"}],"version-history":[{"count":4,"href":"https:\/\/www.capgemini.com\/es-es\/wp-json\/wp\/v2\/pages\/5265\/revisions"}],"predecessor-version":[{"id":577943,"href":"https:\/\/www.capgemini.com\/es-es\/wp-json\/wp\/v2\/pages\/5265\/revisions\/577943"}],"up":[{"embeddable":true,"href":"https:\/\/www.capgemini.com\/es-es\/wp-json\/wp\/v2\/pages\/537594"}],"wp:featuredmedia":[{"embeddable":true,"href":"https:\/\/www.capgemini.com\/es-es\/wp-json\/"}],"wp:attachment":[{"href":"https:\/\/www.capgemini.com\/es-es\/wp-json\/wp\/v2\/media?parent=5265"}],"wp:term":[{"taxonomy":"brand","embeddable":true,"href":"https:\/\/www.capgemini.com\/es-es\/wp-json\/wp\/v2\/brand?post=5265"},{"taxonomy":"partner_type","embeddable":true,"href":"https:\/\/www.capgemini.com\/es-es\/wp-json\/wp\/v2\/partner_type?post=5265"},{"taxonomy":"service","embeddable":true,"href":"https:\/\/www.capgemini.com\/es-es\/wp-json\/wp\/v2\/service?post=5265"},{"taxonomy":"industry","embeddable":true,"href":"https:\/\/www.capgemini.com\/es-es\/wp-json\/wp\/v2\/industry?post=5265"},{"taxonomy":"partners","embeddable":true,"href":"https:\/\/www.capgemini.com\/es-es\/wp-json\/wp\/v2\/partners?post=5265"},{"taxonomy":"page-type","embeddable":true,"href":"https:\/\/www.capgemini.com\/es-es\/wp-json\/wp\/v2\/page-type?post=5265"},{"taxonomy":"content-group","embeddable":true,"href":"https:\/\/www.capgemini.com\/es-es\/wp-json\/wp\/v2\/content-group?post=5265"}],"curies":[{"name":"wp","href":"https:\/\/api.w.org\/{rel}","templated":true}]}}