{"id":5252,"date":"2022-12-22T12:03:07","date_gmt":"2022-12-22T12:03:07","guid":{"rendered":"https:\/\/www.capgemini.com\/?page_id=791529"},"modified":"2025-03-12T06:04:07","modified_gmt":"2025-03-12T05:04:07","slug":"cadena-de-suministro-autonoma","status":"publish","type":"page","link":"https:\/\/www.capgemini.com\/es-es\/soluciones\/cadena-de-suministro-autonoma\/","title":{"rendered":"Cadena de suministro aut\u00f3noma"},"content":{"rendered":"\n<header class=\"wp-block-cg-blocks-hero-reusable header heroReusable  \"><div class=\"header-bgs\"><picture><source srcset=\"https:\/\/www.capgemini.com\/wp-content\/uploads\/2022\/08\/Autonomous-Supply-Chain-Web-banner.jpg?w=2880&amp;quality=70 1x, https:\/\/www.capgemini.com\/wp-content\/uploads\/2022\/08\/Autonomous-Supply-Chain-Web-banner.jpg?w=2880&amp;quality=70 2x\" media=\"(min-width: 1500px)\"\/><source srcset=\"https:\/\/www.capgemini.com\/wp-content\/uploads\/2022\/08\/Autonomous-Supply-Chain-Web-banner.jpg?w=1440&amp;quality=70 1x, https:\/\/www.capgemini.com\/wp-content\/uploads\/2022\/08\/Autonomous-Supply-Chain-Web-banner.jpg?w=2880&amp;quality=70 2x\" media=\"(min-width: 992px)\"\/><source srcset=\"https:\/\/www.capgemini.com\/wp-content\/uploads\/2022\/08\/Autonomous-Supply-Chain-Web-banner.jpg?w=1024&amp;quality=70 1x, https:\/\/www.capgemini.com\/wp-content\/uploads\/2022\/08\/Autonomous-Supply-Chain-Web-banner.jpg?w=1024&amp;quality=70 2x\" media=\"(min-width: 768px)\"\/><source srcset=\"https:\/\/www.capgemini.com\/wp-content\/uploads\/2022\/08\/Autonomous-Supply-Chain-Web-banner.jpg?w=768&amp;quality=70 1x, https:\/\/www.capgemini.com\/wp-content\/uploads\/2022\/08\/Autonomous-Supply-Chain-Web-banner.jpg?w=768&amp;quality=70 2x\" media=\"(min-width: 0)\"\/><img decoding=\"async\" src=\"https:\/\/www.capgemini.com\/wp-content\/uploads\/2022\/08\/Autonomous-Supply-Chain-Web-banner.jpg\" class=\"header-img header-img-d\" alt=\"\" style=\"object-fit:cover;object-position:50% 50%\" loading=\"eager\"\/><\/picture><\/div><div class=\"heroPictureCardHeaderShape\"><\/div><div class=\"container\"><div class=\"row\"><div class=\"col-md-12\"><div class=\"box\"><div class=\"boxTagWrapper\"><div class=\"tagInfo\"><div><span class=\"box-tag\">Operaciones de negocio inteligente<\/span><\/div><\/div><\/div><div class=\"box-title\"><h1 data-maxlength=\"34\">Cadena de suministro aut\u00f3noma<\/h1><\/div><div class=\"inner-row-insight download-btn\"><div class=\"col-md-4 downloadFiles addPadding\"><a class=\"button-download--small\" type=\"download\" href=\"https:\/\/www.capgemini.com\/wp-content\/uploads\/2022\/08\/Autonomous-Supply-Chain-factsheet.pdf\" target=\"_blank\" rel=\"noopener noreferrer\" title=\"abrir en una nueva ventana\"><span>Download factsheet<\/span><span class=\"type\">854 KB  pdf<\/span><\/a><\/div><\/div><\/div><\/div><\/div><\/div><\/header>\n\n\n\n<section class=\"wp-block-cg-blocks-intro-para undefined section section--intro\"><div class=\"intro-para\"><div class=\"container\"><div class=\"row\"><div class=\"col-12 col-md-1\"><nav class=\"article-social\"><ul class=\"social-nav\"><li class=\"ip-order-fb\"><a href=\"https:\/\/www.facebook.com\/sharer\/sharer.php?u=https:\/\/www.capgemini.com\/es-es\/soluciones\/cadena-de-suministro-autonoma\/\" target=\"_blank\" rel=\"noopener noreferrer\" title=\"abrir en una nueva ventana\"><i aria-hidden=\"true\" class=\"icon-fb\"><\/i><span class=\"sr-only\">Facebook<\/span><\/a><\/li><li class=\"ip-order-li\"><a href=\"https:\/\/www.linkedin.com\/sharing\/share-offsite\/?url=https:\/\/www.capgemini.com\/es-es\/soluciones\/cadena-de-suministro-autonoma\/\" target=\"_blank\" rel=\"noopener noreferrer\" title=\"abrir en una nueva ventana\"><i aria-hidden=\"true\" class=\"icon-li\"><\/i><span class=\"sr-only\">Linkedin<\/span><\/a><\/li><\/ul><\/nav><\/div><div class=\"col-12 col-md-11 col-lg-10\"><h2 class=\"intro-para-title\">Implemente una cadena de suministro integrada, fluida y centrada en el cliente<\/h2><\/div><\/div><\/div><\/div><\/section>\n\n\n\n<section class=\"wp-block-cg-blocks-group undefined section section--article-content\"><div class=\"article-main-content\"><div class=\"container\"><div class=\"row\"><div class=\"col-12 col-md-11 col-lg-10 offset-md-1 offset-lg-1\"><div class=\"article-text article-quote-text\">\n<figure class=\"wp-block-image size-full\"><img decoding=\"async\" src=\"https:\/\/www.capgemini.com\/no-no\/wp-content\/uploads\/sites\/23\/2022\/12\/Autonomous-Supply-Chain-Outcome-graphic.jpg\" alt=\"\" class=\"wp-image-831308\"\/><\/figure>\n\n\n\n<p>La oferta de cadena de suministro aut\u00f3noma de Capgemini ayuda a transformar su organizaci\u00f3n en una funci\u00f3n de cadena de suministro integrada, fluida y centrada en el cliente que ofrece operaciones cognitivas, sin contacto y una toma de decisiones transparente basada en datos.<\/p>\n\n\n\n<p>Nuestro enfoque aprovecha el poder de las tecnolog\u00edas de automatizaci\u00f3n inteligente para generar valor en su negocio, asoci\u00e1ndonos con usted para transformar su cadena de suministro en una funci\u00f3n que brinde una ventaja competitiva y mejores resultados comerciales, que incluyen:<\/p>\n\n\n\n<ul class=\"wp-block-list\">\n<li>Mejora de la precisi\u00f3n de la previsi\u00f3n de la demanda<\/li>\n\n\n\n<li>Mejora de la planificaci\u00f3n y optimizaci\u00f3n de la log\u00edstica<\/li>\n\n\n\n<li>Mayores niveles de confiabilidad en el cumplimiento<\/li>\n\n\n\n<li>Identificaci\u00f3n de riesgos mejorada<\/li>\n\n\n\n<li>Costo operativo y capital de trabajo reducidos <\/li>\n<\/ul>\n\n\n\n<p>A su vez, esto lo ayuda a hacer la transici\u00f3n a lo que llamamos la <a href=\"https:\/\/www.capgemini.com\/insights\/research-library\/innovation-nation-special-edition\/\" target=\"_blank\" rel=\"noreferrer noopener\">empresa sin fricciones<\/a>.<\/p>\n\n\n\n<p><strong>P\u00f3ngase en contacto con los servicios comerciales<\/strong><\/p>\n\n\n\n<p>Para obtener m\u00e1s informaci\u00f3n sobre c\u00f3mo la cadena de suministro aut\u00f3noma de Capgemini puede ayudar a implementar una cadena de suministro integrada, fluida y centrada en el cliente que ofrezca operaciones sin contacto y toma de decisiones basada en datos, comun\u00edquese con:&nbsp; <a href=\"mailto:businessservices.global@capgemini.com\">businessservices.global@capgemini.com<\/a><\/p>\n\n\n\n<p>TPara mantenerse actualizado con nuestras \u00faltimas piezas de liderazgo intelectual, lanzamientos de productos y noticias, haga clic aqu\u00ed<\/p>\n<\/div><\/div><\/div><\/div><\/div><\/section>\n","protected":false},"excerpt":{"rendered":"<p>Implement an integrated, frictionless, and customer-centric supply chain<\/p>\n","protected":false},"author":35,"featured_media":15655,"parent":537594,"menu_order":0,"comment_status":"closed","ping_status":"closed","template":"","meta":{"cg_dt_proposed_to":[0],"cg_seo_hreflang_relations":"[]","cg_seo_canonical_relation":"","cg_seo_hreflang_x_default_relation":"{\"uuid\":\"b4642ca1-6dbb-4795-8677-a6adf57fda6c\",\"blogId\":\"\",\"domain\":\"\",\"sitePath\":\"\",\"postLink\":\"\",\"postId\":null,\"isSaved\":false,\"isCrossLink\":false,\"hasCrossLink\":false}","cg_dt_approved_content":false,"cg_dt_mandatory_content":false,"cg_dt_notes":"","cg_dg_source_changed":false,"cg_dt_link_disabled":false,"_yoast_wpseo_primary_brand":"","footnotes":"","featured_focal_points":"{\"x\":\"0.63\",\"y\":\"0.09\"}","partner_card_description":"","gsap_animation":0},"brand":[],"partner_type":[],"service":[160],"industry":[],"partners":[],"page-type":[339],"content-group":[],"class_list":["post-5252","page","type-page","status-publish","has-post-thumbnail","hentry","service-intelligent-business-operations","page-type-solutions"],"yoast_head":"<!-- This site is optimized with the Yoast SEO Premium plugin v22.8 (Yoast SEO v22.8) - https:\/\/yoast.com\/wordpress\/plugins\/seo\/ -->\n<title>Cadena de Suministro Aut\u00f3noma | Capgemini<\/title>\n<meta name=\"description\" content=\"Implemente una cadena de suministro integrada, fluida y centrada en el cliente\" \/>\n<meta name=\"robots\" content=\"index, follow, max-snippet:-1, max-image-preview:large, max-video-preview:-1\" \/>\n<link rel=\"canonical\" href=\"https:\/\/www.capgemini.com\/es-es\/soluciones\/cadena-de-suministro-autonoma\/\" \/>\n<meta property=\"og:locale\" content=\"es_ES\" \/>\n<meta property=\"og:type\" content=\"article\" \/>\n<meta property=\"og:title\" content=\"Cadena de suministro aut\u00f3noma\" \/>\n<meta property=\"og:description\" content=\"Implemente una cadena de suministro integrada, fluida y centrada en el cliente\" \/>\n<meta property=\"og:url\" content=\"https:\/\/www.capgemini.com\/es-es\/soluciones\/cadena-de-suministro-autonoma\/\" \/>\n<meta property=\"og:site_name\" content=\"Capgemini Spain\" \/>\n<meta property=\"article:modified_time\" content=\"2025-03-12T05:04:07+00:00\" \/>\n<meta property=\"og:image\" content=\"https:\/\/www.capgemini.com\/es-es\/wp-content\/uploads\/sites\/16\/2025\/10\/New-Web-preview-global.jpg\" \/>\n\t<meta property=\"og:image:width\" content=\"1200\" \/>\n\t<meta property=\"og:image:height\" content=\"627\" \/>\n\t<meta property=\"og:image:type\" content=\"image\/jpeg\" \/>\n<meta name=\"twitter:card\" content=\"summary_large_image\" \/>\n<meta name=\"twitter:label1\" content=\"Est. reading time\" \/>\n\t<meta name=\"twitter:data1\" content=\"2 minutes\" \/>\n<script type=\"application\/ld+json\" class=\"yoast-schema-graph\">{\"@context\":\"https:\/\/schema.org\",\"@graph\":[{\"@type\":\"WebPage\",\"@id\":\"https:\/\/www.capgemini.com\/es-es\/soluciones\/cadena-de-suministro-autonoma\/\",\"url\":\"https:\/\/www.capgemini.com\/es-es\/soluciones\/cadena-de-suministro-autonoma\/\",\"name\":\"Cadena de Suministro Aut\u00f3noma | Capgemini\",\"isPartOf\":{\"@id\":\"https:\/\/www.capgemini.com\/es-es\/#website\"},\"primaryImageOfPage\":{\"@id\":\"https:\/\/www.capgemini.com\/es-es\/soluciones\/cadena-de-suministro-autonoma\/#primaryimage\"},\"image\":{\"@id\":\"https:\/\/www.capgemini.com\/es-es\/soluciones\/cadena-de-suministro-autonoma\/#primaryimage\"},\"thumbnailUrl\":\"\",\"datePublished\":\"2022-12-22T12:03:07+00:00\",\"dateModified\":\"2025-03-12T05:04:07+00:00\",\"description\":\"Implemente una cadena de suministro integrada, fluida y centrada en el cliente\",\"breadcrumb\":{\"@id\":\"https:\/\/www.capgemini.com\/es-es\/soluciones\/cadena-de-suministro-autonoma\/#breadcrumb\"},\"inLanguage\":\"es-ES\",\"potentialAction\":[{\"@type\":\"ReadAction\",\"target\":[\"https:\/\/www.capgemini.com\/es-es\/soluciones\/cadena-de-suministro-autonoma\/\"]}]},{\"@type\":\"ImageObject\",\"inLanguage\":\"es-ES\",\"@id\":\"https:\/\/www.capgemini.com\/es-es\/soluciones\/cadena-de-suministro-autonoma\/#primaryimage\",\"url\":\"\",\"contentUrl\":\"\"},{\"@type\":\"BreadcrumbList\",\"@id\":\"https:\/\/www.capgemini.com\/es-es\/soluciones\/cadena-de-suministro-autonoma\/#breadcrumb\",\"itemListElement\":[{\"@type\":\"ListItem\",\"position\":1,\"name\":\"Home\",\"item\":\"https:\/\/www.capgemini.com\/es-es\/\"},{\"@type\":\"ListItem\",\"position\":2,\"name\":\"Soluciones\",\"item\":\"https:\/\/www.capgemini.com\/es-es\/soluciones\/\"},{\"@type\":\"ListItem\",\"position\":3,\"name\":\"Cadena de suministro aut\u00f3noma\"}]},{\"@type\":\"WebSite\",\"@id\":\"https:\/\/www.capgemini.com\/es-es\/#website\",\"url\":\"https:\/\/www.capgemini.com\/es-es\/\",\"name\":\"Capgemini Espa\u00f1a\",\"description\":\"Capgemini\",\"potentialAction\":[{\"@type\":\"SearchAction\",\"target\":{\"@type\":\"EntryPoint\",\"urlTemplate\":\"https:\/\/www.capgemini.com\/es-es\/?s={search_term_string}\"},\"query-input\":\"required name=search_term_string\"}],\"inLanguage\":\"es-ES\"}]}<\/script>\n<!-- \/ Yoast SEO Premium plugin. -->","yoast_head_json":{"title":"Cadena de Suministro Aut\u00f3noma | Capgemini","description":"Implemente una cadena de suministro integrada, fluida y centrada en el cliente","robots":{"index":"index","follow":"follow","max-snippet":"max-snippet:-1","max-image-preview":"max-image-preview:large","max-video-preview":"max-video-preview:-1"},"canonical":"https:\/\/www.capgemini.com\/es-es\/soluciones\/cadena-de-suministro-autonoma\/","og_locale":"es_ES","og_type":"article","og_title":"Cadena de suministro aut\u00f3noma","og_description":"Implemente una cadena de suministro integrada, fluida y centrada en el cliente","og_url":"https:\/\/www.capgemini.com\/es-es\/soluciones\/cadena-de-suministro-autonoma\/","og_site_name":"Capgemini Spain","article_modified_time":"2025-03-12T05:04:07+00:00","og_image":[{"width":1200,"height":627,"url":"https:\/\/www.capgemini.com\/es-es\/wp-content\/uploads\/sites\/16\/2025\/10\/New-Web-preview-global.jpg","type":"image\/jpeg"}],"twitter_card":"summary_large_image","twitter_misc":{"Est. reading time":"2 minutes"},"schema":{"@context":"https:\/\/schema.org","@graph":[{"@type":"WebPage","@id":"https:\/\/www.capgemini.com\/es-es\/soluciones\/cadena-de-suministro-autonoma\/","url":"https:\/\/www.capgemini.com\/es-es\/soluciones\/cadena-de-suministro-autonoma\/","name":"Cadena de Suministro Aut\u00f3noma | Capgemini","isPartOf":{"@id":"https:\/\/www.capgemini.com\/es-es\/#website"},"primaryImageOfPage":{"@id":"https:\/\/www.capgemini.com\/es-es\/soluciones\/cadena-de-suministro-autonoma\/#primaryimage"},"image":{"@id":"https:\/\/www.capgemini.com\/es-es\/soluciones\/cadena-de-suministro-autonoma\/#primaryimage"},"thumbnailUrl":"","datePublished":"2022-12-22T12:03:07+00:00","dateModified":"2025-03-12T05:04:07+00:00","description":"Implemente una cadena de suministro integrada, fluida y centrada en el cliente","breadcrumb":{"@id":"https:\/\/www.capgemini.com\/es-es\/soluciones\/cadena-de-suministro-autonoma\/#breadcrumb"},"inLanguage":"es-ES","potentialAction":[{"@type":"ReadAction","target":["https:\/\/www.capgemini.com\/es-es\/soluciones\/cadena-de-suministro-autonoma\/"]}]},{"@type":"ImageObject","inLanguage":"es-ES","@id":"https:\/\/www.capgemini.com\/es-es\/soluciones\/cadena-de-suministro-autonoma\/#primaryimage","url":"","contentUrl":""},{"@type":"BreadcrumbList","@id":"https:\/\/www.capgemini.com\/es-es\/soluciones\/cadena-de-suministro-autonoma\/#breadcrumb","itemListElement":[{"@type":"ListItem","position":1,"name":"Home","item":"https:\/\/www.capgemini.com\/es-es\/"},{"@type":"ListItem","position":2,"name":"Soluciones","item":"https:\/\/www.capgemini.com\/es-es\/soluciones\/"},{"@type":"ListItem","position":3,"name":"Cadena de suministro aut\u00f3noma"}]},{"@type":"WebSite","@id":"https:\/\/www.capgemini.com\/es-es\/#website","url":"https:\/\/www.capgemini.com\/es-es\/","name":"Capgemini Espa\u00f1a","description":"Capgemini","potentialAction":[{"@type":"SearchAction","target":{"@type":"EntryPoint","urlTemplate":"https:\/\/www.capgemini.com\/es-es\/?s={search_term_string}"},"query-input":"required name=search_term_string"}],"inLanguage":"es-ES"}]}},"brand_term":[],"parsely":{"version":"1.1.0","canonical_url":"https:\/\/capgemini.com\/es-es\/soluciones\/cadena-de-suministro-autonoma\/","smart_links":{"inbound":0,"outbound":0},"traffic_boost_suggestions_count":0,"meta":{"@context":"https:\/\/schema.org","@type":"WebPage","headline":"Cadena de suministro aut\u00f3noma","url":"https:\/\/www.capgemini.com\/es-es\/soluciones\/cadena-de-suministro-autonoma\/","mainEntityOfPage":{"@type":"WebPage","@id":"https:\/\/www.capgemini.com\/es-es\/soluciones\/cadena-de-suministro-autonoma\/"},"thumbnailUrl":"","image":{"@type":"ImageObject","url":""},"articleSection":"Uncategorized","author":[],"creator":[],"publisher":{"@type":"Organization","name":"Capgemini Spain","logo":""},"keywords":[],"dateCreated":"2022-12-22T12:03:07Z","datePublished":"2022-12-22T12:03:07Z","dateModified":"2025-03-12T05:04:07Z"},"rendered":"<meta name=\"parsely-title\" content=\"Cadena de suministro aut\u00f3noma\" \/>\n<meta name=\"parsely-link\" content=\"https:\/\/www.capgemini.com\/es-es\/soluciones\/cadena-de-suministro-autonoma\/\" \/>\n<meta name=\"parsely-type\" content=\"index\" \/>\n<meta name=\"parsely-pub-date\" content=\"2022-12-22T12:03:07Z\" \/>\n<meta name=\"parsely-section\" content=\"Uncategorized\" \/>","tracker_url":"https:\/\/cdn.parsely.com\/keys\/capgemini.com\/p.js"},"archive_status":false,"featured_image_src":"https:\/\/www.capgemini.com\/es-es\/wp-content\/themes\/capgemini2025\/assets\/images\/mockup.png","featured_image_alt":"","jetpack_sharing_enabled":true,"distributor_meta":false,"distributor_terms":false,"distributor_media":false,"distributor_original_site_name":"Capgemini Spain","distributor_original_site_url":"https:\/\/www.capgemini.com\/es-es","push-errors":false,"_links":{"self":[{"href":"https:\/\/www.capgemini.com\/es-es\/wp-json\/wp\/v2\/pages\/5252","targetHints":{"allow":["GET"]}}],"collection":[{"href":"https:\/\/www.capgemini.com\/es-es\/wp-json\/wp\/v2\/pages"}],"about":[{"href":"https:\/\/www.capgemini.com\/es-es\/wp-json\/wp\/v2\/types\/page"}],"author":[{"embeddable":true,"href":"https:\/\/www.capgemini.com\/es-es\/wp-json\/wp\/v2\/users\/35"}],"replies":[{"embeddable":true,"href":"https:\/\/www.capgemini.com\/es-es\/wp-json\/wp\/v2\/comments?post=5252"}],"version-history":[{"count":3,"href":"https:\/\/www.capgemini.com\/es-es\/wp-json\/wp\/v2\/pages\/5252\/revisions"}],"predecessor-version":[{"id":567645,"href":"https:\/\/www.capgemini.com\/es-es\/wp-json\/wp\/v2\/pages\/5252\/revisions\/567645"}],"up":[{"embeddable":true,"href":"https:\/\/www.capgemini.com\/es-es\/wp-json\/wp\/v2\/pages\/537594"}],"wp:featuredmedia":[{"embeddable":true,"href":"https:\/\/www.capgemini.com\/es-es\/wp-json\/"}],"wp:attachment":[{"href":"https:\/\/www.capgemini.com\/es-es\/wp-json\/wp\/v2\/media?parent=5252"}],"wp:term":[{"taxonomy":"brand","embeddable":true,"href":"https:\/\/www.capgemini.com\/es-es\/wp-json\/wp\/v2\/brand?post=5252"},{"taxonomy":"partner_type","embeddable":true,"href":"https:\/\/www.capgemini.com\/es-es\/wp-json\/wp\/v2\/partner_type?post=5252"},{"taxonomy":"service","embeddable":true,"href":"https:\/\/www.capgemini.com\/es-es\/wp-json\/wp\/v2\/service?post=5252"},{"taxonomy":"industry","embeddable":true,"href":"https:\/\/www.capgemini.com\/es-es\/wp-json\/wp\/v2\/industry?post=5252"},{"taxonomy":"partners","embeddable":true,"href":"https:\/\/www.capgemini.com\/es-es\/wp-json\/wp\/v2\/partners?post=5252"},{"taxonomy":"page-type","embeddable":true,"href":"https:\/\/www.capgemini.com\/es-es\/wp-json\/wp\/v2\/page-type?post=5252"},{"taxonomy":"content-group","embeddable":true,"href":"https:\/\/www.capgemini.com\/es-es\/wp-json\/wp\/v2\/content-group?post=5252"}],"curies":[{"name":"wp","href":"https:\/\/api.w.org\/{rel}","templated":true}]}}