{"id":505291,"date":"2023-02-07T04:18:47","date_gmt":"2023-02-07T04:18:47","guid":{"rendered":"https:\/\/www.capgemini.com\/es-es\/?page_id=505291"},"modified":"2026-01-06T08:17:33","modified_gmt":"2026-01-06T07:17:33","slug":"fast-digital-4-discrete-industries-by-sap-and-capgemini","status":"publish","type":"page","link":"https:\/\/www.capgemini.com\/es-es\/servicios\/fast-digital-4-discrete-industries-by-sap-and-capgemini\/","title":{"rendered":"Fast Digital 4 Discrete Industries de SAP y Capgemini"},"content":{"rendered":"\n<div class=\"wp-block-cg-blocks-hero-picture-card undefined  heroPictureCard\"><div class=\"heroPictureCardBgs\"><picture><source srcset=\"https:\/\/www.capgemini.com\/es-es\/wp-content\/uploads\/sites\/28\/2023\/02\/using-fast-digital-4-discrete-17.webp?w=2880&amp;quality=70 1x, https:\/\/www.capgemini.com\/es-es\/wp-content\/uploads\/sites\/28\/2023\/02\/using-fast-digital-4-discrete-17.webp?w=2880&amp;quality=70 2x\" media=\"(min-width: 1500px)\"\/><source srcset=\"https:\/\/www.capgemini.com\/es-es\/wp-content\/uploads\/sites\/28\/2023\/02\/using-fast-digital-4-discrete-17.webp?w=1440&amp;quality=70 1x, https:\/\/www.capgemini.com\/es-es\/wp-content\/uploads\/sites\/28\/2023\/02\/using-fast-digital-4-discrete-17.webp?w=2880&amp;quality=70 2x\" media=\"(min-width: 992px)\"\/><source srcset=\"https:\/\/www.capgemini.com\/es-es\/wp-content\/uploads\/sites\/28\/2023\/02\/using-fast-digital-4-discrete-17.webp?w=1024&amp;quality=70 1x, https:\/\/www.capgemini.com\/es-es\/wp-content\/uploads\/sites\/28\/2023\/02\/using-fast-digital-4-discrete-17.webp?w=1024&amp;quality=70 2x\" media=\"(min-width: 768px)\"\/><source srcset=\"https:\/\/www.capgemini.com\/es-es\/wp-content\/uploads\/sites\/28\/2023\/02\/using-fast-digital-4-discrete-17.webp?w=768&amp;quality=70 1x, https:\/\/www.capgemini.com\/es-es\/wp-content\/uploads\/sites\/28\/2023\/02\/using-fast-digital-4-discrete-17.webp?w=768&amp;quality=70 2x\" media=\"(min-width: 0)\"\/><img decoding=\"async\" src=\"https:\/\/www.capgemini.com\/es-es\/wp-content\/uploads\/sites\/28\/2023\/02\/using-fast-digital-4-discrete-17.webp\" class=\"desktopImage\" alt=\"\" style=\"object-fit:cover;object-position:53% 28.000000000000004%\" loading=\"eager\"\/><\/picture><picture><source srcset=\"https:\/\/www.capgemini.com\/es-es\/wp-content\/uploads\/sites\/28\/2023\/02\/using-fast-digital-4-discrete-17.webp?w=2880&amp;quality=70 1x, https:\/\/www.capgemini.com\/es-es\/wp-content\/uploads\/sites\/28\/2023\/02\/using-fast-digital-4-discrete-17.webp?w=2880&amp;quality=70 2x\" media=\"(min-width: 1500px)\"\/><source srcset=\"https:\/\/www.capgemini.com\/es-es\/wp-content\/uploads\/sites\/28\/2023\/02\/using-fast-digital-4-discrete-17.webp?w=1440&amp;quality=70 1x, https:\/\/www.capgemini.com\/es-es\/wp-content\/uploads\/sites\/28\/2023\/02\/using-fast-digital-4-discrete-17.webp?w=2880&amp;quality=70 2x\" media=\"(min-width: 992px)\"\/><source srcset=\"https:\/\/www.capgemini.com\/es-es\/wp-content\/uploads\/sites\/28\/2023\/02\/using-fast-digital-4-discrete-17.webp?w=1024&amp;quality=70 1x, https:\/\/www.capgemini.com\/es-es\/wp-content\/uploads\/sites\/28\/2023\/02\/using-fast-digital-4-discrete-17.webp?w=1024&amp;quality=70 2x\" media=\"(min-width: 768px)\"\/><source srcset=\"https:\/\/www.capgemini.com\/es-es\/wp-content\/uploads\/sites\/28\/2023\/02\/using-fast-digital-4-discrete-17.webp?w=768&amp;quality=70 1x, https:\/\/www.capgemini.com\/es-es\/wp-content\/uploads\/sites\/28\/2023\/02\/using-fast-digital-4-discrete-17.webp?w=768&amp;quality=70 2x\" media=\"(min-width: 0)\"\/><img decoding=\"async\" src=\"https:\/\/www.capgemini.com\/es-es\/wp-content\/uploads\/sites\/28\/2023\/02\/using-fast-digital-4-discrete-17.webp\" class=\"mobileImage\" alt=\"\" style=\"object-fit:cover;object-position:53% 28.000000000000004%\" loading=\"eager\"\/><\/picture><\/div><div class=\"heroPictureCardHeaderShape\"><\/div><div class=\"container\"><div class=\"row\"><div class=\"col-md-8 col-lg-6\"><div class=\"heroPictureCardBox\"><div class=\"heroPictureCardBoxTitle\"><h1 data-maxlength=\"144\">Fast Digital 4 Discrete Industries de SAP y Capgemini<\/h1><\/div><\/div><\/div><\/div><\/div><div class=\"small-device\"><div class=\"brandLogoWrapper\"> <\/div><\/div><\/div>\n\n\n\n<section class=\"wp-block-cg-blocks-group undefined section section--article-content\"><div class=\"article-main-content\"><div class=\"container\"><div class=\"row\"><div class=\"col-12 col-md-11 col-lg-10 offset-md-1 offset-lg-1\"><div class=\"article-text article-quote-text\">\n<h3 class=\"wp-block-heading\" id=\"h-esta-iniciativa-ayudara-a-los-clientes-de-la-industria-de-manufactura-discreta-a-administrar-su-transformacion-digital-mientras-buscan-adoptar-conceptos-innovadores-impulsados-por-industry-4-0-internet-de-las-cosas-industrial-cloud-big-data-y-automatizacion-inteligente\">Esta iniciativa ayudar\u00e1 a los clientes de la industria de manufactura discreta a administrar su transformaci\u00f3n digital mientras buscan adoptar conceptos innovadores impulsados por Industry 4.0, Internet de las Cosas Industrial, Cloud, Big Data y Automatizaci\u00f3n Inteligente.<\/h3>\n\n\n\n<h4 class=\"wp-block-heading\">La imperativa para la migraci\u00f3n hacia digital de la manufactura discreta<\/h4>\n\n\n\n<p>Los fabricantes discretos que ven hacia el futuro est\u00e1n conscientes de que la transformaci\u00f3n digital es esencial para el crecimiento rentable y la competitividad, y saben que la migraci\u00f3n hacia digital y la promesa de Industry 4.0 est\u00e1n cambiando el terreno de juego. Los productos, plantas, activos y operaciones inteligentes y conectadas ofrecen el potencial para ganancias en productividad, incremento en calidad, reducci\u00f3n de costos y mayores ingresos.<br>La combinaci\u00f3n de la madurez en soluciones espec\u00edficas para la industria \u2013 como impresi\u00f3n 3D, IoT, o realidad aumentada \u2013 con la habilidad de las soluciones SAP de brindar la base digital \u2013 ahora que SAP s\/4 HANA ya cubre todas las l\u00edneas de negocio \u2013&nbsp; as\u00ed como el enfoque en el cliente con SAP Hybris, permiten a Capgemini brindar una plataforma de co-innovaci\u00f3n con SAP para que nuestros clientes desarrollen una estrategia digital para la pr\u00f3xima generaci\u00f3n de manufactura.<\/p>\n\n\n\n<h4 class=\"wp-block-heading\">\u00bfPor qu\u00e9 Capgemini y SAP?<\/h4>\n\n\n\n<p>La iniciativa busca atacar los retos a los que se enfrenta hoy la manufactura digital al combinar la suite de software de aplicaciones y soluciones digitales de SAP con la inigualable experiencia de Capgemini en transformaci\u00f3n digital, industria y tecnolog\u00eda SAP, que abarca consultor\u00eda, insights &amp; data, cloud y manufactura digital.<\/p>\n\n\n\n<p>Volverse digital crea oportunidades significativas para las compa\u00f1\u00edas en la industria de manufactura discreta. La iniciativa&nbsp;<strong>\u201cFast Digital 4 Discrete Industries por SAP y Capgemini\u201d<\/strong>&nbsp;ayuda a los fabricantes a crear productos, activos, y operaciones inteligentes y conectadas que ofrecen el potencial para reducci\u00f3n de tiempo de lanzamiento a mercado, incremento de productividad, ahorro en costos y nuevas fuentes de ingresos.<\/p>\n\n\n\n<p>Capgemini y SAP planean innovar e invertir en el desarrollo de nuevas aplicaciones y extensiones a SAP HANA Cloud&nbsp; Platform, mientras interact\u00faa con un ecosistema de start-ups y proveedores en el espacio de manufactura para brindar a los clientes soluciones de principio a fin.<\/p>\n\n\n\n<p>Capgemini y SAP ayudan a los clientes en la industria de manufactura discreta a acelerar s transformaci\u00f3n digital mientras maximizan el potencial de IoT, cloud, big data &amp; analytics y automatizaci\u00f3n inteligente (robots, impresi\u00f3n 3D).<\/p>\n\n\n\n<p>Casos de uso predefinidos en los espacios de cliente digital, operaciones inteligentes&nbsp; y nuevos modelos de negocio son el punto de inicio de nuestro viaje para explorar los retos a enfrentar, los impactos esperados, ejemplos de soluciones disponibles, arquitectura de referencia y como co-innovar apalancando la plataforma SAP. Estos casos de uso incluyen cliente 360\u00b0, rastreo extendido de cadena de suministro, mantenimiento predictivo, piso de ventas aumentado y plataforma de servicios IoT.<\/p>\n\n\n\n<h4 class=\"wp-block-heading\">Customer 360\u00b0<\/h4>\n\n\n\n<p>La industria discreta enfrenta grandes cambios en el comportamiento del consumidor y mayor complejidad en los canales de ventas para alcanzar y entender al cliente final (B2B2C). Adoptando los dominios clave para el enfoque en el cliente en esta industria \u2013 ventas, servicio, y marketing, los casos de uso de Customer 360\u00b0 buscan ayudar a los clientes y proveedores a entregar interacciones m\u00e1s relevantes, transparentes y personalizadas, a trav\u00e9s de un enfoque omni-canal que cubre el proceso de principio a fin.<\/p>\n\n\n\n<h4 class=\"wp-block-heading\">Cadena de suministro extendida, planeaci\u00f3n inteligente, seguimiento &amp; rastreo<\/h4>\n\n\n\n<p>La planeaci\u00f3n, ejecuci\u00f3n, y seguimiento y rastreo han transicionado hacia el centro de las operaciones de negocio, definiendo como una compa\u00f1\u00eda \u00e1gil, reactiva y resiliente puede negociar en la econom\u00eda digital. La demanda es vol\u00e1til en el mercado de compradores, lo que significa que el \u00e1rea de cadena de suministro debe resolver el conflicto entre negocio escalable, velocidad de operaciones y protecci\u00f3n de la rentabilidad. Al enfrentarse correctamente, esto puede resultar en:<\/p>\n\n\n\n<ul class=\"wp-block-list\">\n<li>menores p\u00e9rdidas de ingresos debido a falta de inventario,<\/li>\n\n\n\n<li>mayor eficiencia de proveedor,<\/li>\n\n\n\n<li>menores costos de cadena de suministro,<\/li>\n\n\n\n<li>estabilidad en cadena de suministro distribuida,<\/li>\n\n\n\n<li>menor tiempo de lanzamiento a mercado.<\/li>\n<\/ul>\n\n\n\n<h4 class=\"wp-block-heading\">Conectividad y piso de ventas aumentado<\/h4>\n\n\n\n<p>La simplificaci\u00f3n de las instrucciones de ensamblaje, o la mejora y simulaci\u00f3n de procesos en el piso de ventas es esencial para mejorar la agilidad y calidad. Esto significa que los conectores aumentados 3D usando informaci\u00f3n ERP del piso de ventas, o simulaci\u00f3n de m\u00e1quinas conectadas (robots, etc.) mejoran los tiempos y ciclos de manufactura.<\/p>\n\n\n\n<h4 class=\"wp-block-heading\">Mantenimento predictivo<\/h4>\n\n\n\n<p>Mejorar la rentabilidad de servicio y habilitar nuevos modelos a trav\u00e9s de servicios predictivos es imperativo para los fabricantes. Para los operadores, mejorar la efectividad del equipo a trav\u00e9s de mantenimiento predictivo es esencial para la longevidad del negocio.<br>Las soluciones innovadoras en mantenimiento predictivo deben enfocarse en los resultados espec\u00edficos que buscan los fabricantes, tales como:<\/p>\n\n\n\n<ul class=\"wp-block-list\">\n<li>mayor eficiencia de la maquinaria,<\/li>\n\n\n\n<li>mejora de monitoreo y toma de decisiones,<\/li>\n\n\n\n<li>reducir el inventario de refacciones y costos de mantenimiento,<\/li>\n\n\n\n<li>mejorar la tasa de reparaci\u00f3n en la primer visita.<\/li>\n<\/ul>\n\n\n\n<h4 class=\"wp-block-heading\">Plataforma de servicios IoT<\/h4>\n\n\n\n<p>El prop\u00f3sito es habilitar nuevos modelos de negocio y generar nuevas fuentes de ingresos al ofrecer una base para dispositivos conectados de forma segura y transparente, entregando informaci\u00f3n confiable a los sistemas y perspectivas de negocio.<br>Los fabricantes pueden aprovechar la implementaci\u00f3n exponencial de IoT para:<\/p>\n\n\n\n<ul class=\"wp-block-list\">\n<li>reimaginar el negocio con nuevos productos, servicios y modelos de negocio,<\/li>\n\n\n\n<li>obtener percepciones sobre la combinaci\u00f3n d e OT (tecnolog\u00eda operacional) y TI (tecnolog\u00eda de la informaci\u00f3n) a trav\u00e9s de la integraci\u00f3n de soluciones de piso de venta y negocio, permitir una monetizaci\u00f3n m\u00e1s r\u00e1pida de la informaci\u00f3n de activos con soluciones de principio a fin,<\/li>\n\n\n\n<li>mejorar la eficacia de negocio y reducir los costos con diagn\u00f3sticos y soluciones remotas.<\/li>\n<\/ul>\n\n\n\n<p>Capgemini tambi\u00e9n utiliza un model Agile para la transformaci\u00f3n de negocio, basado en su Esquema de Trabajo de Transformaci\u00f3n Digital, hecho a la medida para la industria de manufactura y abarcando la exploraci\u00f3n, dise\u00f1o y desarrollo de soluciones espec\u00edficas para habilitar nuevos modelos y escenarios de negocio.<\/p>\n\n\n\n<p>El Esquema de Trabajo de Transformaci\u00f3n Digital de Capgemini brinda las bases para que los clientes en la industria discreta embarquen en su viaje hacia la transformaci\u00f3n digital. Esta metodolog\u00eda comprobada habilita a Capgemini a analizar la madurez digital del fabricante e identificar las brechas que deben ser cerradas antes de iniciar la transformaci\u00f3n digital. Ha ayudado a muchos clientes a alcanzar la excelencia digital e impulsar valor de negocio real.<\/p>\n\n\n\n<p>Con una red global de Applied Innovation Exchanges y un ecosistema de aliados tecnol\u00f3gicos, permitimos a nuestros clientes impulsar su innovaci\u00f3n a su propio ritmo y asegurar que sus inversiones digitales entreguen una ventaja competitiva sustentable.<\/p>\n\n\n\n<h4 class=\"wp-block-heading\">\u00bfEst\u00e1s listo para la era digital?<\/h4>\n\n\n\n<p>Tras una larga historia de ERP, las evoluciones en IS\/IT&nbsp; de manufactura ser\u00e1n impulsadas por productos, m\u00e1quinas e interacciones en tiempo real. Seguridad, Conectividad, Anal\u00edticos y Cloud ser\u00e1n las nuevas bases para TI. La pregunta es \u00bfest\u00e1s listo?<\/p>\n\n\n\n<section class=\"wp-block-cg-blocks-intro-para-video section section--info-2cols section-invent-info\"><div class=\"container article-text\"><div class=\"video-box\"><div class=\"video-wrapper\"><iframe title=\"video-section\" src=\"https:\/\/www.youtube.com\/embed\/uP1Tb3BLROE?rel=0&amp;modestbranding=1&amp;playsinline=1&amp;enablejsapi=1\" frameborder=\"0\" allow=\"accelerometer; autoplay; clipboard-write; encrypted-media; gyroscope; picture-in-picture\" allowfullscreen loading=\"lazy\" referrerpolicy=\"strict-origin-when-cross-origin\"><\/iframe><\/div><\/div><\/div><\/section>\n\n\n\n<p>Contacta a&nbsp;<a href=\"mailto:ruth.peters@capgemini.com\">ruth.peters@capgemini.com<\/a>&nbsp;para obtener m\u00e1s informaci\u00f3n.<\/p>\n<\/div><\/div><\/div><\/div><\/div><\/section>\n","protected":false},"excerpt":{"rendered":"","protected":false},"author":35,"featured_media":505292,"parent":5801,"menu_order":11,"comment_status":"closed","ping_status":"closed","template":"","meta":{"cg_dt_proposed_to":[0],"cg_seo_hreflang_relations":"[]","cg_seo_canonical_relation":"","cg_seo_hreflang_x_default_relation":"","cg_dt_approved_content":false,"cg_dt_mandatory_content":false,"cg_dt_notes":"","cg_dg_source_changed":false,"cg_dt_link_disabled":false,"_yoast_wpseo_primary_brand":"","footnotes":"","featured_focal_points":"","partner_card_description":"","gsap_animation":0},"brand":[],"partner_type":[],"service":[166],"industry":[],"partners":[106],"page-type":[161],"content-group":[],"class_list":["post-505291","page","type-page","status-publish","has-post-thumbnail","hentry","service-intelligent-industry","partners-sap","page-type-service"],"yoast_head":"<!-- This site is optimized with the Yoast SEO Premium plugin v22.8 (Yoast SEO v22.8) - https:\/\/yoast.com\/wordpress\/plugins\/seo\/ -->\n<title>Fast Digital 4 Discrete Industries de SAP y Capgemini | Capgemini<\/title>\n<meta name=\"robots\" content=\"index, follow, max-snippet:-1, max-image-preview:large, max-video-preview:-1\" \/>\n<link rel=\"canonical\" href=\"https:\/\/www.capgemini.com\/es-es\/servicios\/fast-digital-4-discrete-industries-by-sap-and-capgemini\/\" \/>\n<meta property=\"og:locale\" content=\"es_ES\" \/>\n<meta property=\"og:type\" content=\"article\" \/>\n<meta property=\"og:title\" content=\"Fast Digital 4 Discrete Industries de SAP y Capgemini\" \/>\n<meta property=\"og:url\" content=\"https:\/\/www.capgemini.com\/es-es\/servicios\/fast-digital-4-discrete-industries-by-sap-and-capgemini\/\" \/>\n<meta property=\"og:site_name\" content=\"Capgemini Spain\" \/>\n<meta property=\"article:modified_time\" content=\"2026-01-06T07:17:33+00:00\" \/>\n<meta property=\"og:image\" content=\"https:\/\/www.capgemini.com\/es-es\/wp-content\/uploads\/sites\/16\/2020\/11\/hero-insights1-d.png\" \/>\n\t<meta property=\"og:image:width\" content=\"1440\" \/>\n\t<meta property=\"og:image:height\" content=\"500\" \/>\n\t<meta property=\"og:image:type\" content=\"image\/png\" \/>\n<meta name=\"twitter:card\" content=\"summary_large_image\" \/>\n<meta name=\"twitter:label1\" content=\"Est. reading time\" \/>\n\t<meta name=\"twitter:data1\" content=\"6 minutes\" \/>\n<script type=\"application\/ld+json\" class=\"yoast-schema-graph\">{\"@context\":\"https:\/\/schema.org\",\"@graph\":[{\"@type\":\"WebPage\",\"@id\":\"https:\/\/www.capgemini.com\/es-es\/servicios\/fast-digital-4-discrete-industries-by-sap-and-capgemini\/\",\"url\":\"https:\/\/www.capgemini.com\/es-es\/servicios\/fast-digital-4-discrete-industries-by-sap-and-capgemini\/\",\"name\":\"Fast Digital 4 Discrete Industries de SAP y Capgemini | Capgemini\",\"isPartOf\":{\"@id\":\"https:\/\/www.capgemini.com\/es-es\/#website\"},\"primaryImageOfPage\":{\"@id\":\"https:\/\/www.capgemini.com\/es-es\/servicios\/fast-digital-4-discrete-industries-by-sap-and-capgemini\/#primaryimage\"},\"image\":{\"@id\":\"https:\/\/www.capgemini.com\/es-es\/servicios\/fast-digital-4-discrete-industries-by-sap-and-capgemini\/#primaryimage\"},\"thumbnailUrl\":\"https:\/\/www.capgemini.com\/es-es\/wp-content\/uploads\/sites\/16\/2020\/11\/hero-insights1-d.png\",\"datePublished\":\"2023-02-07T04:18:47+00:00\",\"dateModified\":\"2026-01-06T07:17:33+00:00\",\"breadcrumb\":{\"@id\":\"https:\/\/www.capgemini.com\/es-es\/servicios\/fast-digital-4-discrete-industries-by-sap-and-capgemini\/#breadcrumb\"},\"inLanguage\":\"es-ES\",\"potentialAction\":[{\"@type\":\"ReadAction\",\"target\":[\"https:\/\/www.capgemini.com\/es-es\/servicios\/fast-digital-4-discrete-industries-by-sap-and-capgemini\/\"]}]},{\"@type\":\"ImageObject\",\"inLanguage\":\"es-ES\",\"@id\":\"https:\/\/www.capgemini.com\/es-es\/servicios\/fast-digital-4-discrete-industries-by-sap-and-capgemini\/#primaryimage\",\"url\":\"https:\/\/www.capgemini.com\/es-es\/wp-content\/uploads\/sites\/16\/2020\/11\/hero-insights1-d.png\",\"contentUrl\":\"https:\/\/www.capgemini.com\/es-es\/wp-content\/uploads\/sites\/16\/2020\/11\/hero-insights1-d.png\",\"width\":1440,\"height\":500},{\"@type\":\"BreadcrumbList\",\"@id\":\"https:\/\/www.capgemini.com\/es-es\/servicios\/fast-digital-4-discrete-industries-by-sap-and-capgemini\/#breadcrumb\",\"itemListElement\":[{\"@type\":\"ListItem\",\"position\":1,\"name\":\"Home\",\"item\":\"https:\/\/www.capgemini.com\/es-es\/\"},{\"@type\":\"ListItem\",\"position\":2,\"name\":\"Servicios\",\"item\":\"https:\/\/www.capgemini.com\/es-es\/servicios\/\"},{\"@type\":\"ListItem\",\"position\":3,\"name\":\"Fast Digital 4 Discrete Industries de SAP y Capgemini\"}]},{\"@type\":\"WebSite\",\"@id\":\"https:\/\/www.capgemini.com\/es-es\/#website\",\"url\":\"https:\/\/www.capgemini.com\/es-es\/\",\"name\":\"Capgemini Espa\u00f1a\",\"description\":\"Capgemini\",\"potentialAction\":[{\"@type\":\"SearchAction\",\"target\":{\"@type\":\"EntryPoint\",\"urlTemplate\":\"https:\/\/www.capgemini.com\/es-es\/?s={search_term_string}\"},\"query-input\":\"required name=search_term_string\"}],\"inLanguage\":\"es-ES\"}]}<\/script>\n<!-- \/ Yoast SEO Premium plugin. -->","yoast_head_json":{"title":"Fast Digital 4 Discrete Industries de SAP y Capgemini | Capgemini","robots":{"index":"index","follow":"follow","max-snippet":"max-snippet:-1","max-image-preview":"max-image-preview:large","max-video-preview":"max-video-preview:-1"},"canonical":"https:\/\/www.capgemini.com\/es-es\/servicios\/fast-digital-4-discrete-industries-by-sap-and-capgemini\/","og_locale":"es_ES","og_type":"article","og_title":"Fast Digital 4 Discrete Industries de SAP y Capgemini","og_url":"https:\/\/www.capgemini.com\/es-es\/servicios\/fast-digital-4-discrete-industries-by-sap-and-capgemini\/","og_site_name":"Capgemini Spain","article_modified_time":"2026-01-06T07:17:33+00:00","og_image":[{"width":1440,"height":500,"url":"https:\/\/www.capgemini.com\/es-es\/wp-content\/uploads\/sites\/16\/2020\/11\/hero-insights1-d.png","type":"image\/png"}],"twitter_card":"summary_large_image","twitter_misc":{"Est. reading time":"6 minutes"},"schema":{"@context":"https:\/\/schema.org","@graph":[{"@type":"WebPage","@id":"https:\/\/www.capgemini.com\/es-es\/servicios\/fast-digital-4-discrete-industries-by-sap-and-capgemini\/","url":"https:\/\/www.capgemini.com\/es-es\/servicios\/fast-digital-4-discrete-industries-by-sap-and-capgemini\/","name":"Fast Digital 4 Discrete Industries de SAP y Capgemini | Capgemini","isPartOf":{"@id":"https:\/\/www.capgemini.com\/es-es\/#website"},"primaryImageOfPage":{"@id":"https:\/\/www.capgemini.com\/es-es\/servicios\/fast-digital-4-discrete-industries-by-sap-and-capgemini\/#primaryimage"},"image":{"@id":"https:\/\/www.capgemini.com\/es-es\/servicios\/fast-digital-4-discrete-industries-by-sap-and-capgemini\/#primaryimage"},"thumbnailUrl":"https:\/\/www.capgemini.com\/es-es\/wp-content\/uploads\/sites\/16\/2020\/11\/hero-insights1-d.png","datePublished":"2023-02-07T04:18:47+00:00","dateModified":"2026-01-06T07:17:33+00:00","breadcrumb":{"@id":"https:\/\/www.capgemini.com\/es-es\/servicios\/fast-digital-4-discrete-industries-by-sap-and-capgemini\/#breadcrumb"},"inLanguage":"es-ES","potentialAction":[{"@type":"ReadAction","target":["https:\/\/www.capgemini.com\/es-es\/servicios\/fast-digital-4-discrete-industries-by-sap-and-capgemini\/"]}]},{"@type":"ImageObject","inLanguage":"es-ES","@id":"https:\/\/www.capgemini.com\/es-es\/servicios\/fast-digital-4-discrete-industries-by-sap-and-capgemini\/#primaryimage","url":"https:\/\/www.capgemini.com\/es-es\/wp-content\/uploads\/sites\/16\/2020\/11\/hero-insights1-d.png","contentUrl":"https:\/\/www.capgemini.com\/es-es\/wp-content\/uploads\/sites\/16\/2020\/11\/hero-insights1-d.png","width":1440,"height":500},{"@type":"BreadcrumbList","@id":"https:\/\/www.capgemini.com\/es-es\/servicios\/fast-digital-4-discrete-industries-by-sap-and-capgemini\/#breadcrumb","itemListElement":[{"@type":"ListItem","position":1,"name":"Home","item":"https:\/\/www.capgemini.com\/es-es\/"},{"@type":"ListItem","position":2,"name":"Servicios","item":"https:\/\/www.capgemini.com\/es-es\/servicios\/"},{"@type":"ListItem","position":3,"name":"Fast Digital 4 Discrete Industries de SAP y Capgemini"}]},{"@type":"WebSite","@id":"https:\/\/www.capgemini.com\/es-es\/#website","url":"https:\/\/www.capgemini.com\/es-es\/","name":"Capgemini Espa\u00f1a","description":"Capgemini","potentialAction":[{"@type":"SearchAction","target":{"@type":"EntryPoint","urlTemplate":"https:\/\/www.capgemini.com\/es-es\/?s={search_term_string}"},"query-input":"required name=search_term_string"}],"inLanguage":"es-ES"}]}},"brand_term":[],"parsely":{"version":"1.1.0","canonical_url":"https:\/\/capgemini.com\/es-es\/servicios\/fast-digital-4-discrete-industries-by-sap-and-capgemini\/","smart_links":{"inbound":0,"outbound":0},"traffic_boost_suggestions_count":0,"meta":{"@context":"https:\/\/schema.org","@type":"WebPage","headline":"Fast Digital 4 Discrete Industries de SAP y Capgemini","url":"https:\/\/www.capgemini.com\/es-es\/servicios\/fast-digital-4-discrete-industries-by-sap-and-capgemini\/","mainEntityOfPage":{"@type":"WebPage","@id":"https:\/\/www.capgemini.com\/es-es\/servicios\/fast-digital-4-discrete-industries-by-sap-and-capgemini\/"},"thumbnailUrl":"https:\/\/www.capgemini.com\/es-es\/wp-content\/uploads\/sites\/16\/2020\/11\/hero-insights1-d.png?w=150&h=150&crop=1","image":{"@type":"ImageObject","url":"https:\/\/www.capgemini.com\/es-es\/wp-content\/uploads\/sites\/16\/2020\/11\/hero-insights1-d.png"},"articleSection":"Uncategorized","author":[],"creator":[],"publisher":{"@type":"Organization","name":"Capgemini Spain","logo":""},"keywords":[],"dateCreated":"2023-02-07T04:18:47Z","datePublished":"2023-02-07T04:18:47Z","dateModified":"2026-01-06T07:17:33Z"},"rendered":"<meta name=\"parsely-title\" content=\"Fast Digital 4 Discrete Industries de SAP y Capgemini\" \/>\n<meta name=\"parsely-link\" content=\"https:\/\/www.capgemini.com\/es-es\/servicios\/fast-digital-4-discrete-industries-by-sap-and-capgemini\/\" \/>\n<meta name=\"parsely-type\" content=\"index\" \/>\n<meta name=\"parsely-image-url\" content=\"https:\/\/www.capgemini.com\/es-es\/wp-content\/uploads\/sites\/16\/2020\/11\/hero-insights1-d.png?w=150&amp;h=150&amp;crop=1\" \/>\n<meta name=\"parsely-pub-date\" content=\"2023-02-07T04:18:47Z\" \/>\n<meta name=\"parsely-section\" content=\"Uncategorized\" \/>","tracker_url":"https:\/\/cdn.parsely.com\/keys\/capgemini.com\/p.js"},"archive_status":false,"featured_image_src":"https:\/\/www.capgemini.com\/es-es\/wp-content\/uploads\/sites\/16\/2020\/11\/hero-insights1-d.png","featured_image_alt":"","jetpack_sharing_enabled":true,"distributor_meta":false,"distributor_terms":false,"distributor_media":false,"distributor_original_site_name":"Capgemini Spain","distributor_original_site_url":"https:\/\/www.capgemini.com\/es-es","push-errors":false,"_links":{"self":[{"href":"https:\/\/www.capgemini.com\/es-es\/wp-json\/wp\/v2\/pages\/505291","targetHints":{"allow":["GET"]}}],"collection":[{"href":"https:\/\/www.capgemini.com\/es-es\/wp-json\/wp\/v2\/pages"}],"about":[{"href":"https:\/\/www.capgemini.com\/es-es\/wp-json\/wp\/v2\/types\/page"}],"author":[{"embeddable":true,"href":"https:\/\/www.capgemini.com\/es-es\/wp-json\/wp\/v2\/users\/35"}],"replies":[{"embeddable":true,"href":"https:\/\/www.capgemini.com\/es-es\/wp-json\/wp\/v2\/comments?post=505291"}],"version-history":[{"count":3,"href":"https:\/\/www.capgemini.com\/es-es\/wp-json\/wp\/v2\/pages\/505291\/revisions"}],"predecessor-version":[{"id":577921,"href":"https:\/\/www.capgemini.com\/es-es\/wp-json\/wp\/v2\/pages\/505291\/revisions\/577921"}],"up":[{"embeddable":true,"href":"https:\/\/www.capgemini.com\/es-es\/wp-json\/wp\/v2\/pages\/5801"}],"wp:featuredmedia":[{"embeddable":true,"href":"https:\/\/www.capgemini.com\/es-es\/wp-json\/wp\/v2\/media\/505292"}],"wp:attachment":[{"href":"https:\/\/www.capgemini.com\/es-es\/wp-json\/wp\/v2\/media?parent=505291"}],"wp:term":[{"taxonomy":"brand","embeddable":true,"href":"https:\/\/www.capgemini.com\/es-es\/wp-json\/wp\/v2\/brand?post=505291"},{"taxonomy":"partner_type","embeddable":true,"href":"https:\/\/www.capgemini.com\/es-es\/wp-json\/wp\/v2\/partner_type?post=505291"},{"taxonomy":"service","embeddable":true,"href":"https:\/\/www.capgemini.com\/es-es\/wp-json\/wp\/v2\/service?post=505291"},{"taxonomy":"industry","embeddable":true,"href":"https:\/\/www.capgemini.com\/es-es\/wp-json\/wp\/v2\/industry?post=505291"},{"taxonomy":"partners","embeddable":true,"href":"https:\/\/www.capgemini.com\/es-es\/wp-json\/wp\/v2\/partners?post=505291"},{"taxonomy":"page-type","embeddable":true,"href":"https:\/\/www.capgemini.com\/es-es\/wp-json\/wp\/v2\/page-type?post=505291"},{"taxonomy":"content-group","embeddable":true,"href":"https:\/\/www.capgemini.com\/es-es\/wp-json\/wp\/v2\/content-group?post=505291"}],"curies":[{"name":"wp","href":"https:\/\/api.w.org\/{rel}","templated":true}]}}