{"id":36721,"date":"2022-08-12T12:35:14","date_gmt":"2022-08-12T12:35:14","guid":{"rendered":"https:\/\/www.capgemini.com\/?page_id=783295"},"modified":"2026-01-06T09:00:24","modified_gmt":"2026-01-06T08:00:24","slug":"transforma-mas-alla-de-la-industria-4-0-con-advanced-manufacturing","status":"publish","type":"page","link":"https:\/\/www.capgemini.com\/es-es\/soluciones\/transforma-mas-alla-de-la-industria-4-0-con-advanced-manufacturing\/","title":{"rendered":"Transforma, m\u00e1s all\u00e1 de la industria 4.0, con advanced manufacturing"},"content":{"rendered":"\n<header class=\"wp-block-cg-blocks-hero-reusable header heroReusable  \"><div class=\"header-bgs\"><picture><source srcset=\"https:\/\/www.capgemini.com\/wp-content\/uploads\/2022\/08\/advanced-manufacturing-banner-2880-X-1800.jpg?w=2880&amp;quality=70 1x, https:\/\/www.capgemini.com\/wp-content\/uploads\/2022\/08\/advanced-manufacturing-banner-2880-X-1800.jpg?w=2880&amp;quality=70 2x\" media=\"(min-width: 1500px)\"\/><source srcset=\"https:\/\/www.capgemini.com\/wp-content\/uploads\/2022\/08\/advanced-manufacturing-banner-2880-X-1800.jpg?w=1440&amp;quality=70 1x, https:\/\/www.capgemini.com\/wp-content\/uploads\/2022\/08\/advanced-manufacturing-banner-2880-X-1800.jpg?w=2880&amp;quality=70 2x\" media=\"(min-width: 992px)\"\/><source srcset=\"https:\/\/www.capgemini.com\/wp-content\/uploads\/2022\/08\/advanced-manufacturing-banner-2880-X-1800.jpg?w=1024&amp;quality=70 1x, https:\/\/www.capgemini.com\/wp-content\/uploads\/2022\/08\/advanced-manufacturing-banner-2880-X-1800.jpg?w=1024&amp;quality=70 2x\" media=\"(min-width: 768px)\"\/><source srcset=\"https:\/\/www.capgemini.com\/wp-content\/uploads\/2022\/08\/advanced-manufacturing-banner-2880-X-1800.jpg?w=768&amp;quality=70 1x, https:\/\/www.capgemini.com\/wp-content\/uploads\/2022\/08\/advanced-manufacturing-banner-2880-X-1800.jpg?w=768&amp;quality=70 2x\" media=\"(min-width: 0)\"\/><img decoding=\"async\" src=\"https:\/\/www.capgemini.com\/wp-content\/uploads\/2022\/08\/advanced-manufacturing-banner-2880-X-1800.jpg\" class=\"header-img header-img-d\" alt=\"\" style=\"object-fit:cover;object-position:45% 22%\" loading=\"eager\"\/><\/picture><\/div><div class=\"heroPictureCardHeaderShape\"><\/div><div class=\"container\"><div class=\"row\"><div class=\"col-md-12\"><div class=\"box\"><div class=\"boxTagWrapper\"><div class=\"tagInfo\"><div><span class=\"box-tag\">Solution<\/span><\/div><\/div><\/div><div class=\"box-title\"><h1 data-maxlength=\"34\">Transforma, m\u00e1s all\u00e1 de la industria 4.0, con advanced manufacturing<\/h1><\/div><div class=\"inner-row-insight download-btn\"><div class=\"col-md-4 downloadFiles \"><a class=\"button-download--small\" type=\"download\" href=\"https:\/\/www.capgemini.com\/wp-content\/uploads\/2022\/08\/Manufacturing-Advantage_Brochure.pdf\" target=\"_blank\" rel=\"noopener noreferrer\" title=\"abrir en una nueva ventana\"><span>Download brochure<\/span><span class=\"type\">3 MB pdf<\/span><\/a><\/div><div class=\"col-md-4 downloadFiles \"><a class=\"button-download--small\" type=\"download\" href=\"https:\/\/www.capgemini.com\/wp-content\/uploads\/2022\/09\/Whitepaper_Capgeminis-Manufacturing-Advantage-with-Oracle-SCM-Cloud.pdf\" target=\"_blank\" rel=\"noopener noreferrer\" title=\"abrir en una nueva ventana\"><span>Download whitepaper<\/span><span class=\"type\">3 MB pdf<\/span><\/a><\/div><\/div><\/div><\/div><\/div><\/div><\/header>\n\n\n\n<section class=\"wp-block-cg-blocks-intro-para undefined section section--intro\"><div class=\"intro-para\"><div class=\"container\"><div class=\"row\"><div class=\"col-12 col-md-1\"><nav class=\"article-social\"><ul class=\"social-nav\"><li class=\"ip-order-fb\"><a href=\"https:\/\/www.facebook.com\/sharer\/sharer.php?u=https:\/\/www.capgemini.com\/es-es\/soluciones\/transforma-mas-alla-de-la-industria-4-0-con-advanced-manufacturing\/\" target=\"_blank\" rel=\"noopener noreferrer\" title=\"abrir en una nueva ventana\"><i aria-hidden=\"true\" class=\"icon-fb\"><\/i><span class=\"sr-only\">Facebook<\/span><\/a><\/li><li class=\"ip-order-li\"><a href=\"https:\/\/www.linkedin.com\/sharing\/share-offsite\/?url=https:\/\/www.capgemini.com\/es-es\/soluciones\/transforma-mas-alla-de-la-industria-4-0-con-advanced-manufacturing\/\" target=\"_blank\" rel=\"noopener noreferrer\" title=\"abrir en una nueva ventana\"><i aria-hidden=\"true\" class=\"icon-li\"><\/i><span class=\"sr-only\">Linkedin<\/span><\/a><\/li><\/ul><\/nav><\/div><div class=\"col-12 col-md-11 col-lg-10\"><h2 class=\"intro-para-title\">\u00bfQu\u00e9 robustez tiene tu cadena de suministro?<\/h2><p class=\"intro-para-content\">Para ser m\u00e1s resilientes y progresar en un mercado vol\u00e1til, los fabricantes han de mejorar los complejos sistemas legados y acelerar sus negocios en la nube. Para permanecer en la vanguardia de la competencia, los fabricantes suelen tener necesidades muy espec\u00edficas que requieren una gran personalizaci\u00f3n. Sin embargo, si no cuentan con procesos y tecnolog\u00eda de fabricaci\u00f3n avanzados, los procesos de implantaci\u00f3n pueden ser lentos y los costes altos.<br><br><strong>Ah\u00ed es donde entra en juego la soluci\u00f3n Manufacturing Advantage de Capgemini.<\/strong><\/p><\/div><\/div><\/div><\/div><\/section>\n\n\n\n<section class=\"wp-block-cg-blocks-intro-para-video section section--info-2cols section--insights section-video \"><div class=\"bg-color video-align-right\"><div class=\"container\"><div class=\"row video-align-left\"><div class=\"col-md-12\"><div class=\"video-align-left row box box--4 box--mini\"><div class=\"col-md-3\"><h3 class=\"Video-title\" data-maxlength=\"34\">Ventaja en Manufactura<\/h3><div class=\"video-info\"><p data-maxlength=\"68\"><\/p><\/div><\/div><div class=\"col-md-8 box-img-wrapper\"><div class=\"video-box\"><div class=\"video-wrapper\"><iframe title=\"video-section\" src=\"https:\/\/www.youtube.com\/embed\/Ma4wLxNWftU?rel=0&amp;modestbranding=1&amp;playsinline=1&amp;enablejsapi=1\" frameborder=\"0\" allow=\"accelerometer; autoplay; clipboard-write; encrypted-media; gyroscope; picture-in-picture\" allowfullscreen loading=\"lazy\" referrerpolicy=\"strict-origin-when-cross-origin\"><\/iframe><\/div><\/div><\/div><div class=\"col-md-1\"><\/div><\/div><\/div><\/div><\/div><\/div><\/section>\n\n\n\n<section class=\"wp-block-cg-blocks-group undefined section section--article-content\"><div class=\"article-main-content\"><div class=\"container\"><div class=\"row\"><div class=\"col-12 col-md-11 col-lg-10 offset-md-1 offset-lg-1\"><div class=\"article-text article-quote-text\">\n<p>Creado espec\u00edficamente para los fabricantes, Manufacturing Advantage combina la potencia de Oracle Fusion SCM Cloud y los aceleradores e IP espec\u00edficos del sector de Capgemini, para acelerar el proceso de adopci\u00f3n de la nube. Nuestra soluci\u00f3n de fabricaci\u00f3n avanzada potencia tu negocio con mayor agilidad, visibilidad e innovaci\u00f3n. Podr\u00e1s anticiparte a las circunstancias del mercado, abordar de forma proactiva las necesidades de los clientes y ofrecer de forma continua un mejor rendimiento utilizando tecnolog\u00edas inteligentes, m\u00e1s r\u00e1pido que nunca.<\/p>\n\n\n\n<h4 class=\"wp-block-heading\" id=\"h-con-manufacturing-advantage-las-empresas-pueden-dedicar-mas-tiempo-a-lo-que-de-verdad-importa-aqui-te-explicamos-como\"><strong>Con Manufacturing Advantage, las empresas pueden dedicar m\u00e1s tiempo a lo que de verdad importa. Aqu\u00ed te explicamos c\u00f3mo:<\/strong><\/h4>\n\n\n\n<ul class=\"wp-block-list\">\n<li>Una plataforma preconfigurada, que utiliza una arquitectura de sistema simplificada que puede ponerse en funcionamiento de forma r\u00e1pida, lo que te permite adoptar una cadena de suministro digital, reduciendo los costes y recuperando el tiempo para dedicarlo a lo que importa: la innovaci\u00f3n de productos.<\/li>\n\n\n\n<li>Capacidades out of the box, que establecen las bases de una empresa flexible y \u00e1gil, con una cadena de suministro centrada en el cliente, planificaci\u00f3n empresarial y reserva de cash gestionada.<\/li>\n\n\n\n<li>Prepara tu organizaci\u00f3n para el futuro proporcionando acceso a funcionalidades avanzadas como la fabricaci\u00f3n aditiva, la f\u00e1brica conectada y el gemelo digital.<\/li>\n<\/ul>\n\n\n\n<p><strong>Para aprovechar los beneficios de Manufacturing Advantage de Capgemini con Oracle SCM Cloud para tu negocio, puedes contactar para una sesi\u00f3n personalizada utilizando el siguiente formulario.<\/strong><\/p>\n<\/div><\/div><\/div><\/div><\/div><\/section>\n\n\n\n<section class=\"wp-block-cg-blocks-group undefined section section--article-content\"><div class=\"article-main-content\"><div class=\"container\"><div class=\"row\"><div class=\"col-12 col-md-11 col-lg-10 offset-md-1 offset-lg-1\"><div class=\"article-text article-quote-text\">\n<div style=\"height:30px\" aria-hidden=\"true\" class=\"wp-block-spacer\"><\/div>\n<\/div><\/div><\/div><\/div><\/div><\/section>\n\n\n\n<section class=\"wp-block-cg-blocks-wrapper-partners undefined section section--partners-small\"><div class=\"container\"><div class=\"content-title\"><h2 class=\"partner-heading\">Nuestros socios<\/h2><\/div><div class=\"row\">\n<div class=\"col-6 col-md-4 col-lg-2 small\">\n            <a href=\"https:\/\/www.capgemini.com\/es-es\/sobre-nosotros\/alianzas\/oracle\/\" class=\"partner-box-title\" aria-label=\"La tecnolog\u00eda basada en la nube de Oracle cubre todas las \u00e1reas de la empresa\">\n        <div class=\"partner-box\">\n                                                     <div class=\"partner-box-bottom\">\n                        <img decoding=\"async\" loading=\"lazy\" src=\"https:\/\/www.capgemini.com\/wp-content\/uploads\/2024\/07\/oracle.png?w=350&#038;quality=70\" alt=\"\" class=\"partner-box-logo light\">\n\n                                                    <img decoding=\"async\" loading=\"lazy\" src=\"https:\/\/www.capgemini.com\/es-es\/wp-content\/uploads\/sites\/16\/2025\/10\/Partners-oracle.png?w=350&#038;quality=70\" alt=\"\" class=\"partner-box-logo dark\">\n\n                            \n                    <\/div>\n                                                    <\/div>\n            <\/a>\n    <\/div>\n\n<\/div><\/div><\/section>\n","protected":false},"excerpt":{"rendered":"","protected":false},"author":35,"featured_media":36722,"parent":537594,"menu_order":0,"comment_status":"closed","ping_status":"closed","template":"","meta":{"cg_dt_proposed_to":[0],"cg_seo_hreflang_relations":"[]","cg_seo_canonical_relation":"","cg_seo_hreflang_x_default_relation":"{\"uuid\":\"fe6366b0-9d58-407f-b14c-399da0f6155c\",\"blogId\":\"\",\"domain\":\"\",\"sitePath\":\"\",\"postLink\":\"\",\"postId\":null,\"isSaved\":false,\"isCrossLink\":false,\"hasCrossLink\":false}","cg_dt_approved_content":false,"cg_dt_mandatory_content":false,"cg_dt_notes":"","cg_dg_source_changed":false,"cg_dt_link_disabled":false,"_yoast_wpseo_primary_brand":"","footnotes":"","featured_focal_points":"","partner_card_description":"","gsap_animation":0},"brand":[],"partner_type":[],"service":[166],"industry":[],"partners":[216],"page-type":[339],"content-group":[],"class_list":["post-36721","page","type-page","status-publish","has-post-thumbnail","hentry","service-intelligent-industry","partners-oracle","page-type-solutions"],"yoast_head":"<!-- This site is optimized with the Yoast SEO Premium plugin v22.8 (Yoast SEO v22.8) - https:\/\/yoast.com\/wordpress\/plugins\/seo\/ -->\n<title>Transforma, m\u00e1s all\u00e1 de la industria 4.0, con advanced manufacturing | Capgemini<\/title>\n<meta name=\"description\" content=\"Manufacturing Advantage es una soluci\u00f3n de Capgemini con Oracle SCM Cloud para acelerar el proceso de adopci\u00f3n de la nube.\" \/>\n<meta name=\"robots\" content=\"index, follow, max-snippet:-1, max-image-preview:large, max-video-preview:-1\" \/>\n<link rel=\"canonical\" href=\"https:\/\/www.capgemini.com\/es-es\/soluciones\/transforma-mas-alla-de-la-industria-4-0-con-advanced-manufacturing\/\" \/>\n<meta property=\"og:locale\" content=\"es_ES\" \/>\n<meta property=\"og:type\" content=\"article\" \/>\n<meta property=\"og:title\" content=\"Transforma, m\u00e1s all\u00e1 de la industria 4.0, con advanced manufacturing\" \/>\n<meta property=\"og:description\" content=\"Manufacturing Advantage es una soluci\u00f3n de Capgemini con Oracle SCM Cloud para acelerar el proceso de adopci\u00f3n de la nube.\" \/>\n<meta property=\"og:url\" content=\"https:\/\/www.capgemini.com\/es-es\/soluciones\/transforma-mas-alla-de-la-industria-4-0-con-advanced-manufacturing\/\" \/>\n<meta property=\"og:site_name\" content=\"Capgemini Spain\" \/>\n<meta property=\"article:modified_time\" content=\"2026-01-06T08:00:24+00:00\" \/>\n<meta property=\"og:image\" content=\"https:\/\/www.capgemini.com\/es-es\/wp-content\/uploads\/sites\/16\/2025\/10\/New-Web-preview-global.jpg\" \/>\n\t<meta property=\"og:image:width\" content=\"1200\" \/>\n\t<meta property=\"og:image:height\" content=\"627\" \/>\n\t<meta property=\"og:image:type\" content=\"image\/jpeg\" \/>\n<meta name=\"twitter:card\" content=\"summary_large_image\" \/>\n<meta name=\"twitter:label1\" content=\"Est. reading time\" \/>\n\t<meta name=\"twitter:data1\" content=\"2 minutes\" \/>\n<script type=\"application\/ld+json\" class=\"yoast-schema-graph\">{\"@context\":\"https:\/\/schema.org\",\"@graph\":[{\"@type\":\"WebPage\",\"@id\":\"https:\/\/www.capgemini.com\/es-es\/soluciones\/transforma-mas-alla-de-la-industria-4-0-con-advanced-manufacturing\/\",\"url\":\"https:\/\/www.capgemini.com\/es-es\/soluciones\/transforma-mas-alla-de-la-industria-4-0-con-advanced-manufacturing\/\",\"name\":\"Transforma, m\u00e1s all\u00e1 de la industria 4.0, con advanced manufacturing | Capgemini\",\"isPartOf\":{\"@id\":\"https:\/\/www.capgemini.com\/es-es\/#website\"},\"primaryImageOfPage\":{\"@id\":\"https:\/\/www.capgemini.com\/es-es\/soluciones\/transforma-mas-alla-de-la-industria-4-0-con-advanced-manufacturing\/#primaryimage\"},\"image\":{\"@id\":\"https:\/\/www.capgemini.com\/es-es\/soluciones\/transforma-mas-alla-de-la-industria-4-0-con-advanced-manufacturing\/#primaryimage\"},\"thumbnailUrl\":\"\",\"datePublished\":\"2022-08-12T12:35:14+00:00\",\"dateModified\":\"2026-01-06T08:00:24+00:00\",\"description\":\"Manufacturing Advantage es una soluci\u00f3n de Capgemini con Oracle SCM Cloud para acelerar el proceso de adopci\u00f3n de la nube.\",\"breadcrumb\":{\"@id\":\"https:\/\/www.capgemini.com\/es-es\/soluciones\/transforma-mas-alla-de-la-industria-4-0-con-advanced-manufacturing\/#breadcrumb\"},\"inLanguage\":\"es-ES\",\"potentialAction\":[{\"@type\":\"ReadAction\",\"target\":[\"https:\/\/www.capgemini.com\/es-es\/soluciones\/transforma-mas-alla-de-la-industria-4-0-con-advanced-manufacturing\/\"]}]},{\"@type\":\"ImageObject\",\"inLanguage\":\"es-ES\",\"@id\":\"https:\/\/www.capgemini.com\/es-es\/soluciones\/transforma-mas-alla-de-la-industria-4-0-con-advanced-manufacturing\/#primaryimage\",\"url\":\"\",\"contentUrl\":\"\"},{\"@type\":\"BreadcrumbList\",\"@id\":\"https:\/\/www.capgemini.com\/es-es\/soluciones\/transforma-mas-alla-de-la-industria-4-0-con-advanced-manufacturing\/#breadcrumb\",\"itemListElement\":[{\"@type\":\"ListItem\",\"position\":1,\"name\":\"Home\",\"item\":\"https:\/\/www.capgemini.com\/es-es\/\"},{\"@type\":\"ListItem\",\"position\":2,\"name\":\"Soluciones\",\"item\":\"https:\/\/www.capgemini.com\/es-es\/soluciones\/\"},{\"@type\":\"ListItem\",\"position\":3,\"name\":\"Transforma, m\u00e1s all\u00e1 de la industria 4.0, con advanced manufacturing\"}]},{\"@type\":\"WebSite\",\"@id\":\"https:\/\/www.capgemini.com\/es-es\/#website\",\"url\":\"https:\/\/www.capgemini.com\/es-es\/\",\"name\":\"Capgemini Espa\u00f1a\",\"description\":\"Capgemini\",\"potentialAction\":[{\"@type\":\"SearchAction\",\"target\":{\"@type\":\"EntryPoint\",\"urlTemplate\":\"https:\/\/www.capgemini.com\/es-es\/?s={search_term_string}\"},\"query-input\":\"required name=search_term_string\"}],\"inLanguage\":\"es-ES\"}]}<\/script>\n<!-- \/ Yoast SEO Premium plugin. -->","yoast_head_json":{"title":"Transforma, m\u00e1s all\u00e1 de la industria 4.0, con advanced manufacturing | Capgemini","description":"Manufacturing Advantage es una soluci\u00f3n de Capgemini con Oracle SCM Cloud para acelerar el proceso de adopci\u00f3n de la nube.","robots":{"index":"index","follow":"follow","max-snippet":"max-snippet:-1","max-image-preview":"max-image-preview:large","max-video-preview":"max-video-preview:-1"},"canonical":"https:\/\/www.capgemini.com\/es-es\/soluciones\/transforma-mas-alla-de-la-industria-4-0-con-advanced-manufacturing\/","og_locale":"es_ES","og_type":"article","og_title":"Transforma, m\u00e1s all\u00e1 de la industria 4.0, con advanced manufacturing","og_description":"Manufacturing Advantage es una soluci\u00f3n de Capgemini con Oracle SCM Cloud para acelerar el proceso de adopci\u00f3n de la nube.","og_url":"https:\/\/www.capgemini.com\/es-es\/soluciones\/transforma-mas-alla-de-la-industria-4-0-con-advanced-manufacturing\/","og_site_name":"Capgemini Spain","article_modified_time":"2026-01-06T08:00:24+00:00","og_image":[{"width":1200,"height":627,"url":"https:\/\/www.capgemini.com\/es-es\/wp-content\/uploads\/sites\/16\/2025\/10\/New-Web-preview-global.jpg","type":"image\/jpeg"}],"twitter_card":"summary_large_image","twitter_misc":{"Est. reading time":"2 minutes"},"schema":{"@context":"https:\/\/schema.org","@graph":[{"@type":"WebPage","@id":"https:\/\/www.capgemini.com\/es-es\/soluciones\/transforma-mas-alla-de-la-industria-4-0-con-advanced-manufacturing\/","url":"https:\/\/www.capgemini.com\/es-es\/soluciones\/transforma-mas-alla-de-la-industria-4-0-con-advanced-manufacturing\/","name":"Transforma, m\u00e1s all\u00e1 de la industria 4.0, con advanced manufacturing | Capgemini","isPartOf":{"@id":"https:\/\/www.capgemini.com\/es-es\/#website"},"primaryImageOfPage":{"@id":"https:\/\/www.capgemini.com\/es-es\/soluciones\/transforma-mas-alla-de-la-industria-4-0-con-advanced-manufacturing\/#primaryimage"},"image":{"@id":"https:\/\/www.capgemini.com\/es-es\/soluciones\/transforma-mas-alla-de-la-industria-4-0-con-advanced-manufacturing\/#primaryimage"},"thumbnailUrl":"","datePublished":"2022-08-12T12:35:14+00:00","dateModified":"2026-01-06T08:00:24+00:00","description":"Manufacturing Advantage es una soluci\u00f3n de Capgemini con Oracle SCM Cloud para acelerar el proceso de adopci\u00f3n de la nube.","breadcrumb":{"@id":"https:\/\/www.capgemini.com\/es-es\/soluciones\/transforma-mas-alla-de-la-industria-4-0-con-advanced-manufacturing\/#breadcrumb"},"inLanguage":"es-ES","potentialAction":[{"@type":"ReadAction","target":["https:\/\/www.capgemini.com\/es-es\/soluciones\/transforma-mas-alla-de-la-industria-4-0-con-advanced-manufacturing\/"]}]},{"@type":"ImageObject","inLanguage":"es-ES","@id":"https:\/\/www.capgemini.com\/es-es\/soluciones\/transforma-mas-alla-de-la-industria-4-0-con-advanced-manufacturing\/#primaryimage","url":"","contentUrl":""},{"@type":"BreadcrumbList","@id":"https:\/\/www.capgemini.com\/es-es\/soluciones\/transforma-mas-alla-de-la-industria-4-0-con-advanced-manufacturing\/#breadcrumb","itemListElement":[{"@type":"ListItem","position":1,"name":"Home","item":"https:\/\/www.capgemini.com\/es-es\/"},{"@type":"ListItem","position":2,"name":"Soluciones","item":"https:\/\/www.capgemini.com\/es-es\/soluciones\/"},{"@type":"ListItem","position":3,"name":"Transforma, m\u00e1s all\u00e1 de la industria 4.0, con advanced manufacturing"}]},{"@type":"WebSite","@id":"https:\/\/www.capgemini.com\/es-es\/#website","url":"https:\/\/www.capgemini.com\/es-es\/","name":"Capgemini Espa\u00f1a","description":"Capgemini","potentialAction":[{"@type":"SearchAction","target":{"@type":"EntryPoint","urlTemplate":"https:\/\/www.capgemini.com\/es-es\/?s={search_term_string}"},"query-input":"required name=search_term_string"}],"inLanguage":"es-ES"}]}},"brand_term":[],"parsely":{"version":"1.1.0","canonical_url":"https:\/\/capgemini.com\/es-es\/soluciones\/transforma-mas-alla-de-la-industria-4-0-con-advanced-manufacturing\/","smart_links":{"inbound":0,"outbound":0},"traffic_boost_suggestions_count":0,"meta":{"@context":"https:\/\/schema.org","@type":"WebPage","headline":"Transforma, m\u00e1s all\u00e1 de la industria 4.0, con advanced manufacturing","url":"https:\/\/www.capgemini.com\/es-es\/soluciones\/transforma-mas-alla-de-la-industria-4-0-con-advanced-manufacturing\/","mainEntityOfPage":{"@type":"WebPage","@id":"https:\/\/www.capgemini.com\/es-es\/soluciones\/transforma-mas-alla-de-la-industria-4-0-con-advanced-manufacturing\/"},"thumbnailUrl":"","image":{"@type":"ImageObject","url":""},"articleSection":"Uncategorized","author":[],"creator":[],"publisher":{"@type":"Organization","name":"Capgemini Spain","logo":""},"keywords":[],"dateCreated":"2022-08-12T12:35:14Z","datePublished":"2022-08-12T12:35:14Z","dateModified":"2026-01-06T08:00:24Z"},"rendered":"<meta name=\"parsely-title\" content=\"Transforma, m\u00e1s all\u00e1 de la industria 4.0, con advanced manufacturing\" \/>\n<meta name=\"parsely-link\" content=\"https:\/\/www.capgemini.com\/es-es\/soluciones\/transforma-mas-alla-de-la-industria-4-0-con-advanced-manufacturing\/\" \/>\n<meta name=\"parsely-type\" content=\"index\" \/>\n<meta name=\"parsely-pub-date\" content=\"2022-08-12T12:35:14Z\" \/>\n<meta name=\"parsely-section\" content=\"Uncategorized\" \/>","tracker_url":"https:\/\/cdn.parsely.com\/keys\/capgemini.com\/p.js"},"archive_status":false,"featured_image_src":"https:\/\/www.capgemini.com\/es-es\/wp-content\/themes\/capgemini2025\/assets\/images\/mockup.png","featured_image_alt":"","jetpack_sharing_enabled":true,"distributor_meta":false,"distributor_terms":false,"distributor_media":false,"distributor_original_site_name":"Capgemini Spain","distributor_original_site_url":"https:\/\/www.capgemini.com\/es-es","push-errors":false,"_links":{"self":[{"href":"https:\/\/www.capgemini.com\/es-es\/wp-json\/wp\/v2\/pages\/36721","targetHints":{"allow":["GET"]}}],"collection":[{"href":"https:\/\/www.capgemini.com\/es-es\/wp-json\/wp\/v2\/pages"}],"about":[{"href":"https:\/\/www.capgemini.com\/es-es\/wp-json\/wp\/v2\/types\/page"}],"author":[{"embeddable":true,"href":"https:\/\/www.capgemini.com\/es-es\/wp-json\/wp\/v2\/users\/35"}],"replies":[{"embeddable":true,"href":"https:\/\/www.capgemini.com\/es-es\/wp-json\/wp\/v2\/comments?post=36721"}],"version-history":[{"count":5,"href":"https:\/\/www.capgemini.com\/es-es\/wp-json\/wp\/v2\/pages\/36721\/revisions"}],"predecessor-version":[{"id":577993,"href":"https:\/\/www.capgemini.com\/es-es\/wp-json\/wp\/v2\/pages\/36721\/revisions\/577993"}],"up":[{"embeddable":true,"href":"https:\/\/www.capgemini.com\/es-es\/wp-json\/wp\/v2\/pages\/537594"}],"wp:featuredmedia":[{"embeddable":true,"href":"https:\/\/www.capgemini.com\/es-es\/wp-json\/"}],"wp:attachment":[{"href":"https:\/\/www.capgemini.com\/es-es\/wp-json\/wp\/v2\/media?parent=36721"}],"wp:term":[{"taxonomy":"brand","embeddable":true,"href":"https:\/\/www.capgemini.com\/es-es\/wp-json\/wp\/v2\/brand?post=36721"},{"taxonomy":"partner_type","embeddable":true,"href":"https:\/\/www.capgemini.com\/es-es\/wp-json\/wp\/v2\/partner_type?post=36721"},{"taxonomy":"service","embeddable":true,"href":"https:\/\/www.capgemini.com\/es-es\/wp-json\/wp\/v2\/service?post=36721"},{"taxonomy":"industry","embeddable":true,"href":"https:\/\/www.capgemini.com\/es-es\/wp-json\/wp\/v2\/industry?post=36721"},{"taxonomy":"partners","embeddable":true,"href":"https:\/\/www.capgemini.com\/es-es\/wp-json\/wp\/v2\/partners?post=36721"},{"taxonomy":"page-type","embeddable":true,"href":"https:\/\/www.capgemini.com\/es-es\/wp-json\/wp\/v2\/page-type?post=36721"},{"taxonomy":"content-group","embeddable":true,"href":"https:\/\/www.capgemini.com\/es-es\/wp-json\/wp\/v2\/content-group?post=36721"}],"curies":[{"name":"wp","href":"https:\/\/api.w.org\/{rel}","templated":true}]}}