{"id":829631,"date":"2022-11-24T08:16:33","date_gmt":"2022-11-24T08:16:33","guid":{"rendered":"https:\/\/www.capgemini.com\/dk-en\/?page_id=829631"},"modified":"2025-03-18T16:18:53","modified_gmt":"2025-03-18T16:18:53","slug":"ski-godkendt-til-at-hjaelpe-det-offentlige","status":"publish","type":"page","link":"https:\/\/www.capgemini.com\/dk-en\/industries\/ski-godkendt-til-at-hjaelpe-det-offentlige\/","title":{"rendered":"SKI-godkendt til at hj\u00e6lpe det offentlige"},"content":{"rendered":"\n<div class=\"wp-block-cg-blocks-hero-picture-card undefined  heroPictureCard\"><div class=\"heroPictureCardBgs\"><picture><source srcset=\"https:\/\/www.capgemini.com\/dk-en\/wp-content\/uploads\/sites\/7\/2022\/11\/SKI-godkendt-til-at-hjaelpe-det-offentlige.jpg?w=2880&amp;quality=70 1x, https:\/\/www.capgemini.com\/dk-en\/wp-content\/uploads\/sites\/7\/2022\/11\/SKI-godkendt-til-at-hjaelpe-det-offentlige.jpg?w=2880&amp;quality=70 2x\" media=\"(min-width: 1500px)\"\/><source srcset=\"https:\/\/www.capgemini.com\/dk-en\/wp-content\/uploads\/sites\/7\/2022\/11\/SKI-godkendt-til-at-hjaelpe-det-offentlige.jpg?w=1440&amp;quality=70 1x, https:\/\/www.capgemini.com\/dk-en\/wp-content\/uploads\/sites\/7\/2022\/11\/SKI-godkendt-til-at-hjaelpe-det-offentlige.jpg?w=2880&amp;quality=70 2x\" media=\"(min-width: 992px)\"\/><source srcset=\"https:\/\/www.capgemini.com\/dk-en\/wp-content\/uploads\/sites\/7\/2022\/11\/SKI-godkendt-til-at-hjaelpe-det-offentlige.jpg?w=1024&amp;quality=70 1x, https:\/\/www.capgemini.com\/dk-en\/wp-content\/uploads\/sites\/7\/2022\/11\/SKI-godkendt-til-at-hjaelpe-det-offentlige.jpg?w=1024&amp;quality=70 2x\" media=\"(min-width: 768px)\"\/><source srcset=\"https:\/\/www.capgemini.com\/dk-en\/wp-content\/uploads\/sites\/7\/2022\/11\/SKI-godkendt-til-at-hjaelpe-det-offentlige.jpg?w=768&amp;quality=70 1x, https:\/\/www.capgemini.com\/dk-en\/wp-content\/uploads\/sites\/7\/2022\/11\/SKI-godkendt-til-at-hjaelpe-det-offentlige.jpg?w=768&amp;quality=70 2x\" media=\"(min-width: 0)\"\/><img decoding=\"async\" src=\"https:\/\/www.capgemini.com\/dk-en\/wp-content\/uploads\/sites\/7\/2022\/11\/SKI-godkendt-til-at-hjaelpe-det-offentlige.jpg\" class=\"desktopImage\" alt=\"\" style=\"object-fit:cover;object-position:50% 50%\" loading=\"eager\"\/><\/picture><picture><source srcset=\"https:\/\/www.capgemini.com\/dk-en\/wp-content\/uploads\/sites\/7\/2022\/11\/SKI-godkendt-til-at-hjaelpe-det-offentlige.jpg?w=2880&amp;quality=70 1x, https:\/\/www.capgemini.com\/dk-en\/wp-content\/uploads\/sites\/7\/2022\/11\/SKI-godkendt-til-at-hjaelpe-det-offentlige.jpg?w=2880&amp;quality=70 2x\" media=\"(min-width: 1500px)\"\/><source srcset=\"https:\/\/www.capgemini.com\/dk-en\/wp-content\/uploads\/sites\/7\/2022\/11\/SKI-godkendt-til-at-hjaelpe-det-offentlige.jpg?w=1440&amp;quality=70 1x, https:\/\/www.capgemini.com\/dk-en\/wp-content\/uploads\/sites\/7\/2022\/11\/SKI-godkendt-til-at-hjaelpe-det-offentlige.jpg?w=2880&amp;quality=70 2x\" media=\"(min-width: 992px)\"\/><source srcset=\"https:\/\/www.capgemini.com\/dk-en\/wp-content\/uploads\/sites\/7\/2022\/11\/SKI-godkendt-til-at-hjaelpe-det-offentlige.jpg?w=1024&amp;quality=70 1x, https:\/\/www.capgemini.com\/dk-en\/wp-content\/uploads\/sites\/7\/2022\/11\/SKI-godkendt-til-at-hjaelpe-det-offentlige.jpg?w=1024&amp;quality=70 2x\" media=\"(min-width: 768px)\"\/><source srcset=\"https:\/\/www.capgemini.com\/dk-en\/wp-content\/uploads\/sites\/7\/2022\/11\/SKI-godkendt-til-at-hjaelpe-det-offentlige.jpg?w=768&amp;quality=70 1x, https:\/\/www.capgemini.com\/dk-en\/wp-content\/uploads\/sites\/7\/2022\/11\/SKI-godkendt-til-at-hjaelpe-det-offentlige.jpg?w=768&amp;quality=70 2x\" media=\"(min-width: 0)\"\/><img decoding=\"async\" src=\"https:\/\/www.capgemini.com\/dk-en\/wp-content\/uploads\/sites\/7\/2022\/11\/SKI-godkendt-til-at-hjaelpe-det-offentlige.jpg\" class=\"mobileImage\" alt=\"\" style=\"object-fit:cover;object-position:50% 50%\" loading=\"eager\"\/><\/picture><\/div><div class=\"heroPictureCardHeaderShape\"><\/div><div class=\"container\"><div class=\"row\"><div class=\"col-md-8 col-lg-6\"><div class=\"heroPictureCardBox\"><div class=\"heroPictureCardBoxTitle\"><h1 data-maxlength=\"144\">SKI-godkendt til at hj\u00e6lpe det offentlige<\/h1><\/div><\/div><\/div><\/div><\/div><div class=\"small-device\"><div class=\"brandLogoWrapper\"> <\/div><\/div><\/div>\n\n\n\n<section class=\"wp-block-cg-blocks-group undefined section section--article-content\"><div class=\"article-main-content\"><div class=\"container\"><div class=\"row\"><div class=\"col-12 col-md-1\"><nav class=\"article-social\"><ul class=\"social-nav\"><li class=\"ip-order-fb\"><a href=\"https:\/\/www.facebook.com\/sharer\/sharer.php?u=https:\/\/www.capgemini.com\/dk-en\/?page_id=829631\" target=\"_blank\" rel=\"noopener noreferrer\" title=\"opens in a new window\"><i aria-hidden=\"true\" class=\"icon-fb\"><\/i><span class=\"sr-only\">Facebook<\/span><\/a><\/li><li class=\"ip-order-tw\"><a href=\"https:\/\/twitter.com\/intent\/tweet?url=https:\/\/www.capgemini.com\/dk-en\/?page_id=829631&amp;text=\" target=\"_blank\" rel=\"noopener noreferrer\" title=\"opens in a new window\"><i aria-hidden=\"true\" class=\"icon-tw\"><\/i><span class=\"sr-only\">Twitter<\/span><\/a><\/li><li class=\"ip-order-li\"><a href=\"https:\/\/www.linkedin.com\/sharing\/share-offsite\/?url=https:\/\/www.capgemini.com\/dk-en\/?page_id=829631&amp;text=\" target=\"_blank\" rel=\"noopener noreferrer\" title=\"opens in a new window\"><i aria-hidden=\"true\" class=\"icon-li\"><\/i><span class=\"sr-only\">Linkedin<\/span><\/a><\/li><\/ul><\/nav><\/div><div class=\"col-12 col-md-11 col-lg-10\"><div class=\"article-text article-quote-text\">\n<h4 class=\"wp-block-heading\" id=\"h-capgemini-danmark-leverer-til-den-offentlige-sektor-pa-ski-17-13-ski-02-15-ski-02-17-samt-ski-02-18-som-global-leder-indenfor-konsulent-og-teknologiydelser-samt-digital-transformation-er-capgemini-pa-forkant-med-innovation-inden-for-blandt-andet-cloud-digital-transformation-og-platforme\">Capgemini Danmark leverer til den offentlige sektor p\u00e5 SKI 17.13 SKI 02.15, SKI 02.17 samt SKI 02.18. Som global leder indenfor konsulent- og teknologiydelser samt digital transformation, er Capgemini p\u00e5 forkant med innovation inden for blandt andet Cloud, Digital Transformation og Platforme.<\/h4>\n\n\n\n<p>Vi har igennem de sidste 30 \u00e5r i Danmark leveret en r\u00e6kke ydelser og l\u00f8sninger til den offentlige sektor, bl.a. til&nbsp;<em>Skatteministeriet<\/em>,&nbsp;<em>K\u00f8benhavns Kommune,&nbsp;Rigspolitiet, Digitaliseringsstyrelsen, Besk\u00e6ftigelsesministeriet, Domstolsstyrelsen og Energinet<\/em>. Med bund i mere end 50 \u00e5rs arv og ekspertise hj\u00e6lper vi offentlige organisationer til forretningsm\u00e6ssige resultater med l\u00f8sninger fra strategi til drift.<\/p>\n\n\n\n<figure class=\"wp-block-image aligncenter size-full\"><img loading=\"lazy\" decoding=\"async\" width=\"300\" height=\"130\" src=\"https:\/\/www.capgemini.com\/dk-en\/wp-content\/uploads\/sites\/7\/2022\/11\/SKI-logo.png\" alt=\"\" class=\"wp-image-830878\"\/><\/figure>\n\n\n\n<p>Capgemini er repr\u00e6senteret p\u00e5 fire konsulentrammeaftaler SKI 17.13, 02.15, 02.17 og 02.18 med konkurrencedygtige timepriser p\u00e5 konsulentyderser inden for en lang r\u00e6kke omr\u00e5der. De fire rammeaftaler adskiller sig lidt fra hinanden, og vi har fors\u00f8gt at redeg\u00f8re for, hvordan de adskiller sig med nedenst\u00e5ende beskrivelser:<\/p>\n\n\n\n<h3 class=\"wp-block-heading\" id=\"h-ski-17-13-management-consulting\"><strong>SKI 17.13 \u2013 Management Consulting<\/strong><\/h3>\n\n\n\n<ul class=\"wp-block-list\">\n<li>P\u00e5 aftalen kan offentlige virksomheder rekvirere managementkonsulentydelser. Capgemini tager ansvar for at lede og gennemf\u00f8re et l\u00f8sningsforslag p\u00e5 en given opgave eller problemstilling, der hidr\u00f8rer en af de nedenfor n\u00e6vnte delaftaler:\n<ul class=\"wp-block-list\">\n<li>Strategi- og organisationsudvikling<\/li>\n\n\n\n<li>Forretningsprocesser og effektivisering<\/li>\n\n\n\n<li>Analyser\/Evalueringer<\/li>\n<\/ul>\n<\/li>\n<\/ul>\n\n\n\n<p>Aftaler p\u00e5 SKI 17.13 gennemf\u00f8res som miniudbud. Se mere p\u00e5 ski.dk<\/p>\n\n\n\n<h3 class=\"wp-block-heading\" id=\"h-ski-02-15-it-radgivning-og-deraf-afledte-opgaver\"><strong>SKI 02.15: It-r\u00e5dgivning og deraf afledte opgaver<\/strong><\/h3>\n\n\n\n<p>Med 02.15 rammeaftalen kan offentlige virksomheder foretage direkte tildeling og dermed anskaffe sig r\u00e5dgivningsbistand fra it-specialister. Disse specialister sp\u00e6nder bredt lige fra it-arkitekter, programledere, testmanagers til f.eks. DevOps specialister m.v. Konsulentbistanden leveres p\u00e5 timebasis og i henhold til den opgavebeskrivelse, som kunden har udarbejdet i forbindelse med tildelingsprocessen, der er beskrevet p\u00e5 SKI\u2019s hjemmeside. Opgaverne kan l\u00f8ses af enkeltindivider eller i teams, hvilket er op til kunden at definere. Der er ogs\u00e5 mulighed for at konsulenten eksekverer p\u00e5 den opgave, der har v\u00e6ret r\u00e5dgivet omkring.<\/p>\n\n\n\n<h3 class=\"wp-block-heading\" id=\"h-ski-02-17-udforende-konsulenter-pa-timebasis\"><strong>SKI 02.17: Udf\u00f8rende konsulenter p\u00e5 timebasis<\/strong><\/h3>\n\n\n\n<p>SKI 02.17 er en ren konsulentrammeaftale for anskaffelse af konsulentbistand p\u00e5 timebasis. Ogs\u00e5 her kan kunden foretage en direkte tildeling efter den proces som SKI har beskrevet.<\/p>\n\n\n\n<h3 class=\"wp-block-heading\"><strong>SKI 02.18: It-l\u00f8sninger og -projekter<\/strong><\/h3>\n\n\n\n<ul class=\"wp-block-list\">\n<li>Med rammeaftale 02.18 kan alle offentlige organisationer k\u00f8be komplette it-l\u00f8sninger og -projekter. Det brede sortiment tilbyder software, timebaserede ydelser til udvikling og vedligehold mv. Afgr\u00e6nsningen ligger alene i, at sortimentet funktionelt og indholdsm\u00e6ssigt ligger indenfor rammerne af de offentlige referencemodeller FORM og STORM og indenfor de teknologiomr\u00e5der og kundesegmenter, som er defineret af SKI.<\/li>\n<\/ul>\n\n\n\n<h3 class=\"wp-block-heading\"><strong>P\u00e5 SKI&nbsp;rammeaftalerne kan Capgemini bl.a. hj\u00e6lpe dig med f\u00f8lgende:<\/strong><\/h3>\n\n\n\n<ul class=\"wp-block-list\">\n<li>It-relaterede strategier<\/li>\n\n\n\n<li>It-sikkerhed, business continuity og it-compliance<\/li>\n\n\n\n<li>It-arkitektur<\/li>\n\n\n\n<li>It-governance<\/li>\n\n\n\n<li>DevOps<\/li>\n\n\n\n<li>Projekt- og programledelse<\/li>\n\n\n\n<li>Databehandling<\/li>\n\n\n\n<li>Test &amp; kvalitetssikring<\/li>\n\n\n\n<li>Udvikling af ny funktionalitet (web-portaler, CRM, selvbetjeningsl\u00f8sninger m.fl.)<\/li>\n\n\n\n<li>Tilpasning af eksisterende systemer<\/li>\n\n\n\n<li>Automatisering og robotics<\/li>\n\n\n\n<li>Analytics og BI<\/li>\n\n\n\n<li>SAP<\/li>\n\n\n\n<li>CRM<\/li>\n\n\n\n<li>Strategi- og organisationsudvikling<\/li>\n\n\n\n<li>Forretningsprocesser og effektivisering<\/li>\n\n\n\n<li>Analyser\/Evalueringer<\/li>\n<\/ul>\n\n\n\n<p>Kontakt os gerne for en dr\u00f8ftelse af, om vi kan hj\u00e6lpe dig videre med dit it-projekt. Vi deltager gerne i et afklaringsm\u00f8de og er ikke bange for at sige nej, hvis vi ikke mener, at vi kan g\u00f8re en forskel \u2013 p\u00e5 konkurrencedygtige vilk\u00e5r.<\/p>\n\n\n\n<p><\/p>\n<\/div><\/div><\/div><\/div><\/div><\/section>\n\n\n\n<section class=\"wp-block-cg-blocks-wrapper-people-slider section section--expert-slider wrapper-people-slider undefined\"><div class=\"container\"><div class=\"content-title\"><h3 data-maxlength=\"34\">Meet our Expert<\/h3><\/div><\/div><div class=\"slider slider-boxed\"><div class=\"container\"><div class=\"slider-window\"><div class=\"slider-list\">\n\n<\/div><\/div><\/div><div class=\"slider-nav\"><button class=\"slider-prev inactive\" aria-label=\"Slider previous\" tabindex=\"-1\"><\/button><ul class=\"slider-paginator\"><\/ul><button class=\"slider-next\" aria-label=\"Slider next\"><\/button><\/div><\/div><\/section>\n","protected":false},"excerpt":{"rendered":"","protected":false},"author":324,"featured_media":829632,"parent":506597,"menu_order":0,"comment_status":"closed","ping_status":"closed","template":"","meta":{"cg_dt_proposed_to":[],"cg_seo_hreflang_relations":"[]","cg_seo_canonical_relation":"","cg_seo_hreflang_x_default_relation":"","cg_dt_approved_content":true,"cg_dt_mandatory_content":false,"cg_dt_notes":"","cg_dg_source_changed":false,"cg_dt_link_disabled":false,"_yoast_wpseo_primary_brand":"","footnotes":"","featured_focal_points":"","partner_card_description":"","gsap_animation":0},"brand":[],"partner_type":[],"service":[],"industry":[62,88],"partners":[],"page-type":[163],"content-group":[],"class_list":["post-829631","page","type-page","status-publish","has-post-thumbnail","hentry","industry-aerospace-defense","industry-automotive","page-type-industry"],"yoast_head":"<!-- This site is optimized with the Yoast SEO Premium plugin v22.8 (Yoast SEO v22.8) - https:\/\/yoast.com\/wordpress\/plugins\/seo\/ -->\n<title>SKI-godkendt til at hj\u00e6lpe det offentlige - Capgemini Denmark<\/title>\n<meta name=\"robots\" content=\"index, follow, max-snippet:-1, max-image-preview:large, max-video-preview:-1\" \/>\n<link rel=\"canonical\" href=\"https:\/\/www.capgemini.com\/dk-en\/industries\/ski-godkendt-til-at-hjaelpe-det-offentlige\/\" \/>\n<meta property=\"og:locale\" content=\"en_US\" \/>\n<meta property=\"og:type\" content=\"article\" \/>\n<meta property=\"og:title\" content=\"SKI-godkendt til at hj\u00e6lpe det offentlige\" \/>\n<meta property=\"og:url\" content=\"https:\/\/www.capgemini.com\/dk-en\/industries\/ski-godkendt-til-at-hjaelpe-det-offentlige\/\" \/>\n<meta property=\"og:site_name\" content=\"Capgemini Denmark\" \/>\n<meta property=\"article:modified_time\" content=\"2025-03-18T16:18:53+00:00\" \/>\n<meta property=\"og:image\" content=\"https:\/\/www.capgemini.com\/dk-en\/wp-content\/uploads\/sites\/7\/2025\/10\/New-Web-preview-global.jpg\" \/>\n\t<meta property=\"og:image:width\" content=\"1200\" \/>\n\t<meta property=\"og:image:height\" content=\"627\" \/>\n\t<meta property=\"og:image:type\" content=\"image\/jpeg\" \/>\n<meta name=\"twitter:card\" content=\"summary_large_image\" \/>\n<meta name=\"twitter:label1\" content=\"Est. reading time\" \/>\n\t<meta name=\"twitter:data1\" content=\"3 minutes\" \/>\n<script type=\"application\/ld+json\" class=\"yoast-schema-graph\">{\"@context\":\"https:\/\/schema.org\",\"@graph\":[{\"@type\":\"WebPage\",\"@id\":\"https:\/\/www.capgemini.com\/dk-en\/industries\/ski-godkendt-til-at-hjaelpe-det-offentlige\/\",\"url\":\"https:\/\/www.capgemini.com\/dk-en\/industries\/ski-godkendt-til-at-hjaelpe-det-offentlige\/\",\"name\":\"SKI-godkendt til at hj\u00e6lpe det offentlige - Capgemini Denmark\",\"isPartOf\":{\"@id\":\"https:\/\/www.capgemini.com\/dk-en\/#website\"},\"primaryImageOfPage\":{\"@id\":\"https:\/\/www.capgemini.com\/dk-en\/industries\/ski-godkendt-til-at-hjaelpe-det-offentlige\/#primaryimage\"},\"image\":{\"@id\":\"https:\/\/www.capgemini.com\/dk-en\/industries\/ski-godkendt-til-at-hjaelpe-det-offentlige\/#primaryimage\"},\"thumbnailUrl\":\"https:\/\/www.capgemini.com\/dk-en\/wp-content\/uploads\/sites\/7\/2022\/11\/SKI-godkendt-til-at-hjaelpe-det-offentlige.jpg\",\"datePublished\":\"2022-11-24T08:16:33+00:00\",\"dateModified\":\"2025-03-18T16:18:53+00:00\",\"breadcrumb\":{\"@id\":\"https:\/\/www.capgemini.com\/dk-en\/industries\/ski-godkendt-til-at-hjaelpe-det-offentlige\/#breadcrumb\"},\"inLanguage\":\"en-US\",\"potentialAction\":[{\"@type\":\"ReadAction\",\"target\":[\"https:\/\/www.capgemini.com\/dk-en\/industries\/ski-godkendt-til-at-hjaelpe-det-offentlige\/\"]}]},{\"@type\":\"ImageObject\",\"inLanguage\":\"en-US\",\"@id\":\"https:\/\/www.capgemini.com\/dk-en\/industries\/ski-godkendt-til-at-hjaelpe-det-offentlige\/#primaryimage\",\"url\":\"https:\/\/www.capgemini.com\/dk-en\/wp-content\/uploads\/sites\/7\/2022\/11\/SKI-godkendt-til-at-hjaelpe-det-offentlige.jpg\",\"contentUrl\":\"https:\/\/www.capgemini.com\/dk-en\/wp-content\/uploads\/sites\/7\/2022\/11\/SKI-godkendt-til-at-hjaelpe-det-offentlige.jpg\",\"width\":2800,\"height\":1800},{\"@type\":\"BreadcrumbList\",\"@id\":\"https:\/\/www.capgemini.com\/dk-en\/industries\/ski-godkendt-til-at-hjaelpe-det-offentlige\/#breadcrumb\",\"itemListElement\":[{\"@type\":\"ListItem\",\"position\":1,\"name\":\"Industries\",\"item\":\"https:\/\/www.capgemini.com\/dk-en\/industries\/\"},{\"@type\":\"ListItem\",\"position\":2,\"name\":\"SKI-godkendt til at hj\u00e6lpe det offentlige\"}]},{\"@type\":\"WebSite\",\"@id\":\"https:\/\/www.capgemini.com\/dk-en\/#website\",\"url\":\"https:\/\/www.capgemini.com\/dk-en\/\",\"name\":\"Capgemini Denmark\",\"description\":\"Capgemini\",\"potentialAction\":[{\"@type\":\"SearchAction\",\"target\":{\"@type\":\"EntryPoint\",\"urlTemplate\":\"https:\/\/www.capgemini.com\/dk-en\/?s={search_term_string}\"},\"query-input\":\"required name=search_term_string\"}],\"inLanguage\":\"en-US\"}]}<\/script>\n<!-- \/ Yoast SEO Premium plugin. -->","yoast_head_json":{"title":"SKI-godkendt til at hj\u00e6lpe det offentlige - Capgemini Denmark","robots":{"index":"index","follow":"follow","max-snippet":"max-snippet:-1","max-image-preview":"max-image-preview:large","max-video-preview":"max-video-preview:-1"},"canonical":"https:\/\/www.capgemini.com\/dk-en\/industries\/ski-godkendt-til-at-hjaelpe-det-offentlige\/","og_locale":"en_US","og_type":"article","og_title":"SKI-godkendt til at hj\u00e6lpe det offentlige","og_url":"https:\/\/www.capgemini.com\/dk-en\/industries\/ski-godkendt-til-at-hjaelpe-det-offentlige\/","og_site_name":"Capgemini Denmark","article_modified_time":"2025-03-18T16:18:53+00:00","og_image":[{"width":1200,"height":627,"url":"https:\/\/www.capgemini.com\/dk-en\/wp-content\/uploads\/sites\/7\/2025\/10\/New-Web-preview-global.jpg","type":"image\/jpeg"}],"twitter_card":"summary_large_image","twitter_misc":{"Est. reading time":"3 minutes"},"schema":{"@context":"https:\/\/schema.org","@graph":[{"@type":"WebPage","@id":"https:\/\/www.capgemini.com\/dk-en\/industries\/ski-godkendt-til-at-hjaelpe-det-offentlige\/","url":"https:\/\/www.capgemini.com\/dk-en\/industries\/ski-godkendt-til-at-hjaelpe-det-offentlige\/","name":"SKI-godkendt til at hj\u00e6lpe det offentlige - Capgemini Denmark","isPartOf":{"@id":"https:\/\/www.capgemini.com\/dk-en\/#website"},"primaryImageOfPage":{"@id":"https:\/\/www.capgemini.com\/dk-en\/industries\/ski-godkendt-til-at-hjaelpe-det-offentlige\/#primaryimage"},"image":{"@id":"https:\/\/www.capgemini.com\/dk-en\/industries\/ski-godkendt-til-at-hjaelpe-det-offentlige\/#primaryimage"},"thumbnailUrl":"https:\/\/www.capgemini.com\/dk-en\/wp-content\/uploads\/sites\/7\/2022\/11\/SKI-godkendt-til-at-hjaelpe-det-offentlige.jpg","datePublished":"2022-11-24T08:16:33+00:00","dateModified":"2025-03-18T16:18:53+00:00","breadcrumb":{"@id":"https:\/\/www.capgemini.com\/dk-en\/industries\/ski-godkendt-til-at-hjaelpe-det-offentlige\/#breadcrumb"},"inLanguage":"en-US","potentialAction":[{"@type":"ReadAction","target":["https:\/\/www.capgemini.com\/dk-en\/industries\/ski-godkendt-til-at-hjaelpe-det-offentlige\/"]}]},{"@type":"ImageObject","inLanguage":"en-US","@id":"https:\/\/www.capgemini.com\/dk-en\/industries\/ski-godkendt-til-at-hjaelpe-det-offentlige\/#primaryimage","url":"https:\/\/www.capgemini.com\/dk-en\/wp-content\/uploads\/sites\/7\/2022\/11\/SKI-godkendt-til-at-hjaelpe-det-offentlige.jpg","contentUrl":"https:\/\/www.capgemini.com\/dk-en\/wp-content\/uploads\/sites\/7\/2022\/11\/SKI-godkendt-til-at-hjaelpe-det-offentlige.jpg","width":2800,"height":1800},{"@type":"BreadcrumbList","@id":"https:\/\/www.capgemini.com\/dk-en\/industries\/ski-godkendt-til-at-hjaelpe-det-offentlige\/#breadcrumb","itemListElement":[{"@type":"ListItem","position":1,"name":"Industries","item":"https:\/\/www.capgemini.com\/dk-en\/industries\/"},{"@type":"ListItem","position":2,"name":"SKI-godkendt til at hj\u00e6lpe det offentlige"}]},{"@type":"WebSite","@id":"https:\/\/www.capgemini.com\/dk-en\/#website","url":"https:\/\/www.capgemini.com\/dk-en\/","name":"Capgemini Denmark","description":"Capgemini","potentialAction":[{"@type":"SearchAction","target":{"@type":"EntryPoint","urlTemplate":"https:\/\/www.capgemini.com\/dk-en\/?s={search_term_string}"},"query-input":"required name=search_term_string"}],"inLanguage":"en-US"}]}},"brand_term":[],"parsely":{"version":"1.1.0","canonical_url":"https:\/\/capgemini.com\/dk-en\/industries\/ski-godkendt-til-at-hjaelpe-det-offentlige\/","smart_links":{"inbound":0,"outbound":0},"traffic_boost_suggestions_count":0,"meta":{"@context":"https:\/\/schema.org","@type":"WebPage","headline":"SKI-godkendt til at hj\u00e6lpe det offentlige","url":"https:\/\/www.capgemini.com\/dk-en\/industries\/ski-godkendt-til-at-hjaelpe-det-offentlige\/","mainEntityOfPage":{"@type":"WebPage","@id":"https:\/\/www.capgemini.com\/dk-en\/industries\/ski-godkendt-til-at-hjaelpe-det-offentlige\/"},"thumbnailUrl":"https:\/\/www.capgemini.com\/dk-en\/wp-content\/uploads\/sites\/7\/2022\/11\/SKI-godkendt-til-at-hjaelpe-det-offentlige.jpg?w=150&h=150&crop=1","image":{"@type":"ImageObject","url":"https:\/\/www.capgemini.com\/dk-en\/wp-content\/uploads\/sites\/7\/2022\/11\/SKI-godkendt-til-at-hjaelpe-det-offentlige.jpg"},"articleSection":"Uncategorized","author":[],"creator":[],"publisher":{"@type":"Organization","name":"Capgemini Denmark","logo":""},"keywords":[],"dateCreated":"2022-11-24T08:16:33Z","datePublished":"2022-11-24T08:16:33Z","dateModified":"2025-03-18T16:18:53Z"},"rendered":"<meta name=\"parsely-title\" content=\"SKI-godkendt til at hj\u00e6lpe det offentlige\" \/>\n<meta name=\"parsely-link\" content=\"https:\/\/www.capgemini.com\/dk-en\/industries\/ski-godkendt-til-at-hjaelpe-det-offentlige\/\" \/>\n<meta name=\"parsely-type\" content=\"index\" \/>\n<meta name=\"parsely-image-url\" content=\"https:\/\/www.capgemini.com\/dk-en\/wp-content\/uploads\/sites\/7\/2022\/11\/SKI-godkendt-til-at-hjaelpe-det-offentlige.jpg?w=150&amp;h=150&amp;crop=1\" \/>\n<meta name=\"parsely-pub-date\" content=\"2022-11-24T08:16:33Z\" \/>\n<meta name=\"parsely-section\" content=\"Uncategorized\" \/>","tracker_url":"https:\/\/cdn.parsely.com\/keys\/capgemini.com\/p.js"},"archive_status":false,"featured_image_src":"https:\/\/www.capgemini.com\/dk-en\/wp-content\/uploads\/sites\/7\/2022\/11\/SKI-godkendt-til-at-hjaelpe-det-offentlige.jpg","featured_image_alt":"","jetpack_sharing_enabled":true,"distributor_meta":false,"distributor_terms":false,"distributor_media":false,"distributor_original_site_name":"Capgemini Denmark","distributor_original_site_url":"https:\/\/www.capgemini.com\/dk-en","push-errors":false,"_links":{"self":[{"href":"https:\/\/www.capgemini.com\/dk-en\/wp-json\/wp\/v2\/pages\/829631","targetHints":{"allow":["GET"]}}],"collection":[{"href":"https:\/\/www.capgemini.com\/dk-en\/wp-json\/wp\/v2\/pages"}],"about":[{"href":"https:\/\/www.capgemini.com\/dk-en\/wp-json\/wp\/v2\/types\/page"}],"author":[{"embeddable":true,"href":"https:\/\/www.capgemini.com\/dk-en\/wp-json\/wp\/v2\/users\/324"}],"replies":[{"embeddable":true,"href":"https:\/\/www.capgemini.com\/dk-en\/wp-json\/wp\/v2\/comments?post=829631"}],"version-history":[{"count":5,"href":"https:\/\/www.capgemini.com\/dk-en\/wp-json\/wp\/v2\/pages\/829631\/revisions"}],"predecessor-version":[{"id":859522,"href":"https:\/\/www.capgemini.com\/dk-en\/wp-json\/wp\/v2\/pages\/829631\/revisions\/859522"}],"up":[{"embeddable":true,"href":"https:\/\/www.capgemini.com\/dk-en\/wp-json\/wp\/v2\/pages\/506597"}],"wp:featuredmedia":[{"embeddable":true,"href":"https:\/\/www.capgemini.com\/dk-en\/wp-json\/wp\/v2\/media\/829632"}],"wp:attachment":[{"href":"https:\/\/www.capgemini.com\/dk-en\/wp-json\/wp\/v2\/media?parent=829631"}],"wp:term":[{"taxonomy":"brand","embeddable":true,"href":"https:\/\/www.capgemini.com\/dk-en\/wp-json\/wp\/v2\/brand?post=829631"},{"taxonomy":"partner_type","embeddable":true,"href":"https:\/\/www.capgemini.com\/dk-en\/wp-json\/wp\/v2\/partner_type?post=829631"},{"taxonomy":"service","embeddable":true,"href":"https:\/\/www.capgemini.com\/dk-en\/wp-json\/wp\/v2\/service?post=829631"},{"taxonomy":"industry","embeddable":true,"href":"https:\/\/www.capgemini.com\/dk-en\/wp-json\/wp\/v2\/industry?post=829631"},{"taxonomy":"partners","embeddable":true,"href":"https:\/\/www.capgemini.com\/dk-en\/wp-json\/wp\/v2\/partners?post=829631"},{"taxonomy":"page-type","embeddable":true,"href":"https:\/\/www.capgemini.com\/dk-en\/wp-json\/wp\/v2\/page-type?post=829631"},{"taxonomy":"content-group","embeddable":true,"href":"https:\/\/www.capgemini.com\/dk-en\/wp-json\/wp\/v2\/content-group?post=829631"}],"curies":[{"name":"wp","href":"https:\/\/api.w.org\/{rel}","templated":true}]}}