{"id":882658,"date":"2025-07-09T05:33:26","date_gmt":"2025-07-09T05:33:26","guid":{"rendered":"https:\/\/www.capgemini.com\/de-de\/?page_id=882658&#038;preview_id=882658"},"modified":"2026-01-22T07:43:19","modified_gmt":"2026-01-22T07:43:19","slug":"gen-ai-strategic-intelligence-system-by-capgemini","status":"publish","type":"page","link":"https:\/\/www.capgemini.com\/de-de\/solutions\/gen-ai-strategic-intelligence-system-by-capgemini\/","title":{"rendered":"Gen AI Strategic Intelligence System von Capgemini"},"content":{"rendered":"\n<p><a href=\"https:\/\/www.capgemini.com\/wp-content\/uploads\/2025\/03\/Gen-AI-Strategic-Intelligence-Systems-by-Capgemini-POV.pdf\" target=\"_blank\" rel=\"noreferrer noopener\"><\/a><\/p>\n\n\n\n<header class=\"wp-block-cg-blocks-hero-reusable header heroReusable  \"><div class=\"header-bgs\"><picture><source srcset=\"https:\/\/www.capgemini.com\/wp-content\/uploads\/2025\/05\/Webbanner-2880X1800-GSIS.jpg?w=2880&amp;quality=70 1x, https:\/\/www.capgemini.com\/wp-content\/uploads\/2025\/05\/Webbanner-2880X1800-GSIS.jpg?w=2880&amp;quality=70 2x\" media=\"(min-width: 1500px)\"\/><source srcset=\"https:\/\/www.capgemini.com\/wp-content\/uploads\/2025\/05\/Webbanner-2880X1800-GSIS.jpg?w=1440&amp;quality=70 1x, https:\/\/www.capgemini.com\/wp-content\/uploads\/2025\/05\/Webbanner-2880X1800-GSIS.jpg?w=2880&amp;quality=70 2x\" media=\"(min-width: 992px)\"\/><source srcset=\"https:\/\/www.capgemini.com\/wp-content\/uploads\/2025\/05\/Webbanner-2880X1800-GSIS.jpg?w=1024&amp;quality=70 1x, https:\/\/www.capgemini.com\/wp-content\/uploads\/2025\/05\/Webbanner-2880X1800-GSIS.jpg?w=1024&amp;quality=70 2x\" media=\"(min-width: 768px)\"\/><source srcset=\"https:\/\/www.capgemini.com\/wp-content\/uploads\/2025\/05\/Webbanner-2880X1800-GSIS.jpg?w=768&amp;quality=70 1x, https:\/\/www.capgemini.com\/wp-content\/uploads\/2025\/05\/Webbanner-2880X1800-GSIS.jpg?w=768&amp;quality=70 2x\" media=\"(min-width: 0)\"\/><img decoding=\"async\" src=\"https:\/\/www.capgemini.com\/wp-content\/uploads\/2025\/05\/Webbanner-2880X1800-GSIS.jpg\" class=\"header-img header-img-d\" alt=\"\" style=\"object-fit:cover;object-position:49% 55.00000000000001%\" loading=\"eager\"\/><\/picture><\/div><div class=\"heroPictureCardHeaderShape\"><\/div><div class=\"container\"><div class=\"row\"><div class=\"col-md-12\"><div class=\"box\"><div class=\"boxTagWrapper\"><div class=\"tagInfo\"><div><span class=\"box-tag\">Solution<\/span><\/div><\/div><\/div><div class=\"box-title\"><h1 data-maxlength=\"34\">Gen AI Strategic Intelligence System von Capgemini<\/h1><\/div><h2 class=\"reasearchInsightTitle\">Ein Multi-Agenten-System f\u00fcr strategische Unternehmenssteuerung<\/h2><div class=\"inner-row-insight download-btn\"><div class=\"col-md-4 downloadFiles addPadding\"><a class=\"button-download--small\" type=\"download\" href=\"https:\/\/www.capgemini.com\/wp-content\/uploads\/2025\/05\/Gen-AI-Strategic-Intelligence-POV.pdf\" target=\"_blank\" rel=\"noopener noreferrer\" title=\"In neuem Fenster \u00f6ffnen\"><span>Download Point of view<\/span><span class=\"type\">6 MB pdf<\/span><\/a><\/div><\/div><\/div><\/div><\/div><\/div><\/header>\n\n\n\n<section class=\"wp-block-cg-blocks-group undefined section section--article-content\"><div class=\"article-main-content\"><div class=\"container\"><div class=\"row\"><div class=\"col-12 col-md-1\"><nav class=\"article-social\"><ul class=\"social-nav\"><li class=\"ip-order-fb\"><a href=\"https:\/\/www.facebook.com\/sharer\/sharer.php?u=https:\/\/www.capgemini.com\/?post_type=research-and-insight&amp;p=1110766\" target=\"_blank\" rel=\"noopener noreferrer\" title=\"In neuem Fenster \u00f6ffnen\"><i aria-hidden=\"true\" class=\"icon-fb\"><\/i><span class=\"sr-only\">Facebook<\/span><\/a><\/li><li class=\"ip-order-li\"><a href=\"https:\/\/www.linkedin.com\/shareArticle?url=https:\/\/www.capgemini.com\/?post_type=research-and-insight&amp;p=1110766\" target=\"_blank\" rel=\"noopener noreferrer\" title=\"In neuem Fenster \u00f6ffnen\"><i aria-hidden=\"true\" class=\"icon-li\"><\/i><span class=\"sr-only\">Linkedin<\/span><\/a><\/li><\/ul><\/nav><\/div><div class=\"col-12 col-md-11 col-lg-10\"><div class=\"article-text article-quote-text\">\n<h3 class=\"wp-block-heading\" id=\"h-stellen-sie-sich-vor-sie-hatten-einen-unternehmensweiten-rund-um-die-uhr-verfugbaren-berater-der-ihre-wichtigsten-kpis-uberwacht-ursachen-fur-veranderungen-analysiert-und-konkrete-handlungsempfehlungen-liefert-alles-in-nahezu-echtzeit-und-selbst-kleine-verbesserungen-ihrer-zentralen-kpis-konnten-einen-positiven-finanziellen-effekt-haben\">Stellen Sie sich vor, Sie h\u00e4tten einen unternehmensweiten, rund um die Uhr verf\u00fcgbaren Berater, der Ihre wichtigsten KPIs \u00fcberwacht, Ursachen f\u00fcr Ver\u00e4nderungen analysiert und konkrete Handlungsempfehlungen liefert \u2013 alles in nahezu Echtzeit. Und selbst kleine Verbesserungen Ihrer zentralen KPIs k\u00f6nnten einen positiven finanziellen Effekt haben.<\/h3>\n\n\n\n<p>Genau das erm\u00f6glicht das <em>Gen AI Strategic Intelligence System<\/em> von Capgemini.<\/p>\n\n\n\n<p>Die L\u00f6sung basiert auf agentischer KI und nutzt regelm\u00e4\u00dfige Snapshots Ihrer Unternehmensdaten, um ein pr\u00e4zises Bild der aktuellen Lage zu zeichnen. Die gewonnenen Erkenntnisse werden in umsetzbare Empfehlungen \u00fcbersetzt \u2013 f\u00fcr bessere Entscheidungen, mehr Effizienz und messbare Gesch\u00e4ftsergebnisse.<\/p>\n\n\n\n<p>Das System ist f\u00fcr eine&nbsp;schnelle Implementierung&nbsp;konzipiert. Erste Ergebnisse lassen sich bereits innerhalb eines Quartals erzielen \u2013 ein klarer Business Case f\u00fcr Skalierung und Investition.<\/p>\n\n\n\n<p>Die L\u00f6sung basiert auf einer&nbsp;<strong>agentischen<\/strong> <strong>Architektur<\/strong>, die der KI mehr Unabh\u00e4ngigkeit, Flexibilit\u00e4t und Anpassungsf\u00e4higkeit verleiht. Das Ergebnis: h\u00f6here Produktivit\u00e4t, automatisierte Abl\u00e4ufe und optimierte Workflows \u2013 \u00fcber alle Unternehmensbereiche hinweg.<\/p>\n\n\n\n<p>Das <em>Gen AI Strategic Intelligence System<\/em> ist branchen\u00fcbergreifend einsetzbar und l\u00e4sst sich nahtlos in bestehende Unternehmenslandschaften integrieren. Konkrete Mehrwerte nach Funktionsbereich:<\/p>\n\n\n\n<p><strong>Finanzen:<\/strong><\/p>\n\n\n\n<ul class=\"wp-block-list\">\n<li>Senkung der operativen Kosten im Verh\u00e4ltnis zum Umsatz<\/li>\n\n\n\n<li>Pr\u00e4zisere Finanzberichte<\/li>\n\n\n\n<li>Fr\u00fchzeitige Risikoerkennung und gezielte Gegenma\u00dfnahmen<\/li>\n<\/ul>\n\n\n\n<p><strong>Supply Chain:<\/strong><\/p>\n\n\n\n<ul class=\"wp-block-list\">\n<li>Reduktion der Gesamtausgaben um bis zu 5\u202f%<\/li>\n\n\n\n<li>Einsparungen von bis zu 10\u202f% im Logistikbereich<\/li>\n\n\n\n<li>Verbesserte Compliance und vollst\u00e4ndige Transparenz entlang der Lieferkette<\/li>\n<\/ul>\n\n\n\n<p><strong>Marketing:<\/strong><\/p>\n\n\n\n<ul class=\"wp-block-list\">\n<li>75\u202f% schnellere und effektivere Kundengewinnung<\/li>\n\n\n\n<li>Steigerung der Conversion Rates um \u00fcber 50\u202f%<\/li>\n\n\n\n<li>Bessere Marktinformationen und gezielte Cross- und Upselling-Potenziale<\/li>\n<\/ul>\n\n\n\n<p><strong>IT Operations:<\/strong><\/p>\n\n\n\n<ul class=\"wp-block-list\">\n<li>Effizienzsteigerung durch automatisierte Ticketbearbeitung und Self-Service-Angebote<\/li>\n\n\n\n<li>Verbesserte Wissensnutzung und beschleunigte Entwicklungszyklen<\/li>\n<\/ul>\n\n\n\n<p>Nehmen Sie Kontakt mit Capgemini auf, um Ihre Gen AI-Initiativen mit L\u00f6sungen zu st\u00e4rken, die verl\u00e4ssliche Gesch\u00e4ftsergebnisse liefern. Auf Basis unserer f\u00fchrenden Marktposition in KI und generativer KI unterst\u00fctzen wir CxOs bei der Entwicklung ihrer Gen AI-Strategie und der Identifikation von Anwendungsf\u00e4llen, die den gesch\u00e4ftlichen Erwartungen und Anforderungen entsprechen. Anschlie\u00dfend setzen wir die Strategie mit einem umfangreichen Portfolio ma\u00dfgeschneiderter Gen AI-L\u00f6sungen und -Services um.<\/p>\n\n\n\n<p>Kontaktieren Sie uns noch heute, um Ihre Transformation hin zu intelligenter, datengetriebener Entscheidungsfindung zu beschleunigen \u2013 und Ihre Wettbewerbsf\u00e4higkeit neu zu definieren.<\/p>\n<\/div><\/div><\/div><\/div><\/div><\/section>\n\n\n\n\n\n<section class=\"wp-block-cg-blocks-intro-para-video is-style-cg-sapphire1 section section--info-2cols section--insights section-video \"><div class=\"bg-color video-align-right\"><div class=\"container\"><div class=\"row video-align-left\"><div class=\"col-md-12\"><div class=\"video-align-left row box box--4 box--mini\"><div class=\"col-md-3\"><h3 class=\"Video-title\" data-maxlength=\"34\"><\/h3><div class=\"video-info\"><p data-maxlength=\"68\"><strong>A multi-AI Agent system to meet business KPIs<\/strong><\/p><\/div><\/div><div class=\"col-md-8 box-img-wrapper\"><div class=\"video-box\"><div class=\"video-wrapper\"><iframe title=\"video-section\" src=\"https:\/\/www.youtube.com\/embed\/MfDRW0E9w1M?rel=0&amp;modestbranding=1&amp;playsinline=1&amp;enablejsapi=1\" frameborder=\"0\" allow=\"accelerometer; autoplay; clipboard-write; encrypted-media; gyroscope; picture-in-picture\" allowfullscreen loading=\"lazy\" referrerpolicy=\"strict-origin-when-cross-origin\"><\/iframe><\/div><\/div><\/div><div class=\"col-md-1\"><\/div><\/div><\/div><\/div><\/div><\/div><\/section>\n","protected":false},"excerpt":{"rendered":"","protected":false},"author":33,"featured_media":882659,"parent":743171,"menu_order":0,"comment_status":"closed","ping_status":"closed","template":"","meta":{"cg_dt_proposed_to":[],"cg_seo_hreflang_relations":"[]","cg_seo_canonical_relation":"","cg_seo_hreflang_x_default_relation":"","cg_dt_approved_content":true,"cg_dt_mandatory_content":false,"cg_dt_notes":"","cg_dg_source_changed":true,"cg_dt_link_disabled":false,"_yoast_wpseo_primary_brand":"","footnotes":"","featured_focal_points":"","partner_card_description":"","gsap_animation":0},"brand":[],"partner_type":[],"service":[],"industry":[],"partners":[],"page-type":[287],"content-group":[],"class_list":["post-882658","page","type-page","status-publish","has-post-thumbnail","hentry","page-type-solutions"],"yoast_head":"<!-- This site is optimized with the Yoast SEO Premium plugin v22.8 (Yoast SEO v22.8) - https:\/\/yoast.com\/wordpress\/plugins\/seo\/ -->\n<title>Gen AI Strategic Intelligence System von Capgemini - Capgemini<\/title>\n<meta name=\"robots\" content=\"index, follow, max-snippet:-1, max-image-preview:large, max-video-preview:-1\" \/>\n<link rel=\"canonical\" href=\"https:\/\/www.capgemini.com\/de-de\/solutions\/gen-ai-strategic-intelligence-system-by-capgemini\/\" \/>\n<meta property=\"og:locale\" content=\"de_DE\" \/>\n<meta property=\"og:type\" content=\"article\" \/>\n<meta property=\"og:title\" content=\"Gen AI Strategic Intelligence System von Capgemini - Capgemini\" \/>\n<meta property=\"og:url\" content=\"https:\/\/www.capgemini.com\/de-de\/solutions\/gen-ai-strategic-intelligence-system-by-capgemini\/\" \/>\n<meta property=\"og:site_name\" content=\"Capgemini\" \/>\n<meta property=\"article:modified_time\" content=\"2026-01-22T07:43:19+00:00\" \/>\n<meta property=\"og:image\" content=\"https:\/\/www.capgemini.com\/de-de\/wp-content\/uploads\/sites\/8\/2025\/10\/New-Web-preview-global.jpg\" \/>\n\t<meta property=\"og:image:width\" content=\"1200\" \/>\n\t<meta property=\"og:image:height\" content=\"627\" \/>\n\t<meta property=\"og:image:type\" content=\"image\/jpeg\" \/>\n<meta name=\"twitter:card\" content=\"summary_large_image\" \/>\n<meta name=\"twitter:label1\" content=\"Est. reading time\" \/>\n\t<meta name=\"twitter:data1\" content=\"3 minutes\" \/>\n<script type=\"application\/ld+json\" class=\"yoast-schema-graph\">{\"@context\":\"https:\/\/schema.org\",\"@graph\":[{\"@type\":\"WebPage\",\"@id\":\"https:\/\/www.capgemini.com\/de-de\/solutions\/gen-ai-strategic-intelligence-system-by-capgemini\/\",\"url\":\"https:\/\/www.capgemini.com\/de-de\/solutions\/gen-ai-strategic-intelligence-system-by-capgemini\/\",\"name\":\"Gen AI Strategic Intelligence System von Capgemini - Capgemini\",\"isPartOf\":{\"@id\":\"https:\/\/www.capgemini.com\/de-de\/#website\"},\"primaryImageOfPage\":{\"@id\":\"https:\/\/www.capgemini.com\/de-de\/solutions\/gen-ai-strategic-intelligence-system-by-capgemini\/#primaryimage\"},\"image\":{\"@id\":\"https:\/\/www.capgemini.com\/de-de\/solutions\/gen-ai-strategic-intelligence-system-by-capgemini\/#primaryimage\"},\"thumbnailUrl\":\"https:\/\/www.capgemini.com\/de-de\/wp-content\/uploads\/sites\/8\/2025\/07\/Webbanner-2880X1800-GSIS.jpg\",\"datePublished\":\"2025-07-09T05:33:26+00:00\",\"dateModified\":\"2026-01-22T07:43:19+00:00\",\"breadcrumb\":{\"@id\":\"https:\/\/www.capgemini.com\/de-de\/solutions\/gen-ai-strategic-intelligence-system-by-capgemini\/#breadcrumb\"},\"inLanguage\":\"de-DE\",\"potentialAction\":[{\"@type\":\"ReadAction\",\"target\":[\"https:\/\/www.capgemini.com\/de-de\/solutions\/gen-ai-strategic-intelligence-system-by-capgemini\/\"]}]},{\"@type\":\"ImageObject\",\"inLanguage\":\"de-DE\",\"@id\":\"https:\/\/www.capgemini.com\/de-de\/solutions\/gen-ai-strategic-intelligence-system-by-capgemini\/#primaryimage\",\"url\":\"https:\/\/www.capgemini.com\/de-de\/wp-content\/uploads\/sites\/8\/2025\/07\/Webbanner-2880X1800-GSIS.jpg\",\"contentUrl\":\"https:\/\/www.capgemini.com\/de-de\/wp-content\/uploads\/sites\/8\/2025\/07\/Webbanner-2880X1800-GSIS.jpg\",\"width\":2880,\"height\":1800},{\"@type\":\"BreadcrumbList\",\"@id\":\"https:\/\/www.capgemini.com\/de-de\/solutions\/gen-ai-strategic-intelligence-system-by-capgemini\/#breadcrumb\",\"itemListElement\":[{\"@type\":\"ListItem\",\"position\":1,\"name\":\"Solutions\",\"item\":\"https:\/\/www.capgemini.com\/de-de\/solutions\/\"},{\"@type\":\"ListItem\",\"position\":2,\"name\":\"Gen AI Strategic Intelligence System von Capgemini\"}]},{\"@type\":\"WebSite\",\"@id\":\"https:\/\/www.capgemini.com\/de-de\/#website\",\"url\":\"https:\/\/www.capgemini.com\/de-de\/\",\"name\":\"Capgemini Deutschland\",\"description\":\"Make it real\",\"potentialAction\":[{\"@type\":\"SearchAction\",\"target\":{\"@type\":\"EntryPoint\",\"urlTemplate\":\"https:\/\/www.capgemini.com\/de-de\/?s={search_term_string}\"},\"query-input\":\"required name=search_term_string\"}],\"inLanguage\":\"de-DE\"}]}<\/script>\n<!-- \/ Yoast SEO Premium plugin. -->","yoast_head_json":{"title":"Gen AI Strategic Intelligence System von Capgemini - Capgemini","robots":{"index":"index","follow":"follow","max-snippet":"max-snippet:-1","max-image-preview":"max-image-preview:large","max-video-preview":"max-video-preview:-1"},"canonical":"https:\/\/www.capgemini.com\/de-de\/solutions\/gen-ai-strategic-intelligence-system-by-capgemini\/","og_locale":"de_DE","og_type":"article","og_title":"Gen AI Strategic Intelligence System von Capgemini - Capgemini","og_url":"https:\/\/www.capgemini.com\/de-de\/solutions\/gen-ai-strategic-intelligence-system-by-capgemini\/","og_site_name":"Capgemini","article_modified_time":"2026-01-22T07:43:19+00:00","og_image":[{"width":1200,"height":627,"url":"https:\/\/www.capgemini.com\/de-de\/wp-content\/uploads\/sites\/8\/2025\/10\/New-Web-preview-global.jpg","type":"image\/jpeg"}],"twitter_card":"summary_large_image","twitter_misc":{"Est. reading time":"3 minutes"},"schema":{"@context":"https:\/\/schema.org","@graph":[{"@type":"WebPage","@id":"https:\/\/www.capgemini.com\/de-de\/solutions\/gen-ai-strategic-intelligence-system-by-capgemini\/","url":"https:\/\/www.capgemini.com\/de-de\/solutions\/gen-ai-strategic-intelligence-system-by-capgemini\/","name":"Gen AI Strategic Intelligence System von Capgemini - Capgemini","isPartOf":{"@id":"https:\/\/www.capgemini.com\/de-de\/#website"},"primaryImageOfPage":{"@id":"https:\/\/www.capgemini.com\/de-de\/solutions\/gen-ai-strategic-intelligence-system-by-capgemini\/#primaryimage"},"image":{"@id":"https:\/\/www.capgemini.com\/de-de\/solutions\/gen-ai-strategic-intelligence-system-by-capgemini\/#primaryimage"},"thumbnailUrl":"https:\/\/www.capgemini.com\/de-de\/wp-content\/uploads\/sites\/8\/2025\/07\/Webbanner-2880X1800-GSIS.jpg","datePublished":"2025-07-09T05:33:26+00:00","dateModified":"2026-01-22T07:43:19+00:00","breadcrumb":{"@id":"https:\/\/www.capgemini.com\/de-de\/solutions\/gen-ai-strategic-intelligence-system-by-capgemini\/#breadcrumb"},"inLanguage":"de-DE","potentialAction":[{"@type":"ReadAction","target":["https:\/\/www.capgemini.com\/de-de\/solutions\/gen-ai-strategic-intelligence-system-by-capgemini\/"]}]},{"@type":"ImageObject","inLanguage":"de-DE","@id":"https:\/\/www.capgemini.com\/de-de\/solutions\/gen-ai-strategic-intelligence-system-by-capgemini\/#primaryimage","url":"https:\/\/www.capgemini.com\/de-de\/wp-content\/uploads\/sites\/8\/2025\/07\/Webbanner-2880X1800-GSIS.jpg","contentUrl":"https:\/\/www.capgemini.com\/de-de\/wp-content\/uploads\/sites\/8\/2025\/07\/Webbanner-2880X1800-GSIS.jpg","width":2880,"height":1800},{"@type":"BreadcrumbList","@id":"https:\/\/www.capgemini.com\/de-de\/solutions\/gen-ai-strategic-intelligence-system-by-capgemini\/#breadcrumb","itemListElement":[{"@type":"ListItem","position":1,"name":"Solutions","item":"https:\/\/www.capgemini.com\/de-de\/solutions\/"},{"@type":"ListItem","position":2,"name":"Gen AI Strategic Intelligence System von Capgemini"}]},{"@type":"WebSite","@id":"https:\/\/www.capgemini.com\/de-de\/#website","url":"https:\/\/www.capgemini.com\/de-de\/","name":"Capgemini Deutschland","description":"Make it real","potentialAction":[{"@type":"SearchAction","target":{"@type":"EntryPoint","urlTemplate":"https:\/\/www.capgemini.com\/de-de\/?s={search_term_string}"},"query-input":"required name=search_term_string"}],"inLanguage":"de-DE"}]}},"brand_term":[],"parsely":{"version":"1.1.0","canonical_url":"https:\/\/capgemini.com\/de-de\/solutions\/gen-ai-strategic-intelligence-system-by-capgemini\/","smart_links":{"inbound":0,"outbound":0},"traffic_boost_suggestions_count":0,"meta":{"@context":"https:\/\/schema.org","@type":"WebPage","headline":"Gen AI Strategic Intelligence System von Capgemini","url":"http:\/\/www.capgemini.com\/de-de\/solutions\/gen-ai-strategic-intelligence-system-by-capgemini\/","mainEntityOfPage":{"@type":"WebPage","@id":"http:\/\/www.capgemini.com\/de-de\/solutions\/gen-ai-strategic-intelligence-system-by-capgemini\/"},"thumbnailUrl":"https:\/\/www.capgemini.com\/de-de\/wp-content\/uploads\/sites\/8\/2025\/07\/Webbanner-2880X1800-GSIS.jpg?w=150&h=150&crop=1","image":{"@type":"ImageObject","url":"https:\/\/www.capgemini.com\/de-de\/wp-content\/uploads\/sites\/8\/2025\/07\/Webbanner-2880X1800-GSIS.jpg"},"articleSection":"Uncategorized","author":[],"creator":[],"publisher":{"@type":"Organization","name":"Capgemini","logo":""},"keywords":[],"dateCreated":"2025-07-09T05:33:26Z","datePublished":"2025-07-09T05:33:26Z","dateModified":"2026-01-22T07:43:19Z"},"rendered":"<script type=\"application\/ld+json\" class=\"wp-parsely-metadata\">{\"@context\":\"https:\\\/\\\/schema.org\",\"@type\":\"WebPage\",\"headline\":\"Gen AI Strategic Intelligence System von Capgemini\",\"url\":\"http:\\\/\\\/www.capgemini.com\\\/de-de\\\/solutions\\\/gen-ai-strategic-intelligence-system-by-capgemini\\\/\",\"mainEntityOfPage\":{\"@type\":\"WebPage\",\"@id\":\"http:\\\/\\\/www.capgemini.com\\\/de-de\\\/solutions\\\/gen-ai-strategic-intelligence-system-by-capgemini\\\/\"},\"thumbnailUrl\":\"https:\\\/\\\/www.capgemini.com\\\/de-de\\\/wp-content\\\/uploads\\\/sites\\\/8\\\/2025\\\/07\\\/Webbanner-2880X1800-GSIS.jpg?w=150&h=150&crop=1\",\"image\":{\"@type\":\"ImageObject\",\"url\":\"https:\\\/\\\/www.capgemini.com\\\/de-de\\\/wp-content\\\/uploads\\\/sites\\\/8\\\/2025\\\/07\\\/Webbanner-2880X1800-GSIS.jpg\"},\"articleSection\":\"Uncategorized\",\"author\":[],\"creator\":[],\"publisher\":{\"@type\":\"Organization\",\"name\":\"Capgemini\",\"logo\":\"\"},\"keywords\":[],\"dateCreated\":\"2025-07-09T05:33:26Z\",\"datePublished\":\"2025-07-09T05:33:26Z\",\"dateModified\":\"2026-01-22T07:43:19Z\"}<\/script>","tracker_url":"https:\/\/cdn.parsely.com\/keys\/capgemini.com\/p.js"},"archive_status":false,"featured_image_src":"https:\/\/www.capgemini.com\/de-de\/wp-content\/uploads\/sites\/8\/2025\/07\/Webbanner-2880X1800-GSIS.jpg","featured_image_alt":"","jetpack_sharing_enabled":true,"distributor_meta":false,"distributor_terms":false,"distributor_media":false,"distributor_original_site_name":"Capgemini","distributor_original_site_url":"https:\/\/www.capgemini.com\/de-de","push-errors":false,"_links":{"self":[{"href":"https:\/\/www.capgemini.com\/de-de\/wp-json\/wp\/v2\/pages\/882658","targetHints":{"allow":["GET"]}}],"collection":[{"href":"https:\/\/www.capgemini.com\/de-de\/wp-json\/wp\/v2\/pages"}],"about":[{"href":"https:\/\/www.capgemini.com\/de-de\/wp-json\/wp\/v2\/types\/page"}],"author":[{"embeddable":true,"href":"https:\/\/www.capgemini.com\/de-de\/wp-json\/wp\/v2\/users\/33"}],"replies":[{"embeddable":true,"href":"https:\/\/www.capgemini.com\/de-de\/wp-json\/wp\/v2\/comments?post=882658"}],"version-history":[{"count":3,"href":"https:\/\/www.capgemini.com\/de-de\/wp-json\/wp\/v2\/pages\/882658\/revisions"}],"predecessor-version":[{"id":890397,"href":"https:\/\/www.capgemini.com\/de-de\/wp-json\/wp\/v2\/pages\/882658\/revisions\/890397"}],"up":[{"embeddable":true,"href":"https:\/\/www.capgemini.com\/de-de\/wp-json\/wp\/v2\/pages\/743171"}],"wp:featuredmedia":[{"embeddable":true,"href":"https:\/\/www.capgemini.com\/de-de\/wp-json\/wp\/v2\/media\/882659"}],"wp:attachment":[{"href":"https:\/\/www.capgemini.com\/de-de\/wp-json\/wp\/v2\/media?parent=882658"}],"wp:term":[{"taxonomy":"brand","embeddable":true,"href":"https:\/\/www.capgemini.com\/de-de\/wp-json\/wp\/v2\/brand?post=882658"},{"taxonomy":"partner_type","embeddable":true,"href":"https:\/\/www.capgemini.com\/de-de\/wp-json\/wp\/v2\/partner_type?post=882658"},{"taxonomy":"service","embeddable":true,"href":"https:\/\/www.capgemini.com\/de-de\/wp-json\/wp\/v2\/service?post=882658"},{"taxonomy":"industry","embeddable":true,"href":"https:\/\/www.capgemini.com\/de-de\/wp-json\/wp\/v2\/industry?post=882658"},{"taxonomy":"partners","embeddable":true,"href":"https:\/\/www.capgemini.com\/de-de\/wp-json\/wp\/v2\/partners?post=882658"},{"taxonomy":"page-type","embeddable":true,"href":"https:\/\/www.capgemini.com\/de-de\/wp-json\/wp\/v2\/page-type?post=882658"},{"taxonomy":"content-group","embeddable":true,"href":"https:\/\/www.capgemini.com\/de-de\/wp-json\/wp\/v2\/content-group?post=882658"}],"curies":[{"name":"wp","href":"https:\/\/api.w.org\/{rel}","templated":true}]}}