{"id":877744,"date":"2025-03-25T15:08:52","date_gmt":"2025-03-25T15:08:52","guid":{"rendered":"https:\/\/www.capgemini.com\/de-de\/?page_id=877744&#038;preview_id=877744"},"modified":"2026-01-22T07:44:19","modified_gmt":"2026-01-22T07:44:19","slug":"sales-client-management-and-solutions-design","status":"publish","type":"page","link":"https:\/\/www.capgemini.com\/de-de\/karriere\/karrierewege\/it-berufe\/sales-client-management-and-solutions-design\/","title":{"rendered":"Sales, client management, and solutions design"},"content":{"rendered":"\n<div class=\"wp-block-cg-blocks-hero-picture-card undefined  heroPictureCard\"><div class=\"heroPictureCardBgs\"><picture><source srcset=\"https:\/\/www.capgemini.com\/wp-content\/uploads\/2023\/05\/7a.jpg?w=2880&amp;quality=70 1x, https:\/\/www.capgemini.com\/wp-content\/uploads\/2023\/05\/7a.jpg?w=2880&amp;quality=70 2x\" media=\"(min-width: 1500px)\"\/><source srcset=\"https:\/\/www.capgemini.com\/wp-content\/uploads\/2023\/05\/7a.jpg?w=1440&amp;quality=70 1x, https:\/\/www.capgemini.com\/wp-content\/uploads\/2023\/05\/7a.jpg?w=2880&amp;quality=70 2x\" media=\"(min-width: 992px)\"\/><source srcset=\"https:\/\/www.capgemini.com\/wp-content\/uploads\/2023\/05\/7a.jpg?w=1024&amp;quality=70 1x, https:\/\/www.capgemini.com\/wp-content\/uploads\/2023\/05\/7a.jpg?w=1024&amp;quality=70 2x\" media=\"(min-width: 768px)\"\/><source srcset=\"https:\/\/www.capgemini.com\/wp-content\/uploads\/2023\/05\/7a.jpg?w=768&amp;quality=70 1x, https:\/\/www.capgemini.com\/wp-content\/uploads\/2023\/05\/7a.jpg?w=768&amp;quality=70 2x\" media=\"(min-width: 0)\"\/><img decoding=\"async\" src=\"https:\/\/www.capgemini.com\/wp-content\/uploads\/2023\/05\/7a.jpg\" class=\"desktopImage\" alt=\"\" style=\"object-fit:cover;object-position:50% 31%\" loading=\"eager\"\/><\/picture><picture><source srcset=\"https:\/\/www.capgemini.com\/wp-content\/uploads\/2023\/05\/7a.jpg?w=2880&amp;quality=70 1x, https:\/\/www.capgemini.com\/wp-content\/uploads\/2023\/05\/7a.jpg?w=2880&amp;quality=70 2x\" media=\"(min-width: 1500px)\"\/><source srcset=\"https:\/\/www.capgemini.com\/wp-content\/uploads\/2023\/05\/7a.jpg?w=1440&amp;quality=70 1x, https:\/\/www.capgemini.com\/wp-content\/uploads\/2023\/05\/7a.jpg?w=2880&amp;quality=70 2x\" media=\"(min-width: 992px)\"\/><source srcset=\"https:\/\/www.capgemini.com\/wp-content\/uploads\/2023\/05\/7a.jpg?w=1024&amp;quality=70 1x, https:\/\/www.capgemini.com\/wp-content\/uploads\/2023\/05\/7a.jpg?w=1024&amp;quality=70 2x\" media=\"(min-width: 768px)\"\/><source srcset=\"https:\/\/www.capgemini.com\/wp-content\/uploads\/2023\/05\/7a.jpg?w=768&amp;quality=70 1x, https:\/\/www.capgemini.com\/wp-content\/uploads\/2023\/05\/7a.jpg?w=768&amp;quality=70 2x\" media=\"(min-width: 0)\"\/><img decoding=\"async\" src=\"https:\/\/www.capgemini.com\/wp-content\/uploads\/2023\/05\/7a.jpg\" class=\"mobileImage\" alt=\"\" style=\"object-fit:cover;object-position:50% 31%\" loading=\"eager\"\/><\/picture><\/div><div class=\"heroPictureCardHeaderShape\"><\/div><div class=\"container\"><div class=\"row\"><div class=\"col-md-8 col-lg-6\"><div class=\"heroPictureCardBox\"><div class=\"heroPictureCardBoxTitle\"><h1 data-maxlength=\"144\">Sales, Client Management &amp; Solutions design<\/h1><\/div><\/div><\/div><\/div><\/div><div class=\"small-device\"><div class=\"brandLogoWrapper\"> <\/div><\/div><\/div>\n\n\n\n<section class=\"wp-block-cg-blocks-group undefined section section--article-content\"><div class=\"article-main-content\"><div class=\"container\"><div class=\"row\"><div class=\"col-12 col-md-1\"><nav class=\"article-social\"><ul class=\"social-nav\"><li class=\"ip-order-fb\"><a href=\"https:\/\/www.facebook.com\/sharer\/sharer.php?u=https:\/\/www.capgemini.com\/careers\/career-paths\/professions\/sales-account-management-and-solutions-design\/\" target=\"_blank\" rel=\"noopener noreferrer\" title=\"In neuem Fenster \u00f6ffnen\"><i aria-hidden=\"true\" class=\"icon-fb\"><\/i><span class=\"sr-only\">Facebook<\/span><\/a><\/li><li class=\"ip-order-tw\"><a href=\"https:\/\/twitter.com\/intent\/tweet?url=https:\/\/www.capgemini.com\/careers\/career-paths\/professions\/sales-account-management-and-solutions-design\/&amp;text=Sales%2C%20account%20management%2C%20and%20solutions%20design\" target=\"_blank\" rel=\"noopener noreferrer\" title=\"In neuem Fenster \u00f6ffnen\"><i aria-hidden=\"true\" class=\"icon-tw\"><\/i><span class=\"sr-only\">Twitter<\/span><\/a><\/li><li class=\"ip-order-li\"><a href=\"https:\/\/www.linkedin.com\/shareArticle?url=https:\/\/www.capgemini.com\/careers\/career-paths\/professions\/sales-account-management-and-solutions-design\/&amp;text=Sales%2C%20account%20management%2C%20and%20solutions%20design\" target=\"_blank\" rel=\"noopener noreferrer\" title=\"In neuem Fenster \u00f6ffnen\"><i aria-hidden=\"true\" class=\"icon-li\"><\/i><span class=\"sr-only\">Linkedin<\/span><\/a><\/li><\/ul><\/nav><\/div><div class=\"col-12 col-md-11 col-lg-10\"><div class=\"article-text article-quote-text\">\n\n<h2 class=\"wp-block-heading\" id=\"h-erkunde-moglichkeiten-im-vertrieb-kundenmanagement-und-losungsdesign\">Erkunde M\u00f6glichkeiten im Vertrieb, Kundenmanagement und L\u00f6sungsdesign.<\/h2>\n\n\n<p>Als Teil dieser Teams wirst du daf\u00fcr verantwortlich sein, Beziehungen zu Kunden aufzubauen, ihre Gesch\u00e4ftsbed\u00fcrfnisse zu verstehen und externe Partnerschaften zu nutzen sowie ma\u00dfgeschneiderte L\u00f6sungen zu entwickeln, um diese Bed\u00fcrfnisse zu erf\u00fcllen.<\/p>\n\n\n<p>Als Vertriebsexperte wirst du daf\u00fcr verantwortlich sein, potenzielle Kunden zu identifizieren und Neugesch\u00e4ft zu generieren, w\u00e4hrend der Kundenmanager sich auf die Pflege und Betreuung bestehender Kundenbeziehungen konzentriert. Der L\u00f6sungsdesign-Experte wird eine entscheidende Rolle bei der Entwicklung von L\u00f6sungen spielen, die den einzigartigen Bed\u00fcrfnissen jedes Kunden gerecht werden.<\/p>\n\n\n<p>Innerhalb dieses Berufs kannst du Rollen \u00fcbernehmen wie:<\/p>\n\n\n<ul class=\"wp-block-list\">\n\n<li>Client Partner*in\/ Manager*in<\/li>\n\n\n<li>Sales Manager*in<\/li>\n\n\n<li>Account Manager*in<\/li>\n\n\n<li>Contract Manager*in<\/li>\n\n\n<li>Account Executive<\/li>\n\n<\/ul>\n\n<\/div><\/div><\/div><\/div><\/div><\/section>\n\n\n\n<section class=\"wp-block-cg-blocks-call-to-action undefined call-to-action-block is-style-cg-purple\"><div class=\"container\"><div class=\"call-to-action-block-content-wrapper has-description\"><div class=\"text-wrapper has-description\"><h3 class=\"title\" data-maxlength=\"144\">Bist du bereit die Herausforderung anzunehmen?<\/h3><p class=\"description\" data-maxlength=\"210\">Alle offenen Stellen findest du im Jobportal.<\/p><\/div><div class=\"button-wrapper has-description\"><a class=\" cta-btn action-valid\" href=\"https:\/\/www.capgemini.com\/de-de\/karriere\/jobs\/?country_code=de-de&amp;country_name=Germany&amp;size=15\" target=\"\" rel=\"noopener noreferrer\" aria-label=\"Jetzt bewerben \u00fcber Bist du bereit die Herausforderung anzunehmen?\" title=\"In neuem Fenster \u00f6ffnen\" data-maxlength=\"24\" tabindex=\"0\"> Jetzt bewerben <\/a><\/div><\/div><\/div><\/section>\n\n\n<section class=\"wp-block-cg-blocks-learn-more learnMoreBlock updated-new-sample-amal\"><div class=\"container\"><div class=\"content-title\"><h2 class=\"learnmore-heading\">Learn More<\/h2><\/div><div class=\"row\"> <div class=\"col-md-4\"><div class=\"box\"><div class=\"box-wrapper\"><a class=\"box-title\" href=\"https:\/\/www.capgemini.com\/de-de\/karriere\/karrierewege\/it-berufe\/was-macht-ein-projektmanager\/\" target=\"\" aria-label=\"Learn more 1\" rel=\"noopener noreferrer\"><div class=\"box-img-wrapper\"><img decoding=\"async\" src=\"https:\/\/www.capgemini.com\/wp-content\/uploads\/2023\/05\/MicrosoftTeams-image-35.jpg?w=500&amp;quality=70\" srcset=\"https:\/\/www.capgemini.com\/wp-content\/uploads\/2023\/05\/MicrosoftTeams-image-35.jpg?w=500&amp;quality=70 1x, https:\/\/www.capgemini.com\/wp-content\/uploads\/2023\/05\/MicrosoftTeams-image-35.jpg?w=1000&amp;quality=70 2x\" class=\"box-img\" alt=\"\" style=\"object-fit:cover;object-position:50% 50%\" loading=\"lazy\"\/><\/div><h3 class=\"titleWithoutLink_learnMore\">Delivery Excellence<\/h3><\/a><\/div><\/div><div class=\"box-inner\"><p class=\"box-desc\"><\/p><\/div><\/div> <div class=\"col-md-4\"><div class=\"box\"><div class=\"box-wrapper\"><a class=\"box-title\" href=\"https:\/\/www.capgemini.com\/careers\/career-paths\/professions\/business-risk-management\/\" target=\"\" aria-label=\"Learn more 1\" rel=\"noopener noreferrer\"><div class=\"box-img-wrapper\"><img decoding=\"async\" src=\"https:\/\/www.capgemini.com\/wp-content\/uploads\/2023\/05\/21b.jpg?w=500&amp;quality=70\" srcset=\"https:\/\/www.capgemini.com\/wp-content\/uploads\/2023\/05\/21b.jpg?w=500&amp;quality=70 1x, https:\/\/www.capgemini.com\/wp-content\/uploads\/2023\/05\/21b.jpg?w=1000&amp;quality=70 2x\" class=\"box-img\" alt=\"\" style=\"object-fit:cover;object-position:50% 50%\" loading=\"lazy\"\/><\/div><h3 class=\"titleWithoutLink_learnMore\">Business Risk Management<\/h3><\/a><\/div><\/div><div class=\"box-inner\"><p class=\"box-desc\"><\/p><\/div><\/div> <div class=\"col-md-4\"><div class=\"box\"><div class=\"box-wrapper\"><a class=\"box-title\" href=\"https:\/\/www.capgemini.com\/careers\/career-paths\/professions\/portfolio-and-product-management\/\" target=\"\" aria-label=\"Learn more 1\" rel=\"noopener noreferrer\"><div class=\"box-img-wrapper\"><img decoding=\"async\" src=\"https:\/\/www.capgemini.com\/wp-content\/uploads\/2023\/05\/2b-1.jpg?w=500&amp;quality=70\" srcset=\"https:\/\/www.capgemini.com\/wp-content\/uploads\/2023\/05\/2b-1.jpg?w=500&amp;quality=70 1x, https:\/\/www.capgemini.com\/wp-content\/uploads\/2023\/05\/2b-1.jpg?w=1000&amp;quality=70 2x\" class=\"box-img\" alt=\"\" style=\"object-fit:cover;object-position:50% 50%\" loading=\"lazy\"\/><\/div><h3 class=\"titleWithoutLink_learnMore\">Portfolio and Product Management<\/h3><\/a><\/div><\/div><div class=\"box-inner\"><p class=\"box-desc\"><\/p><\/div><\/div><\/div><\/div><\/section>\n\n\n<p><\/p>\n","protected":false},"excerpt":{"rendered":"<p>Explore opportunities in sales, account management, and solutions design.<\/p>\n","protected":false},"author":81,"featured_media":877745,"parent":741922,"menu_order":0,"comment_status":"closed","ping_status":"closed","template":"","meta":{"cg_dt_proposed_to":[],"cg_seo_hreflang_relations":"[]","cg_seo_canonical_relation":"","cg_seo_hreflang_x_default_relation":"{\"uuid\":\"5546d91b-d4b1-4533-8912-81dbebd320b2\",\"blogId\":\"\",\"domain\":\"\",\"sitePath\":\"\",\"postLink\":\"\",\"postId\":null,\"isSaved\":true,\"isCrossLink\":false,\"hasCrossLink\":false}","cg_dt_approved_content":true,"cg_dt_mandatory_content":false,"cg_dt_notes":"","cg_dg_source_changed":true,"cg_dt_link_disabled":false,"_yoast_wpseo_primary_brand":"","footnotes":"","featured_focal_points":"","partner_card_description":"","gsap_animation":0},"brand":[],"partner_type":[],"service":[],"industry":[],"partners":[],"page-type":[188],"content-group":[],"class_list":["post-877744","page","type-page","status-publish","has-post-thumbnail","hentry","page-type-careers"],"yoast_head":"<!-- This site is optimized with the Yoast SEO Premium plugin v22.8 (Yoast SEO v22.8) - https:\/\/yoast.com\/wordpress\/plugins\/seo\/ -->\n<title>Sales, Client Management &amp; Solution Design bei Capgemini<\/title>\n<meta name=\"description\" content=\"Lerne dieses spannende Berufsfeld kennen. Alle offenen Stellen findest du im Jobportal.\" \/>\n<meta name=\"robots\" content=\"index, follow, max-snippet:-1, max-image-preview:large, max-video-preview:-1\" \/>\n<link rel=\"canonical\" href=\"https:\/\/www.capgemini.com\/de-de\/karriere\/karrierewege\/it-berufe\/sales-client-management-and-solutions-design\/\" \/>\n<meta property=\"og:locale\" content=\"de_DE\" \/>\n<meta property=\"og:type\" content=\"article\" \/>\n<meta property=\"og:title\" content=\"Sales, Client Management &amp; Solution Design bei Capgemini\" \/>\n<meta property=\"og:description\" content=\"Lerne dieses spannende Berufsfeld kennen. Alle offenen Stellen findest du im Jobportal.\" \/>\n<meta property=\"og:url\" content=\"https:\/\/www.capgemini.com\/de-de\/karriere\/karrierewege\/it-berufe\/sales-client-management-and-solutions-design\/\" \/>\n<meta property=\"og:site_name\" content=\"Capgemini\" \/>\n<meta property=\"article:modified_time\" content=\"2026-01-22T07:44:19+00:00\" \/>\n<meta property=\"og:image\" content=\"https:\/\/www.capgemini.com\/de-de\/wp-content\/uploads\/sites\/8\/2025\/10\/New-Web-preview-global.jpg\" \/>\n\t<meta property=\"og:image:width\" content=\"1200\" \/>\n\t<meta property=\"og:image:height\" content=\"627\" \/>\n\t<meta property=\"og:image:type\" content=\"image\/jpeg\" \/>\n<meta name=\"twitter:card\" content=\"summary_large_image\" \/>\n<meta name=\"twitter:label1\" content=\"Est. reading time\" \/>\n\t<meta name=\"twitter:data1\" content=\"2 minutes\" \/>\n<script type=\"application\/ld+json\" class=\"yoast-schema-graph\">{\"@context\":\"https:\/\/schema.org\",\"@graph\":[{\"@type\":\"WebPage\",\"@id\":\"https:\/\/www.capgemini.com\/de-de\/karriere\/karrierewege\/it-berufe\/sales-client-management-and-solutions-design\/\",\"url\":\"https:\/\/www.capgemini.com\/de-de\/karriere\/karrierewege\/it-berufe\/sales-client-management-and-solutions-design\/\",\"name\":\"Sales, Client Management & Solution Design bei Capgemini\",\"isPartOf\":{\"@id\":\"https:\/\/www.capgemini.com\/de-de\/#website\"},\"primaryImageOfPage\":{\"@id\":\"https:\/\/www.capgemini.com\/de-de\/karriere\/karrierewege\/it-berufe\/sales-client-management-and-solutions-design\/#primaryimage\"},\"image\":{\"@id\":\"https:\/\/www.capgemini.com\/de-de\/karriere\/karrierewege\/it-berufe\/sales-client-management-and-solutions-design\/#primaryimage\"},\"thumbnailUrl\":\"https:\/\/www.capgemini.com\/de-de\/wp-content\/uploads\/sites\/8\/2025\/03\/7a.jpg\",\"datePublished\":\"2025-03-25T15:08:52+00:00\",\"dateModified\":\"2026-01-22T07:44:19+00:00\",\"description\":\"Lerne dieses spannende Berufsfeld kennen. Alle offenen Stellen findest du im Jobportal.\",\"breadcrumb\":{\"@id\":\"https:\/\/www.capgemini.com\/de-de\/karriere\/karrierewege\/it-berufe\/sales-client-management-and-solutions-design\/#breadcrumb\"},\"inLanguage\":\"de-DE\",\"potentialAction\":[{\"@type\":\"ReadAction\",\"target\":[\"https:\/\/www.capgemini.com\/de-de\/karriere\/karrierewege\/it-berufe\/sales-client-management-and-solutions-design\/\"]}]},{\"@type\":\"ImageObject\",\"inLanguage\":\"de-DE\",\"@id\":\"https:\/\/www.capgemini.com\/de-de\/karriere\/karrierewege\/it-berufe\/sales-client-management-and-solutions-design\/#primaryimage\",\"url\":\"https:\/\/www.capgemini.com\/de-de\/wp-content\/uploads\/sites\/8\/2025\/03\/7a.jpg\",\"contentUrl\":\"https:\/\/www.capgemini.com\/de-de\/wp-content\/uploads\/sites\/8\/2025\/03\/7a.jpg\",\"width\":2880,\"height\":1800,\"caption\":\"profession - sales - banner\"},{\"@type\":\"BreadcrumbList\",\"@id\":\"https:\/\/www.capgemini.com\/de-de\/karriere\/karrierewege\/it-berufe\/sales-client-management-and-solutions-design\/#breadcrumb\",\"itemListElement\":[{\"@type\":\"ListItem\",\"position\":1,\"name\":\"Karriere\",\"item\":\"https:\/\/www.capgemini.com\/de-de\/karriere\/\"},{\"@type\":\"ListItem\",\"position\":2,\"name\":\"Karrierewege\",\"item\":\"https:\/\/www.capgemini.com\/de-de\/karriere\/karrierewege\/\"},{\"@type\":\"ListItem\",\"position\":3,\"name\":\"Berufsfelder\",\"item\":\"https:\/\/www.capgemini.com\/de-de\/karriere\/karrierewege\/it-berufe\/\"},{\"@type\":\"ListItem\",\"position\":4,\"name\":\"Sales, client management, and solutions design\"}]},{\"@type\":\"WebSite\",\"@id\":\"https:\/\/www.capgemini.com\/de-de\/#website\",\"url\":\"https:\/\/www.capgemini.com\/de-de\/\",\"name\":\"Capgemini Deutschland\",\"description\":\"Make it real\",\"potentialAction\":[{\"@type\":\"SearchAction\",\"target\":{\"@type\":\"EntryPoint\",\"urlTemplate\":\"https:\/\/www.capgemini.com\/de-de\/?s={search_term_string}\"},\"query-input\":\"required name=search_term_string\"}],\"inLanguage\":\"de-DE\"}]}<\/script>\n<!-- \/ Yoast SEO Premium plugin. -->","yoast_head_json":{"title":"Sales, Client Management & Solution Design bei Capgemini","description":"Lerne dieses spannende Berufsfeld kennen. Alle offenen Stellen findest du im Jobportal.","robots":{"index":"index","follow":"follow","max-snippet":"max-snippet:-1","max-image-preview":"max-image-preview:large","max-video-preview":"max-video-preview:-1"},"canonical":"https:\/\/www.capgemini.com\/de-de\/karriere\/karrierewege\/it-berufe\/sales-client-management-and-solutions-design\/","og_locale":"de_DE","og_type":"article","og_title":"Sales, Client Management & Solution Design bei Capgemini","og_description":"Lerne dieses spannende Berufsfeld kennen. Alle offenen Stellen findest du im Jobportal.","og_url":"https:\/\/www.capgemini.com\/de-de\/karriere\/karrierewege\/it-berufe\/sales-client-management-and-solutions-design\/","og_site_name":"Capgemini","article_modified_time":"2026-01-22T07:44:19+00:00","og_image":[{"width":1200,"height":627,"url":"https:\/\/www.capgemini.com\/de-de\/wp-content\/uploads\/sites\/8\/2025\/10\/New-Web-preview-global.jpg","type":"image\/jpeg"}],"twitter_card":"summary_large_image","twitter_misc":{"Est. reading time":"2 minutes"},"schema":{"@context":"https:\/\/schema.org","@graph":[{"@type":"WebPage","@id":"https:\/\/www.capgemini.com\/de-de\/karriere\/karrierewege\/it-berufe\/sales-client-management-and-solutions-design\/","url":"https:\/\/www.capgemini.com\/de-de\/karriere\/karrierewege\/it-berufe\/sales-client-management-and-solutions-design\/","name":"Sales, Client Management & Solution Design bei Capgemini","isPartOf":{"@id":"https:\/\/www.capgemini.com\/de-de\/#website"},"primaryImageOfPage":{"@id":"https:\/\/www.capgemini.com\/de-de\/karriere\/karrierewege\/it-berufe\/sales-client-management-and-solutions-design\/#primaryimage"},"image":{"@id":"https:\/\/www.capgemini.com\/de-de\/karriere\/karrierewege\/it-berufe\/sales-client-management-and-solutions-design\/#primaryimage"},"thumbnailUrl":"https:\/\/www.capgemini.com\/de-de\/wp-content\/uploads\/sites\/8\/2025\/03\/7a.jpg","datePublished":"2025-03-25T15:08:52+00:00","dateModified":"2026-01-22T07:44:19+00:00","description":"Lerne dieses spannende Berufsfeld kennen. Alle offenen Stellen findest du im Jobportal.","breadcrumb":{"@id":"https:\/\/www.capgemini.com\/de-de\/karriere\/karrierewege\/it-berufe\/sales-client-management-and-solutions-design\/#breadcrumb"},"inLanguage":"de-DE","potentialAction":[{"@type":"ReadAction","target":["https:\/\/www.capgemini.com\/de-de\/karriere\/karrierewege\/it-berufe\/sales-client-management-and-solutions-design\/"]}]},{"@type":"ImageObject","inLanguage":"de-DE","@id":"https:\/\/www.capgemini.com\/de-de\/karriere\/karrierewege\/it-berufe\/sales-client-management-and-solutions-design\/#primaryimage","url":"https:\/\/www.capgemini.com\/de-de\/wp-content\/uploads\/sites\/8\/2025\/03\/7a.jpg","contentUrl":"https:\/\/www.capgemini.com\/de-de\/wp-content\/uploads\/sites\/8\/2025\/03\/7a.jpg","width":2880,"height":1800,"caption":"profession - sales - banner"},{"@type":"BreadcrumbList","@id":"https:\/\/www.capgemini.com\/de-de\/karriere\/karrierewege\/it-berufe\/sales-client-management-and-solutions-design\/#breadcrumb","itemListElement":[{"@type":"ListItem","position":1,"name":"Karriere","item":"https:\/\/www.capgemini.com\/de-de\/karriere\/"},{"@type":"ListItem","position":2,"name":"Karrierewege","item":"https:\/\/www.capgemini.com\/de-de\/karriere\/karrierewege\/"},{"@type":"ListItem","position":3,"name":"Berufsfelder","item":"https:\/\/www.capgemini.com\/de-de\/karriere\/karrierewege\/it-berufe\/"},{"@type":"ListItem","position":4,"name":"Sales, client management, and solutions design"}]},{"@type":"WebSite","@id":"https:\/\/www.capgemini.com\/de-de\/#website","url":"https:\/\/www.capgemini.com\/de-de\/","name":"Capgemini Deutschland","description":"Make it real","potentialAction":[{"@type":"SearchAction","target":{"@type":"EntryPoint","urlTemplate":"https:\/\/www.capgemini.com\/de-de\/?s={search_term_string}"},"query-input":"required name=search_term_string"}],"inLanguage":"de-DE"}]}},"brand_term":[],"parsely":{"version":"1.1.0","canonical_url":"https:\/\/capgemini.com\/de-de\/karriere\/karrierewege\/it-berufe\/sales-client-management-and-solutions-design\/","smart_links":{"inbound":0,"outbound":0},"traffic_boost_suggestions_count":0,"meta":{"@context":"https:\/\/schema.org","@type":"WebPage","headline":"Sales, client management, and solutions design","url":"http:\/\/www.capgemini.com\/de-de\/karriere\/karrierewege\/it-berufe\/sales-client-management-and-solutions-design\/","mainEntityOfPage":{"@type":"WebPage","@id":"http:\/\/www.capgemini.com\/de-de\/karriere\/karrierewege\/it-berufe\/sales-client-management-and-solutions-design\/"},"thumbnailUrl":"https:\/\/www.capgemini.com\/de-de\/wp-content\/uploads\/sites\/8\/2025\/03\/7a.jpg?w=150&h=150&crop=1","image":{"@type":"ImageObject","url":"https:\/\/www.capgemini.com\/de-de\/wp-content\/uploads\/sites\/8\/2025\/03\/7a.jpg"},"articleSection":"Uncategorized","author":[],"creator":[],"publisher":{"@type":"Organization","name":"Capgemini","logo":""},"keywords":[],"dateCreated":"2025-03-25T15:08:52Z","datePublished":"2025-03-25T15:08:52Z","dateModified":"2026-01-22T07:44:19Z"},"rendered":"<script type=\"application\/ld+json\" class=\"wp-parsely-metadata\">{\"@context\":\"https:\\\/\\\/schema.org\",\"@type\":\"WebPage\",\"headline\":\"Sales, client management, and solutions design\",\"url\":\"http:\\\/\\\/www.capgemini.com\\\/de-de\\\/karriere\\\/karrierewege\\\/it-berufe\\\/sales-client-management-and-solutions-design\\\/\",\"mainEntityOfPage\":{\"@type\":\"WebPage\",\"@id\":\"http:\\\/\\\/www.capgemini.com\\\/de-de\\\/karriere\\\/karrierewege\\\/it-berufe\\\/sales-client-management-and-solutions-design\\\/\"},\"thumbnailUrl\":\"https:\\\/\\\/www.capgemini.com\\\/de-de\\\/wp-content\\\/uploads\\\/sites\\\/8\\\/2025\\\/03\\\/7a.jpg?w=150&h=150&crop=1\",\"image\":{\"@type\":\"ImageObject\",\"url\":\"https:\\\/\\\/www.capgemini.com\\\/de-de\\\/wp-content\\\/uploads\\\/sites\\\/8\\\/2025\\\/03\\\/7a.jpg\"},\"articleSection\":\"Uncategorized\",\"author\":[],\"creator\":[],\"publisher\":{\"@type\":\"Organization\",\"name\":\"Capgemini\",\"logo\":\"\"},\"keywords\":[],\"dateCreated\":\"2025-03-25T15:08:52Z\",\"datePublished\":\"2025-03-25T15:08:52Z\",\"dateModified\":\"2026-01-22T07:44:19Z\"}<\/script>","tracker_url":"https:\/\/cdn.parsely.com\/keys\/capgemini.com\/p.js"},"archive_status":false,"featured_image_src":"https:\/\/www.capgemini.com\/de-de\/wp-content\/uploads\/sites\/8\/2025\/03\/7a.jpg","featured_image_alt":"profession - sales - banner","jetpack_sharing_enabled":true,"distributor_meta":false,"distributor_terms":false,"distributor_media":false,"distributor_original_site_name":"Capgemini","distributor_original_site_url":"https:\/\/www.capgemini.com\/de-de","push-errors":false,"_links":{"self":[{"href":"https:\/\/www.capgemini.com\/de-de\/wp-json\/wp\/v2\/pages\/877744","targetHints":{"allow":["GET"]}}],"collection":[{"href":"https:\/\/www.capgemini.com\/de-de\/wp-json\/wp\/v2\/pages"}],"about":[{"href":"https:\/\/www.capgemini.com\/de-de\/wp-json\/wp\/v2\/types\/page"}],"author":[{"embeddable":true,"href":"https:\/\/www.capgemini.com\/de-de\/wp-json\/wp\/v2\/users\/81"}],"replies":[{"embeddable":true,"href":"https:\/\/www.capgemini.com\/de-de\/wp-json\/wp\/v2\/comments?post=877744"}],"version-history":[{"count":3,"href":"https:\/\/www.capgemini.com\/de-de\/wp-json\/wp\/v2\/pages\/877744\/revisions"}],"predecessor-version":[{"id":877828,"href":"https:\/\/www.capgemini.com\/de-de\/wp-json\/wp\/v2\/pages\/877744\/revisions\/877828"}],"up":[{"embeddable":true,"href":"https:\/\/www.capgemini.com\/de-de\/wp-json\/wp\/v2\/pages\/741922"}],"wp:featuredmedia":[{"embeddable":true,"href":"https:\/\/www.capgemini.com\/de-de\/wp-json\/wp\/v2\/media\/877745"}],"wp:attachment":[{"href":"https:\/\/www.capgemini.com\/de-de\/wp-json\/wp\/v2\/media?parent=877744"}],"wp:term":[{"taxonomy":"brand","embeddable":true,"href":"https:\/\/www.capgemini.com\/de-de\/wp-json\/wp\/v2\/brand?post=877744"},{"taxonomy":"partner_type","embeddable":true,"href":"https:\/\/www.capgemini.com\/de-de\/wp-json\/wp\/v2\/partner_type?post=877744"},{"taxonomy":"service","embeddable":true,"href":"https:\/\/www.capgemini.com\/de-de\/wp-json\/wp\/v2\/service?post=877744"},{"taxonomy":"industry","embeddable":true,"href":"https:\/\/www.capgemini.com\/de-de\/wp-json\/wp\/v2\/industry?post=877744"},{"taxonomy":"partners","embeddable":true,"href":"https:\/\/www.capgemini.com\/de-de\/wp-json\/wp\/v2\/partners?post=877744"},{"taxonomy":"page-type","embeddable":true,"href":"https:\/\/www.capgemini.com\/de-de\/wp-json\/wp\/v2\/page-type?post=877744"},{"taxonomy":"content-group","embeddable":true,"href":"https:\/\/www.capgemini.com\/de-de\/wp-json\/wp\/v2\/content-group?post=877744"}],"curies":[{"name":"wp","href":"https:\/\/api.w.org\/{rel}","templated":true}]}}