{"id":873801,"date":"2025-02-14T09:03:16","date_gmt":"2025-02-14T09:03:16","guid":{"rendered":"https:\/\/www.capgemini.com\/de-de\/?page_id=873801&#038;preview_id=873801"},"modified":"2026-01-22T07:44:45","modified_gmt":"2026-01-22T07:44:45","slug":"betrugswarnung","status":"publish","type":"page","link":"https:\/\/www.capgemini.com\/de-de\/betrugswarnung\/","title":{"rendered":"Warnung vor Betrug"},"content":{"rendered":"\n<header class=\"wp-block-cg-blocks-hero-reusable is-style-default header heroReusable  \"><div class=\"header-bgs\"><\/div><div class=\"heroPictureCardHeaderShape\"><\/div><div class=\"container\"><div class=\"row\"><div class=\"col-md-12\"><div class=\"box\"><div class=\"boxTagWrapper\"><div class=\"tagInfo\"><div><span class=\"box-tag\">Fraud alert<\/span><\/div><\/div><\/div><div class=\"box-title\"><h1 data-maxlength=\"34\">Vorsicht vor Phishing-E-Mails und Betrugsversuchen<\/h1><\/div><div class=\"inner-row-insight download-btn\"><\/div><\/div><\/div><\/div><\/div><\/header>\n\n\n\n<section class=\"wp-block-cg-blocks-group undefined section section--article-content\"><div class=\"article-main-content\"><div class=\"container\"><div class=\"row\"><div class=\"col-12 col-md-11 col-lg-10 offset-md-1 offset-lg-1\"><div class=\"article-text article-quote-text\">\n<p>Zunehmend werden im Namen gro\u00dfer Markenunternehmen Betrugsversuche unternommen. Wir wurden auf Betrugsversuche aufmerksam gemacht, die ein leicht zu erzielendes Einkommen als Ausgleich f\u00fcr einfache berufliche T\u00e4tigkeiten versprechen, wie z. B. dem Folgen von Profilen und Seiten in sozialen Netzwerken, dem Posten von Kommentaren und Likes zu ver\u00f6ffentlichten Fotos und Videos oder dem Verfassen von Bewertungen bei verschiedenen Online-Diensten. Darauf folgen oft finanzielle Forderungen oder Bedingungen, wie z. B. kleine Zusatzzahlungen, um weiterhin Kompensationen f\u00fcr geleistete Arbeiten zu erhalten.<\/p>\n\n\n\n<p><strong>Als verantwortungsbewusstes, weltweit f\u00fchrendes Unternehmen wird Capgemini Ihnen niemals unaufgefordert eine Nachricht \u00fcber Ihre pers\u00f6nlichen sozialen Plattformen schicken, ohne sich vorzustellen und mit einer offenen Frage wie \u201eHallo, kann ich kurz mit Ihnen sprechen?\u201c, gefolgt von der Bitte um Zahlungen, um weitere finanzielle Verg\u00fctungen zu erhalten.<\/strong><\/p>\n\n\n\n<p>Reagieren Sie nicht auf solche Nachrichten von unbekannten Nutzern, klicken Sie nicht auf verd\u00e4chtige Links, die Ihre Endger\u00e4te sch\u00e4digen k\u00f6nnen, geben Sie keine Passw\u00f6rter f\u00fcr den Zugang zu Ihren Bankkonten und E-Mails an und sch\u00fctzen Sie vor allem Ihre pers\u00f6nlichen Daten.<\/p>\n\n\n\n<div class=\"wp-block-anchor-block-standard\" id=\"recruitment\" data-anchor-padding=\"\" style=\"--data-anchor-padding: 0px\"><\/div>\n\n\n\n<p>Es ist empfehlenswert, diese Betrugsrufnummern zu sperren und solche Nachrichten \u00fcber einen in Ihrem Land verf\u00fcgbaren offiziellen Meldevorgang zu erfassen.<\/p>\n\n\n\n<h2 class=\"wp-block-heading\" id=\"h-wichtiger-hinweis-recruiting-scams\">Wichtiger Hinweis: Recruiting Scams<\/h2>\n\n\n\n<p>In letzter Zeit haben Betrugsversuche im Zusammenhang mit Recruiting-Aktivit\u00e4ten und Stellenangeboten zugenommen. Betr\u00fcger ver\u00f6ffentlichen gef\u00e4lschte Stellenanzeigen oder kontaktieren Arbeitssuchende mit fingierten Jobangeboten. Teilweise f\u00fchren sie sogar Scheinbewerbungsgespr\u00e4che durch, um pers\u00f6nliche Daten oder Geld von Bewerbenden zu erlangen. Manche Betr\u00fcger geben sich als Capgemini-Recruiter*innen aus und bieten Stellen gegen Bezahlung an.<\/p>\n\n\n\n<p>Bei Capgemini verfolgen wir einen strukturierten Einstellungsprozess mit sorgf\u00e4ltigen Pr\u00fcfungen.&nbsp;Wir verlangen niemals Geb\u00fchren oder akzeptieren Zahlungen von Bewerbenden im Rahmen des Bewerbungsprozesses.&nbsp;Wenn Sie eine unerw\u00fcnschte oder verd\u00e4chtige Nachricht zu einem Jobangebot oder Bewerbungsgespr\u00e4ch erhalten, in der Geld verlangt wird, handelt es sich mit hoher Wahrscheinlichkeit um einen Betrugsversuch.<\/p>\n\n\n\n<p><strong>So erkennen Sie betr\u00fcgerische Recruiting-Aktivit\u00e4ten<\/strong><\/p>\n\n\n\n<ul class=\"wp-block-list\">\n<li>Capgemini verlangt zu keinem Zeitpunkt im Bewerbungsprozess Geb\u00fchren.&nbsp;Wir fordern niemals Geld f\u00fcr eine Bewerbung oder eine Anstellung.<\/li>\n\n\n\n<li>Unser Einstellungsverfahren beinhaltet immer mindestens ein Kennenlerngespr\u00e4ch&nbsp;\u2013 entweder virtuell oder pers\u00f6nlich. Wir f\u00fchren keine Bewerbungsgespr\u00e4che \u00fcber Instant-Messaging-Dienste durch.<\/li>\n\n\n\n<li>Unsere Recruiter*innen kommunizieren ausschlie\u00dflich \u00fcber E-Mail-Adressen mit den Domains&nbsp;@capgemini.com,&nbsp;@sogeti.com&nbsp;oder&nbsp;@frog.co. Seien Sie vorsichtig bei E-Mails von allgemeinen Anbietern wie Gmail oder Yahoo \u2013 diese k\u00f6nnten missbr\u00e4uchlich sein.<\/li>\n\n\n\n<li>Wir fordern im Bewerbungsprozess keine sensiblen pers\u00f6nlichen Dokumente&nbsp;wie Bankverbindungen, Steuerunterlagen oder Kreditkarteninformationen an.<\/li>\n\n\n\n<li>Wenn Sie verd\u00e4chtige E-Mails, Anzeigen oder Personen bemerken, die angeblich im Namen von Capgemini Jobs anbieten, wenden Sie sich bitte an unseren Datenschutzbeauftragten unter der Email-Adresse <a href=\"mailto:dpocapgemini.de@capgemini.com\">dpocapgemini.de@capgemini.com<\/a>.<\/li>\n<\/ul>\n\n\n\n<p>Wir setzen uns f\u00fcr einen transparenten Einstellungsprozess ein und stehen in keinerlei Verbindung zu solchen betr\u00fcgerischen Diensten oder Personen.&nbsp;Wir \u00fcbernehmen keine Haftung f\u00fcr Verluste oder Sch\u00e4den, die durch den Kontakt mit solchen Stellen entstehen.<\/p>\n\n\n\n<p>Wenn Sie sich unsicher sind, ob ein Jobangebot echt ist, besuchen Sie bitte unsere offizielle Karriereseite von Capgemini, um die Quelle zu \u00fcberpr\u00fcfen. Sollten Sie Opfer eines Betrugs geworden sein, wenden Sie sich bitte umgehend an die \u00f6rtlichen Strafverfolgungsbeh\u00f6rden.<\/p>\n<\/div><\/div><\/div><\/div><\/div><\/section>\n","protected":false},"excerpt":{"rendered":"","protected":false},"author":58,"featured_media":0,"parent":0,"menu_order":0,"comment_status":"closed","ping_status":"closed","template":"","meta":{"cg_dt_proposed_to":[],"cg_seo_hreflang_relations":"[]","cg_seo_canonical_relation":"","cg_seo_hreflang_x_default_relation":"{\"uuid\":\"6bc6fa60-54e9-4e7e-9e4f-3d54f39e29ef\",\"blogId\":\"\",\"domain\":\"\",\"sitePath\":\"\",\"postLink\":\"\",\"postId\":null,\"isSaved\":true,\"isCrossLink\":false,\"hasCrossLink\":false}","cg_dt_approved_content":true,"cg_dt_mandatory_content":false,"cg_dt_notes":"","cg_dg_source_changed":true,"cg_dt_link_disabled":false,"_yoast_wpseo_primary_brand":"","footnotes":"","featured_focal_points":"","partner_card_description":"","gsap_animation":0},"brand":[],"partner_type":[],"service":[],"industry":[],"partners":[],"page-type":[],"content-group":[],"class_list":["post-873801","page","type-page","status-publish","hentry"],"yoast_head":"<!-- This site is optimized with the Yoast SEO Premium plugin v22.8 (Yoast SEO v22.8) - https:\/\/yoast.com\/wordpress\/plugins\/seo\/ -->\n<title>Warnung vor Betrug - Capgemini<\/title>\n<meta name=\"robots\" content=\"index, follow, max-snippet:-1, max-image-preview:large, max-video-preview:-1\" \/>\n<link rel=\"canonical\" href=\"https:\/\/www.capgemini.com\/de-de\/betrugswarnung\/\" \/>\n<meta property=\"og:locale\" content=\"de_DE\" \/>\n<meta property=\"og:type\" content=\"article\" \/>\n<meta property=\"og:title\" content=\"Warnung vor Betrug - Capgemini\" \/>\n<meta property=\"og:url\" content=\"https:\/\/www.capgemini.com\/de-de\/betrugswarnung\/\" \/>\n<meta property=\"og:site_name\" content=\"Capgemini\" \/>\n<meta property=\"article:modified_time\" content=\"2026-01-22T07:44:45+00:00\" \/>\n<meta property=\"og:image\" content=\"https:\/\/www.capgemini.com\/de-de\/wp-content\/uploads\/sites\/8\/2025\/10\/New-Web-preview-global.jpg\" \/>\n\t<meta property=\"og:image:width\" content=\"1200\" \/>\n\t<meta property=\"og:image:height\" content=\"627\" \/>\n\t<meta property=\"og:image:type\" content=\"image\/jpeg\" \/>\n<meta name=\"twitter:card\" content=\"summary_large_image\" \/>\n<meta name=\"twitter:label1\" content=\"Est. reading time\" \/>\n\t<meta name=\"twitter:data1\" content=\"3 minutes\" \/>\n<script type=\"application\/ld+json\" class=\"yoast-schema-graph\">{\"@context\":\"https:\/\/schema.org\",\"@graph\":[{\"@type\":\"WebPage\",\"@id\":\"https:\/\/www.capgemini.com\/de-de\/betrugswarnung\/\",\"url\":\"https:\/\/www.capgemini.com\/de-de\/betrugswarnung\/\",\"name\":\"Warnung vor Betrug - Capgemini\",\"isPartOf\":{\"@id\":\"https:\/\/www.capgemini.com\/de-de\/#website\"},\"datePublished\":\"2025-02-14T09:03:16+00:00\",\"dateModified\":\"2026-01-22T07:44:45+00:00\",\"inLanguage\":\"de-DE\",\"potentialAction\":[{\"@type\":\"ReadAction\",\"target\":[\"https:\/\/www.capgemini.com\/de-de\/betrugswarnung\/\"]}]},{\"@type\":\"WebSite\",\"@id\":\"https:\/\/www.capgemini.com\/de-de\/#website\",\"url\":\"https:\/\/www.capgemini.com\/de-de\/\",\"name\":\"Capgemini Deutschland\",\"description\":\"Make it real\",\"potentialAction\":[{\"@type\":\"SearchAction\",\"target\":{\"@type\":\"EntryPoint\",\"urlTemplate\":\"https:\/\/www.capgemini.com\/de-de\/?s={search_term_string}\"},\"query-input\":\"required name=search_term_string\"}],\"inLanguage\":\"de-DE\"}]}<\/script>\n<!-- \/ Yoast SEO Premium plugin. -->","yoast_head_json":{"title":"Warnung vor Betrug - Capgemini","robots":{"index":"index","follow":"follow","max-snippet":"max-snippet:-1","max-image-preview":"max-image-preview:large","max-video-preview":"max-video-preview:-1"},"canonical":"https:\/\/www.capgemini.com\/de-de\/betrugswarnung\/","og_locale":"de_DE","og_type":"article","og_title":"Warnung vor Betrug - Capgemini","og_url":"https:\/\/www.capgemini.com\/de-de\/betrugswarnung\/","og_site_name":"Capgemini","article_modified_time":"2026-01-22T07:44:45+00:00","og_image":[{"width":1200,"height":627,"url":"https:\/\/www.capgemini.com\/de-de\/wp-content\/uploads\/sites\/8\/2025\/10\/New-Web-preview-global.jpg","type":"image\/jpeg"}],"twitter_card":"summary_large_image","twitter_misc":{"Est. reading time":"3 minutes"},"schema":{"@context":"https:\/\/schema.org","@graph":[{"@type":"WebPage","@id":"https:\/\/www.capgemini.com\/de-de\/betrugswarnung\/","url":"https:\/\/www.capgemini.com\/de-de\/betrugswarnung\/","name":"Warnung vor Betrug - Capgemini","isPartOf":{"@id":"https:\/\/www.capgemini.com\/de-de\/#website"},"datePublished":"2025-02-14T09:03:16+00:00","dateModified":"2026-01-22T07:44:45+00:00","inLanguage":"de-DE","potentialAction":[{"@type":"ReadAction","target":["https:\/\/www.capgemini.com\/de-de\/betrugswarnung\/"]}]},{"@type":"WebSite","@id":"https:\/\/www.capgemini.com\/de-de\/#website","url":"https:\/\/www.capgemini.com\/de-de\/","name":"Capgemini Deutschland","description":"Make it real","potentialAction":[{"@type":"SearchAction","target":{"@type":"EntryPoint","urlTemplate":"https:\/\/www.capgemini.com\/de-de\/?s={search_term_string}"},"query-input":"required name=search_term_string"}],"inLanguage":"de-DE"}]}},"brand_term":[],"parsely":{"version":"1.1.0","canonical_url":"https:\/\/capgemini.com\/de-de\/betrugswarnung\/","smart_links":{"inbound":0,"outbound":0},"traffic_boost_suggestions_count":0,"meta":{"@context":"https:\/\/schema.org","@type":"WebPage","headline":"Warnung vor Betrug","url":"http:\/\/www.capgemini.com\/de-de\/betrugswarnung\/","mainEntityOfPage":{"@type":"WebPage","@id":"http:\/\/www.capgemini.com\/de-de\/betrugswarnung\/"},"thumbnailUrl":"","image":{"@type":"ImageObject","url":""},"articleSection":"Uncategorized","author":[],"creator":[],"publisher":{"@type":"Organization","name":"Capgemini","logo":""},"keywords":[],"dateCreated":"2025-02-14T09:03:16Z","datePublished":"2025-02-14T09:03:16Z","dateModified":"2026-01-22T07:44:45Z"},"rendered":"<script type=\"application\/ld+json\" class=\"wp-parsely-metadata\">{\"@context\":\"https:\\\/\\\/schema.org\",\"@type\":\"WebPage\",\"headline\":\"Warnung vor Betrug\",\"url\":\"http:\\\/\\\/www.capgemini.com\\\/de-de\\\/betrugswarnung\\\/\",\"mainEntityOfPage\":{\"@type\":\"WebPage\",\"@id\":\"http:\\\/\\\/www.capgemini.com\\\/de-de\\\/betrugswarnung\\\/\"},\"thumbnailUrl\":\"\",\"image\":{\"@type\":\"ImageObject\",\"url\":\"\"},\"articleSection\":\"Uncategorized\",\"author\":[],\"creator\":[],\"publisher\":{\"@type\":\"Organization\",\"name\":\"Capgemini\",\"logo\":\"\"},\"keywords\":[],\"dateCreated\":\"2025-02-14T09:03:16Z\",\"datePublished\":\"2025-02-14T09:03:16Z\",\"dateModified\":\"2026-01-22T07:44:45Z\"}<\/script>","tracker_url":"https:\/\/cdn.parsely.com\/keys\/capgemini.com\/p.js"},"archive_status":false,"featured_image_src":"https:\/\/www.capgemini.com\/de-de\/wp-content\/themes\/capgemini2025\/assets\/images\/mockup.png","featured_image_alt":false,"jetpack_sharing_enabled":true,"distributor_meta":false,"distributor_terms":false,"distributor_media":false,"distributor_original_site_name":"Capgemini","distributor_original_site_url":"https:\/\/www.capgemini.com\/de-de","push-errors":false,"_links":{"self":[{"href":"https:\/\/www.capgemini.com\/de-de\/wp-json\/wp\/v2\/pages\/873801","targetHints":{"allow":["GET"]}}],"collection":[{"href":"https:\/\/www.capgemini.com\/de-de\/wp-json\/wp\/v2\/pages"}],"about":[{"href":"https:\/\/www.capgemini.com\/de-de\/wp-json\/wp\/v2\/types\/page"}],"author":[{"embeddable":true,"href":"https:\/\/www.capgemini.com\/de-de\/wp-json\/wp\/v2\/users\/58"}],"replies":[{"embeddable":true,"href":"https:\/\/www.capgemini.com\/de-de\/wp-json\/wp\/v2\/comments?post=873801"}],"version-history":[{"count":10,"href":"https:\/\/www.capgemini.com\/de-de\/wp-json\/wp\/v2\/pages\/873801\/revisions"}],"predecessor-version":[{"id":880638,"href":"https:\/\/www.capgemini.com\/de-de\/wp-json\/wp\/v2\/pages\/873801\/revisions\/880638"}],"wp:attachment":[{"href":"https:\/\/www.capgemini.com\/de-de\/wp-json\/wp\/v2\/media?parent=873801"}],"wp:term":[{"taxonomy":"brand","embeddable":true,"href":"https:\/\/www.capgemini.com\/de-de\/wp-json\/wp\/v2\/brand?post=873801"},{"taxonomy":"partner_type","embeddable":true,"href":"https:\/\/www.capgemini.com\/de-de\/wp-json\/wp\/v2\/partner_type?post=873801"},{"taxonomy":"service","embeddable":true,"href":"https:\/\/www.capgemini.com\/de-de\/wp-json\/wp\/v2\/service?post=873801"},{"taxonomy":"industry","embeddable":true,"href":"https:\/\/www.capgemini.com\/de-de\/wp-json\/wp\/v2\/industry?post=873801"},{"taxonomy":"partners","embeddable":true,"href":"https:\/\/www.capgemini.com\/de-de\/wp-json\/wp\/v2\/partners?post=873801"},{"taxonomy":"page-type","embeddable":true,"href":"https:\/\/www.capgemini.com\/de-de\/wp-json\/wp\/v2\/page-type?post=873801"},{"taxonomy":"content-group","embeddable":true,"href":"https:\/\/www.capgemini.com\/de-de\/wp-json\/wp\/v2\/content-group?post=873801"}],"curies":[{"name":"wp","href":"https:\/\/api.w.org\/{rel}","templated":true}]}}