{"id":873639,"date":"2025-09-11T08:24:36","date_gmt":"2025-09-11T08:24:36","guid":{"rendered":"https:\/\/www.capgemini.com\/de-de\/?page_id=873639&#038;preview_id=873639"},"modified":"2026-01-22T07:42:36","modified_gmt":"2026-01-22T07:42:36","slug":"csr-partnerships","status":"publish","type":"page","link":"https:\/\/www.capgemini.com\/de-de\/unternehmen\/corporate-responsibility\/csr-partnerships\/","title":{"rendered":"CSR Partnerschaften"},"content":{"rendered":"\n<div class=\"wp-block-cg-blocks-hero-picture-card undefined  heroPictureCard\"><div class=\"heroPictureCardBgs\"><picture><source srcset=\"https:\/\/www.capgemini.com\/wp-content\/uploads\/2021\/09\/Capgemini_Corporate-Responsibility-Partnerships_2-e1633679983376.jpg?w=2880&amp;quality=70 1x, https:\/\/www.capgemini.com\/wp-content\/uploads\/2021\/09\/Capgemini_Corporate-Responsibility-Partnerships_2-e1633679983376.jpg?w=2880&amp;quality=70 2x\" media=\"(min-width: 1500px)\"\/><source srcset=\"https:\/\/www.capgemini.com\/wp-content\/uploads\/2021\/09\/Capgemini_Corporate-Responsibility-Partnerships_2-e1633679983376.jpg?w=1440&amp;quality=70 1x, https:\/\/www.capgemini.com\/wp-content\/uploads\/2021\/09\/Capgemini_Corporate-Responsibility-Partnerships_2-e1633679983376.jpg?w=2880&amp;quality=70 2x\" media=\"(min-width: 992px)\"\/><source srcset=\"https:\/\/www.capgemini.com\/wp-content\/uploads\/2021\/09\/Capgemini_Corporate-Responsibility-Partnerships_2-e1633679983376.jpg?w=1024&amp;quality=70 1x, https:\/\/www.capgemini.com\/wp-content\/uploads\/2021\/09\/Capgemini_Corporate-Responsibility-Partnerships_2-e1633679983376.jpg?w=1024&amp;quality=70 2x\" media=\"(min-width: 768px)\"\/><source srcset=\"https:\/\/www.capgemini.com\/wp-content\/uploads\/2021\/09\/Capgemini_Corporate-Responsibility-Partnerships_2-e1633679983376.jpg?w=768&amp;quality=70 1x, https:\/\/www.capgemini.com\/wp-content\/uploads\/2021\/09\/Capgemini_Corporate-Responsibility-Partnerships_2-e1633679983376.jpg?w=768&amp;quality=70 2x\" media=\"(min-width: 0)\"\/><img decoding=\"async\" src=\"https:\/\/www.capgemini.com\/wp-content\/uploads\/2021\/09\/Capgemini_Corporate-Responsibility-Partnerships_2-e1633679983376.jpg\" class=\"desktopImage\" alt=\"\" style=\"object-fit:cover;object-position:50% 50%\" loading=\"eager\"\/><\/picture><picture><source srcset=\"https:\/\/www.capgemini.com\/wp-content\/uploads\/2021\/09\/Capgemini_Corporate-Responsibility-Partnerships_2-e1633679983376.jpg?w=2880&amp;quality=70 1x, https:\/\/www.capgemini.com\/wp-content\/uploads\/2021\/09\/Capgemini_Corporate-Responsibility-Partnerships_2-e1633679983376.jpg?w=2880&amp;quality=70 2x\" media=\"(min-width: 1500px)\"\/><source srcset=\"https:\/\/www.capgemini.com\/wp-content\/uploads\/2021\/09\/Capgemini_Corporate-Responsibility-Partnerships_2-e1633679983376.jpg?w=1440&amp;quality=70 1x, https:\/\/www.capgemini.com\/wp-content\/uploads\/2021\/09\/Capgemini_Corporate-Responsibility-Partnerships_2-e1633679983376.jpg?w=2880&amp;quality=70 2x\" media=\"(min-width: 992px)\"\/><source srcset=\"https:\/\/www.capgemini.com\/wp-content\/uploads\/2021\/09\/Capgemini_Corporate-Responsibility-Partnerships_2-e1633679983376.jpg?w=1024&amp;quality=70 1x, https:\/\/www.capgemini.com\/wp-content\/uploads\/2021\/09\/Capgemini_Corporate-Responsibility-Partnerships_2-e1633679983376.jpg?w=1024&amp;quality=70 2x\" media=\"(min-width: 768px)\"\/><source srcset=\"https:\/\/www.capgemini.com\/wp-content\/uploads\/2021\/09\/Capgemini_Corporate-Responsibility-Partnerships_2-e1633679983376.jpg?w=768&amp;quality=70 1x, https:\/\/www.capgemini.com\/wp-content\/uploads\/2021\/09\/Capgemini_Corporate-Responsibility-Partnerships_2-e1633679983376.jpg?w=768&amp;quality=70 2x\" media=\"(min-width: 0)\"\/><img decoding=\"async\" src=\"https:\/\/www.capgemini.com\/wp-content\/uploads\/2021\/09\/Capgemini_Corporate-Responsibility-Partnerships_2-e1633679983376.jpg\" class=\"mobileImage\" alt=\"\" style=\"object-fit:cover;object-position:50% 50%\" loading=\"eager\"\/><\/picture><\/div><div class=\"heroPictureCardHeaderShape\"><\/div><div class=\"container\"><div class=\"row\"><div class=\"col-md-8 col-lg-6\"><div class=\"heroPictureCardBox\"><div class=\"heroPictureCardBoxTitle\"><h1 data-maxlength=\"144\">CSR Partnerschaften<\/h1><\/div><\/div><\/div><\/div><\/div><div class=\"small-device\"><div class=\"brandLogoWrapper\"> <\/div><\/div><\/div>\n\n\n\n<section class=\"wp-block-cg-blocks-intro-para undefined section section--intro\"><div class=\"intro-para\"><div class=\"container\"><div class=\"row\"><div class=\"col-12 col-md-1\"><nav class=\"article-social\"><ul class=\"social-nav\"><li class=\"ip-order-fb\"><a href=\"https:\/\/www.facebook.com\/sharer\/sharer.php?u=https:\/\/www.capgemini.com\/de-de\/unternehmen\/corporate-responsibility\/csr-partnerships\/\" target=\"_blank\" rel=\"noopener noreferrer\" title=\"opens in a new window\"><i aria-hidden=\"true\" class=\"icon-fb\"><\/i><span class=\"sr-only\">Facebook<\/span><\/a><\/li><li class=\"ip-order-li\"><a href=\"https:\/\/www.linkedin.com\/sharing\/share-offsite\/?url=https:\/\/www.capgemini.com\/de-de\/unternehmen\/corporate-responsibility\/csr-partnerships\/\" target=\"_blank\" rel=\"noopener noreferrer\" title=\"opens in a new window\"><i aria-hidden=\"true\" class=\"icon-li\"><\/i><span class=\"sr-only\">Linkedin<\/span><\/a><\/li><\/ul><\/nav><\/div><div class=\"col-12 col-md-11 col-lg-10\"><h2 class=\"intro-para-title\">Wir glauben, dass Zusammenarbeit entscheidend ist, um die gr\u00f6\u00dften Herausforderungen zu bew\u00e4ltigen, denen die Gesellschaft heute und in Zukunft gegen\u00fcbersteht.<\/h2><p class=\"intro-para-content\">Aus diesem Grund nutzen wir aktiv die Wirksamkeit von Partnerschaften, um Themen wie \u00f6kologische Nachhaltigkeit, Vielfalt und Inklusion sowie digitale Inklusion anzugehen. Durch die Zusammenarbeit k\u00f6nnen wir unsere Wirkung verst\u00e4rken und beschleunigen.<\/p><\/div><\/div><\/div><\/div><\/section>\n\n\n\n<section class=\"wp-block-cg-blocks-group undefined section section--article-content\"><div class=\"article-main-content\"><div class=\"container\"><div class=\"row\"><div class=\"col-12 col-md-11 col-lg-10 offset-md-1 offset-lg-1\"><div class=\"article-text article-quote-text\"><\/div><\/div><\/div><\/div><\/div><\/section>\n\n\n\n\n\n<section class=\"wp-block-cg-blocks-call-to-action undefined call-to-action-block\"><div class=\"container\"><div class=\"call-to-action-block-content-wrapper has-description\"><div class=\"text-wrapper has-description\"><h3 class=\"title\" data-maxlength=\"144\">Our approach to ESG<\/h3><p class=\"description\" data-maxlength=\"210\">Our conviction is that there has never been a better time to leverage technology and human capabilities to tackle environment, social and governance (ESG) challenges.<\/p><\/div><div class=\"button-wrapper has-description\"><a class=\"cta-btn action-valid\" href=\"https:\/\/investors.capgemini.com\/en\/esg\/\" target=\"_blank\" rel=\"noopener noreferrer\" aria-label=\"Mehr erfahren about Our approach to ESG\" title=\"Opens in a new window\" data-maxlength=\"24\" tabindex=\"0\"> Mehr erfahren <\/a><\/div><\/div><\/div><\/section>\n\n\n\n<p><\/p>\n","protected":false},"excerpt":{"rendered":"","protected":false},"author":121,"featured_media":0,"parent":744974,"menu_order":0,"comment_status":"closed","ping_status":"closed","template":"","meta":{"cg_dt_proposed_to":[],"cg_seo_hreflang_relations":"[{\"uuid\":\"67c7de477df51\",\"blogId\":\"30\",\"domain\":\"www.capgemini.com\",\"sitePath\":\"\/us-en\/\",\"postId\":565188,\"postLink\":\"https:\/\/www.capgemini.com\/us-en\/about-us\/csr\/csr-partnerships\/\",\"isSaved\":true,\"isCrossLink\":false,\"hasCrossLink\":false},{\"uuid\":\"67c7de4783262\",\"blogId\":\"5\",\"domain\":\"www.capgemini.com\",\"sitePath\":\"\/gb-en\/\",\"postId\":559097,\"postLink\":\"https:\/\/www.capgemini.com\/gb-en\/about-us\/crs\/crs-partnerships\/\",\"isSaved\":true,\"isCrossLink\":false,\"hasCrossLink\":false},{\"uuid\":\"67c7de4789111\",\"blogId\":\"28\",\"domain\":\"www.capgemini.com\",\"sitePath\":\"\/mx-es\/\",\"postId\":5698,\"postLink\":\"https:\/\/www.capgemini.com\/mx-es\/sobre-nosotros\/csr\/alianzas-rsc\/\",\"isSaved\":true,\"isCrossLink\":false,\"hasCrossLink\":false},{\"uuid\":\"67c7de478e9da\",\"blogId\":\"26\",\"domain\":\"www.capgemini.com\",\"sitePath\":\"\/fi-en\/\",\"postId\":504050,\"postLink\":\"https:\/\/www.capgemini.com\/fi-en\/about-us\/csr\/csr-partnerships\/\",\"isSaved\":true,\"isCrossLink\":false,\"hasCrossLink\":false},{\"uuid\":\"67c7de47947f3\",\"blogId\":\"20\",\"domain\":\"www.capgemini.com\",\"sitePath\":\"\/se-en\/\",\"postId\":133802,\"postLink\":\"https:\/\/www.capgemini.com\/se-en\/about-us\/csr\/corporate-responsibility-partnerships\/\",\"isSaved\":true,\"isCrossLink\":false,\"hasCrossLink\":false},{\"uuid\":\"67c7de47978cd\",\"blogId\":\"19\",\"domain\":\"www.capgemini.com\",\"sitePath\":\"\/nl-nl\/\",\"postId\":701612,\"postLink\":\"https:\/\/www.capgemini.com\/nl-nl\/over-ons\/maatschappelijk-verantwoord-ondernemen\/csr-partnerschappen\/\",\"isSaved\":true,\"isCrossLink\":false,\"hasCrossLink\":false},{\"uuid\":\"7dcd58c4-123a-47b5-94b1-86e0a1d8ad3a\",\"blogId\":\"1\",\"domain\":\"www.capgemini.com\",\"sitePath\":\"\/\",\"postLink\":\"https:\/\/www.capgemini.com\/about-us\/csr\/csr-partnerships\/\",\"postId\":615919,\"isSaved\":true,\"isCrossLink\":false,\"hasCrossLink\":false}]","cg_seo_canonical_relation":"{\"uuid\":\"beaba84c-f8df-401a-9ec4-15884f6fed2a\",\"blogId\":\"1\",\"domain\":\"www.capgemini.com\",\"sitePath\":\"\/\",\"postLink\":\"https:\/\/www.capgemini.com\/about-us\/csr\/csr-partnerships\/\",\"postId\":615919,\"isSaved\":true,\"isCrossLink\":false,\"hasCrossLink\":false}","cg_seo_hreflang_x_default_relation":"{\"uuid\":\"166149c8-6a76-4e3f-b18c-edd5e67a30af\",\"blogId\":\"1\",\"domain\":\"www.capgemini.com\",\"sitePath\":\"\/\",\"postLink\":\"https:\/\/www.capgemini.com\/about-us\/csr\/csr-partnerships\/\",\"postId\":615919,\"isSaved\":true,\"isCrossLink\":false,\"hasCrossLink\":false,\"isEnabled\":true}","cg_dt_approved_content":true,"cg_dt_mandatory_content":false,"cg_dt_notes":"","cg_dg_source_changed":true,"cg_dt_link_disabled":false,"_yoast_wpseo_primary_brand":"","footnotes":"","featured_focal_points":"","partner_card_description":"","gsap_animation":0},"brand":[],"partner_type":[],"service":[],"industry":[],"partners":[],"page-type":[295],"content-group":[],"class_list":["post-873639","page","type-page","status-publish","hentry","page-type-about-us"],"yoast_head":"<!-- This site is optimized with the Yoast SEO Premium plugin v22.8 (Yoast SEO v22.8) - https:\/\/yoast.com\/wordpress\/plugins\/seo\/ -->\n<title>CSR Partnerschaften | Capgemini<\/title>\n<meta name=\"description\" content=\"Erfahren Sie mehr \u00fcber unsere Partnerschaften im Bereich Corporate Social Responsibility\" \/>\n<meta name=\"robots\" content=\"index, follow, max-snippet:-1, max-image-preview:large, max-video-preview:-1\" \/>\n<link rel=\"canonical\" href=\"https:\/\/www.capgemini.com\/de-de\/unternehmen\/corporate-responsibility\/csr-partnerships\/\" \/>\n<meta property=\"og:locale\" content=\"de_DE\" \/>\n<meta property=\"og:type\" content=\"article\" \/>\n<meta property=\"og:title\" content=\"CSR Partnerschaften | Capgemini\" \/>\n<meta property=\"og:description\" content=\"Erfahren Sie mehr \u00fcber unsere Partnerschaften im Bereich Corporate Social Responsibility\" \/>\n<meta property=\"og:url\" content=\"https:\/\/www.capgemini.com\/de-de\/unternehmen\/corporate-responsibility\/csr-partnerships\/\" \/>\n<meta property=\"og:site_name\" content=\"Capgemini\" \/>\n<meta property=\"article:modified_time\" content=\"2026-01-22T07:42:36+00:00\" \/>\n<meta property=\"og:image\" content=\"https:\/\/www.capgemini.com\/wp-content\/uploads\/2021\/09\/Capgemini_Corporate-Responsibility-Partnerships_2-e1633679983376.jpg\" \/>\n<meta name=\"twitter:card\" content=\"summary_large_image\" \/>\n<meta name=\"twitter:label1\" content=\"Est. reading time\" \/>\n\t<meta name=\"twitter:data1\" content=\"4 minutes\" \/>\n<script type=\"application\/ld+json\" class=\"yoast-schema-graph\">{\"@context\":\"https:\/\/schema.org\",\"@graph\":[{\"@type\":\"WebPage\",\"@id\":\"https:\/\/www.capgemini.com\/de-de\/unternehmen\/corporate-responsibility\/csr-partnerships\/\",\"url\":\"https:\/\/www.capgemini.com\/de-de\/unternehmen\/corporate-responsibility\/csr-partnerships\/\",\"name\":\"CSR Partnerschaften | Capgemini\",\"isPartOf\":{\"@id\":\"https:\/\/www.capgemini.com\/de-de\/#website\"},\"primaryImageOfPage\":{\"@id\":\"https:\/\/www.capgemini.com\/de-de\/unternehmen\/corporate-responsibility\/csr-partnerships\/#primaryimage\"},\"image\":{\"@id\":\"https:\/\/www.capgemini.com\/de-de\/unternehmen\/corporate-responsibility\/csr-partnerships\/#primaryimage\"},\"thumbnailUrl\":\"https:\/\/www.capgemini.com\/wp-content\/uploads\/2021\/09\/Capgemini_Corporate-Responsibility-Partnerships_2-e1633679983376.jpg\",\"datePublished\":\"2025-09-11T08:24:36+00:00\",\"dateModified\":\"2026-01-22T07:42:36+00:00\",\"description\":\"Erfahren Sie mehr \u00fcber unsere Partnerschaften im Bereich Corporate Social Responsibility\",\"breadcrumb\":{\"@id\":\"https:\/\/www.capgemini.com\/de-de\/unternehmen\/corporate-responsibility\/csr-partnerships\/#breadcrumb\"},\"inLanguage\":\"de-DE\",\"potentialAction\":[{\"@type\":\"ReadAction\",\"target\":[\"https:\/\/www.capgemini.com\/de-de\/unternehmen\/corporate-responsibility\/csr-partnerships\/\"]}]},{\"@type\":\"ImageObject\",\"inLanguage\":\"de-DE\",\"@id\":\"https:\/\/www.capgemini.com\/de-de\/unternehmen\/corporate-responsibility\/csr-partnerships\/#primaryimage\",\"url\":\"https:\/\/www.capgemini.com\/wp-content\/uploads\/2021\/09\/Capgemini_Corporate-Responsibility-Partnerships_2-e1633679983376.jpg\",\"contentUrl\":\"https:\/\/www.capgemini.com\/wp-content\/uploads\/2021\/09\/Capgemini_Corporate-Responsibility-Partnerships_2-e1633679983376.jpg\"},{\"@type\":\"BreadcrumbList\",\"@id\":\"https:\/\/www.capgemini.com\/de-de\/unternehmen\/corporate-responsibility\/csr-partnerships\/#breadcrumb\",\"itemListElement\":[{\"@type\":\"ListItem\",\"position\":1,\"name\":\"\u00dcber Uns\",\"item\":\"https:\/\/www.capgemini.com\/de-de\/unternehmen\/\"},{\"@type\":\"ListItem\",\"position\":2,\"name\":\"Corporate Social Responsibility\",\"item\":\"https:\/\/www.capgemini.com\/de-de\/unternehmen\/corporate-responsibility\/\"},{\"@type\":\"ListItem\",\"position\":3,\"name\":\"CSR Partnerschaften\"}]},{\"@type\":\"WebSite\",\"@id\":\"https:\/\/www.capgemini.com\/de-de\/#website\",\"url\":\"https:\/\/www.capgemini.com\/de-de\/\",\"name\":\"Capgemini Deutschland\",\"description\":\"Make it real\",\"potentialAction\":[{\"@type\":\"SearchAction\",\"target\":{\"@type\":\"EntryPoint\",\"urlTemplate\":\"https:\/\/www.capgemini.com\/de-de\/?s={search_term_string}\"},\"query-input\":\"required name=search_term_string\"}],\"inLanguage\":\"de-DE\"}]}<\/script>\n<!-- \/ Yoast SEO Premium plugin. -->","yoast_head_json":{"title":"CSR Partnerschaften | Capgemini","description":"Erfahren Sie mehr \u00fcber unsere Partnerschaften im Bereich Corporate Social Responsibility","robots":{"index":"index","follow":"follow","max-snippet":"max-snippet:-1","max-image-preview":"max-image-preview:large","max-video-preview":"max-video-preview:-1"},"canonical":"https:\/\/www.capgemini.com\/de-de\/unternehmen\/corporate-responsibility\/csr-partnerships\/","og_locale":"de_DE","og_type":"article","og_title":"CSR Partnerschaften | Capgemini","og_description":"Erfahren Sie mehr \u00fcber unsere Partnerschaften im Bereich Corporate Social Responsibility","og_url":"https:\/\/www.capgemini.com\/de-de\/unternehmen\/corporate-responsibility\/csr-partnerships\/","og_site_name":"Capgemini","article_modified_time":"2026-01-22T07:42:36+00:00","og_image":[{"url":"https:\/\/www.capgemini.com\/wp-content\/uploads\/2021\/09\/Capgemini_Corporate-Responsibility-Partnerships_2-e1633679983376.jpg"}],"twitter_card":"summary_large_image","twitter_misc":{"Est. reading time":"4 minutes"},"schema":{"@context":"https:\/\/schema.org","@graph":[{"@type":"WebPage","@id":"https:\/\/www.capgemini.com\/de-de\/unternehmen\/corporate-responsibility\/csr-partnerships\/","url":"https:\/\/www.capgemini.com\/de-de\/unternehmen\/corporate-responsibility\/csr-partnerships\/","name":"CSR Partnerschaften | Capgemini","isPartOf":{"@id":"https:\/\/www.capgemini.com\/de-de\/#website"},"primaryImageOfPage":{"@id":"https:\/\/www.capgemini.com\/de-de\/unternehmen\/corporate-responsibility\/csr-partnerships\/#primaryimage"},"image":{"@id":"https:\/\/www.capgemini.com\/de-de\/unternehmen\/corporate-responsibility\/csr-partnerships\/#primaryimage"},"thumbnailUrl":"https:\/\/www.capgemini.com\/wp-content\/uploads\/2021\/09\/Capgemini_Corporate-Responsibility-Partnerships_2-e1633679983376.jpg","datePublished":"2025-09-11T08:24:36+00:00","dateModified":"2026-01-22T07:42:36+00:00","description":"Erfahren Sie mehr \u00fcber unsere Partnerschaften im Bereich Corporate Social Responsibility","breadcrumb":{"@id":"https:\/\/www.capgemini.com\/de-de\/unternehmen\/corporate-responsibility\/csr-partnerships\/#breadcrumb"},"inLanguage":"de-DE","potentialAction":[{"@type":"ReadAction","target":["https:\/\/www.capgemini.com\/de-de\/unternehmen\/corporate-responsibility\/csr-partnerships\/"]}]},{"@type":"ImageObject","inLanguage":"de-DE","@id":"https:\/\/www.capgemini.com\/de-de\/unternehmen\/corporate-responsibility\/csr-partnerships\/#primaryimage","url":"https:\/\/www.capgemini.com\/wp-content\/uploads\/2021\/09\/Capgemini_Corporate-Responsibility-Partnerships_2-e1633679983376.jpg","contentUrl":"https:\/\/www.capgemini.com\/wp-content\/uploads\/2021\/09\/Capgemini_Corporate-Responsibility-Partnerships_2-e1633679983376.jpg"},{"@type":"BreadcrumbList","@id":"https:\/\/www.capgemini.com\/de-de\/unternehmen\/corporate-responsibility\/csr-partnerships\/#breadcrumb","itemListElement":[{"@type":"ListItem","position":1,"name":"\u00dcber Uns","item":"https:\/\/www.capgemini.com\/de-de\/unternehmen\/"},{"@type":"ListItem","position":2,"name":"Corporate Social Responsibility","item":"https:\/\/www.capgemini.com\/de-de\/unternehmen\/corporate-responsibility\/"},{"@type":"ListItem","position":3,"name":"CSR Partnerschaften"}]},{"@type":"WebSite","@id":"https:\/\/www.capgemini.com\/de-de\/#website","url":"https:\/\/www.capgemini.com\/de-de\/","name":"Capgemini Deutschland","description":"Make it real","potentialAction":[{"@type":"SearchAction","target":{"@type":"EntryPoint","urlTemplate":"https:\/\/www.capgemini.com\/de-de\/?s={search_term_string}"},"query-input":"required name=search_term_string"}],"inLanguage":"de-DE"}]}},"brand_term":[],"parsely":{"version":"1.1.0","canonical_url":"https:\/\/capgemini.com\/de-de\/unternehmen\/corporate-responsibility\/csr-partnerships\/","smart_links":{"inbound":0,"outbound":0},"traffic_boost_suggestions_count":0,"meta":{"@context":"https:\/\/schema.org","@type":"WebPage","headline":"CSR Partnerschaften","url":"http:\/\/www.capgemini.com\/de-de\/unternehmen\/corporate-responsibility\/csr-partnerships\/","mainEntityOfPage":{"@type":"WebPage","@id":"http:\/\/www.capgemini.com\/de-de\/unternehmen\/corporate-responsibility\/csr-partnerships\/"},"thumbnailUrl":"","image":{"@type":"ImageObject","url":""},"articleSection":"Uncategorized","author":[],"creator":[],"publisher":{"@type":"Organization","name":"Capgemini","logo":""},"keywords":[],"dateCreated":"2025-09-11T08:24:36Z","datePublished":"2025-09-11T08:24:36Z","dateModified":"2026-01-22T07:42:36Z"},"rendered":"<script type=\"application\/ld+json\" class=\"wp-parsely-metadata\">{\"@context\":\"https:\\\/\\\/schema.org\",\"@type\":\"WebPage\",\"headline\":\"CSR Partnerschaften\",\"url\":\"http:\\\/\\\/www.capgemini.com\\\/de-de\\\/unternehmen\\\/corporate-responsibility\\\/csr-partnerships\\\/\",\"mainEntityOfPage\":{\"@type\":\"WebPage\",\"@id\":\"http:\\\/\\\/www.capgemini.com\\\/de-de\\\/unternehmen\\\/corporate-responsibility\\\/csr-partnerships\\\/\"},\"thumbnailUrl\":\"\",\"image\":{\"@type\":\"ImageObject\",\"url\":\"\"},\"articleSection\":\"Uncategorized\",\"author\":[],\"creator\":[],\"publisher\":{\"@type\":\"Organization\",\"name\":\"Capgemini\",\"logo\":\"\"},\"keywords\":[],\"dateCreated\":\"2025-09-11T08:24:36Z\",\"datePublished\":\"2025-09-11T08:24:36Z\",\"dateModified\":\"2026-01-22T07:42:36Z\"}<\/script>","tracker_url":"https:\/\/cdn.parsely.com\/keys\/capgemini.com\/p.js"},"archive_status":false,"featured_image_src":"https:\/\/www.capgemini.com\/de-de\/wp-content\/themes\/capgemini2025\/assets\/images\/mockup.png","featured_image_alt":false,"jetpack_sharing_enabled":true,"distributor_meta":false,"distributor_terms":false,"distributor_media":false,"distributor_original_site_name":"Capgemini","distributor_original_site_url":"https:\/\/www.capgemini.com\/de-de","push-errors":false,"_links":{"self":[{"href":"https:\/\/www.capgemini.com\/de-de\/wp-json\/wp\/v2\/pages\/873639","targetHints":{"allow":["GET"]}}],"collection":[{"href":"https:\/\/www.capgemini.com\/de-de\/wp-json\/wp\/v2\/pages"}],"about":[{"href":"https:\/\/www.capgemini.com\/de-de\/wp-json\/wp\/v2\/types\/page"}],"author":[{"embeddable":true,"href":"https:\/\/www.capgemini.com\/de-de\/wp-json\/wp\/v2\/users\/121"}],"replies":[{"embeddable":true,"href":"https:\/\/www.capgemini.com\/de-de\/wp-json\/wp\/v2\/comments?post=873639"}],"version-history":[{"count":11,"href":"https:\/\/www.capgemini.com\/de-de\/wp-json\/wp\/v2\/pages\/873639\/revisions"}],"predecessor-version":[{"id":886094,"href":"https:\/\/www.capgemini.com\/de-de\/wp-json\/wp\/v2\/pages\/873639\/revisions\/886094"}],"up":[{"embeddable":true,"href":"https:\/\/www.capgemini.com\/de-de\/wp-json\/wp\/v2\/pages\/744974"}],"wp:attachment":[{"href":"https:\/\/www.capgemini.com\/de-de\/wp-json\/wp\/v2\/media?parent=873639"}],"wp:term":[{"taxonomy":"brand","embeddable":true,"href":"https:\/\/www.capgemini.com\/de-de\/wp-json\/wp\/v2\/brand?post=873639"},{"taxonomy":"partner_type","embeddable":true,"href":"https:\/\/www.capgemini.com\/de-de\/wp-json\/wp\/v2\/partner_type?post=873639"},{"taxonomy":"service","embeddable":true,"href":"https:\/\/www.capgemini.com\/de-de\/wp-json\/wp\/v2\/service?post=873639"},{"taxonomy":"industry","embeddable":true,"href":"https:\/\/www.capgemini.com\/de-de\/wp-json\/wp\/v2\/industry?post=873639"},{"taxonomy":"partners","embeddable":true,"href":"https:\/\/www.capgemini.com\/de-de\/wp-json\/wp\/v2\/partners?post=873639"},{"taxonomy":"page-type","embeddable":true,"href":"https:\/\/www.capgemini.com\/de-de\/wp-json\/wp\/v2\/page-type?post=873639"},{"taxonomy":"content-group","embeddable":true,"href":"https:\/\/www.capgemini.com\/de-de\/wp-json\/wp\/v2\/content-group?post=873639"}],"curies":[{"name":"wp","href":"https:\/\/api.w.org\/{rel}","templated":true}]}}