{"id":863958,"date":"2024-07-31T11:08:25","date_gmt":"2024-07-31T11:08:25","guid":{"rendered":"https:\/\/www.capgemini.com\/de-de\/?page_id=863958"},"modified":"2026-01-22T07:46:51","modified_gmt":"2026-01-22T07:46:51","slug":"netzwerk-transformation","status":"publish","type":"page","link":"https:\/\/www.capgemini.com\/de-de\/solutions\/netzwerk-transformation\/","title":{"rendered":"Netzwerk Transformation"},"content":{"rendered":"\n<header class=\"wp-block-cg-blocks-hero-reusable header heroReusable  \"><div class=\"header-bgs\"><picture><source srcset=\"https:\/\/www.capgemini.com\/de-de\/wp-content\/uploads\/sites\/8\/2025\/01\/Network-Transformation-Banner-2880x1900px.jpg?w=2880&amp;quality=70 1x, https:\/\/www.capgemini.com\/de-de\/wp-content\/uploads\/sites\/8\/2025\/01\/Network-Transformation-Banner-2880x1900px.jpg?w=2880&amp;quality=70 2x\" media=\"(min-width: 1500px)\"\/><source srcset=\"https:\/\/www.capgemini.com\/de-de\/wp-content\/uploads\/sites\/8\/2025\/01\/Network-Transformation-Banner-2880x1900px.jpg?w=1440&amp;quality=70 1x, https:\/\/www.capgemini.com\/de-de\/wp-content\/uploads\/sites\/8\/2025\/01\/Network-Transformation-Banner-2880x1900px.jpg?w=2880&amp;quality=70 2x\" media=\"(min-width: 992px)\"\/><source srcset=\"https:\/\/www.capgemini.com\/de-de\/wp-content\/uploads\/sites\/8\/2025\/01\/Network-Transformation-Banner-2880x1900px.jpg?w=1024&amp;quality=70 1x, https:\/\/www.capgemini.com\/de-de\/wp-content\/uploads\/sites\/8\/2025\/01\/Network-Transformation-Banner-2880x1900px.jpg?w=1024&amp;quality=70 2x\" media=\"(min-width: 768px)\"\/><source srcset=\"https:\/\/www.capgemini.com\/de-de\/wp-content\/uploads\/sites\/8\/2025\/01\/Network-Transformation-Banner-2880x1900px.jpg?w=768&amp;quality=70 1x, https:\/\/www.capgemini.com\/de-de\/wp-content\/uploads\/sites\/8\/2025\/01\/Network-Transformation-Banner-2880x1900px.jpg?w=768&amp;quality=70 2x\" media=\"(min-width: 0)\"\/><img decoding=\"async\" src=\"https:\/\/www.capgemini.com\/de-de\/wp-content\/uploads\/sites\/8\/2025\/01\/Network-Transformation-Banner-2880x1900px.jpg\" class=\"header-img header-img-d\" alt=\"\" style=\"object-fit:cover;object-position:50% 50%\" loading=\"eager\"\/><\/picture><\/div><div class=\"heroPictureCardHeaderShape\"><\/div><div class=\"container\"><div class=\"row\"><div class=\"col-md-12\"><div class=\"box\"><div class=\"boxTagWrapper\"><div class=\"tagInfo\"><\/div><\/div><div class=\"box-title\"><h1 data-maxlength=\"34\">Netzwerk Transformation<\/h1><\/div><div class=\"inner-row-insight download-btn\"><\/div><\/div><\/div><\/div><\/div><\/header>\n\n\n\n<section class=\"wp-block-cg-blocks-group undefined section section--article-content\"><div class=\"article-main-content\"><div class=\"container\"><div class=\"row\"><div class=\"col-12 col-md-11 col-lg-10 offset-md-1 offset-lg-1\"><div class=\"article-text article-quote-text\">\n<p>Der Zustand des Netzwerks von Telcos hat einen wesentlichen Einfluss auf deren Innovationsf\u00e4higkeit in einer Welt, in der Komplexit\u00e4t und Wandel allgegenw\u00e4rtig sind. Es ist von entscheidender Bedeutung, sich Gedanken dar\u00fcber zu machen, ob die bestehenden Unternehmensnetzwerke den Wandel bew\u00e4ltigen k\u00f6nnen, wenn Unternehmen in die Cloud dr\u00e4ngen. Ein intelligentes, widerstandsf\u00e4higes und nachhaltiges Netzwerk ist der gemeinsame Nenner aller erfolgreichen Transformationsprogramme und hilft Unternehmen, die betriebliche Komplexit\u00e4t zu reduzieren, die Effizienz zu steigern und den Energieverbrauch zu senken.<\/p>\n\n\n\n<p>Die erfolgreiche Implementierung eines offenen und autonomen Netzes erfordert Investitionen in Schl\u00fcsseltechnologien und Daten-\/KI-Initiativen, die Festlegung des Umwandlungstempos entsprechend dem Reifegrad der Netze und kontinuierliche Innovationen, um bei der Entwicklung fortschrittlicher Netze an der Spitze zu bleiben. Es gibt jedoch erhebliche Herausforderungen, die Unternehmen, die mit der Umstellung beginnen, bew\u00e4ltigen m\u00fcssen. Zu den Herausforderungen z\u00e4hlen kulturelle Aspekte, die Kontrolle der Cloud-Kosten sowie regulatorische H\u00fcrden. Um diese Hindernisse erfolgreich zu \u00fcberwinden, m\u00fcssen Telcos sowohl technische als auch kulturelle Ver\u00e4nderungen in ihren Unternehmen geschickt umsetzen.<\/p>\n\n\n\n<p>Wir bei Capgemini arbeiten mit Telcos zusammen, um die Transformation von Netzwerken zu vereinfachen und zu skalieren. Dabei nutzen wir die M\u00f6glichkeiten von KI und fortschrittlicher Automatisierung, um Kosten und Komplexit\u00e4t zu reduzieren und gleichzeitig Innovationen voranzutreiben.<\/p>\n\n\n\n<h3 class=\"wp-block-heading\" id=\"h-unsere-leistungen-umfassen\">Unsere Leistungen umfassen:<\/h3>\n\n\n\n<ul class=\"wp-block-list\">\n<li><strong>Autonome Netzwerke &#8211;<\/strong> Eine zunehmend dynamische Welt erfordert autonome Netze.&nbsp;Die M\u00f6glichkeit, dass Netzwerke ohne menschliches Eingreifen funktionieren, erm\u00f6glicht es Telekommunikationsunternehmen, Nachfragespitzen besser zu bew\u00e4ltigen, Fehler durch Korrekturma\u00dfnahmen zu beheben und bei Bedarf neu zu konfigurieren, um Kosten zu senken und die Leistung zu verbessern.&nbsp;Durch den Einsatz modernster datengesteuerter Technologien und digitaler F\u00e4higkeiten arbeiten wir gemeinsam mit Telcos daran, den \u00dcbergang zu vollst\u00e4ndig automatisierten Netzen zu beschleunigen und den Reifegrad zu erreichen, der die Zukunft freisetzen wird.&nbsp;<\/li>\n\n\n\n<li><strong>Cloudification und Automation &#8211;<\/strong> Die Cloud steht f\u00fcr eine Revolution der mobilen Telekommunikation. Die Virtualisierung bietet Telekommunikationsunternehmen die M\u00f6glichkeit, durch die cloud-native Bereitstellung von Netzwerkfunktionen ihre Gesamtbetriebskosten zu senken und neue Einnahmequellen zu erschlie\u00dfen.&nbsp;Capgemini ist ein Partner f\u00fcr digitale Transformation, der Telekommunikationsunternehmen bei der Definition und Umsetzung ihrer Cloud-Reise unterst\u00fctzt. Wir arbeiten mit Organisationen daran, Herausforderungen in Bezug auf Kultur, Kosten und Compliance zu identifizieren und zu \u00fcberwinden, und unterst\u00fctzen sie dabei, das n\u00e4chste Kapitel ihrer digitalen Zukunft erfolgreich zu meistern.<\/li>\n\n\n\n<li><strong>Open RAN &#8211;<\/strong> Intelligenteres, effizienteres offenes Funknetz (Open RAN) zur F\u00f6rderung von Innovationen in gro\u00dfem Ma\u00dfstab.&nbsp;Open RAN ist der Schl\u00fcssel zur Innovation. Virtualisierte und disaggregierte Funknetzwerke erm\u00f6glichen es Telcos, die Lieferkette zu diversifizieren und Interoperabilit\u00e4t, Automatisierung und Virtualisierung mit mehreren Anbietern zu unterst\u00fctzen, was die Flexibilit\u00e4t erh\u00f6ht und die Gesamtbetriebskosten (TCO) reduziert. Trotz der genannten Vorteile birgt O-RAN gewisse Schwierigkeiten bei der Weiterentwicklung des Netzwerkdesigns, sodass viele Telcos derzeit \u00fcberlegen, wie sie ihre derzeitige Architektur \u00e4ndern k\u00f6nnen. Als Pionier im Bereich offener Netze unterst\u00fctzt Capgemini Telcos bei der Konzeption, Entwicklung und Integration virtualisierter und disaggregierter Funknetzwerke. Dazu geh\u00f6ren auch anpassbare, standardbasierte, vorgefertigte Software-Frameworks zum Aufbau der Reife disaggregierter Netzwerkfunktionen und zur Verwaltung der Disaggregation.&nbsp;<\/li>\n\n\n\n<li><strong>Network as a Service &#8211;<\/strong> Erschlie\u00dfung neuer Einnahmequellen durch die Bereitstellung neuer Dienste&nbsp;Network-as-a-Service ist eine M\u00f6glichkeit f\u00fcr Betreiber, ihr Netzwerk durch Telco Network Softwarization und Platformization zu monetarisieren und damit sowohl wertvolle Kosteneinsparungen und betriebliche Effizienz als auch neue Umsatzm\u00f6glichkeiten zu erschlie\u00dfen. Telcos k\u00f6nnen neue M\u00f6glichkeiten nutzen, indem sie ihre &#8220;Pipe&#8221; als &#8220;Plattform&#8221; betreiben, z. B.:\u200b&nbsp;<br>&#8211; Erschlie\u00dfung neuer Einnahmequellen f\u00fcr Anwendungsentwickler durch die Bereitstellung tiefgreifender Netzwerkanalysen \u00fcber APIs.&nbsp;<br>&#8211; Erm\u00f6glichung automatisierter Netzwerk-Slicing-L\u00f6sungen zur Unterst\u00fctzung eines durchg\u00e4ngigen dynamischen Netzwerk-Slice-Managements f\u00fcr den Unternehmenseinsatz\u200b.&nbsp;<br>&#8211; Unterst\u00fctzung digitaler Zwillinge f\u00fcr die KI-gest\u00fctzte Simulation und Planung von RAN-Netzen.&nbsp;<br>&#8211; Erschlie\u00dfung von Anwendungsf\u00e4llen der intelligenten Industrie durch 5G Connected Intelligent Edge \u200b.&nbsp;<\/li>\n<\/ul>\n<\/div><\/div><\/div><\/div><\/div><\/section>\n","protected":false},"excerpt":{"rendered":"","protected":false},"author":41,"featured_media":872195,"parent":743171,"menu_order":0,"comment_status":"closed","ping_status":"closed","template":"","meta":{"cg_dt_proposed_to":[],"cg_seo_hreflang_relations":"[]","cg_seo_canonical_relation":"{\"uuid\":\"fb756078-2cbc-4056-873a-e65696441bfd\",\"blogId\":\"\",\"domain\":\"\",\"sitePath\":\"\",\"postLink\":\"\",\"postId\":null,\"isSaved\":true,\"isCrossLink\":false,\"hasCrossLink\":false}","cg_seo_hreflang_x_default_relation":"{\"uuid\":\"0c1076b4-7153-41a2-9530-3f57e81d2f6c\",\"blogId\":\"\",\"domain\":\"\",\"sitePath\":\"\",\"postLink\":\"\",\"postId\":null,\"isSaved\":true,\"isCrossLink\":false,\"hasCrossLink\":false}","cg_dt_approved_content":true,"cg_dt_mandatory_content":false,"cg_dt_notes":"","cg_dg_source_changed":false,"cg_dt_link_disabled":false,"_yoast_wpseo_primary_brand":"","footnotes":"","featured_focal_points":"","partner_card_description":"","gsap_animation":0},"brand":[],"partner_type":[],"service":[],"industry":[],"partners":[],"page-type":[],"content-group":[],"class_list":["post-863958","page","type-page","status-publish","has-post-thumbnail","hentry"],"yoast_head":"<!-- This site is optimized with the Yoast SEO Premium plugin v22.8 (Yoast SEO v22.8) - https:\/\/yoast.com\/wordpress\/plugins\/seo\/ -->\n<title>Netzwerk Transformation - Capgemini<\/title>\n<meta name=\"robots\" content=\"index, follow, max-snippet:-1, max-image-preview:large, max-video-preview:-1\" \/>\n<link rel=\"canonical\" href=\"https:\/\/www.capgemini.com\/de-de\/solutions\/netzwerk-transformation\/\" \/>\n<meta property=\"og:locale\" content=\"de_DE\" \/>\n<meta property=\"og:type\" content=\"article\" \/>\n<meta property=\"og:title\" content=\"Netzwerk Transformation - Capgemini\" \/>\n<meta property=\"og:url\" content=\"https:\/\/www.capgemini.com\/de-de\/solutions\/netzwerk-transformation\/\" \/>\n<meta property=\"og:site_name\" content=\"Capgemini\" \/>\n<meta property=\"article:modified_time\" content=\"2026-01-22T07:46:51+00:00\" \/>\n<meta property=\"og:image\" content=\"https:\/\/www.capgemini.com\/de-de\/wp-content\/uploads\/sites\/8\/2025\/10\/New-Web-preview-global.jpg\" \/>\n\t<meta property=\"og:image:width\" content=\"1200\" \/>\n\t<meta property=\"og:image:height\" content=\"627\" \/>\n\t<meta property=\"og:image:type\" content=\"image\/jpeg\" \/>\n<meta name=\"twitter:card\" content=\"summary_large_image\" \/>\n<meta name=\"twitter:label1\" content=\"Est. reading time\" \/>\n\t<meta name=\"twitter:data1\" content=\"4 minutes\" \/>\n<script type=\"application\/ld+json\" class=\"yoast-schema-graph\">{\"@context\":\"https:\/\/schema.org\",\"@graph\":[{\"@type\":\"WebPage\",\"@id\":\"https:\/\/www.capgemini.com\/de-de\/solutions\/netzwerk-transformation\/\",\"url\":\"https:\/\/www.capgemini.com\/de-de\/solutions\/netzwerk-transformation\/\",\"name\":\"Netzwerk Transformation - Capgemini\",\"isPartOf\":{\"@id\":\"https:\/\/www.capgemini.com\/de-de\/#website\"},\"primaryImageOfPage\":{\"@id\":\"https:\/\/www.capgemini.com\/de-de\/solutions\/netzwerk-transformation\/#primaryimage\"},\"image\":{\"@id\":\"https:\/\/www.capgemini.com\/de-de\/solutions\/netzwerk-transformation\/#primaryimage\"},\"thumbnailUrl\":\"https:\/\/www.capgemini.com\/de-de\/wp-content\/uploads\/sites\/8\/2025\/01\/Network-Transformation-Banner-2880x1900px.jpg\",\"datePublished\":\"2024-07-31T11:08:25+00:00\",\"dateModified\":\"2026-01-22T07:46:51+00:00\",\"breadcrumb\":{\"@id\":\"https:\/\/www.capgemini.com\/de-de\/solutions\/netzwerk-transformation\/#breadcrumb\"},\"inLanguage\":\"de-DE\",\"potentialAction\":[{\"@type\":\"ReadAction\",\"target\":[\"https:\/\/www.capgemini.com\/de-de\/solutions\/netzwerk-transformation\/\"]}]},{\"@type\":\"ImageObject\",\"inLanguage\":\"de-DE\",\"@id\":\"https:\/\/www.capgemini.com\/de-de\/solutions\/netzwerk-transformation\/#primaryimage\",\"url\":\"https:\/\/www.capgemini.com\/de-de\/wp-content\/uploads\/sites\/8\/2025\/01\/Network-Transformation-Banner-2880x1900px.jpg\",\"contentUrl\":\"https:\/\/www.capgemini.com\/de-de\/wp-content\/uploads\/sites\/8\/2025\/01\/Network-Transformation-Banner-2880x1900px.jpg\",\"width\":2880,\"height\":1900},{\"@type\":\"BreadcrumbList\",\"@id\":\"https:\/\/www.capgemini.com\/de-de\/solutions\/netzwerk-transformation\/#breadcrumb\",\"itemListElement\":[{\"@type\":\"ListItem\",\"position\":1,\"name\":\"Solutions\",\"item\":\"https:\/\/www.capgemini.com\/de-de\/solutions\/\"},{\"@type\":\"ListItem\",\"position\":2,\"name\":\"Netzwerk Transformation\"}]},{\"@type\":\"WebSite\",\"@id\":\"https:\/\/www.capgemini.com\/de-de\/#website\",\"url\":\"https:\/\/www.capgemini.com\/de-de\/\",\"name\":\"Capgemini Deutschland\",\"description\":\"Make it real\",\"potentialAction\":[{\"@type\":\"SearchAction\",\"target\":{\"@type\":\"EntryPoint\",\"urlTemplate\":\"https:\/\/www.capgemini.com\/de-de\/?s={search_term_string}\"},\"query-input\":\"required name=search_term_string\"}],\"inLanguage\":\"de-DE\"}]}<\/script>\n<!-- \/ Yoast SEO Premium plugin. -->","yoast_head_json":{"title":"Netzwerk Transformation - Capgemini","robots":{"index":"index","follow":"follow","max-snippet":"max-snippet:-1","max-image-preview":"max-image-preview:large","max-video-preview":"max-video-preview:-1"},"canonical":"https:\/\/www.capgemini.com\/de-de\/solutions\/netzwerk-transformation\/","og_locale":"de_DE","og_type":"article","og_title":"Netzwerk Transformation - Capgemini","og_url":"https:\/\/www.capgemini.com\/de-de\/solutions\/netzwerk-transformation\/","og_site_name":"Capgemini","article_modified_time":"2026-01-22T07:46:51+00:00","og_image":[{"width":1200,"height":627,"url":"https:\/\/www.capgemini.com\/de-de\/wp-content\/uploads\/sites\/8\/2025\/10\/New-Web-preview-global.jpg","type":"image\/jpeg"}],"twitter_card":"summary_large_image","twitter_misc":{"Est. reading time":"4 minutes"},"schema":{"@context":"https:\/\/schema.org","@graph":[{"@type":"WebPage","@id":"https:\/\/www.capgemini.com\/de-de\/solutions\/netzwerk-transformation\/","url":"https:\/\/www.capgemini.com\/de-de\/solutions\/netzwerk-transformation\/","name":"Netzwerk Transformation - Capgemini","isPartOf":{"@id":"https:\/\/www.capgemini.com\/de-de\/#website"},"primaryImageOfPage":{"@id":"https:\/\/www.capgemini.com\/de-de\/solutions\/netzwerk-transformation\/#primaryimage"},"image":{"@id":"https:\/\/www.capgemini.com\/de-de\/solutions\/netzwerk-transformation\/#primaryimage"},"thumbnailUrl":"https:\/\/www.capgemini.com\/de-de\/wp-content\/uploads\/sites\/8\/2025\/01\/Network-Transformation-Banner-2880x1900px.jpg","datePublished":"2024-07-31T11:08:25+00:00","dateModified":"2026-01-22T07:46:51+00:00","breadcrumb":{"@id":"https:\/\/www.capgemini.com\/de-de\/solutions\/netzwerk-transformation\/#breadcrumb"},"inLanguage":"de-DE","potentialAction":[{"@type":"ReadAction","target":["https:\/\/www.capgemini.com\/de-de\/solutions\/netzwerk-transformation\/"]}]},{"@type":"ImageObject","inLanguage":"de-DE","@id":"https:\/\/www.capgemini.com\/de-de\/solutions\/netzwerk-transformation\/#primaryimage","url":"https:\/\/www.capgemini.com\/de-de\/wp-content\/uploads\/sites\/8\/2025\/01\/Network-Transformation-Banner-2880x1900px.jpg","contentUrl":"https:\/\/www.capgemini.com\/de-de\/wp-content\/uploads\/sites\/8\/2025\/01\/Network-Transformation-Banner-2880x1900px.jpg","width":2880,"height":1900},{"@type":"BreadcrumbList","@id":"https:\/\/www.capgemini.com\/de-de\/solutions\/netzwerk-transformation\/#breadcrumb","itemListElement":[{"@type":"ListItem","position":1,"name":"Solutions","item":"https:\/\/www.capgemini.com\/de-de\/solutions\/"},{"@type":"ListItem","position":2,"name":"Netzwerk Transformation"}]},{"@type":"WebSite","@id":"https:\/\/www.capgemini.com\/de-de\/#website","url":"https:\/\/www.capgemini.com\/de-de\/","name":"Capgemini Deutschland","description":"Make it real","potentialAction":[{"@type":"SearchAction","target":{"@type":"EntryPoint","urlTemplate":"https:\/\/www.capgemini.com\/de-de\/?s={search_term_string}"},"query-input":"required name=search_term_string"}],"inLanguage":"de-DE"}]}},"brand_term":[],"parsely":{"version":"1.1.0","canonical_url":"https:\/\/capgemini.com\/de-de\/solutions\/netzwerk-transformation\/","smart_links":{"inbound":0,"outbound":0},"traffic_boost_suggestions_count":0,"meta":{"@context":"https:\/\/schema.org","@type":"WebPage","headline":"Netzwerk Transformation","url":"http:\/\/www.capgemini.com\/de-de\/solutions\/netzwerk-transformation\/","mainEntityOfPage":{"@type":"WebPage","@id":"http:\/\/www.capgemini.com\/de-de\/solutions\/netzwerk-transformation\/"},"thumbnailUrl":"https:\/\/www.capgemini.com\/de-de\/wp-content\/uploads\/sites\/8\/2025\/01\/Network-Transformation-Banner-2880x1900px.jpg?w=150&h=150&crop=1","image":{"@type":"ImageObject","url":"https:\/\/www.capgemini.com\/de-de\/wp-content\/uploads\/sites\/8\/2025\/01\/Network-Transformation-Banner-2880x1900px.jpg"},"articleSection":"Uncategorized","author":[],"creator":[],"publisher":{"@type":"Organization","name":"Capgemini","logo":""},"keywords":[],"dateCreated":"2024-07-31T11:08:25Z","datePublished":"2024-07-31T11:08:25Z","dateModified":"2026-01-22T07:46:51Z"},"rendered":"<script type=\"application\/ld+json\" class=\"wp-parsely-metadata\">{\"@context\":\"https:\\\/\\\/schema.org\",\"@type\":\"WebPage\",\"headline\":\"Netzwerk Transformation\",\"url\":\"http:\\\/\\\/www.capgemini.com\\\/de-de\\\/solutions\\\/netzwerk-transformation\\\/\",\"mainEntityOfPage\":{\"@type\":\"WebPage\",\"@id\":\"http:\\\/\\\/www.capgemini.com\\\/de-de\\\/solutions\\\/netzwerk-transformation\\\/\"},\"thumbnailUrl\":\"https:\\\/\\\/www.capgemini.com\\\/de-de\\\/wp-content\\\/uploads\\\/sites\\\/8\\\/2025\\\/01\\\/Network-Transformation-Banner-2880x1900px.jpg?w=150&h=150&crop=1\",\"image\":{\"@type\":\"ImageObject\",\"url\":\"https:\\\/\\\/www.capgemini.com\\\/de-de\\\/wp-content\\\/uploads\\\/sites\\\/8\\\/2025\\\/01\\\/Network-Transformation-Banner-2880x1900px.jpg\"},\"articleSection\":\"Uncategorized\",\"author\":[],\"creator\":[],\"publisher\":{\"@type\":\"Organization\",\"name\":\"Capgemini\",\"logo\":\"\"},\"keywords\":[],\"dateCreated\":\"2024-07-31T11:08:25Z\",\"datePublished\":\"2024-07-31T11:08:25Z\",\"dateModified\":\"2026-01-22T07:46:51Z\"}<\/script>","tracker_url":"https:\/\/cdn.parsely.com\/keys\/capgemini.com\/p.js"},"archive_status":false,"featured_image_src":"https:\/\/www.capgemini.com\/de-de\/wp-content\/uploads\/sites\/8\/2025\/01\/Network-Transformation-Banner-2880x1900px.jpg","featured_image_alt":"","jetpack_sharing_enabled":true,"distributor_meta":false,"distributor_terms":false,"distributor_media":false,"distributor_original_site_name":"Capgemini","distributor_original_site_url":"https:\/\/www.capgemini.com\/de-de","push-errors":false,"_links":{"self":[{"href":"https:\/\/www.capgemini.com\/de-de\/wp-json\/wp\/v2\/pages\/863958","targetHints":{"allow":["GET"]}}],"collection":[{"href":"https:\/\/www.capgemini.com\/de-de\/wp-json\/wp\/v2\/pages"}],"about":[{"href":"https:\/\/www.capgemini.com\/de-de\/wp-json\/wp\/v2\/types\/page"}],"author":[{"embeddable":true,"href":"https:\/\/www.capgemini.com\/de-de\/wp-json\/wp\/v2\/users\/41"}],"replies":[{"embeddable":true,"href":"https:\/\/www.capgemini.com\/de-de\/wp-json\/wp\/v2\/comments?post=863958"}],"version-history":[{"count":3,"href":"https:\/\/www.capgemini.com\/de-de\/wp-json\/wp\/v2\/pages\/863958\/revisions"}],"predecessor-version":[{"id":872196,"href":"https:\/\/www.capgemini.com\/de-de\/wp-json\/wp\/v2\/pages\/863958\/revisions\/872196"}],"up":[{"embeddable":true,"href":"https:\/\/www.capgemini.com\/de-de\/wp-json\/wp\/v2\/pages\/743171"}],"wp:featuredmedia":[{"embeddable":true,"href":"https:\/\/www.capgemini.com\/de-de\/wp-json\/wp\/v2\/media\/872195"}],"wp:attachment":[{"href":"https:\/\/www.capgemini.com\/de-de\/wp-json\/wp\/v2\/media?parent=863958"}],"wp:term":[{"taxonomy":"brand","embeddable":true,"href":"https:\/\/www.capgemini.com\/de-de\/wp-json\/wp\/v2\/brand?post=863958"},{"taxonomy":"partner_type","embeddable":true,"href":"https:\/\/www.capgemini.com\/de-de\/wp-json\/wp\/v2\/partner_type?post=863958"},{"taxonomy":"service","embeddable":true,"href":"https:\/\/www.capgemini.com\/de-de\/wp-json\/wp\/v2\/service?post=863958"},{"taxonomy":"industry","embeddable":true,"href":"https:\/\/www.capgemini.com\/de-de\/wp-json\/wp\/v2\/industry?post=863958"},{"taxonomy":"partners","embeddable":true,"href":"https:\/\/www.capgemini.com\/de-de\/wp-json\/wp\/v2\/partners?post=863958"},{"taxonomy":"page-type","embeddable":true,"href":"https:\/\/www.capgemini.com\/de-de\/wp-json\/wp\/v2\/page-type?post=863958"},{"taxonomy":"content-group","embeddable":true,"href":"https:\/\/www.capgemini.com\/de-de\/wp-json\/wp\/v2\/content-group?post=863958"}],"curies":[{"name":"wp","href":"https:\/\/api.w.org\/{rel}","templated":true}]}}