{"id":863953,"date":"2024-07-31T10:54:58","date_gmt":"2024-07-31T10:54:58","guid":{"rendered":"https:\/\/www.capgemini.com\/de-de\/?page_id=863953"},"modified":"2026-01-22T07:46:52","modified_gmt":"2026-01-22T07:46:52","slug":"5g","status":"publish","type":"page","link":"https:\/\/www.capgemini.com\/de-de\/solutions\/5g\/","title":{"rendered":"5G"},"content":{"rendered":"\n<header class=\"wp-block-cg-blocks-hero-reusable header heroReusable  \"><div class=\"header-bgs\"><picture><source srcset=\"https:\/\/www.capgemini.com\/de-de\/wp-content\/uploads\/sites\/8\/2025\/01\/5G-Edge-Banner-2880x1900px.jpg?w=2880&amp;quality=70 1x, https:\/\/www.capgemini.com\/de-de\/wp-content\/uploads\/sites\/8\/2025\/01\/5G-Edge-Banner-2880x1900px.jpg?w=2880&amp;quality=70 2x\" media=\"(min-width: 1500px)\"\/><source srcset=\"https:\/\/www.capgemini.com\/de-de\/wp-content\/uploads\/sites\/8\/2025\/01\/5G-Edge-Banner-2880x1900px.jpg?w=1440&amp;quality=70 1x, https:\/\/www.capgemini.com\/de-de\/wp-content\/uploads\/sites\/8\/2025\/01\/5G-Edge-Banner-2880x1900px.jpg?w=2880&amp;quality=70 2x\" media=\"(min-width: 992px)\"\/><source srcset=\"https:\/\/www.capgemini.com\/de-de\/wp-content\/uploads\/sites\/8\/2025\/01\/5G-Edge-Banner-2880x1900px.jpg?w=1024&amp;quality=70 1x, https:\/\/www.capgemini.com\/de-de\/wp-content\/uploads\/sites\/8\/2025\/01\/5G-Edge-Banner-2880x1900px.jpg?w=1024&amp;quality=70 2x\" media=\"(min-width: 768px)\"\/><source srcset=\"https:\/\/www.capgemini.com\/de-de\/wp-content\/uploads\/sites\/8\/2025\/01\/5G-Edge-Banner-2880x1900px.jpg?w=768&amp;quality=70 1x, https:\/\/www.capgemini.com\/de-de\/wp-content\/uploads\/sites\/8\/2025\/01\/5G-Edge-Banner-2880x1900px.jpg?w=768&amp;quality=70 2x\" media=\"(min-width: 0)\"\/><img decoding=\"async\" src=\"https:\/\/www.capgemini.com\/de-de\/wp-content\/uploads\/sites\/8\/2025\/01\/5G-Edge-Banner-2880x1900px.jpg\" class=\"header-img header-img-d\" alt=\"\" style=\"object-fit:cover;object-position:50% 50%\" loading=\"eager\"\/><\/picture><\/div><div class=\"heroPictureCardHeaderShape\"><\/div><div class=\"container\"><div class=\"row\"><div class=\"col-md-12\"><div class=\"box\"><div class=\"boxTagWrapper\"><div class=\"tagInfo\"><\/div><\/div><div class=\"box-title\"><h1 data-maxlength=\"34\">5G<\/h1><\/div><div class=\"inner-row-insight download-btn\"><\/div><\/div><\/div><\/div><\/div><\/header>\n\n\n\n<section class=\"wp-block-cg-blocks-group undefined section section--article-content\"><div class=\"article-main-content\"><div class=\"container\"><div class=\"row\"><div class=\"col-12 col-md-11 col-lg-10 offset-md-1 offset-lg-1\"><div class=\"article-text article-quote-text\">\n<p>Um das Potenzial der intelligenten Industrie auszusch\u00f6pfen, sind extrem niedrige Latenzzeiten, Hochgeschwindigkeitsdatenzugriff und nahtlose Kommunikation erforderlich. Auf dem Weg in die Zukunft dienen 5G und Multi-Access-Edge-Computing (MEC) als Katalysator f\u00fcr den Wandel, der unglaubliche neue Ebenen der Innovation, Effizienz und Konnektivit\u00e4t in verschiedenen Sektoren freisetzt.<\/p>\n\n\n\n<p>Im Zusammenspiel mit Edge Computing bietet 5G ein extrem zuverl\u00e4ssiges, schnelles und latenzarmes mobiles Breitband, das das Potenzial hat, unsere Welt drastisch zu ver\u00e4ndern und innovative Entwicklungen in einer Vielzahl von Branchen voranzutreiben, darunter Fertigung, Gesundheitswesen, Transport, Energie und Kommunikation.<\/p>\n\n\n\n<p>Deutschland ist einer der f\u00fchrenden M\u00e4rkte f\u00fcr 5G, da alle gro\u00dfen Telekommunikationsbetreiber ihren 5G-Fu\u00dfabdruck ausbauen. Zus\u00e4tzlich zu den neuen Ger\u00e4ten, der Technologie und dem Netzausbau haben einige der Betreiber mit 5G-Standalone-Implementierungen begonnen, die ihnen helfen, die Vorteile von 5G voll auszusch\u00f6pfen, einschlie\u00dflich eines einzigartigen, m\u00f6glicherweise ma\u00dfgeschneiderten Konnektivit\u00e4tserlebnisses &#8211; ein Prozess, der als &#8220;Network Slicing&#8221; bekannt ist.<\/p>\n\n\n\n<p>Capgemini ist ein zukunftsorientierter Konnektivit\u00e4tspartner mit 20.000 Telekommunikationsexperten weltweit, darunter 3.000 mit 5G- und Edge-Expertise. Seit 2019 hat unser Team mehr als 1.100 5G-Projekte erfolgreich durchgef\u00fchrt und 500 Kunden weltweit auf ihrem Weg unterst\u00fctzt, ihr Gesch\u00e4ft und ihre Branche mit den Technologien von morgen zu transformieren.<\/p>\n\n\n\n<h3 class=\"wp-block-heading\" id=\"h-unsere-leistungen-umfassen\">Unsere Leistungen umfassen:<\/h3>\n\n\n\n<ul class=\"wp-block-list\">\n<li><strong>Einsatzkritische Kommunikationsdienste f\u00fcr die \u00f6ffentliche Sicherheit (MCX) &#8211;<\/strong> Nutzung von 4G\/5G-L\u00f6sungen zur Verbesserung der missionskritischen Kommunikationssysteme der \u00f6ffentlichen Sicherheit.&nbsp;<\/li>\n<\/ul>\n\n\n\n<ul class=\"wp-block-list\">\n<li><strong>Entwurf und Integration fortgeschrittener Netze &#8211;<\/strong> Investitionen in fortschrittliche Netze, um die steigende Nachfrage nach Hochgeschwindigkeitsl\u00f6sungen mit geringer Latenzzeit zu befriedigen.&nbsp;<\/li>\n<\/ul>\n\n\n\n<ul class=\"wp-block-list\">\n<li><strong>Software Frameworks L\u00f6sungen &#8211;<\/strong> Beschleunigung des Entwicklungsprozesses f\u00fcr vernetzte L\u00f6sungen um 30-60 % durch umfassende Software-Frameworks.&nbsp;<\/li>\n<\/ul>\n\n\n\n<ul class=\"wp-block-list\">\n<li><strong>5G private Netzwerke f\u00fcr die Industrie &#8211;<\/strong> Erh\u00f6hte Zuverl\u00e4ssigkeit, st\u00f6rungsfreie Betriebszeit und ma\u00dfgeschneiderte Funktionen, um die besonderen Anforderungen von Unternehmen mit privaten 5G-Netzwerken zu erf\u00fcllen.&nbsp;<\/li>\n<\/ul>\n<\/div><\/div><\/div><\/div><\/div><\/section>\n","protected":false},"excerpt":{"rendered":"","protected":false},"author":41,"featured_media":872186,"parent":743171,"menu_order":0,"comment_status":"closed","ping_status":"closed","template":"","meta":{"cg_dt_proposed_to":[],"cg_seo_hreflang_relations":"[]","cg_seo_canonical_relation":"{\"uuid\":\"b3648dfb-1d94-4eeb-9098-c8d410e8982c\",\"blogId\":\"\",\"domain\":\"\",\"sitePath\":\"\",\"postLink\":\"\",\"postId\":null,\"isSaved\":true,\"isCrossLink\":false,\"hasCrossLink\":false}","cg_seo_hreflang_x_default_relation":"{\"uuid\":\"1e663342-f241-41a9-8124-9faa0d0f157c\",\"blogId\":\"\",\"domain\":\"\",\"sitePath\":\"\",\"postLink\":\"\",\"postId\":null,\"isSaved\":true,\"isCrossLink\":false,\"hasCrossLink\":false}","cg_dt_approved_content":true,"cg_dt_mandatory_content":false,"cg_dt_notes":"","cg_dg_source_changed":false,"cg_dt_link_disabled":false,"_yoast_wpseo_primary_brand":"","footnotes":"","featured_focal_points":"","partner_card_description":"","gsap_animation":0},"brand":[],"partner_type":[],"service":[],"industry":[],"partners":[],"page-type":[],"content-group":[],"class_list":["post-863953","page","type-page","status-publish","has-post-thumbnail","hentry"],"yoast_head":"<!-- This site is optimized with the Yoast SEO Premium plugin v22.8 (Yoast SEO v22.8) - https:\/\/yoast.com\/wordpress\/plugins\/seo\/ -->\n<title>5G - Capgemini<\/title>\n<meta name=\"robots\" content=\"index, follow, max-snippet:-1, max-image-preview:large, max-video-preview:-1\" \/>\n<link rel=\"canonical\" href=\"https:\/\/www.capgemini.com\/de-de\/solutions\/5g\/\" \/>\n<meta property=\"og:locale\" content=\"de_DE\" \/>\n<meta property=\"og:type\" content=\"article\" \/>\n<meta property=\"og:title\" content=\"5G - Capgemini\" \/>\n<meta property=\"og:url\" content=\"https:\/\/www.capgemini.com\/de-de\/solutions\/5g\/\" \/>\n<meta property=\"og:site_name\" content=\"Capgemini\" \/>\n<meta property=\"article:modified_time\" content=\"2026-01-22T07:46:52+00:00\" \/>\n<meta property=\"og:image\" content=\"https:\/\/www.capgemini.com\/de-de\/wp-content\/uploads\/sites\/8\/2025\/10\/New-Web-preview-global.jpg\" \/>\n\t<meta property=\"og:image:width\" content=\"1200\" \/>\n\t<meta property=\"og:image:height\" content=\"627\" \/>\n\t<meta property=\"og:image:type\" content=\"image\/jpeg\" \/>\n<meta name=\"twitter:card\" content=\"summary_large_image\" \/>\n<meta name=\"twitter:label1\" content=\"Est. reading time\" \/>\n\t<meta name=\"twitter:data1\" content=\"2 minutes\" \/>\n<script type=\"application\/ld+json\" class=\"yoast-schema-graph\">{\"@context\":\"https:\/\/schema.org\",\"@graph\":[{\"@type\":\"WebPage\",\"@id\":\"https:\/\/www.capgemini.com\/de-de\/solutions\/5g\/\",\"url\":\"https:\/\/www.capgemini.com\/de-de\/solutions\/5g\/\",\"name\":\"5G - Capgemini\",\"isPartOf\":{\"@id\":\"https:\/\/www.capgemini.com\/de-de\/#website\"},\"primaryImageOfPage\":{\"@id\":\"https:\/\/www.capgemini.com\/de-de\/solutions\/5g\/#primaryimage\"},\"image\":{\"@id\":\"https:\/\/www.capgemini.com\/de-de\/solutions\/5g\/#primaryimage\"},\"thumbnailUrl\":\"https:\/\/www.capgemini.com\/de-de\/wp-content\/uploads\/sites\/8\/2025\/01\/5G-Edge-Banner-2880x1900px.jpg\",\"datePublished\":\"2024-07-31T10:54:58+00:00\",\"dateModified\":\"2026-01-22T07:46:52+00:00\",\"breadcrumb\":{\"@id\":\"https:\/\/www.capgemini.com\/de-de\/solutions\/5g\/#breadcrumb\"},\"inLanguage\":\"de-DE\",\"potentialAction\":[{\"@type\":\"ReadAction\",\"target\":[\"https:\/\/www.capgemini.com\/de-de\/solutions\/5g\/\"]}]},{\"@type\":\"ImageObject\",\"inLanguage\":\"de-DE\",\"@id\":\"https:\/\/www.capgemini.com\/de-de\/solutions\/5g\/#primaryimage\",\"url\":\"https:\/\/www.capgemini.com\/de-de\/wp-content\/uploads\/sites\/8\/2025\/01\/5G-Edge-Banner-2880x1900px.jpg\",\"contentUrl\":\"https:\/\/www.capgemini.com\/de-de\/wp-content\/uploads\/sites\/8\/2025\/01\/5G-Edge-Banner-2880x1900px.jpg\",\"width\":2880,\"height\":1900},{\"@type\":\"BreadcrumbList\",\"@id\":\"https:\/\/www.capgemini.com\/de-de\/solutions\/5g\/#breadcrumb\",\"itemListElement\":[{\"@type\":\"ListItem\",\"position\":1,\"name\":\"Solutions\",\"item\":\"https:\/\/www.capgemini.com\/de-de\/solutions\/\"},{\"@type\":\"ListItem\",\"position\":2,\"name\":\"5G\"}]},{\"@type\":\"WebSite\",\"@id\":\"https:\/\/www.capgemini.com\/de-de\/#website\",\"url\":\"https:\/\/www.capgemini.com\/de-de\/\",\"name\":\"Capgemini Deutschland\",\"description\":\"Make it real\",\"potentialAction\":[{\"@type\":\"SearchAction\",\"target\":{\"@type\":\"EntryPoint\",\"urlTemplate\":\"https:\/\/www.capgemini.com\/de-de\/?s={search_term_string}\"},\"query-input\":\"required name=search_term_string\"}],\"inLanguage\":\"de-DE\"}]}<\/script>\n<!-- \/ Yoast SEO Premium plugin. -->","yoast_head_json":{"title":"5G - Capgemini","robots":{"index":"index","follow":"follow","max-snippet":"max-snippet:-1","max-image-preview":"max-image-preview:large","max-video-preview":"max-video-preview:-1"},"canonical":"https:\/\/www.capgemini.com\/de-de\/solutions\/5g\/","og_locale":"de_DE","og_type":"article","og_title":"5G - Capgemini","og_url":"https:\/\/www.capgemini.com\/de-de\/solutions\/5g\/","og_site_name":"Capgemini","article_modified_time":"2026-01-22T07:46:52+00:00","og_image":[{"width":1200,"height":627,"url":"https:\/\/www.capgemini.com\/de-de\/wp-content\/uploads\/sites\/8\/2025\/10\/New-Web-preview-global.jpg","type":"image\/jpeg"}],"twitter_card":"summary_large_image","twitter_misc":{"Est. reading time":"2 minutes"},"schema":{"@context":"https:\/\/schema.org","@graph":[{"@type":"WebPage","@id":"https:\/\/www.capgemini.com\/de-de\/solutions\/5g\/","url":"https:\/\/www.capgemini.com\/de-de\/solutions\/5g\/","name":"5G - Capgemini","isPartOf":{"@id":"https:\/\/www.capgemini.com\/de-de\/#website"},"primaryImageOfPage":{"@id":"https:\/\/www.capgemini.com\/de-de\/solutions\/5g\/#primaryimage"},"image":{"@id":"https:\/\/www.capgemini.com\/de-de\/solutions\/5g\/#primaryimage"},"thumbnailUrl":"https:\/\/www.capgemini.com\/de-de\/wp-content\/uploads\/sites\/8\/2025\/01\/5G-Edge-Banner-2880x1900px.jpg","datePublished":"2024-07-31T10:54:58+00:00","dateModified":"2026-01-22T07:46:52+00:00","breadcrumb":{"@id":"https:\/\/www.capgemini.com\/de-de\/solutions\/5g\/#breadcrumb"},"inLanguage":"de-DE","potentialAction":[{"@type":"ReadAction","target":["https:\/\/www.capgemini.com\/de-de\/solutions\/5g\/"]}]},{"@type":"ImageObject","inLanguage":"de-DE","@id":"https:\/\/www.capgemini.com\/de-de\/solutions\/5g\/#primaryimage","url":"https:\/\/www.capgemini.com\/de-de\/wp-content\/uploads\/sites\/8\/2025\/01\/5G-Edge-Banner-2880x1900px.jpg","contentUrl":"https:\/\/www.capgemini.com\/de-de\/wp-content\/uploads\/sites\/8\/2025\/01\/5G-Edge-Banner-2880x1900px.jpg","width":2880,"height":1900},{"@type":"BreadcrumbList","@id":"https:\/\/www.capgemini.com\/de-de\/solutions\/5g\/#breadcrumb","itemListElement":[{"@type":"ListItem","position":1,"name":"Solutions","item":"https:\/\/www.capgemini.com\/de-de\/solutions\/"},{"@type":"ListItem","position":2,"name":"5G"}]},{"@type":"WebSite","@id":"https:\/\/www.capgemini.com\/de-de\/#website","url":"https:\/\/www.capgemini.com\/de-de\/","name":"Capgemini Deutschland","description":"Make it real","potentialAction":[{"@type":"SearchAction","target":{"@type":"EntryPoint","urlTemplate":"https:\/\/www.capgemini.com\/de-de\/?s={search_term_string}"},"query-input":"required name=search_term_string"}],"inLanguage":"de-DE"}]}},"brand_term":[],"parsely":{"version":"1.1.0","canonical_url":"https:\/\/capgemini.com\/de-de\/solutions\/5g\/","smart_links":{"inbound":0,"outbound":0},"traffic_boost_suggestions_count":0,"meta":{"@context":"https:\/\/schema.org","@type":"WebPage","headline":"5G","url":"http:\/\/www.capgemini.com\/de-de\/solutions\/5g\/","mainEntityOfPage":{"@type":"WebPage","@id":"http:\/\/www.capgemini.com\/de-de\/solutions\/5g\/"},"thumbnailUrl":"https:\/\/www.capgemini.com\/de-de\/wp-content\/uploads\/sites\/8\/2025\/01\/5G-Edge-Banner-2880x1900px.jpg?w=150&h=150&crop=1","image":{"@type":"ImageObject","url":"https:\/\/www.capgemini.com\/de-de\/wp-content\/uploads\/sites\/8\/2025\/01\/5G-Edge-Banner-2880x1900px.jpg"},"articleSection":"Uncategorized","author":[],"creator":[],"publisher":{"@type":"Organization","name":"Capgemini","logo":""},"keywords":[],"dateCreated":"2024-07-31T10:54:58Z","datePublished":"2024-07-31T10:54:58Z","dateModified":"2026-01-22T07:46:52Z"},"rendered":"<script type=\"application\/ld+json\" class=\"wp-parsely-metadata\">{\"@context\":\"https:\\\/\\\/schema.org\",\"@type\":\"WebPage\",\"headline\":\"5G\",\"url\":\"http:\\\/\\\/www.capgemini.com\\\/de-de\\\/solutions\\\/5g\\\/\",\"mainEntityOfPage\":{\"@type\":\"WebPage\",\"@id\":\"http:\\\/\\\/www.capgemini.com\\\/de-de\\\/solutions\\\/5g\\\/\"},\"thumbnailUrl\":\"https:\\\/\\\/www.capgemini.com\\\/de-de\\\/wp-content\\\/uploads\\\/sites\\\/8\\\/2025\\\/01\\\/5G-Edge-Banner-2880x1900px.jpg?w=150&h=150&crop=1\",\"image\":{\"@type\":\"ImageObject\",\"url\":\"https:\\\/\\\/www.capgemini.com\\\/de-de\\\/wp-content\\\/uploads\\\/sites\\\/8\\\/2025\\\/01\\\/5G-Edge-Banner-2880x1900px.jpg\"},\"articleSection\":\"Uncategorized\",\"author\":[],\"creator\":[],\"publisher\":{\"@type\":\"Organization\",\"name\":\"Capgemini\",\"logo\":\"\"},\"keywords\":[],\"dateCreated\":\"2024-07-31T10:54:58Z\",\"datePublished\":\"2024-07-31T10:54:58Z\",\"dateModified\":\"2026-01-22T07:46:52Z\"}<\/script>","tracker_url":"https:\/\/cdn.parsely.com\/keys\/capgemini.com\/p.js"},"archive_status":false,"featured_image_src":"https:\/\/www.capgemini.com\/de-de\/wp-content\/uploads\/sites\/8\/2025\/01\/5G-Edge-Banner-2880x1900px.jpg","featured_image_alt":"","jetpack_sharing_enabled":true,"distributor_meta":false,"distributor_terms":false,"distributor_media":false,"distributor_original_site_name":"Capgemini","distributor_original_site_url":"https:\/\/www.capgemini.com\/de-de","push-errors":false,"_links":{"self":[{"href":"https:\/\/www.capgemini.com\/de-de\/wp-json\/wp\/v2\/pages\/863953","targetHints":{"allow":["GET"]}}],"collection":[{"href":"https:\/\/www.capgemini.com\/de-de\/wp-json\/wp\/v2\/pages"}],"about":[{"href":"https:\/\/www.capgemini.com\/de-de\/wp-json\/wp\/v2\/types\/page"}],"author":[{"embeddable":true,"href":"https:\/\/www.capgemini.com\/de-de\/wp-json\/wp\/v2\/users\/41"}],"replies":[{"embeddable":true,"href":"https:\/\/www.capgemini.com\/de-de\/wp-json\/wp\/v2\/comments?post=863953"}],"version-history":[{"count":2,"href":"https:\/\/www.capgemini.com\/de-de\/wp-json\/wp\/v2\/pages\/863953\/revisions"}],"predecessor-version":[{"id":872187,"href":"https:\/\/www.capgemini.com\/de-de\/wp-json\/wp\/v2\/pages\/863953\/revisions\/872187"}],"up":[{"embeddable":true,"href":"https:\/\/www.capgemini.com\/de-de\/wp-json\/wp\/v2\/pages\/743171"}],"wp:featuredmedia":[{"embeddable":true,"href":"https:\/\/www.capgemini.com\/de-de\/wp-json\/wp\/v2\/media\/872186"}],"wp:attachment":[{"href":"https:\/\/www.capgemini.com\/de-de\/wp-json\/wp\/v2\/media?parent=863953"}],"wp:term":[{"taxonomy":"brand","embeddable":true,"href":"https:\/\/www.capgemini.com\/de-de\/wp-json\/wp\/v2\/brand?post=863953"},{"taxonomy":"partner_type","embeddable":true,"href":"https:\/\/www.capgemini.com\/de-de\/wp-json\/wp\/v2\/partner_type?post=863953"},{"taxonomy":"service","embeddable":true,"href":"https:\/\/www.capgemini.com\/de-de\/wp-json\/wp\/v2\/service?post=863953"},{"taxonomy":"industry","embeddable":true,"href":"https:\/\/www.capgemini.com\/de-de\/wp-json\/wp\/v2\/industry?post=863953"},{"taxonomy":"partners","embeddable":true,"href":"https:\/\/www.capgemini.com\/de-de\/wp-json\/wp\/v2\/partners?post=863953"},{"taxonomy":"page-type","embeddable":true,"href":"https:\/\/www.capgemini.com\/de-de\/wp-json\/wp\/v2\/page-type?post=863953"},{"taxonomy":"content-group","embeddable":true,"href":"https:\/\/www.capgemini.com\/de-de\/wp-json\/wp\/v2\/content-group?post=863953"}],"curies":[{"name":"wp","href":"https:\/\/api.w.org\/{rel}","templated":true}]}}