{"id":863949,"date":"2024-07-31T10:41:00","date_gmt":"2024-07-31T10:41:00","guid":{"rendered":"https:\/\/www.capgemini.com\/de-de\/?page_id=863949"},"modified":"2026-01-22T07:46:53","modified_gmt":"2026-01-22T07:46:53","slug":"ki-in-telekommunikation","status":"publish","type":"page","link":"https:\/\/www.capgemini.com\/de-de\/solutions\/ki-in-telekommunikation\/","title":{"rendered":"KI in Telekommunikation"},"content":{"rendered":"\n<header class=\"wp-block-cg-blocks-hero-reusable header heroReusable  \"><div class=\"header-bgs\"><picture><source srcset=\"https:\/\/www.capgemini.com\/de-de\/wp-content\/uploads\/sites\/8\/2025\/01\/AI-In-Telco-Banner-2880x1900px.jpg?w=2880&amp;quality=70 1x, https:\/\/www.capgemini.com\/de-de\/wp-content\/uploads\/sites\/8\/2025\/01\/AI-In-Telco-Banner-2880x1900px.jpg?w=2880&amp;quality=70 2x\" media=\"(min-width: 1500px)\"\/><source srcset=\"https:\/\/www.capgemini.com\/de-de\/wp-content\/uploads\/sites\/8\/2025\/01\/AI-In-Telco-Banner-2880x1900px.jpg?w=1440&amp;quality=70 1x, https:\/\/www.capgemini.com\/de-de\/wp-content\/uploads\/sites\/8\/2025\/01\/AI-In-Telco-Banner-2880x1900px.jpg?w=2880&amp;quality=70 2x\" media=\"(min-width: 992px)\"\/><source srcset=\"https:\/\/www.capgemini.com\/de-de\/wp-content\/uploads\/sites\/8\/2025\/01\/AI-In-Telco-Banner-2880x1900px.jpg?w=1024&amp;quality=70 1x, https:\/\/www.capgemini.com\/de-de\/wp-content\/uploads\/sites\/8\/2025\/01\/AI-In-Telco-Banner-2880x1900px.jpg?w=1024&amp;quality=70 2x\" media=\"(min-width: 768px)\"\/><source srcset=\"https:\/\/www.capgemini.com\/de-de\/wp-content\/uploads\/sites\/8\/2025\/01\/AI-In-Telco-Banner-2880x1900px.jpg?w=768&amp;quality=70 1x, https:\/\/www.capgemini.com\/de-de\/wp-content\/uploads\/sites\/8\/2025\/01\/AI-In-Telco-Banner-2880x1900px.jpg?w=768&amp;quality=70 2x\" media=\"(min-width: 0)\"\/><img decoding=\"async\" src=\"https:\/\/www.capgemini.com\/de-de\/wp-content\/uploads\/sites\/8\/2025\/01\/AI-In-Telco-Banner-2880x1900px.jpg\" class=\"header-img header-img-d\" alt=\"\" style=\"object-fit:cover;object-position:50% 50%\" loading=\"eager\"\/><\/picture><\/div><div class=\"heroPictureCardHeaderShape\"><\/div><div class=\"container\"><div class=\"row\"><div class=\"col-md-12\"><div class=\"box\"><div class=\"boxTagWrapper\"><div class=\"tagInfo\"><\/div><\/div><div class=\"box-title\"><h1 data-maxlength=\"34\">KI in Telekommunikation<\/h1><\/div><div class=\"inner-row-insight download-btn\"><\/div><\/div><\/div><\/div><\/div><\/header>\n\n\n\n<section class=\"wp-block-cg-blocks-group undefined section section--article-content\"><div class=\"article-main-content\"><div class=\"container\"><div class=\"row\"><div class=\"col-12 col-md-11 col-lg-10 offset-md-1 offset-lg-1\"><div class=\"article-text article-quote-text\">\n<p>Telcos geh\u00f6ren zu den gr\u00f6\u00dften Datenaggregatoren weltweit und verf\u00fcgen \u00fcber Zugang zu einer Vielzahl von Datenquellen sowie eine direkte Verbindung zu Millionen von Verbrauchern.<\/p>\n\n\n\n<p>Doch wie k\u00f6nnen sie Daten und die Leistung von KI und generativer KI in reale L\u00f6sungen umsetzen? In Produkte, die den Kunden einen Mehrwert bieten und zu einer erneuten Kaufentscheidung f\u00fchren? In KI-gesteuerte Automatisierung, die Netze und Kundenabl\u00e4ufe nachhaltiger und effizienter macht? Wie kann eine Strategie f\u00fcr morgen entwickelt werden, ohne dabei die aktuellen Herausforderungen aus den Augen zu verlieren?<\/p>\n\n\n\n<p>Die Daten- und Cloud-Teams von Capgemini bieten ein Portfolio von Dienstleistungen an, das auf den neuesten digitalen Technologien, Analysen und KI basiert. Damit unterst\u00fctzen wir Telekommunikationsunternehmen bei der effizienten Modernisierung von Altsystemen und erschlie\u00dfen das volle Potenzial ihrer Daten.&nbsp;<\/p>\n\n\n\n<p>Wir haben KI-gesteuerte L\u00f6sungen f\u00fcr alle Gesch\u00e4ftsbereiche entwickelt \u2013 vom Kunden bis zum Netzwerk. Diese erm\u00f6glichen eine Vielzahl von Anwendungsf\u00e4llen, darunter hyper-personalisierte Kundenerfahrung, autonome Netzwerke oder nachhaltige Infrastruktur.&nbsp;<\/p>\n\n\n\n<h3 class=\"wp-block-heading\" id=\"h-unsere-leistungen-umfassen\">Unsere Leistungen umfassen:<\/h3>\n\n\n\n<ul class=\"wp-block-list\">\n<li><strong>Hyper-Personalisierung f\u00fcr die Telekommunikationsbranche &#8211;<\/strong> Die Nutzung von Data Analytics und generativer KI erm\u00f6glicht es Ihnen, Einblicke in die Bed\u00fcrfnisse jedes Ihrer Kunden zu gewinnen, ihnen die besten L\u00f6sungen anzubieten und mit hoher Relevanz zu kommunizieren.&nbsp;<\/li>\n<\/ul>\n\n\n\n<ul class=\"wp-block-list\">\n<li><strong>Generative KI &#8211;<\/strong> Schlie\u00dfen Sie die L\u00fccke zwischen Versprechen und Praxis, um explorativen generativen KI-Programmen die M\u00f6glichkeit zu geben, Transformation und Wachstum in f\u00fcnf Hauptbereichen voranzutreiben &#8211; generative Erlebnisse, generative Abl\u00e4ufe, generative Softwareentwicklung, generative Netzwerke und generative Unternehmen.&nbsp;<\/li>\n<\/ul>\n\n\n\n<ul class=\"wp-block-list\">\n<li><strong>KI f\u00fcr Autonome Netzwerke &#8211;<\/strong> KI erm\u00f6glicht die \u00dcberwachung der Servicequalit\u00e4t, die Identifizierung von Schwachstellen durch die Erkennung von Anomalien und die Bereitstellung eines besseren Supports und einer besseren Probleml\u00f6sung durch eine automatische Ursachenanalyse.&nbsp;<\/li>\n<\/ul>\n\n\n\n<ul class=\"wp-block-list\">\n<li><strong>Monetarisierung von Daten &#8211;<\/strong> Die heutigen KI-Funktionen machen Daten zu einem wertvollen Gut. Telcos haben die Chance, ihre Daten zu vermarkten, sofern sie \u00fcber die entsprechenden Technologien und Plattformen verf\u00fcgen.&nbsp;<\/li>\n<\/ul>\n\n\n\n<ul class=\"wp-block-list\">\n<li><strong>Modernisierung des Datenbestands &#8211;<\/strong> Verschieben Sie Ihre Datenbest\u00e4nde in moderne data stacks in der Cloud, um einen besseren Service zu geringeren Kosten zu erhalten. Sie erhalten einfachen Zugang zu fortschrittlicher Analytik und k\u00fcnstlicher Intelligenz und k\u00f6nnen dadurch das Wertpotenzial Ihrer Daten erweitern.&nbsp;<\/li>\n<\/ul>\n\n\n\n<ul class=\"wp-block-list\">\n<li><strong>Telcos f\u00fcr Net-zero &#8211;<\/strong> Daten und k\u00fcnstliche Intelligenz er\u00f6ffnen uns die M\u00f6glichkeit, den Betrieb und den Energieverbrauch wie nie zuvor zu optimieren und kontinuierliche, konsistente Einsparungen zu erzielen. Durch das Capgemini Invent Nachhaltigkeits-Framework und den Sustainability Data Hub integrieren wir Nachhaltigkeit in Ihre t\u00e4glichen Prozesse.<\/li>\n<\/ul>\n<\/div><\/div><\/div><\/div><\/div><\/section>\n","protected":false},"excerpt":{"rendered":"","protected":false},"author":41,"featured_media":872190,"parent":743171,"menu_order":0,"comment_status":"closed","ping_status":"closed","template":"","meta":{"cg_dt_proposed_to":[],"cg_seo_hreflang_relations":"[]","cg_seo_canonical_relation":"{\"uuid\":\"1b6bc0b8-7d81-48bb-89f6-039fed02d9fe\",\"blogId\":\"\",\"domain\":\"\",\"sitePath\":\"\",\"postLink\":\"\",\"postId\":null,\"isSaved\":true,\"isCrossLink\":false,\"hasCrossLink\":false}","cg_seo_hreflang_x_default_relation":"{\"uuid\":\"6c95e37f-0b63-4252-a6db-d49fc383177f\",\"blogId\":\"\",\"domain\":\"\",\"sitePath\":\"\",\"postLink\":\"\",\"postId\":null,\"isSaved\":true,\"isCrossLink\":false,\"hasCrossLink\":false}","cg_dt_approved_content":true,"cg_dt_mandatory_content":false,"cg_dt_notes":"","cg_dg_source_changed":false,"cg_dt_link_disabled":false,"_yoast_wpseo_primary_brand":"","footnotes":"","featured_focal_points":"","partner_card_description":"","gsap_animation":0},"brand":[],"partner_type":[],"service":[],"industry":[],"partners":[],"page-type":[],"content-group":[],"class_list":["post-863949","page","type-page","status-publish","has-post-thumbnail","hentry"],"yoast_head":"<!-- This site is optimized with the Yoast SEO Premium plugin v22.8 (Yoast SEO v22.8) - https:\/\/yoast.com\/wordpress\/plugins\/seo\/ -->\n<title>KI in Telekommunikation - Capgemini<\/title>\n<meta name=\"robots\" content=\"index, follow, max-snippet:-1, max-image-preview:large, max-video-preview:-1\" \/>\n<link rel=\"canonical\" href=\"https:\/\/www.capgemini.com\/de-de\/solutions\/ki-in-telekommunikation\/\" \/>\n<meta property=\"og:locale\" content=\"de_DE\" \/>\n<meta property=\"og:type\" content=\"article\" \/>\n<meta property=\"og:title\" content=\"KI in Telekommunikation - Capgemini\" \/>\n<meta property=\"og:url\" content=\"https:\/\/www.capgemini.com\/de-de\/solutions\/ki-in-telekommunikation\/\" \/>\n<meta property=\"og:site_name\" content=\"Capgemini\" \/>\n<meta property=\"article:modified_time\" content=\"2026-01-22T07:46:53+00:00\" \/>\n<meta property=\"og:image\" content=\"https:\/\/www.capgemini.com\/de-de\/wp-content\/uploads\/sites\/8\/2025\/10\/New-Web-preview-global.jpg\" \/>\n\t<meta property=\"og:image:width\" content=\"1200\" \/>\n\t<meta property=\"og:image:height\" content=\"627\" \/>\n\t<meta property=\"og:image:type\" content=\"image\/jpeg\" \/>\n<meta name=\"twitter:card\" content=\"summary_large_image\" \/>\n<meta name=\"twitter:label1\" content=\"Est. reading time\" \/>\n\t<meta name=\"twitter:data1\" content=\"3 minutes\" \/>\n<script type=\"application\/ld+json\" class=\"yoast-schema-graph\">{\"@context\":\"https:\/\/schema.org\",\"@graph\":[{\"@type\":\"WebPage\",\"@id\":\"https:\/\/www.capgemini.com\/de-de\/solutions\/ki-in-telekommunikation\/\",\"url\":\"https:\/\/www.capgemini.com\/de-de\/solutions\/ki-in-telekommunikation\/\",\"name\":\"KI in Telekommunikation - Capgemini\",\"isPartOf\":{\"@id\":\"https:\/\/www.capgemini.com\/de-de\/#website\"},\"primaryImageOfPage\":{\"@id\":\"https:\/\/www.capgemini.com\/de-de\/solutions\/ki-in-telekommunikation\/#primaryimage\"},\"image\":{\"@id\":\"https:\/\/www.capgemini.com\/de-de\/solutions\/ki-in-telekommunikation\/#primaryimage\"},\"thumbnailUrl\":\"https:\/\/www.capgemini.com\/de-de\/wp-content\/uploads\/sites\/8\/2025\/01\/AI-In-Telco-Banner-2880x1900px.jpg\",\"datePublished\":\"2024-07-31T10:41:00+00:00\",\"dateModified\":\"2026-01-22T07:46:53+00:00\",\"breadcrumb\":{\"@id\":\"https:\/\/www.capgemini.com\/de-de\/solutions\/ki-in-telekommunikation\/#breadcrumb\"},\"inLanguage\":\"de-DE\",\"potentialAction\":[{\"@type\":\"ReadAction\",\"target\":[\"https:\/\/www.capgemini.com\/de-de\/solutions\/ki-in-telekommunikation\/\"]}]},{\"@type\":\"ImageObject\",\"inLanguage\":\"de-DE\",\"@id\":\"https:\/\/www.capgemini.com\/de-de\/solutions\/ki-in-telekommunikation\/#primaryimage\",\"url\":\"https:\/\/www.capgemini.com\/de-de\/wp-content\/uploads\/sites\/8\/2025\/01\/AI-In-Telco-Banner-2880x1900px.jpg\",\"contentUrl\":\"https:\/\/www.capgemini.com\/de-de\/wp-content\/uploads\/sites\/8\/2025\/01\/AI-In-Telco-Banner-2880x1900px.jpg\",\"width\":2880,\"height\":1900},{\"@type\":\"BreadcrumbList\",\"@id\":\"https:\/\/www.capgemini.com\/de-de\/solutions\/ki-in-telekommunikation\/#breadcrumb\",\"itemListElement\":[{\"@type\":\"ListItem\",\"position\":1,\"name\":\"Solutions\",\"item\":\"https:\/\/www.capgemini.com\/de-de\/solutions\/\"},{\"@type\":\"ListItem\",\"position\":2,\"name\":\"KI in Telekommunikation\"}]},{\"@type\":\"WebSite\",\"@id\":\"https:\/\/www.capgemini.com\/de-de\/#website\",\"url\":\"https:\/\/www.capgemini.com\/de-de\/\",\"name\":\"Capgemini Deutschland\",\"description\":\"Make it real\",\"potentialAction\":[{\"@type\":\"SearchAction\",\"target\":{\"@type\":\"EntryPoint\",\"urlTemplate\":\"https:\/\/www.capgemini.com\/de-de\/?s={search_term_string}\"},\"query-input\":\"required name=search_term_string\"}],\"inLanguage\":\"de-DE\"}]}<\/script>\n<!-- \/ Yoast SEO Premium plugin. -->","yoast_head_json":{"title":"KI in Telekommunikation - Capgemini","robots":{"index":"index","follow":"follow","max-snippet":"max-snippet:-1","max-image-preview":"max-image-preview:large","max-video-preview":"max-video-preview:-1"},"canonical":"https:\/\/www.capgemini.com\/de-de\/solutions\/ki-in-telekommunikation\/","og_locale":"de_DE","og_type":"article","og_title":"KI in Telekommunikation - Capgemini","og_url":"https:\/\/www.capgemini.com\/de-de\/solutions\/ki-in-telekommunikation\/","og_site_name":"Capgemini","article_modified_time":"2026-01-22T07:46:53+00:00","og_image":[{"width":1200,"height":627,"url":"https:\/\/www.capgemini.com\/de-de\/wp-content\/uploads\/sites\/8\/2025\/10\/New-Web-preview-global.jpg","type":"image\/jpeg"}],"twitter_card":"summary_large_image","twitter_misc":{"Est. reading time":"3 minutes"},"schema":{"@context":"https:\/\/schema.org","@graph":[{"@type":"WebPage","@id":"https:\/\/www.capgemini.com\/de-de\/solutions\/ki-in-telekommunikation\/","url":"https:\/\/www.capgemini.com\/de-de\/solutions\/ki-in-telekommunikation\/","name":"KI in Telekommunikation - Capgemini","isPartOf":{"@id":"https:\/\/www.capgemini.com\/de-de\/#website"},"primaryImageOfPage":{"@id":"https:\/\/www.capgemini.com\/de-de\/solutions\/ki-in-telekommunikation\/#primaryimage"},"image":{"@id":"https:\/\/www.capgemini.com\/de-de\/solutions\/ki-in-telekommunikation\/#primaryimage"},"thumbnailUrl":"https:\/\/www.capgemini.com\/de-de\/wp-content\/uploads\/sites\/8\/2025\/01\/AI-In-Telco-Banner-2880x1900px.jpg","datePublished":"2024-07-31T10:41:00+00:00","dateModified":"2026-01-22T07:46:53+00:00","breadcrumb":{"@id":"https:\/\/www.capgemini.com\/de-de\/solutions\/ki-in-telekommunikation\/#breadcrumb"},"inLanguage":"de-DE","potentialAction":[{"@type":"ReadAction","target":["https:\/\/www.capgemini.com\/de-de\/solutions\/ki-in-telekommunikation\/"]}]},{"@type":"ImageObject","inLanguage":"de-DE","@id":"https:\/\/www.capgemini.com\/de-de\/solutions\/ki-in-telekommunikation\/#primaryimage","url":"https:\/\/www.capgemini.com\/de-de\/wp-content\/uploads\/sites\/8\/2025\/01\/AI-In-Telco-Banner-2880x1900px.jpg","contentUrl":"https:\/\/www.capgemini.com\/de-de\/wp-content\/uploads\/sites\/8\/2025\/01\/AI-In-Telco-Banner-2880x1900px.jpg","width":2880,"height":1900},{"@type":"BreadcrumbList","@id":"https:\/\/www.capgemini.com\/de-de\/solutions\/ki-in-telekommunikation\/#breadcrumb","itemListElement":[{"@type":"ListItem","position":1,"name":"Solutions","item":"https:\/\/www.capgemini.com\/de-de\/solutions\/"},{"@type":"ListItem","position":2,"name":"KI in Telekommunikation"}]},{"@type":"WebSite","@id":"https:\/\/www.capgemini.com\/de-de\/#website","url":"https:\/\/www.capgemini.com\/de-de\/","name":"Capgemini Deutschland","description":"Make it real","potentialAction":[{"@type":"SearchAction","target":{"@type":"EntryPoint","urlTemplate":"https:\/\/www.capgemini.com\/de-de\/?s={search_term_string}"},"query-input":"required name=search_term_string"}],"inLanguage":"de-DE"}]}},"brand_term":[],"parsely":{"version":"1.1.0","canonical_url":"https:\/\/capgemini.com\/de-de\/solutions\/ki-in-telekommunikation\/","smart_links":{"inbound":0,"outbound":0},"traffic_boost_suggestions_count":0,"meta":{"@context":"https:\/\/schema.org","@type":"WebPage","headline":"KI in Telekommunikation","url":"http:\/\/www.capgemini.com\/de-de\/solutions\/ki-in-telekommunikation\/","mainEntityOfPage":{"@type":"WebPage","@id":"http:\/\/www.capgemini.com\/de-de\/solutions\/ki-in-telekommunikation\/"},"thumbnailUrl":"https:\/\/www.capgemini.com\/de-de\/wp-content\/uploads\/sites\/8\/2025\/01\/AI-In-Telco-Banner-2880x1900px.jpg?w=150&h=150&crop=1","image":{"@type":"ImageObject","url":"https:\/\/www.capgemini.com\/de-de\/wp-content\/uploads\/sites\/8\/2025\/01\/AI-In-Telco-Banner-2880x1900px.jpg"},"articleSection":"Uncategorized","author":[],"creator":[],"publisher":{"@type":"Organization","name":"Capgemini","logo":""},"keywords":[],"dateCreated":"2024-07-31T10:41:00Z","datePublished":"2024-07-31T10:41:00Z","dateModified":"2026-01-22T07:46:53Z"},"rendered":"<script type=\"application\/ld+json\" class=\"wp-parsely-metadata\">{\"@context\":\"https:\\\/\\\/schema.org\",\"@type\":\"WebPage\",\"headline\":\"KI in Telekommunikation\",\"url\":\"http:\\\/\\\/www.capgemini.com\\\/de-de\\\/solutions\\\/ki-in-telekommunikation\\\/\",\"mainEntityOfPage\":{\"@type\":\"WebPage\",\"@id\":\"http:\\\/\\\/www.capgemini.com\\\/de-de\\\/solutions\\\/ki-in-telekommunikation\\\/\"},\"thumbnailUrl\":\"https:\\\/\\\/www.capgemini.com\\\/de-de\\\/wp-content\\\/uploads\\\/sites\\\/8\\\/2025\\\/01\\\/AI-In-Telco-Banner-2880x1900px.jpg?w=150&h=150&crop=1\",\"image\":{\"@type\":\"ImageObject\",\"url\":\"https:\\\/\\\/www.capgemini.com\\\/de-de\\\/wp-content\\\/uploads\\\/sites\\\/8\\\/2025\\\/01\\\/AI-In-Telco-Banner-2880x1900px.jpg\"},\"articleSection\":\"Uncategorized\",\"author\":[],\"creator\":[],\"publisher\":{\"@type\":\"Organization\",\"name\":\"Capgemini\",\"logo\":\"\"},\"keywords\":[],\"dateCreated\":\"2024-07-31T10:41:00Z\",\"datePublished\":\"2024-07-31T10:41:00Z\",\"dateModified\":\"2026-01-22T07:46:53Z\"}<\/script>","tracker_url":"https:\/\/cdn.parsely.com\/keys\/capgemini.com\/p.js"},"archive_status":false,"featured_image_src":"https:\/\/www.capgemini.com\/de-de\/wp-content\/uploads\/sites\/8\/2025\/01\/AI-In-Telco-Banner-2880x1900px.jpg","featured_image_alt":"","jetpack_sharing_enabled":true,"distributor_meta":false,"distributor_terms":false,"distributor_media":false,"distributor_original_site_name":"Capgemini","distributor_original_site_url":"https:\/\/www.capgemini.com\/de-de","push-errors":false,"_links":{"self":[{"href":"https:\/\/www.capgemini.com\/de-de\/wp-json\/wp\/v2\/pages\/863949","targetHints":{"allow":["GET"]}}],"collection":[{"href":"https:\/\/www.capgemini.com\/de-de\/wp-json\/wp\/v2\/pages"}],"about":[{"href":"https:\/\/www.capgemini.com\/de-de\/wp-json\/wp\/v2\/types\/page"}],"author":[{"embeddable":true,"href":"https:\/\/www.capgemini.com\/de-de\/wp-json\/wp\/v2\/users\/41"}],"replies":[{"embeddable":true,"href":"https:\/\/www.capgemini.com\/de-de\/wp-json\/wp\/v2\/comments?post=863949"}],"version-history":[{"count":2,"href":"https:\/\/www.capgemini.com\/de-de\/wp-json\/wp\/v2\/pages\/863949\/revisions"}],"predecessor-version":[{"id":872191,"href":"https:\/\/www.capgemini.com\/de-de\/wp-json\/wp\/v2\/pages\/863949\/revisions\/872191"}],"up":[{"embeddable":true,"href":"https:\/\/www.capgemini.com\/de-de\/wp-json\/wp\/v2\/pages\/743171"}],"wp:featuredmedia":[{"embeddable":true,"href":"https:\/\/www.capgemini.com\/de-de\/wp-json\/wp\/v2\/media\/872190"}],"wp:attachment":[{"href":"https:\/\/www.capgemini.com\/de-de\/wp-json\/wp\/v2\/media?parent=863949"}],"wp:term":[{"taxonomy":"brand","embeddable":true,"href":"https:\/\/www.capgemini.com\/de-de\/wp-json\/wp\/v2\/brand?post=863949"},{"taxonomy":"partner_type","embeddable":true,"href":"https:\/\/www.capgemini.com\/de-de\/wp-json\/wp\/v2\/partner_type?post=863949"},{"taxonomy":"service","embeddable":true,"href":"https:\/\/www.capgemini.com\/de-de\/wp-json\/wp\/v2\/service?post=863949"},{"taxonomy":"industry","embeddable":true,"href":"https:\/\/www.capgemini.com\/de-de\/wp-json\/wp\/v2\/industry?post=863949"},{"taxonomy":"partners","embeddable":true,"href":"https:\/\/www.capgemini.com\/de-de\/wp-json\/wp\/v2\/partners?post=863949"},{"taxonomy":"page-type","embeddable":true,"href":"https:\/\/www.capgemini.com\/de-de\/wp-json\/wp\/v2\/page-type?post=863949"},{"taxonomy":"content-group","embeddable":true,"href":"https:\/\/www.capgemini.com\/de-de\/wp-json\/wp\/v2\/content-group?post=863949"}],"curies":[{"name":"wp","href":"https:\/\/api.w.org\/{rel}","templated":true}]}}