{"id":863945,"date":"2024-07-31T10:31:18","date_gmt":"2024-07-31T10:31:18","guid":{"rendered":"https:\/\/www.capgemini.com\/de-de\/?page_id=863945"},"modified":"2026-01-22T07:46:53","modified_gmt":"2026-01-22T07:46:53","slug":"fibre-roll-out","status":"publish","type":"page","link":"https:\/\/www.capgemini.com\/de-de\/solutions\/fibre-roll-out\/","title":{"rendered":"Fibre Roll Out"},"content":{"rendered":"\n<header class=\"wp-block-cg-blocks-hero-reusable header heroReusable  \"><div class=\"header-bgs\"><picture><source srcset=\"https:\/\/www.capgemini.com\/de-de\/wp-content\/uploads\/sites\/8\/2025\/01\/Fiber-Roll-Out-Banner-2880x1900px.jpg?w=2880&amp;quality=70 1x, https:\/\/www.capgemini.com\/de-de\/wp-content\/uploads\/sites\/8\/2025\/01\/Fiber-Roll-Out-Banner-2880x1900px.jpg?w=2880&amp;quality=70 2x\" media=\"(min-width: 1500px)\"\/><source srcset=\"https:\/\/www.capgemini.com\/de-de\/wp-content\/uploads\/sites\/8\/2025\/01\/Fiber-Roll-Out-Banner-2880x1900px.jpg?w=1440&amp;quality=70 1x, https:\/\/www.capgemini.com\/de-de\/wp-content\/uploads\/sites\/8\/2025\/01\/Fiber-Roll-Out-Banner-2880x1900px.jpg?w=2880&amp;quality=70 2x\" media=\"(min-width: 992px)\"\/><source srcset=\"https:\/\/www.capgemini.com\/de-de\/wp-content\/uploads\/sites\/8\/2025\/01\/Fiber-Roll-Out-Banner-2880x1900px.jpg?w=1024&amp;quality=70 1x, https:\/\/www.capgemini.com\/de-de\/wp-content\/uploads\/sites\/8\/2025\/01\/Fiber-Roll-Out-Banner-2880x1900px.jpg?w=1024&amp;quality=70 2x\" media=\"(min-width: 768px)\"\/><source srcset=\"https:\/\/www.capgemini.com\/de-de\/wp-content\/uploads\/sites\/8\/2025\/01\/Fiber-Roll-Out-Banner-2880x1900px.jpg?w=768&amp;quality=70 1x, https:\/\/www.capgemini.com\/de-de\/wp-content\/uploads\/sites\/8\/2025\/01\/Fiber-Roll-Out-Banner-2880x1900px.jpg?w=768&amp;quality=70 2x\" media=\"(min-width: 0)\"\/><img decoding=\"async\" src=\"https:\/\/www.capgemini.com\/de-de\/wp-content\/uploads\/sites\/8\/2025\/01\/Fiber-Roll-Out-Banner-2880x1900px.jpg\" class=\"header-img header-img-d\" alt=\"\" style=\"object-fit:cover;object-position:55.00000000000001% 70%\" loading=\"eager\"\/><\/picture><\/div><div class=\"heroPictureCardHeaderShape\"><\/div><div class=\"container\"><div class=\"row\"><div class=\"col-md-12\"><div class=\"box\"><div class=\"boxTagWrapper\"><div class=\"tagInfo\"><\/div><\/div><div class=\"box-title\"><h1 data-maxlength=\"34\">Fibre Roll Out<\/h1><\/div><div class=\"inner-row-insight download-btn\"><\/div><\/div><\/div><\/div><\/div><\/header>\n\n\n\n<section class=\"wp-block-cg-blocks-group undefined section section--article-content\"><div class=\"article-main-content\"><div class=\"container\"><div class=\"row\"><div class=\"col-12 col-md-11 col-lg-10 offset-md-1 offset-lg-1\"><div class=\"article-text article-quote-text\">\n<p>Glasfaser stellt einen wesentlichen Bestandteil der Telekommunikationsinfrastruktur auf dem deutschen Markt dar. Die gro\u00dfen Telekommunikationsanbieter erkennen die entscheidende Rolle der Glasfaser bei der Weiterentwicklung von Technologien wie 5G und FTTH an, um die wachsende Nachfrage nach zuverl\u00e4ssigen Hochgeschwindigkeitsverbindungen in Deutschland zu decken. Infolgedessen ist ein signifikanter Trend bei gro\u00dfen Telekommunikationsbetreibern erkennbar, die stark in den Ausbau ihrer Glasfaserinfrastruktur investieren.&nbsp;<\/p>\n\n\n\n<p>Capgemini verf\u00fcgt \u00fcber eine nachgewiesene Erfolgsbilanz bei der Bereitstellung spezialisierter L\u00f6sungen, die es Betreibern erm\u00f6glichen, schnell eine neue Serviceplattform f\u00fcr die Planung, den Verkauf und die Installation von Glasfaseranschl\u00fcssen einzuf\u00fchren. Unsere L\u00f6sungen basieren auf Multi-Tenant-, Open-Source- und Cloud-nativen Plattformen mit einer zugrunde liegenden TMForum-konformen API-first-Architektur. Diese gew\u00e4hrleistet eine schnelle Einf\u00fchrung und eine hervorragende Kundenerfahrung.<\/p>\n\n\n\n<h3 class=\"wp-block-heading\" id=\"h-unsere-leistungen-umfassen\">Unsere Leistungen umfassen:<\/h3>\n\n\n\n<ul class=\"wp-block-list\">\n<li><strong>Agile IT Infrastruktur&nbsp;&#8211; <\/strong>Die Schaffung einer cloud-nativen, auf TMForum Open API basierenden IT-Infrastruktur, die in Rekordzeit eingef\u00fchrt werden kann, gekoppelt mit SAFe, DevOps und einem MVP-Ansatz, f\u00fchrt zu einer h\u00f6heren Liefergeschwindigkeit.&nbsp;<\/li>\n<\/ul>\n\n\n\n<ul class=\"wp-block-list\">\n<li><strong>Digitalisierte Abl\u00e4ufe&nbsp;&#8211; <\/strong>Durch einen neu gestalteten und vollst\u00e4ndig digitalisierten Prozess k\u00f6nnen wir den Zeitaufwand f\u00fcr Bestellung und Installation erheblich reduzieren und somit die Kundenerfahrung verbessern.&nbsp;<\/li>\n<\/ul>\n\n\n\n<ul class=\"wp-block-list\">\n<li><strong>Operationen im \u00d6kosystem&nbsp;&#8211; <\/strong>Ein komplexes Netzwerk von Stakeholdern wird in schlanken Prozessen integriert. Dazu geh\u00f6ren der Endkunde, der Telekommunikationsbetreiber, die Konstruktionsteams und die lokalen Beh\u00f6rden.&nbsp;<\/li>\n<\/ul>\n<\/div><\/div><\/div><\/div><\/div><\/section>\n","protected":false},"excerpt":{"rendered":"","protected":false},"author":41,"featured_media":872182,"parent":743171,"menu_order":0,"comment_status":"closed","ping_status":"closed","template":"","meta":{"cg_dt_proposed_to":[],"cg_seo_hreflang_relations":"[]","cg_seo_canonical_relation":"{\"uuid\":\"0d54255c-a3e8-4f0e-ba29-7d2e19012744\",\"blogId\":\"\",\"domain\":\"\",\"sitePath\":\"\",\"postLink\":\"\",\"postId\":null,\"isSaved\":true,\"isCrossLink\":false,\"hasCrossLink\":false}","cg_seo_hreflang_x_default_relation":"{\"uuid\":\"2df7c730-192f-40f9-bcad-980ee66b3d68\",\"blogId\":\"\",\"domain\":\"\",\"sitePath\":\"\",\"postLink\":\"\",\"postId\":null,\"isSaved\":true,\"isCrossLink\":false,\"hasCrossLink\":false}","cg_dt_approved_content":true,"cg_dt_mandatory_content":false,"cg_dt_notes":"","cg_dg_source_changed":false,"cg_dt_link_disabled":false,"_yoast_wpseo_primary_brand":"","footnotes":"","featured_focal_points":"","partner_card_description":"","gsap_animation":0},"brand":[],"partner_type":[],"service":[],"industry":[],"partners":[],"page-type":[],"content-group":[],"class_list":["post-863945","page","type-page","status-publish","has-post-thumbnail","hentry"],"yoast_head":"<!-- This site is optimized with the Yoast SEO Premium plugin v22.8 (Yoast SEO v22.8) - https:\/\/yoast.com\/wordpress\/plugins\/seo\/ -->\n<title>Fibre Roll Out - Capgemini<\/title>\n<meta name=\"robots\" content=\"index, follow, max-snippet:-1, max-image-preview:large, max-video-preview:-1\" \/>\n<link rel=\"canonical\" href=\"https:\/\/www.capgemini.com\/de-de\/solutions\/fibre-roll-out\/\" \/>\n<meta property=\"og:locale\" content=\"de_DE\" \/>\n<meta property=\"og:type\" content=\"article\" \/>\n<meta property=\"og:title\" content=\"Fibre Roll Out - Capgemini\" \/>\n<meta property=\"og:url\" content=\"https:\/\/www.capgemini.com\/de-de\/solutions\/fibre-roll-out\/\" \/>\n<meta property=\"og:site_name\" content=\"Capgemini\" \/>\n<meta property=\"article:modified_time\" content=\"2026-01-22T07:46:53+00:00\" \/>\n<meta property=\"og:image\" content=\"https:\/\/www.capgemini.com\/de-de\/wp-content\/uploads\/sites\/8\/2025\/01\/Fiber-Roll-Out-Banner-2880x1900px.jpg\" \/>\n\t<meta property=\"og:image:width\" content=\"2880\" \/>\n\t<meta property=\"og:image:height\" content=\"1900\" \/>\n\t<meta property=\"og:image:type\" content=\"image\/jpeg\" \/>\n<meta name=\"twitter:card\" content=\"summary_large_image\" \/>\n<meta name=\"twitter:label1\" content=\"Est. reading time\" \/>\n\t<meta name=\"twitter:data1\" content=\"2 minutes\" \/>\n<script type=\"application\/ld+json\" class=\"yoast-schema-graph\">{\"@context\":\"https:\/\/schema.org\",\"@graph\":[{\"@type\":\"WebPage\",\"@id\":\"https:\/\/www.capgemini.com\/de-de\/solutions\/fibre-roll-out\/\",\"url\":\"https:\/\/www.capgemini.com\/de-de\/solutions\/fibre-roll-out\/\",\"name\":\"Fibre Roll Out - Capgemini\",\"isPartOf\":{\"@id\":\"https:\/\/www.capgemini.com\/de-de\/#website\"},\"primaryImageOfPage\":{\"@id\":\"https:\/\/www.capgemini.com\/de-de\/solutions\/fibre-roll-out\/#primaryimage\"},\"image\":{\"@id\":\"https:\/\/www.capgemini.com\/de-de\/solutions\/fibre-roll-out\/#primaryimage\"},\"thumbnailUrl\":\"https:\/\/www.capgemini.com\/de-de\/wp-content\/uploads\/sites\/8\/2025\/01\/Fiber-Roll-Out-Banner-2880x1900px.jpg\",\"datePublished\":\"2024-07-31T10:31:18+00:00\",\"dateModified\":\"2026-01-22T07:46:53+00:00\",\"breadcrumb\":{\"@id\":\"https:\/\/www.capgemini.com\/de-de\/solutions\/fibre-roll-out\/#breadcrumb\"},\"inLanguage\":\"de-DE\",\"potentialAction\":[{\"@type\":\"ReadAction\",\"target\":[\"https:\/\/www.capgemini.com\/de-de\/solutions\/fibre-roll-out\/\"]}]},{\"@type\":\"ImageObject\",\"inLanguage\":\"de-DE\",\"@id\":\"https:\/\/www.capgemini.com\/de-de\/solutions\/fibre-roll-out\/#primaryimage\",\"url\":\"https:\/\/www.capgemini.com\/de-de\/wp-content\/uploads\/sites\/8\/2025\/01\/Fiber-Roll-Out-Banner-2880x1900px.jpg\",\"contentUrl\":\"https:\/\/www.capgemini.com\/de-de\/wp-content\/uploads\/sites\/8\/2025\/01\/Fiber-Roll-Out-Banner-2880x1900px.jpg\",\"width\":2880,\"height\":1900},{\"@type\":\"BreadcrumbList\",\"@id\":\"https:\/\/www.capgemini.com\/de-de\/solutions\/fibre-roll-out\/#breadcrumb\",\"itemListElement\":[{\"@type\":\"ListItem\",\"position\":1,\"name\":\"Solutions\",\"item\":\"https:\/\/www.capgemini.com\/de-de\/solutions\/\"},{\"@type\":\"ListItem\",\"position\":2,\"name\":\"Fibre Roll Out\"}]},{\"@type\":\"WebSite\",\"@id\":\"https:\/\/www.capgemini.com\/de-de\/#website\",\"url\":\"https:\/\/www.capgemini.com\/de-de\/\",\"name\":\"Capgemini Deutschland\",\"description\":\"Make it real\",\"potentialAction\":[{\"@type\":\"SearchAction\",\"target\":{\"@type\":\"EntryPoint\",\"urlTemplate\":\"https:\/\/www.capgemini.com\/de-de\/?s={search_term_string}\"},\"query-input\":\"required name=search_term_string\"}],\"inLanguage\":\"de-DE\"}]}<\/script>\n<!-- \/ Yoast SEO Premium plugin. -->","yoast_head_json":{"title":"Fibre Roll Out - Capgemini","robots":{"index":"index","follow":"follow","max-snippet":"max-snippet:-1","max-image-preview":"max-image-preview:large","max-video-preview":"max-video-preview:-1"},"canonical":"https:\/\/www.capgemini.com\/de-de\/solutions\/fibre-roll-out\/","og_locale":"de_DE","og_type":"article","og_title":"Fibre Roll Out - Capgemini","og_url":"https:\/\/www.capgemini.com\/de-de\/solutions\/fibre-roll-out\/","og_site_name":"Capgemini","article_modified_time":"2026-01-22T07:46:53+00:00","og_image":[{"width":2880,"height":1900,"url":"https:\/\/www.capgemini.com\/de-de\/wp-content\/uploads\/sites\/8\/2025\/01\/Fiber-Roll-Out-Banner-2880x1900px.jpg","type":"image\/jpeg"}],"twitter_card":"summary_large_image","twitter_misc":{"Est. reading time":"2 minutes"},"schema":{"@context":"https:\/\/schema.org","@graph":[{"@type":"WebPage","@id":"https:\/\/www.capgemini.com\/de-de\/solutions\/fibre-roll-out\/","url":"https:\/\/www.capgemini.com\/de-de\/solutions\/fibre-roll-out\/","name":"Fibre Roll Out - Capgemini","isPartOf":{"@id":"https:\/\/www.capgemini.com\/de-de\/#website"},"primaryImageOfPage":{"@id":"https:\/\/www.capgemini.com\/de-de\/solutions\/fibre-roll-out\/#primaryimage"},"image":{"@id":"https:\/\/www.capgemini.com\/de-de\/solutions\/fibre-roll-out\/#primaryimage"},"thumbnailUrl":"https:\/\/www.capgemini.com\/de-de\/wp-content\/uploads\/sites\/8\/2025\/01\/Fiber-Roll-Out-Banner-2880x1900px.jpg","datePublished":"2024-07-31T10:31:18+00:00","dateModified":"2026-01-22T07:46:53+00:00","breadcrumb":{"@id":"https:\/\/www.capgemini.com\/de-de\/solutions\/fibre-roll-out\/#breadcrumb"},"inLanguage":"de-DE","potentialAction":[{"@type":"ReadAction","target":["https:\/\/www.capgemini.com\/de-de\/solutions\/fibre-roll-out\/"]}]},{"@type":"ImageObject","inLanguage":"de-DE","@id":"https:\/\/www.capgemini.com\/de-de\/solutions\/fibre-roll-out\/#primaryimage","url":"https:\/\/www.capgemini.com\/de-de\/wp-content\/uploads\/sites\/8\/2025\/01\/Fiber-Roll-Out-Banner-2880x1900px.jpg","contentUrl":"https:\/\/www.capgemini.com\/de-de\/wp-content\/uploads\/sites\/8\/2025\/01\/Fiber-Roll-Out-Banner-2880x1900px.jpg","width":2880,"height":1900},{"@type":"BreadcrumbList","@id":"https:\/\/www.capgemini.com\/de-de\/solutions\/fibre-roll-out\/#breadcrumb","itemListElement":[{"@type":"ListItem","position":1,"name":"Solutions","item":"https:\/\/www.capgemini.com\/de-de\/solutions\/"},{"@type":"ListItem","position":2,"name":"Fibre Roll Out"}]},{"@type":"WebSite","@id":"https:\/\/www.capgemini.com\/de-de\/#website","url":"https:\/\/www.capgemini.com\/de-de\/","name":"Capgemini Deutschland","description":"Make it real","potentialAction":[{"@type":"SearchAction","target":{"@type":"EntryPoint","urlTemplate":"https:\/\/www.capgemini.com\/de-de\/?s={search_term_string}"},"query-input":"required name=search_term_string"}],"inLanguage":"de-DE"}]}},"brand_term":[],"parsely":{"version":"1.1.0","canonical_url":"https:\/\/capgemini.com\/de-de\/solutions\/fibre-roll-out\/","smart_links":{"inbound":0,"outbound":0},"traffic_boost_suggestions_count":0,"meta":{"@context":"https:\/\/schema.org","@type":"WebPage","headline":"Fibre Roll Out","url":"http:\/\/www.capgemini.com\/de-de\/solutions\/fibre-roll-out\/","mainEntityOfPage":{"@type":"WebPage","@id":"http:\/\/www.capgemini.com\/de-de\/solutions\/fibre-roll-out\/"},"thumbnailUrl":"https:\/\/www.capgemini.com\/de-de\/wp-content\/uploads\/sites\/8\/2025\/01\/Fiber-Roll-Out-Banner-2880x1900px.jpg?w=150&h=150&crop=1","image":{"@type":"ImageObject","url":"https:\/\/www.capgemini.com\/de-de\/wp-content\/uploads\/sites\/8\/2025\/01\/Fiber-Roll-Out-Banner-2880x1900px.jpg"},"articleSection":"Uncategorized","author":[],"creator":[],"publisher":{"@type":"Organization","name":"Capgemini","logo":""},"keywords":[],"dateCreated":"2024-07-31T10:31:18Z","datePublished":"2024-07-31T10:31:18Z","dateModified":"2026-01-22T07:46:53Z"},"rendered":"<script type=\"application\/ld+json\" class=\"wp-parsely-metadata\">{\"@context\":\"https:\\\/\\\/schema.org\",\"@type\":\"WebPage\",\"headline\":\"Fibre Roll Out\",\"url\":\"http:\\\/\\\/www.capgemini.com\\\/de-de\\\/solutions\\\/fibre-roll-out\\\/\",\"mainEntityOfPage\":{\"@type\":\"WebPage\",\"@id\":\"http:\\\/\\\/www.capgemini.com\\\/de-de\\\/solutions\\\/fibre-roll-out\\\/\"},\"thumbnailUrl\":\"https:\\\/\\\/www.capgemini.com\\\/de-de\\\/wp-content\\\/uploads\\\/sites\\\/8\\\/2025\\\/01\\\/Fiber-Roll-Out-Banner-2880x1900px.jpg?w=150&h=150&crop=1\",\"image\":{\"@type\":\"ImageObject\",\"url\":\"https:\\\/\\\/www.capgemini.com\\\/de-de\\\/wp-content\\\/uploads\\\/sites\\\/8\\\/2025\\\/01\\\/Fiber-Roll-Out-Banner-2880x1900px.jpg\"},\"articleSection\":\"Uncategorized\",\"author\":[],\"creator\":[],\"publisher\":{\"@type\":\"Organization\",\"name\":\"Capgemini\",\"logo\":\"\"},\"keywords\":[],\"dateCreated\":\"2024-07-31T10:31:18Z\",\"datePublished\":\"2024-07-31T10:31:18Z\",\"dateModified\":\"2026-01-22T07:46:53Z\"}<\/script>","tracker_url":"https:\/\/cdn.parsely.com\/keys\/capgemini.com\/p.js"},"archive_status":false,"featured_image_src":"https:\/\/www.capgemini.com\/de-de\/wp-content\/uploads\/sites\/8\/2025\/01\/Fiber-Roll-Out-Banner-2880x1900px.jpg","featured_image_alt":"","jetpack_sharing_enabled":true,"distributor_meta":false,"distributor_terms":false,"distributor_media":false,"distributor_original_site_name":"Capgemini","distributor_original_site_url":"https:\/\/www.capgemini.com\/de-de","push-errors":false,"_links":{"self":[{"href":"https:\/\/www.capgemini.com\/de-de\/wp-json\/wp\/v2\/pages\/863945","targetHints":{"allow":["GET"]}}],"collection":[{"href":"https:\/\/www.capgemini.com\/de-de\/wp-json\/wp\/v2\/pages"}],"about":[{"href":"https:\/\/www.capgemini.com\/de-de\/wp-json\/wp\/v2\/types\/page"}],"author":[{"embeddable":true,"href":"https:\/\/www.capgemini.com\/de-de\/wp-json\/wp\/v2\/users\/41"}],"replies":[{"embeddable":true,"href":"https:\/\/www.capgemini.com\/de-de\/wp-json\/wp\/v2\/comments?post=863945"}],"version-history":[{"count":2,"href":"https:\/\/www.capgemini.com\/de-de\/wp-json\/wp\/v2\/pages\/863945\/revisions"}],"predecessor-version":[{"id":872185,"href":"https:\/\/www.capgemini.com\/de-de\/wp-json\/wp\/v2\/pages\/863945\/revisions\/872185"}],"up":[{"embeddable":true,"href":"https:\/\/www.capgemini.com\/de-de\/wp-json\/wp\/v2\/pages\/743171"}],"wp:featuredmedia":[{"embeddable":true,"href":"https:\/\/www.capgemini.com\/de-de\/wp-json\/wp\/v2\/media\/872182"}],"wp:attachment":[{"href":"https:\/\/www.capgemini.com\/de-de\/wp-json\/wp\/v2\/media?parent=863945"}],"wp:term":[{"taxonomy":"brand","embeddable":true,"href":"https:\/\/www.capgemini.com\/de-de\/wp-json\/wp\/v2\/brand?post=863945"},{"taxonomy":"partner_type","embeddable":true,"href":"https:\/\/www.capgemini.com\/de-de\/wp-json\/wp\/v2\/partner_type?post=863945"},{"taxonomy":"service","embeddable":true,"href":"https:\/\/www.capgemini.com\/de-de\/wp-json\/wp\/v2\/service?post=863945"},{"taxonomy":"industry","embeddable":true,"href":"https:\/\/www.capgemini.com\/de-de\/wp-json\/wp\/v2\/industry?post=863945"},{"taxonomy":"partners","embeddable":true,"href":"https:\/\/www.capgemini.com\/de-de\/wp-json\/wp\/v2\/partners?post=863945"},{"taxonomy":"page-type","embeddable":true,"href":"https:\/\/www.capgemini.com\/de-de\/wp-json\/wp\/v2\/page-type?post=863945"},{"taxonomy":"content-group","embeddable":true,"href":"https:\/\/www.capgemini.com\/de-de\/wp-json\/wp\/v2\/content-group?post=863945"}],"curies":[{"name":"wp","href":"https:\/\/api.w.org\/{rel}","templated":true}]}}