{"id":859986,"date":"2024-06-03T13:28:41","date_gmt":"2024-06-03T13:28:41","guid":{"rendered":"https:\/\/www.capgemini.com\/de-de\/?page_id=859986&#038;preview_id=859986"},"modified":"2026-01-22T07:47:37","modified_gmt":"2026-01-22T07:47:37","slug":"digital-operational-resilience-act-dora","status":"publish","type":"page","link":"https:\/\/www.capgemini.com\/de-de\/solutions\/digital-operational-resilience-act-dora\/","title":{"rendered":"Digital Operational Resilience Act (DORA)"},"content":{"rendered":"\n<header class=\"wp-block-cg-blocks-hero-reusable header heroReusable  \"><div class=\"header-bgs\"><picture><source srcset=\"https:\/\/www.capgemini.com\/wp-content\/uploads\/2024\/01\/DORA-web-banner.jpg?w=2880&amp;quality=70 1x, https:\/\/www.capgemini.com\/wp-content\/uploads\/2024\/01\/DORA-web-banner.jpg?w=2880&amp;quality=70 2x\" media=\"(min-width: 1500px)\"\/><source srcset=\"https:\/\/www.capgemini.com\/wp-content\/uploads\/2024\/01\/DORA-web-banner.jpg?w=1440&amp;quality=70 1x, https:\/\/www.capgemini.com\/wp-content\/uploads\/2024\/01\/DORA-web-banner.jpg?w=2880&amp;quality=70 2x\" media=\"(min-width: 992px)\"\/><source srcset=\"https:\/\/www.capgemini.com\/wp-content\/uploads\/2024\/01\/DORA-web-banner.jpg?w=1024&amp;quality=70 1x, https:\/\/www.capgemini.com\/wp-content\/uploads\/2024\/01\/DORA-web-banner.jpg?w=1024&amp;quality=70 2x\" media=\"(min-width: 768px)\"\/><source srcset=\"https:\/\/www.capgemini.com\/wp-content\/uploads\/2024\/01\/DORA-web-banner.jpg?w=768&amp;quality=70 1x, https:\/\/www.capgemini.com\/wp-content\/uploads\/2024\/01\/DORA-web-banner.jpg?w=768&amp;quality=70 2x\" media=\"(min-width: 0)\"\/><img decoding=\"async\" src=\"https:\/\/www.capgemini.com\/wp-content\/uploads\/2024\/01\/DORA-web-banner.jpg\" class=\"header-img header-img-d\" alt=\"\" style=\"object-fit:cover;object-position:55.00000000000001% 30%\" loading=\"eager\"\/><\/picture><\/div><div class=\"heroPictureCardHeaderShape\"><\/div><div class=\"container\"><div class=\"row\"><div class=\"col-md-12\"><div class=\"box\"><div class=\"boxTagWrapper\"><div class=\"tagInfo\"><div><span class=\"box-tag\">Solution<\/span><\/div><\/div><\/div><div class=\"box-title\"><h1 data-maxlength=\"34\">Digital Operational Resilience Act (DORA)<\/h1><\/div><div class=\"inner-row-insight download-btn\"><div class=\"col-md-4 downloadFiles addPadding\"><a class=\"button-download--small\" type=\"download\" href=\"https:\/\/www.capgemini.com\/wp-content\/uploads\/2024\/02\/DORA_Brochure-V1.pdf\" target=\"_blank\" rel=\"noopener noreferrer\" title=\"In neuem Fenster \u00f6ffnen\"><span>Download Brochure\u00a0<\/span><span class=\"type\">697 KB  pdf<\/span><\/a><\/div><\/div><\/div><\/div><\/div><\/div><\/header>\n\n\n\n<section class=\"wp-block-cg-blocks-group undefined section section--article-content\"><div class=\"article-main-content\"><div class=\"container\"><div class=\"row\"><div class=\"col-12 col-md-1\"><nav class=\"article-social\"><ul class=\"social-nav\"><li class=\"ip-order-fb\"><a href=\"https:\/\/www.facebook.com\/sharer\/sharer.php?u=https:\/\/www.capgemini.com\/?page_id=985742&amp;preview_id=985742\" target=\"_blank\" rel=\"noopener noreferrer\" title=\"In neuem Fenster \u00f6ffnen\"><i aria-hidden=\"true\" class=\"icon-fb\"><\/i><span class=\"sr-only\">Facebook<\/span><\/a><\/li><li class=\"ip-order-tw\"><a href=\"https:\/\/twitter.com\/intent\/tweet?url=https:\/\/www.capgemini.com\/?page_id=985742&amp;preview_id=985742&amp;text=Digital%20Operational%20Resilience%20Act%20(DORA)\" target=\"_blank\" rel=\"noopener noreferrer\" title=\"In neuem Fenster \u00f6ffnen\"><i aria-hidden=\"true\" class=\"icon-tw\"><\/i><span class=\"sr-only\">Twitter<\/span><\/a><\/li><li class=\"ip-order-li\"><a href=\"https:\/\/www.linkedin.com\/shareArticle?url=https:\/\/www.capgemini.com\/?page_id=985742&amp;preview_id=985742&amp;text=Digital%20Operational%20Resilience%20Act%20(DORA)\" target=\"_blank\" rel=\"noopener noreferrer\" title=\"In neuem Fenster \u00f6ffnen\"><i aria-hidden=\"true\" class=\"icon-li\"><\/i><span class=\"sr-only\">Linkedin<\/span><\/a><\/li><\/ul><\/nav><\/div><div class=\"col-12 col-md-11 col-lg-10\"><div class=\"article-text article-quote-text\">\n<h3 class=\"wp-block-heading\" id=\"h-erhohen-sie-ihre-cyber-resilienz\">Erh\u00f6hen Sie Ihre Cyber-Resilienz<\/h3>\n\n\n\n<p>In einer Zeit, in der die digitale Transformation die Finanzlandschaft neu gestaltet, kann die Bedeutung der Cyber-Resilienz nicht hoch genug eingesch\u00e4tzt werden. Wir stellen Ihnen die Capgemini-L\u00f6sung \u201eDigital Operational Resilience Act (DORA)\u201d vor \u2013 einen umfassenden, hochautomatisierten und strategischen Ansatz, der Ihre Organisation gegen die sich st\u00e4ndig weiterentwickelnden Bedrohungen im digitalen Bereich wappnet. <\/p>\n\n\n\n<h4 class=\"wp-block-heading\" id=\"h-hauptmerkmale\">Hauptmerkmale<\/h4>\n\n\n\n<ol class=\"wp-block-list\">\n<li><strong>Bewertung des aktuellen Zustands:<\/strong><br>Wir setzen innovative automatisierte Methoden ein, um eine umfassende Bewertung des aktuellen Zustands durchzuf\u00fchren. Unsere ma\u00dfgeschneiderten Frageb\u00f6gen und ausf\u00fchrlichen Interviews erm\u00f6glichen es uns, Ihre Gesch\u00e4ftslandschaft, Prozesse, Vorschriften und Technologie-Assets gr\u00fcndlich zu bewerten. Was uns auszeichnet, ist unser Engagement f\u00fcr Innovation, das auf fortschrittlichen Analysen und Automatisierung beruht, um den Bewertungsprozess zu optimieren.<br><br>Dadurch k\u00f6nnen wir nicht nur eine sorgf\u00e4ltige Bewertung Ihres aktuellen Compliance-Reifegrads durchf\u00fchren, sondern auch entscheidende L\u00fccken effizient ermitteln, Ihre individuellen Herausforderungen verstehen und die Priorisierung von Abhilfema\u00dfnahmen in \u00dcbereinstimmung mit den DORA-Anforderungen effektiv vornehmen. Diese Strategie bildet die Grundlage f\u00fcr einen strategischen Fahrplan, der nicht nur die regulatorischen Standards erf\u00fcllt, sondern Ihr Unternehmen auch an die Spitze der digitalen betrieblichen Resilienz bringt.<\/li>\n\n\n\n<li><strong>Resilienz-Mapping und -Reporting:<\/strong><br>St\u00e4rken Sie Ihre Stakeholder mit detaillierten Erkenntnissen, detaillierten Berichten und Dashboards. Unsere L\u00f6sung hebt Details zu Initiativen, Investitionen, Risiken, externer Berichterstattung und Vorf\u00e4llen hervor. Dar\u00fcber hinaus erstellen wir automatisierte Resilienz\u00fcbersichten f\u00fcr proaktive Ma\u00dfnahmen, um eine zeitnahe Reaktion auf potenzielle Herausforderungen zu gew\u00e4hrleisten und die allgemeine Resilienz Ihrer Organisation zu verbessern.<\/li>\n\n\n\n<li><strong>Resilienz-Betriebsmodell:<\/strong><br>Verbessern Sie Ihre DORA-Compliance-Bereitschaft mit unserem umfassenden Resilienz-Cyber-Betriebsmodell. Unsere umfassende L\u00f6sung umfasst technische, operative und Governance-L\u00f6sungen sowie fortschrittliche Automatisierungstechnologien, die sicherstellen, dass Ihre Organisation auf Cyber-Herausforderungen vorbereitet ist, und eine beispiellose Effizienz und Anpassungsf\u00e4higkeit gew\u00e4hrleisten.<\/li>\n\n\n\n<li><strong>Risikobewertung durch Dritte:<\/strong><br>Sichern Sie Ihre Gesch\u00e4ftsbeziehungen mit Vertrauen. Unser Expertenteam f\u00fchrt eine gr\u00fcndliche Risikoprofilierung und -bewertung Ihrer Lieferanten und Anbieter durch, die sich auf Cyber-, Resilienz-, Finanz-, Compliance- und Sicherheitsrisiken erstreckt und dabei auf die besten automatisierten L\u00f6sungen zur\u00fcckgreift. Dar\u00fcber hinaus st\u00e4rkt unsere L\u00f6sung nicht nur die Sicherheit und Resilienz, sondern erleichtert auch die kontinuierliche Einhaltung von Vorschriften und schafft so ein robustes Rahmenwerk zum Schutz der Integrit\u00e4t Ihrer Gesch\u00e4ftsbeziehungen.<\/li>\n\n\n\n<li><strong>Austausch von Sicherheitsinformationen:<\/strong><br>Verbessern Sie die Prozesse zum Austausch von Sicherheitsdaten, indem Sie sich an Branchenstandards halten, bew\u00e4hrte Verfahren einbeziehen und auf globale Erfahrungen innerhalb vertrauensw\u00fcrdiger Gemeinschaften und Verwaltungsgremien zur\u00fcckgreifen. Unsere Dienstleistungen und L\u00f6sungen k\u00f6nnen Sie dabei unterst\u00fctzen, Ihre Informationslage zu strukturieren und zu sichern, sodass Sie in puncto Cybersicherheit weiterhin an vorderster Front stehen.<\/li>\n<\/ol>\n\n\n\n<h4 class=\"wp-block-heading\" id=\"h-vorteile\">Vorteile<\/h4>\n\n\n\n<ul class=\"wp-block-list\">\n<li><strong>Bew\u00e4hrte Prozesse und Methoden:<\/strong>: Implementieren Sie Governance-Frameworks, Richtlinien und Compliance-Programme mit bew\u00e4hrten Verfahren und automatisierten Tools. Einmal testen, viele Male einhalten.<\/li>\n\n\n\n<li><strong>Effiziente Berichterstattung f\u00fcr F\u00fchrungskr\u00e4fte:<\/strong> Vereinfachen Sie die Erstellung von Berichten f\u00fcr F\u00fchrungskr\u00e4fte. Wir liefern klare und umfassende Einblicke, um Ihren Cybersicherheitsstatus und Ihre Risikoposition m\u00fchelos zu kommunizieren.<\/li>\n\n\n\n<li><strong>Erreichen Sie DORA-Compliance: <\/strong>Kombinieren Sie DORA- und Finanzdienstleistungs-Know-how in einem integrierten, automatisierten Ansatz. Optimieren Sie die Compliance-Anforderungen f\u00fcr komplexe Finanzorganisationen effizient und effektiv.<\/li>\n\n\n\n<li><strong>Geringere Kosten f\u00fcr die DORA-Compliance:<\/strong> Senken Sie die Kosten f\u00fcr die Compliance, passen Sie sich m\u00fchelos an neue Anforderungen an und reduzieren Sie die betriebliche Belastung. Erleben Sie eine optimierte Compliance mit verbesserter Effizienz.<\/li>\n\n\n\n<li><strong>Kontinuierliche Unterst\u00fctzung bei der Einhaltung von Vorschriften: <\/strong>Mit unserer proaktiven Unterst\u00fctzung stellen Sie die fortlaufende Einhaltung von Vorschriften sicher, indem wir Sie durch sich ver\u00e4ndernde Umgebungen f\u00fchren und die Robustheit Ihrer Sicherheitsma\u00dfnahmen aufrechterhalten.<\/li>\n<\/ul>\n\n\n\n<h4 class=\"wp-block-heading\" id=\"h-warum-sollten-sie-sich-fur-die-dora-losung-von-capgemini-entscheiden\">Warum sollten Sie sich f\u00fcr die DORA-L\u00f6sung von Capgemini entscheiden?<\/h4>\n\n\n\n<ul class=\"wp-block-list\">\n<li><strong>Kundenorientierte Expertise: <\/strong>Wir legen Wert darauf, Ihre Bed\u00fcrfnisse zu verstehen, unsere F\u00e4higkeiten darauf abzustimmen, die Zusammenarbeit zu f\u00f6rdern und Erkenntnisse zu liefern.<\/li>\n\n\n\n<li><strong>Schneller Weg zur Compliance:<\/strong> Unser erstklassiges Angebot kombiniert technisches Fachwissen und kollaborative Methoden, die speziell darauf ausgelegt sind, Ihr Unternehmen proaktiv vor zuk\u00fcnftigen Cyber-Bedrohungen zu sch\u00fctzen.<\/li>\n<\/ul>\n\n\n\n<h4 class=\"wp-block-heading\" id=\"h-handeln-sie-jetzt\">Handeln Sie jetzt<\/h4>\n\n\n\n<p>Jetzt ist der entscheidende Moment f\u00fcr Finanzunternehmen, zu handeln. Die DORA-L\u00f6sung von Capgemini ist Ihr schneller Weg zur Compliance und Ihr Schutzschild gegen Cyber-Bedrohungen. Kontaktieren Sie uns, um Ihre Verteidigung zu st\u00e4rken und die Sicherheit Ihrer finanziellen Zukunft zu gew\u00e4hrleisten.<\/p>\n<\/div><\/div><\/div><\/div><\/div><\/section>\n","protected":false},"excerpt":{"rendered":"","protected":false},"author":257,"featured_media":859987,"parent":743171,"menu_order":0,"comment_status":"closed","ping_status":"closed","template":"","meta":{"cg_dt_proposed_to":[],"cg_seo_hreflang_relations":"[]","cg_seo_canonical_relation":"{\"uuid\":\"93bfb3bf-fe24-41aa-a59d-fbeb7e3e9b49\",\"blogId\":\"\",\"domain\":\"\",\"sitePath\":\"\",\"postLink\":\"\",\"postId\":null,\"isSaved\":true,\"isCrossLink\":false,\"hasCrossLink\":false}","cg_seo_hreflang_x_default_relation":"{\"uuid\":\"4e8bc402-5e33-4766-bad8-1710ccf623f6\",\"blogId\":\"\",\"domain\":\"\",\"sitePath\":\"\",\"postLink\":\"\",\"postId\":null,\"isSaved\":true,\"isCrossLink\":false,\"hasCrossLink\":false}","cg_dt_approved_content":true,"cg_dt_mandatory_content":false,"cg_dt_notes":"","cg_dg_source_changed":true,"cg_dt_link_disabled":false,"_yoast_wpseo_primary_brand":"","footnotes":"","featured_focal_points":"","partner_card_description":"","gsap_animation":0},"brand":[],"partner_type":[],"service":[47],"industry":[],"partners":[],"page-type":[287],"content-group":[],"class_list":["post-859986","page","type-page","status-publish","has-post-thumbnail","hentry","service-cybersecurity","page-type-solutions"],"yoast_head":"<!-- This site is optimized with the Yoast SEO Premium plugin v22.8 (Yoast SEO v22.8) - https:\/\/yoast.com\/wordpress\/plugins\/seo\/ -->\n<title>Digital Operational Resilience Act (DORA) - Capgemini<\/title>\n<meta name=\"robots\" content=\"index, follow, max-snippet:-1, max-image-preview:large, max-video-preview:-1\" \/>\n<link rel=\"canonical\" href=\"https:\/\/www.capgemini.com\/de-de\/solutions\/digital-operational-resilience-act-dora\/\" \/>\n<meta property=\"og:locale\" content=\"de_DE\" \/>\n<meta property=\"og:type\" content=\"article\" \/>\n<meta property=\"og:title\" content=\"Digital Operational Resilience Act (DORA) - Capgemini\" \/>\n<meta property=\"og:url\" content=\"https:\/\/www.capgemini.com\/de-de\/solutions\/digital-operational-resilience-act-dora\/\" \/>\n<meta property=\"og:site_name\" content=\"Capgemini\" \/>\n<meta property=\"article:modified_time\" content=\"2026-01-22T07:47:37+00:00\" \/>\n<meta property=\"og:image\" content=\"https:\/\/www.capgemini.com\/de-de\/wp-content\/uploads\/sites\/8\/2024\/06\/DORA-web-banner.jpg\" \/>\n\t<meta property=\"og:image:width\" content=\"2881\" \/>\n\t<meta property=\"og:image:height\" content=\"1801\" \/>\n\t<meta property=\"og:image:type\" content=\"image\/jpeg\" \/>\n<meta name=\"twitter:card\" content=\"summary_large_image\" \/>\n<meta name=\"twitter:label1\" content=\"Est. reading time\" \/>\n\t<meta name=\"twitter:data1\" content=\"1 minute\" \/>\n<script type=\"application\/ld+json\" class=\"yoast-schema-graph\">{\"@context\":\"https:\/\/schema.org\",\"@graph\":[{\"@type\":\"WebPage\",\"@id\":\"https:\/\/www.capgemini.com\/de-de\/solutions\/digital-operational-resilience-act-dora\/\",\"url\":\"https:\/\/www.capgemini.com\/de-de\/solutions\/digital-operational-resilience-act-dora\/\",\"name\":\"Digital Operational Resilience Act (DORA) - Capgemini\",\"isPartOf\":{\"@id\":\"https:\/\/www.capgemini.com\/de-de\/#website\"},\"primaryImageOfPage\":{\"@id\":\"https:\/\/www.capgemini.com\/de-de\/solutions\/digital-operational-resilience-act-dora\/#primaryimage\"},\"image\":{\"@id\":\"https:\/\/www.capgemini.com\/de-de\/solutions\/digital-operational-resilience-act-dora\/#primaryimage\"},\"thumbnailUrl\":\"https:\/\/www.capgemini.com\/de-de\/wp-content\/uploads\/sites\/8\/2024\/06\/DORA-web-banner.jpg\",\"datePublished\":\"2024-06-03T13:28:41+00:00\",\"dateModified\":\"2026-01-22T07:47:37+00:00\",\"breadcrumb\":{\"@id\":\"https:\/\/www.capgemini.com\/de-de\/solutions\/digital-operational-resilience-act-dora\/#breadcrumb\"},\"inLanguage\":\"de-DE\",\"potentialAction\":[{\"@type\":\"ReadAction\",\"target\":[\"https:\/\/www.capgemini.com\/de-de\/solutions\/digital-operational-resilience-act-dora\/\"]}]},{\"@type\":\"ImageObject\",\"inLanguage\":\"de-DE\",\"@id\":\"https:\/\/www.capgemini.com\/de-de\/solutions\/digital-operational-resilience-act-dora\/#primaryimage\",\"url\":\"https:\/\/www.capgemini.com\/de-de\/wp-content\/uploads\/sites\/8\/2024\/06\/DORA-web-banner.jpg\",\"contentUrl\":\"https:\/\/www.capgemini.com\/de-de\/wp-content\/uploads\/sites\/8\/2024\/06\/DORA-web-banner.jpg\",\"width\":2881,\"height\":1801},{\"@type\":\"BreadcrumbList\",\"@id\":\"https:\/\/www.capgemini.com\/de-de\/solutions\/digital-operational-resilience-act-dora\/#breadcrumb\",\"itemListElement\":[{\"@type\":\"ListItem\",\"position\":1,\"name\":\"Solutions\",\"item\":\"https:\/\/www.capgemini.com\/de-de\/solutions\/\"},{\"@type\":\"ListItem\",\"position\":2,\"name\":\"Digital Operational Resilience Act (DORA)\"}]},{\"@type\":\"WebSite\",\"@id\":\"https:\/\/www.capgemini.com\/de-de\/#website\",\"url\":\"https:\/\/www.capgemini.com\/de-de\/\",\"name\":\"Capgemini Deutschland\",\"description\":\"Make it real\",\"potentialAction\":[{\"@type\":\"SearchAction\",\"target\":{\"@type\":\"EntryPoint\",\"urlTemplate\":\"https:\/\/www.capgemini.com\/de-de\/?s={search_term_string}\"},\"query-input\":\"required name=search_term_string\"}],\"inLanguage\":\"de-DE\"}]}<\/script>\n<!-- \/ Yoast SEO Premium plugin. -->","yoast_head_json":{"title":"Digital Operational Resilience Act (DORA) - Capgemini","robots":{"index":"index","follow":"follow","max-snippet":"max-snippet:-1","max-image-preview":"max-image-preview:large","max-video-preview":"max-video-preview:-1"},"canonical":"https:\/\/www.capgemini.com\/de-de\/solutions\/digital-operational-resilience-act-dora\/","og_locale":"de_DE","og_type":"article","og_title":"Digital Operational Resilience Act (DORA) - Capgemini","og_url":"https:\/\/www.capgemini.com\/de-de\/solutions\/digital-operational-resilience-act-dora\/","og_site_name":"Capgemini","article_modified_time":"2026-01-22T07:47:37+00:00","og_image":[{"width":2881,"height":1801,"url":"https:\/\/www.capgemini.com\/de-de\/wp-content\/uploads\/sites\/8\/2024\/06\/DORA-web-banner.jpg","type":"image\/jpeg"}],"twitter_card":"summary_large_image","twitter_misc":{"Est. reading time":"1 minute"},"schema":{"@context":"https:\/\/schema.org","@graph":[{"@type":"WebPage","@id":"https:\/\/www.capgemini.com\/de-de\/solutions\/digital-operational-resilience-act-dora\/","url":"https:\/\/www.capgemini.com\/de-de\/solutions\/digital-operational-resilience-act-dora\/","name":"Digital Operational Resilience Act (DORA) - Capgemini","isPartOf":{"@id":"https:\/\/www.capgemini.com\/de-de\/#website"},"primaryImageOfPage":{"@id":"https:\/\/www.capgemini.com\/de-de\/solutions\/digital-operational-resilience-act-dora\/#primaryimage"},"image":{"@id":"https:\/\/www.capgemini.com\/de-de\/solutions\/digital-operational-resilience-act-dora\/#primaryimage"},"thumbnailUrl":"https:\/\/www.capgemini.com\/de-de\/wp-content\/uploads\/sites\/8\/2024\/06\/DORA-web-banner.jpg","datePublished":"2024-06-03T13:28:41+00:00","dateModified":"2026-01-22T07:47:37+00:00","breadcrumb":{"@id":"https:\/\/www.capgemini.com\/de-de\/solutions\/digital-operational-resilience-act-dora\/#breadcrumb"},"inLanguage":"de-DE","potentialAction":[{"@type":"ReadAction","target":["https:\/\/www.capgemini.com\/de-de\/solutions\/digital-operational-resilience-act-dora\/"]}]},{"@type":"ImageObject","inLanguage":"de-DE","@id":"https:\/\/www.capgemini.com\/de-de\/solutions\/digital-operational-resilience-act-dora\/#primaryimage","url":"https:\/\/www.capgemini.com\/de-de\/wp-content\/uploads\/sites\/8\/2024\/06\/DORA-web-banner.jpg","contentUrl":"https:\/\/www.capgemini.com\/de-de\/wp-content\/uploads\/sites\/8\/2024\/06\/DORA-web-banner.jpg","width":2881,"height":1801},{"@type":"BreadcrumbList","@id":"https:\/\/www.capgemini.com\/de-de\/solutions\/digital-operational-resilience-act-dora\/#breadcrumb","itemListElement":[{"@type":"ListItem","position":1,"name":"Solutions","item":"https:\/\/www.capgemini.com\/de-de\/solutions\/"},{"@type":"ListItem","position":2,"name":"Digital Operational Resilience Act (DORA)"}]},{"@type":"WebSite","@id":"https:\/\/www.capgemini.com\/de-de\/#website","url":"https:\/\/www.capgemini.com\/de-de\/","name":"Capgemini Deutschland","description":"Make it real","potentialAction":[{"@type":"SearchAction","target":{"@type":"EntryPoint","urlTemplate":"https:\/\/www.capgemini.com\/de-de\/?s={search_term_string}"},"query-input":"required name=search_term_string"}],"inLanguage":"de-DE"}]}},"brand_term":[],"parsely":{"version":"1.1.0","canonical_url":"https:\/\/capgemini.com\/de-de\/solutions\/digital-operational-resilience-act-dora\/","smart_links":{"inbound":0,"outbound":0},"traffic_boost_suggestions_count":0,"meta":{"@context":"https:\/\/schema.org","@type":"WebPage","headline":"Digital Operational Resilience Act (DORA)","url":"http:\/\/www.capgemini.com\/de-de\/solutions\/digital-operational-resilience-act-dora\/","mainEntityOfPage":{"@type":"WebPage","@id":"http:\/\/www.capgemini.com\/de-de\/solutions\/digital-operational-resilience-act-dora\/"},"thumbnailUrl":"https:\/\/www.capgemini.com\/de-de\/wp-content\/uploads\/sites\/8\/2024\/06\/DORA-web-banner.jpg?w=150&h=150&crop=1","image":{"@type":"ImageObject","url":"https:\/\/www.capgemini.com\/de-de\/wp-content\/uploads\/sites\/8\/2024\/06\/DORA-web-banner.jpg"},"articleSection":"Uncategorized","author":[],"creator":[],"publisher":{"@type":"Organization","name":"Capgemini","logo":""},"keywords":[],"dateCreated":"2024-06-03T13:28:41Z","datePublished":"2024-06-03T13:28:41Z","dateModified":"2026-01-22T07:47:37Z"},"rendered":"<script type=\"application\/ld+json\" class=\"wp-parsely-metadata\">{\"@context\":\"https:\\\/\\\/schema.org\",\"@type\":\"WebPage\",\"headline\":\"Digital Operational Resilience Act (DORA)\",\"url\":\"http:\\\/\\\/www.capgemini.com\\\/de-de\\\/solutions\\\/digital-operational-resilience-act-dora\\\/\",\"mainEntityOfPage\":{\"@type\":\"WebPage\",\"@id\":\"http:\\\/\\\/www.capgemini.com\\\/de-de\\\/solutions\\\/digital-operational-resilience-act-dora\\\/\"},\"thumbnailUrl\":\"https:\\\/\\\/www.capgemini.com\\\/de-de\\\/wp-content\\\/uploads\\\/sites\\\/8\\\/2024\\\/06\\\/DORA-web-banner.jpg?w=150&h=150&crop=1\",\"image\":{\"@type\":\"ImageObject\",\"url\":\"https:\\\/\\\/www.capgemini.com\\\/de-de\\\/wp-content\\\/uploads\\\/sites\\\/8\\\/2024\\\/06\\\/DORA-web-banner.jpg\"},\"articleSection\":\"Uncategorized\",\"author\":[],\"creator\":[],\"publisher\":{\"@type\":\"Organization\",\"name\":\"Capgemini\",\"logo\":\"\"},\"keywords\":[],\"dateCreated\":\"2024-06-03T13:28:41Z\",\"datePublished\":\"2024-06-03T13:28:41Z\",\"dateModified\":\"2026-01-22T07:47:37Z\"}<\/script>","tracker_url":"https:\/\/cdn.parsely.com\/keys\/capgemini.com\/p.js"},"archive_status":false,"featured_image_src":"https:\/\/www.capgemini.com\/de-de\/wp-content\/uploads\/sites\/8\/2024\/06\/DORA-web-banner.jpg","featured_image_alt":"","jetpack_sharing_enabled":true,"distributor_meta":false,"distributor_terms":false,"distributor_media":false,"distributor_original_site_name":"Capgemini","distributor_original_site_url":"https:\/\/www.capgemini.com\/de-de","push-errors":false,"_links":{"self":[{"href":"https:\/\/www.capgemini.com\/de-de\/wp-json\/wp\/v2\/pages\/859986","targetHints":{"allow":["GET"]}}],"collection":[{"href":"https:\/\/www.capgemini.com\/de-de\/wp-json\/wp\/v2\/pages"}],"about":[{"href":"https:\/\/www.capgemini.com\/de-de\/wp-json\/wp\/v2\/types\/page"}],"author":[{"embeddable":true,"href":"https:\/\/www.capgemini.com\/de-de\/wp-json\/wp\/v2\/users\/257"}],"replies":[{"embeddable":true,"href":"https:\/\/www.capgemini.com\/de-de\/wp-json\/wp\/v2\/comments?post=859986"}],"version-history":[{"count":6,"href":"https:\/\/www.capgemini.com\/de-de\/wp-json\/wp\/v2\/pages\/859986\/revisions"}],"predecessor-version":[{"id":875303,"href":"https:\/\/www.capgemini.com\/de-de\/wp-json\/wp\/v2\/pages\/859986\/revisions\/875303"}],"up":[{"embeddable":true,"href":"https:\/\/www.capgemini.com\/de-de\/wp-json\/wp\/v2\/pages\/743171"}],"wp:featuredmedia":[{"embeddable":true,"href":"https:\/\/www.capgemini.com\/de-de\/wp-json\/wp\/v2\/media\/859987"}],"wp:attachment":[{"href":"https:\/\/www.capgemini.com\/de-de\/wp-json\/wp\/v2\/media?parent=859986"}],"wp:term":[{"taxonomy":"brand","embeddable":true,"href":"https:\/\/www.capgemini.com\/de-de\/wp-json\/wp\/v2\/brand?post=859986"},{"taxonomy":"partner_type","embeddable":true,"href":"https:\/\/www.capgemini.com\/de-de\/wp-json\/wp\/v2\/partner_type?post=859986"},{"taxonomy":"service","embeddable":true,"href":"https:\/\/www.capgemini.com\/de-de\/wp-json\/wp\/v2\/service?post=859986"},{"taxonomy":"industry","embeddable":true,"href":"https:\/\/www.capgemini.com\/de-de\/wp-json\/wp\/v2\/industry?post=859986"},{"taxonomy":"partners","embeddable":true,"href":"https:\/\/www.capgemini.com\/de-de\/wp-json\/wp\/v2\/partners?post=859986"},{"taxonomy":"page-type","embeddable":true,"href":"https:\/\/www.capgemini.com\/de-de\/wp-json\/wp\/v2\/page-type?post=859986"},{"taxonomy":"content-group","embeddable":true,"href":"https:\/\/www.capgemini.com\/de-de\/wp-json\/wp\/v2\/content-group?post=859986"}],"curies":[{"name":"wp","href":"https:\/\/api.w.org\/{rel}","templated":true}]}}