{"id":857780,"date":"2024-04-23T08:24:27","date_gmt":"2024-04-23T08:24:27","guid":{"rendered":"https:\/\/www.capgemini.com\/de-de\/?page_id=857780&#038;preview_id=857780"},"modified":"2026-01-22T07:47:59","modified_gmt":"2026-01-22T07:47:59","slug":"it-emission-management-and-control","status":"publish","type":"page","link":"https:\/\/www.capgemini.com\/de-de\/solutions\/it-emission-management-and-control\/","title":{"rendered":"IT-Emissionsmanagement und -kontrolle\u00a0"},"content":{"rendered":"\n<header class=\"wp-block-cg-blocks-hero-reusable header heroReusable  \"><div class=\"header-bgs\"><picture><source srcset=\"https:\/\/www.capgemini.com\/wp-content\/uploads\/2023\/06\/IEMC-Web_Banner.jpg?w=2880&amp;quality=70 1x, https:\/\/www.capgemini.com\/wp-content\/uploads\/2023\/06\/IEMC-Web_Banner.jpg?w=2880&amp;quality=70 2x\" media=\"(min-width: 1500px)\"\/><source srcset=\"https:\/\/www.capgemini.com\/wp-content\/uploads\/2023\/06\/IEMC-Web_Banner.jpg?w=1440&amp;quality=70 1x, https:\/\/www.capgemini.com\/wp-content\/uploads\/2023\/06\/IEMC-Web_Banner.jpg?w=2880&amp;quality=70 2x\" media=\"(min-width: 992px)\"\/><source srcset=\"https:\/\/www.capgemini.com\/wp-content\/uploads\/2023\/06\/IEMC-Web_Banner.jpg?w=1024&amp;quality=70 1x, https:\/\/www.capgemini.com\/wp-content\/uploads\/2023\/06\/IEMC-Web_Banner.jpg?w=1024&amp;quality=70 2x\" media=\"(min-width: 768px)\"\/><source srcset=\"https:\/\/www.capgemini.com\/wp-content\/uploads\/2023\/06\/IEMC-Web_Banner.jpg?w=768&amp;quality=70 1x, https:\/\/www.capgemini.com\/wp-content\/uploads\/2023\/06\/IEMC-Web_Banner.jpg?w=768&amp;quality=70 2x\" media=\"(min-width: 0)\"\/><img decoding=\"async\" src=\"https:\/\/www.capgemini.com\/wp-content\/uploads\/2023\/06\/IEMC-Web_Banner.jpg\" class=\"header-img header-img-d\" alt=\"\" style=\"object-fit:cover;object-position:50% 50%\" loading=\"eager\"\/><\/picture><\/div><div class=\"heroPictureCardHeaderShape\"><\/div><div class=\"container\"><div class=\"row\"><div class=\"col-md-12\"><div class=\"box\"><div class=\"boxTagWrapper\"><div class=\"tagInfo\"><div><span class=\"box-tag\">Solution<\/span><\/div><\/div><\/div><div class=\"box-title\"><h1 data-maxlength=\"34\">IT-Emissionsmanagement und -kontrolle\u00a0<\/h1><\/div><div class=\"inner-row-insight download-btn\"><\/div><\/div><\/div><\/div><\/div><\/header>\n\n\n\n<section class=\"wp-block-cg-blocks-group undefined section section--article-content\"><div class=\"article-main-content\"><div class=\"container\"><div class=\"row\"><div class=\"col-12 col-md-1\"><nav class=\"article-social\"><ul class=\"social-nav\"><li class=\"ip-order-fb\"><a href=\"https:\/\/www.facebook.com\/sharer\/sharer.php?u=https:\/\/www.capgemini.com\/?page_id=919743\" target=\"_blank\" rel=\"noopener noreferrer\" title=\"In neuem Fenster \u00f6ffnen\"><i aria-hidden=\"true\" class=\"icon-fb\"><\/i><span class=\"sr-only\">Facebook<\/span><\/a><\/li><li class=\"ip-order-tw\"><a href=\"https:\/\/twitter.com\/intent\/tweet?url=https:\/\/www.capgemini.com\/?page_id=919743&amp;text=\" target=\"_blank\" rel=\"noopener noreferrer\" title=\"In neuem Fenster \u00f6ffnen\"><i aria-hidden=\"true\" class=\"icon-tw\"><\/i><span class=\"sr-only\">Twitter<\/span><\/a><\/li><li class=\"ip-order-li\"><a href=\"https:\/\/www.linkedin.com\/shareArticle?url=https:\/\/www.capgemini.com\/?page_id=919743&amp;text=\" target=\"_blank\" rel=\"noopener noreferrer\" title=\"In neuem Fenster \u00f6ffnen\"><i aria-hidden=\"true\" class=\"icon-li\"><\/i><span class=\"sr-only\">Linkedin<\/span><\/a><\/li><\/ul><\/nav><\/div><div class=\"col-12 col-md-11 col-lg-10\"><div class=\"article-text article-quote-text\">\n<p>Wir alle tragen Verantwortung im globalen Bestreben, Netto-Null-Emissionen zu erreichen. Doch die IT-Branche steht vor einer besonderen Herausforderung: Sie muss nicht nur ihren eigenen CO2-Fu\u00dfabdruck reduzieren, sondern auch anderen Sektoren helfen, ihre Nachhaltigkeitsziele zu erreichen. Die IT hat die einzigartige M\u00f6glichkeit, ihre eigenen Systeme und L\u00f6sungen zu nutzen, um ihre CO2-Emissionen zu messen, zu verwalten und zu senken. Dies ist besonders entscheidend f\u00fcr den Dienstleistungssektor sowie f\u00fcr technologiegetriebene Unternehmen.&nbsp;<\/p>\n\n\n\n<p>In Zusammenarbeit mit Technologieunternehmen wie ServiceNow und Aguaro bietet Capgemini eine umfassende Nachhaltigkeitsstrategie f\u00fcr die IT-Branche sowie Beratungsdienste zur Mitarbeiterbindung an. Unsere L\u00f6sung zur Verwaltung und Kontrolle von IT-Emissionen erm\u00f6glicht es, den aktuellen CO2-Fu\u00dfabdruck der IT zu messen, Reduktionsma\u00dfnahmen zu planen und Daten f\u00fcr interne Berichte und externe Offenlegungen zu erstellen.&nbsp;<\/p>\n\n\n\n<div style=\"height:30px\" aria-hidden=\"true\" class=\"wp-block-spacer\"><\/div>\n\n\n\n<blockquote class=\"wp-block-quote is-layout-flow wp-block-quote-is-layout-flow\">\n<p>Laut dem Capgemini Research Institute sind 55 % der Unternehmen sich ihres digitalen CO2-Fu\u00dfabdrucks bewusst.&nbsp;<\/p>\n<cite><em>Capgemini Research Institute, Sustainability Transformation Trends Survey, August-September 2022,<\/em>&nbsp;<br><em>N = 1.003 F\u00fchrungskr\u00e4fte in Unternehmensfunktionen<\/em>&nbsp;<\/cite><\/blockquote>\n\n\n\n<div class=\"wp-block-buttons is-layout-flex wp-block-buttons-is-layout-flex\"><\/div>\n<\/div><\/div><\/div><\/div><\/div><\/section>\n\n\n\n\n\n\n\n<section class=\"wp-block-cg-blocks-wrapper-partners undefined section section--partners-small\"><div class=\"container\"><div class=\"content-title\"><h2 class=\"partner-heading\">Partners<\/h2><\/div><div class=\"row\">\n<div class=\"col-6 col-md-4 col-lg-2 small\">\n            <a href=\"\" class=\"partner-box-title\" aria-label=\"\">\n        <div class=\"partner-box\">\n                                                     <div class=\"partner-box-bottom\">\n                        <img decoding=\"async\" loading=\"lazy\" src=\"https:\/\/www.capgemini.com\/de-de\/wp-content\/themes\/capgemini2025\/assets\/images\/mockup.png?w=350&#038;quality=70\" alt=\"\" class=\"partner-box-logo light\">\n\n                                                        <h3 class=\"partner-title-fallback\"><\/h3>\n                            \n                    <\/div>\n                                                    <\/div>\n            <\/a>\n    <\/div>\n\n<\/div><\/div><\/section>\n","protected":false},"excerpt":{"rendered":"<p>We all have a part to play in the global effort to reach net zero. But the IT industry needs to do more than others.<\/p>\n","protected":false},"author":81,"featured_media":857781,"parent":743171,"menu_order":0,"comment_status":"closed","ping_status":"closed","template":"","meta":{"cg_dt_proposed_to":[],"cg_seo_hreflang_relations":"[{\"uuid\":\"e799ec92-4b6f-4b34-8843-44671c5ab076\",\"blogId\":\"10\",\"domain\":\"www.capgemini.com\",\"sitePath\":\"\/au-en\/\",\"postLink\":\"https:\/\/www.capgemini.com\/au-en\/solutions\/it-emission-management-and-control\/\",\"postId\":514506,\"isSaved\":false,\"isCrossLink\":true,\"hasCrossLink\":false,\"hreflang\":\"\",\"link\":\"\"},{\"uuid\":\"31de68a2-e529-4030-b346-eaaf13d7b608\",\"blogId\":\"1\",\"domain\":\"www.capgemini.com\",\"sitePath\":\"\/\",\"postLink\":\"https:\/\/www.capgemini.com\/solutions\/it-emission-management-and-control\/\",\"postId\":919743,\"isSaved\":false,\"isCrossLink\":true,\"hasCrossLink\":false,\"hreflang\":\"\",\"link\":\"\"},{\"uuid\":\"e235c645-0584-49aa-9584-78cc04f4cbe4\",\"blogId\":\"18\",\"domain\":\"www.capgemini.com\",\"sitePath\":\"\/in-en\/\",\"postLink\":\"https:\/\/www.capgemini.com\/in-en\/solutions\/it-emission-management-and-control\/\",\"postId\":1082777,\"isSaved\":false,\"isCrossLink\":true,\"hasCrossLink\":false,\"hreflang\":\"\",\"link\":\"\"},{\"uuid\":\"71e9048a-8bc7-440d-9951-f6c183a5b5c7\",\"blogId\":\"14\",\"domain\":\"www.capgemini.com\",\"sitePath\":\"\/be-en\/\",\"postLink\":\"https:\/\/www.capgemini.com\/be-en\/solutions\/it-emission-management-and-control\/\",\"postId\":849380,\"isSaved\":false,\"isCrossLink\":true,\"hasCrossLink\":false,\"hreflang\":\"\",\"link\":\"\"},{\"uuid\":\"7bc91e36-94a1-4e02-bca9-9ba94c9bebb8\",\"blogId\":\"8\",\"domain\":\"www.capgemini.com\",\"sitePath\":\"\/de-de\/\",\"postLink\":\"https:\/\/www.capgemini.com\/de-de\/solutions\/it-emission-management-and-control\/\",\"postId\":857780,\"isSaved\":false,\"isCrossLink\":true,\"hasCrossLink\":false,\"hreflang\":\"\",\"link\":\"\"},{\"uuid\":\"e2bf654f-ce93-44cd-af4c-162c2271fc91\",\"blogId\":\"28\",\"domain\":\"www.capgemini.com\",\"sitePath\":\"\/mx-es\/\",\"postLink\":\"https:\/\/www.capgemini.com\/mx-es\/solutions\/gestion-y-control-informaticos-de-las-emisiones\/\",\"postId\":524361,\"isSaved\":false,\"isCrossLink\":true,\"hasCrossLink\":false,\"hreflang\":\"\",\"link\":\"\"},{\"uuid\":\"3f375e03-aea3-4bef-b4df-f67cae59346d\",\"blogId\":\"6\",\"domain\":\"www.capgemini.com\",\"sitePath\":\"\/fr-fr\/\",\"postLink\":\"https:\/\/www.capgemini.com\/fr-fr\/solutions\/gestion-controle-emissions-it\/\",\"postId\":768954,\"isSaved\":false,\"isCrossLink\":true,\"hasCrossLink\":false,\"hreflang\":\"\",\"link\":\"\"},{\"uuid\":\"239ef7ac-5f25-47fc-802b-be45bbf28490\",\"blogId\":\"30\",\"domain\":\"www.capgemini.com\",\"sitePath\":\"\/us-en\/\",\"postLink\":\"https:\/\/www.capgemini.com\/us-en\/it-emission-management-and-control\/\",\"postId\":736133,\"isSaved\":false,\"isCrossLink\":true,\"hasCrossLink\":false,\"hreflang\":\"\",\"link\":\"\"}]","cg_seo_canonical_relation":"{\"uuid\":\"10db295a-daaa-42ff-bf15-6c09225326c2\",\"blogId\":\"\",\"domain\":\"\",\"sitePath\":\"\",\"postLink\":\"\",\"postId\":null,\"isSaved\":true,\"isCrossLink\":false,\"hasCrossLink\":false}","cg_seo_hreflang_x_default_relation":"{\"uuid\":\"7db872dd-16b1-46b8-94f1-e2535940aaf7\",\"blogId\":\"\",\"domain\":\"\",\"sitePath\":\"\",\"postLink\":\"\",\"postId\":null,\"isSaved\":true,\"isCrossLink\":false,\"hasCrossLink\":false}","cg_dt_approved_content":true,"cg_dt_mandatory_content":false,"cg_dt_notes":"","cg_dg_source_changed":true,"cg_dt_link_disabled":false,"_yoast_wpseo_primary_brand":"","footnotes":"","featured_focal_points":"","partner_card_description":"","gsap_animation":0},"brand":[],"partner_type":[],"service":[123],"industry":[],"partners":[139],"page-type":[287],"content-group":[],"class_list":["post-857780","page","type-page","status-publish","has-post-thumbnail","hentry","service-sustainability","partners-servicenow","page-type-solutions"],"yoast_head":"<!-- This site is optimized with the Yoast SEO Premium plugin v22.8 (Yoast SEO v22.8) - https:\/\/yoast.com\/wordpress\/plugins\/seo\/ -->\n<title>IT-Emissionsmanagement und -kontrolle\u00a0 - Capgemini<\/title>\n<meta name=\"robots\" content=\"index, follow, max-snippet:-1, max-image-preview:large, max-video-preview:-1\" \/>\n<link rel=\"canonical\" href=\"https:\/\/www.capgemini.com\/de-de\/solutions\/it-emission-management-and-control\/\" \/>\n<meta property=\"og:locale\" content=\"de_DE\" \/>\n<meta property=\"og:type\" content=\"article\" \/>\n<meta property=\"og:title\" content=\"IT-Emissionsmanagement und -kontrolle\u00a0 - Capgemini\" \/>\n<meta property=\"og:description\" content=\"We all have a part to play in the global effort to reach net zero. But the IT industry needs to do more than others.\" \/>\n<meta property=\"og:url\" content=\"https:\/\/www.capgemini.com\/de-de\/solutions\/it-emission-management-and-control\/\" \/>\n<meta property=\"og:site_name\" content=\"Capgemini\" \/>\n<meta property=\"article:modified_time\" content=\"2026-01-22T07:47:59+00:00\" \/>\n<meta property=\"og:image\" content=\"https:\/\/www.capgemini.com\/de-de\/wp-content\/uploads\/sites\/8\/2024\/04\/IEMC-Web_Banner.jpg\" \/>\n\t<meta property=\"og:image:width\" content=\"2881\" \/>\n\t<meta property=\"og:image:height\" content=\"1801\" \/>\n\t<meta property=\"og:image:type\" content=\"image\/jpeg\" \/>\n<meta name=\"twitter:card\" content=\"summary_large_image\" \/>\n<meta name=\"twitter:label1\" content=\"Est. reading time\" \/>\n\t<meta name=\"twitter:data1\" content=\"3 minutes\" \/>\n<script type=\"application\/ld+json\" class=\"yoast-schema-graph\">{\"@context\":\"https:\/\/schema.org\",\"@graph\":[{\"@type\":\"WebPage\",\"@id\":\"https:\/\/www.capgemini.com\/de-de\/solutions\/it-emission-management-and-control\/\",\"url\":\"https:\/\/www.capgemini.com\/de-de\/solutions\/it-emission-management-and-control\/\",\"name\":\"IT-Emissionsmanagement und -kontrolle\u00a0 - Capgemini\",\"isPartOf\":{\"@id\":\"https:\/\/www.capgemini.com\/de-de\/#website\"},\"primaryImageOfPage\":{\"@id\":\"https:\/\/www.capgemini.com\/de-de\/solutions\/it-emission-management-and-control\/#primaryimage\"},\"image\":{\"@id\":\"https:\/\/www.capgemini.com\/de-de\/solutions\/it-emission-management-and-control\/#primaryimage\"},\"thumbnailUrl\":\"https:\/\/www.capgemini.com\/de-de\/wp-content\/uploads\/sites\/8\/2024\/04\/IEMC-Web_Banner.jpg\",\"datePublished\":\"2024-04-23T08:24:27+00:00\",\"dateModified\":\"2026-01-22T07:47:59+00:00\",\"breadcrumb\":{\"@id\":\"https:\/\/www.capgemini.com\/de-de\/solutions\/it-emission-management-and-control\/#breadcrumb\"},\"inLanguage\":\"de-DE\",\"potentialAction\":[{\"@type\":\"ReadAction\",\"target\":[\"https:\/\/www.capgemini.com\/de-de\/solutions\/it-emission-management-and-control\/\"]}]},{\"@type\":\"ImageObject\",\"inLanguage\":\"de-DE\",\"@id\":\"https:\/\/www.capgemini.com\/de-de\/solutions\/it-emission-management-and-control\/#primaryimage\",\"url\":\"https:\/\/www.capgemini.com\/de-de\/wp-content\/uploads\/sites\/8\/2024\/04\/IEMC-Web_Banner.jpg\",\"contentUrl\":\"https:\/\/www.capgemini.com\/de-de\/wp-content\/uploads\/sites\/8\/2024\/04\/IEMC-Web_Banner.jpg\",\"width\":2881,\"height\":1801},{\"@type\":\"BreadcrumbList\",\"@id\":\"https:\/\/www.capgemini.com\/de-de\/solutions\/it-emission-management-and-control\/#breadcrumb\",\"itemListElement\":[{\"@type\":\"ListItem\",\"position\":1,\"name\":\"Solutions\",\"item\":\"https:\/\/www.capgemini.com\/de-de\/solutions\/\"},{\"@type\":\"ListItem\",\"position\":2,\"name\":\"IT-Emissionsmanagement und -kontrolle\u00a0\"}]},{\"@type\":\"WebSite\",\"@id\":\"https:\/\/www.capgemini.com\/de-de\/#website\",\"url\":\"https:\/\/www.capgemini.com\/de-de\/\",\"name\":\"Capgemini Deutschland\",\"description\":\"Make it real\",\"potentialAction\":[{\"@type\":\"SearchAction\",\"target\":{\"@type\":\"EntryPoint\",\"urlTemplate\":\"https:\/\/www.capgemini.com\/de-de\/?s={search_term_string}\"},\"query-input\":\"required name=search_term_string\"}],\"inLanguage\":\"de-DE\"}]}<\/script>\n<!-- \/ Yoast SEO Premium plugin. -->","yoast_head_json":{"title":"IT-Emissionsmanagement und -kontrolle\u00a0 - Capgemini","robots":{"index":"index","follow":"follow","max-snippet":"max-snippet:-1","max-image-preview":"max-image-preview:large","max-video-preview":"max-video-preview:-1"},"canonical":"https:\/\/www.capgemini.com\/de-de\/solutions\/it-emission-management-and-control\/","og_locale":"de_DE","og_type":"article","og_title":"IT-Emissionsmanagement und -kontrolle\u00a0 - Capgemini","og_description":"We all have a part to play in the global effort to reach net zero. But the IT industry needs to do more than others.","og_url":"https:\/\/www.capgemini.com\/de-de\/solutions\/it-emission-management-and-control\/","og_site_name":"Capgemini","article_modified_time":"2026-01-22T07:47:59+00:00","og_image":[{"width":2881,"height":1801,"url":"https:\/\/www.capgemini.com\/de-de\/wp-content\/uploads\/sites\/8\/2024\/04\/IEMC-Web_Banner.jpg","type":"image\/jpeg"}],"twitter_card":"summary_large_image","twitter_misc":{"Est. reading time":"3 minutes"},"schema":{"@context":"https:\/\/schema.org","@graph":[{"@type":"WebPage","@id":"https:\/\/www.capgemini.com\/de-de\/solutions\/it-emission-management-and-control\/","url":"https:\/\/www.capgemini.com\/de-de\/solutions\/it-emission-management-and-control\/","name":"IT-Emissionsmanagement und -kontrolle\u00a0 - Capgemini","isPartOf":{"@id":"https:\/\/www.capgemini.com\/de-de\/#website"},"primaryImageOfPage":{"@id":"https:\/\/www.capgemini.com\/de-de\/solutions\/it-emission-management-and-control\/#primaryimage"},"image":{"@id":"https:\/\/www.capgemini.com\/de-de\/solutions\/it-emission-management-and-control\/#primaryimage"},"thumbnailUrl":"https:\/\/www.capgemini.com\/de-de\/wp-content\/uploads\/sites\/8\/2024\/04\/IEMC-Web_Banner.jpg","datePublished":"2024-04-23T08:24:27+00:00","dateModified":"2026-01-22T07:47:59+00:00","breadcrumb":{"@id":"https:\/\/www.capgemini.com\/de-de\/solutions\/it-emission-management-and-control\/#breadcrumb"},"inLanguage":"de-DE","potentialAction":[{"@type":"ReadAction","target":["https:\/\/www.capgemini.com\/de-de\/solutions\/it-emission-management-and-control\/"]}]},{"@type":"ImageObject","inLanguage":"de-DE","@id":"https:\/\/www.capgemini.com\/de-de\/solutions\/it-emission-management-and-control\/#primaryimage","url":"https:\/\/www.capgemini.com\/de-de\/wp-content\/uploads\/sites\/8\/2024\/04\/IEMC-Web_Banner.jpg","contentUrl":"https:\/\/www.capgemini.com\/de-de\/wp-content\/uploads\/sites\/8\/2024\/04\/IEMC-Web_Banner.jpg","width":2881,"height":1801},{"@type":"BreadcrumbList","@id":"https:\/\/www.capgemini.com\/de-de\/solutions\/it-emission-management-and-control\/#breadcrumb","itemListElement":[{"@type":"ListItem","position":1,"name":"Solutions","item":"https:\/\/www.capgemini.com\/de-de\/solutions\/"},{"@type":"ListItem","position":2,"name":"IT-Emissionsmanagement und -kontrolle\u00a0"}]},{"@type":"WebSite","@id":"https:\/\/www.capgemini.com\/de-de\/#website","url":"https:\/\/www.capgemini.com\/de-de\/","name":"Capgemini Deutschland","description":"Make it real","potentialAction":[{"@type":"SearchAction","target":{"@type":"EntryPoint","urlTemplate":"https:\/\/www.capgemini.com\/de-de\/?s={search_term_string}"},"query-input":"required name=search_term_string"}],"inLanguage":"de-DE"}]}},"brand_term":[],"parsely":{"version":"1.1.0","canonical_url":"https:\/\/capgemini.com\/de-de\/solutions\/it-emission-management-and-control\/","smart_links":{"inbound":0,"outbound":0},"traffic_boost_suggestions_count":0,"meta":{"@context":"https:\/\/schema.org","@type":"WebPage","headline":"IT-Emissionsmanagement und -kontrolle\u00a0","url":"http:\/\/www.capgemini.com\/de-de\/solutions\/it-emission-management-and-control\/","mainEntityOfPage":{"@type":"WebPage","@id":"http:\/\/www.capgemini.com\/de-de\/solutions\/it-emission-management-and-control\/"},"thumbnailUrl":"https:\/\/www.capgemini.com\/de-de\/wp-content\/uploads\/sites\/8\/2024\/04\/IEMC-Web_Banner.jpg?w=150&h=150&crop=1","image":{"@type":"ImageObject","url":"https:\/\/www.capgemini.com\/de-de\/wp-content\/uploads\/sites\/8\/2024\/04\/IEMC-Web_Banner.jpg"},"articleSection":"Uncategorized","author":[],"creator":[],"publisher":{"@type":"Organization","name":"Capgemini","logo":""},"keywords":[],"dateCreated":"2024-04-23T08:24:27Z","datePublished":"2024-04-23T08:24:27Z","dateModified":"2026-01-22T07:47:59Z"},"rendered":"<script type=\"application\/ld+json\" class=\"wp-parsely-metadata\">{\"@context\":\"https:\\\/\\\/schema.org\",\"@type\":\"WebPage\",\"headline\":\"IT-Emissionsmanagement und -kontrolle\\u00a0\",\"url\":\"http:\\\/\\\/www.capgemini.com\\\/de-de\\\/solutions\\\/it-emission-management-and-control\\\/\",\"mainEntityOfPage\":{\"@type\":\"WebPage\",\"@id\":\"http:\\\/\\\/www.capgemini.com\\\/de-de\\\/solutions\\\/it-emission-management-and-control\\\/\"},\"thumbnailUrl\":\"https:\\\/\\\/www.capgemini.com\\\/de-de\\\/wp-content\\\/uploads\\\/sites\\\/8\\\/2024\\\/04\\\/IEMC-Web_Banner.jpg?w=150&h=150&crop=1\",\"image\":{\"@type\":\"ImageObject\",\"url\":\"https:\\\/\\\/www.capgemini.com\\\/de-de\\\/wp-content\\\/uploads\\\/sites\\\/8\\\/2024\\\/04\\\/IEMC-Web_Banner.jpg\"},\"articleSection\":\"Uncategorized\",\"author\":[],\"creator\":[],\"publisher\":{\"@type\":\"Organization\",\"name\":\"Capgemini\",\"logo\":\"\"},\"keywords\":[],\"dateCreated\":\"2024-04-23T08:24:27Z\",\"datePublished\":\"2024-04-23T08:24:27Z\",\"dateModified\":\"2026-01-22T07:47:59Z\"}<\/script>","tracker_url":"https:\/\/cdn.parsely.com\/keys\/capgemini.com\/p.js"},"archive_status":false,"featured_image_src":"https:\/\/www.capgemini.com\/de-de\/wp-content\/uploads\/sites\/8\/2024\/04\/IEMC-Web_Banner.jpg","featured_image_alt":"","jetpack_sharing_enabled":true,"distributor_meta":false,"distributor_terms":false,"distributor_media":false,"distributor_original_site_name":"Capgemini","distributor_original_site_url":"https:\/\/www.capgemini.com\/de-de","push-errors":false,"_links":{"self":[{"href":"https:\/\/www.capgemini.com\/de-de\/wp-json\/wp\/v2\/pages\/857780","targetHints":{"allow":["GET"]}}],"collection":[{"href":"https:\/\/www.capgemini.com\/de-de\/wp-json\/wp\/v2\/pages"}],"about":[{"href":"https:\/\/www.capgemini.com\/de-de\/wp-json\/wp\/v2\/types\/page"}],"author":[{"embeddable":true,"href":"https:\/\/www.capgemini.com\/de-de\/wp-json\/wp\/v2\/users\/81"}],"replies":[{"embeddable":true,"href":"https:\/\/www.capgemini.com\/de-de\/wp-json\/wp\/v2\/comments?post=857780"}],"version-history":[{"count":6,"href":"https:\/\/www.capgemini.com\/de-de\/wp-json\/wp\/v2\/pages\/857780\/revisions"}],"predecessor-version":[{"id":875325,"href":"https:\/\/www.capgemini.com\/de-de\/wp-json\/wp\/v2\/pages\/857780\/revisions\/875325"}],"up":[{"embeddable":true,"href":"https:\/\/www.capgemini.com\/de-de\/wp-json\/wp\/v2\/pages\/743171"}],"wp:featuredmedia":[{"embeddable":true,"href":"https:\/\/www.capgemini.com\/de-de\/wp-json\/wp\/v2\/media\/857781"}],"wp:attachment":[{"href":"https:\/\/www.capgemini.com\/de-de\/wp-json\/wp\/v2\/media?parent=857780"}],"wp:term":[{"taxonomy":"brand","embeddable":true,"href":"https:\/\/www.capgemini.com\/de-de\/wp-json\/wp\/v2\/brand?post=857780"},{"taxonomy":"partner_type","embeddable":true,"href":"https:\/\/www.capgemini.com\/de-de\/wp-json\/wp\/v2\/partner_type?post=857780"},{"taxonomy":"service","embeddable":true,"href":"https:\/\/www.capgemini.com\/de-de\/wp-json\/wp\/v2\/service?post=857780"},{"taxonomy":"industry","embeddable":true,"href":"https:\/\/www.capgemini.com\/de-de\/wp-json\/wp\/v2\/industry?post=857780"},{"taxonomy":"partners","embeddable":true,"href":"https:\/\/www.capgemini.com\/de-de\/wp-json\/wp\/v2\/partners?post=857780"},{"taxonomy":"page-type","embeddable":true,"href":"https:\/\/www.capgemini.com\/de-de\/wp-json\/wp\/v2\/page-type?post=857780"},{"taxonomy":"content-group","embeddable":true,"href":"https:\/\/www.capgemini.com\/de-de\/wp-json\/wp\/v2\/content-group?post=857780"}],"curies":[{"name":"wp","href":"https:\/\/api.w.org\/{rel}","templated":true}]}}