{"id":857697,"date":"2024-04-19T14:43:48","date_gmt":"2024-04-19T14:43:48","guid":{"rendered":"https:\/\/www.capgemini.com\/de-de\/?page_id=857697&#038;preview_id=857697"},"modified":"2026-01-22T07:47:59","modified_gmt":"2026-01-22T07:47:59","slug":"raise-reliable-ai-solution-engineering","status":"publish","type":"page","link":"https:\/\/www.capgemini.com\/de-de\/solutions\/raise-reliable-ai-solution-engineering\/","title":{"rendered":"RAISE \u2013 Reliable AI Solution Engineering"},"content":{"rendered":"\n<header class=\"wp-block-cg-blocks-hero-reusable header heroReusable  \"><div class=\"header-bgs\"><picture><source srcset=\"https:\/\/www.capgemini.com\/wp-content\/uploads\/2024\/03\/Raise_SolutionPage_WebBanner.jpg?w=2880&amp;quality=70 1x, https:\/\/www.capgemini.com\/wp-content\/uploads\/2024\/03\/Raise_SolutionPage_WebBanner.jpg?w=2880&amp;quality=70 2x\" media=\"(min-width: 1500px)\"\/><source srcset=\"https:\/\/www.capgemini.com\/wp-content\/uploads\/2024\/03\/Raise_SolutionPage_WebBanner.jpg?w=1440&amp;quality=70 1x, https:\/\/www.capgemini.com\/wp-content\/uploads\/2024\/03\/Raise_SolutionPage_WebBanner.jpg?w=2880&amp;quality=70 2x\" media=\"(min-width: 992px)\"\/><source srcset=\"https:\/\/www.capgemini.com\/wp-content\/uploads\/2024\/03\/Raise_SolutionPage_WebBanner.jpg?w=1024&amp;quality=70 1x, https:\/\/www.capgemini.com\/wp-content\/uploads\/2024\/03\/Raise_SolutionPage_WebBanner.jpg?w=1024&amp;quality=70 2x\" media=\"(min-width: 768px)\"\/><source srcset=\"https:\/\/www.capgemini.com\/wp-content\/uploads\/2024\/03\/Raise_SolutionPage_WebBanner.jpg?w=768&amp;quality=70 1x, https:\/\/www.capgemini.com\/wp-content\/uploads\/2024\/03\/Raise_SolutionPage_WebBanner.jpg?w=768&amp;quality=70 2x\" media=\"(min-width: 0)\"\/><img decoding=\"async\" src=\"https:\/\/www.capgemini.com\/wp-content\/uploads\/2024\/03\/Raise_SolutionPage_WebBanner.jpg\" class=\"header-img header-img-d\" alt=\"\" style=\"object-fit:cover;object-position:50% 50%\" loading=\"eager\"\/><\/picture><\/div><div class=\"heroPictureCardHeaderShape\"><\/div><div class=\"container\"><div class=\"row\"><div class=\"col-md-12\"><div class=\"box\"><div class=\"boxTagWrapper\"><div class=\"tagInfo\"><div><span class=\"box-tag\">Solution<\/span><\/div><\/div><\/div><div class=\"box-title\"><h1 data-maxlength=\"34\">RAISE &#8211; Reliable AI solution engineering<\/h1><\/div><div class=\"inner-row-insight download-btn\"><\/div><\/div><\/div><\/div><\/div><\/header>\n\n\n\n<section class=\"wp-block-cg-blocks-group undefined section section--article-content\"><div class=\"article-main-content\"><div class=\"container\"><div class=\"row\"><div class=\"col-12 col-md-1\"><nav class=\"article-social\"><ul class=\"social-nav\"><li class=\"ip-order-fb\"><a href=\"https:\/\/www.facebook.com\/sharer\/sharer.php?u=https:\/\/www.capgemini.com\/?page_id=1009813&amp;preview_id=1009813\" target=\"_blank\" rel=\"noopener noreferrer\" title=\"In neuem Fenster \u00f6ffnen\"><i aria-hidden=\"true\" class=\"icon-fb\"><\/i><span class=\"sr-only\">Facebook<\/span><\/a><\/li><li class=\"ip-order-li\"><a href=\"https:\/\/www.linkedin.com\/shareArticle?url=https:\/\/www.capgemini.com\/?page_id=1009813&amp;preview_id=1009813\" target=\"_blank\" rel=\"noopener noreferrer\" title=\"In neuem Fenster \u00f6ffnen\"><i aria-hidden=\"true\" class=\"icon-li\"><\/i><span class=\"sr-only\">Linkedin<\/span><\/a><\/li><\/ul><\/nav><\/div><div class=\"col-12 col-md-11 col-lg-10\"><div class=\"article-text article-quote-text\">\n<h3 class=\"wp-block-heading\" id=\"h-gen-ai-value-case-accelerator-fur-vertrauen-kosten-und-skalierbarkeit-nbsp-nbsp\">Gen AI Value Case Accelerator f\u00fcr Vertrauen, Kosten und Skalierbarkeit&nbsp;&nbsp;<\/h3>\n\n\n\n<p>Laut einem <a href=\"https:\/\/www.capgemini.com\/de-de\/insights\/research\/investment-trends-2024\/\" target=\"_blank\" rel=\"noreferrer noopener\">Bericht<\/a> des Capgemini Research Institute vom Januar 2024 planen 88 % der Unternehmen weltweit, sich innerhalb der n\u00e4chsten 12-18 Monate auf KI, einschlie\u00dflich Generativer KI (Gen AI), zu konzentrieren.&nbsp;<\/p>\n\n\n\n<h3 class=\"wp-block-heading\" id=\"h-entwicklung-generative-ki-projekte-beschleunigen\">Entwicklung Generative KI Projekte beschleunigen<\/h3>\n\n\n\n<p>Inzwischen haben die meisten Unternehmen die Experimentierphase abgeschlossen und versuchen die folgenden Probleme zu l\u00f6sen, um die Einf\u00fchrung von Gen AI zu beschleunigen: &nbsp;<\/p>\n\n\n\n<ul class=\"wp-block-list\">\n<li>Effizientes Kostenmanagement f\u00fcr skalierbare gro\u00dfe KI-Sprachmodelle (LLMs)&nbsp;<\/li>\n\n\n\n<li>Entkoppelte Entwicklungsprozesse bei vielz\u00e4hligen Gen AI-Anwendungen&nbsp;<\/li>\n\n\n\n<li>Sicherstellung vertrauensw\u00fcrdiger L\u00f6sungen&nbsp;<\/li>\n<\/ul>\n\n\n\n<p>F\u00fcr Unternehmen stellt sich deshalb bei den meisten Projekten mit Generativer KI zuerst die Frage: Wie k\u00f6nnen Vertrauen, Kosten und Skalierbarkeit garantiert werden?&nbsp;<\/p>\n\n\n\n<p>Mit <strong>RAISE (Reliable AI Solution Engineering) <\/strong>bietet Capgemini eine effiziente, interoperable und skalierbare Gen AI-Entwicklungsplattform, um branchen\u00fcbergreifend Mehrwert zu schaffen. RAISE unterst\u00fctzt dabei, jeden Use Case unternehmensspezifisch zu entwickeln und liefert zuverl\u00e4ssigere und greifbarere Ergebnisse zu kontrollierten Kosten.. &nbsp;<\/p>\n<\/div><\/div><\/div><\/div><\/div><\/section>\n\n\n\n<section class=\"wp-block-cg-blocks-intro-para-video section section--info-2cols section--insights section-video \"><div class=\"bg-color video-align-right\"><div class=\"container\"><div class=\"row video-align-left\"><div class=\"col-md-12\"><div class=\"video-align-left row box box--4 box--mini\"><div class=\"col-md-3\"><h3 class=\"Video-title\" data-maxlength=\"34\">RAISE <\/h3><div class=\"video-info\"><p data-maxlength=\"68\">Reliable AI Solution Engineering<\/p><\/div><\/div><div class=\"col-md-8 box-img-wrapper\"><div class=\"video-box\"><div class=\"video-wrapper\"><iframe title=\"video-section\" src=\"https:\/\/www.youtube.com\/embed\/eTUMmKooXDQ?rel=0&amp;modestbranding=1&amp;playsinline=1&amp;enablejsapi=1\" frameborder=\"0\" allow=\"accelerometer; autoplay; clipboard-write; encrypted-media; gyroscope; picture-in-picture\" allowfullscreen loading=\"lazy\" referrerpolicy=\"strict-origin-when-cross-origin\"><\/iframe><\/div><\/div><\/div><div class=\"col-md-1\"><\/div><\/div><\/div><\/div><\/div><\/div><\/section>\n\n\n\n<section class=\"wp-block-cg-blocks-group undefined section section--article-content\"><div class=\"article-main-content\"><div class=\"container\"><div class=\"row\"><div class=\"col-12 col-md-11 col-lg-10 offset-md-1 offset-lg-1\"><div class=\"article-text article-quote-text\">\n<p>Basierend auf der Architektur von Hyperscalern und dem Partner-\u00d6kosystem &nbsp;kann RAISE in Kombination mit dem Data Platform-as-Code Asset <a href=\"https:\/\/www.capgemini.com\/de-de\/solutions\/industrialized-data-and-ai-engineering-acceleration-by-capgemini\/\" target=\"_blank\" rel=\"noreferrer noopener\">IDEA von Capgemini<\/a> verwendet werden. Somit werden gebrauchsfertige Datenprodukte bereitgestellt, um schneller Gesch\u00e4ftsergebnisse zu erzielen. &nbsp;<\/p>\n\n\n\n<p>Unter der von Databricks entwickelten Platform ist RAISE bereits in Microsoft Azure und AWS anwendbar, und wird bald in der&nbsp;Google Cloud Platform zur Verf\u00fcgung stehen.<\/p>\n\n\n\n<h3 class=\"wp-block-heading\" id=\"h-die-gen-ai-entwicklungsplattform-im-einsatz\">Die Gen AI-Entwicklungsplattform im Einsatz<\/h3>\n\n\n\n<p>RAISE wirkt sich auf drei entscheidende Dimensionen von Generative KI aus: Kosten, Skalierung und Vertrauen.&nbsp;<\/p>\n\n\n\n<p>\u00dcber eine einheitliche Steuerung erm\u00f6glicht die Gen AI-Entwicklungsplattform:&nbsp;<\/p>\n\n\n\n<ul class=\"wp-block-list\">\n<li><strong>bis zu 80 % Reduzierung der laufenden Kosten \u00fcber ein einziges massives LLM<\/strong>&nbsp;<\/li>\n\n\n\n<li><strong>bis zu 60 % Beschleunigung der Umsetzung \u00fcber mehrere Anwendungen<\/strong>&nbsp;<\/li>\n\n\n\n<li><strong>bis zu 40 % schnelle Identifizierung von Problemen im Vergleich zu manueller \u00dcberwachung<\/strong><span style=\"background-color: transparent; color: windowtext; font-family: Ubuntu, Ubuntu_EmbeddedFont, Ubuntu_MSFontService, sans-serif; font-size: 11pt; letter-spacing: 0.4px;\">&nbsp;<\/span><\/li>\n<\/ul>\n\n\n\n<p>Aufbauend auf unserer Marktf\u00fchrerschaft bei <a href=\"https:\/\/www.capgemini.com\/news\/analyst-recognition\/capgemini-named-as-a-leader-in-ai-services-by-everest-group-in-2023\/\" target=\"_blank\" rel=\"noreferrer noopener\">KI<\/a> und <a href=\"https:\/\/www.capgemini.com\/news\/analyst-recognition\/capgemini-recognized-as-a-horizon-3-market-leader-in-hfs-horizons-generative-enterprise-services-2023\/\" target=\"_blank\" rel=\"noreferrer noopener\">Generativer KI<\/a> unterst\u00fctzen wir CxOs bei der Festlegung ihrer Generative-KI-Strategie und der Identifizierung von Anwendungsf\u00e4llen, die auf ihre Gesch\u00e4ftserwartungen und -anforderungen abgestimmt sind. Das modulare, effiziente, interoperable und skalierbare <strong>Reliable AI Solution Engineering<\/strong> (RAISE) beschleunigt die Entwicklung und Implementierung Ihrer ma\u00dfgeschneiderten Gen AI-Projekte, kosteng\u00fcnstig und zuverl\u00e4ssig.&nbsp;<\/p>\n<\/div><\/div><\/div><\/div><\/div><\/section>\n\n\n\n<section class=\"wp-block-cg-blocks-wrapper-partners undefined section section--partners-small\"><div class=\"container\"><div class=\"content-title\"><h2 class=\"partner-heading\">Technologie-Partner<\/h2><\/div><div class=\"row\">\n<div class=\"col-6 col-md-4 col-lg-2 small\">\n            <a href=\"https:\/\/www.capgemini.com\/de-de\/unternehmen\/technologie-partner\/amazon-web-services\/\" class=\"partner-box-title\" aria-label=\"\">\n        <div class=\"partner-box\">\n                                                     <div class=\"partner-box-bottom\">\n                        <img decoding=\"async\" loading=\"lazy\" src=\"https:\/\/www.capgemini.com\/wp-content\/uploads\/2024\/07\/aws.png?w=350&#038;quality=70\" alt=\"\" class=\"partner-box-logo light\">\n\n                                                    <img decoding=\"async\" loading=\"lazy\" src=\"https:\/\/www.capgemini.com\/wp-content\/uploads\/2025\/10\/Partners-AWS.png?w=350&#038;quality=70\" alt=\"\" class=\"partner-box-logo dark\">\n\n                            \n                    <\/div>\n                                                    <\/div>\n            <\/a>\n    <\/div>\n\n\n\n\n<div class=\"col-6 col-md-4 col-lg-2 small\">\n            <a href=\"https:\/\/www.capgemini.com\/de-de\/unternehmen\/technologie-partner\/microsoft\/\" class=\"partner-box-title\" aria-label=\"\">\n        <div class=\"partner-box\">\n                                                     <div class=\"partner-box-bottom\">\n                        <img decoding=\"async\" loading=\"lazy\" src=\"https:\/\/www.capgemini.com\/wp-content\/uploads\/2024\/07\/microsoft.png?w=350&#038;quality=70\" alt=\"\" class=\"partner-box-logo light\">\n\n                                                    <img decoding=\"async\" loading=\"lazy\" src=\"https:\/\/www.capgemini.com\/wp-content\/uploads\/2025\/10\/Partners-microsoft.png?w=350&#038;quality=70\" alt=\"\" class=\"partner-box-logo dark\">\n\n                            \n                    <\/div>\n                                                    <\/div>\n            <\/a>\n    <\/div>\n\n\n\n\n<div class=\"col-6 col-md-4 col-lg-2 small\">\n            <a href=\"https:\/\/www.capgemini.com\/de-de\/unternehmen\/technologie-partner\/google-cloud\/\" class=\"partner-box-title\" aria-label=\"\">\n        <div class=\"partner-box\">\n                                                     <div class=\"partner-box-bottom\">\n                        <img decoding=\"async\" loading=\"lazy\" src=\"https:\/\/www.capgemini.com\/wp-content\/uploads\/2022\/05\/lockup_GoogleCloud_FullColor.png?w=350&#038;quality=70\" alt=\"\" class=\"partner-box-logo light\">\n\n                                                    <img decoding=\"async\" loading=\"lazy\" src=\"https:\/\/www.capgemini.com\/wp-content\/uploads\/2025\/10\/Partners-GoogleCloud.png?w=350&#038;quality=70\" alt=\"\" class=\"partner-box-logo dark\">\n\n                            \n                    <\/div>\n                                                    <\/div>\n            <\/a>\n    <\/div>\n\n<\/div><\/div><\/section>\n","protected":false},"excerpt":{"rendered":"","protected":false},"author":33,"featured_media":857698,"parent":743171,"menu_order":0,"comment_status":"closed","ping_status":"closed","template":"","meta":{"cg_dt_proposed_to":[],"cg_seo_hreflang_relations":"[]","cg_seo_canonical_relation":"","cg_seo_hreflang_x_default_relation":"{\"uuid\":\"a12b6afa-6e6e-4aab-82f3-fb8e91fbfb86\",\"blogId\":\"\",\"domain\":\"\",\"sitePath\":\"\",\"postLink\":\"\",\"postId\":null,\"isSaved\":true,\"isCrossLink\":false,\"hasCrossLink\":false}","cg_dt_approved_content":true,"cg_dt_mandatory_content":false,"cg_dt_notes":"","cg_dg_source_changed":true,"cg_dt_link_disabled":false,"_yoast_wpseo_primary_brand":"","footnotes":"","featured_focal_points":"","partner_card_description":"","gsap_animation":0},"brand":[],"partner_type":[],"service":[],"industry":[],"partners":[],"page-type":[287],"content-group":[],"class_list":["post-857697","page","type-page","status-publish","has-post-thumbnail","hentry","page-type-solutions"],"yoast_head":"<!-- This site is optimized with the Yoast SEO Premium plugin v22.8 (Yoast SEO v22.8) - https:\/\/yoast.com\/wordpress\/plugins\/seo\/ -->\n<title>RAISE \u2013 Reliable AI Solution Engineering - Capgemini<\/title>\n<meta name=\"description\" content=\"Mit RAISE (Reliable AI Solution Engineering) bietet Capgemini eine effiziente, interoperable und skalierbare Gen AI-Entwicklungsplattform, um branchen\u00fcbergreifend Mehrwert zu schaffen.\" \/>\n<meta name=\"robots\" content=\"index, follow, max-snippet:-1, max-image-preview:large, max-video-preview:-1\" \/>\n<link rel=\"canonical\" href=\"https:\/\/www.capgemini.com\/de-de\/solutions\/raise-reliable-ai-solution-engineering\/\" \/>\n<meta property=\"og:locale\" content=\"de_DE\" \/>\n<meta property=\"og:type\" content=\"article\" \/>\n<meta property=\"og:title\" content=\"RAISE \u2013 Reliable AI Solution Engineering - Capgemini\" \/>\n<meta property=\"og:description\" content=\"Mit RAISE (Reliable AI Solution Engineering) bietet Capgemini eine effiziente, interoperable und skalierbare Gen AI-Entwicklungsplattform, um branchen\u00fcbergreifend Mehrwert zu schaffen.\" \/>\n<meta property=\"og:url\" content=\"https:\/\/www.capgemini.com\/de-de\/solutions\/raise-reliable-ai-solution-engineering\/\" \/>\n<meta property=\"og:site_name\" content=\"Capgemini\" \/>\n<meta property=\"article:modified_time\" content=\"2026-01-22T07:47:59+00:00\" \/>\n<meta property=\"og:image\" content=\"https:\/\/www.capgemini.com\/de-de\/wp-content\/uploads\/sites\/8\/2025\/10\/New-Web-preview-global.jpg\" \/>\n\t<meta property=\"og:image:width\" content=\"1200\" \/>\n\t<meta property=\"og:image:height\" content=\"627\" \/>\n\t<meta property=\"og:image:type\" content=\"image\/jpeg\" \/>\n<meta name=\"twitter:card\" content=\"summary_large_image\" \/>\n<meta name=\"twitter:label1\" content=\"Est. reading time\" \/>\n\t<meta name=\"twitter:data1\" content=\"1 minute\" \/>\n<script type=\"application\/ld+json\" class=\"yoast-schema-graph\">{\"@context\":\"https:\/\/schema.org\",\"@graph\":[{\"@type\":\"WebPage\",\"@id\":\"https:\/\/www.capgemini.com\/de-de\/solutions\/raise-reliable-ai-solution-engineering\/\",\"url\":\"https:\/\/www.capgemini.com\/de-de\/solutions\/raise-reliable-ai-solution-engineering\/\",\"name\":\"RAISE \u2013 Reliable AI Solution Engineering - Capgemini\",\"isPartOf\":{\"@id\":\"https:\/\/www.capgemini.com\/de-de\/#website\"},\"primaryImageOfPage\":{\"@id\":\"https:\/\/www.capgemini.com\/de-de\/solutions\/raise-reliable-ai-solution-engineering\/#primaryimage\"},\"image\":{\"@id\":\"https:\/\/www.capgemini.com\/de-de\/solutions\/raise-reliable-ai-solution-engineering\/#primaryimage\"},\"thumbnailUrl\":\"https:\/\/www.capgemini.com\/de-de\/wp-content\/uploads\/sites\/8\/2024\/04\/Raise_SolutionPage_WebBanner.jpg\",\"datePublished\":\"2024-04-19T14:43:48+00:00\",\"dateModified\":\"2026-01-22T07:47:59+00:00\",\"description\":\"Mit RAISE (Reliable AI Solution Engineering) bietet Capgemini eine effiziente, interoperable und skalierbare Gen AI-Entwicklungsplattform, um branchen\u00fcbergreifend Mehrwert zu schaffen.\",\"breadcrumb\":{\"@id\":\"https:\/\/www.capgemini.com\/de-de\/solutions\/raise-reliable-ai-solution-engineering\/#breadcrumb\"},\"inLanguage\":\"de-DE\",\"potentialAction\":[{\"@type\":\"ReadAction\",\"target\":[\"https:\/\/www.capgemini.com\/de-de\/solutions\/raise-reliable-ai-solution-engineering\/\"]}]},{\"@type\":\"ImageObject\",\"inLanguage\":\"de-DE\",\"@id\":\"https:\/\/www.capgemini.com\/de-de\/solutions\/raise-reliable-ai-solution-engineering\/#primaryimage\",\"url\":\"https:\/\/www.capgemini.com\/de-de\/wp-content\/uploads\/sites\/8\/2024\/04\/Raise_SolutionPage_WebBanner.jpg\",\"contentUrl\":\"https:\/\/www.capgemini.com\/de-de\/wp-content\/uploads\/sites\/8\/2024\/04\/Raise_SolutionPage_WebBanner.jpg\",\"width\":2880,\"height\":1800},{\"@type\":\"BreadcrumbList\",\"@id\":\"https:\/\/www.capgemini.com\/de-de\/solutions\/raise-reliable-ai-solution-engineering\/#breadcrumb\",\"itemListElement\":[{\"@type\":\"ListItem\",\"position\":1,\"name\":\"Solutions\",\"item\":\"https:\/\/www.capgemini.com\/de-de\/solutions\/\"},{\"@type\":\"ListItem\",\"position\":2,\"name\":\"RAISE \u2013 Reliable AI Solution Engineering\"}]},{\"@type\":\"WebSite\",\"@id\":\"https:\/\/www.capgemini.com\/de-de\/#website\",\"url\":\"https:\/\/www.capgemini.com\/de-de\/\",\"name\":\"Capgemini Deutschland\",\"description\":\"Make it real\",\"potentialAction\":[{\"@type\":\"SearchAction\",\"target\":{\"@type\":\"EntryPoint\",\"urlTemplate\":\"https:\/\/www.capgemini.com\/de-de\/?s={search_term_string}\"},\"query-input\":\"required name=search_term_string\"}],\"inLanguage\":\"de-DE\"}]}<\/script>\n<!-- \/ Yoast SEO Premium plugin. -->","yoast_head_json":{"title":"RAISE \u2013 Reliable AI Solution Engineering - Capgemini","description":"Mit RAISE (Reliable AI Solution Engineering) bietet Capgemini eine effiziente, interoperable und skalierbare Gen AI-Entwicklungsplattform, um branchen\u00fcbergreifend Mehrwert zu schaffen.","robots":{"index":"index","follow":"follow","max-snippet":"max-snippet:-1","max-image-preview":"max-image-preview:large","max-video-preview":"max-video-preview:-1"},"canonical":"https:\/\/www.capgemini.com\/de-de\/solutions\/raise-reliable-ai-solution-engineering\/","og_locale":"de_DE","og_type":"article","og_title":"RAISE \u2013 Reliable AI Solution Engineering - Capgemini","og_description":"Mit RAISE (Reliable AI Solution Engineering) bietet Capgemini eine effiziente, interoperable und skalierbare Gen AI-Entwicklungsplattform, um branchen\u00fcbergreifend Mehrwert zu schaffen.","og_url":"https:\/\/www.capgemini.com\/de-de\/solutions\/raise-reliable-ai-solution-engineering\/","og_site_name":"Capgemini","article_modified_time":"2026-01-22T07:47:59+00:00","og_image":[{"width":1200,"height":627,"url":"https:\/\/www.capgemini.com\/de-de\/wp-content\/uploads\/sites\/8\/2025\/10\/New-Web-preview-global.jpg","type":"image\/jpeg"}],"twitter_card":"summary_large_image","twitter_misc":{"Est. reading time":"1 minute"},"schema":{"@context":"https:\/\/schema.org","@graph":[{"@type":"WebPage","@id":"https:\/\/www.capgemini.com\/de-de\/solutions\/raise-reliable-ai-solution-engineering\/","url":"https:\/\/www.capgemini.com\/de-de\/solutions\/raise-reliable-ai-solution-engineering\/","name":"RAISE \u2013 Reliable AI Solution Engineering - Capgemini","isPartOf":{"@id":"https:\/\/www.capgemini.com\/de-de\/#website"},"primaryImageOfPage":{"@id":"https:\/\/www.capgemini.com\/de-de\/solutions\/raise-reliable-ai-solution-engineering\/#primaryimage"},"image":{"@id":"https:\/\/www.capgemini.com\/de-de\/solutions\/raise-reliable-ai-solution-engineering\/#primaryimage"},"thumbnailUrl":"https:\/\/www.capgemini.com\/de-de\/wp-content\/uploads\/sites\/8\/2024\/04\/Raise_SolutionPage_WebBanner.jpg","datePublished":"2024-04-19T14:43:48+00:00","dateModified":"2026-01-22T07:47:59+00:00","description":"Mit RAISE (Reliable AI Solution Engineering) bietet Capgemini eine effiziente, interoperable und skalierbare Gen AI-Entwicklungsplattform, um branchen\u00fcbergreifend Mehrwert zu schaffen.","breadcrumb":{"@id":"https:\/\/www.capgemini.com\/de-de\/solutions\/raise-reliable-ai-solution-engineering\/#breadcrumb"},"inLanguage":"de-DE","potentialAction":[{"@type":"ReadAction","target":["https:\/\/www.capgemini.com\/de-de\/solutions\/raise-reliable-ai-solution-engineering\/"]}]},{"@type":"ImageObject","inLanguage":"de-DE","@id":"https:\/\/www.capgemini.com\/de-de\/solutions\/raise-reliable-ai-solution-engineering\/#primaryimage","url":"https:\/\/www.capgemini.com\/de-de\/wp-content\/uploads\/sites\/8\/2024\/04\/Raise_SolutionPage_WebBanner.jpg","contentUrl":"https:\/\/www.capgemini.com\/de-de\/wp-content\/uploads\/sites\/8\/2024\/04\/Raise_SolutionPage_WebBanner.jpg","width":2880,"height":1800},{"@type":"BreadcrumbList","@id":"https:\/\/www.capgemini.com\/de-de\/solutions\/raise-reliable-ai-solution-engineering\/#breadcrumb","itemListElement":[{"@type":"ListItem","position":1,"name":"Solutions","item":"https:\/\/www.capgemini.com\/de-de\/solutions\/"},{"@type":"ListItem","position":2,"name":"RAISE \u2013 Reliable AI Solution Engineering"}]},{"@type":"WebSite","@id":"https:\/\/www.capgemini.com\/de-de\/#website","url":"https:\/\/www.capgemini.com\/de-de\/","name":"Capgemini Deutschland","description":"Make it real","potentialAction":[{"@type":"SearchAction","target":{"@type":"EntryPoint","urlTemplate":"https:\/\/www.capgemini.com\/de-de\/?s={search_term_string}"},"query-input":"required name=search_term_string"}],"inLanguage":"de-DE"}]}},"brand_term":[],"parsely":{"version":"1.1.0","canonical_url":"https:\/\/capgemini.com\/de-de\/solutions\/raise-reliable-ai-solution-engineering\/","smart_links":{"inbound":0,"outbound":0},"traffic_boost_suggestions_count":0,"meta":{"@context":"https:\/\/schema.org","@type":"WebPage","headline":"RAISE \u2013 Reliable AI Solution Engineering","url":"http:\/\/www.capgemini.com\/de-de\/solutions\/raise-reliable-ai-solution-engineering\/","mainEntityOfPage":{"@type":"WebPage","@id":"http:\/\/www.capgemini.com\/de-de\/solutions\/raise-reliable-ai-solution-engineering\/"},"thumbnailUrl":"https:\/\/www.capgemini.com\/de-de\/wp-content\/uploads\/sites\/8\/2024\/04\/Raise_SolutionPage_WebBanner.jpg?w=150&h=150&crop=1","image":{"@type":"ImageObject","url":"https:\/\/www.capgemini.com\/de-de\/wp-content\/uploads\/sites\/8\/2024\/04\/Raise_SolutionPage_WebBanner.jpg"},"articleSection":"Uncategorized","author":[],"creator":[],"publisher":{"@type":"Organization","name":"Capgemini","logo":""},"keywords":[],"dateCreated":"2024-04-19T14:43:48Z","datePublished":"2024-04-19T14:43:48Z","dateModified":"2026-01-22T07:47:59Z"},"rendered":"<script type=\"application\/ld+json\" class=\"wp-parsely-metadata\">{\"@context\":\"https:\\\/\\\/schema.org\",\"@type\":\"WebPage\",\"headline\":\"RAISE \\u2013 Reliable AI Solution Engineering\",\"url\":\"http:\\\/\\\/www.capgemini.com\\\/de-de\\\/solutions\\\/raise-reliable-ai-solution-engineering\\\/\",\"mainEntityOfPage\":{\"@type\":\"WebPage\",\"@id\":\"http:\\\/\\\/www.capgemini.com\\\/de-de\\\/solutions\\\/raise-reliable-ai-solution-engineering\\\/\"},\"thumbnailUrl\":\"https:\\\/\\\/www.capgemini.com\\\/de-de\\\/wp-content\\\/uploads\\\/sites\\\/8\\\/2024\\\/04\\\/Raise_SolutionPage_WebBanner.jpg?w=150&h=150&crop=1\",\"image\":{\"@type\":\"ImageObject\",\"url\":\"https:\\\/\\\/www.capgemini.com\\\/de-de\\\/wp-content\\\/uploads\\\/sites\\\/8\\\/2024\\\/04\\\/Raise_SolutionPage_WebBanner.jpg\"},\"articleSection\":\"Uncategorized\",\"author\":[],\"creator\":[],\"publisher\":{\"@type\":\"Organization\",\"name\":\"Capgemini\",\"logo\":\"\"},\"keywords\":[],\"dateCreated\":\"2024-04-19T14:43:48Z\",\"datePublished\":\"2024-04-19T14:43:48Z\",\"dateModified\":\"2026-01-22T07:47:59Z\"}<\/script>","tracker_url":"https:\/\/cdn.parsely.com\/keys\/capgemini.com\/p.js"},"archive_status":false,"featured_image_src":"https:\/\/www.capgemini.com\/de-de\/wp-content\/uploads\/sites\/8\/2024\/04\/Raise_SolutionPage_WebBanner.jpg","featured_image_alt":"","jetpack_sharing_enabled":true,"distributor_meta":false,"distributor_terms":false,"distributor_media":false,"distributor_original_site_name":"Capgemini","distributor_original_site_url":"https:\/\/www.capgemini.com\/de-de","push-errors":false,"_links":{"self":[{"href":"https:\/\/www.capgemini.com\/de-de\/wp-json\/wp\/v2\/pages\/857697","targetHints":{"allow":["GET"]}}],"collection":[{"href":"https:\/\/www.capgemini.com\/de-de\/wp-json\/wp\/v2\/pages"}],"about":[{"href":"https:\/\/www.capgemini.com\/de-de\/wp-json\/wp\/v2\/types\/page"}],"author":[{"embeddable":true,"href":"https:\/\/www.capgemini.com\/de-de\/wp-json\/wp\/v2\/users\/33"}],"replies":[{"embeddable":true,"href":"https:\/\/www.capgemini.com\/de-de\/wp-json\/wp\/v2\/comments?post=857697"}],"version-history":[{"count":16,"href":"https:\/\/www.capgemini.com\/de-de\/wp-json\/wp\/v2\/pages\/857697\/revisions"}],"predecessor-version":[{"id":890429,"href":"https:\/\/www.capgemini.com\/de-de\/wp-json\/wp\/v2\/pages\/857697\/revisions\/890429"}],"up":[{"embeddable":true,"href":"https:\/\/www.capgemini.com\/de-de\/wp-json\/wp\/v2\/pages\/743171"}],"wp:featuredmedia":[{"embeddable":true,"href":"https:\/\/www.capgemini.com\/de-de\/wp-json\/wp\/v2\/media\/857698"}],"wp:attachment":[{"href":"https:\/\/www.capgemini.com\/de-de\/wp-json\/wp\/v2\/media?parent=857697"}],"wp:term":[{"taxonomy":"brand","embeddable":true,"href":"https:\/\/www.capgemini.com\/de-de\/wp-json\/wp\/v2\/brand?post=857697"},{"taxonomy":"partner_type","embeddable":true,"href":"https:\/\/www.capgemini.com\/de-de\/wp-json\/wp\/v2\/partner_type?post=857697"},{"taxonomy":"service","embeddable":true,"href":"https:\/\/www.capgemini.com\/de-de\/wp-json\/wp\/v2\/service?post=857697"},{"taxonomy":"industry","embeddable":true,"href":"https:\/\/www.capgemini.com\/de-de\/wp-json\/wp\/v2\/industry?post=857697"},{"taxonomy":"partners","embeddable":true,"href":"https:\/\/www.capgemini.com\/de-de\/wp-json\/wp\/v2\/partners?post=857697"},{"taxonomy":"page-type","embeddable":true,"href":"https:\/\/www.capgemini.com\/de-de\/wp-json\/wp\/v2\/page-type?post=857697"},{"taxonomy":"content-group","embeddable":true,"href":"https:\/\/www.capgemini.com\/de-de\/wp-json\/wp\/v2\/content-group?post=857697"}],"curies":[{"name":"wp","href":"https:\/\/api.w.org\/{rel}","templated":true}]}}