{"id":856939,"date":"2024-04-04T13:32:31","date_gmt":"2024-04-04T13:32:31","guid":{"rendered":"https:\/\/www.capgemini.com\/de-de\/?page_id=856939&#038;preview_id=856939"},"modified":"2026-01-22T07:48:07","modified_gmt":"2026-01-22T07:48:07","slug":"generative-ai-for-the-public-sector","status":"publish","type":"page","link":"https:\/\/www.capgemini.com\/de-de\/solutions\/generative-ai-for-the-public-sector\/","title":{"rendered":"Generative KI &#8211; eine transformative Technologie f\u00fcr den \u00f6ffentlichen Sektor"},"content":{"rendered":"\n<header class=\"wp-block-cg-blocks-hero-reusable header heroReusable  \"><div class=\"header-bgs\"><picture><source srcset=\"https:\/\/www.capgemini.com\/wp-content\/uploads\/2024\/02\/Gen-AI-PS_Web-Banner.jpg?w=2880&amp;quality=70 1x, https:\/\/www.capgemini.com\/wp-content\/uploads\/2024\/02\/Gen-AI-PS_Web-Banner.jpg?w=2880&amp;quality=70 2x\" media=\"(min-width: 1500px)\"\/><source srcset=\"https:\/\/www.capgemini.com\/wp-content\/uploads\/2024\/02\/Gen-AI-PS_Web-Banner.jpg?w=1440&amp;quality=70 1x, https:\/\/www.capgemini.com\/wp-content\/uploads\/2024\/02\/Gen-AI-PS_Web-Banner.jpg?w=2880&amp;quality=70 2x\" media=\"(min-width: 992px)\"\/><source srcset=\"https:\/\/www.capgemini.com\/wp-content\/uploads\/2024\/02\/Gen-AI-PS_Web-Banner.jpg?w=1024&amp;quality=70 1x, https:\/\/www.capgemini.com\/wp-content\/uploads\/2024\/02\/Gen-AI-PS_Web-Banner.jpg?w=1024&amp;quality=70 2x\" media=\"(min-width: 768px)\"\/><source srcset=\"https:\/\/www.capgemini.com\/wp-content\/uploads\/2024\/02\/Gen-AI-PS_Web-Banner.jpg?w=768&amp;quality=70 1x, https:\/\/www.capgemini.com\/wp-content\/uploads\/2024\/02\/Gen-AI-PS_Web-Banner.jpg?w=768&amp;quality=70 2x\" media=\"(min-width: 0)\"\/><img decoding=\"async\" src=\"https:\/\/www.capgemini.com\/wp-content\/uploads\/2024\/02\/Gen-AI-PS_Web-Banner.jpg\" class=\"header-img header-img-d\" alt=\"\" style=\"object-fit:cover;object-position:50% 50%\" loading=\"eager\"\/><\/picture><\/div><div class=\"heroPictureCardHeaderShape\"><\/div><div class=\"container\"><div class=\"row\"><div class=\"col-md-12\"><div class=\"box\"><div class=\"boxTagWrapper\"><div class=\"tagInfo\"><div><span class=\"box-tag\">Solution<\/span><\/div><\/div><\/div><div class=\"box-title\"><h1 data-maxlength=\"34\">Generative KI &#8211; eine transformative Technologie f\u00fcr den \u00f6ffentlichen Sektor<\/h1><\/div><h2 class=\"reasearchInsightTitle\">Steigerung der Prozesseffizienz und Dienstleistungsqualit\u00e4t<\/h2><div class=\"inner-row-insight download-btn\"><div class=\"col-md-4 downloadFiles addPadding\"><a class=\"button-download--small\" type=\"download\" href=\"https:\/\/www.capgemini.com\/wp-content\/uploads\/2024\/03\/GENAI-4-Public-Sector-PoV_v2.pdf\" target=\"_blank\" rel=\"noopener noreferrer\" title=\"In neuem Fenster \u00f6ffnen\"><span>Download PoV<\/span><span class=\"type\">9 MB pdf<\/span><\/a><\/div><\/div><\/div><\/div><\/div><\/div><\/header>\n\n\n\n<section class=\"wp-block-cg-blocks-group undefined section section--article-content\"><div class=\"article-main-content\"><div class=\"container\"><div class=\"row\"><div class=\"col-12 col-md-1\"><nav class=\"article-social\"><ul class=\"social-nav\"><li class=\"ip-order-fb\"><a href=\"https:\/\/www.facebook.com\/sharer\/sharer.php?u=https:\/\/www.capgemini.com\/?page_id=991182\" target=\"_blank\" rel=\"noopener noreferrer\" title=\"In neuem Fenster \u00f6ffnen\"><i aria-hidden=\"true\" class=\"icon-fb\"><\/i><span class=\"sr-only\">Facebook<\/span><\/a><\/li><li class=\"ip-order-tw\"><a href=\"https:\/\/twitter.com\/intent\/tweet?url=https:\/\/www.capgemini.com\/?page_id=991182&amp;text=\" target=\"_blank\" rel=\"noopener noreferrer\" title=\"In neuem Fenster \u00f6ffnen\"><i aria-hidden=\"true\" class=\"icon-tw\"><\/i><span class=\"sr-only\">Twitter<\/span><\/a><\/li><li class=\"ip-order-li\"><a href=\"https:\/\/www.linkedin.com\/shareArticle?url=https:\/\/www.capgemini.com\/?page_id=991182&amp;text=\" target=\"_blank\" rel=\"noopener noreferrer\" title=\"In neuem Fenster \u00f6ffnen\"><i aria-hidden=\"true\" class=\"icon-li\"><\/i><span class=\"sr-only\">Linkedin<\/span><\/a><\/li><\/ul><\/nav><\/div><div class=\"col-12 col-md-11 col-lg-10\"><div class=\"article-text article-quote-text\">\n<p>Wie keine andere Technologie hat die generative KI das Potenzial, die Effizienz von Prozessen und die Qualit\u00e4t von Dienstleistungen im \u00f6ffentlichen Sektor zu verbessern &#8211; und die Art und Weise, wie Beh\u00f6rden arbeiten, grundlegend zu ver\u00e4ndern. Wenn sie richtig eingesetzt wird, kann die generative KI dem \u00f6ffentlichen Sektor helfen, die dr\u00e4ngendsten Probleme von heute zu l\u00f6sen und das Vertrauen und die Zufriedenheit der B\u00fcrgerinnen und B\u00fcrger in die \u00f6ffentlichen Dienste zu sichern.<\/p>\n\n\n\n<p>F\u00fcr den \u00f6ffentlichen Sektor stellt sich nicht so sehr die Frage, ob er generative KI einsetzen wird, sondern wie.<\/p>\n<\/div><\/div><\/div><\/div><\/div><\/section>\n\n\n\n<section class=\"wp-block-cg-blocks-intro-para-video section section--info-2cols section--insights section-video \"><div class=\"bg-color video-align-right\"><div class=\"container\"><div class=\"row video-align-left\"><div class=\"col-md-12\"><div class=\"video-align-left row box box--4 box--mini\"><div class=\"col-md-3\"><h3 class=\"Video-title\" data-maxlength=\"34\">Generative AI<\/h3><div class=\"video-info\"><p data-maxlength=\"68\">On the rise for the public sector<\/p><\/div><\/div><div class=\"col-md-8 box-img-wrapper\"><div class=\"video-box\"><div class=\"video-wrapper\"><iframe title=\"video-section\" src=\"https:\/\/www.youtube.com\/embed\/8QiB0lJCKQc?rel=0&amp;modestbranding=1&amp;playsinline=1&amp;enablejsapi=1\" frameborder=\"0\" allow=\"accelerometer; autoplay; clipboard-write; encrypted-media; gyroscope; picture-in-picture\" allowfullscreen loading=\"lazy\" referrerpolicy=\"strict-origin-when-cross-origin\"><\/iframe><\/div><\/div><\/div><div class=\"col-md-1\"><\/div><\/div><\/div><\/div><\/div><\/div><\/section>\n\n\n\n<section class=\"wp-block-cg-blocks-group undefined section section--article-content\"><div class=\"article-main-content\"><div class=\"container\"><div class=\"row\"><div class=\"col-12 col-md-11 col-lg-10 offset-md-1 offset-lg-1\"><div class=\"article-text article-quote-text\">\n<h3 class=\"wp-block-heading\" id=\"h-generative-ki-ist-ein-katalysator-des-wandels\">Generative KI ist ein Katalysator des Wandels.<\/h3>\n\n\n\n<p>In der eher stabilen Landschaft der \u00f6ffentlichen Dienste erweist sich die generative KI als Katalysator f\u00fcr Ver\u00e4nderungen. Mit ihrer Benutzerfreundlichkeit und breiten Anwendbarkeit ver\u00e4ndert die generative KI rasch die Art und Weise, wie wir leben, arbeiten und Informationen konsumieren &#8211; und \u00f6ffentliche Organisationen sind aufgefordert, das dreifache Technologie- und Innovationspotenzial der generativen KI zu nutzen.<\/p>\n\n\n\n<p>Erstens bietet die generative KI dem \u00f6ffentlichen Sektor die M\u00f6glichkeit, effizienter zu werden, indem sie die Verarbeitung unstrukturierter Daten und die Erstellung von Inhalten und Code erheblich beschleunigt. Zweitens kann sie durch ihre F\u00e4higkeit, gro\u00dfe Mengen an Text, Bildern und Audioinhalten zu durchsuchen, dem \u00f6ffentlichen Sektor helfen, neue Erkenntnisse zu gewinnen und intelligentere Entscheidungen zu treffen. Und drittens k\u00f6nnen \u00f6ffentliche Verwaltungen beispielsweise durch die Bereitstellung von rund um die Uhr verf\u00fcgbaren KI-Chatbots und schlanken Selbstbedienungsplattformen die Dienstleistungserfahrungen der B\u00fcrgerinnen und B\u00fcrger erheblich verbessern.<\/p>\n\n\n\n<div style=\"height:30px\" aria-hidden=\"true\" class=\"wp-block-spacer\"><\/div>\n\n\n\n<blockquote class=\"wp-block-quote is-layout-flow wp-block-quote-is-layout-flow\">\n<p>&#8220;Die entscheidende Frage bei der generativen KI ist, wie wir als Gesellschaft sicherstellen k\u00f6nnen, dass wir sie nutzen und ihren Missbrauch verhindern &#8211; damit sie unsere F\u00e4higkeit verbessert, die richtigen Entscheidungen zu treffen, und ethisches Verhalten f\u00f6rdert. Wenn uns dies gelingt, ist der potenzielle Beitrag der generativen KI f\u00fcr den \u00f6ffentlichen Dienst und das Gemeinwohl wirklich erstaunlich&#8221;.<\/p>\n<cite>Dr. Philipp Fuerst, VP Data-Driven Government &amp; Offer Leader, Global Public Sector<\/cite><\/blockquote>\n\n\n\n<div style=\"height:30px\" aria-hidden=\"true\" class=\"wp-block-spacer\"><\/div>\n\n\n\n<h3 class=\"wp-block-heading\" id=\"h-die-richtige-balance-finden-um-gen-ai-im-offentlichen-sektor-zu-implementieren\">Die richtige Balance finden, um Gen AI im \u00f6ffentlichen Sektor zu implementieren.<\/h3>\n\n\n\n<p>Die generative KI bringt jedoch auch Herausforderungen mit sich. Generative KI-Modelle sind anf\u00e4llig f\u00fcr Fehler und Halluzinationen und k\u00f6nnen ungenaue oder voreingenommene Ergebnisse liefern, was f\u00fcr staatliche Stellen inakzeptabel ist. Daher sind Transparenz und Erkl\u00e4rbarkeit f\u00fcr die Akzeptanz im \u00f6ffentlichen Sektor unerl\u00e4sslich, um Vertrauen und Rechenschaftspflicht zu gew\u00e4hrleisten.<\/p>\n\n\n\n<p>Tats\u00e4chlich liegt die Zukunft der generativen KI darin, das richtige Gleichgewicht zwischen der Nutzung der Vorteile und der Verringerung der Risiken zu finden. Anwendungen im realen Leben zeigen das Potenzial der generativen KI, aber Ethik und Compliance m\u00fcssen an erster Stelle stehen.<\/p>\n\n\n\n<p>Capgemini ist ein vertrauensw\u00fcrdiger Partner, der auf die Daten- und KI-Expertise von \u00fcber 30.000 Daten- und KI-Beratern weltweit zur\u00fcckgreifen kann. Wir unterst\u00fctzen \u00f6ffentliche Organisationen dabei, das Potenzial generativer KI auszusch\u00f6pfen und gleichzeitig Ethik, Datenschutz, Sicherheit und Transparenz zu gew\u00e4hrleisten.<\/p>\n\n\n\n<p>Generative KI erm\u00f6glicht es \u00f6ffentlichen Verwaltungen, die Innovationsl\u00fccke zu schlie\u00dfen und die Bereitstellung von Dienstleistungen zum Nutzen der B\u00fcrger neu zu gestalten.<\/p>\n<\/div><\/div><\/div><\/div><\/div><\/section>\n\n\n\n<section class=\"wp-block-cg-blocks-wrapper-partners undefined section section--partners-small\"><div class=\"container\"><div class=\"content-title\"><h3>Partner<\/h3><\/div><div class=\"row\">\n\n<div class=\"col-6 col-md-4 col-lg-2 small\">\n            <a href=\"https:\/\/www.capgemini.com\/de-de\/unternehmen\/technologie-partner\/microsoft\/\" class=\"partner-box-title\" aria-label=\"\">\n        <div class=\"partner-box\">\n                                                     <div class=\"partner-box-bottom\">\n                        <img decoding=\"async\" loading=\"lazy\" src=\"https:\/\/www.capgemini.com\/wp-content\/uploads\/2024\/07\/microsoft.png?w=350&#038;quality=70\" alt=\"\" class=\"partner-box-logo light\">\n\n                                                    <img decoding=\"async\" loading=\"lazy\" src=\"https:\/\/www.capgemini.com\/wp-content\/uploads\/2025\/10\/Partners-microsoft.png?w=350&#038;quality=70\" alt=\"\" class=\"partner-box-logo dark\">\n\n                            \n                    <\/div>\n                                                    <\/div>\n            <\/a>\n    <\/div>\n\n\n\n<div class=\"col-6 col-md-4 col-lg-2 small\">\n            <a href=\"https:\/\/www.capgemini.com\/de-de\/unternehmen\/technologie-partner\/amazon-web-services\/\" class=\"partner-box-title\" aria-label=\"\">\n        <div class=\"partner-box\">\n                                                     <div class=\"partner-box-bottom\">\n                        <img decoding=\"async\" loading=\"lazy\" src=\"https:\/\/www.capgemini.com\/wp-content\/uploads\/2024\/07\/aws.png?w=350&#038;quality=70\" alt=\"\" class=\"partner-box-logo light\">\n\n                                                    <img decoding=\"async\" loading=\"lazy\" src=\"https:\/\/www.capgemini.com\/wp-content\/uploads\/2025\/10\/Partners-AWS.png?w=350&#038;quality=70\" alt=\"\" class=\"partner-box-logo dark\">\n\n                            \n                    <\/div>\n                                                    <\/div>\n            <\/a>\n    <\/div>\n\n\n<\/div><\/div><\/section>\n","protected":false},"excerpt":{"rendered":"","protected":false},"author":440,"featured_media":856950,"parent":743171,"menu_order":0,"comment_status":"closed","ping_status":"closed","template":"","meta":{"cg_dt_proposed_to":[],"cg_seo_hreflang_relations":"[]","cg_seo_canonical_relation":"","cg_seo_hreflang_x_default_relation":"{\"uuid\":\"11405680-286c-4735-ae23-3fe616fb6ad0\",\"blogId\":\"\",\"domain\":\"\",\"sitePath\":\"\",\"postLink\":\"\",\"postId\":null,\"isSaved\":true,\"isCrossLink\":false,\"hasCrossLink\":false}","cg_dt_approved_content":true,"cg_dt_mandatory_content":false,"cg_dt_notes":"","cg_dg_source_changed":true,"cg_dt_link_disabled":false,"_yoast_wpseo_primary_brand":"","footnotes":"","featured_focal_points":"","partner_card_description":"","gsap_animation":0},"brand":[],"partner_type":[],"service":[],"industry":[],"partners":[],"page-type":[287],"content-group":[],"class_list":["post-856939","page","type-page","status-publish","has-post-thumbnail","hentry","page-type-solutions"],"yoast_head":"<!-- This site is optimized with the Yoast SEO Premium plugin v22.8 (Yoast SEO v22.8) - https:\/\/yoast.com\/wordpress\/plugins\/seo\/ -->\n<title>Gen AI, a transformative technology for the public sector - Capgemini<\/title>\n<meta name=\"description\" content=\"For the public sector the question is not so much whether but how it will employ generative AI. Find out more.\" \/>\n<meta name=\"robots\" content=\"index, follow, max-snippet:-1, max-image-preview:large, max-video-preview:-1\" \/>\n<link rel=\"canonical\" href=\"https:\/\/www.capgemini.com\/de-de\/solutions\/generative-ai-for-the-public-sector\/\" \/>\n<meta property=\"og:locale\" content=\"de_DE\" \/>\n<meta property=\"og:type\" content=\"article\" \/>\n<meta property=\"og:title\" content=\"Gen AI, a transformative technology for the public sector - Capgemini\" \/>\n<meta property=\"og:description\" content=\"For the public sector the question is not so much whether but how it will employ generative AI. Find out more.\" \/>\n<meta property=\"og:url\" content=\"https:\/\/www.capgemini.com\/de-de\/solutions\/generative-ai-for-the-public-sector\/\" \/>\n<meta property=\"og:site_name\" content=\"Capgemini\" \/>\n<meta property=\"article:modified_time\" content=\"2026-01-22T07:48:07+00:00\" \/>\n<meta property=\"og:image\" content=\"https:\/\/www.capgemini.com\/de-de\/wp-content\/uploads\/sites\/8\/2025\/10\/New-Web-preview-global.jpg\" \/>\n\t<meta property=\"og:image:width\" content=\"1200\" \/>\n\t<meta property=\"og:image:height\" content=\"627\" \/>\n\t<meta property=\"og:image:type\" content=\"image\/jpeg\" \/>\n<meta name=\"twitter:card\" content=\"summary_large_image\" \/>\n<meta name=\"twitter:label1\" content=\"Est. reading time\" \/>\n\t<meta name=\"twitter:data1\" content=\"3 minutes\" \/>\n<script type=\"application\/ld+json\" class=\"yoast-schema-graph\">{\"@context\":\"https:\/\/schema.org\",\"@graph\":[{\"@type\":\"WebPage\",\"@id\":\"https:\/\/www.capgemini.com\/de-de\/solutions\/generative-ai-for-the-public-sector\/\",\"url\":\"https:\/\/www.capgemini.com\/de-de\/solutions\/generative-ai-for-the-public-sector\/\",\"name\":\"Gen AI, a transformative technology for the public sector - Capgemini\",\"isPartOf\":{\"@id\":\"https:\/\/www.capgemini.com\/de-de\/#website\"},\"primaryImageOfPage\":{\"@id\":\"https:\/\/www.capgemini.com\/de-de\/solutions\/generative-ai-for-the-public-sector\/#primaryimage\"},\"image\":{\"@id\":\"https:\/\/www.capgemini.com\/de-de\/solutions\/generative-ai-for-the-public-sector\/#primaryimage\"},\"thumbnailUrl\":\"https:\/\/www.capgemini.com\/de-de\/wp-content\/uploads\/sites\/8\/2024\/04\/Gen-AI-PS_Web-Banner.jpg\",\"datePublished\":\"2024-04-04T13:32:31+00:00\",\"dateModified\":\"2026-01-22T07:48:07+00:00\",\"description\":\"For the public sector the question is not so much whether but how it will employ generative AI. Find out more.\",\"breadcrumb\":{\"@id\":\"https:\/\/www.capgemini.com\/de-de\/solutions\/generative-ai-for-the-public-sector\/#breadcrumb\"},\"inLanguage\":\"de-DE\",\"potentialAction\":[{\"@type\":\"ReadAction\",\"target\":[\"https:\/\/www.capgemini.com\/de-de\/solutions\/generative-ai-for-the-public-sector\/\"]}]},{\"@type\":\"ImageObject\",\"inLanguage\":\"de-DE\",\"@id\":\"https:\/\/www.capgemini.com\/de-de\/solutions\/generative-ai-for-the-public-sector\/#primaryimage\",\"url\":\"https:\/\/www.capgemini.com\/de-de\/wp-content\/uploads\/sites\/8\/2024\/04\/Gen-AI-PS_Web-Banner.jpg\",\"contentUrl\":\"https:\/\/www.capgemini.com\/de-de\/wp-content\/uploads\/sites\/8\/2024\/04\/Gen-AI-PS_Web-Banner.jpg\",\"width\":2880,\"height\":1800},{\"@type\":\"BreadcrumbList\",\"@id\":\"https:\/\/www.capgemini.com\/de-de\/solutions\/generative-ai-for-the-public-sector\/#breadcrumb\",\"itemListElement\":[{\"@type\":\"ListItem\",\"position\":1,\"name\":\"Solutions\",\"item\":\"https:\/\/www.capgemini.com\/de-de\/solutions\/\"},{\"@type\":\"ListItem\",\"position\":2,\"name\":\"Generative KI &#8211; eine transformative Technologie f\u00fcr den \u00f6ffentlichen Sektor\"}]},{\"@type\":\"WebSite\",\"@id\":\"https:\/\/www.capgemini.com\/de-de\/#website\",\"url\":\"https:\/\/www.capgemini.com\/de-de\/\",\"name\":\"Capgemini Deutschland\",\"description\":\"Make it real\",\"potentialAction\":[{\"@type\":\"SearchAction\",\"target\":{\"@type\":\"EntryPoint\",\"urlTemplate\":\"https:\/\/www.capgemini.com\/de-de\/?s={search_term_string}\"},\"query-input\":\"required name=search_term_string\"}],\"inLanguage\":\"de-DE\"}]}<\/script>\n<!-- \/ Yoast SEO Premium plugin. -->","yoast_head_json":{"title":"Gen AI, a transformative technology for the public sector - Capgemini","description":"For the public sector the question is not so much whether but how it will employ generative AI. Find out more.","robots":{"index":"index","follow":"follow","max-snippet":"max-snippet:-1","max-image-preview":"max-image-preview:large","max-video-preview":"max-video-preview:-1"},"canonical":"https:\/\/www.capgemini.com\/de-de\/solutions\/generative-ai-for-the-public-sector\/","og_locale":"de_DE","og_type":"article","og_title":"Gen AI, a transformative technology for the public sector - Capgemini","og_description":"For the public sector the question is not so much whether but how it will employ generative AI. Find out more.","og_url":"https:\/\/www.capgemini.com\/de-de\/solutions\/generative-ai-for-the-public-sector\/","og_site_name":"Capgemini","article_modified_time":"2026-01-22T07:48:07+00:00","og_image":[{"width":1200,"height":627,"url":"https:\/\/www.capgemini.com\/de-de\/wp-content\/uploads\/sites\/8\/2025\/10\/New-Web-preview-global.jpg","type":"image\/jpeg"}],"twitter_card":"summary_large_image","twitter_misc":{"Est. reading time":"3 minutes"},"schema":{"@context":"https:\/\/schema.org","@graph":[{"@type":"WebPage","@id":"https:\/\/www.capgemini.com\/de-de\/solutions\/generative-ai-for-the-public-sector\/","url":"https:\/\/www.capgemini.com\/de-de\/solutions\/generative-ai-for-the-public-sector\/","name":"Gen AI, a transformative technology for the public sector - Capgemini","isPartOf":{"@id":"https:\/\/www.capgemini.com\/de-de\/#website"},"primaryImageOfPage":{"@id":"https:\/\/www.capgemini.com\/de-de\/solutions\/generative-ai-for-the-public-sector\/#primaryimage"},"image":{"@id":"https:\/\/www.capgemini.com\/de-de\/solutions\/generative-ai-for-the-public-sector\/#primaryimage"},"thumbnailUrl":"https:\/\/www.capgemini.com\/de-de\/wp-content\/uploads\/sites\/8\/2024\/04\/Gen-AI-PS_Web-Banner.jpg","datePublished":"2024-04-04T13:32:31+00:00","dateModified":"2026-01-22T07:48:07+00:00","description":"For the public sector the question is not so much whether but how it will employ generative AI. Find out more.","breadcrumb":{"@id":"https:\/\/www.capgemini.com\/de-de\/solutions\/generative-ai-for-the-public-sector\/#breadcrumb"},"inLanguage":"de-DE","potentialAction":[{"@type":"ReadAction","target":["https:\/\/www.capgemini.com\/de-de\/solutions\/generative-ai-for-the-public-sector\/"]}]},{"@type":"ImageObject","inLanguage":"de-DE","@id":"https:\/\/www.capgemini.com\/de-de\/solutions\/generative-ai-for-the-public-sector\/#primaryimage","url":"https:\/\/www.capgemini.com\/de-de\/wp-content\/uploads\/sites\/8\/2024\/04\/Gen-AI-PS_Web-Banner.jpg","contentUrl":"https:\/\/www.capgemini.com\/de-de\/wp-content\/uploads\/sites\/8\/2024\/04\/Gen-AI-PS_Web-Banner.jpg","width":2880,"height":1800},{"@type":"BreadcrumbList","@id":"https:\/\/www.capgemini.com\/de-de\/solutions\/generative-ai-for-the-public-sector\/#breadcrumb","itemListElement":[{"@type":"ListItem","position":1,"name":"Solutions","item":"https:\/\/www.capgemini.com\/de-de\/solutions\/"},{"@type":"ListItem","position":2,"name":"Generative KI &#8211; eine transformative Technologie f\u00fcr den \u00f6ffentlichen Sektor"}]},{"@type":"WebSite","@id":"https:\/\/www.capgemini.com\/de-de\/#website","url":"https:\/\/www.capgemini.com\/de-de\/","name":"Capgemini Deutschland","description":"Make it real","potentialAction":[{"@type":"SearchAction","target":{"@type":"EntryPoint","urlTemplate":"https:\/\/www.capgemini.com\/de-de\/?s={search_term_string}"},"query-input":"required name=search_term_string"}],"inLanguage":"de-DE"}]}},"brand_term":[],"parsely":{"version":"1.1.0","canonical_url":"https:\/\/capgemini.com\/de-de\/solutions\/generative-ai-for-the-public-sector\/","smart_links":{"inbound":0,"outbound":0},"traffic_boost_suggestions_count":0,"meta":{"@context":"https:\/\/schema.org","@type":"WebPage","headline":"Generative KI &#8211; eine transformative Technologie f\u00fcr den \u00f6ffentlichen Sektor","url":"http:\/\/www.capgemini.com\/de-de\/solutions\/generative-ai-for-the-public-sector\/","mainEntityOfPage":{"@type":"WebPage","@id":"http:\/\/www.capgemini.com\/de-de\/solutions\/generative-ai-for-the-public-sector\/"},"thumbnailUrl":"https:\/\/www.capgemini.com\/de-de\/wp-content\/uploads\/sites\/8\/2024\/04\/Gen-AI-PS_Web-Banner.jpg?w=150&h=150&crop=1","image":{"@type":"ImageObject","url":"https:\/\/www.capgemini.com\/de-de\/wp-content\/uploads\/sites\/8\/2024\/04\/Gen-AI-PS_Web-Banner.jpg"},"articleSection":"Uncategorized","author":[],"creator":[],"publisher":{"@type":"Organization","name":"Capgemini","logo":""},"keywords":[],"dateCreated":"2024-04-04T13:32:31Z","datePublished":"2024-04-04T13:32:31Z","dateModified":"2026-01-22T07:48:07Z"},"rendered":"<script type=\"application\/ld+json\" class=\"wp-parsely-metadata\">{\"@context\":\"https:\\\/\\\/schema.org\",\"@type\":\"WebPage\",\"headline\":\"Generative KI &#8211; eine transformative Technologie f\\u00fcr den \\u00f6ffentlichen Sektor\",\"url\":\"http:\\\/\\\/www.capgemini.com\\\/de-de\\\/solutions\\\/generative-ai-for-the-public-sector\\\/\",\"mainEntityOfPage\":{\"@type\":\"WebPage\",\"@id\":\"http:\\\/\\\/www.capgemini.com\\\/de-de\\\/solutions\\\/generative-ai-for-the-public-sector\\\/\"},\"thumbnailUrl\":\"https:\\\/\\\/www.capgemini.com\\\/de-de\\\/wp-content\\\/uploads\\\/sites\\\/8\\\/2024\\\/04\\\/Gen-AI-PS_Web-Banner.jpg?w=150&h=150&crop=1\",\"image\":{\"@type\":\"ImageObject\",\"url\":\"https:\\\/\\\/www.capgemini.com\\\/de-de\\\/wp-content\\\/uploads\\\/sites\\\/8\\\/2024\\\/04\\\/Gen-AI-PS_Web-Banner.jpg\"},\"articleSection\":\"Uncategorized\",\"author\":[],\"creator\":[],\"publisher\":{\"@type\":\"Organization\",\"name\":\"Capgemini\",\"logo\":\"\"},\"keywords\":[],\"dateCreated\":\"2024-04-04T13:32:31Z\",\"datePublished\":\"2024-04-04T13:32:31Z\",\"dateModified\":\"2026-01-22T07:48:07Z\"}<\/script>","tracker_url":"https:\/\/cdn.parsely.com\/keys\/capgemini.com\/p.js"},"archive_status":false,"featured_image_src":"https:\/\/www.capgemini.com\/de-de\/wp-content\/uploads\/sites\/8\/2024\/04\/Gen-AI-PS_Web-Banner.jpg","featured_image_alt":"","jetpack_sharing_enabled":true,"distributor_meta":false,"distributor_terms":false,"distributor_media":false,"distributor_original_site_name":"Capgemini","distributor_original_site_url":"https:\/\/www.capgemini.com\/de-de","push-errors":false,"_links":{"self":[{"href":"https:\/\/www.capgemini.com\/de-de\/wp-json\/wp\/v2\/pages\/856939","targetHints":{"allow":["GET"]}}],"collection":[{"href":"https:\/\/www.capgemini.com\/de-de\/wp-json\/wp\/v2\/pages"}],"about":[{"href":"https:\/\/www.capgemini.com\/de-de\/wp-json\/wp\/v2\/types\/page"}],"author":[{"embeddable":true,"href":"https:\/\/www.capgemini.com\/de-de\/wp-json\/wp\/v2\/users\/440"}],"replies":[{"embeddable":true,"href":"https:\/\/www.capgemini.com\/de-de\/wp-json\/wp\/v2\/comments?post=856939"}],"version-history":[{"count":10,"href":"https:\/\/www.capgemini.com\/de-de\/wp-json\/wp\/v2\/pages\/856939\/revisions"}],"predecessor-version":[{"id":890431,"href":"https:\/\/www.capgemini.com\/de-de\/wp-json\/wp\/v2\/pages\/856939\/revisions\/890431"}],"up":[{"embeddable":true,"href":"https:\/\/www.capgemini.com\/de-de\/wp-json\/wp\/v2\/pages\/743171"}],"wp:featuredmedia":[{"embeddable":true,"href":"https:\/\/www.capgemini.com\/de-de\/wp-json\/wp\/v2\/media\/856950"}],"wp:attachment":[{"href":"https:\/\/www.capgemini.com\/de-de\/wp-json\/wp\/v2\/media?parent=856939"}],"wp:term":[{"taxonomy":"brand","embeddable":true,"href":"https:\/\/www.capgemini.com\/de-de\/wp-json\/wp\/v2\/brand?post=856939"},{"taxonomy":"partner_type","embeddable":true,"href":"https:\/\/www.capgemini.com\/de-de\/wp-json\/wp\/v2\/partner_type?post=856939"},{"taxonomy":"service","embeddable":true,"href":"https:\/\/www.capgemini.com\/de-de\/wp-json\/wp\/v2\/service?post=856939"},{"taxonomy":"industry","embeddable":true,"href":"https:\/\/www.capgemini.com\/de-de\/wp-json\/wp\/v2\/industry?post=856939"},{"taxonomy":"partners","embeddable":true,"href":"https:\/\/www.capgemini.com\/de-de\/wp-json\/wp\/v2\/partners?post=856939"},{"taxonomy":"page-type","embeddable":true,"href":"https:\/\/www.capgemini.com\/de-de\/wp-json\/wp\/v2\/page-type?post=856939"},{"taxonomy":"content-group","embeddable":true,"href":"https:\/\/www.capgemini.com\/de-de\/wp-json\/wp\/v2\/content-group?post=856939"}],"curies":[{"name":"wp","href":"https:\/\/api.w.org\/{rel}","templated":true}]}}