{"id":853235,"date":"2024-02-29T07:38:50","date_gmt":"2024-02-29T07:38:50","guid":{"rendered":"https:\/\/www.capgemini.com\/de-de\/?page_id=853235"},"modified":"2026-01-22T07:48:40","modified_gmt":"2026-01-22T07:48:40","slug":"bringen-sie-ihre-hr-prozesse-auf-ein-neues-digitales-level","status":"publish","type":"page","link":"https:\/\/www.capgemini.com\/de-de\/solutions\/bringen-sie-ihre-hr-prozesse-auf-ein-neues-digitales-level\/","title":{"rendered":"Bringen Sie Ihre HR-Prozesse auf ein neues digitales Level"},"content":{"rendered":"\n<header class=\"wp-block-cg-blocks-hero-reusable header heroReusable  \"><div class=\"header-bgs\"><picture><source srcset=\"https:\/\/www.capgemini.com\/de-de\/wp-content\/uploads\/sites\/8\/2021\/12\/AML-compliance-culture.jpg?w=2880&amp;quality=70 1x, https:\/\/www.capgemini.com\/de-de\/wp-content\/uploads\/sites\/8\/2021\/12\/AML-compliance-culture.jpg?w=2880&amp;quality=70 2x\" media=\"(min-width: 1500px)\"\/><source srcset=\"https:\/\/www.capgemini.com\/de-de\/wp-content\/uploads\/sites\/8\/2021\/12\/AML-compliance-culture.jpg?w=1440&amp;quality=70 1x, https:\/\/www.capgemini.com\/de-de\/wp-content\/uploads\/sites\/8\/2021\/12\/AML-compliance-culture.jpg?w=2880&amp;quality=70 2x\" media=\"(min-width: 992px)\"\/><source srcset=\"https:\/\/www.capgemini.com\/de-de\/wp-content\/uploads\/sites\/8\/2021\/12\/AML-compliance-culture.jpg?w=1024&amp;quality=70 1x, https:\/\/www.capgemini.com\/de-de\/wp-content\/uploads\/sites\/8\/2021\/12\/AML-compliance-culture.jpg?w=1024&amp;quality=70 2x\" media=\"(min-width: 768px)\"\/><source srcset=\"https:\/\/www.capgemini.com\/de-de\/wp-content\/uploads\/sites\/8\/2021\/12\/AML-compliance-culture.jpg?w=768&amp;quality=70 1x, https:\/\/www.capgemini.com\/de-de\/wp-content\/uploads\/sites\/8\/2021\/12\/AML-compliance-culture.jpg?w=768&amp;quality=70 2x\" media=\"(min-width: 0)\"\/><img decoding=\"async\" src=\"https:\/\/www.capgemini.com\/de-de\/wp-content\/uploads\/sites\/8\/2021\/12\/AML-compliance-culture.jpg\" class=\"header-img header-img-d\" alt=\"AML compliance\" style=\"object-fit:cover;object-position:55.00000000000001% 25%\" loading=\"eager\"\/><\/picture><\/div><div class=\"heroPictureCardHeaderShape\"><\/div><div class=\"container\"><div class=\"row\"><div class=\"col-md-12\"><div class=\"box\"><div class=\"boxTagWrapper\"><div class=\"tagInfo\"><\/div><\/div><div class=\"box-title\"><h1 data-maxlength=\"34\">Bringen Sie Ihre HR-Prozesse auf ein neues digitales Level<\/h1><\/div><h2 class=\"reasearchInsightTitle\">Gestalten Sie Ihre HR-Prozesse von der Personalbeschaffung \u00fcber eine reibungslose Stammdatenerfassung bis hin zur effizienten Lohn- und Gehaltsabrechnung synchron und zukunftsfest.<\/h2><div class=\"inner-row-insight download-btn\"><\/div><\/div><\/div><\/div><\/div><\/header>\n\n\n\n<section class=\"wp-block-cg-blocks-group undefined section section--article-content\"><div class=\"article-main-content\"><div class=\"container\"><div class=\"row\"><div class=\"col-12 col-md-11 col-lg-10 offset-md-1 offset-lg-1\"><div class=\"article-text article-quote-text\">\n<p>Bringen Sie mehr Effizienz und Flexibilit\u00e4t in Ihre HR-Prozesse. Mit unserer Expertise, unsere langj\u00e4hrige Partnerschaft mit SAP und viele spannende Implementierungsprojekte unterst\u00fctzen wir den Digitalisierungsprozess unserer Kunden. Treiben Sie Ihre HR-Prozesse voran, mit einer intuitiven und einfachen Bedienung, dank unserer Best Practice in Personalprozesse, bessere Arbeits- und Projektgestaltung. Und somit zu einem generell effizienteren HR-Arbeitsalltag, wovon auch das ganze Unternehmen mit jedem einzelnen Mitarbeiter profitiert.<\/p>\n\n\n\n<p>Setzen Sie dabei auf unsere innovative HRIT-Best Practices mit der angepassten Cloud-L\u00f6sung von SAP SuccessFactors, welche Zeit und Budget spart und gleichzeitig Bewerber-und Mitarbeiterdaten optimal nutzt und verwaltet.<\/p>\n\n\n\n<p><strong>Erhalten Sie einen tieferen Einblick in die M\u00f6glichkeiten, die SAP SuccessFactors Employee Central bietet.<\/strong><\/p>\n\n\n<section class=\"wp-block-cg-blocks-learn-more learnMoreBlock updated-new-sample-amal\"><div class=\"container\"><div class=\"content-title\"><h2 class=\"learnmore-heading\">Learn More<\/h2><\/div><div class=\"row\"> <div class=\"col-md-4\"><div class=\"box\"><div class=\"box-wrapper\"><a class=\"box-title\" href=\"https:\/\/www.capgemini.com\/de-de\/solutions\/bringen-sie-ihre-hr-prozesse-auf-ein-neues-digitales-level\/employee-central\/\" target=\"\" aria-label=\"Learn more 1\" rel=\"noopener noreferrer\"><div class=\"box-img-wrapper\"><img decoding=\"async\" src=\"https:\/\/www.capgemini.com\/de-de\/wp-content\/uploads\/sites\/8\/2023\/11\/Unlock-the-future-with-adaptive-cloud-operations.jpg?w=500&amp;quality=70\" srcset=\"https:\/\/www.capgemini.com\/de-de\/wp-content\/uploads\/sites\/8\/2023\/11\/Unlock-the-future-with-adaptive-cloud-operations.jpg?w=500&amp;quality=70 1x, https:\/\/www.capgemini.com\/de-de\/wp-content\/uploads\/sites\/8\/2023\/11\/Unlock-the-future-with-adaptive-cloud-operations.jpg?w=1000&amp;quality=70 2x\" class=\"box-img\" alt=\"\" style=\"object-fit:cover;object-position:50% 50%\" loading=\"lazy\"\/><\/div><h3 class=\"titleWithoutLink_learnMore\">&lt;strong&gt;Employee Central&lt;\/strong&gt;<\/h3><\/a><\/div><\/div><div class=\"box-inner\"><p class=\"box-desc\">Von effizienter Stammdatenerfassung bis nahtloser Datenmigration f\u00fcr Ihre HR-Kernprozesse.<\/p><\/div><\/div> <div class=\"col-md-4\"><div class=\"box\"><div class=\"box-wrapper\"><a class=\"box-title\" href=\"https:\/\/www.capgemini.com\/de-de\/solutions\/bringen-sie-ihre-hr-prozesse-auf-ein-neues-digitales-level\/people-analytics\/\" target=\"\" aria-label=\"Learn more 1\" rel=\"noopener noreferrer\"><div class=\"box-img-wrapper\"><img decoding=\"async\" src=\"https:\/\/www.capgemini.com\/de-de\/wp-content\/uploads\/sites\/8\/2022\/04\/in-memory-analytics-software-engineering-1-1.jpg?w=500&amp;quality=70\" srcset=\"https:\/\/www.capgemini.com\/de-de\/wp-content\/uploads\/sites\/8\/2022\/04\/in-memory-analytics-software-engineering-1-1.jpg?w=500&amp;quality=70 1x, https:\/\/www.capgemini.com\/de-de\/wp-content\/uploads\/sites\/8\/2022\/04\/in-memory-analytics-software-engineering-1-1.jpg?w=1000&amp;quality=70 2x\" class=\"box-img\" alt=\"\" style=\"object-fit:cover;object-position:50% 50%\" loading=\"lazy\"\/><\/div><h3 class=\"titleWithoutLink_learnMore\">&lt;strong&gt;People Analytics&lt;\/strong&gt;<\/h3><\/a><\/div><\/div><div class=\"box-inner\"><p class=\"box-desc\">Aussagekr\u00e4ftige Reports und wegweisende Daten f\u00fcr Ihre HR.<\/p><\/div><\/div> <div class=\"col-md-4\"><div class=\"box\"><div class=\"box-wrapper\"><a class=\"box-title\" href=\"https:\/\/www.capgemini.com\/de-de\/solutions\/bringen-sie-ihre-hr-prozesse-auf-ein-neues-digitales-level\/recruiting\/\" target=\"\" aria-label=\"Learn more 1\" rel=\"noopener noreferrer\"><div class=\"box-img-wrapper\"><img decoding=\"async\" src=\"https:\/\/www.capgemini.com\/de-de\/wp-content\/uploads\/sites\/8\/2020\/09\/Capgemini_people_diversity_inclu-1.jpg?w=500&amp;quality=70\" srcset=\"https:\/\/www.capgemini.com\/de-de\/wp-content\/uploads\/sites\/8\/2020\/09\/Capgemini_people_diversity_inclu-1.jpg?w=500&amp;quality=70 1x, https:\/\/www.capgemini.com\/de-de\/wp-content\/uploads\/sites\/8\/2020\/09\/Capgemini_people_diversity_inclu-1.jpg?w=1000&amp;quality=70 2x\" class=\"box-img\" alt=\"\" style=\"object-fit:cover;object-position:50% 50%\" loading=\"lazy\"\/><\/div><h3 class=\"titleWithoutLink_learnMore\">&lt;strong&gt;Recruiting&lt;\/strong&gt;<\/h3><\/a><\/div><\/div><div class=\"box-inner\"><p class=\"box-desc\">Ressourcensparende Recruitingprozesse und bahnbrechende Candidate Experience.<\/p><\/div><\/div> <div class=\"col-md-4\"><div class=\"box\"><div class=\"box-wrapper\"><a class=\"box-title\" href=\"https:\/\/www.capgemini.com\/de-de\/solutions\/bringen-sie-ihre-hr-prozesse-auf-ein-neues-digitales-level\/compensation\/\" target=\"\" aria-label=\"Learn more 1\" rel=\"noopener noreferrer\"><div class=\"box-img-wrapper\"><img decoding=\"async\" src=\"https:\/\/www.capgemini.com\/de-de\/wp-content\/uploads\/sites\/8\/2021\/08\/COMPENSATION-OF-EXECUTIVE-CORPORATE-OFFICERS.jpg?w=500&amp;quality=70\" srcset=\"https:\/\/www.capgemini.com\/de-de\/wp-content\/uploads\/sites\/8\/2021\/08\/COMPENSATION-OF-EXECUTIVE-CORPORATE-OFFICERS.jpg?w=500&amp;quality=70 1x, https:\/\/www.capgemini.com\/de-de\/wp-content\/uploads\/sites\/8\/2021\/08\/COMPENSATION-OF-EXECUTIVE-CORPORATE-OFFICERS.jpg?w=1000&amp;quality=70 2x\" class=\"box-img\" alt=\"\" style=\"object-fit:cover;object-position:50% 50%\" loading=\"lazy\"\/><\/div><h3 class=\"titleWithoutLink_learnMore\">&lt;strong&gt;Compensation&lt;\/strong&gt;<\/h3><\/a><\/div><\/div><div class=\"box-inner\"><p class=\"box-desc\">Verg\u00fctungsmanagement f\u00fcr jede Situation.<\/p><\/div><\/div><\/div><\/div><\/section><\/div><\/div><\/div><\/div><\/div><\/section>\n","protected":false},"excerpt":{"rendered":"","protected":false},"author":41,"featured_media":858895,"parent":743171,"menu_order":0,"comment_status":"closed","ping_status":"closed","template":"","meta":{"cg_dt_proposed_to":[],"cg_seo_hreflang_relations":"[]","cg_seo_canonical_relation":"{\"uuid\":\"f4d88168-849a-486b-8133-b0b552451206\",\"blogId\":\"\",\"domain\":\"\",\"sitePath\":\"\",\"postLink\":\"\",\"postId\":null,\"isSaved\":true,\"isCrossLink\":false,\"hasCrossLink\":false}","cg_seo_hreflang_x_default_relation":"{\"uuid\":\"bd402f18-a370-40f8-96c4-91fd462e3b07\",\"blogId\":\"\",\"domain\":\"\",\"sitePath\":\"\",\"postLink\":\"\",\"postId\":null,\"isSaved\":true,\"isCrossLink\":false,\"hasCrossLink\":false}","cg_dt_approved_content":true,"cg_dt_mandatory_content":false,"cg_dt_notes":"","cg_dg_source_changed":false,"cg_dt_link_disabled":false,"_yoast_wpseo_primary_brand":"","footnotes":"","featured_focal_points":"{\"x\":0.51,\"y\":0.16}","partner_card_description":"","gsap_animation":0},"brand":[],"partner_type":[],"service":[],"industry":[],"partners":[],"page-type":[],"content-group":[],"class_list":["post-853235","page","type-page","status-publish","has-post-thumbnail","hentry"],"yoast_head":"<!-- This site is optimized with the Yoast SEO Premium plugin v22.8 (Yoast SEO v22.8) - https:\/\/yoast.com\/wordpress\/plugins\/seo\/ -->\n<title>Bringen Sie Ihre HR-Prozesse auf ein neues digitales Level - Capgemini<\/title>\n<meta name=\"robots\" content=\"index, follow, max-snippet:-1, max-image-preview:large, max-video-preview:-1\" \/>\n<link rel=\"canonical\" href=\"https:\/\/www.capgemini.com\/de-de\/solutions\/bringen-sie-ihre-hr-prozesse-auf-ein-neues-digitales-level\/\" \/>\n<meta property=\"og:locale\" content=\"de_DE\" \/>\n<meta property=\"og:type\" content=\"article\" \/>\n<meta property=\"og:title\" content=\"Bringen Sie Ihre HR-Prozesse auf ein neues digitales Level - Capgemini\" \/>\n<meta property=\"og:url\" content=\"https:\/\/www.capgemini.com\/de-de\/solutions\/bringen-sie-ihre-hr-prozesse-auf-ein-neues-digitales-level\/\" \/>\n<meta property=\"og:site_name\" content=\"Capgemini\" \/>\n<meta property=\"article:modified_time\" content=\"2026-01-22T07:48:40+00:00\" \/>\n<meta property=\"og:image\" content=\"https:\/\/www.capgemini.com\/de-de\/wp-content\/uploads\/sites\/8\/2024\/05\/AML-compliance-culture.webp\" \/>\n\t<meta property=\"og:image:width\" content=\"1470\" \/>\n\t<meta property=\"og:image:height\" content=\"1050\" \/>\n\t<meta property=\"og:image:type\" content=\"image\/webp\" \/>\n<meta name=\"twitter:card\" content=\"summary_large_image\" \/>\n<meta name=\"twitter:label1\" content=\"Est. reading time\" \/>\n\t<meta name=\"twitter:data1\" content=\"1 minute\" \/>\n<script type=\"application\/ld+json\" class=\"yoast-schema-graph\">{\"@context\":\"https:\/\/schema.org\",\"@graph\":[{\"@type\":\"WebPage\",\"@id\":\"https:\/\/www.capgemini.com\/de-de\/solutions\/bringen-sie-ihre-hr-prozesse-auf-ein-neues-digitales-level\/\",\"url\":\"https:\/\/www.capgemini.com\/de-de\/solutions\/bringen-sie-ihre-hr-prozesse-auf-ein-neues-digitales-level\/\",\"name\":\"Bringen Sie Ihre HR-Prozesse auf ein neues digitales Level - Capgemini\",\"isPartOf\":{\"@id\":\"https:\/\/www.capgemini.com\/de-de\/#website\"},\"primaryImageOfPage\":{\"@id\":\"https:\/\/www.capgemini.com\/de-de\/solutions\/bringen-sie-ihre-hr-prozesse-auf-ein-neues-digitales-level\/#primaryimage\"},\"image\":{\"@id\":\"https:\/\/www.capgemini.com\/de-de\/solutions\/bringen-sie-ihre-hr-prozesse-auf-ein-neues-digitales-level\/#primaryimage\"},\"thumbnailUrl\":\"https:\/\/www.capgemini.com\/de-de\/wp-content\/uploads\/sites\/8\/2024\/05\/AML-compliance-culture.webp\",\"datePublished\":\"2024-02-29T07:38:50+00:00\",\"dateModified\":\"2026-01-22T07:48:40+00:00\",\"breadcrumb\":{\"@id\":\"https:\/\/www.capgemini.com\/de-de\/solutions\/bringen-sie-ihre-hr-prozesse-auf-ein-neues-digitales-level\/#breadcrumb\"},\"inLanguage\":\"de-DE\",\"potentialAction\":[{\"@type\":\"ReadAction\",\"target\":[\"https:\/\/www.capgemini.com\/de-de\/solutions\/bringen-sie-ihre-hr-prozesse-auf-ein-neues-digitales-level\/\"]}]},{\"@type\":\"ImageObject\",\"inLanguage\":\"de-DE\",\"@id\":\"https:\/\/www.capgemini.com\/de-de\/solutions\/bringen-sie-ihre-hr-prozesse-auf-ein-neues-digitales-level\/#primaryimage\",\"url\":\"https:\/\/www.capgemini.com\/de-de\/wp-content\/uploads\/sites\/8\/2024\/05\/AML-compliance-culture.webp\",\"contentUrl\":\"https:\/\/www.capgemini.com\/de-de\/wp-content\/uploads\/sites\/8\/2024\/05\/AML-compliance-culture.webp\",\"width\":1470,\"height\":1050},{\"@type\":\"BreadcrumbList\",\"@id\":\"https:\/\/www.capgemini.com\/de-de\/solutions\/bringen-sie-ihre-hr-prozesse-auf-ein-neues-digitales-level\/#breadcrumb\",\"itemListElement\":[{\"@type\":\"ListItem\",\"position\":1,\"name\":\"Solutions\",\"item\":\"https:\/\/www.capgemini.com\/de-de\/solutions\/\"},{\"@type\":\"ListItem\",\"position\":2,\"name\":\"Bringen Sie Ihre HR-Prozesse auf ein neues digitales Level\"}]},{\"@type\":\"WebSite\",\"@id\":\"https:\/\/www.capgemini.com\/de-de\/#website\",\"url\":\"https:\/\/www.capgemini.com\/de-de\/\",\"name\":\"Capgemini Deutschland\",\"description\":\"Make it real\",\"potentialAction\":[{\"@type\":\"SearchAction\",\"target\":{\"@type\":\"EntryPoint\",\"urlTemplate\":\"https:\/\/www.capgemini.com\/de-de\/?s={search_term_string}\"},\"query-input\":\"required name=search_term_string\"}],\"inLanguage\":\"de-DE\"}]}<\/script>\n<!-- \/ Yoast SEO Premium plugin. -->","yoast_head_json":{"title":"Bringen Sie Ihre HR-Prozesse auf ein neues digitales Level - Capgemini","robots":{"index":"index","follow":"follow","max-snippet":"max-snippet:-1","max-image-preview":"max-image-preview:large","max-video-preview":"max-video-preview:-1"},"canonical":"https:\/\/www.capgemini.com\/de-de\/solutions\/bringen-sie-ihre-hr-prozesse-auf-ein-neues-digitales-level\/","og_locale":"de_DE","og_type":"article","og_title":"Bringen Sie Ihre HR-Prozesse auf ein neues digitales Level - Capgemini","og_url":"https:\/\/www.capgemini.com\/de-de\/solutions\/bringen-sie-ihre-hr-prozesse-auf-ein-neues-digitales-level\/","og_site_name":"Capgemini","article_modified_time":"2026-01-22T07:48:40+00:00","og_image":[{"width":1470,"height":1050,"url":"https:\/\/www.capgemini.com\/de-de\/wp-content\/uploads\/sites\/8\/2024\/05\/AML-compliance-culture.webp","type":"image\/webp"}],"twitter_card":"summary_large_image","twitter_misc":{"Est. reading time":"1 minute"},"schema":{"@context":"https:\/\/schema.org","@graph":[{"@type":"WebPage","@id":"https:\/\/www.capgemini.com\/de-de\/solutions\/bringen-sie-ihre-hr-prozesse-auf-ein-neues-digitales-level\/","url":"https:\/\/www.capgemini.com\/de-de\/solutions\/bringen-sie-ihre-hr-prozesse-auf-ein-neues-digitales-level\/","name":"Bringen Sie Ihre HR-Prozesse auf ein neues digitales Level - Capgemini","isPartOf":{"@id":"https:\/\/www.capgemini.com\/de-de\/#website"},"primaryImageOfPage":{"@id":"https:\/\/www.capgemini.com\/de-de\/solutions\/bringen-sie-ihre-hr-prozesse-auf-ein-neues-digitales-level\/#primaryimage"},"image":{"@id":"https:\/\/www.capgemini.com\/de-de\/solutions\/bringen-sie-ihre-hr-prozesse-auf-ein-neues-digitales-level\/#primaryimage"},"thumbnailUrl":"https:\/\/www.capgemini.com\/de-de\/wp-content\/uploads\/sites\/8\/2024\/05\/AML-compliance-culture.webp","datePublished":"2024-02-29T07:38:50+00:00","dateModified":"2026-01-22T07:48:40+00:00","breadcrumb":{"@id":"https:\/\/www.capgemini.com\/de-de\/solutions\/bringen-sie-ihre-hr-prozesse-auf-ein-neues-digitales-level\/#breadcrumb"},"inLanguage":"de-DE","potentialAction":[{"@type":"ReadAction","target":["https:\/\/www.capgemini.com\/de-de\/solutions\/bringen-sie-ihre-hr-prozesse-auf-ein-neues-digitales-level\/"]}]},{"@type":"ImageObject","inLanguage":"de-DE","@id":"https:\/\/www.capgemini.com\/de-de\/solutions\/bringen-sie-ihre-hr-prozesse-auf-ein-neues-digitales-level\/#primaryimage","url":"https:\/\/www.capgemini.com\/de-de\/wp-content\/uploads\/sites\/8\/2024\/05\/AML-compliance-culture.webp","contentUrl":"https:\/\/www.capgemini.com\/de-de\/wp-content\/uploads\/sites\/8\/2024\/05\/AML-compliance-culture.webp","width":1470,"height":1050},{"@type":"BreadcrumbList","@id":"https:\/\/www.capgemini.com\/de-de\/solutions\/bringen-sie-ihre-hr-prozesse-auf-ein-neues-digitales-level\/#breadcrumb","itemListElement":[{"@type":"ListItem","position":1,"name":"Solutions","item":"https:\/\/www.capgemini.com\/de-de\/solutions\/"},{"@type":"ListItem","position":2,"name":"Bringen Sie Ihre HR-Prozesse auf ein neues digitales Level"}]},{"@type":"WebSite","@id":"https:\/\/www.capgemini.com\/de-de\/#website","url":"https:\/\/www.capgemini.com\/de-de\/","name":"Capgemini Deutschland","description":"Make it real","potentialAction":[{"@type":"SearchAction","target":{"@type":"EntryPoint","urlTemplate":"https:\/\/www.capgemini.com\/de-de\/?s={search_term_string}"},"query-input":"required name=search_term_string"}],"inLanguage":"de-DE"}]}},"brand_term":[],"parsely":{"version":"1.1.0","canonical_url":"https:\/\/capgemini.com\/de-de\/solutions\/bringen-sie-ihre-hr-prozesse-auf-ein-neues-digitales-level\/","smart_links":{"inbound":0,"outbound":0},"traffic_boost_suggestions_count":0,"meta":{"@context":"https:\/\/schema.org","@type":"WebPage","headline":"Bringen Sie Ihre HR-Prozesse auf ein neues digitales Level","url":"http:\/\/www.capgemini.com\/de-de\/solutions\/bringen-sie-ihre-hr-prozesse-auf-ein-neues-digitales-level\/","mainEntityOfPage":{"@type":"WebPage","@id":"http:\/\/www.capgemini.com\/de-de\/solutions\/bringen-sie-ihre-hr-prozesse-auf-ein-neues-digitales-level\/"},"thumbnailUrl":"https:\/\/www.capgemini.com\/de-de\/wp-content\/uploads\/sites\/8\/2024\/05\/AML-compliance-culture.webp?w=150&h=150&crop=1","image":{"@type":"ImageObject","url":"https:\/\/www.capgemini.com\/de-de\/wp-content\/uploads\/sites\/8\/2024\/05\/AML-compliance-culture.webp"},"articleSection":"Uncategorized","author":[],"creator":[],"publisher":{"@type":"Organization","name":"Capgemini","logo":""},"keywords":[],"dateCreated":"2024-02-29T07:38:50Z","datePublished":"2024-02-29T07:38:50Z","dateModified":"2026-01-22T07:48:40Z"},"rendered":"<script type=\"application\/ld+json\" class=\"wp-parsely-metadata\">{\"@context\":\"https:\\\/\\\/schema.org\",\"@type\":\"WebPage\",\"headline\":\"Bringen Sie Ihre HR-Prozesse auf ein neues digitales Level\",\"url\":\"http:\\\/\\\/www.capgemini.com\\\/de-de\\\/solutions\\\/bringen-sie-ihre-hr-prozesse-auf-ein-neues-digitales-level\\\/\",\"mainEntityOfPage\":{\"@type\":\"WebPage\",\"@id\":\"http:\\\/\\\/www.capgemini.com\\\/de-de\\\/solutions\\\/bringen-sie-ihre-hr-prozesse-auf-ein-neues-digitales-level\\\/\"},\"thumbnailUrl\":\"https:\\\/\\\/www.capgemini.com\\\/de-de\\\/wp-content\\\/uploads\\\/sites\\\/8\\\/2024\\\/05\\\/AML-compliance-culture.webp?w=150&h=150&crop=1\",\"image\":{\"@type\":\"ImageObject\",\"url\":\"https:\\\/\\\/www.capgemini.com\\\/de-de\\\/wp-content\\\/uploads\\\/sites\\\/8\\\/2024\\\/05\\\/AML-compliance-culture.webp\"},\"articleSection\":\"Uncategorized\",\"author\":[],\"creator\":[],\"publisher\":{\"@type\":\"Organization\",\"name\":\"Capgemini\",\"logo\":\"\"},\"keywords\":[],\"dateCreated\":\"2024-02-29T07:38:50Z\",\"datePublished\":\"2024-02-29T07:38:50Z\",\"dateModified\":\"2026-01-22T07:48:40Z\"}<\/script>","tracker_url":"https:\/\/cdn.parsely.com\/keys\/capgemini.com\/p.js"},"archive_status":false,"featured_image_src":"https:\/\/www.capgemini.com\/de-de\/wp-content\/uploads\/sites\/8\/2024\/05\/AML-compliance-culture.webp","featured_image_alt":"","jetpack_sharing_enabled":true,"distributor_meta":false,"distributor_terms":false,"distributor_media":false,"distributor_original_site_name":"Capgemini","distributor_original_site_url":"https:\/\/www.capgemini.com\/de-de","push-errors":false,"_links":{"self":[{"href":"https:\/\/www.capgemini.com\/de-de\/wp-json\/wp\/v2\/pages\/853235","targetHints":{"allow":["GET"]}}],"collection":[{"href":"https:\/\/www.capgemini.com\/de-de\/wp-json\/wp\/v2\/pages"}],"about":[{"href":"https:\/\/www.capgemini.com\/de-de\/wp-json\/wp\/v2\/types\/page"}],"author":[{"embeddable":true,"href":"https:\/\/www.capgemini.com\/de-de\/wp-json\/wp\/v2\/users\/41"}],"replies":[{"embeddable":true,"href":"https:\/\/www.capgemini.com\/de-de\/wp-json\/wp\/v2\/comments?post=853235"}],"version-history":[{"count":12,"href":"https:\/\/www.capgemini.com\/de-de\/wp-json\/wp\/v2\/pages\/853235\/revisions"}],"predecessor-version":[{"id":875355,"href":"https:\/\/www.capgemini.com\/de-de\/wp-json\/wp\/v2\/pages\/853235\/revisions\/875355"}],"up":[{"embeddable":true,"href":"https:\/\/www.capgemini.com\/de-de\/wp-json\/wp\/v2\/pages\/743171"}],"wp:featuredmedia":[{"embeddable":true,"href":"https:\/\/www.capgemini.com\/de-de\/wp-json\/wp\/v2\/media\/858895"}],"wp:attachment":[{"href":"https:\/\/www.capgemini.com\/de-de\/wp-json\/wp\/v2\/media?parent=853235"}],"wp:term":[{"taxonomy":"brand","embeddable":true,"href":"https:\/\/www.capgemini.com\/de-de\/wp-json\/wp\/v2\/brand?post=853235"},{"taxonomy":"partner_type","embeddable":true,"href":"https:\/\/www.capgemini.com\/de-de\/wp-json\/wp\/v2\/partner_type?post=853235"},{"taxonomy":"service","embeddable":true,"href":"https:\/\/www.capgemini.com\/de-de\/wp-json\/wp\/v2\/service?post=853235"},{"taxonomy":"industry","embeddable":true,"href":"https:\/\/www.capgemini.com\/de-de\/wp-json\/wp\/v2\/industry?post=853235"},{"taxonomy":"partners","embeddable":true,"href":"https:\/\/www.capgemini.com\/de-de\/wp-json\/wp\/v2\/partners?post=853235"},{"taxonomy":"page-type","embeddable":true,"href":"https:\/\/www.capgemini.com\/de-de\/wp-json\/wp\/v2\/page-type?post=853235"},{"taxonomy":"content-group","embeddable":true,"href":"https:\/\/www.capgemini.com\/de-de\/wp-json\/wp\/v2\/content-group?post=853235"}],"curies":[{"name":"wp","href":"https:\/\/api.w.org\/{rel}","templated":true}]}}