{"id":853231,"date":"2024-02-29T07:35:31","date_gmt":"2024-02-29T07:35:31","guid":{"rendered":"https:\/\/www.capgemini.com\/de-de\/?page_id=853231"},"modified":"2026-01-22T07:48:42","modified_gmt":"2026-01-22T07:48:42","slug":"compensation","status":"publish","type":"page","link":"https:\/\/www.capgemini.com\/de-de\/solutions\/bringen-sie-ihre-hr-prozesse-auf-ein-neues-digitales-level\/compensation\/","title":{"rendered":"Compensation"},"content":{"rendered":"\n<header class=\"wp-block-cg-blocks-hero-reusable header heroReusable  \"><div class=\"header-bgs\"><picture><source srcset=\"https:\/\/www.capgemini.com\/de-de\/wp-content\/uploads\/sites\/8\/2021\/08\/COMPENSATION-OF-EXECUTIVE-CORPORATE-OFFICERS.jpg?w=2880&amp;quality=70 1x, https:\/\/www.capgemini.com\/de-de\/wp-content\/uploads\/sites\/8\/2021\/08\/COMPENSATION-OF-EXECUTIVE-CORPORATE-OFFICERS.jpg?w=2880&amp;quality=70 2x\" media=\"(min-width: 1500px)\"\/><source srcset=\"https:\/\/www.capgemini.com\/de-de\/wp-content\/uploads\/sites\/8\/2021\/08\/COMPENSATION-OF-EXECUTIVE-CORPORATE-OFFICERS.jpg?w=1440&amp;quality=70 1x, https:\/\/www.capgemini.com\/de-de\/wp-content\/uploads\/sites\/8\/2021\/08\/COMPENSATION-OF-EXECUTIVE-CORPORATE-OFFICERS.jpg?w=2880&amp;quality=70 2x\" media=\"(min-width: 992px)\"\/><source srcset=\"https:\/\/www.capgemini.com\/de-de\/wp-content\/uploads\/sites\/8\/2021\/08\/COMPENSATION-OF-EXECUTIVE-CORPORATE-OFFICERS.jpg?w=1024&amp;quality=70 1x, https:\/\/www.capgemini.com\/de-de\/wp-content\/uploads\/sites\/8\/2021\/08\/COMPENSATION-OF-EXECUTIVE-CORPORATE-OFFICERS.jpg?w=1024&amp;quality=70 2x\" media=\"(min-width: 768px)\"\/><source srcset=\"https:\/\/www.capgemini.com\/de-de\/wp-content\/uploads\/sites\/8\/2021\/08\/COMPENSATION-OF-EXECUTIVE-CORPORATE-OFFICERS.jpg?w=768&amp;quality=70 1x, https:\/\/www.capgemini.com\/de-de\/wp-content\/uploads\/sites\/8\/2021\/08\/COMPENSATION-OF-EXECUTIVE-CORPORATE-OFFICERS.jpg?w=768&amp;quality=70 2x\" media=\"(min-width: 0)\"\/><img decoding=\"async\" src=\"https:\/\/www.capgemini.com\/de-de\/wp-content\/uploads\/sites\/8\/2021\/08\/COMPENSATION-OF-EXECUTIVE-CORPORATE-OFFICERS.jpg\" class=\"header-img header-img-d\" alt=\"\" style=\"object-fit:cover;object-position:47% 18%\" loading=\"eager\"\/><\/picture><\/div><div class=\"heroPictureCardHeaderShape\"><\/div><div class=\"container\"><div class=\"row\"><div class=\"col-md-12\"><div class=\"box\"><div class=\"boxTagWrapper\"><div class=\"tagInfo\"><\/div><\/div><div class=\"box-title\"><h1 data-maxlength=\"34\">Verg\u00fctungsmanagement f\u00fcr jede Situation<\/h1><\/div><h2 class=\"reasearchInsightTitle\">Die Verg\u00fctung der Mitarbeiter stellt Unternehmen vor gro\u00dfen Herausforderungen, da sie eine Balance zwischen Fairness, Wertsch\u00e4tzung der Arbeit der Mitarbeiter und dem Budget finden m\u00fcssen. <\/h2><div class=\"inner-row-insight download-btn\"><\/div><\/div><\/div><\/div><\/div><\/header>\n\n\n\n<section class=\"wp-block-cg-blocks-group undefined section section--article-content\"><div class=\"article-main-content\"><div class=\"container\"><div class=\"row\"><div class=\"col-12 col-md-11 col-lg-10 offset-md-1 offset-lg-1\"><div class=\"article-text article-quote-text\">\n<p>Mit unseren Vorlagenpaketen von SAP SuccessFactors Compensation erreichen wir ein sehr transparentes Verg\u00fctungssystem, welches auch individuell anpassbar einsetzbar ist und Mitarbeiterunzufriedenheit, Fluktuation und rechtliche Konsequenzen vermeidet. Es sch\u00fctzt die Verg\u00fctungsprozesse und stellt sicher, dass sie fair, transparent und rechtlich konform sind.<\/p>\n\n\n\n<p>Gehaltsfestlegung und Verg\u00fctungspakete sind wichtige Aufgaben im Personalwesen und erfordern Pr\u00e4zision, Transparenz und Genauigkeit. Wir setzen mit unserer Implementierungstrategie an, indem wir Verg\u00fctungsprozesse automatisieren, optimiert und fair, transparent und rechtlich konform gestalten. Zur Entlastung ihres HR-Teams. Unsere erfahrenen Berater optimieren komplexe Verg\u00fctungsstrukturen und -pl\u00e4ne zu effizienten Verg\u00fctungsprozessen. Gleichzeitig erstellen wir Verg\u00fctungsprogramme in verschiedenen Leistungs- und Belohnungskriterien, die auf Ihre Prozesse angepasst und integriert werden. Auf diese Weise k\u00f6nnen Sie leistungsbezogene Verg\u00fctungen anbieten, die die Motivation und Produktivit\u00e4t Ihrer Mitarbeiter steigern.<\/p>\n\n\n\n<p>Mit unserer Implementierungsstrategie von SAP SuccessFactors Compensation werden Ihre Verg\u00fctungsprozesse automatisiert, w\u00e4hrend die Einhaltung der Verg\u00fctungsrichtlinien und -vorschriften gew\u00e4hrleistet ist und gleichzeitig Ihre Mitarbeiterbindung verbessert wird. Entlasten Sie Ihr HR-Team mit automatisierten und optimierten Verg\u00fctungsprozessen. Wir erstellen passende und umfassende Analyse Ihrer Verg\u00fctungsdaten und automatisierte Berichte, die bessere und schnellere Entscheidungen erm\u00f6glichen.<\/p>\n\n\n\n<p>Starten Sie jetzt Ihre erfolgreiche Zusammenarbeit mit unseren Beratern und implementieren Sie das Compensation-Modul in SAP SuccessFactors, um Ihre Verg\u00fctungsprozesse zu optimieren und die Produktivit\u00e4t Ihrer Mitarbeiter zu steigern.<\/p>\n<\/div><\/div><\/div><\/div><\/div><\/section>\n","protected":false},"excerpt":{"rendered":"","protected":false},"author":41,"featured_media":0,"parent":853235,"menu_order":0,"comment_status":"closed","ping_status":"closed","template":"","meta":{"cg_dt_proposed_to":[],"cg_seo_hreflang_relations":"[]","cg_seo_canonical_relation":"{\"uuid\":\"fe007247-7b0f-46a5-b6cd-a851d6d7cda6\",\"blogId\":\"\",\"domain\":\"\",\"sitePath\":\"\",\"postLink\":\"\",\"postId\":null,\"isSaved\":true,\"isCrossLink\":false,\"hasCrossLink\":false}","cg_seo_hreflang_x_default_relation":"{\"uuid\":\"6e3ca00c-716c-4829-a352-274705d75741\",\"blogId\":\"\",\"domain\":\"\",\"sitePath\":\"\",\"postLink\":\"\",\"postId\":null,\"isSaved\":true,\"isCrossLink\":false,\"hasCrossLink\":false}","cg_dt_approved_content":true,"cg_dt_mandatory_content":false,"cg_dt_notes":"","cg_dg_source_changed":false,"cg_dt_link_disabled":false,"_yoast_wpseo_primary_brand":"","footnotes":"","featured_focal_points":"","partner_card_description":"","gsap_animation":0},"brand":[],"partner_type":[],"service":[],"industry":[],"partners":[],"page-type":[],"content-group":[],"class_list":["post-853231","page","type-page","status-publish","hentry"],"yoast_head":"<!-- This site is optimized with the Yoast SEO Premium plugin v22.8 (Yoast SEO v22.8) - https:\/\/yoast.com\/wordpress\/plugins\/seo\/ -->\n<title>Compensation - Capgemini<\/title>\n<meta name=\"robots\" content=\"index, follow, max-snippet:-1, max-image-preview:large, max-video-preview:-1\" \/>\n<link rel=\"canonical\" href=\"https:\/\/www.capgemini.com\/de-de\/solutions\/bringen-sie-ihre-hr-prozesse-auf-ein-neues-digitales-level\/compensation\/\" \/>\n<meta property=\"og:locale\" content=\"de_DE\" \/>\n<meta property=\"og:type\" content=\"article\" \/>\n<meta property=\"og:title\" content=\"Compensation - Capgemini\" \/>\n<meta property=\"og:url\" content=\"https:\/\/www.capgemini.com\/de-de\/solutions\/bringen-sie-ihre-hr-prozesse-auf-ein-neues-digitales-level\/compensation\/\" \/>\n<meta property=\"og:site_name\" content=\"Capgemini\" \/>\n<meta property=\"article:modified_time\" content=\"2026-01-22T07:48:42+00:00\" \/>\n<meta property=\"og:image\" content=\"https:\/\/www.capgemini.com\/de-de\/wp-content\/uploads\/sites\/8\/2021\/08\/COMPENSATION-OF-EXECUTIVE-CORPORATE-OFFICERS.jpg\" \/>\n<meta name=\"twitter:card\" content=\"summary_large_image\" \/>\n<script type=\"application\/ld+json\" class=\"yoast-schema-graph\">{\"@context\":\"https:\/\/schema.org\",\"@graph\":[{\"@type\":\"WebPage\",\"@id\":\"https:\/\/www.capgemini.com\/de-de\/solutions\/bringen-sie-ihre-hr-prozesse-auf-ein-neues-digitales-level\/compensation\/\",\"url\":\"https:\/\/www.capgemini.com\/de-de\/solutions\/bringen-sie-ihre-hr-prozesse-auf-ein-neues-digitales-level\/compensation\/\",\"name\":\"Compensation - Capgemini\",\"isPartOf\":{\"@id\":\"https:\/\/www.capgemini.com\/de-de\/#website\"},\"primaryImageOfPage\":{\"@id\":\"https:\/\/www.capgemini.com\/de-de\/solutions\/bringen-sie-ihre-hr-prozesse-auf-ein-neues-digitales-level\/compensation\/#primaryimage\"},\"image\":{\"@id\":\"https:\/\/www.capgemini.com\/de-de\/solutions\/bringen-sie-ihre-hr-prozesse-auf-ein-neues-digitales-level\/compensation\/#primaryimage\"},\"thumbnailUrl\":\"https:\/\/www.capgemini.com\/de-de\/wp-content\/uploads\/sites\/8\/2021\/08\/COMPENSATION-OF-EXECUTIVE-CORPORATE-OFFICERS.jpg\",\"datePublished\":\"2024-02-29T07:35:31+00:00\",\"dateModified\":\"2026-01-22T07:48:42+00:00\",\"breadcrumb\":{\"@id\":\"https:\/\/www.capgemini.com\/de-de\/solutions\/bringen-sie-ihre-hr-prozesse-auf-ein-neues-digitales-level\/compensation\/#breadcrumb\"},\"inLanguage\":\"de-DE\",\"potentialAction\":[{\"@type\":\"ReadAction\",\"target\":[\"https:\/\/www.capgemini.com\/de-de\/solutions\/bringen-sie-ihre-hr-prozesse-auf-ein-neues-digitales-level\/compensation\/\"]}]},{\"@type\":\"ImageObject\",\"inLanguage\":\"de-DE\",\"@id\":\"https:\/\/www.capgemini.com\/de-de\/solutions\/bringen-sie-ihre-hr-prozesse-auf-ein-neues-digitales-level\/compensation\/#primaryimage\",\"url\":\"https:\/\/www.capgemini.com\/de-de\/wp-content\/uploads\/sites\/8\/2021\/08\/COMPENSATION-OF-EXECUTIVE-CORPORATE-OFFICERS.jpg\",\"contentUrl\":\"https:\/\/www.capgemini.com\/de-de\/wp-content\/uploads\/sites\/8\/2021\/08\/COMPENSATION-OF-EXECUTIVE-CORPORATE-OFFICERS.jpg\",\"width\":2880,\"height\":1800},{\"@type\":\"BreadcrumbList\",\"@id\":\"https:\/\/www.capgemini.com\/de-de\/solutions\/bringen-sie-ihre-hr-prozesse-auf-ein-neues-digitales-level\/compensation\/#breadcrumb\",\"itemListElement\":[{\"@type\":\"ListItem\",\"position\":1,\"name\":\"Solutions\",\"item\":\"https:\/\/www.capgemini.com\/de-de\/solutions\/\"},{\"@type\":\"ListItem\",\"position\":2,\"name\":\"Bringen Sie Ihre HR-Prozesse auf ein neues digitales Level\",\"item\":\"https:\/\/www.capgemini.com\/de-de\/solutions\/bringen-sie-ihre-hr-prozesse-auf-ein-neues-digitales-level\/\"},{\"@type\":\"ListItem\",\"position\":3,\"name\":\"Compensation\"}]},{\"@type\":\"WebSite\",\"@id\":\"https:\/\/www.capgemini.com\/de-de\/#website\",\"url\":\"https:\/\/www.capgemini.com\/de-de\/\",\"name\":\"Capgemini Deutschland\",\"description\":\"Make it real\",\"potentialAction\":[{\"@type\":\"SearchAction\",\"target\":{\"@type\":\"EntryPoint\",\"urlTemplate\":\"https:\/\/www.capgemini.com\/de-de\/?s={search_term_string}\"},\"query-input\":\"required name=search_term_string\"}],\"inLanguage\":\"de-DE\"}]}<\/script>\n<!-- \/ Yoast SEO Premium plugin. -->","yoast_head_json":{"title":"Compensation - Capgemini","robots":{"index":"index","follow":"follow","max-snippet":"max-snippet:-1","max-image-preview":"max-image-preview:large","max-video-preview":"max-video-preview:-1"},"canonical":"https:\/\/www.capgemini.com\/de-de\/solutions\/bringen-sie-ihre-hr-prozesse-auf-ein-neues-digitales-level\/compensation\/","og_locale":"de_DE","og_type":"article","og_title":"Compensation - Capgemini","og_url":"https:\/\/www.capgemini.com\/de-de\/solutions\/bringen-sie-ihre-hr-prozesse-auf-ein-neues-digitales-level\/compensation\/","og_site_name":"Capgemini","article_modified_time":"2026-01-22T07:48:42+00:00","og_image":[{"url":"https:\/\/www.capgemini.com\/de-de\/wp-content\/uploads\/sites\/8\/2021\/08\/COMPENSATION-OF-EXECUTIVE-CORPORATE-OFFICERS.jpg"}],"twitter_card":"summary_large_image","schema":{"@context":"https:\/\/schema.org","@graph":[{"@type":"WebPage","@id":"https:\/\/www.capgemini.com\/de-de\/solutions\/bringen-sie-ihre-hr-prozesse-auf-ein-neues-digitales-level\/compensation\/","url":"https:\/\/www.capgemini.com\/de-de\/solutions\/bringen-sie-ihre-hr-prozesse-auf-ein-neues-digitales-level\/compensation\/","name":"Compensation - Capgemini","isPartOf":{"@id":"https:\/\/www.capgemini.com\/de-de\/#website"},"primaryImageOfPage":{"@id":"https:\/\/www.capgemini.com\/de-de\/solutions\/bringen-sie-ihre-hr-prozesse-auf-ein-neues-digitales-level\/compensation\/#primaryimage"},"image":{"@id":"https:\/\/www.capgemini.com\/de-de\/solutions\/bringen-sie-ihre-hr-prozesse-auf-ein-neues-digitales-level\/compensation\/#primaryimage"},"thumbnailUrl":"https:\/\/www.capgemini.com\/de-de\/wp-content\/uploads\/sites\/8\/2021\/08\/COMPENSATION-OF-EXECUTIVE-CORPORATE-OFFICERS.jpg","datePublished":"2024-02-29T07:35:31+00:00","dateModified":"2026-01-22T07:48:42+00:00","breadcrumb":{"@id":"https:\/\/www.capgemini.com\/de-de\/solutions\/bringen-sie-ihre-hr-prozesse-auf-ein-neues-digitales-level\/compensation\/#breadcrumb"},"inLanguage":"de-DE","potentialAction":[{"@type":"ReadAction","target":["https:\/\/www.capgemini.com\/de-de\/solutions\/bringen-sie-ihre-hr-prozesse-auf-ein-neues-digitales-level\/compensation\/"]}]},{"@type":"ImageObject","inLanguage":"de-DE","@id":"https:\/\/www.capgemini.com\/de-de\/solutions\/bringen-sie-ihre-hr-prozesse-auf-ein-neues-digitales-level\/compensation\/#primaryimage","url":"https:\/\/www.capgemini.com\/de-de\/wp-content\/uploads\/sites\/8\/2021\/08\/COMPENSATION-OF-EXECUTIVE-CORPORATE-OFFICERS.jpg","contentUrl":"https:\/\/www.capgemini.com\/de-de\/wp-content\/uploads\/sites\/8\/2021\/08\/COMPENSATION-OF-EXECUTIVE-CORPORATE-OFFICERS.jpg","width":2880,"height":1800},{"@type":"BreadcrumbList","@id":"https:\/\/www.capgemini.com\/de-de\/solutions\/bringen-sie-ihre-hr-prozesse-auf-ein-neues-digitales-level\/compensation\/#breadcrumb","itemListElement":[{"@type":"ListItem","position":1,"name":"Solutions","item":"https:\/\/www.capgemini.com\/de-de\/solutions\/"},{"@type":"ListItem","position":2,"name":"Bringen Sie Ihre HR-Prozesse auf ein neues digitales Level","item":"https:\/\/www.capgemini.com\/de-de\/solutions\/bringen-sie-ihre-hr-prozesse-auf-ein-neues-digitales-level\/"},{"@type":"ListItem","position":3,"name":"Compensation"}]},{"@type":"WebSite","@id":"https:\/\/www.capgemini.com\/de-de\/#website","url":"https:\/\/www.capgemini.com\/de-de\/","name":"Capgemini Deutschland","description":"Make it real","potentialAction":[{"@type":"SearchAction","target":{"@type":"EntryPoint","urlTemplate":"https:\/\/www.capgemini.com\/de-de\/?s={search_term_string}"},"query-input":"required name=search_term_string"}],"inLanguage":"de-DE"}]}},"brand_term":[],"parsely":{"version":"1.1.0","canonical_url":"https:\/\/capgemini.com\/de-de\/solutions\/bringen-sie-ihre-hr-prozesse-auf-ein-neues-digitales-level\/compensation\/","smart_links":{"inbound":0,"outbound":0},"traffic_boost_suggestions_count":0,"meta":{"@context":"https:\/\/schema.org","@type":"WebPage","headline":"Compensation","url":"http:\/\/www.capgemini.com\/de-de\/solutions\/bringen-sie-ihre-hr-prozesse-auf-ein-neues-digitales-level\/compensation\/","mainEntityOfPage":{"@type":"WebPage","@id":"http:\/\/www.capgemini.com\/de-de\/solutions\/bringen-sie-ihre-hr-prozesse-auf-ein-neues-digitales-level\/compensation\/"},"thumbnailUrl":"","image":{"@type":"ImageObject","url":""},"articleSection":"Uncategorized","author":[],"creator":[],"publisher":{"@type":"Organization","name":"Capgemini","logo":""},"keywords":[],"dateCreated":"2024-02-29T07:35:31Z","datePublished":"2024-02-29T07:35:31Z","dateModified":"2026-01-22T07:48:42Z"},"rendered":"<script type=\"application\/ld+json\" class=\"wp-parsely-metadata\">{\"@context\":\"https:\\\/\\\/schema.org\",\"@type\":\"WebPage\",\"headline\":\"Compensation\",\"url\":\"http:\\\/\\\/www.capgemini.com\\\/de-de\\\/solutions\\\/bringen-sie-ihre-hr-prozesse-auf-ein-neues-digitales-level\\\/compensation\\\/\",\"mainEntityOfPage\":{\"@type\":\"WebPage\",\"@id\":\"http:\\\/\\\/www.capgemini.com\\\/de-de\\\/solutions\\\/bringen-sie-ihre-hr-prozesse-auf-ein-neues-digitales-level\\\/compensation\\\/\"},\"thumbnailUrl\":\"\",\"image\":{\"@type\":\"ImageObject\",\"url\":\"\"},\"articleSection\":\"Uncategorized\",\"author\":[],\"creator\":[],\"publisher\":{\"@type\":\"Organization\",\"name\":\"Capgemini\",\"logo\":\"\"},\"keywords\":[],\"dateCreated\":\"2024-02-29T07:35:31Z\",\"datePublished\":\"2024-02-29T07:35:31Z\",\"dateModified\":\"2026-01-22T07:48:42Z\"}<\/script>","tracker_url":"https:\/\/cdn.parsely.com\/keys\/capgemini.com\/p.js"},"archive_status":false,"featured_image_src":"https:\/\/www.capgemini.com\/de-de\/wp-content\/themes\/capgemini2025\/assets\/images\/mockup.png","featured_image_alt":false,"jetpack_sharing_enabled":true,"distributor_meta":false,"distributor_terms":false,"distributor_media":false,"distributor_original_site_name":"Capgemini","distributor_original_site_url":"https:\/\/www.capgemini.com\/de-de","push-errors":false,"_links":{"self":[{"href":"https:\/\/www.capgemini.com\/de-de\/wp-json\/wp\/v2\/pages\/853231","targetHints":{"allow":["GET"]}}],"collection":[{"href":"https:\/\/www.capgemini.com\/de-de\/wp-json\/wp\/v2\/pages"}],"about":[{"href":"https:\/\/www.capgemini.com\/de-de\/wp-json\/wp\/v2\/types\/page"}],"author":[{"embeddable":true,"href":"https:\/\/www.capgemini.com\/de-de\/wp-json\/wp\/v2\/users\/41"}],"replies":[{"embeddable":true,"href":"https:\/\/www.capgemini.com\/de-de\/wp-json\/wp\/v2\/comments?post=853231"}],"version-history":[{"count":4,"href":"https:\/\/www.capgemini.com\/de-de\/wp-json\/wp\/v2\/pages\/853231\/revisions"}],"predecessor-version":[{"id":875357,"href":"https:\/\/www.capgemini.com\/de-de\/wp-json\/wp\/v2\/pages\/853231\/revisions\/875357"}],"up":[{"embeddable":true,"href":"https:\/\/www.capgemini.com\/de-de\/wp-json\/wp\/v2\/pages\/853235"}],"wp:attachment":[{"href":"https:\/\/www.capgemini.com\/de-de\/wp-json\/wp\/v2\/media?parent=853231"}],"wp:term":[{"taxonomy":"brand","embeddable":true,"href":"https:\/\/www.capgemini.com\/de-de\/wp-json\/wp\/v2\/brand?post=853231"},{"taxonomy":"partner_type","embeddable":true,"href":"https:\/\/www.capgemini.com\/de-de\/wp-json\/wp\/v2\/partner_type?post=853231"},{"taxonomy":"service","embeddable":true,"href":"https:\/\/www.capgemini.com\/de-de\/wp-json\/wp\/v2\/service?post=853231"},{"taxonomy":"industry","embeddable":true,"href":"https:\/\/www.capgemini.com\/de-de\/wp-json\/wp\/v2\/industry?post=853231"},{"taxonomy":"partners","embeddable":true,"href":"https:\/\/www.capgemini.com\/de-de\/wp-json\/wp\/v2\/partners?post=853231"},{"taxonomy":"page-type","embeddable":true,"href":"https:\/\/www.capgemini.com\/de-de\/wp-json\/wp\/v2\/page-type?post=853231"},{"taxonomy":"content-group","embeddable":true,"href":"https:\/\/www.capgemini.com\/de-de\/wp-json\/wp\/v2\/content-group?post=853231"}],"curies":[{"name":"wp","href":"https:\/\/api.w.org\/{rel}","templated":true}]}}