{"id":853223,"date":"2024-02-29T07:22:12","date_gmt":"2024-02-29T07:22:12","guid":{"rendered":"https:\/\/www.capgemini.com\/de-de\/?page_id=853223"},"modified":"2026-01-22T07:48:42","modified_gmt":"2026-01-22T07:48:42","slug":"recruiting","status":"publish","type":"page","link":"https:\/\/www.capgemini.com\/de-de\/solutions\/bringen-sie-ihre-hr-prozesse-auf-ein-neues-digitales-level\/recruiting\/","title":{"rendered":"Recruiting"},"content":{"rendered":"\n<header class=\"wp-block-cg-blocks-hero-reusable header heroReusable  \"><div class=\"header-bgs\"><picture><source srcset=\"https:\/\/www.capgemini.com\/de-de\/wp-content\/uploads\/sites\/8\/2020\/09\/Capgemini_people_diversity_inclu-2.jpg?w=2880&amp;quality=70 1x, https:\/\/www.capgemini.com\/de-de\/wp-content\/uploads\/sites\/8\/2020\/09\/Capgemini_people_diversity_inclu-2.jpg?w=2880&amp;quality=70 2x\" media=\"(min-width: 1500px)\"\/><source srcset=\"https:\/\/www.capgemini.com\/de-de\/wp-content\/uploads\/sites\/8\/2020\/09\/Capgemini_people_diversity_inclu-2.jpg?w=1440&amp;quality=70 1x, https:\/\/www.capgemini.com\/de-de\/wp-content\/uploads\/sites\/8\/2020\/09\/Capgemini_people_diversity_inclu-2.jpg?w=2880&amp;quality=70 2x\" media=\"(min-width: 992px)\"\/><source srcset=\"https:\/\/www.capgemini.com\/de-de\/wp-content\/uploads\/sites\/8\/2020\/09\/Capgemini_people_diversity_inclu-2.jpg?w=1024&amp;quality=70 1x, https:\/\/www.capgemini.com\/de-de\/wp-content\/uploads\/sites\/8\/2020\/09\/Capgemini_people_diversity_inclu-2.jpg?w=1024&amp;quality=70 2x\" media=\"(min-width: 768px)\"\/><source srcset=\"https:\/\/www.capgemini.com\/de-de\/wp-content\/uploads\/sites\/8\/2020\/09\/Capgemini_people_diversity_inclu-2.jpg?w=768&amp;quality=70 1x, https:\/\/www.capgemini.com\/de-de\/wp-content\/uploads\/sites\/8\/2020\/09\/Capgemini_people_diversity_inclu-2.jpg?w=768&amp;quality=70 2x\" media=\"(min-width: 0)\"\/><img decoding=\"async\" src=\"https:\/\/www.capgemini.com\/de-de\/wp-content\/uploads\/sites\/8\/2020\/09\/Capgemini_people_diversity_inclu-2.jpg\" class=\"header-img header-img-d\" alt=\"\" style=\"object-fit:cover;object-position:56.99999999999999% 30%\" loading=\"eager\"\/><\/picture><\/div><div class=\"heroPictureCardHeaderShape\"><\/div><div class=\"container\"><div class=\"row\"><div class=\"col-md-12\"><div class=\"box\"><div class=\"boxTagWrapper\"><div class=\"tagInfo\"><\/div><\/div><div class=\"box-title\"><h1 data-maxlength=\"34\">Erfolgreiches Recruiting \u2013 f\u00fcr einfache Bewerbungsprozesse<\/h1><\/div><h2 class=\"reasearchInsightTitle\">Die L\u00f6sung, um die bestqualifizierten Kandidaten\u00a0zu finden, gewinnen und einzustellen!<\/h2><div class=\"inner-row-insight download-btn\"><\/div><\/div><\/div><\/div><\/div><\/header>\n\n\n\n<section class=\"wp-block-cg-blocks-group undefined section section--article-content\"><div class=\"article-main-content\"><div class=\"container\"><div class=\"row\"><div class=\"col-12 col-md-11 col-lg-10 offset-md-1 offset-lg-1\"><div class=\"article-text article-quote-text\">\n<p>Die Welt der Personalbeschaffung befindet sich im Wandel. Von Fachkr\u00e4ftemangel bis hin zur bevorstehenden Rezession und dem Drang zur digitalen Transformation im Unternehmen und HR-Bereich. Mit unseren Best Practices f\u00fcr Stellenanzeigen, Angebotsschreiben, Kandidatenprofile, Karriereseiten und effektiv eingebaute Genehmigungsprozesse erreichen Sie automatisch mehr Sichtbarkeit und erzielen bessere Ergebnisse bei der Einstellung. Unsere Recruiting-L\u00f6sung mit SAP SuccessFactors verschafft Ihnen mehr Zeit, um sich auf Ihre eigentliche Aufgabe zu konzentrieren: geeignete Kandidaten f\u00fcr Ihr Unternehmen zu gewinnen.<\/p>\n\n\n\n<section class=\"wp-block-cg-blocks-how-we-do-it section section--howwedoit block-howwedoit\"><div class=\"container\"><div><div class=\"content-title\"><h2 data-maxlength=\"72\" class=\"expandable-heading-tag\">Vorteile durch SAP SuccessFactors<\/h2><\/div><p><\/p><\/div><div class=\"section-content\">\n<div class=\"wp-block-cg-blocks-card-howwedoit expanders\"><div class=\"box card-regulated-agreements card-howwedoit\"><div class=\"expander-box filter-box tag-active \"><div class=\"expander-title\" tabindex=\"0\" role=\"button\" aria-pressed=\"false\" aria-expanded=\"false\"><h3 class=\"expander-heading-title\">Besseres Verst\u00e4ndnis ihrer Recruitingstrategie mit Advanced Analytics<\/h3><\/div><div class=\"expander-content\"><p>Mit unserem breiten Angebot an vorgefertigten Reports bieten wir mehr Transparenz und Messbarkeit f\u00fcr Ihr HR-Team. Daraus folgen automatisch generierte Berichte \u00fcber die Qualit\u00e4t und Quantit\u00e4t der Bewerber, Einstellungszeit, Kosten und noch vieles mehr. F\u00fcr eine bessere Entscheidungsfindung und Prozessoptimierung in Ihrem HR-Team. Erm\u00f6glichen Sie Ihren Kandidaten eine schnelle und reibungslose Recruiting Experience und heben Sie sich von anderen Unternehmen ab.<\/p><div class=\"bg-color video-align-right\"><div class=\"container\"><div class=\"row video-align-left\"><div class=\"col-md-12\"><div class=\"video-align-left row box box--4 box--mini\"><div class=\"col-md-3\"><\/div><div class=\"col-md-8 box-img-wrapper\"><div class=\"video-box\"><\/div><\/div><\/div><\/div><\/div><\/div><\/div><div class=\"content-more\"><\/div><\/div><\/div><\/div><\/div>\n\n\n\n<div class=\"wp-block-cg-blocks-card-howwedoit expanders\"><div class=\"box card-regulated-agreements card-howwedoit\"><div class=\"expander-box filter-box tag-active \"><div class=\"expander-title\" tabindex=\"0\" role=\"button\" aria-pressed=\"false\" aria-expanded=\"false\"><h3 class=\"expander-heading-title\">Optimierung ihrer Recruitingprozesse<\/h3><\/div><div class=\"expander-content\"><p>Wir begleiten sie bei ihren intern Recruitingprozess, von der Gewinnung bis zur Einstellung von potenziellen Talenten mit durchdachten und automatisierten genehmigungs- und Bearbeitungsprozessen. Damit sie von der effizienten Echtzeit-Verwaltung der Bewerber profitieren und mit unseren passenden Vorlagen f\u00fcr jeden Recruitingsstatus vorbereitet sind.<\/p><div class=\"bg-color video-align-right\"><div class=\"container\"><div class=\"row video-align-left\"><div class=\"col-md-12\"><div class=\"video-align-left row box box--4 box--mini\"><div class=\"col-md-3\"><\/div><div class=\"col-md-8 box-img-wrapper\"><div class=\"video-box\"><\/div><\/div><\/div><\/div><\/div><\/div><\/div><div class=\"content-more\"><\/div><\/div><\/div><\/div><\/div>\n\n\n\n<div class=\"wp-block-cg-blocks-card-howwedoit expanders\"><div class=\"box card-regulated-agreements card-howwedoit\"><div class=\"expander-box filter-box tag-active \"><div class=\"expander-title\" tabindex=\"0\" role=\"button\" aria-pressed=\"false\" aria-expanded=\"false\"><h3 class=\"expander-heading-title\">Betriebsrateinbindung in den Recruitingprozess<\/h3><\/div><div class=\"expander-content\"><p>Die Angebotsgenehmigungsfunktion von SAP SuccessFactors Recruiting erm\u00f6glicht es Unternehmen, den Betriebsrat aktiv in den Auswahlprozess einzubeziehen. Durch diese Integration werden s\u00e4mtliche relevanten Informationen zu den geplanten Einstellungen direkt im System bereitgestellt, ohne dass sensible Kandidatendaten au\u00dferhalb des Systems verschickt werden m\u00fcssen. Zus\u00e4tzlich hat der Betriebsrat die M\u00f6glichkeit, die Einstellungen direkt zu genehmigen, abzulehnen oder Kommentare abzugeben.<\/p><div class=\"bg-color video-align-right\"><div class=\"container\"><div class=\"row video-align-left\"><div class=\"col-md-12\"><div class=\"video-align-left row box box--4 box--mini\"><div class=\"col-md-3\"><\/div><div class=\"col-md-8 box-img-wrapper\"><div class=\"video-box\"><\/div><\/div><\/div><\/div><\/div><\/div><\/div><div class=\"content-more\"><\/div><\/div><\/div><\/div><\/div>\n\n\n\n<div class=\"wp-block-cg-blocks-card-howwedoit expanders\"><div class=\"box card-regulated-agreements card-howwedoit\"><div class=\"expander-box filter-box tag-active \"><div class=\"expander-title\" tabindex=\"0\" role=\"button\" aria-pressed=\"false\" aria-expanded=\"false\"><h3 class=\"expander-heading-title\">Einfachen und unkomplizierten Bewerbungsprozess f\u00fcr den Kandidaten und Recruiter<\/h3><\/div><div class=\"expander-content\"><p>Mit vorgefertigten Kandidatenprofilen werden alle relevanten Informationen erfasst, wodurch effiziente Auswertung der Bewerbungen und eine schnellere Identifizierung qualifizierter Kandidaten erm\u00f6glicht werden. Aus seitens der Bewerber*innen werden nur die wichtigsten Informationen abgefragt, was zu einer schnelleren Bewertung f\u00fchrt und Recruiter*innen die richten Daten f\u00fcr eine effizienteren und effektiveren Personalbeschaffung erhalten.<\/p><div class=\"bg-color video-align-right\"><div class=\"container\"><div class=\"row video-align-left\"><div class=\"col-md-12\"><div class=\"video-align-left row box box--4 box--mini\"><div class=\"col-md-3\"><\/div><div class=\"col-md-8 box-img-wrapper\"><div class=\"video-box\"><\/div><\/div><\/div><\/div><\/div><\/div><\/div><div class=\"content-more\"><\/div><\/div><\/div><\/div><\/div>\n\n\n\n<div class=\"wp-block-cg-blocks-card-howwedoit expanders\"><div class=\"box card-regulated-agreements card-howwedoit\"><div class=\"expander-box filter-box tag-active \"><div class=\"expander-title\" tabindex=\"0\" role=\"button\" aria-pressed=\"false\" aria-expanded=\"false\"><h3 class=\"expander-heading-title\">Informative Karriereseiten f\u00fcr Ihre Kandidat*innen<\/h3><\/div><div class=\"expander-content\"><p>Durch eine klare Struktur, intuitive Navigation und ansprechende Gestaltung, werden potenzielle Bewerber besser ansprechen und ihnen eine positive Benutzererfahrung bieten. Eine gut gestaltete Karriereseite kann relevante Informationen und Anforderungen \u00fcbersichtlich pr\u00e4sentieren, was zu einer h\u00f6heren Bewerberqualit\u00e4t und einer effizienteren Auswahl des passenden Kandidaten f\u00fchren kann. Mit bereits erfolgreich eingesetzten Vorlagen f\u00fcr Stellenanzeigen, Angebotsschreiben bis zu Karriereseiten, mit dem SAP Recruiting Marketing Tool, erzielen wir ansprechende HRIT-Strategien, welche bleibenden Eindruck bei den Kandidaten hinterlassen.<\/p><div class=\"bg-color video-align-right\"><div class=\"container\"><div class=\"row video-align-left\"><div class=\"col-md-12\"><div class=\"video-align-left row box box--4 box--mini\"><div class=\"col-md-3\"><\/div><div class=\"col-md-8 box-img-wrapper\"><div class=\"video-box\"><\/div><\/div><\/div><\/div><\/div><\/div><\/div><div class=\"content-more\"><\/div><\/div><\/div><\/div><\/div>\n<\/div><\/div><\/section>\n\n\n\n<h2 class=\"wp-block-heading\" id=\"h-erweitern-sie-ihre-talentakquise-mit-dem-mitarbeiterempfehlungsprogramm-von-radancy\">Erweitern Sie ihre Talentakquise mit dem Mitarbeiterempfehlungsprogramm von Radancy<\/h2>\n\n\n\n<p>Die cloud-basierte Empfehlungsplattform von Radancy hilft Unternehmen die Netzwerke ihrer Mitarbeitenden zu nutzen, um ihre Jobangebote zu teilen, um mehr erstklassige Talente f\u00fcr Ihr Unternehmen zu gewinnen. Die nahtlose Integration mit SAP SuccessFactors Recruiting erm\u00f6glicht Unternehmen eine optimierte Talentakquise und -management-Strategie. Denn diese leistungsstarke und umfassende L\u00f6sung unterst\u00fctzt Unternehmen dabei, ihre Einstellungsprozesse zu optimieren und Kandidaten zu finden.<\/p>\n\n\n\n<p>Das SAP SuccessFactors-Team von Capgemini begleitet Sie bei der Beratung und Durchf\u00fchrung ihrer digitalen HR-Transformation. Mit Hilfe von Integrationen werden individuelle und optimale L\u00f6sungen generiert und umgesetzt, um sicherzustellen, dass Menschen weiterhin oberste Priorit\u00e4t haben.<\/p>\n\n\n\n<p>Mit Radancy, einer erfolgreichen cloud-basierten Empfehlungsplattform als Partner, haben wir eine L\u00f6sung, welche schnelle Integration f\u00fcr die Mitarbeiterempfehlung bereitstellt.&nbsp; Gemeinsam stellen wir gezielten Zielgruppendaten bereit f\u00fcr sie bereit, welche dann zur Identifizierung die richtigen Kandidaten beitragen. In Kombination mit SAP SuccessFactors Recruiting eine umfassende L\u00f6sung f\u00fcr das Bewerbermanagement, welche zur richtigen Zeit \u00fcber alle Kan\u00e4le hinweg eine hohe Reichweite aufbaut. Somit stellen wir sicher, dass die Stellenanzeigen an die richtigen Bewerber gelangen und vereinfachen den Einstellungsprozess von Unternehmen. Das SAP-SuccessFactors-Team von Capgemini unterst\u00fctzt bei der digitalen HR-Transformation durch individuelle L\u00f6sungen und setzt an den richtigen Prozessen an, um das Beste aus beiden Systemen zu holen.<\/p>\n\n\n\n<p>Viele Unternehmen vertrauen uns bei ihrer HR-Transformation von lokalen Systemen in geeignete Cloud-L\u00f6sung. Interessieren Sie sich auch f\u00fcr die Einf\u00fchrung von SAP SuccessFactors Recruiting Management &amp; Marketing? Vereinbaren Sie ein kostenloses Beratungsgespr\u00e4ch mit unseren Experten.<\/p>\n<\/div><\/div><\/div><\/div><\/div><\/section>\n","protected":false},"excerpt":{"rendered":"","protected":false},"author":41,"featured_media":0,"parent":853235,"menu_order":0,"comment_status":"closed","ping_status":"closed","template":"","meta":{"cg_dt_proposed_to":[],"cg_seo_hreflang_relations":"[]","cg_seo_canonical_relation":"","cg_seo_hreflang_x_default_relation":"{\"uuid\":\"3c2f8b94-09e2-47d3-a14c-c47e21adca7f\",\"blogId\":\"\",\"domain\":\"\",\"sitePath\":\"\",\"postLink\":\"\",\"postId\":null,\"isSaved\":true,\"isCrossLink\":false,\"hasCrossLink\":false}","cg_dt_approved_content":true,"cg_dt_mandatory_content":false,"cg_dt_notes":"","cg_dg_source_changed":false,"cg_dt_link_disabled":false,"_yoast_wpseo_primary_brand":"","footnotes":"","featured_focal_points":"","partner_card_description":"","gsap_animation":0},"brand":[],"partner_type":[],"service":[],"industry":[],"partners":[],"page-type":[],"content-group":[],"class_list":["post-853223","page","type-page","status-publish","hentry"],"yoast_head":"<!-- This site is optimized with the Yoast SEO Premium plugin v22.8 (Yoast SEO v22.8) - https:\/\/yoast.com\/wordpress\/plugins\/seo\/ -->\n<title>Recruiting - Capgemini<\/title>\n<meta name=\"robots\" content=\"index, follow, max-snippet:-1, max-image-preview:large, max-video-preview:-1\" \/>\n<link rel=\"canonical\" href=\"https:\/\/www.capgemini.com\/de-de\/solutions\/bringen-sie-ihre-hr-prozesse-auf-ein-neues-digitales-level\/recruiting\/\" \/>\n<meta property=\"og:locale\" content=\"de_DE\" \/>\n<meta property=\"og:type\" content=\"article\" \/>\n<meta property=\"og:title\" content=\"Recruiting - Capgemini\" \/>\n<meta property=\"og:url\" content=\"https:\/\/www.capgemini.com\/de-de\/solutions\/bringen-sie-ihre-hr-prozesse-auf-ein-neues-digitales-level\/recruiting\/\" \/>\n<meta property=\"og:site_name\" content=\"Capgemini\" \/>\n<meta property=\"article:modified_time\" content=\"2026-01-22T07:48:42+00:00\" \/>\n<meta property=\"og:image\" content=\"https:\/\/www.capgemini.com\/de-de\/wp-content\/uploads\/sites\/8\/2020\/09\/Capgemini_people_diversity_inclu-2.jpg\" \/>\n<meta name=\"twitter:card\" content=\"summary_large_image\" \/>\n<script type=\"application\/ld+json\" class=\"yoast-schema-graph\">{\"@context\":\"https:\/\/schema.org\",\"@graph\":[{\"@type\":\"WebPage\",\"@id\":\"https:\/\/www.capgemini.com\/de-de\/solutions\/bringen-sie-ihre-hr-prozesse-auf-ein-neues-digitales-level\/recruiting\/\",\"url\":\"https:\/\/www.capgemini.com\/de-de\/solutions\/bringen-sie-ihre-hr-prozesse-auf-ein-neues-digitales-level\/recruiting\/\",\"name\":\"Recruiting - Capgemini\",\"isPartOf\":{\"@id\":\"https:\/\/www.capgemini.com\/de-de\/#website\"},\"primaryImageOfPage\":{\"@id\":\"https:\/\/www.capgemini.com\/de-de\/solutions\/bringen-sie-ihre-hr-prozesse-auf-ein-neues-digitales-level\/recruiting\/#primaryimage\"},\"image\":{\"@id\":\"https:\/\/www.capgemini.com\/de-de\/solutions\/bringen-sie-ihre-hr-prozesse-auf-ein-neues-digitales-level\/recruiting\/#primaryimage\"},\"thumbnailUrl\":\"https:\/\/www.capgemini.com\/de-de\/wp-content\/uploads\/sites\/8\/2020\/09\/Capgemini_people_diversity_inclu-2.jpg\",\"datePublished\":\"2024-02-29T07:22:12+00:00\",\"dateModified\":\"2026-01-22T07:48:42+00:00\",\"breadcrumb\":{\"@id\":\"https:\/\/www.capgemini.com\/de-de\/solutions\/bringen-sie-ihre-hr-prozesse-auf-ein-neues-digitales-level\/recruiting\/#breadcrumb\"},\"inLanguage\":\"de-DE\",\"potentialAction\":[{\"@type\":\"ReadAction\",\"target\":[\"https:\/\/www.capgemini.com\/de-de\/solutions\/bringen-sie-ihre-hr-prozesse-auf-ein-neues-digitales-level\/recruiting\/\"]}]},{\"@type\":\"ImageObject\",\"inLanguage\":\"de-DE\",\"@id\":\"https:\/\/www.capgemini.com\/de-de\/solutions\/bringen-sie-ihre-hr-prozesse-auf-ein-neues-digitales-level\/recruiting\/#primaryimage\",\"url\":\"https:\/\/www.capgemini.com\/de-de\/wp-content\/uploads\/sites\/8\/2020\/09\/Capgemini_people_diversity_inclu-2.jpg\",\"contentUrl\":\"https:\/\/www.capgemini.com\/de-de\/wp-content\/uploads\/sites\/8\/2020\/09\/Capgemini_people_diversity_inclu-2.jpg\",\"width\":1000,\"height\":625},{\"@type\":\"BreadcrumbList\",\"@id\":\"https:\/\/www.capgemini.com\/de-de\/solutions\/bringen-sie-ihre-hr-prozesse-auf-ein-neues-digitales-level\/recruiting\/#breadcrumb\",\"itemListElement\":[{\"@type\":\"ListItem\",\"position\":1,\"name\":\"Solutions\",\"item\":\"https:\/\/www.capgemini.com\/de-de\/solutions\/\"},{\"@type\":\"ListItem\",\"position\":2,\"name\":\"Bringen Sie Ihre HR-Prozesse auf ein neues digitales Level\",\"item\":\"https:\/\/www.capgemini.com\/de-de\/solutions\/bringen-sie-ihre-hr-prozesse-auf-ein-neues-digitales-level\/\"},{\"@type\":\"ListItem\",\"position\":3,\"name\":\"Recruiting\"}]},{\"@type\":\"WebSite\",\"@id\":\"https:\/\/www.capgemini.com\/de-de\/#website\",\"url\":\"https:\/\/www.capgemini.com\/de-de\/\",\"name\":\"Capgemini Deutschland\",\"description\":\"Make it real\",\"potentialAction\":[{\"@type\":\"SearchAction\",\"target\":{\"@type\":\"EntryPoint\",\"urlTemplate\":\"https:\/\/www.capgemini.com\/de-de\/?s={search_term_string}\"},\"query-input\":\"required name=search_term_string\"}],\"inLanguage\":\"de-DE\"}]}<\/script>\n<!-- \/ Yoast SEO Premium plugin. -->","yoast_head_json":{"title":"Recruiting - Capgemini","robots":{"index":"index","follow":"follow","max-snippet":"max-snippet:-1","max-image-preview":"max-image-preview:large","max-video-preview":"max-video-preview:-1"},"canonical":"https:\/\/www.capgemini.com\/de-de\/solutions\/bringen-sie-ihre-hr-prozesse-auf-ein-neues-digitales-level\/recruiting\/","og_locale":"de_DE","og_type":"article","og_title":"Recruiting - Capgemini","og_url":"https:\/\/www.capgemini.com\/de-de\/solutions\/bringen-sie-ihre-hr-prozesse-auf-ein-neues-digitales-level\/recruiting\/","og_site_name":"Capgemini","article_modified_time":"2026-01-22T07:48:42+00:00","og_image":[{"url":"https:\/\/www.capgemini.com\/de-de\/wp-content\/uploads\/sites\/8\/2020\/09\/Capgemini_people_diversity_inclu-2.jpg"}],"twitter_card":"summary_large_image","schema":{"@context":"https:\/\/schema.org","@graph":[{"@type":"WebPage","@id":"https:\/\/www.capgemini.com\/de-de\/solutions\/bringen-sie-ihre-hr-prozesse-auf-ein-neues-digitales-level\/recruiting\/","url":"https:\/\/www.capgemini.com\/de-de\/solutions\/bringen-sie-ihre-hr-prozesse-auf-ein-neues-digitales-level\/recruiting\/","name":"Recruiting - Capgemini","isPartOf":{"@id":"https:\/\/www.capgemini.com\/de-de\/#website"},"primaryImageOfPage":{"@id":"https:\/\/www.capgemini.com\/de-de\/solutions\/bringen-sie-ihre-hr-prozesse-auf-ein-neues-digitales-level\/recruiting\/#primaryimage"},"image":{"@id":"https:\/\/www.capgemini.com\/de-de\/solutions\/bringen-sie-ihre-hr-prozesse-auf-ein-neues-digitales-level\/recruiting\/#primaryimage"},"thumbnailUrl":"https:\/\/www.capgemini.com\/de-de\/wp-content\/uploads\/sites\/8\/2020\/09\/Capgemini_people_diversity_inclu-2.jpg","datePublished":"2024-02-29T07:22:12+00:00","dateModified":"2026-01-22T07:48:42+00:00","breadcrumb":{"@id":"https:\/\/www.capgemini.com\/de-de\/solutions\/bringen-sie-ihre-hr-prozesse-auf-ein-neues-digitales-level\/recruiting\/#breadcrumb"},"inLanguage":"de-DE","potentialAction":[{"@type":"ReadAction","target":["https:\/\/www.capgemini.com\/de-de\/solutions\/bringen-sie-ihre-hr-prozesse-auf-ein-neues-digitales-level\/recruiting\/"]}]},{"@type":"ImageObject","inLanguage":"de-DE","@id":"https:\/\/www.capgemini.com\/de-de\/solutions\/bringen-sie-ihre-hr-prozesse-auf-ein-neues-digitales-level\/recruiting\/#primaryimage","url":"https:\/\/www.capgemini.com\/de-de\/wp-content\/uploads\/sites\/8\/2020\/09\/Capgemini_people_diversity_inclu-2.jpg","contentUrl":"https:\/\/www.capgemini.com\/de-de\/wp-content\/uploads\/sites\/8\/2020\/09\/Capgemini_people_diversity_inclu-2.jpg","width":1000,"height":625},{"@type":"BreadcrumbList","@id":"https:\/\/www.capgemini.com\/de-de\/solutions\/bringen-sie-ihre-hr-prozesse-auf-ein-neues-digitales-level\/recruiting\/#breadcrumb","itemListElement":[{"@type":"ListItem","position":1,"name":"Solutions","item":"https:\/\/www.capgemini.com\/de-de\/solutions\/"},{"@type":"ListItem","position":2,"name":"Bringen Sie Ihre HR-Prozesse auf ein neues digitales Level","item":"https:\/\/www.capgemini.com\/de-de\/solutions\/bringen-sie-ihre-hr-prozesse-auf-ein-neues-digitales-level\/"},{"@type":"ListItem","position":3,"name":"Recruiting"}]},{"@type":"WebSite","@id":"https:\/\/www.capgemini.com\/de-de\/#website","url":"https:\/\/www.capgemini.com\/de-de\/","name":"Capgemini Deutschland","description":"Make it real","potentialAction":[{"@type":"SearchAction","target":{"@type":"EntryPoint","urlTemplate":"https:\/\/www.capgemini.com\/de-de\/?s={search_term_string}"},"query-input":"required name=search_term_string"}],"inLanguage":"de-DE"}]}},"brand_term":[],"parsely":{"version":"1.1.0","canonical_url":"https:\/\/capgemini.com\/de-de\/solutions\/bringen-sie-ihre-hr-prozesse-auf-ein-neues-digitales-level\/recruiting\/","smart_links":{"inbound":0,"outbound":0},"traffic_boost_suggestions_count":0,"meta":{"@context":"https:\/\/schema.org","@type":"WebPage","headline":"Recruiting","url":"http:\/\/www.capgemini.com\/de-de\/solutions\/bringen-sie-ihre-hr-prozesse-auf-ein-neues-digitales-level\/recruiting\/","mainEntityOfPage":{"@type":"WebPage","@id":"http:\/\/www.capgemini.com\/de-de\/solutions\/bringen-sie-ihre-hr-prozesse-auf-ein-neues-digitales-level\/recruiting\/"},"thumbnailUrl":"","image":{"@type":"ImageObject","url":""},"articleSection":"Uncategorized","author":[],"creator":[],"publisher":{"@type":"Organization","name":"Capgemini","logo":""},"keywords":[],"dateCreated":"2024-02-29T07:22:12Z","datePublished":"2024-02-29T07:22:12Z","dateModified":"2026-01-22T07:48:42Z"},"rendered":"<script type=\"application\/ld+json\" class=\"wp-parsely-metadata\">{\"@context\":\"https:\\\/\\\/schema.org\",\"@type\":\"WebPage\",\"headline\":\"Recruiting\",\"url\":\"http:\\\/\\\/www.capgemini.com\\\/de-de\\\/solutions\\\/bringen-sie-ihre-hr-prozesse-auf-ein-neues-digitales-level\\\/recruiting\\\/\",\"mainEntityOfPage\":{\"@type\":\"WebPage\",\"@id\":\"http:\\\/\\\/www.capgemini.com\\\/de-de\\\/solutions\\\/bringen-sie-ihre-hr-prozesse-auf-ein-neues-digitales-level\\\/recruiting\\\/\"},\"thumbnailUrl\":\"\",\"image\":{\"@type\":\"ImageObject\",\"url\":\"\"},\"articleSection\":\"Uncategorized\",\"author\":[],\"creator\":[],\"publisher\":{\"@type\":\"Organization\",\"name\":\"Capgemini\",\"logo\":\"\"},\"keywords\":[],\"dateCreated\":\"2024-02-29T07:22:12Z\",\"datePublished\":\"2024-02-29T07:22:12Z\",\"dateModified\":\"2026-01-22T07:48:42Z\"}<\/script>","tracker_url":"https:\/\/cdn.parsely.com\/keys\/capgemini.com\/p.js"},"archive_status":false,"featured_image_src":"https:\/\/www.capgemini.com\/de-de\/wp-content\/themes\/capgemini2025\/assets\/images\/mockup.png","featured_image_alt":false,"jetpack_sharing_enabled":true,"distributor_meta":false,"distributor_terms":false,"distributor_media":false,"distributor_original_site_name":"Capgemini","distributor_original_site_url":"https:\/\/www.capgemini.com\/de-de","push-errors":false,"_links":{"self":[{"href":"https:\/\/www.capgemini.com\/de-de\/wp-json\/wp\/v2\/pages\/853223","targetHints":{"allow":["GET"]}}],"collection":[{"href":"https:\/\/www.capgemini.com\/de-de\/wp-json\/wp\/v2\/pages"}],"about":[{"href":"https:\/\/www.capgemini.com\/de-de\/wp-json\/wp\/v2\/types\/page"}],"author":[{"embeddable":true,"href":"https:\/\/www.capgemini.com\/de-de\/wp-json\/wp\/v2\/users\/41"}],"replies":[{"embeddable":true,"href":"https:\/\/www.capgemini.com\/de-de\/wp-json\/wp\/v2\/comments?post=853223"}],"version-history":[{"count":6,"href":"https:\/\/www.capgemini.com\/de-de\/wp-json\/wp\/v2\/pages\/853223\/revisions"}],"predecessor-version":[{"id":889565,"href":"https:\/\/www.capgemini.com\/de-de\/wp-json\/wp\/v2\/pages\/853223\/revisions\/889565"}],"up":[{"embeddable":true,"href":"https:\/\/www.capgemini.com\/de-de\/wp-json\/wp\/v2\/pages\/853235"}],"wp:attachment":[{"href":"https:\/\/www.capgemini.com\/de-de\/wp-json\/wp\/v2\/media?parent=853223"}],"wp:term":[{"taxonomy":"brand","embeddable":true,"href":"https:\/\/www.capgemini.com\/de-de\/wp-json\/wp\/v2\/brand?post=853223"},{"taxonomy":"partner_type","embeddable":true,"href":"https:\/\/www.capgemini.com\/de-de\/wp-json\/wp\/v2\/partner_type?post=853223"},{"taxonomy":"service","embeddable":true,"href":"https:\/\/www.capgemini.com\/de-de\/wp-json\/wp\/v2\/service?post=853223"},{"taxonomy":"industry","embeddable":true,"href":"https:\/\/www.capgemini.com\/de-de\/wp-json\/wp\/v2\/industry?post=853223"},{"taxonomy":"partners","embeddable":true,"href":"https:\/\/www.capgemini.com\/de-de\/wp-json\/wp\/v2\/partners?post=853223"},{"taxonomy":"page-type","embeddable":true,"href":"https:\/\/www.capgemini.com\/de-de\/wp-json\/wp\/v2\/page-type?post=853223"},{"taxonomy":"content-group","embeddable":true,"href":"https:\/\/www.capgemini.com\/de-de\/wp-json\/wp\/v2\/content-group?post=853223"}],"curies":[{"name":"wp","href":"https:\/\/api.w.org\/{rel}","templated":true}]}}