{"id":853220,"date":"2024-02-29T07:14:45","date_gmt":"2024-02-29T07:14:45","guid":{"rendered":"https:\/\/www.capgemini.com\/de-de\/?page_id=853220"},"modified":"2026-01-22T07:48:43","modified_gmt":"2026-01-22T07:48:43","slug":"people-analytics","status":"publish","type":"page","link":"https:\/\/www.capgemini.com\/de-de\/solutions\/bringen-sie-ihre-hr-prozesse-auf-ein-neues-digitales-level\/people-analytics\/","title":{"rendered":"People Analytics"},"content":{"rendered":"\n<header class=\"wp-block-cg-blocks-hero-reusable header heroReusable  \"><div class=\"header-bgs\"><picture><source srcset=\"https:\/\/www.capgemini.com\/de-de\/wp-content\/uploads\/sites\/8\/2022\/04\/in-memory-analytics-software-engineering-1-1.jpg?w=2880&amp;quality=70 1x, https:\/\/www.capgemini.com\/de-de\/wp-content\/uploads\/sites\/8\/2022\/04\/in-memory-analytics-software-engineering-1-1.jpg?w=2880&amp;quality=70 2x\" media=\"(min-width: 1500px)\"\/><source srcset=\"https:\/\/www.capgemini.com\/de-de\/wp-content\/uploads\/sites\/8\/2022\/04\/in-memory-analytics-software-engineering-1-1.jpg?w=1440&amp;quality=70 1x, https:\/\/www.capgemini.com\/de-de\/wp-content\/uploads\/sites\/8\/2022\/04\/in-memory-analytics-software-engineering-1-1.jpg?w=2880&amp;quality=70 2x\" media=\"(min-width: 992px)\"\/><source srcset=\"https:\/\/www.capgemini.com\/de-de\/wp-content\/uploads\/sites\/8\/2022\/04\/in-memory-analytics-software-engineering-1-1.jpg?w=1024&amp;quality=70 1x, https:\/\/www.capgemini.com\/de-de\/wp-content\/uploads\/sites\/8\/2022\/04\/in-memory-analytics-software-engineering-1-1.jpg?w=1024&amp;quality=70 2x\" media=\"(min-width: 768px)\"\/><source srcset=\"https:\/\/www.capgemini.com\/de-de\/wp-content\/uploads\/sites\/8\/2022\/04\/in-memory-analytics-software-engineering-1-1.jpg?w=768&amp;quality=70 1x, https:\/\/www.capgemini.com\/de-de\/wp-content\/uploads\/sites\/8\/2022\/04\/in-memory-analytics-software-engineering-1-1.jpg?w=768&amp;quality=70 2x\" media=\"(min-width: 0)\"\/><img decoding=\"async\" src=\"https:\/\/www.capgemini.com\/de-de\/wp-content\/uploads\/sites\/8\/2022\/04\/in-memory-analytics-software-engineering-1-1.jpg\" class=\"header-img header-img-d\" alt=\"\" style=\"object-fit:cover;object-position:50% 26%\" loading=\"eager\"\/><\/picture><\/div><div class=\"heroPictureCardHeaderShape\"><\/div><div class=\"container\"><div class=\"row\"><div class=\"col-md-12\"><div class=\"box\"><div class=\"boxTagWrapper\"><div class=\"tagInfo\"><\/div><\/div><div class=\"box-title\"><h1 data-maxlength=\"34\">People Analytics \u2013 ein technologischer Fortschritt in HR-Abteilungen<\/h1><\/div><h2 class=\"reasearchInsightTitle\">Eine zielgerichtete und softwarebasierte Nutzung von Daten und Datenanalyse im Personalmanagement<\/h2><div class=\"inner-row-insight download-btn\"><\/div><\/div><\/div><\/div><\/div><\/header>\n\n\n\n<section class=\"wp-block-cg-blocks-group undefined section section--article-content\"><div class=\"article-main-content\"><div class=\"container\"><div class=\"row\"><div class=\"col-12 col-md-11 col-lg-10 offset-md-1 offset-lg-1\"><div class=\"article-text article-quote-text\">\n<p>Unser klares Ziel, Entscheidungstr\u00e4gern mit wichtigen HR-Daten wie Fluktuation, Fehlzeiten, Produktivit\u00e4t, Talententwicklung und mehr, zu unterst\u00fctzen, setzen unserer Berater einen starken Fokus auf nachhaltiges Reporting und sind spezialisiert auf modul\u00fcbergreifende Story Reports.<\/p>\n\n\n\n<p>Dank unserer Best Practice Story Reports, die mit SAP SuccessFactors People Analytics erstellt werden, treffen Stakeholder t\u00e4glich effiziente und fundierte Entscheidungen und vermeiden kostspielige Fehler. Unsere Experten beraten und entwickeln f\u00fcr Sie aussagekr\u00e4ftige Visualisierungen, Kennzahlen, Dashboards und Diagramme zusammen. Sowohl bei der Implementierung als auch bei der professionellen Umsetzung Ihrer individuellen Reports, beraten wir Sie umfangreich auf der Basis Ihrer Daten:<\/p>\n\n\n\n<section class=\"wp-block-cg-blocks-how-we-do-it section section--howwedoit block-howwedoit\"><div class=\"container\"><div class=\"section-content\">\n<div class=\"wp-block-cg-blocks-card-howwedoit expanders\"><div class=\"box card-regulated-agreements card-howwedoit\"><div class=\"expander-box filter-box tag-active \"><div class=\"expander-title\" tabindex=\"0\" role=\"button\" aria-pressed=\"false\" aria-expanded=\"false\"><h3 class=\"expander-heading-title\">Personalisierte Story Reports und Dashboards f\u00fcr zielgerechte Analysen<\/h3><\/div><div class=\"expander-content\"><p>Abgestimmt auf Ihre Anforderungen entwickeln und personalisieren wir Story Reports und Dashboards. Unsere visuelle Aufbereitung der Daten passen wir nach Ihren individuellen W\u00fcnschen an, integrieren Trends und achten dabei auf die Identit\u00e4t Ihres Unternehmens und das Corporate Design.<\/p><div class=\"bg-color video-align-right\"><div class=\"container\"><div class=\"row video-align-left\"><div class=\"col-md-12\"><div class=\"video-align-left row box box--4 box--mini\"><div class=\"col-md-3\"><\/div><div class=\"col-md-8 box-img-wrapper\"><div class=\"video-box\"><\/div><\/div><\/div><\/div><\/div><\/div><\/div><div class=\"content-more\"><\/div><\/div><\/div><\/div><\/div>\n\n\n\n<div class=\"wp-block-cg-blocks-card-howwedoit expanders\"><div class=\"box card-regulated-agreements card-howwedoit\"><div class=\"expander-box filter-box tag-active \"><div class=\"expander-title\" tabindex=\"0\" role=\"button\" aria-pressed=\"false\" aria-expanded=\"false\"><h3 class=\"expander-heading-title\">Train on the Job<\/h3><\/div><div class=\"expander-content\"><p>Die Datenausarbeitung mit uns erfolgt interaktiv, somit nehmen Sie die verschiedenen Themen leicht und intuitiv w\u00e4hrend der Einf\u00fchrung auf. Unsere Schulungen bauen auf Ihre Story Reports auf. Wir trainieren Sie an ihren eigenen Reports und erarbeiten diese gemeinsam, bis Sie eigenst\u00e4ndig Reports erstellen k\u00f6nnen.<\/p><div class=\"bg-color video-align-right\"><div class=\"container\"><div class=\"row video-align-left\"><div class=\"col-md-12\"><div class=\"video-align-left row box box--4 box--mini\"><div class=\"col-md-3\"><\/div><div class=\"col-md-8 box-img-wrapper\"><div class=\"video-box\"><\/div><\/div><\/div><\/div><\/div><\/div><\/div><div class=\"content-more\"><\/div><\/div><\/div><\/div><\/div>\n\n\n\n<div class=\"wp-block-cg-blocks-card-howwedoit expanders\"><div class=\"box card-regulated-agreements card-howwedoit\"><div class=\"expander-box filter-box tag-active \"><div class=\"expander-title\" tabindex=\"0\" role=\"button\" aria-pressed=\"false\" aria-expanded=\"false\"><h3 class=\"expander-heading-title\">Von HR Core bis Recruiting, bereichs\u00fcbergeifende HR Reports<\/h3><\/div><div class=\"expander-content\"><p>Unsere einsatzbereiten Story Reports decken alle Funktionen von den bisherigen Report Typen ab. Somit k\u00f6nnen zwischen Ihren HR Teams, von den administrativen bis rekrutierenden Daten, modul\u00fcbergreifend und auch abteilungs\u00fcbergreifend, aktuelle Daten erhoben und analysiert werden. So werden die Prozesse um die jeweiligen Bereiche optimiert, wie zum Beispiel bei den Einstellungs- und Onboarding-Prozessen.<\/p><div class=\"bg-color video-align-right\"><div class=\"container\"><div class=\"row video-align-left\"><div class=\"col-md-12\"><div class=\"video-align-left row box box--4 box--mini\"><div class=\"col-md-3\"><\/div><div class=\"col-md-8 box-img-wrapper\"><div class=\"video-box\"><\/div><\/div><\/div><\/div><\/div><\/div><\/div><div class=\"content-more\"><\/div><\/div><\/div><\/div><\/div>\n\n\n\n<div class=\"wp-block-cg-blocks-card-howwedoit expanders\"><div class=\"box card-regulated-agreements card-howwedoit\"><div class=\"expander-box filter-box tag-active \"><div class=\"expander-title\" tabindex=\"0\" role=\"button\" aria-pressed=\"false\" aria-expanded=\"false\"><h3 class=\"expander-heading-title\">Umfassender \u00dcberblick<\/h3><\/div><div class=\"expander-content\"><p>In nur einem Tool erhalten Sie gro\u00dfe Diagramme und Kennzahlen. F\u00fcr einen umfassenden \u00dcberblick \u00fcber den gesamten Bereich bauen wir alle gew\u00fcnschten Story Reports an einer Stelle. Unsere Story Reports sorgen somit f\u00fcr eine definierte \u00dcbersicht und gute Nutzung aller Daten, f\u00fcr Entscheidungstr\u00e4ger.<\/p><div class=\"bg-color video-align-right\"><div class=\"container\"><div class=\"row video-align-left\"><div class=\"col-md-12\"><div class=\"video-align-left row box box--4 box--mini\"><div class=\"col-md-3\"><\/div><div class=\"col-md-8 box-img-wrapper\"><div class=\"video-box\"><\/div><\/div><\/div><\/div><\/div><\/div><\/div><div class=\"content-more\"><\/div><\/div><\/div><\/div><\/div>\n<\/div><\/div><\/section>\n\n\n\n<p>Treffen Sie Ihre wichtigen HR-Entscheidungen nicht mit Ihrem Bauchgef\u00fchl und \u00fcberlassen Sie Ihre Personalprozesse nicht dem Zufall, sondern nutzen Sie das Tool von SAP SuccessFactors People Analytics daf\u00fcr und lassen Sie sich f\u00fcr eine optimale Implementierungsstrategie beraten.<\/p>\n<\/div><\/div><\/div><\/div><\/div><\/section>\n","protected":false},"excerpt":{"rendered":"","protected":false},"author":41,"featured_media":0,"parent":853235,"menu_order":0,"comment_status":"closed","ping_status":"closed","template":"","meta":{"cg_dt_proposed_to":[],"cg_seo_hreflang_relations":"[]","cg_seo_canonical_relation":"","cg_seo_hreflang_x_default_relation":"{\"uuid\":\"76be845d-eb66-44bb-b20c-918285d5851e\",\"blogId\":\"\",\"domain\":\"\",\"sitePath\":\"\",\"postLink\":\"\",\"postId\":null,\"isSaved\":true,\"isCrossLink\":false,\"hasCrossLink\":false}","cg_dt_approved_content":true,"cg_dt_mandatory_content":false,"cg_dt_notes":"","cg_dg_source_changed":false,"cg_dt_link_disabled":false,"_yoast_wpseo_primary_brand":"","footnotes":"","featured_focal_points":"","partner_card_description":"","gsap_animation":0},"brand":[],"partner_type":[],"service":[],"industry":[],"partners":[],"page-type":[],"content-group":[],"class_list":["post-853220","page","type-page","status-publish","hentry"],"yoast_head":"<!-- This site is optimized with the Yoast SEO Premium plugin v22.8 (Yoast SEO v22.8) - https:\/\/yoast.com\/wordpress\/plugins\/seo\/ -->\n<title>People Analytics - Capgemini<\/title>\n<meta name=\"robots\" content=\"index, follow, max-snippet:-1, max-image-preview:large, max-video-preview:-1\" \/>\n<link rel=\"canonical\" href=\"https:\/\/www.capgemini.com\/de-de\/solutions\/bringen-sie-ihre-hr-prozesse-auf-ein-neues-digitales-level\/people-analytics\/\" \/>\n<meta property=\"og:locale\" content=\"de_DE\" \/>\n<meta property=\"og:type\" content=\"article\" \/>\n<meta property=\"og:title\" content=\"People Analytics - Capgemini\" \/>\n<meta property=\"og:url\" content=\"https:\/\/www.capgemini.com\/de-de\/solutions\/bringen-sie-ihre-hr-prozesse-auf-ein-neues-digitales-level\/people-analytics\/\" \/>\n<meta property=\"og:site_name\" content=\"Capgemini\" \/>\n<meta property=\"article:modified_time\" content=\"2026-01-22T07:48:43+00:00\" \/>\n<meta property=\"og:image\" content=\"https:\/\/www.capgemini.com\/de-de\/wp-content\/uploads\/sites\/8\/2022\/04\/in-memory-analytics-software-engineering-1-1.jpg\" \/>\n<meta name=\"twitter:card\" content=\"summary_large_image\" \/>\n<meta name=\"twitter:label1\" content=\"Est. reading time\" \/>\n\t<meta name=\"twitter:data1\" content=\"3 minutes\" \/>\n<script type=\"application\/ld+json\" class=\"yoast-schema-graph\">{\"@context\":\"https:\/\/schema.org\",\"@graph\":[{\"@type\":\"WebPage\",\"@id\":\"https:\/\/www.capgemini.com\/de-de\/solutions\/bringen-sie-ihre-hr-prozesse-auf-ein-neues-digitales-level\/people-analytics\/\",\"url\":\"https:\/\/www.capgemini.com\/de-de\/solutions\/bringen-sie-ihre-hr-prozesse-auf-ein-neues-digitales-level\/people-analytics\/\",\"name\":\"People Analytics - Capgemini\",\"isPartOf\":{\"@id\":\"https:\/\/www.capgemini.com\/de-de\/#website\"},\"primaryImageOfPage\":{\"@id\":\"https:\/\/www.capgemini.com\/de-de\/solutions\/bringen-sie-ihre-hr-prozesse-auf-ein-neues-digitales-level\/people-analytics\/#primaryimage\"},\"image\":{\"@id\":\"https:\/\/www.capgemini.com\/de-de\/solutions\/bringen-sie-ihre-hr-prozesse-auf-ein-neues-digitales-level\/people-analytics\/#primaryimage\"},\"thumbnailUrl\":\"https:\/\/www.capgemini.com\/de-de\/wp-content\/uploads\/sites\/8\/2022\/04\/in-memory-analytics-software-engineering-1-1.jpg\",\"datePublished\":\"2024-02-29T07:14:45+00:00\",\"dateModified\":\"2026-01-22T07:48:43+00:00\",\"breadcrumb\":{\"@id\":\"https:\/\/www.capgemini.com\/de-de\/solutions\/bringen-sie-ihre-hr-prozesse-auf-ein-neues-digitales-level\/people-analytics\/#breadcrumb\"},\"inLanguage\":\"de-DE\",\"potentialAction\":[{\"@type\":\"ReadAction\",\"target\":[\"https:\/\/www.capgemini.com\/de-de\/solutions\/bringen-sie-ihre-hr-prozesse-auf-ein-neues-digitales-level\/people-analytics\/\"]}]},{\"@type\":\"ImageObject\",\"inLanguage\":\"de-DE\",\"@id\":\"https:\/\/www.capgemini.com\/de-de\/solutions\/bringen-sie-ihre-hr-prozesse-auf-ein-neues-digitales-level\/people-analytics\/#primaryimage\",\"url\":\"https:\/\/www.capgemini.com\/de-de\/wp-content\/uploads\/sites\/8\/2022\/04\/in-memory-analytics-software-engineering-1-1.jpg\",\"contentUrl\":\"https:\/\/www.capgemini.com\/de-de\/wp-content\/uploads\/sites\/8\/2022\/04\/in-memory-analytics-software-engineering-1-1.jpg\",\"width\":1200,\"height\":800},{\"@type\":\"BreadcrumbList\",\"@id\":\"https:\/\/www.capgemini.com\/de-de\/solutions\/bringen-sie-ihre-hr-prozesse-auf-ein-neues-digitales-level\/people-analytics\/#breadcrumb\",\"itemListElement\":[{\"@type\":\"ListItem\",\"position\":1,\"name\":\"Solutions\",\"item\":\"https:\/\/www.capgemini.com\/de-de\/solutions\/\"},{\"@type\":\"ListItem\",\"position\":2,\"name\":\"Bringen Sie Ihre HR-Prozesse auf ein neues digitales Level\",\"item\":\"https:\/\/www.capgemini.com\/de-de\/solutions\/bringen-sie-ihre-hr-prozesse-auf-ein-neues-digitales-level\/\"},{\"@type\":\"ListItem\",\"position\":3,\"name\":\"People Analytics\"}]},{\"@type\":\"WebSite\",\"@id\":\"https:\/\/www.capgemini.com\/de-de\/#website\",\"url\":\"https:\/\/www.capgemini.com\/de-de\/\",\"name\":\"Capgemini Deutschland\",\"description\":\"Make it real\",\"potentialAction\":[{\"@type\":\"SearchAction\",\"target\":{\"@type\":\"EntryPoint\",\"urlTemplate\":\"https:\/\/www.capgemini.com\/de-de\/?s={search_term_string}\"},\"query-input\":\"required name=search_term_string\"}],\"inLanguage\":\"de-DE\"}]}<\/script>\n<!-- \/ Yoast SEO Premium plugin. -->","yoast_head_json":{"title":"People Analytics - Capgemini","robots":{"index":"index","follow":"follow","max-snippet":"max-snippet:-1","max-image-preview":"max-image-preview:large","max-video-preview":"max-video-preview:-1"},"canonical":"https:\/\/www.capgemini.com\/de-de\/solutions\/bringen-sie-ihre-hr-prozesse-auf-ein-neues-digitales-level\/people-analytics\/","og_locale":"de_DE","og_type":"article","og_title":"People Analytics - Capgemini","og_url":"https:\/\/www.capgemini.com\/de-de\/solutions\/bringen-sie-ihre-hr-prozesse-auf-ein-neues-digitales-level\/people-analytics\/","og_site_name":"Capgemini","article_modified_time":"2026-01-22T07:48:43+00:00","og_image":[{"url":"https:\/\/www.capgemini.com\/de-de\/wp-content\/uploads\/sites\/8\/2022\/04\/in-memory-analytics-software-engineering-1-1.jpg"}],"twitter_card":"summary_large_image","twitter_misc":{"Est. reading time":"3 minutes"},"schema":{"@context":"https:\/\/schema.org","@graph":[{"@type":"WebPage","@id":"https:\/\/www.capgemini.com\/de-de\/solutions\/bringen-sie-ihre-hr-prozesse-auf-ein-neues-digitales-level\/people-analytics\/","url":"https:\/\/www.capgemini.com\/de-de\/solutions\/bringen-sie-ihre-hr-prozesse-auf-ein-neues-digitales-level\/people-analytics\/","name":"People Analytics - Capgemini","isPartOf":{"@id":"https:\/\/www.capgemini.com\/de-de\/#website"},"primaryImageOfPage":{"@id":"https:\/\/www.capgemini.com\/de-de\/solutions\/bringen-sie-ihre-hr-prozesse-auf-ein-neues-digitales-level\/people-analytics\/#primaryimage"},"image":{"@id":"https:\/\/www.capgemini.com\/de-de\/solutions\/bringen-sie-ihre-hr-prozesse-auf-ein-neues-digitales-level\/people-analytics\/#primaryimage"},"thumbnailUrl":"https:\/\/www.capgemini.com\/de-de\/wp-content\/uploads\/sites\/8\/2022\/04\/in-memory-analytics-software-engineering-1-1.jpg","datePublished":"2024-02-29T07:14:45+00:00","dateModified":"2026-01-22T07:48:43+00:00","breadcrumb":{"@id":"https:\/\/www.capgemini.com\/de-de\/solutions\/bringen-sie-ihre-hr-prozesse-auf-ein-neues-digitales-level\/people-analytics\/#breadcrumb"},"inLanguage":"de-DE","potentialAction":[{"@type":"ReadAction","target":["https:\/\/www.capgemini.com\/de-de\/solutions\/bringen-sie-ihre-hr-prozesse-auf-ein-neues-digitales-level\/people-analytics\/"]}]},{"@type":"ImageObject","inLanguage":"de-DE","@id":"https:\/\/www.capgemini.com\/de-de\/solutions\/bringen-sie-ihre-hr-prozesse-auf-ein-neues-digitales-level\/people-analytics\/#primaryimage","url":"https:\/\/www.capgemini.com\/de-de\/wp-content\/uploads\/sites\/8\/2022\/04\/in-memory-analytics-software-engineering-1-1.jpg","contentUrl":"https:\/\/www.capgemini.com\/de-de\/wp-content\/uploads\/sites\/8\/2022\/04\/in-memory-analytics-software-engineering-1-1.jpg","width":1200,"height":800},{"@type":"BreadcrumbList","@id":"https:\/\/www.capgemini.com\/de-de\/solutions\/bringen-sie-ihre-hr-prozesse-auf-ein-neues-digitales-level\/people-analytics\/#breadcrumb","itemListElement":[{"@type":"ListItem","position":1,"name":"Solutions","item":"https:\/\/www.capgemini.com\/de-de\/solutions\/"},{"@type":"ListItem","position":2,"name":"Bringen Sie Ihre HR-Prozesse auf ein neues digitales Level","item":"https:\/\/www.capgemini.com\/de-de\/solutions\/bringen-sie-ihre-hr-prozesse-auf-ein-neues-digitales-level\/"},{"@type":"ListItem","position":3,"name":"People Analytics"}]},{"@type":"WebSite","@id":"https:\/\/www.capgemini.com\/de-de\/#website","url":"https:\/\/www.capgemini.com\/de-de\/","name":"Capgemini Deutschland","description":"Make it real","potentialAction":[{"@type":"SearchAction","target":{"@type":"EntryPoint","urlTemplate":"https:\/\/www.capgemini.com\/de-de\/?s={search_term_string}"},"query-input":"required name=search_term_string"}],"inLanguage":"de-DE"}]}},"brand_term":[],"parsely":{"version":"1.1.0","canonical_url":"https:\/\/capgemini.com\/de-de\/solutions\/bringen-sie-ihre-hr-prozesse-auf-ein-neues-digitales-level\/people-analytics\/","smart_links":{"inbound":0,"outbound":0},"traffic_boost_suggestions_count":0,"meta":{"@context":"https:\/\/schema.org","@type":"WebPage","headline":"People Analytics","url":"http:\/\/www.capgemini.com\/de-de\/solutions\/bringen-sie-ihre-hr-prozesse-auf-ein-neues-digitales-level\/people-analytics\/","mainEntityOfPage":{"@type":"WebPage","@id":"http:\/\/www.capgemini.com\/de-de\/solutions\/bringen-sie-ihre-hr-prozesse-auf-ein-neues-digitales-level\/people-analytics\/"},"thumbnailUrl":"","image":{"@type":"ImageObject","url":""},"articleSection":"Uncategorized","author":[],"creator":[],"publisher":{"@type":"Organization","name":"Capgemini","logo":""},"keywords":[],"dateCreated":"2024-02-29T07:14:45Z","datePublished":"2024-02-29T07:14:45Z","dateModified":"2026-01-22T07:48:43Z"},"rendered":"<script type=\"application\/ld+json\" class=\"wp-parsely-metadata\">{\"@context\":\"https:\\\/\\\/schema.org\",\"@type\":\"WebPage\",\"headline\":\"People Analytics\",\"url\":\"http:\\\/\\\/www.capgemini.com\\\/de-de\\\/solutions\\\/bringen-sie-ihre-hr-prozesse-auf-ein-neues-digitales-level\\\/people-analytics\\\/\",\"mainEntityOfPage\":{\"@type\":\"WebPage\",\"@id\":\"http:\\\/\\\/www.capgemini.com\\\/de-de\\\/solutions\\\/bringen-sie-ihre-hr-prozesse-auf-ein-neues-digitales-level\\\/people-analytics\\\/\"},\"thumbnailUrl\":\"\",\"image\":{\"@type\":\"ImageObject\",\"url\":\"\"},\"articleSection\":\"Uncategorized\",\"author\":[],\"creator\":[],\"publisher\":{\"@type\":\"Organization\",\"name\":\"Capgemini\",\"logo\":\"\"},\"keywords\":[],\"dateCreated\":\"2024-02-29T07:14:45Z\",\"datePublished\":\"2024-02-29T07:14:45Z\",\"dateModified\":\"2026-01-22T07:48:43Z\"}<\/script>","tracker_url":"https:\/\/cdn.parsely.com\/keys\/capgemini.com\/p.js"},"archive_status":false,"featured_image_src":"https:\/\/www.capgemini.com\/de-de\/wp-content\/themes\/capgemini2025\/assets\/images\/mockup.png","featured_image_alt":false,"jetpack_sharing_enabled":true,"distributor_meta":false,"distributor_terms":false,"distributor_media":false,"distributor_original_site_name":"Capgemini","distributor_original_site_url":"https:\/\/www.capgemini.com\/de-de","push-errors":false,"_links":{"self":[{"href":"https:\/\/www.capgemini.com\/de-de\/wp-json\/wp\/v2\/pages\/853220","targetHints":{"allow":["GET"]}}],"collection":[{"href":"https:\/\/www.capgemini.com\/de-de\/wp-json\/wp\/v2\/pages"}],"about":[{"href":"https:\/\/www.capgemini.com\/de-de\/wp-json\/wp\/v2\/types\/page"}],"author":[{"embeddable":true,"href":"https:\/\/www.capgemini.com\/de-de\/wp-json\/wp\/v2\/users\/41"}],"replies":[{"embeddable":true,"href":"https:\/\/www.capgemini.com\/de-de\/wp-json\/wp\/v2\/comments?post=853220"}],"version-history":[{"count":6,"href":"https:\/\/www.capgemini.com\/de-de\/wp-json\/wp\/v2\/pages\/853220\/revisions"}],"predecessor-version":[{"id":889566,"href":"https:\/\/www.capgemini.com\/de-de\/wp-json\/wp\/v2\/pages\/853220\/revisions\/889566"}],"up":[{"embeddable":true,"href":"https:\/\/www.capgemini.com\/de-de\/wp-json\/wp\/v2\/pages\/853235"}],"wp:attachment":[{"href":"https:\/\/www.capgemini.com\/de-de\/wp-json\/wp\/v2\/media?parent=853220"}],"wp:term":[{"taxonomy":"brand","embeddable":true,"href":"https:\/\/www.capgemini.com\/de-de\/wp-json\/wp\/v2\/brand?post=853220"},{"taxonomy":"partner_type","embeddable":true,"href":"https:\/\/www.capgemini.com\/de-de\/wp-json\/wp\/v2\/partner_type?post=853220"},{"taxonomy":"service","embeddable":true,"href":"https:\/\/www.capgemini.com\/de-de\/wp-json\/wp\/v2\/service?post=853220"},{"taxonomy":"industry","embeddable":true,"href":"https:\/\/www.capgemini.com\/de-de\/wp-json\/wp\/v2\/industry?post=853220"},{"taxonomy":"partners","embeddable":true,"href":"https:\/\/www.capgemini.com\/de-de\/wp-json\/wp\/v2\/partners?post=853220"},{"taxonomy":"page-type","embeddable":true,"href":"https:\/\/www.capgemini.com\/de-de\/wp-json\/wp\/v2\/page-type?post=853220"},{"taxonomy":"content-group","embeddable":true,"href":"https:\/\/www.capgemini.com\/de-de\/wp-json\/wp\/v2\/content-group?post=853220"}],"curies":[{"name":"wp","href":"https:\/\/api.w.org\/{rel}","templated":true}]}}